{"id":9826,"date":"2024-06-20T11:39:47","date_gmt":"2024-06-20T03:39:47","guid":{"rendered":"https:\/\/theo.niranbio.com\/proteina-de-soja-texturizada\/"},"modified":"2024-08-16T12:19:14","modified_gmt":"2024-08-16T04:19:14","slug":"proteina-de-soja-texturizada","status":"publish","type":"product","link":"https:\/\/theo.niranbio.com\/es\/proteina-de-soja-texturizada.html","title":{"rendered":"Prote\u00edna de soja texturizada"},"content":{"rendered":"<h2><span class=\"ez-toc-section\" id=\"%C2%BFQue_es_la_proteina_de_soja_texturizada\"><\/span><strong><b>\u00bfQu\u00e9 es la prote\u00edna de soja texturizada? <\/b><\/strong><span class=\"ez-toc-section-end\"><\/span><\/h2>\n<p>La prote\u00edna de soja texturizada es un producto rico en prote\u00edna de soja con una estructura similar a la carne magra elaborada a partir de productos de prote\u00edna de soja en polvo mediante acondicionamiento, organizaci\u00f3n y otros procesos. Se puede encontrar en forma granular, en hojuelas, en bloque y en relleno, entre otros tama\u00f1os y formas. Para reducir los costos de producci\u00f3n y mejorar la estructura nutricional de los productos finales, se utiliza ampliamente en productos c\u00e1rnicos y de imitaci\u00f3n de carne. La prote\u00edna de soja texturizada tiene los siguientes dos procesos de preparaci\u00f3n:<\/p>\n<p>1. La materia prima de soja se prensa o se procesa con disolvente para eliminar el aceite de soja y obtener polvo de soja desgrasado, que luego se hidroliza con \u00e1cido o \u00e1lcali para descomponer la prote\u00edna en cadenas de p\u00e9ptidos m\u00e1s peque\u00f1as y luego se procesa en productos texturizados a trav\u00e9s de una extrusora. Despu\u00e9s de la extrusi\u00f3n, el secado puede obtener el producto terminado. El bajo costo, la alta eficiencia de producci\u00f3n, el proceso sencillo y la calidad constante del producto han hecho de este m\u00e9todo el m\u00e9todo de preparaci\u00f3n est\u00e1ndar en China.<\/p>\n<p>2. La leche de soja h\u00fameda se calienta y se presuriza en una extrusora para formar un producto fibroso con textura, que luego se seca.<\/p>\n<h2><span class=\"ez-toc-section\" id=\"Parametros_relacionados\"><\/span><b> <\/b><strong><b>Par\u00e1metros relacionados:<\/b><\/strong><span class=\"ez-toc-section-end\"><\/span><\/h2>\n<table>\n<tbody>\n<tr>\n<td width=\"518\"><strong><b>Art\u00edculos<\/b><\/strong><\/td>\n<td width=\"475\"><strong><b>Especificaci\u00f3n<\/b><\/strong><\/td>\n<\/tr>\n<tr>\n<td width=\"518\">Prote\u00edna (base seca, N\u00d76,25, %)<\/td>\n<td width=\"475\">\u226550<\/td>\n<\/tr>\n<tr>\n<td width=\"518\">Humedad (% )<\/td>\n<td width=\"475\">\u226410<\/td>\n<\/tr>\n<tr>\n<td width=\"518\">Grasa (%)<\/td>\n<td width=\"475\">\u22641.0<\/td>\n<\/tr>\n<tr>\n<td width=\"518\">Cenizas (base seca, %)<\/td>\n<td width=\"475\">\u22646.0<\/td>\n<\/tr>\n<tr>\n<td width=\"518\">Fibra bruta (base seca, %)<\/td>\n<td width=\"475\">\u22646.0<\/td>\n<\/tr>\n<tr>\n<td width=\"518\">Proporci\u00f3n de rehidrataci\u00f3n<\/td>\n<td width=\"475\">\u22653,0 veces<\/td>\n<\/tr>\n<tr>\n<td width=\"518\">Recuento total en placa<\/td>\n<td width=\"475\">\u226420000 ufc\/g<\/td>\n<\/tr>\n<tr>\n<td width=\"518\">Coliformes<\/td>\n<td width=\"475\">\u226430MPN\/100g<\/td>\n<\/tr>\n<tr>\n<td width=\"518\">Levaduras y mohos<\/td>\n<td width=\"475\">\u226450 ufc\/g<\/td>\n<\/tr>\n<tr>\n<td width=\"518\">E. coli<\/td>\n<td width=\"475\">Negativo<\/td>\n<\/tr>\n<tr>\n<td width=\"518\">Salmonella<\/td>\n<td width=\"475\">Negativo<\/td>\n<\/tr>\n<tr>\n<td width=\"518\">Staphylococcus aureus<\/td>\n<td width=\"475\">Negativo<\/td>\n<\/tr>\n<\/tbody>\n<\/table>\n<h2><span class=\"ez-toc-section\" id=\"Dosis_recomendada\"><\/span><b> <\/b><strong><b>Dosis recomendada:<\/b><\/strong><span class=\"ez-toc-section-end\"><\/span><\/h2>\n<table>\n<tbody>\n<tr>\n<td width=\"606\"><strong><b>Nombre del alimento<\/b><\/strong><\/td>\n<td width=\"387\"><strong><b>Uso m\u00e1ximo(g\/kg)<\/b><\/strong><\/td>\n<\/tr>\n<tr>\n<td width=\"606\">Hamburguesas vegetarianas<\/td>\n<td width=\"387\">20-60 g\/kg<\/td>\n<\/tr>\n<tr>\n<td width=\"606\">Hamburguesas vegetarianas<\/td>\n<td width=\"387\">30-70 g\/kg<\/td>\n<\/tr>\n<tr>\n<td width=\"606\">Carne picada vegetariana<\/td>\n<td width=\"387\">30-70 g\/kg<\/td>\n<\/tr>\n<tr>\n<td width=\"606\">Guisos vegetarianos<\/td>\n<td width=\"387\">15-40 g\/kg<\/td>\n<\/tr>\n<tr>\n<td width=\"606\">Salchichas vegetarianas<\/td>\n<td width=\"387\">25-50 g\/kg<\/td>\n<\/tr>\n<tr>\n<td width=\"606\">Queso vegetariano<\/td>\n<td width=\"387\">15-35 g\/kg<\/td>\n<\/tr>\n<tr>\n<td width=\"606\">Ramen vegetariano<\/td>\n<td width=\"387\">20-50 g\/kg<\/td>\n<\/tr>\n<tr>\n<td width=\"606\">Alb\u00f3ndigas vegetarianas<\/td>\n<td width=\"387\">30-60 g\/kg<\/td>\n<\/tr>\n<tr>\n<td width=\"606\">Huevos revueltos vegetarianos<\/td>\n<td width=\"387\">15-30 g\/kg<\/td>\n<\/tr>\n<tr>\n<td width=\"606\">Alb\u00f3ndigas vegetarianas<\/td>\n<td width=\"387\">20-40 g\/kg<\/td>\n<\/tr>\n<tr>\n<td width=\"606\">Batidos vegetarianos<\/td>\n<td width=\"387\">10-25 g\/kg<\/td>\n<\/tr>\n<\/tbody>\n<\/table>\n<h2><span class=\"ez-toc-section\" id=\"La_proteina_de_soja_texturizada_tiene_una_amplia_gama_de_usos\"><\/span><strong><b>La prote\u00edna de soja texturizada tiene una amplia gama de usos <\/b><\/strong><span class=\"ez-toc-section-end\"><\/span><\/h2>\n<p>1. La prote\u00edna de soja texturizada puede imitar la textura y la apariencia de la carne y se utiliza ampliamente para elaborar productos vegetarianos como hamburguesas, alb\u00f3ndigas y salchichas a base de plantas.<\/p>\n<p>2. El TSP es rico en prote\u00ednas y se puede utilizar para aumentar el contenido de prote\u00ednas de diversos alimentos, como alimentos procesados, bocadillos y suplementos nutricionales. Puede mejorar el valor nutricional de los alimentos y satisfacer las necesidades de aquellos que son activos y se preocupan por su salud.<\/p>\n<p>3. TSP puede mejorar la textura de los alimentos, realzar el sabor y la textura general de los alimentos y hacer que el producto sea m\u00e1s atractivo y satisfactorio. Al reemplazar parte de la carne con TSP, se puede reducir el contenido de grasa del alimento manteniendo una buena textura y sabor.<\/p>\n<h2><span class=\"ez-toc-section\" id=\"Pregunta_del_usuario\"><\/span><strong><b>Pregunta del usuario: <\/b><\/strong><span class=\"ez-toc-section-end\"><\/span><\/h2>\n<p>Pregunta: \u00bfCu\u00e1l es la diferencia entre la prote\u00edna de soja texturizada y la prote\u00edna de soja concentrada?<\/p>\n<p>Respuesta: La principal diferencia entre la prote\u00edna de soja texturizada (TSP) y la prote\u00edna de soja concentrada (SPC) radica en su proceso de fabricaci\u00f3n y textura. La TSP tiene una textura carnosa y una estructura fibrosa despu\u00e9s de un procesamiento f\u00edsico especial y se utiliza principalmente en sustitutos de carne de origen vegetal. El SPC se obtiene eliminando algo de grasa y carbohidratos de la soja para obtener un polvo de prote\u00edna fino, que se usa ampliamente para aumentar el contenido de prote\u00edna en los alimentos.<\/p>\n","protected":false},"excerpt":{"rendered":"<ul>\n<li>CAS: 9010-10-0<\/li>\n<li>F\u00f3rmula qu\u00edmica: C<sub>13<\/sub>H<sub>10<\/sub>N<sub>2<\/sub><\/li>\n<li>Certificaci\u00f3n: KOSHER, ISO, HALAL, FSSC22000, BRC, etc.<\/li>\n<li>Cantidad m\u00ednima de pedido: 1000KG<\/li>\n<li>Caducidad: 2 a\u00f1os<\/li>\n<\/ul>\n","protected":false},"featured_media":5721,"template":"","meta":{"site-sidebar-layout":"default","site-content-layout":"","ast-site-content-layout":"default","site-content-style":"default","site-sidebar-style":"default","ast-global-header-display":"","ast-banner-title-visibility":"","ast-main-header-display":"","ast-hfb-above-header-display":"","ast-hfb-below-header-display":"","ast-hfb-mobile-header-display":"","site-post-title":"","ast-breadcrumbs-content":"","ast-featured-img":"","footer-sml-layout":"","theme-transparent-header-meta":"default","adv-header-id-meta":"","stick-header-meta":"","header-above-stick-meta":"","header-main-stick-meta":"","header-below-stick-meta":"","astra-migrate-meta-layouts":"set","ast-page-background-enabled":"default","ast-page-background-meta":{"desktop":{"background-color":"var(--ast-global-color-4)","background-image":"","background-repeat":"repeat","background-position":"center center","background-size":"auto","background-attachment":"scroll","background-type":"","background-media":"","overlay-type":"","overlay-color":"","overlay-opacity":"","overlay-gradient":""},"tablet":{"background-color":"","background-image":"","background-repeat":"repeat","background-position":"center center","background-size":"auto","background-attachment":"scroll","background-type":"","background-media":"","overlay-type":"","overlay-color":"","overlay-opacity":"","overlay-gradient":""},"mobile":{"background-color":"","background-image":"","background-repeat":"repeat","background-position":"center center","background-size":"auto","background-attachment":"scroll","background-type":"","background-media":"","overlay-type":"","overlay-color":"","overlay-opacity":"","overlay-gradient":""}},"ast-content-background-meta":{"desktop":{"background-color":"var(--ast-global-color-5)","background-image":"","background-repeat":"repeat","background-position":"center center","background-size":"auto","background-attachment":"scroll","background-type":"","background-media":"","overlay-type":"","overlay-color":"","overlay-opacity":"","overlay-gradient":""},"tablet":{"background-color":"var(--ast-global-color-5)","background-image":"","background-repeat":"repeat","background-position":"center center","background-size":"auto","background-attachment":"scroll","background-type":"","background-media":"","overlay-type":"","overlay-color":"","overlay-opacity":"","overlay-gradient":""},"mobile":{"background-color":"var(--ast-global-color-5)","background-image":"","background-repeat":"repeat","background-position":"center center","background-size":"auto","background-attachment":"scroll","background-type":"","background-media":"","overlay-type":"","overlay-color":"","overlay-opacity":"","overlay-gradient":""}}},"product_brand":[],"product_cat":[96],"product_tag":[],"class_list":{"0":"post-9826","1":"product","2":"type-product","3":"status-publish","4":"has-post-thumbnail","6":"product_cat-producto-proteico","7":"desktop-align-center","8":"tablet-align-left","9":"mobile-align-left","11":"first","12":"instock","13":"shipping-taxable","14":"product-type-simple"},"yoast_head":"<!-- This site is optimized with the Yoast SEO plugin v26.5 - https:\/\/yoast.com\/wordpress\/plugins\/seo\/ -->\n<title>Prote\u00edna de Soja Texturizada a Granel, Compre Ingredientes de Soja Texturizada Proteinas | Niranbio Chemical<\/title>\n<meta name=\"description\" content=\"Nuestra prote\u00edna de soja texturizada est\u00e1 disponible en forma granulada, en hojuelas, en bloques y en relleno, entre otros tama\u00f1os y formas, y se utiliza ampliamente en productos c\u00e1rnicos y de imitaci\u00f3n de carne.\" \/>\n<meta name=\"robots\" content=\"noindex, follow, max-snippet:-1, max-image-preview:large, max-video-preview:-1\" \/>\n<meta name=\"twitter:label1\" content=\"Tiempo de lectura\" \/>\n\t<meta name=\"twitter:data1\" content=\"3 minutos\" \/>\n<script type=\"application\/ld+json\" class=\"yoast-schema-graph\">{\"@context\":\"https:\/\/schema.org\",\"@graph\":[{\"@type\":\"WebPage\",\"@id\":\"https:\/\/theo.niranbio.com\/es\/proteina-de-soja-texturizada.html\",\"url\":\"https:\/\/theo.niranbio.com\/es\/proteina-de-soja-texturizada.html\",\"name\":\"Prote\u00edna de Soja Texturizada a Granel, Compre Ingredientes de Soja Texturizada Proteinas | Niranbio Chemical\",\"isPartOf\":{\"@id\":\"https:\/\/theo.niranbio.com\/es\/#website\"},\"primaryImageOfPage\":{\"@id\":\"https:\/\/theo.niranbio.com\/es\/proteina-de-soja-texturizada.html#primaryimage\"},\"image\":{\"@id\":\"https:\/\/theo.niranbio.com\/es\/proteina-de-soja-texturizada.html#primaryimage\"},\"thumbnailUrl\":\"https:\/\/theo.niranbio.com\/wp-content\/uploads\/2024\/06\/Textured-Soy-Protein.webp\",\"datePublished\":\"2024-06-20T03:39:47+00:00\",\"dateModified\":\"2024-08-16T04:19:14+00:00\",\"description\":\"Nuestra prote\u00edna de soja texturizada est\u00e1 disponible en forma granulada, en hojuelas, en bloques y en relleno, entre otros tama\u00f1os y formas, y se utiliza ampliamente en productos c\u00e1rnicos y de imitaci\u00f3n de carne.\",\"breadcrumb\":{\"@id\":\"https:\/\/theo.niranbio.com\/es\/proteina-de-soja-texturizada.html#breadcrumb\"},\"inLanguage\":\"es\",\"potentialAction\":[{\"@type\":\"ReadAction\",\"target\":[\"https:\/\/theo.niranbio.com\/es\/proteina-de-soja-texturizada.html\"]}]},{\"@type\":\"ImageObject\",\"inLanguage\":\"es\",\"@id\":\"https:\/\/theo.niranbio.com\/es\/proteina-de-soja-texturizada.html#primaryimage\",\"url\":\"https:\/\/theo.niranbio.com\/wp-content\/uploads\/2024\/06\/Textured-Soy-Protein.webp\",\"contentUrl\":\"https:\/\/theo.niranbio.com\/wp-content\/uploads\/2024\/06\/Textured-Soy-Protein.webp\",\"width\":600,\"height\":600,\"caption\":\"Prote\u00edna de soja texturizada\"},{\"@type\":\"BreadcrumbList\",\"@id\":\"https:\/\/theo.niranbio.com\/es\/proteina-de-soja-texturizada.html#breadcrumb\",\"itemListElement\":[{\"@type\":\"ListItem\",\"position\":1,\"name\":\"Home\",\"item\":\"https:\/\/theo.niranbio.com\/es\/\"},{\"@type\":\"ListItem\",\"position\":2,\"name\":\"Productos\",\"item\":\"https:\/\/theo.niranbio.com\/es\/productos.html\"},{\"@type\":\"ListItem\",\"position\":3,\"name\":\"Proteico\",\"item\":\"https:\/\/theo.niranbio.com\/es\/producto-proteico\/\"},{\"@type\":\"ListItem\",\"position\":4,\"name\":\"Prote\u00edna de soja texturizada\"}]},{\"@type\":\"WebSite\",\"@id\":\"https:\/\/theo.niranbio.com\/es\/#website\",\"url\":\"https:\/\/theo.niranbio.com\/es\/\",\"name\":\"Niranbio Chemical\",\"description\":\"\",\"publisher\":{\"@id\":\"https:\/\/theo.niranbio.com\/es\/#organization\"},\"potentialAction\":[{\"@type\":\"SearchAction\",\"target\":{\"@type\":\"EntryPoint\",\"urlTemplate\":\"https:\/\/theo.niranbio.com\/es\/?s={search_term_string}\"},\"query-input\":{\"@type\":\"PropertyValueSpecification\",\"valueRequired\":true,\"valueName\":\"search_term_string\"}}],\"inLanguage\":\"es\"},{\"@type\":\"Organization\",\"@id\":\"https:\/\/theo.niranbio.com\/es\/#organization\",\"name\":\"Niranbio Chemical\",\"url\":\"https:\/\/theo.niranbio.com\/es\/\",\"logo\":{\"@type\":\"ImageObject\",\"inLanguage\":\"es\",\"@id\":\"https:\/\/theo.niranbio.com\/es\/#\/schema\/logo\/image\/\",\"url\":\"https:\/\/theo.niranbio.com\/wp-content\/uploads\/2024\/06\/Niranbio.png\",\"contentUrl\":\"https:\/\/theo.niranbio.com\/wp-content\/uploads\/2024\/06\/Niranbio.png\",\"width\":270,\"height\":100,\"caption\":\"Niranbio Chemical\"},\"image\":{\"@id\":\"https:\/\/theo.niranbio.com\/es\/#\/schema\/logo\/image\/\"}}]}<\/script>\n<!-- \/ Yoast SEO plugin. -->","yoast_head_json":{"title":"Prote\u00edna de Soja Texturizada a Granel, Compre Ingredientes de Soja Texturizada Proteinas | Niranbio Chemical","description":"Nuestra prote\u00edna de soja texturizada est\u00e1 disponible en forma granulada, en hojuelas, en bloques y en relleno, entre otros tama\u00f1os y formas, y se utiliza ampliamente en productos c\u00e1rnicos y de imitaci\u00f3n de carne.","robots":{"index":"noindex","follow":"follow","max-snippet":"max-snippet:-1","max-image-preview":"max-image-preview:large","max-video-preview":"max-video-preview:-1"},"twitter_misc":{"Tiempo de lectura":"3 minutos"},"schema":{"@context":"https:\/\/schema.org","@graph":[{"@type":"WebPage","@id":"https:\/\/theo.niranbio.com\/es\/proteina-de-soja-texturizada.html","url":"https:\/\/theo.niranbio.com\/es\/proteina-de-soja-texturizada.html","name":"Prote\u00edna de Soja Texturizada a Granel, Compre Ingredientes de Soja Texturizada Proteinas | Niranbio Chemical","isPartOf":{"@id":"https:\/\/theo.niranbio.com\/es\/#website"},"primaryImageOfPage":{"@id":"https:\/\/theo.niranbio.com\/es\/proteina-de-soja-texturizada.html#primaryimage"},"image":{"@id":"https:\/\/theo.niranbio.com\/es\/proteina-de-soja-texturizada.html#primaryimage"},"thumbnailUrl":"https:\/\/theo.niranbio.com\/wp-content\/uploads\/2024\/06\/Textured-Soy-Protein.webp","datePublished":"2024-06-20T03:39:47+00:00","dateModified":"2024-08-16T04:19:14+00:00","description":"Nuestra prote\u00edna de soja texturizada est\u00e1 disponible en forma granulada, en hojuelas, en bloques y en relleno, entre otros tama\u00f1os y formas, y se utiliza ampliamente en productos c\u00e1rnicos y de imitaci\u00f3n de carne.","breadcrumb":{"@id":"https:\/\/theo.niranbio.com\/es\/proteina-de-soja-texturizada.html#breadcrumb"},"inLanguage":"es","potentialAction":[{"@type":"ReadAction","target":["https:\/\/theo.niranbio.com\/es\/proteina-de-soja-texturizada.html"]}]},{"@type":"ImageObject","inLanguage":"es","@id":"https:\/\/theo.niranbio.com\/es\/proteina-de-soja-texturizada.html#primaryimage","url":"https:\/\/theo.niranbio.com\/wp-content\/uploads\/2024\/06\/Textured-Soy-Protein.webp","contentUrl":"https:\/\/theo.niranbio.com\/wp-content\/uploads\/2024\/06\/Textured-Soy-Protein.webp","width":600,"height":600,"caption":"Prote\u00edna de soja texturizada"},{"@type":"BreadcrumbList","@id":"https:\/\/theo.niranbio.com\/es\/proteina-de-soja-texturizada.html#breadcrumb","itemListElement":[{"@type":"ListItem","position":1,"name":"Home","item":"https:\/\/theo.niranbio.com\/es\/"},{"@type":"ListItem","position":2,"name":"Productos","item":"https:\/\/theo.niranbio.com\/es\/productos.html"},{"@type":"ListItem","position":3,"name":"Proteico","item":"https:\/\/theo.niranbio.com\/es\/producto-proteico\/"},{"@type":"ListItem","position":4,"name":"Prote\u00edna de soja texturizada"}]},{"@type":"WebSite","@id":"https:\/\/theo.niranbio.com\/es\/#website","url":"https:\/\/theo.niranbio.com\/es\/","name":"Niranbio Chemical","description":"","publisher":{"@id":"https:\/\/theo.niranbio.com\/es\/#organization"},"potentialAction":[{"@type":"SearchAction","target":{"@type":"EntryPoint","urlTemplate":"https:\/\/theo.niranbio.com\/es\/?s={search_term_string}"},"query-input":{"@type":"PropertyValueSpecification","valueRequired":true,"valueName":"search_term_string"}}],"inLanguage":"es"},{"@type":"Organization","@id":"https:\/\/theo.niranbio.com\/es\/#organization","name":"Niranbio Chemical","url":"https:\/\/theo.niranbio.com\/es\/","logo":{"@type":"ImageObject","inLanguage":"es","@id":"https:\/\/theo.niranbio.com\/es\/#\/schema\/logo\/image\/","url":"https:\/\/theo.niranbio.com\/wp-content\/uploads\/2024\/06\/Niranbio.png","contentUrl":"https:\/\/theo.niranbio.com\/wp-content\/uploads\/2024\/06\/Niranbio.png","width":270,"height":100,"caption":"Niranbio Chemical"},"image":{"@id":"https:\/\/theo.niranbio.com\/es\/#\/schema\/logo\/image\/"}}]}},"_links":{"self":[{"href":"https:\/\/theo.niranbio.com\/es\/wp-json\/wp\/v2\/product\/9826","targetHints":{"allow":["GET"]}}],"collection":[{"href":"https:\/\/theo.niranbio.com\/es\/wp-json\/wp\/v2\/product"}],"about":[{"href":"https:\/\/theo.niranbio.com\/es\/wp-json\/wp\/v2\/types\/product"}],"version-history":[{"count":0,"href":"https:\/\/theo.niranbio.com\/es\/wp-json\/wp\/v2\/product\/9826\/revisions"}],"wp:featuredmedia":[{"embeddable":true,"href":"https:\/\/theo.niranbio.com\/es\/wp-json\/wp\/v2\/media\/5721"}],"wp:attachment":[{"href":"https:\/\/theo.niranbio.com\/es\/wp-json\/wp\/v2\/media?parent=9826"}],"wp:term":[{"taxonomy":"product_brand","embeddable":true,"href":"https:\/\/theo.niranbio.com\/es\/wp-json\/wp\/v2\/product_brand?post=9826"},{"taxonomy":"product_cat","embeddable":true,"href":"https:\/\/theo.niranbio.com\/es\/wp-json\/wp\/v2\/product_cat?post=9826"},{"taxonomy":"product_tag","embeddable":true,"href":"https:\/\/theo.niranbio.com\/es\/wp-json\/wp\/v2\/product_tag?post=9826"}],"curies":[{"name":"wp","href":"https:\/\/api.w.org\/{rel}","templated":true}]}}