{"id":9820,"date":"2024-06-20T11:49:14","date_gmt":"2024-06-20T03:49:14","guid":{"rendered":"https:\/\/theo.niranbio.com\/polipropilenglicol-ppg\/"},"modified":"2024-08-15T15:11:19","modified_gmt":"2024-08-15T07:11:19","slug":"polipropilenglicol-ppg","status":"publish","type":"product","link":"https:\/\/theo.niranbio.com\/es\/polipropilenglicol-ppg.html","title":{"rendered":"Polipropilenglicol (PPG)"},"content":{"rendered":"<h2><span class=\"ez-toc-section\" id=\"%C2%BFQue_es_el_polipropilenglicol\"><\/span>\u00bfQu\u00e9 es el polipropilenglicol?<span class=\"ez-toc-section-end\"><\/span><\/h2>\n<p>El polipropilenglicol es un pol\u00edmero org\u00e1nico que aparece como un l\u00edquido blanco o transparente y no es vol\u00e1til. En la industria alimentaria, se utiliza con frecuencia como disolvente, emulsionante y estabilizador porque no es corrosivo. Puede mejorar eficazmente la textura y la estabilidad de los alimentos, evitar la separaci\u00f3n de los ingredientes y proporcionar un rendimiento uniforme de mezcla y manipulaci\u00f3n durante el procesamiento. Adem\u00e1s, el PPG tambi\u00e9n se utiliza como lubricante y humectante en medicamentos y cosm\u00e9ticos para mejorar el rendimiento y la estabilidad de los productos. Los procesos de preparaci\u00f3n de polipropilenglicol en China son principalmente los siguientes:<\/p>\n<ol>\n<li>M\u00e9todo de reacci\u00f3n de polimerizaci\u00f3n: este es el proceso m\u00e1s com\u00fan. El \u00f3xido de propileno se polimeriza bajo la acci\u00f3n de un catalizador para generar PPG con diferentes pesos moleculares. Este m\u00e9todo puede controlar eficazmente las condiciones de reacci\u00f3n y producir PPG de alta pureza apto para uso alimentario.<\/li>\n<li>M\u00e9todo de hidrogenaci\u00f3n: se utiliza principalmente para ajustar las propiedades y la estabilidad del PPG y generar alcohol de polipropileno mediante la hidrogenaci\u00f3n del \u00f3xido de propileno. Este m\u00e9todo puede ajustar el peso molecular y el rendimiento durante el proceso de producci\u00f3n y requiere un tratamiento de refinaci\u00f3n para garantizar el est\u00e1ndar de calidad alimentaria del producto.<\/li>\n<\/ol>\n<h2><span class=\"ez-toc-section\" id=\"Parametros_relacionados\"><\/span>Par\u00e1metros relacionados:<span class=\"ez-toc-section-end\"><\/span><\/h2>\n<table>\n<tbody>\n<tr>\n<td>Especificaciones<\/td>\n<td>Aspecto (25\u00b0C)<\/td>\n<td>Color y brillo Pt-Co<\/td>\n<td>Valor hidroxilo mgKOH\/g<\/td>\n<td>Peso molecular<\/td>\n<td>\u00cdndice de acidez mgKOH\/g<\/td>\n<td>Agua (%)<\/td>\n<td>PH(soluci\u00f3n acuosa al 1%)<\/td>\n<\/tr>\n<tr>\n<td>PPG-200<\/td>\n<td>L\u00edquido viscoso aceitoso transparente incoloro<\/td>\n<td>\u226420<\/td>\n<td>510~623<\/td>\n<td>180~220<\/td>\n<td>\u22640.5<\/td>\n<td>\u22640.5<\/td>\n<td>5.0~7.0<\/td>\n<\/tr>\n<tr>\n<td>PPG-400<\/td>\n<td>L\u00edquido viscoso aceitoso transparente incoloro<\/td>\n<td>\u226420<\/td>\n<td>255~312<\/td>\n<td>360~440<\/td>\n<td>\u22640.5<\/td>\n<td>\u22640.5<\/td>\n<td>5.0~7.0<\/td>\n<\/tr>\n<tr>\n<td>PPG-600<\/td>\n<td>L\u00edquido viscoso aceitoso transparente incoloro<\/td>\n<td>\u226420<\/td>\n<td>170~208<\/td>\n<td>540~660<\/td>\n<td>\u22640.5<\/td>\n<td>\u22640.5<\/td>\n<td>5.0~7.0<\/td>\n<\/tr>\n<tr>\n<td>PPG-1000<\/td>\n<td>L\u00edquido viscoso aceitoso transparente incoloro<\/td>\n<td>\u226420<\/td>\n<td>102~125<\/td>\n<td>900~1100<\/td>\n<td>\u22640.5<\/td>\n<td>\u22640.5<\/td>\n<td>5.0~7.0<\/td>\n<\/tr>\n<tr>\n<td>PPG-1500<\/td>\n<td>L\u00edquido viscoso aceitoso transparente incoloro<\/td>\n<td>\u226420<\/td>\n<td>68~83<\/td>\n<td>1350~1650<\/td>\n<td>\u22640.5<\/td>\n<td>\u22640.5<\/td>\n<td>5.0~7.0<\/td>\n<\/tr>\n<tr>\n<td>PPG-2000<\/td>\n<td>L\u00edquido viscoso aceitoso transparente incoloro<\/td>\n<td>\u226420<\/td>\n<td>51~62<\/td>\n<td>1800~2200<\/td>\n<td>\u22640.5<\/td>\n<td>\u22640.5<\/td>\n<td>5.0~7.0<\/td>\n<\/tr>\n<tr>\n<td>PPG-3000<\/td>\n<td>L\u00edquido viscoso aceitoso transparente incoloro<\/td>\n<td>\u226420<\/td>\n<td>34~42<\/td>\n<td>2700~3300<\/td>\n<td>\u22640.5<\/td>\n<td>\u22640.5<\/td>\n<td>5.0~7.0<\/td>\n<\/tr>\n<tr>\n<td>PPG-4000<\/td>\n<td>L\u00edquido viscoso aceitoso transparente incoloro<\/td>\n<td>\u226420<\/td>\n<td>26~30<\/td>\n<td>3700~4300<\/td>\n<td>\u22640.5<\/td>\n<td>\u22640.5<\/td>\n<td>5.0~7.0<\/td>\n<\/tr>\n<tr>\n<td>PPG-6000<\/td>\n<td>L\u00edquido viscoso aceitoso transparente incoloro<\/td>\n<td>\u226420<\/td>\n<td>17~20.7<\/td>\n<td>5400~6600<\/td>\n<td>\u22640.5<\/td>\n<td>\u22640.5<\/td>\n<td>5.0~7.0<\/td>\n<\/tr>\n<tr>\n<td>PPG-8000<\/td>\n<td>L\u00edquido viscoso aceitoso transparente incoloro<\/td>\n<td>\u226420<\/td>\n<td>12.7~15<\/td>\n<td>7200~8800<\/td>\n<td>\u22640.5<\/td>\n<td>\u22640.5<\/td>\n<td>5.0~7.0<\/td>\n<\/tr>\n<\/tbody>\n<\/table>\n<h2><span class=\"ez-toc-section\" id=\"Dosis_recomendada\"><\/span><strong><b>Dosis recomendada:<\/b><\/strong><span class=\"ez-toc-section-end\"><\/span><\/h2>\n<table>\n<tbody>\n<tr>\n<td><strong>Nombre del alimento<\/strong><\/td>\n<td><strong>Uso m\u00e1ximo (g\/kg)<\/strong><\/td>\n<\/tr>\n<tr>\n<td>Caramelo<\/td>\n<td>0,5-1,0 g\/kg<\/td>\n<\/tr>\n<tr>\n<td>Chocolate<\/td>\n<td>0,5-1,0 g\/kg<\/td>\n<\/tr>\n<tr>\n<td>Helado<\/td>\n<td>0,5-1,0 g\/kg<\/td>\n<\/tr>\n<tr>\n<td>Condimentos<\/td>\n<td>0,5-1,0 g\/kg<\/td>\n<\/tr>\n<tr>\n<td>Aderezo para ensaladas<\/td>\n<td>0,5-1,0 g\/kg<\/td>\n<\/tr>\n<tr>\n<td>Barritas proteicas<\/td>\n<td>0,5-1,0 g\/kg<\/td>\n<\/tr>\n<tr>\n<td>Queso<\/td>\n<td>0,5-1,0 g\/kg<\/td>\n<\/tr>\n<tr>\n<td>Pudding<\/td>\n<td>0,5-1,0 g\/kg<\/td>\n<\/tr>\n<tr>\n<td>Gelatina<\/td>\n<td>0,5-1,0 g\/kg<\/td>\n<\/tr>\n<tr>\n<td>Crema de caf\u00e9<\/td>\n<td>0,5-1,0 g\/kg<\/td>\n<\/tr>\n<tr>\n<td>Salsas<\/td>\n<td>0,5-1,0 g\/kg<\/td>\n<\/tr>\n<tr>\n<td>Alimentos en conserva<\/td>\n<td>0,5-1,0 g\/kg<\/td>\n<\/tr>\n<tr>\n<td>Bebidas de frutas<\/td>\n<td>0,5-1,0 g\/kg<\/td>\n<\/tr>\n<tr>\n<td>Bebidas energ\u00e9ticas<\/td>\n<td>0,5-1,0 g\/kg<\/td>\n<\/tr>\n<tr>\n<td>Cerveza<\/td>\n<td>0,1-0,5 g\/kg<\/td>\n<\/tr>\n<\/tbody>\n<\/table>\n<h2><span class=\"ez-toc-section\" id=\"El_polipropilenglicol_tiene_una_amplia_gama_de_usos\"><\/span>El polipropilenglicol tiene una amplia gama de usos<span class=\"ez-toc-section-end\"><\/span><\/h2>\n<ol>\n<li>Emulsionante y estabilizador: el PPG como emulsionante y estabilizador puede ayudar a que el aceite y el agua se mezclen de manera uniforme para formar una emulsi\u00f3n estable. Esto es muy importante en muchos alimentos, como condimentos y productos l\u00e1cteos, donde el PPG puede evitar la separaci\u00f3n de ingredientes y mantener la uniformidad y consistencia de los alimentos.<\/li>\n<li>Mejorar la textura: el PPG puede mejorar la textura y el sabor de los alimentos. En productos como dulces, chocolate y helados, el PPG ayuda a proporcionar una textura m\u00e1s suave, lo que hace que el producto sea m\u00e1s suave y f\u00e1cil de manipular.<\/li>\n<li>Prolongar la vida \u00fatil: el PPG tiene una buena estabilidad y puede reducir la evaporaci\u00f3n y oxidaci\u00f3n del agua en los alimentos, lo que prolonga la vida \u00fatil de los alimentos. Esto evita que los alimentos se echen a perder y conserva su frescura y calidad.<\/li>\n<li>Lubricante: en el procesamiento de alimentos, el PPG como lubricante puede reducir la adhesi\u00f3n de los ingredientes y mejorar la operatividad y la limpieza del equipo de producci\u00f3n. Esto aumenta la eficiencia del proceso de producci\u00f3n y reduce los costos de mantenimiento del equipo.<\/li>\n<\/ol>\n<h2><span class=\"ez-toc-section\" id=\"Pregunta_formulada_por_un_usuario\"><\/span>Pregunta formulada por un usuario:<span class=\"ez-toc-section-end\"><\/span><\/h2>\n<p>Pregunta: \u00bfCu\u00e1l es la diferencia entre el polipropilenglicol y el monoestearato de glicerilo?<\/p>\n<p>Respuesta: El polipropilenglicol (PPG) y el monoestearato de glicerilo (GMS) son dos aditivos alimentarios con diferentes funciones. El PPG es un l\u00edquido viscoso, que se utiliza principalmente como emulsionante, estabilizador y lubricante, y se utiliza ampliamente en alimentos como dulces, chocolate, helados, etc. para mejorar la textura y prolongar la vida \u00fatil. El GMS es un emulsionante s\u00f3lido o semis\u00f3lido, que se utiliza principalmente en productos horneados, productos l\u00e1cteos y helados, para ayudar a formar una emulsi\u00f3n estable y mejorar la textura de los alimentos. El PPG se suele a\u00f1adir en forma l\u00edquida y se puede disolver en agua y disolventes org\u00e1nicos, mientras que el GMS existe en forma s\u00f3lida y debe disolverse y emulsionarse durante el procesamiento.<\/p>\n","protected":false},"excerpt":{"rendered":"<ul>\n<li>CAS: 25322-69-4<\/li>\n<li>F\u00f3rmula qu\u00edmica: H(C<sub>3<\/sub>H<sub>6<\/sub>O)NOH<\/li>\n<li>Certificaciones: KOSHER, ISO, HALAL, FSSC 22000, BRC, etc.<\/li>\n<li>Cantidad m\u00ednima de pedido: 1000KG<\/li>\n<li>Caducidad: 2 a\u00f1os<\/li>\n<\/ul>\n","protected":false},"featured_media":14019,"template":"","meta":{"site-sidebar-layout":"default","site-content-layout":"","ast-site-content-layout":"default","site-content-style":"default","site-sidebar-style":"default","ast-global-header-display":"","ast-banner-title-visibility":"","ast-main-header-display":"","ast-hfb-above-header-display":"","ast-hfb-below-header-display":"","ast-hfb-mobile-header-display":"","site-post-title":"","ast-breadcrumbs-content":"","ast-featured-img":"","footer-sml-layout":"","theme-transparent-header-meta":"default","adv-header-id-meta":"","stick-header-meta":"","header-above-stick-meta":"","header-main-stick-meta":"","header-below-stick-meta":"","astra-migrate-meta-layouts":"set","ast-page-background-enabled":"default","ast-page-background-meta":{"desktop":{"background-color":"var(--ast-global-color-4)","background-image":"","background-repeat":"repeat","background-position":"center center","background-size":"auto","background-attachment":"scroll","background-type":"","background-media":"","overlay-type":"","overlay-color":"","overlay-opacity":"","overlay-gradient":""},"tablet":{"background-color":"","background-image":"","background-repeat":"repeat","background-position":"center center","background-size":"auto","background-attachment":"scroll","background-type":"","background-media":"","overlay-type":"","overlay-color":"","overlay-opacity":"","overlay-gradient":""},"mobile":{"background-color":"","background-image":"","background-repeat":"repeat","background-position":"center center","background-size":"auto","background-attachment":"scroll","background-type":"","background-media":"","overlay-type":"","overlay-color":"","overlay-opacity":"","overlay-gradient":""}},"ast-content-background-meta":{"desktop":{"background-color":"var(--ast-global-color-5)","background-image":"","background-repeat":"repeat","background-position":"center center","background-size":"auto","background-attachment":"scroll","background-type":"","background-media":"","overlay-type":"","overlay-color":"","overlay-opacity":"","overlay-gradient":""},"tablet":{"background-color":"var(--ast-global-color-5)","background-image":"","background-repeat":"repeat","background-position":"center center","background-size":"auto","background-attachment":"scroll","background-type":"","background-media":"","overlay-type":"","overlay-color":"","overlay-opacity":"","overlay-gradient":""},"mobile":{"background-color":"var(--ast-global-color-5)","background-image":"","background-repeat":"repeat","background-position":"center center","background-size":"auto","background-attachment":"scroll","background-type":"","background-media":"","overlay-type":"","overlay-color":"","overlay-opacity":"","overlay-gradient":""}}},"product_brand":[],"product_cat":[86],"product_tag":[],"class_list":{"0":"post-9820","1":"product","2":"type-product","3":"status-publish","4":"has-post-thumbnail","6":"product_cat-producto-emulsionante","7":"desktop-align-center","8":"tablet-align-left","9":"mobile-align-left","11":"first","12":"instock","13":"shipping-taxable","14":"product-type-simple"},"yoast_head":"<!-- This site is optimized with the Yoast SEO plugin v26.5 - https:\/\/yoast.com\/wordpress\/plugins\/seo\/ -->\n<title>Polipropilenglicol L\u00edquido, Distribuidor Mayorista de PPG | Niranbio Chemical<\/title>\n<meta name=\"description\" content=\"Nuestro poli\u00e9ter poliol (E1520) es un l\u00edquido blanco o transparente, se utiliza frecuentemente como disolvente, emulsionante y estabilizador.\" \/>\n<meta name=\"robots\" content=\"noindex, follow, max-snippet:-1, max-image-preview:large, max-video-preview:-1\" \/>\n<meta name=\"twitter:label1\" content=\"Tiempo de lectura\" \/>\n\t<meta name=\"twitter:data1\" content=\"4 minutos\" \/>\n<script type=\"application\/ld+json\" class=\"yoast-schema-graph\">{\"@context\":\"https:\/\/schema.org\",\"@graph\":[{\"@type\":\"WebPage\",\"@id\":\"https:\/\/theo.niranbio.com\/es\/polipropilenglicol-ppg.html\",\"url\":\"https:\/\/theo.niranbio.com\/es\/polipropilenglicol-ppg.html\",\"name\":\"Polipropilenglicol L\u00edquido, Distribuidor Mayorista de PPG | Niranbio Chemical\",\"isPartOf\":{\"@id\":\"https:\/\/theo.niranbio.com\/es\/#website\"},\"primaryImageOfPage\":{\"@id\":\"https:\/\/theo.niranbio.com\/es\/polipropilenglicol-ppg.html#primaryimage\"},\"image\":{\"@id\":\"https:\/\/theo.niranbio.com\/es\/polipropilenglicol-ppg.html#primaryimage\"},\"thumbnailUrl\":\"https:\/\/theo.niranbio.com\/wp-content\/uploads\/2024\/06\/Polypropylene-Glycol-PPG.jpg\",\"datePublished\":\"2024-06-20T03:49:14+00:00\",\"dateModified\":\"2024-08-15T07:11:19+00:00\",\"description\":\"Nuestro poli\u00e9ter poliol (E1520) es un l\u00edquido blanco o transparente, se utiliza frecuentemente como disolvente, emulsionante y estabilizador.\",\"breadcrumb\":{\"@id\":\"https:\/\/theo.niranbio.com\/es\/polipropilenglicol-ppg.html#breadcrumb\"},\"inLanguage\":\"es\",\"potentialAction\":[{\"@type\":\"ReadAction\",\"target\":[\"https:\/\/theo.niranbio.com\/es\/polipropilenglicol-ppg.html\"]}]},{\"@type\":\"ImageObject\",\"inLanguage\":\"es\",\"@id\":\"https:\/\/theo.niranbio.com\/es\/polipropilenglicol-ppg.html#primaryimage\",\"url\":\"https:\/\/theo.niranbio.com\/wp-content\/uploads\/2024\/06\/Polypropylene-Glycol-PPG.jpg\",\"contentUrl\":\"https:\/\/theo.niranbio.com\/wp-content\/uploads\/2024\/06\/Polypropylene-Glycol-PPG.jpg\",\"width\":600,\"height\":600},{\"@type\":\"BreadcrumbList\",\"@id\":\"https:\/\/theo.niranbio.com\/es\/polipropilenglicol-ppg.html#breadcrumb\",\"itemListElement\":[{\"@type\":\"ListItem\",\"position\":1,\"name\":\"Home\",\"item\":\"https:\/\/theo.niranbio.com\/es\/\"},{\"@type\":\"ListItem\",\"position\":2,\"name\":\"Productos\",\"item\":\"https:\/\/theo.niranbio.com\/es\/productos.html\"},{\"@type\":\"ListItem\",\"position\":3,\"name\":\"Emulsionante\",\"item\":\"https:\/\/theo.niranbio.com\/es\/producto-emulsionante\/\"},{\"@type\":\"ListItem\",\"position\":4,\"name\":\"Polipropilenglicol (PPG)\"}]},{\"@type\":\"WebSite\",\"@id\":\"https:\/\/theo.niranbio.com\/es\/#website\",\"url\":\"https:\/\/theo.niranbio.com\/es\/\",\"name\":\"Niranbio Chemical\",\"description\":\"\",\"publisher\":{\"@id\":\"https:\/\/theo.niranbio.com\/es\/#organization\"},\"potentialAction\":[{\"@type\":\"SearchAction\",\"target\":{\"@type\":\"EntryPoint\",\"urlTemplate\":\"https:\/\/theo.niranbio.com\/es\/?s={search_term_string}\"},\"query-input\":{\"@type\":\"PropertyValueSpecification\",\"valueRequired\":true,\"valueName\":\"search_term_string\"}}],\"inLanguage\":\"es\"},{\"@type\":\"Organization\",\"@id\":\"https:\/\/theo.niranbio.com\/es\/#organization\",\"name\":\"Niranbio Chemical\",\"url\":\"https:\/\/theo.niranbio.com\/es\/\",\"logo\":{\"@type\":\"ImageObject\",\"inLanguage\":\"es\",\"@id\":\"https:\/\/theo.niranbio.com\/es\/#\/schema\/logo\/image\/\",\"url\":\"https:\/\/theo.niranbio.com\/wp-content\/uploads\/2024\/06\/Niranbio.png\",\"contentUrl\":\"https:\/\/theo.niranbio.com\/wp-content\/uploads\/2024\/06\/Niranbio.png\",\"width\":270,\"height\":100,\"caption\":\"Niranbio Chemical\"},\"image\":{\"@id\":\"https:\/\/theo.niranbio.com\/es\/#\/schema\/logo\/image\/\"}}]}<\/script>\n<!-- \/ Yoast SEO plugin. -->","yoast_head_json":{"title":"Polipropilenglicol L\u00edquido, Distribuidor Mayorista de PPG | Niranbio Chemical","description":"Nuestro poli\u00e9ter poliol (E1520) es un l\u00edquido blanco o transparente, se utiliza frecuentemente como disolvente, emulsionante y estabilizador.","robots":{"index":"noindex","follow":"follow","max-snippet":"max-snippet:-1","max-image-preview":"max-image-preview:large","max-video-preview":"max-video-preview:-1"},"twitter_misc":{"Tiempo de lectura":"4 minutos"},"schema":{"@context":"https:\/\/schema.org","@graph":[{"@type":"WebPage","@id":"https:\/\/theo.niranbio.com\/es\/polipropilenglicol-ppg.html","url":"https:\/\/theo.niranbio.com\/es\/polipropilenglicol-ppg.html","name":"Polipropilenglicol L\u00edquido, Distribuidor Mayorista de PPG | Niranbio Chemical","isPartOf":{"@id":"https:\/\/theo.niranbio.com\/es\/#website"},"primaryImageOfPage":{"@id":"https:\/\/theo.niranbio.com\/es\/polipropilenglicol-ppg.html#primaryimage"},"image":{"@id":"https:\/\/theo.niranbio.com\/es\/polipropilenglicol-ppg.html#primaryimage"},"thumbnailUrl":"https:\/\/theo.niranbio.com\/wp-content\/uploads\/2024\/06\/Polypropylene-Glycol-PPG.jpg","datePublished":"2024-06-20T03:49:14+00:00","dateModified":"2024-08-15T07:11:19+00:00","description":"Nuestro poli\u00e9ter poliol (E1520) es un l\u00edquido blanco o transparente, se utiliza frecuentemente como disolvente, emulsionante y estabilizador.","breadcrumb":{"@id":"https:\/\/theo.niranbio.com\/es\/polipropilenglicol-ppg.html#breadcrumb"},"inLanguage":"es","potentialAction":[{"@type":"ReadAction","target":["https:\/\/theo.niranbio.com\/es\/polipropilenglicol-ppg.html"]}]},{"@type":"ImageObject","inLanguage":"es","@id":"https:\/\/theo.niranbio.com\/es\/polipropilenglicol-ppg.html#primaryimage","url":"https:\/\/theo.niranbio.com\/wp-content\/uploads\/2024\/06\/Polypropylene-Glycol-PPG.jpg","contentUrl":"https:\/\/theo.niranbio.com\/wp-content\/uploads\/2024\/06\/Polypropylene-Glycol-PPG.jpg","width":600,"height":600},{"@type":"BreadcrumbList","@id":"https:\/\/theo.niranbio.com\/es\/polipropilenglicol-ppg.html#breadcrumb","itemListElement":[{"@type":"ListItem","position":1,"name":"Home","item":"https:\/\/theo.niranbio.com\/es\/"},{"@type":"ListItem","position":2,"name":"Productos","item":"https:\/\/theo.niranbio.com\/es\/productos.html"},{"@type":"ListItem","position":3,"name":"Emulsionante","item":"https:\/\/theo.niranbio.com\/es\/producto-emulsionante\/"},{"@type":"ListItem","position":4,"name":"Polipropilenglicol (PPG)"}]},{"@type":"WebSite","@id":"https:\/\/theo.niranbio.com\/es\/#website","url":"https:\/\/theo.niranbio.com\/es\/","name":"Niranbio Chemical","description":"","publisher":{"@id":"https:\/\/theo.niranbio.com\/es\/#organization"},"potentialAction":[{"@type":"SearchAction","target":{"@type":"EntryPoint","urlTemplate":"https:\/\/theo.niranbio.com\/es\/?s={search_term_string}"},"query-input":{"@type":"PropertyValueSpecification","valueRequired":true,"valueName":"search_term_string"}}],"inLanguage":"es"},{"@type":"Organization","@id":"https:\/\/theo.niranbio.com\/es\/#organization","name":"Niranbio Chemical","url":"https:\/\/theo.niranbio.com\/es\/","logo":{"@type":"ImageObject","inLanguage":"es","@id":"https:\/\/theo.niranbio.com\/es\/#\/schema\/logo\/image\/","url":"https:\/\/theo.niranbio.com\/wp-content\/uploads\/2024\/06\/Niranbio.png","contentUrl":"https:\/\/theo.niranbio.com\/wp-content\/uploads\/2024\/06\/Niranbio.png","width":270,"height":100,"caption":"Niranbio Chemical"},"image":{"@id":"https:\/\/theo.niranbio.com\/es\/#\/schema\/logo\/image\/"}}]}},"_links":{"self":[{"href":"https:\/\/theo.niranbio.com\/es\/wp-json\/wp\/v2\/product\/9820","targetHints":{"allow":["GET"]}}],"collection":[{"href":"https:\/\/theo.niranbio.com\/es\/wp-json\/wp\/v2\/product"}],"about":[{"href":"https:\/\/theo.niranbio.com\/es\/wp-json\/wp\/v2\/types\/product"}],"version-history":[{"count":0,"href":"https:\/\/theo.niranbio.com\/es\/wp-json\/wp\/v2\/product\/9820\/revisions"}],"wp:featuredmedia":[{"embeddable":true,"href":"https:\/\/theo.niranbio.com\/es\/wp-json\/wp\/v2\/media\/14019"}],"wp:attachment":[{"href":"https:\/\/theo.niranbio.com\/es\/wp-json\/wp\/v2\/media?parent=9820"}],"wp:term":[{"taxonomy":"product_brand","embeddable":true,"href":"https:\/\/theo.niranbio.com\/es\/wp-json\/wp\/v2\/product_brand?post=9820"},{"taxonomy":"product_cat","embeddable":true,"href":"https:\/\/theo.niranbio.com\/es\/wp-json\/wp\/v2\/product_cat?post=9820"},{"taxonomy":"product_tag","embeddable":true,"href":"https:\/\/theo.niranbio.com\/es\/wp-json\/wp\/v2\/product_tag?post=9820"}],"curies":[{"name":"wp","href":"https:\/\/api.w.org\/{rel}","templated":true}]}}