{"id":9803,"date":"2024-06-20T13:15:41","date_gmt":"2024-06-20T05:15:41","guid":{"rendered":"https:\/\/theo.niranbio.com\/metabisulfito-de-sodio-al-98-de-grado-alimenticio\/"},"modified":"2024-08-15T19:07:21","modified_gmt":"2024-08-15T11:07:21","slug":"metabisulfito-de-sodio-al-98-de-grado-alimenticio","status":"publish","type":"product","link":"https:\/\/theo.niranbio.com\/es\/metabisulfito-de-sodio-al-98-de-grado-alimenticio.html","title":{"rendered":"Metabisulfito de sodio al 98 % de grado alimenticio"},"content":{"rendered":"<h2><span class=\"ez-toc-section\" id=\"%C2%BFQue_es_el_metabisulfito_de_sodio\"><\/span>\u00bfQu\u00e9 es el metabisulfito de sodio?<span class=\"ez-toc-section-end\"><\/span><\/h2>\n<p>El metabisulfito de sodio tiene un fuerte olor a SO2 y se presenta como un polvo cristalino blanco. Produce sales similares y libera SO2 cuando entra en contacto con un \u00e1cido fuerte. El producto no se puede conservar durante un per\u00edodo prolongado, ya que se oxida a Na2S2O6 cuando se expone al aire durante un per\u00edodo prolongado. Esta sustancia se utiliza espec\u00edficamente como antioxidante, agente blanqueador, etc. en las industrias alimentaria, qu\u00edmica y farmac\u00e9utica. Existen varios m\u00e9todos para preparar metabisulfito de sodio de calidad alimentaria en China:<\/p>\n<ol>\n<li>El azufre reacciona con carbonatos alcalinos a temperatura y condiciones de reacci\u00f3n adecuadas para generar tiosulfato y luego se oxida para generar pirosulfito. Este m\u00e9todo se ha convertido en el proceso de producci\u00f3n principal debido a su estabilidad, alta eficiencia y bajo costo.<\/li>\n<li>Otro m\u00e9todo de preparaci\u00f3n com\u00fan es oxidar el sulfito de sodio para obtener pirosulfito de sodio. Este m\u00e9todo permite utilizar directamente el sulfito de sodio como materia prima sin tratamiento con azufre.<\/li>\n<li>El pirosulfito de sodio se genera mediante la reacci\u00f3n del di\u00f3xido de azufre con carbonatos alcalinos. Este m\u00e9todo es especialmente adecuado para la producci\u00f3n en condiciones de recursos y requisitos de proceso espec\u00edficos.<\/li>\n<\/ol>\n<h2><span class=\"ez-toc-section\" id=\"Parametros_relacionados\"><\/span>Par\u00e1metros relacionados:<span class=\"ez-toc-section-end\"><\/span><\/h2>\n<table>\n<tbody>\n<tr>\n<td><strong>ART\u00cdCULOS<\/strong><\/td>\n<td><strong>EST\u00c1NDAR<\/strong><\/td>\n<\/tr>\n<tr>\n<td>Contenido<\/td>\n<td>\u2265 96.5<\/td>\n<\/tr>\n<tr>\n<td>Metales pesados (Fe) %<\/td>\n<td>\u2264 0.003<\/td>\n<\/tr>\n<tr>\n<td>Metales pesados( As) %<\/td>\n<td>&lt; 0.0001<\/td>\n<\/tr>\n<tr>\n<td>Caridad<\/td>\n<td>Ligeramente turbio<\/td>\n<\/tr>\n<tr>\n<td>SO2&gt;=&lt;\/p&gt;<\/td>\n<td>65<\/td>\n<\/tr>\n<tr>\n<td>PH<\/td>\n<td>4.0-5.0<\/td>\n<\/tr>\n<tr>\n<td>Metales pesados( Pb)%<\/td>\n<td>\u2264 0.0005<\/td>\n<\/tr>\n<\/tbody>\n<\/table>\n<h2><span class=\"ez-toc-section\" id=\"Dosis_recomendada\"><\/span><strong><b>Dosis recomendada:<\/b><\/strong><span class=\"ez-toc-section-end\"><\/span><\/h2>\n<table>\n<tbody>\n<tr>\n<td><strong>Nombre del alimento<\/strong><\/td>\n<td><strong>Uso m\u00e1ximo (g\/kg)<\/strong><\/td>\n<\/tr>\n<tr>\n<td>Productos de pan y masa<\/td>\n<td>0,3 &#8211; 1,0 g\/kg<\/td>\n<\/tr>\n<tr>\n<td>Galletas<\/td>\n<td>0,1 &#8211; 0,5 g\/kg<\/td>\n<\/tr>\n<tr>\n<td>Pizza<\/td>\n<td>0,3 &#8211; 1,0 g\/kg<\/td>\n<\/tr>\n<tr>\n<td>Hamburguesas, bocadillos<\/td>\n<td>0,1 &#8211; 0,5 g\/kg<\/td>\n<\/tr>\n<tr>\n<td>Pollo frito<\/td>\n<td>0,1 &#8211; 0,5 g\/kg<\/td>\n<\/tr>\n<tr>\n<td>Caramelo<\/td>\n<td>0,05 &#8211; 0,2 g\/kg<\/td>\n<\/tr>\n<tr>\n<td>Productos de chocolate<\/td>\n<td>0,05 &#8211; 0,2 g\/kg<\/td>\n<\/tr>\n<tr>\n<td>Bebidas carbonatadas<\/td>\n<td>0,02 &#8211; 0,1 g\/kg<\/td>\n<\/tr>\n<tr>\n<td>Productos l\u00e1cteos<\/td>\n<td>0,02 &#8211; 0,1 g\/kg<\/td>\n<\/tr>\n<tr>\n<td>Condimentos<\/td>\n<td>0,02 &#8211; 0,1 g\/kg<\/td>\n<\/tr>\n<tr>\n<td>Alimentos enlatados<\/td>\n<td>0,02 &#8211; 0,1 g\/kg<\/td>\n<\/tr>\n<tr>\n<td>Alimentos preparados<\/td>\n<td>0,01 &#8211; 0,05 g\/kg<\/td>\n<\/tr>\n<tr>\n<td>Productos del mar<\/td>\n<td>0,01 &#8211; 0,05 g\/kg<\/td>\n<\/tr>\n<\/tbody>\n<\/table>\n<h2><span class=\"ez-toc-section\" id=\"El_metabisulfito_de_sodio_tiene_una_amplia_gama_de_usos\"><\/span>El metabisulfito de sodio tiene una amplia gama de usos.<span class=\"ez-toc-section-end\"><\/span><\/h2>\n<ol>\n<li>La vida \u00fatil de los alimentos puede aumentar gracias a la capacidad del metabisulfito de sodio para suprimir eficazmente las reacciones de oxidaci\u00f3n en los alimentos y evitar que las grasas y los aceites se oxiden. Evita que los alimentos se deterioren, cambien de sabor y se deformen de color debido a la oxidaci\u00f3n al capturar mol\u00e9culas de ox\u00edgeno o reaccionar con el ox\u00edgeno como agente reductor.<\/li>\n<li>En el procesamiento de alimentos, el metabisulfito de sodio se utiliza como agente blanqueador, especialmente para verduras, frutas y mariscos, para ayudar a eliminar o reducir pigmentos o colores en los productos y mejorar la apariencia y el atractivo visual de los productos.<\/li>\n<li>El metabisulfito de sodio puede retrasar los cambios naturales y la degradaci\u00f3n de los alimentos al inhibir la actividad de las enzimas. Por ejemplo, durante el corte y procesamiento de frutas y verduras, puede reducir la oxidaci\u00f3n y el oscurecimiento causados \u200b\u200bpor la acci\u00f3n enzim\u00e1tica.<\/li>\n<li>El metabisulfito de sodio tambi\u00e9n se puede utilizar como inhibidor de moho en ciertos procesos de fabricaci\u00f3n de alimentos para prevenir la formaci\u00f3n de bacterias y moho, prolongando la vida \u00fatil y la frescura de los alimentos.<\/li>\n<li>El metabisulfito de sodio se puede utilizar para ajustar el pH de los productos en el procesamiento de alimentos, ayudando a mantener un rango de pH adecuado para optimizar el sabor, la textura y la estabilidad de los alimentos.<\/li>\n<\/ol>\n<h2><span class=\"ez-toc-section\" id=\"Pregunta_formulada_por_un_usuario\"><\/span>Pregunta formulada por un usuario:<span class=\"ez-toc-section-end\"><\/span><\/h2>\n<p>Pregunta: Hasta el momento, \u00bfcu\u00e1l es la demanda del mercado de pirosulfito de sodio de grado alimenticio? \u00bfD\u00f3nde se concentra principalmente?<\/p>\n<p>Respuesta: La demanda del mercado de pirosulfito de sodio de grado alimenticio se mantiene estable, concentr\u00e1ndose principalmente en Am\u00e9rica del Norte, como Estados Unidos y Canad\u00e1, seguida de los pa\u00edses europeos, especialmente en la industria de procesamiento de alimentos, que abarca una amplia gama de campos, desde pan y pasteles hasta bebidas alcoh\u00f3licas. El precio del pirosulfito de sodio de grado alimenticio en China ha bajado, pero la disminuci\u00f3n no es grande.<\/p>\n","protected":false},"excerpt":{"rendered":"<ul>\n<li>CAS: 7681-57-4<\/li>\n<li>F\u00f3rmula qu\u00edmica: Na<sub>2<\/sub>S<sub>2<\/sub>O<sub>5<\/sub><\/li>\n<li>Certificaciones: KOSHER, ISO, HALAL, FSSC 22000, BRC, etc.<\/li>\n<li>Cantidad m\u00ednima de pedido: 1000KG<\/li>\n<li>Caducidad: 2 a\u00f1os<\/li>\n<\/ul>\n","protected":false},"featured_media":5603,"template":"","meta":{"site-sidebar-layout":"default","site-content-layout":"","ast-site-content-layout":"default","site-content-style":"default","site-sidebar-style":"default","ast-global-header-display":"","ast-banner-title-visibility":"","ast-main-header-display":"","ast-hfb-above-header-display":"","ast-hfb-below-header-display":"","ast-hfb-mobile-header-display":"","site-post-title":"","ast-breadcrumbs-content":"","ast-featured-img":"","footer-sml-layout":"","theme-transparent-header-meta":"default","adv-header-id-meta":"","stick-header-meta":"","header-above-stick-meta":"","header-main-stick-meta":"","header-below-stick-meta":"","astra-migrate-meta-layouts":"set","ast-page-background-enabled":"default","ast-page-background-meta":{"desktop":{"background-color":"var(--ast-global-color-4)","background-image":"","background-repeat":"repeat","background-position":"center center","background-size":"auto","background-attachment":"scroll","background-type":"","background-media":"","overlay-type":"","overlay-color":"","overlay-opacity":"","overlay-gradient":""},"tablet":{"background-color":"","background-image":"","background-repeat":"repeat","background-position":"center center","background-size":"auto","background-attachment":"scroll","background-type":"","background-media":"","overlay-type":"","overlay-color":"","overlay-opacity":"","overlay-gradient":""},"mobile":{"background-color":"","background-image":"","background-repeat":"repeat","background-position":"center center","background-size":"auto","background-attachment":"scroll","background-type":"","background-media":"","overlay-type":"","overlay-color":"","overlay-opacity":"","overlay-gradient":""}},"ast-content-background-meta":{"desktop":{"background-color":"var(--ast-global-color-5)","background-image":"","background-repeat":"repeat","background-position":"center center","background-size":"auto","background-attachment":"scroll","background-type":"","background-media":"","overlay-type":"","overlay-color":"","overlay-opacity":"","overlay-gradient":""},"tablet":{"background-color":"var(--ast-global-color-5)","background-image":"","background-repeat":"repeat","background-position":"center center","background-size":"auto","background-attachment":"scroll","background-type":"","background-media":"","overlay-type":"","overlay-color":"","overlay-opacity":"","overlay-gradient":""},"mobile":{"background-color":"var(--ast-global-color-5)","background-image":"","background-repeat":"repeat","background-position":"center center","background-size":"auto","background-attachment":"scroll","background-type":"","background-media":"","overlay-type":"","overlay-color":"","overlay-opacity":"","overlay-gradient":""}}},"product_brand":[],"product_cat":[92],"product_tag":[],"class_list":{"0":"post-9803","1":"product","2":"type-product","3":"status-publish","4":"has-post-thumbnail","6":"product_cat-otros-ingredientes-alimentarios-producto","7":"desktop-align-center","8":"tablet-align-left","9":"mobile-align-left","11":"first","12":"instock","13":"shipping-taxable","14":"product-type-simple"},"yoast_head":"<!-- This site is optimized with the Yoast SEO plugin v26.5 - https:\/\/yoast.com\/wordpress\/plugins\/seo\/ -->\n<title>Metabisulfito de Sodio Aditivo, Polvo de Metabisulfito Sodico al 98 % | Niranbio Chemical<\/title>\n<meta name=\"description\" content=\"Compre metabisulfito de sodio E223 al 98 % de calidad alimentaria a granel. El polvo de metabisulfito de sodio (CAS 7681-57-4) se puede utilizar como conservante y antioxidante en los alimentos.\" \/>\n<meta name=\"robots\" content=\"noindex, follow, max-snippet:-1, max-image-preview:large, max-video-preview:-1\" \/>\n<meta name=\"twitter:label1\" content=\"Tiempo de lectura\" \/>\n\t<meta name=\"twitter:data1\" content=\"4 minutos\" \/>\n<script type=\"application\/ld+json\" class=\"yoast-schema-graph\">{\"@context\":\"https:\/\/schema.org\",\"@graph\":[{\"@type\":\"WebPage\",\"@id\":\"https:\/\/theo.niranbio.com\/es\/metabisulfito-de-sodio-al-98-de-grado-alimenticio.html\",\"url\":\"https:\/\/theo.niranbio.com\/es\/metabisulfito-de-sodio-al-98-de-grado-alimenticio.html\",\"name\":\"Metabisulfito de Sodio Aditivo, Polvo de Metabisulfito Sodico al 98 % | Niranbio Chemical\",\"isPartOf\":{\"@id\":\"https:\/\/theo.niranbio.com\/es\/#website\"},\"primaryImageOfPage\":{\"@id\":\"https:\/\/theo.niranbio.com\/es\/metabisulfito-de-sodio-al-98-de-grado-alimenticio.html#primaryimage\"},\"image\":{\"@id\":\"https:\/\/theo.niranbio.com\/es\/metabisulfito-de-sodio-al-98-de-grado-alimenticio.html#primaryimage\"},\"thumbnailUrl\":\"https:\/\/theo.niranbio.com\/wp-content\/uploads\/2024\/06\/Sodium-Metabisulphite-98-Food-Tech-Grade.webp\",\"datePublished\":\"2024-06-20T05:15:41+00:00\",\"dateModified\":\"2024-08-15T11:07:21+00:00\",\"description\":\"Compre metabisulfito de sodio E223 al 98 % de calidad alimentaria a granel. El polvo de metabisulfito de sodio (CAS 7681-57-4) se puede utilizar como conservante y antioxidante en los alimentos.\",\"breadcrumb\":{\"@id\":\"https:\/\/theo.niranbio.com\/es\/metabisulfito-de-sodio-al-98-de-grado-alimenticio.html#breadcrumb\"},\"inLanguage\":\"es\",\"potentialAction\":[{\"@type\":\"ReadAction\",\"target\":[\"https:\/\/theo.niranbio.com\/es\/metabisulfito-de-sodio-al-98-de-grado-alimenticio.html\"]}]},{\"@type\":\"ImageObject\",\"inLanguage\":\"es\",\"@id\":\"https:\/\/theo.niranbio.com\/es\/metabisulfito-de-sodio-al-98-de-grado-alimenticio.html#primaryimage\",\"url\":\"https:\/\/theo.niranbio.com\/wp-content\/uploads\/2024\/06\/Sodium-Metabisulphite-98-Food-Tech-Grade.webp\",\"contentUrl\":\"https:\/\/theo.niranbio.com\/wp-content\/uploads\/2024\/06\/Sodium-Metabisulphite-98-Food-Tech-Grade.webp\",\"width\":600,\"height\":600,\"caption\":\"Metabisulfito de sodio al 98 % de grado alimentario\"},{\"@type\":\"BreadcrumbList\",\"@id\":\"https:\/\/theo.niranbio.com\/es\/metabisulfito-de-sodio-al-98-de-grado-alimenticio.html#breadcrumb\",\"itemListElement\":[{\"@type\":\"ListItem\",\"position\":1,\"name\":\"Home\",\"item\":\"https:\/\/theo.niranbio.com\/es\/\"},{\"@type\":\"ListItem\",\"position\":2,\"name\":\"Productos\",\"item\":\"https:\/\/theo.niranbio.com\/es\/productos.html\"},{\"@type\":\"ListItem\",\"position\":3,\"name\":\"Otros Ingredientes Alimentarios\",\"item\":\"https:\/\/theo.niranbio.com\/es\/otros-ingredientes-alimentarios-producto\/\"},{\"@type\":\"ListItem\",\"position\":4,\"name\":\"Metabisulfito de sodio al 98 % de grado alimenticio\"}]},{\"@type\":\"WebSite\",\"@id\":\"https:\/\/theo.niranbio.com\/es\/#website\",\"url\":\"https:\/\/theo.niranbio.com\/es\/\",\"name\":\"Niranbio Chemical\",\"description\":\"\",\"publisher\":{\"@id\":\"https:\/\/theo.niranbio.com\/es\/#organization\"},\"potentialAction\":[{\"@type\":\"SearchAction\",\"target\":{\"@type\":\"EntryPoint\",\"urlTemplate\":\"https:\/\/theo.niranbio.com\/es\/?s={search_term_string}\"},\"query-input\":{\"@type\":\"PropertyValueSpecification\",\"valueRequired\":true,\"valueName\":\"search_term_string\"}}],\"inLanguage\":\"es\"},{\"@type\":\"Organization\",\"@id\":\"https:\/\/theo.niranbio.com\/es\/#organization\",\"name\":\"Niranbio Chemical\",\"url\":\"https:\/\/theo.niranbio.com\/es\/\",\"logo\":{\"@type\":\"ImageObject\",\"inLanguage\":\"es\",\"@id\":\"https:\/\/theo.niranbio.com\/es\/#\/schema\/logo\/image\/\",\"url\":\"https:\/\/theo.niranbio.com\/wp-content\/uploads\/2024\/06\/Niranbio.png\",\"contentUrl\":\"https:\/\/theo.niranbio.com\/wp-content\/uploads\/2024\/06\/Niranbio.png\",\"width\":270,\"height\":100,\"caption\":\"Niranbio Chemical\"},\"image\":{\"@id\":\"https:\/\/theo.niranbio.com\/es\/#\/schema\/logo\/image\/\"}}]}<\/script>\n<!-- \/ Yoast SEO plugin. -->","yoast_head_json":{"title":"Metabisulfito de Sodio Aditivo, Polvo de Metabisulfito Sodico al 98 % | Niranbio Chemical","description":"Compre metabisulfito de sodio E223 al 98 % de calidad alimentaria a granel. El polvo de metabisulfito de sodio (CAS 7681-57-4) se puede utilizar como conservante y antioxidante en los alimentos.","robots":{"index":"noindex","follow":"follow","max-snippet":"max-snippet:-1","max-image-preview":"max-image-preview:large","max-video-preview":"max-video-preview:-1"},"twitter_misc":{"Tiempo de lectura":"4 minutos"},"schema":{"@context":"https:\/\/schema.org","@graph":[{"@type":"WebPage","@id":"https:\/\/theo.niranbio.com\/es\/metabisulfito-de-sodio-al-98-de-grado-alimenticio.html","url":"https:\/\/theo.niranbio.com\/es\/metabisulfito-de-sodio-al-98-de-grado-alimenticio.html","name":"Metabisulfito de Sodio Aditivo, Polvo de Metabisulfito Sodico al 98 % | Niranbio Chemical","isPartOf":{"@id":"https:\/\/theo.niranbio.com\/es\/#website"},"primaryImageOfPage":{"@id":"https:\/\/theo.niranbio.com\/es\/metabisulfito-de-sodio-al-98-de-grado-alimenticio.html#primaryimage"},"image":{"@id":"https:\/\/theo.niranbio.com\/es\/metabisulfito-de-sodio-al-98-de-grado-alimenticio.html#primaryimage"},"thumbnailUrl":"https:\/\/theo.niranbio.com\/wp-content\/uploads\/2024\/06\/Sodium-Metabisulphite-98-Food-Tech-Grade.webp","datePublished":"2024-06-20T05:15:41+00:00","dateModified":"2024-08-15T11:07:21+00:00","description":"Compre metabisulfito de sodio E223 al 98 % de calidad alimentaria a granel. El polvo de metabisulfito de sodio (CAS 7681-57-4) se puede utilizar como conservante y antioxidante en los alimentos.","breadcrumb":{"@id":"https:\/\/theo.niranbio.com\/es\/metabisulfito-de-sodio-al-98-de-grado-alimenticio.html#breadcrumb"},"inLanguage":"es","potentialAction":[{"@type":"ReadAction","target":["https:\/\/theo.niranbio.com\/es\/metabisulfito-de-sodio-al-98-de-grado-alimenticio.html"]}]},{"@type":"ImageObject","inLanguage":"es","@id":"https:\/\/theo.niranbio.com\/es\/metabisulfito-de-sodio-al-98-de-grado-alimenticio.html#primaryimage","url":"https:\/\/theo.niranbio.com\/wp-content\/uploads\/2024\/06\/Sodium-Metabisulphite-98-Food-Tech-Grade.webp","contentUrl":"https:\/\/theo.niranbio.com\/wp-content\/uploads\/2024\/06\/Sodium-Metabisulphite-98-Food-Tech-Grade.webp","width":600,"height":600,"caption":"Metabisulfito de sodio al 98 % de grado alimentario"},{"@type":"BreadcrumbList","@id":"https:\/\/theo.niranbio.com\/es\/metabisulfito-de-sodio-al-98-de-grado-alimenticio.html#breadcrumb","itemListElement":[{"@type":"ListItem","position":1,"name":"Home","item":"https:\/\/theo.niranbio.com\/es\/"},{"@type":"ListItem","position":2,"name":"Productos","item":"https:\/\/theo.niranbio.com\/es\/productos.html"},{"@type":"ListItem","position":3,"name":"Otros Ingredientes Alimentarios","item":"https:\/\/theo.niranbio.com\/es\/otros-ingredientes-alimentarios-producto\/"},{"@type":"ListItem","position":4,"name":"Metabisulfito de sodio al 98 % de grado alimenticio"}]},{"@type":"WebSite","@id":"https:\/\/theo.niranbio.com\/es\/#website","url":"https:\/\/theo.niranbio.com\/es\/","name":"Niranbio Chemical","description":"","publisher":{"@id":"https:\/\/theo.niranbio.com\/es\/#organization"},"potentialAction":[{"@type":"SearchAction","target":{"@type":"EntryPoint","urlTemplate":"https:\/\/theo.niranbio.com\/es\/?s={search_term_string}"},"query-input":{"@type":"PropertyValueSpecification","valueRequired":true,"valueName":"search_term_string"}}],"inLanguage":"es"},{"@type":"Organization","@id":"https:\/\/theo.niranbio.com\/es\/#organization","name":"Niranbio Chemical","url":"https:\/\/theo.niranbio.com\/es\/","logo":{"@type":"ImageObject","inLanguage":"es","@id":"https:\/\/theo.niranbio.com\/es\/#\/schema\/logo\/image\/","url":"https:\/\/theo.niranbio.com\/wp-content\/uploads\/2024\/06\/Niranbio.png","contentUrl":"https:\/\/theo.niranbio.com\/wp-content\/uploads\/2024\/06\/Niranbio.png","width":270,"height":100,"caption":"Niranbio Chemical"},"image":{"@id":"https:\/\/theo.niranbio.com\/es\/#\/schema\/logo\/image\/"}}]}},"_links":{"self":[{"href":"https:\/\/theo.niranbio.com\/es\/wp-json\/wp\/v2\/product\/9803","targetHints":{"allow":["GET"]}}],"collection":[{"href":"https:\/\/theo.niranbio.com\/es\/wp-json\/wp\/v2\/product"}],"about":[{"href":"https:\/\/theo.niranbio.com\/es\/wp-json\/wp\/v2\/types\/product"}],"version-history":[{"count":0,"href":"https:\/\/theo.niranbio.com\/es\/wp-json\/wp\/v2\/product\/9803\/revisions"}],"wp:featuredmedia":[{"embeddable":true,"href":"https:\/\/theo.niranbio.com\/es\/wp-json\/wp\/v2\/media\/5603"}],"wp:attachment":[{"href":"https:\/\/theo.niranbio.com\/es\/wp-json\/wp\/v2\/media?parent=9803"}],"wp:term":[{"taxonomy":"product_brand","embeddable":true,"href":"https:\/\/theo.niranbio.com\/es\/wp-json\/wp\/v2\/product_brand?post=9803"},{"taxonomy":"product_cat","embeddable":true,"href":"https:\/\/theo.niranbio.com\/es\/wp-json\/wp\/v2\/product_cat?post=9803"},{"taxonomy":"product_tag","embeddable":true,"href":"https:\/\/theo.niranbio.com\/es\/wp-json\/wp\/v2\/product_tag?post=9803"}],"curies":[{"name":"wp","href":"https:\/\/api.w.org\/{rel}","templated":true}]}}