{"id":9802,"date":"2024-06-20T11:49:50","date_gmt":"2024-06-20T03:49:50","guid":{"rendered":"https:\/\/theo.niranbio.com\/monoestearato-de-glicerilo-gms\/"},"modified":"2024-08-15T15:08:42","modified_gmt":"2024-08-15T07:08:42","slug":"monoestearato-de-glicerilo-gms","status":"publish","type":"product","link":"https:\/\/theo.niranbio.com\/es\/monoestearato-de-glicerilo-gms.html","title":{"rendered":"Monoestearato de glicerilo (GMS)"},"content":{"rendered":"<h2><span class=\"ez-toc-section\" id=\"%C2%BFQue_es_el_monoestearato_de_glicerilo\"><\/span>\u00bfQu\u00e9 es el monoestearato de glicerilo?<span class=\"ez-toc-section-end\"><\/span><\/h2>\n<p>El monoestearato de glicerilo es un compuesto org\u00e1nico con apariencia de polvo blanco. Se utiliza principalmente como antioxidante, estabilizador y emulsionante en la industria alimentaria. Mejora la emulsi\u00f3n de aceite y agua, mejora la estabilidad de la masa, mejora el volumen y la textura de los alimentos y prolonga la vida \u00fatil de los alimentos para garantizar la consistencia y la frescura de los alimentos. Se utiliza con frecuencia para mejorar el sabor y conservar la consistencia en productos horneados, incluidos pan, pasteles y galletas.<\/p>\n<p>El proceso de preparaci\u00f3n del monoestearato de glicerilo en China incluye principalmente s\u00edntesis qu\u00edmica, reacci\u00f3n de esterificaci\u00f3n e hidrogenaci\u00f3n.<\/p>\n<p>Entre ellos, la s\u00edntesis qu\u00edmica es el proceso de producci\u00f3n m\u00e1s com\u00fan. El monoestearato de glicerol se genera calentando el \u00e1cido este\u00e1rico y el glicerol bajo la acci\u00f3n de un catalizador. Despu\u00e9s de la reacci\u00f3n, el producto se purifica mediante neutralizaci\u00f3n, lavado, cristalizaci\u00f3n por enfriamiento o destilaci\u00f3n para garantizar la obtenci\u00f3n de monoestearato de glicerilo de alta pureza.<\/p>\n<p>El m\u00e9todo de reacci\u00f3n de esterificaci\u00f3n tambi\u00e9n se utiliza com\u00fanmente para preparar monoestearato de glicerilo. Este m\u00e9todo esterifica el \u00e1cido este\u00e1rico y el glicerol bajo la acci\u00f3n de un catalizador apropiado y controla la temperatura y la presi\u00f3n de reacci\u00f3n para mejorar la eficiencia de la reacci\u00f3n. Despu\u00e9s de la reacci\u00f3n, el producto se enfr\u00eda y se filtra para eliminar los subproductos y los ingredientes de origen que no reaccionaron para crear el producto de calidad alimentaria deseado.<\/p>\n<p>La hidrogenaci\u00f3n se utiliza principalmente para producir monoestearato de glicerilo con propiedades espec\u00edficas. Este proceso implica hidrogenar el \u00e1cido este\u00e1rico y luego esterificarlo. Aunque este m\u00e9todo se utiliza menos, a\u00fan puede proporcionar las propiedades deseadas del producto para aplicaciones espec\u00edficas. El producto final tambi\u00e9n debe separarse y purificarse.<\/p>\n<h2><span class=\"ez-toc-section\" id=\"Parametros_relacionados\"><\/span>Par\u00e1metros relacionados:<span class=\"ez-toc-section-end\"><\/span><\/h2>\n<table>\n<tbody>\n<tr>\n<td><strong>ART\u00cdCULOS<\/strong><\/td>\n<td><strong>EST\u00c1NDAR<\/strong><\/td>\n<\/tr>\n<tr>\n<td>Contenido de monoglic\u00e9ridos(%)<\/td>\n<td>40.5-48<\/td>\n<\/tr>\n<tr>\n<td>\u00cdndice de acidez (Como KOH mg\/g)<\/td>\n<td>\u22662.5<\/td>\n<\/tr>\n<tr>\n<td>Glicerol libre\uff08g\/100g\uff09<\/td>\n<td>\u22666.5<\/td>\n<\/tr>\n<tr>\n<td>Ars\u00e9nico \uff08As\uff0cmg\/kg\uff09<\/td>\n<td>\u22662.0<\/td>\n<\/tr>\n<tr>\n<td>Plomo\uff08Pb\uff0cmg\/kg\uff09<\/td>\n<td>\u22662.0<\/td>\n<\/tr>\n<\/tbody>\n<\/table>\n<h2><span class=\"ez-toc-section\" id=\"Dosis_recomendada\"><\/span>Dosis recomendada:<span class=\"ez-toc-section-end\"><\/span><\/h2>\n<table>\n<tbody>\n<tr>\n<td><strong>Nombre del alimento<\/strong><\/td>\n<td><strong>Uso m\u00e1ximo (g\/kg)<\/strong><\/td>\n<\/tr>\n<tr>\n<td>Pan<\/td>\n<td>0,5-1,0 g\/kg<\/td>\n<\/tr>\n<tr>\n<td>Pasteles<\/td>\n<td>0,5-1,0 g\/kg<\/td>\n<\/tr>\n<tr>\n<td>Galletas<\/td>\n<td>0,5-1,0 g\/kg<\/td>\n<\/tr>\n<tr>\n<td>Gofres<\/td>\n<td>0,5-1,0 g\/kg<\/td>\n<\/tr>\n<tr>\n<td>Condimentos<\/td>\n<td>0,5-1,0 g\/kg<\/td>\n<\/tr>\n<tr>\n<td>Salsas<\/td>\n<td>0,5-1,0 g\/kg<\/td>\n<\/tr>\n<tr>\n<td>Productos de queso<\/td>\n<td>0,5-1,0 g\/kg<\/td>\n<\/tr>\n<tr>\n<td>Helado<\/td>\n<td>0,5-1,0 g\/kg<\/td>\n<\/tr>\n<tr>\n<td>Gelatina<\/td>\n<td>0,5-1,0 g\/kg<\/td>\n<\/tr>\n<tr>\n<td>Pudding<\/td>\n<td>0,5-1,0 g\/kg<\/td>\n<\/tr>\n<tr>\n<td>Caramelo<\/td>\n<td>0,5-1,0 g\/kg<\/td>\n<\/tr>\n<tr>\n<td>Chocolate<\/td>\n<td>0,5-1,0 g\/kg<\/td>\n<\/tr>\n<tr>\n<td>Hamburguesas<\/td>\n<td>0,5-1,0 g\/kg<\/td>\n<\/tr>\n<tr>\n<td>Perros calientes<\/td>\n<td>0,5-1,0 g\/kg<\/td>\n<\/tr>\n<\/tbody>\n<\/table>\n<h2><span class=\"ez-toc-section\" id=\"El_polvo_de_jengibre_tiene_una_amplia_gama_de_usos\"><\/span>El polvo de jengibre tiene una amplia gama de usos<span class=\"ez-toc-section-end\"><\/span><\/h2>\n<ol>\n<li>Emulsionante: GMS combina agua y aceite para formar una emulsi\u00f3n estable y funciona eficazmente como emulsionante. Esta emulsi\u00f3n es esencial para la uniformidad y estabilidad de muchos alimentos. Por ejemplo, en condimentos, salsas, helados y otros productos, GMS puede evitar que el aceite y el agua se estratifiquen y hacer que la textura del producto final sea m\u00e1s uniforme.<\/li>\n<li>Mejorar la textura de los alimentos: En los alimentos horneados, GMS puede mejorar la estabilidad y la retenci\u00f3n de gases de la masa, mejorando as\u00ed el volumen y la textura de los alimentos. Por ejemplo, puede hacer que los productos horneados como el pan y los pasteles sean m\u00e1s suaves y delicados, reduciendo el endurecimiento y el secado.<\/li>\n<li>Aumentar la estabilidad de los alimentos: GMS puede retrasar la oxidaci\u00f3n de grasas y aceites en los alimentos, extendiendo as\u00ed la vida \u00fatil de los alimentos y manteniendo el sabor y el valor nutricional de los alimentos. Desempe\u00f1a un papel estabilizador en algunos alimentos ricos en grasas, evitando la descomposici\u00f3n y el deterioro del aceite.<\/li>\n<li>Mejorar el rendimiento del procesamiento: En el procesamiento de alimentos, GMS puede mejorar la eficiencia de la mezcla y agitaci\u00f3n y mejorar la suavidad del proceso de producci\u00f3n. Por ejemplo, agregar GMS durante la producci\u00f3n puede reducir la adhesi\u00f3n de los ingredientes y simplificar la limpieza del equipo.<\/li>\n<\/ol>\n<h2><span class=\"ez-toc-section\" id=\"Pregunta_formulada_por_un_usuario\"><\/span>Pregunta formulada por un usuario:<span class=\"ez-toc-section-end\"><\/span><\/h2>\n<p>Pregunta: \u00bfEl monoestearato de glicerilo causa alg\u00fan efecto en la piel?<\/p>\n<p>Respuesta: En general, el monoestearato de glicerilo (GMS) es seguro para su uso en la piel y no tiene efectos adversos. Este qu\u00edmico se usa con frecuencia en alimentos, cosm\u00e9ticos y productos para el cuidado de la piel como emulsionante y estabilizador; las reacciones al\u00e9rgicas o la irritaci\u00f3n de la piel son efectos secundarios poco comunes. Sin embargo, una cantidad muy peque\u00f1a de personas puede experimentar una irritaci\u00f3n leve o reacciones al\u00e9rgicas al GMS u otros ingredientes, que generalmente est\u00e1n relacionadas con la sensibilidad cut\u00e1nea individual.<\/p>\n<p>En general, el GMS tiene una alta calificaci\u00f3n de seguridad para la piel y la mayor\u00eda de las personas no tendr\u00e1n problemas al usar productos que lo contengan. Para asegurarse de que no haya reacciones negativas, se debe realizar una prueba local antes del uso en personas con piel extremadamente sensible o antecedentes de alergias. Si experimenta alguna molestia, debe dejar de usarlo de inmediato y consultar a un m\u00e9dico.<\/p>\n","protected":false},"excerpt":{"rendered":"<ul>\n<li>CAS: 123-94-4<\/li>\n<li>F\u00f3rmula qu\u00edmica:C<sub>21<\/sub>H<sub>42<\/sub>O<sub>4<\/sub><\/li>\n<li>Certificaciones: KOSHER, ISO, HALAL, FSSC 22000, BRC, etc.<\/li>\n<li>Cantidad m\u00ednima de pedido: 1000KG<\/li>\n<li>Caducidad: 2 a\u00f1os<\/li>\n<\/ul>\n","protected":false},"featured_media":5637,"template":"","meta":{"site-sidebar-layout":"default","site-content-layout":"","ast-site-content-layout":"default","site-content-style":"default","site-sidebar-style":"default","ast-global-header-display":"","ast-banner-title-visibility":"","ast-main-header-display":"","ast-hfb-above-header-display":"","ast-hfb-below-header-display":"","ast-hfb-mobile-header-display":"","site-post-title":"","ast-breadcrumbs-content":"","ast-featured-img":"","footer-sml-layout":"","theme-transparent-header-meta":"default","adv-header-id-meta":"","stick-header-meta":"","header-above-stick-meta":"","header-main-stick-meta":"","header-below-stick-meta":"","astra-migrate-meta-layouts":"set","ast-page-background-enabled":"default","ast-page-background-meta":{"desktop":{"background-color":"var(--ast-global-color-4)","background-image":"","background-repeat":"repeat","background-position":"center center","background-size":"auto","background-attachment":"scroll","background-type":"","background-media":"","overlay-type":"","overlay-color":"","overlay-opacity":"","overlay-gradient":""},"tablet":{"background-color":"","background-image":"","background-repeat":"repeat","background-position":"center center","background-size":"auto","background-attachment":"scroll","background-type":"","background-media":"","overlay-type":"","overlay-color":"","overlay-opacity":"","overlay-gradient":""},"mobile":{"background-color":"","background-image":"","background-repeat":"repeat","background-position":"center center","background-size":"auto","background-attachment":"scroll","background-type":"","background-media":"","overlay-type":"","overlay-color":"","overlay-opacity":"","overlay-gradient":""}},"ast-content-background-meta":{"desktop":{"background-color":"var(--ast-global-color-5)","background-image":"","background-repeat":"repeat","background-position":"center center","background-size":"auto","background-attachment":"scroll","background-type":"","background-media":"","overlay-type":"","overlay-color":"","overlay-opacity":"","overlay-gradient":""},"tablet":{"background-color":"var(--ast-global-color-5)","background-image":"","background-repeat":"repeat","background-position":"center center","background-size":"auto","background-attachment":"scroll","background-type":"","background-media":"","overlay-type":"","overlay-color":"","overlay-opacity":"","overlay-gradient":""},"mobile":{"background-color":"var(--ast-global-color-5)","background-image":"","background-repeat":"repeat","background-position":"center center","background-size":"auto","background-attachment":"scroll","background-type":"","background-media":"","overlay-type":"","overlay-color":"","overlay-opacity":"","overlay-gradient":""}}},"product_brand":[],"product_cat":[86],"product_tag":[],"class_list":{"0":"post-9802","1":"product","2":"type-product","3":"status-publish","4":"has-post-thumbnail","6":"product_cat-producto-emulsionante","7":"desktop-align-center","8":"tablet-align-left","9":"mobile-align-left","11":"first","12":"instock","13":"shipping-taxable","14":"product-type-simple"},"yoast_head":"<!-- This site is optimized with the Yoast SEO plugin v26.5 - https:\/\/yoast.com\/wordpress\/plugins\/seo\/ -->\n<title>Monoestearato de Glicerilo E471, Comprar Monoestearato de Glicerilo Aditivo a Precio Econ\u00f3mico | Niranbio Chemical<\/title>\n<meta name=\"description\" content=\"El monoestearato de glicerilo (E471) es un compuesto org\u00e1nico con apariencia de polvo blanco, utilizado principalmente como antioxidante, estabilizador y emulsionante en la industria alimentaria.\" \/>\n<meta name=\"robots\" content=\"noindex, follow, max-snippet:-1, max-image-preview:large, max-video-preview:-1\" \/>\n<meta name=\"twitter:label1\" content=\"Tiempo de lectura\" \/>\n\t<meta name=\"twitter:data1\" content=\"4 minutos\" \/>\n<script type=\"application\/ld+json\" class=\"yoast-schema-graph\">{\"@context\":\"https:\/\/schema.org\",\"@graph\":[{\"@type\":\"WebPage\",\"@id\":\"https:\/\/theo.niranbio.com\/es\/monoestearato-de-glicerilo-gms.html\",\"url\":\"https:\/\/theo.niranbio.com\/es\/monoestearato-de-glicerilo-gms.html\",\"name\":\"Monoestearato de Glicerilo E471, Comprar Monoestearato de Glicerilo Aditivo a Precio Econ\u00f3mico | Niranbio Chemical\",\"isPartOf\":{\"@id\":\"https:\/\/theo.niranbio.com\/es\/#website\"},\"primaryImageOfPage\":{\"@id\":\"https:\/\/theo.niranbio.com\/es\/monoestearato-de-glicerilo-gms.html#primaryimage\"},\"image\":{\"@id\":\"https:\/\/theo.niranbio.com\/es\/monoestearato-de-glicerilo-gms.html#primaryimage\"},\"thumbnailUrl\":\"https:\/\/theo.niranbio.com\/wp-content\/uploads\/2024\/06\/Glyceryl-Monostearate\uff08GMS\uff09.webp\",\"datePublished\":\"2024-06-20T03:49:50+00:00\",\"dateModified\":\"2024-08-15T07:08:42+00:00\",\"description\":\"El monoestearato de glicerilo (E471) es un compuesto org\u00e1nico con apariencia de polvo blanco, utilizado principalmente como antioxidante, estabilizador y emulsionante en la industria alimentaria.\",\"breadcrumb\":{\"@id\":\"https:\/\/theo.niranbio.com\/es\/monoestearato-de-glicerilo-gms.html#breadcrumb\"},\"inLanguage\":\"es\",\"potentialAction\":[{\"@type\":\"ReadAction\",\"target\":[\"https:\/\/theo.niranbio.com\/es\/monoestearato-de-glicerilo-gms.html\"]}]},{\"@type\":\"ImageObject\",\"inLanguage\":\"es\",\"@id\":\"https:\/\/theo.niranbio.com\/es\/monoestearato-de-glicerilo-gms.html#primaryimage\",\"url\":\"https:\/\/theo.niranbio.com\/wp-content\/uploads\/2024\/06\/Glyceryl-Monostearate\uff08GMS\uff09.webp\",\"contentUrl\":\"https:\/\/theo.niranbio.com\/wp-content\/uploads\/2024\/06\/Glyceryl-Monostearate\uff08GMS\uff09.webp\",\"width\":600,\"height\":600,\"caption\":\"Monoestearato de glicerilo (GMS)\"},{\"@type\":\"BreadcrumbList\",\"@id\":\"https:\/\/theo.niranbio.com\/es\/monoestearato-de-glicerilo-gms.html#breadcrumb\",\"itemListElement\":[{\"@type\":\"ListItem\",\"position\":1,\"name\":\"Home\",\"item\":\"https:\/\/theo.niranbio.com\/es\/\"},{\"@type\":\"ListItem\",\"position\":2,\"name\":\"Productos\",\"item\":\"https:\/\/theo.niranbio.com\/es\/productos.html\"},{\"@type\":\"ListItem\",\"position\":3,\"name\":\"Emulsionante\",\"item\":\"https:\/\/theo.niranbio.com\/es\/producto-emulsionante\/\"},{\"@type\":\"ListItem\",\"position\":4,\"name\":\"Monoestearato de glicerilo (GMS)\"}]},{\"@type\":\"WebSite\",\"@id\":\"https:\/\/theo.niranbio.com\/es\/#website\",\"url\":\"https:\/\/theo.niranbio.com\/es\/\",\"name\":\"Niranbio Chemical\",\"description\":\"\",\"publisher\":{\"@id\":\"https:\/\/theo.niranbio.com\/es\/#organization\"},\"potentialAction\":[{\"@type\":\"SearchAction\",\"target\":{\"@type\":\"EntryPoint\",\"urlTemplate\":\"https:\/\/theo.niranbio.com\/es\/?s={search_term_string}\"},\"query-input\":{\"@type\":\"PropertyValueSpecification\",\"valueRequired\":true,\"valueName\":\"search_term_string\"}}],\"inLanguage\":\"es\"},{\"@type\":\"Organization\",\"@id\":\"https:\/\/theo.niranbio.com\/es\/#organization\",\"name\":\"Niranbio Chemical\",\"url\":\"https:\/\/theo.niranbio.com\/es\/\",\"logo\":{\"@type\":\"ImageObject\",\"inLanguage\":\"es\",\"@id\":\"https:\/\/theo.niranbio.com\/es\/#\/schema\/logo\/image\/\",\"url\":\"https:\/\/theo.niranbio.com\/wp-content\/uploads\/2024\/06\/Niranbio.png\",\"contentUrl\":\"https:\/\/theo.niranbio.com\/wp-content\/uploads\/2024\/06\/Niranbio.png\",\"width\":270,\"height\":100,\"caption\":\"Niranbio Chemical\"},\"image\":{\"@id\":\"https:\/\/theo.niranbio.com\/es\/#\/schema\/logo\/image\/\"}}]}<\/script>\n<!-- \/ Yoast SEO plugin. -->","yoast_head_json":{"title":"Monoestearato de Glicerilo E471, Comprar Monoestearato de Glicerilo Aditivo a Precio Econ\u00f3mico | Niranbio Chemical","description":"El monoestearato de glicerilo (E471) es un compuesto org\u00e1nico con apariencia de polvo blanco, utilizado principalmente como antioxidante, estabilizador y emulsionante en la industria alimentaria.","robots":{"index":"noindex","follow":"follow","max-snippet":"max-snippet:-1","max-image-preview":"max-image-preview:large","max-video-preview":"max-video-preview:-1"},"twitter_misc":{"Tiempo de lectura":"4 minutos"},"schema":{"@context":"https:\/\/schema.org","@graph":[{"@type":"WebPage","@id":"https:\/\/theo.niranbio.com\/es\/monoestearato-de-glicerilo-gms.html","url":"https:\/\/theo.niranbio.com\/es\/monoestearato-de-glicerilo-gms.html","name":"Monoestearato de Glicerilo E471, Comprar Monoestearato de Glicerilo Aditivo a Precio Econ\u00f3mico | Niranbio Chemical","isPartOf":{"@id":"https:\/\/theo.niranbio.com\/es\/#website"},"primaryImageOfPage":{"@id":"https:\/\/theo.niranbio.com\/es\/monoestearato-de-glicerilo-gms.html#primaryimage"},"image":{"@id":"https:\/\/theo.niranbio.com\/es\/monoestearato-de-glicerilo-gms.html#primaryimage"},"thumbnailUrl":"https:\/\/theo.niranbio.com\/wp-content\/uploads\/2024\/06\/Glyceryl-Monostearate\uff08GMS\uff09.webp","datePublished":"2024-06-20T03:49:50+00:00","dateModified":"2024-08-15T07:08:42+00:00","description":"El monoestearato de glicerilo (E471) es un compuesto org\u00e1nico con apariencia de polvo blanco, utilizado principalmente como antioxidante, estabilizador y emulsionante en la industria alimentaria.","breadcrumb":{"@id":"https:\/\/theo.niranbio.com\/es\/monoestearato-de-glicerilo-gms.html#breadcrumb"},"inLanguage":"es","potentialAction":[{"@type":"ReadAction","target":["https:\/\/theo.niranbio.com\/es\/monoestearato-de-glicerilo-gms.html"]}]},{"@type":"ImageObject","inLanguage":"es","@id":"https:\/\/theo.niranbio.com\/es\/monoestearato-de-glicerilo-gms.html#primaryimage","url":"https:\/\/theo.niranbio.com\/wp-content\/uploads\/2024\/06\/Glyceryl-Monostearate\uff08GMS\uff09.webp","contentUrl":"https:\/\/theo.niranbio.com\/wp-content\/uploads\/2024\/06\/Glyceryl-Monostearate\uff08GMS\uff09.webp","width":600,"height":600,"caption":"Monoestearato de glicerilo (GMS)"},{"@type":"BreadcrumbList","@id":"https:\/\/theo.niranbio.com\/es\/monoestearato-de-glicerilo-gms.html#breadcrumb","itemListElement":[{"@type":"ListItem","position":1,"name":"Home","item":"https:\/\/theo.niranbio.com\/es\/"},{"@type":"ListItem","position":2,"name":"Productos","item":"https:\/\/theo.niranbio.com\/es\/productos.html"},{"@type":"ListItem","position":3,"name":"Emulsionante","item":"https:\/\/theo.niranbio.com\/es\/producto-emulsionante\/"},{"@type":"ListItem","position":4,"name":"Monoestearato de glicerilo (GMS)"}]},{"@type":"WebSite","@id":"https:\/\/theo.niranbio.com\/es\/#website","url":"https:\/\/theo.niranbio.com\/es\/","name":"Niranbio Chemical","description":"","publisher":{"@id":"https:\/\/theo.niranbio.com\/es\/#organization"},"potentialAction":[{"@type":"SearchAction","target":{"@type":"EntryPoint","urlTemplate":"https:\/\/theo.niranbio.com\/es\/?s={search_term_string}"},"query-input":{"@type":"PropertyValueSpecification","valueRequired":true,"valueName":"search_term_string"}}],"inLanguage":"es"},{"@type":"Organization","@id":"https:\/\/theo.niranbio.com\/es\/#organization","name":"Niranbio Chemical","url":"https:\/\/theo.niranbio.com\/es\/","logo":{"@type":"ImageObject","inLanguage":"es","@id":"https:\/\/theo.niranbio.com\/es\/#\/schema\/logo\/image\/","url":"https:\/\/theo.niranbio.com\/wp-content\/uploads\/2024\/06\/Niranbio.png","contentUrl":"https:\/\/theo.niranbio.com\/wp-content\/uploads\/2024\/06\/Niranbio.png","width":270,"height":100,"caption":"Niranbio Chemical"},"image":{"@id":"https:\/\/theo.niranbio.com\/es\/#\/schema\/logo\/image\/"}}]}},"_links":{"self":[{"href":"https:\/\/theo.niranbio.com\/es\/wp-json\/wp\/v2\/product\/9802","targetHints":{"allow":["GET"]}}],"collection":[{"href":"https:\/\/theo.niranbio.com\/es\/wp-json\/wp\/v2\/product"}],"about":[{"href":"https:\/\/theo.niranbio.com\/es\/wp-json\/wp\/v2\/types\/product"}],"version-history":[{"count":0,"href":"https:\/\/theo.niranbio.com\/es\/wp-json\/wp\/v2\/product\/9802\/revisions"}],"wp:featuredmedia":[{"embeddable":true,"href":"https:\/\/theo.niranbio.com\/es\/wp-json\/wp\/v2\/media\/5637"}],"wp:attachment":[{"href":"https:\/\/theo.niranbio.com\/es\/wp-json\/wp\/v2\/media?parent=9802"}],"wp:term":[{"taxonomy":"product_brand","embeddable":true,"href":"https:\/\/theo.niranbio.com\/es\/wp-json\/wp\/v2\/product_brand?post=9802"},{"taxonomy":"product_cat","embeddable":true,"href":"https:\/\/theo.niranbio.com\/es\/wp-json\/wp\/v2\/product_cat?post=9802"},{"taxonomy":"product_tag","embeddable":true,"href":"https:\/\/theo.niranbio.com\/es\/wp-json\/wp\/v2\/product_tag?post=9802"}],"curies":[{"name":"wp","href":"https:\/\/api.w.org\/{rel}","templated":true}]}}