{"id":9789,"date":"2024-06-20T11:50:58","date_gmt":"2024-06-20T03:50:58","guid":{"rendered":"https:\/\/theo.niranbio.com\/esteres-de-acido-diacetiltartarico-de-monogliceridos-datem\/"},"modified":"2024-08-15T15:04:49","modified_gmt":"2024-08-15T07:04:49","slug":"esteres-de-acido-diacetiltartarico-de-monogliceridos-datem","status":"publish","type":"product","link":"https:\/\/theo.niranbio.com\/es\/esteres-de-acido-diacetiltartarico-de-monogliceridos-datem.html","title":{"rendered":"\u00c9steres de \u00e1cido diacetiltart\u00e1rico de monoglic\u00e9ridos (DATEM)"},"content":{"rendered":"<h2><span class=\"ez-toc-section\" id=\"%C2%BFQue_son_los_esteres_de_acido_diacetiltartarico_de_monogliceridos\"><\/span>\u00bfQu\u00e9 son los \u00e9steres de \u00e1cido diacetiltart\u00e1rico de monoglic\u00e9ridos?<span class=\"ez-toc-section-end\"><\/span><\/h2>\n<p>La industria alimentaria utiliza con frecuencia \u00e9steres de \u00e1cido diacetiltart\u00e1rico de monoglic\u00e9ridos como emulsionante y estabilizador. Se utiliza principalmente en pan y productos horneados para mejorar la estabilidad de la masa, mejorar la retenci\u00f3n de gas y mejorar el volumen y la textura de los alimentos. DATEM, que suele ser un polvo blanco, garantiza la calidad y el sabor de los productos horneados al permanecer estable a altas temperaturas y ser dif\u00edcil de descomponer.<\/p>\n<p>En la industria alimentaria, los \u00e9steres de \u00e1cido diacetiltart\u00e1rico de monoglic\u00e9ridos se emplean con frecuencia como estabilizadores y emulsionantes. Se utiliza principalmente en pan y productos horneados para mejorar la estabilidad de la masa, mejorar la capacidad de retenci\u00f3n de gas y mejorar el volumen y la textura de los alimentos. El DATEM, que suele ser un polvo blanco, garantiza la calidad y el sabor de los productos horneados al ser estable a altas temperaturas y dif\u00edcil de descomponer. En China, las formas m\u00e1s comunes de preparaci\u00f3n para el DATEM son las siguientes:<\/p>\n<ol>\n<li>M\u00e9todo de esterificaci\u00f3n catalizada por \u00e1cido Este es el m\u00e9todo de preparaci\u00f3n m\u00e1s utilizado, que consiste en esterificar el monoglic\u00e9rido con \u00e1cido tart\u00e1rico bajo la acci\u00f3n de un catalizador \u00e1cido. Este m\u00e9todo controla las condiciones de reacci\u00f3n (como la temperatura, la presi\u00f3n, el tiempo de reacci\u00f3n, etc.) durante el proceso de preparaci\u00f3n para garantizar la calidad del producto. El m\u00e9todo de esterificaci\u00f3n catalizada por \u00e1cido tiene una buena eficiencia de reacci\u00f3n y una alta pureza del producto.<\/li>\n<li>M\u00e9todo de transesterificaci\u00f3n El m\u00e9todo de transesterificaci\u00f3n es otro m\u00e9todo de preparaci\u00f3n com\u00fan. En este proceso, primero se prepara un producto intermedio que contiene \u00e1cido tart\u00e1rico y glicerol, y luego se convierte en DATEM a trav\u00e9s de una reacci\u00f3n de esterificaci\u00f3n. Este m\u00e9todo es adecuado para intermedios que tienen una determinada reacci\u00f3n de esterificaci\u00f3n y puede mejorar la eficiencia de la reacci\u00f3n.<\/li>\n<li>M\u00e9todo de esterificaci\u00f3n-neutralizaci\u00f3n Este m\u00e9todo genera primero un producto preliminar a trav\u00e9s de una reacci\u00f3n de esterificaci\u00f3n, luego elimina las materias primas y los subproductos que no reaccionaron a trav\u00e9s de una reacci\u00f3n de neutralizaci\u00f3n y, finalmente, obtiene DATEM. El m\u00e9todo de esterificaci\u00f3n-neutralizaci\u00f3n garantiza la calidad y la estabilidad del producto a trav\u00e9s de dos pasos de separaci\u00f3n y purificaci\u00f3n.<\/li>\n<\/ol>\n<h2><span class=\"ez-toc-section\" id=\"Parametros_relacionados\"><\/span>Par\u00e1metros relacionados:<span class=\"ez-toc-section-end\"><\/span><\/h2>\n<h2><span class=\"ez-toc-section\" id=\"Dosis_recomendada\"><\/span>Dosis recomendada:<span class=\"ez-toc-section-end\"><\/span><\/h2>\n<table>\n<tbody>\n<tr>\n<td><strong>Nombre del alimento<\/strong><\/td>\n<td><strong>Uso m\u00e1ximo (g\/kg)<\/strong><\/td>\n<\/tr>\n<tr>\n<td>Productos de panader\u00eda<\/td>\n<td>0,5-1,0 g\/kg<\/td>\n<\/tr>\n<tr>\n<td>Pasteles<\/td>\n<td>0,5-1,0 g\/kg<\/td>\n<\/tr>\n<tr>\n<td>Galletas<\/td>\n<td>0,5-1,0 g\/kg<\/td>\n<\/tr>\n<tr>\n<td>Tartas de huevo<\/td>\n<td>0,5-1,0 g\/kg<\/td>\n<\/tr>\n<tr>\n<td>Puffs<\/td>\n<td>0,5-1,0 g\/kg<\/td>\n<\/tr>\n<tr>\n<td>Donuts<\/td>\n<td>0,5-1,0 g\/kg<\/td>\n<\/tr>\n<tr>\n<td>Pasteles de fruta<\/td>\n<td>0,5-1,0 g\/kg<\/td>\n<\/tr>\n<tr>\n<td>Barritas proteicas<\/td>\n<td>0,5-1,0 g\/kg<\/td>\n<\/tr>\n<tr>\n<td>Bebidas prote\u00ednicas<\/td>\n<td>0,5-1,0 g\/kg<\/td>\n<\/tr>\n<tr>\n<td>Mezclas para panader\u00eda<\/td>\n<td>0,5-1,0 g\/kg<\/td>\n<\/tr>\n<tr>\n<td>Productos l\u00e1cteos<\/td>\n<td>0,5-1,0 g\/kg<\/td>\n<\/tr>\n<tr>\n<td>Productos de queso<\/td>\n<td>0,5-1,0 g\/kg<\/td>\n<\/tr>\n<tr>\n<td>Alimentos listos para el consumo<\/td>\n<td>0,5-1,0 g\/kg<\/td>\n<\/tr>\n<tr>\n<td>Condimentos<\/td>\n<td>0,5-1,0 g\/kg<\/td>\n<\/tr>\n<\/tbody>\n<\/table>\n<h2><span class=\"ez-toc-section\" id=\"Los_esteres_de_acido_diacetiltartarico_de_monogliceridos_tienen_una_amplia_gama_de_usos\"><\/span>Los \u00e9steres de \u00e1cido diacetiltart\u00e1rico de monoglic\u00e9ridos tienen una amplia gama de usos<span class=\"ez-toc-section-end\"><\/span><\/h2>\n<ol>\n<li>Emulsificaci\u00f3n: DATEM es un emulsionante y estabilizador altamente eficaz. Su funci\u00f3n principal es estabilizar las emulsiones, evitar la estratificaci\u00f3n de aceite y agua, mejorar la emulsificaci\u00f3n y distribuir uniformemente el aceite y el agua en los alimentos, mejorando as\u00ed el sabor y la apariencia de los alimentos.<\/li>\n<li>Estabilidad de la masa: DATEM puede mejorar significativamente la estabilidad y las propiedades mec\u00e1nicas de la masa, mejorar la capacidad de retenci\u00f3n de gases y dar al pan y otros productos horneados un mayor volumen y una textura m\u00e1s suave durante la fermentaci\u00f3n y el horneado. Puede evitar que la masa se expanda o encoja demasiado, lo que garantiza la consistencia de calidad del producto final.<\/li>\n<li>Mejora la calidad de los alimentos: DATEM tambi\u00e9n puede mejorar la calidad de los alimentos, aumentar el volumen y la densidad, hacer que los productos horneados como el pan y los pasteles sean m\u00e1s esponjosos y uniformes, y reducir la densidad y dureza del producto.<\/li>\n<\/ol>\n<p>Adem\u00e1s, puede retrasar la ranciedad de los alimentos y mantener la frescura y suavidad de los alimentos.<\/p>\n<h2><span class=\"ez-toc-section\" id=\"Pregunta_formulada_por_un_usuario\"><\/span>Pregunta formulada por un usuario:<span class=\"ez-toc-section-end\"><\/span><\/h2>\n<p>Pregunta: \u00bfC\u00f3mo afecta el uso de DATEM al sabor de los alimentos?<\/p>\n<p>Respuesta: Los \u00e9steres de \u00e1cido diacetiltart\u00e1rico de monoglic\u00e9ridos pueden mejorar significativamente el sabor de los alimentos, principalmente al mejorar la estabilidad de la masa y la capacidad de retenci\u00f3n de gases, haciendo que los productos horneados como el pan y los pasteles sean m\u00e1s suaves y delicados. Mejora la uniformidad y la textura de los alimentos, haciendo que cada bocado sea m\u00e1s consistente, al tiempo que prolonga la frescura de los alimentos y reduce el riesgo de sequedad y deterioro. DATEM tambi\u00e9n previene la contracci\u00f3n de la masa, mantiene la forma y la estructura originales de los alimentos y mejora a\u00fan m\u00e1s el sabor y la apariencia general de los alimentos.<\/p>\n","protected":false},"excerpt":{"rendered":"<ul>\n<li>CAS: 100085-39-0<\/li>\n<li>F\u00f3rmula qu\u00edmica: C<sub>22<\/sub>H<sub>42<\/sub>O<sub>9<\/sub><\/li>\n<li>Certificaciones: KOSHER, ISO, HALAL, FSSC 22000, BRC, etc.<\/li>\n<li>Est\u00e1ndar: E472e<\/li>\n<li>Cantidad m\u00ednima de pedido: 1000KG<\/li>\n<li>Caducidad: 2 a\u00f1os<\/li>\n<\/ul>\n","protected":false},"featured_media":5636,"template":"","meta":{"site-sidebar-layout":"default","site-content-layout":"","ast-site-content-layout":"default","site-content-style":"default","site-sidebar-style":"default","ast-global-header-display":"","ast-banner-title-visibility":"","ast-main-header-display":"","ast-hfb-above-header-display":"","ast-hfb-below-header-display":"","ast-hfb-mobile-header-display":"","site-post-title":"","ast-breadcrumbs-content":"","ast-featured-img":"","footer-sml-layout":"","theme-transparent-header-meta":"default","adv-header-id-meta":"","stick-header-meta":"","header-above-stick-meta":"","header-main-stick-meta":"","header-below-stick-meta":"","astra-migrate-meta-layouts":"set","ast-page-background-enabled":"default","ast-page-background-meta":{"desktop":{"background-color":"var(--ast-global-color-4)","background-image":"","background-repeat":"repeat","background-position":"center center","background-size":"auto","background-attachment":"scroll","background-type":"","background-media":"","overlay-type":"","overlay-color":"","overlay-opacity":"","overlay-gradient":""},"tablet":{"background-color":"","background-image":"","background-repeat":"repeat","background-position":"center center","background-size":"auto","background-attachment":"scroll","background-type":"","background-media":"","overlay-type":"","overlay-color":"","overlay-opacity":"","overlay-gradient":""},"mobile":{"background-color":"","background-image":"","background-repeat":"repeat","background-position":"center center","background-size":"auto","background-attachment":"scroll","background-type":"","background-media":"","overlay-type":"","overlay-color":"","overlay-opacity":"","overlay-gradient":""}},"ast-content-background-meta":{"desktop":{"background-color":"var(--ast-global-color-5)","background-image":"","background-repeat":"repeat","background-position":"center center","background-size":"auto","background-attachment":"scroll","background-type":"","background-media":"","overlay-type":"","overlay-color":"","overlay-opacity":"","overlay-gradient":""},"tablet":{"background-color":"var(--ast-global-color-5)","background-image":"","background-repeat":"repeat","background-position":"center center","background-size":"auto","background-attachment":"scroll","background-type":"","background-media":"","overlay-type":"","overlay-color":"","overlay-opacity":"","overlay-gradient":""},"mobile":{"background-color":"var(--ast-global-color-5)","background-image":"","background-repeat":"repeat","background-position":"center center","background-size":"auto","background-attachment":"scroll","background-type":"","background-media":"","overlay-type":"","overlay-color":"","overlay-opacity":"","overlay-gradient":""}}},"product_brand":[],"product_cat":[86],"product_tag":[],"class_list":{"0":"post-9789","1":"product","2":"type-product","3":"status-publish","4":"has-post-thumbnail","6":"product_cat-producto-emulsionante","7":"desktop-align-center","8":"tablet-align-left","9":"mobile-align-left","11":"first","12":"instock","13":"shipping-taxable","14":"product-type-simple"},"yoast_head":"<!-- This site is optimized with the Yoast SEO plugin v26.5 - https:\/\/yoast.com\/wordpress\/plugins\/seo\/ -->\n<title>DATEM E472e en Polvo, Ingrediente Alimentario DATEM | Niranbio Chemical<\/title>\n<meta name=\"description\" content=\"DATEM es un polvo blanco que garantiza la calidad y el sabor de los productos horneados al permanecer estable a altas temperaturas y ser dif\u00edcil de descomponer.\" \/>\n<meta name=\"robots\" content=\"noindex, follow, max-snippet:-1, max-image-preview:large, max-video-preview:-1\" \/>\n<meta name=\"twitter:label1\" content=\"Tiempo de lectura\" \/>\n\t<meta name=\"twitter:data1\" content=\"4 minutos\" \/>\n<script type=\"application\/ld+json\" class=\"yoast-schema-graph\">{\"@context\":\"https:\/\/schema.org\",\"@graph\":[{\"@type\":\"WebPage\",\"@id\":\"https:\/\/theo.niranbio.com\/es\/esteres-de-acido-diacetiltartarico-de-monogliceridos-datem.html\",\"url\":\"https:\/\/theo.niranbio.com\/es\/esteres-de-acido-diacetiltartarico-de-monogliceridos-datem.html\",\"name\":\"DATEM E472e en Polvo, Ingrediente Alimentario DATEM | Niranbio Chemical\",\"isPartOf\":{\"@id\":\"https:\/\/theo.niranbio.com\/es\/#website\"},\"primaryImageOfPage\":{\"@id\":\"https:\/\/theo.niranbio.com\/es\/esteres-de-acido-diacetiltartarico-de-monogliceridos-datem.html#primaryimage\"},\"image\":{\"@id\":\"https:\/\/theo.niranbio.com\/es\/esteres-de-acido-diacetiltartarico-de-monogliceridos-datem.html#primaryimage\"},\"thumbnailUrl\":\"https:\/\/theo.niranbio.com\/wp-content\/uploads\/2024\/06\/Diacetyl-Tartaric-Acid-Ester-of-Mono\uff08DATEM\uff09.webp\",\"datePublished\":\"2024-06-20T03:50:58+00:00\",\"dateModified\":\"2024-08-15T07:04:49+00:00\",\"description\":\"DATEM es un polvo blanco que garantiza la calidad y el sabor de los productos horneados al permanecer estable a altas temperaturas y ser dif\u00edcil de descomponer.\",\"breadcrumb\":{\"@id\":\"https:\/\/theo.niranbio.com\/es\/esteres-de-acido-diacetiltartarico-de-monogliceridos-datem.html#breadcrumb\"},\"inLanguage\":\"es\",\"potentialAction\":[{\"@type\":\"ReadAction\",\"target\":[\"https:\/\/theo.niranbio.com\/es\/esteres-de-acido-diacetiltartarico-de-monogliceridos-datem.html\"]}]},{\"@type\":\"ImageObject\",\"inLanguage\":\"es\",\"@id\":\"https:\/\/theo.niranbio.com\/es\/esteres-de-acido-diacetiltartarico-de-monogliceridos-datem.html#primaryimage\",\"url\":\"https:\/\/theo.niranbio.com\/wp-content\/uploads\/2024\/06\/Diacetyl-Tartaric-Acid-Ester-of-Mono\uff08DATEM\uff09.webp\",\"contentUrl\":\"https:\/\/theo.niranbio.com\/wp-content\/uploads\/2024\/06\/Diacetyl-Tartaric-Acid-Ester-of-Mono\uff08DATEM\uff09.webp\",\"width\":600,\"height\":600,\"caption\":\"\u00c9ster de \u00e1cido diacetiltart\u00e1rico de mono (DATEM)\"},{\"@type\":\"BreadcrumbList\",\"@id\":\"https:\/\/theo.niranbio.com\/es\/esteres-de-acido-diacetiltartarico-de-monogliceridos-datem.html#breadcrumb\",\"itemListElement\":[{\"@type\":\"ListItem\",\"position\":1,\"name\":\"Home\",\"item\":\"https:\/\/theo.niranbio.com\/es\/\"},{\"@type\":\"ListItem\",\"position\":2,\"name\":\"Productos\",\"item\":\"https:\/\/theo.niranbio.com\/es\/productos.html\"},{\"@type\":\"ListItem\",\"position\":3,\"name\":\"Emulsionante\",\"item\":\"https:\/\/theo.niranbio.com\/es\/producto-emulsionante\/\"},{\"@type\":\"ListItem\",\"position\":4,\"name\":\"\u00c9steres de \u00e1cido diacetiltart\u00e1rico de monoglic\u00e9ridos (DATEM)\"}]},{\"@type\":\"WebSite\",\"@id\":\"https:\/\/theo.niranbio.com\/es\/#website\",\"url\":\"https:\/\/theo.niranbio.com\/es\/\",\"name\":\"Niranbio Chemical\",\"description\":\"\",\"publisher\":{\"@id\":\"https:\/\/theo.niranbio.com\/es\/#organization\"},\"potentialAction\":[{\"@type\":\"SearchAction\",\"target\":{\"@type\":\"EntryPoint\",\"urlTemplate\":\"https:\/\/theo.niranbio.com\/es\/?s={search_term_string}\"},\"query-input\":{\"@type\":\"PropertyValueSpecification\",\"valueRequired\":true,\"valueName\":\"search_term_string\"}}],\"inLanguage\":\"es\"},{\"@type\":\"Organization\",\"@id\":\"https:\/\/theo.niranbio.com\/es\/#organization\",\"name\":\"Niranbio Chemical\",\"url\":\"https:\/\/theo.niranbio.com\/es\/\",\"logo\":{\"@type\":\"ImageObject\",\"inLanguage\":\"es\",\"@id\":\"https:\/\/theo.niranbio.com\/es\/#\/schema\/logo\/image\/\",\"url\":\"https:\/\/theo.niranbio.com\/wp-content\/uploads\/2024\/06\/Niranbio.png\",\"contentUrl\":\"https:\/\/theo.niranbio.com\/wp-content\/uploads\/2024\/06\/Niranbio.png\",\"width\":270,\"height\":100,\"caption\":\"Niranbio Chemical\"},\"image\":{\"@id\":\"https:\/\/theo.niranbio.com\/es\/#\/schema\/logo\/image\/\"}}]}<\/script>\n<!-- \/ Yoast SEO plugin. -->","yoast_head_json":{"title":"DATEM E472e en Polvo, Ingrediente Alimentario DATEM | Niranbio Chemical","description":"DATEM es un polvo blanco que garantiza la calidad y el sabor de los productos horneados al permanecer estable a altas temperaturas y ser dif\u00edcil de descomponer.","robots":{"index":"noindex","follow":"follow","max-snippet":"max-snippet:-1","max-image-preview":"max-image-preview:large","max-video-preview":"max-video-preview:-1"},"twitter_misc":{"Tiempo de lectura":"4 minutos"},"schema":{"@context":"https:\/\/schema.org","@graph":[{"@type":"WebPage","@id":"https:\/\/theo.niranbio.com\/es\/esteres-de-acido-diacetiltartarico-de-monogliceridos-datem.html","url":"https:\/\/theo.niranbio.com\/es\/esteres-de-acido-diacetiltartarico-de-monogliceridos-datem.html","name":"DATEM E472e en Polvo, Ingrediente Alimentario DATEM | Niranbio Chemical","isPartOf":{"@id":"https:\/\/theo.niranbio.com\/es\/#website"},"primaryImageOfPage":{"@id":"https:\/\/theo.niranbio.com\/es\/esteres-de-acido-diacetiltartarico-de-monogliceridos-datem.html#primaryimage"},"image":{"@id":"https:\/\/theo.niranbio.com\/es\/esteres-de-acido-diacetiltartarico-de-monogliceridos-datem.html#primaryimage"},"thumbnailUrl":"https:\/\/theo.niranbio.com\/wp-content\/uploads\/2024\/06\/Diacetyl-Tartaric-Acid-Ester-of-Mono\uff08DATEM\uff09.webp","datePublished":"2024-06-20T03:50:58+00:00","dateModified":"2024-08-15T07:04:49+00:00","description":"DATEM es un polvo blanco que garantiza la calidad y el sabor de los productos horneados al permanecer estable a altas temperaturas y ser dif\u00edcil de descomponer.","breadcrumb":{"@id":"https:\/\/theo.niranbio.com\/es\/esteres-de-acido-diacetiltartarico-de-monogliceridos-datem.html#breadcrumb"},"inLanguage":"es","potentialAction":[{"@type":"ReadAction","target":["https:\/\/theo.niranbio.com\/es\/esteres-de-acido-diacetiltartarico-de-monogliceridos-datem.html"]}]},{"@type":"ImageObject","inLanguage":"es","@id":"https:\/\/theo.niranbio.com\/es\/esteres-de-acido-diacetiltartarico-de-monogliceridos-datem.html#primaryimage","url":"https:\/\/theo.niranbio.com\/wp-content\/uploads\/2024\/06\/Diacetyl-Tartaric-Acid-Ester-of-Mono\uff08DATEM\uff09.webp","contentUrl":"https:\/\/theo.niranbio.com\/wp-content\/uploads\/2024\/06\/Diacetyl-Tartaric-Acid-Ester-of-Mono\uff08DATEM\uff09.webp","width":600,"height":600,"caption":"\u00c9ster de \u00e1cido diacetiltart\u00e1rico de mono (DATEM)"},{"@type":"BreadcrumbList","@id":"https:\/\/theo.niranbio.com\/es\/esteres-de-acido-diacetiltartarico-de-monogliceridos-datem.html#breadcrumb","itemListElement":[{"@type":"ListItem","position":1,"name":"Home","item":"https:\/\/theo.niranbio.com\/es\/"},{"@type":"ListItem","position":2,"name":"Productos","item":"https:\/\/theo.niranbio.com\/es\/productos.html"},{"@type":"ListItem","position":3,"name":"Emulsionante","item":"https:\/\/theo.niranbio.com\/es\/producto-emulsionante\/"},{"@type":"ListItem","position":4,"name":"\u00c9steres de \u00e1cido diacetiltart\u00e1rico de monoglic\u00e9ridos (DATEM)"}]},{"@type":"WebSite","@id":"https:\/\/theo.niranbio.com\/es\/#website","url":"https:\/\/theo.niranbio.com\/es\/","name":"Niranbio Chemical","description":"","publisher":{"@id":"https:\/\/theo.niranbio.com\/es\/#organization"},"potentialAction":[{"@type":"SearchAction","target":{"@type":"EntryPoint","urlTemplate":"https:\/\/theo.niranbio.com\/es\/?s={search_term_string}"},"query-input":{"@type":"PropertyValueSpecification","valueRequired":true,"valueName":"search_term_string"}}],"inLanguage":"es"},{"@type":"Organization","@id":"https:\/\/theo.niranbio.com\/es\/#organization","name":"Niranbio Chemical","url":"https:\/\/theo.niranbio.com\/es\/","logo":{"@type":"ImageObject","inLanguage":"es","@id":"https:\/\/theo.niranbio.com\/es\/#\/schema\/logo\/image\/","url":"https:\/\/theo.niranbio.com\/wp-content\/uploads\/2024\/06\/Niranbio.png","contentUrl":"https:\/\/theo.niranbio.com\/wp-content\/uploads\/2024\/06\/Niranbio.png","width":270,"height":100,"caption":"Niranbio Chemical"},"image":{"@id":"https:\/\/theo.niranbio.com\/es\/#\/schema\/logo\/image\/"}}]}},"_links":{"self":[{"href":"https:\/\/theo.niranbio.com\/es\/wp-json\/wp\/v2\/product\/9789","targetHints":{"allow":["GET"]}}],"collection":[{"href":"https:\/\/theo.niranbio.com\/es\/wp-json\/wp\/v2\/product"}],"about":[{"href":"https:\/\/theo.niranbio.com\/es\/wp-json\/wp\/v2\/types\/product"}],"version-history":[{"count":0,"href":"https:\/\/theo.niranbio.com\/es\/wp-json\/wp\/v2\/product\/9789\/revisions"}],"wp:featuredmedia":[{"embeddable":true,"href":"https:\/\/theo.niranbio.com\/es\/wp-json\/wp\/v2\/media\/5636"}],"wp:attachment":[{"href":"https:\/\/theo.niranbio.com\/es\/wp-json\/wp\/v2\/media?parent=9789"}],"wp:term":[{"taxonomy":"product_brand","embeddable":true,"href":"https:\/\/theo.niranbio.com\/es\/wp-json\/wp\/v2\/product_brand?post=9789"},{"taxonomy":"product_cat","embeddable":true,"href":"https:\/\/theo.niranbio.com\/es\/wp-json\/wp\/v2\/product_cat?post=9789"},{"taxonomy":"product_tag","embeddable":true,"href":"https:\/\/theo.niranbio.com\/es\/wp-json\/wp\/v2\/product_tag?post=9789"}],"curies":[{"name":"wp","href":"https:\/\/api.w.org\/{rel}","templated":true}]}}