{"id":9786,"date":"2024-06-20T11:42:12","date_gmt":"2024-06-20T03:42:12","guid":{"rendered":"https:\/\/theo.niranbio.com\/proteina-de-soja-concentrada\/"},"modified":"2024-08-16T11:56:28","modified_gmt":"2024-08-16T03:56:28","slug":"proteina-de-soja-concentrada","status":"publish","type":"product","link":"https:\/\/theo.niranbio.com\/es\/proteina-de-soja-concentrada.html","title":{"rendered":"Prote\u00edna de soja concentrada"},"content":{"rendered":"<h2><span class=\"ez-toc-section\" id=\"%C2%BFQue_es_la_proteina_de_soja_concentrada\"><\/span>\u00bfQu\u00e9 es la prote\u00edna de soja concentrada?<span class=\"ez-toc-section-end\"><\/span><\/h2>\n<p>La prote\u00edna de soja concentrada es una prote\u00edna extra\u00edda de la soja, que es un concentrado de prote\u00edna que se obtiene eliminando algo de grasa y carbohidratos. Tiene un aspecto de polvo de color amarillo claro. Es un ingrediente alimentario con alto contenido de prote\u00ednas y alto valor nutritivo que se utiliza ampliamente en la industria de alimentos y bebidas. Existen varios m\u00e9todos principales para preparar prote\u00edna de soja concentrada:<\/p>\n<ol>\n<li>Moler las semillas de soja hasta formar una suspensi\u00f3n y ajustarlas a un entorno \u00e1cido (el pH suele estar entre 4,5 y 5,0) para precipitar la prote\u00edna de la suspensi\u00f3n, centrifugar para separar el precipitado de prote\u00edna, luego retirar la parte l\u00edquida, ajustar el valor de pH con un neutralizador y luego eliminar el exceso de agua mediante un proceso de concentraci\u00f3n para obtener un polvo de prote\u00edna de soja concentrada y, finalmente, secarlo para obtener el producto terminado. El proceso para preparar prote\u00edna de soja concentrada se ha convertido en un m\u00e9todo de producci\u00f3n m\u00e1s com\u00fan debido a su capacidad para extraer un mayor contenido de prote\u00edna y a su tecnolog\u00eda madura.<\/li>\n<li>Moler las semillas de soja hasta formar una suspensi\u00f3n, agregar enzimas espec\u00edficas (como proteasas) para descomponer los componentes no proteicos de las semillas de soja, aumentar la concentraci\u00f3n de prote\u00edna, separar la soluci\u00f3n de prote\u00edna por centrifugaci\u00f3n o filtraci\u00f3n, retirar la parte l\u00edquida y luego concentrarla y secarla para obtener un polvo de prote\u00edna de soja concentrada.<\/li>\n<\/ol>\n<p>Moler la soja hasta convertirla en pulpa, utilizar una membrana de ultrafiltraci\u00f3n para separar la prote\u00edna de otros componentes de la pulpa de soja, retener la prote\u00edna y eliminar el exceso de agua y otras impurezas, y finalmente obtener el polvo de prote\u00edna de soja concentrado final mediante un proceso de concentraci\u00f3n y secado adicional.<\/p>\n<h2><span class=\"ez-toc-section\" id=\"Parametros_relacionados\"><\/span>Par\u00e1metros relacionados:<span class=\"ez-toc-section-end\"><\/span><\/h2>\n<table>\n<tbody>\n<tr>\n<td><strong>Art\u00edculos<\/strong><\/td>\n<td><strong>Especificaci\u00f3n<\/strong><\/td>\n<\/tr>\n<tr>\n<td>Prote\u00edna bruta (en base seca)<\/td>\n<td>\u226565%<\/td>\n<\/tr>\n<tr>\n<td>Humedad<\/td>\n<td>\u22647%<\/td>\n<\/tr>\n<tr>\n<td>Ceniza<\/td>\n<td>\u22646%<\/td>\n<\/tr>\n<tr>\n<td>Grasa<\/td>\n<td>\u22641%<\/td>\n<\/tr>\n<tr>\n<td>PH<\/td>\n<td>6.5-8<\/td>\n<\/tr>\n<tr>\n<td>Densidad<\/td>\n<td>035-038g\/cm^3<\/td>\n<\/tr>\n<tr>\n<td>Tama\u00f1o de las part\u00edculas (a trav\u00e9s de 100 mallas)<\/td>\n<td>\u226595%<\/td>\n<\/tr>\n<tr>\n<td>Color<\/td>\n<td>Crema o crema claro<\/td>\n<\/tr>\n<tr>\n<td>Contenido bacteriano (ufc\/g)<\/td>\n<td>\u226420,000<\/td>\n<\/tr>\n<tr>\n<td>E. coli<\/td>\n<td>\u22643MPN\/G<\/td>\n<\/tr>\n<tr>\n<td>Levadura y moho<\/td>\n<td>\u226450CGU\/G<\/td>\n<\/tr>\n<tr>\n<td>Bacterias coliformes\uff08MPN\/100g\uff09<\/td>\n<td>\u226430<\/td>\n<\/tr>\n<tr>\n<td>Salmonella<\/td>\n<td>Negativo\/25g<\/td>\n<\/tr>\n<tr>\n<td>Melamina<\/td>\n<td>No detectada<\/td>\n<\/tr>\n<tr>\n<td>Cadmio(ppm)<\/td>\n<td>\u22640.1<\/td>\n<\/tr>\n<tr>\n<td>Ars\u00e9nico(ppm)<\/td>\n<td>\u22640.5<\/td>\n<\/tr>\n<tr>\n<td>Plomo(ppm)<\/td>\n<td>\u22640.5<\/td>\n<\/tr>\n<\/tbody>\n<\/table>\n<h2><span class=\"ez-toc-section\" id=\"Dosis_recomendada\"><\/span>Dosis recomendada:<span class=\"ez-toc-section-end\"><\/span><\/h2>\n<table>\n<tbody>\n<tr>\n<td><strong>Nombre del alimento<\/strong><\/td>\n<td><strong>Uso m\u00e1ximo (g\/kg)<\/strong><\/td>\n<\/tr>\n<tr>\n<td>Bebidas prote\u00ednicas<\/td>\n<td>30-50 g\/kg<\/td>\n<\/tr>\n<tr>\n<td>Suplementos nutricionales<\/td>\n<td>50-70 g\/kg<\/td>\n<\/tr>\n<tr>\n<td>Hamburguesas vegetarianas<\/td>\n<td>60-80 g\/kg<\/td>\n<\/tr>\n<tr>\n<td>Sustitutos de la carne (por ejemplo, hamburguesas vegetarianas)<\/td>\n<td>50-70 g\/kg<\/td>\n<\/tr>\n<tr>\n<td>Galletas<\/td>\n<td>20-30 g\/kg<\/td>\n<\/tr>\n<tr>\n<td>Pan<\/td>\n<td>10-20 g\/kg<\/td>\n<\/tr>\n<tr>\n<td>Prote\u00edna en polvo<\/td>\n<td>70-90 g\/kg<\/td>\n<\/tr>\n<tr>\n<td>Hamburguesas<\/td>\n<td>50-70 g\/kg<\/td>\n<\/tr>\n<tr>\n<td>Condimentos (por ejemplo, paquetes de condimentos instant\u00e1neos)<\/td>\n<td>10-20 g\/kg<\/td>\n<\/tr>\n<tr>\n<td>Salchichas vegetarianas<\/td>\n<td>40-60 g\/kg<\/td>\n<\/tr>\n<tr>\n<td>Bebidas energ\u00e9ticas<\/td>\n<td>20-30 g\/kg<\/td>\n<\/tr>\n<tr>\n<td>Batidos<\/td>\n<td>30-50 g\/kg<\/td>\n<\/tr>\n<tr>\n<td>Hamburguesas<\/td>\n<td>40-60 g\/kg<\/td>\n<\/tr>\n<tr>\n<td>Patatas fritas (versi\u00f3n vegetariana)<\/td>\n<td>20-30 g\/kg<\/td>\n<\/tr>\n<\/tbody>\n<\/table>\n<h2><span class=\"ez-toc-section\" id=\"La_proteina_de_soja_concentrada_tiene_una_amplia_gama_de_usos\"><\/span>La prote\u00edna de soja concentrada tiene una amplia gama de usos<span class=\"ez-toc-section-end\"><\/span><\/h2>\n<ol>\n<li>La prote\u00edna de soja concentrada contiene hasta un 65%-75% de prote\u00edna, que es una fuente de prote\u00edna eficaz y puede aumentar significativamente el contenido de prote\u00edna de los alimentos.<\/li>\n<li>Puede mejorar la textura de los alimentos, haci\u00e9ndolos m\u00e1s carnosos o aumentando la viscosidad.<\/li>\n<li>Como ingrediente funcional, la prote\u00edna de soja concentrada puede mejorar la funci\u00f3n nutricional de los alimentos, como aumentar la saciedad y mejorar el control del az\u00facar en sangre.<\/li>\n<li>La prote\u00edna de soja concentrada ayuda a estabilizar otros ingredientes en las formulaciones de alimentos y reduce la estratificaci\u00f3n y la precipitaci\u00f3n.<\/li>\n<li>En comparaci\u00f3n con otros ingredientes ricos en prote\u00ednas, la prote\u00edna de soja concentrada contiene menos grasa, lo que ayuda a reducir el contenido total de grasa en los alimentos.<\/li>\n<\/ol>\n<h2><span class=\"ez-toc-section\" id=\"Pregunta_del_usuario\"><\/span>Pregunta del usuario:<span class=\"ez-toc-section-end\"><\/span><\/h2>\n<p>Pregunta: \u00bfCu\u00e1les son las ventajas de la prote\u00edna de soja concentrada sobre la prote\u00edna de soja?<\/p>\n<p>Respuesta: La principal diferencia entre la prote\u00edna de soja y la prote\u00edna de soja concentrada es que parte de la grasa y los carbohidratos se eliminan durante el procesamiento, lo que hace que el contenido de prote\u00edna de la prote\u00edna de soja concentrada sea mayor, generalmente entre el 65% y el 70%. La prote\u00edna de soja concentrada tiene una mayor densidad de prote\u00edna, un menor contenido de grasa y carbohidratos, puede mejorar el sabor y la textura de los alimentos y es adecuada para formulaciones de alimentos que requieren un alto contenido de prote\u00ednas y bajo contenido de grasa.<\/p>\n","protected":false},"excerpt":{"rendered":"<ul>\n<li>CAS: 9010-10-0<\/li>\n<li>F\u00f3rmula qu\u00edmica: C<sub>13<\/sub>H<sub>10<\/sub>N<sub>2<\/sub><\/li>\n<li>Certificaci\u00f3n: KOSHER, ISO, HALAL, FSSC22000, BRC, etc.<\/li>\n<li>Cantidad m\u00ednima de pedido: 1000KG<\/li>\n<li>Caducidad: 2 a\u00f1os<\/li>\n<\/ul>\n","protected":false},"featured_media":5709,"template":"","meta":{"site-sidebar-layout":"default","site-content-layout":"","ast-site-content-layout":"default","site-content-style":"default","site-sidebar-style":"default","ast-global-header-display":"","ast-banner-title-visibility":"","ast-main-header-display":"","ast-hfb-above-header-display":"","ast-hfb-below-header-display":"","ast-hfb-mobile-header-display":"","site-post-title":"","ast-breadcrumbs-content":"","ast-featured-img":"","footer-sml-layout":"","theme-transparent-header-meta":"default","adv-header-id-meta":"","stick-header-meta":"","header-above-stick-meta":"","header-main-stick-meta":"","header-below-stick-meta":"","astra-migrate-meta-layouts":"set","ast-page-background-enabled":"default","ast-page-background-meta":{"desktop":{"background-color":"var(--ast-global-color-4)","background-image":"","background-repeat":"repeat","background-position":"center center","background-size":"auto","background-attachment":"scroll","background-type":"","background-media":"","overlay-type":"","overlay-color":"","overlay-opacity":"","overlay-gradient":""},"tablet":{"background-color":"","background-image":"","background-repeat":"repeat","background-position":"center center","background-size":"auto","background-attachment":"scroll","background-type":"","background-media":"","overlay-type":"","overlay-color":"","overlay-opacity":"","overlay-gradient":""},"mobile":{"background-color":"","background-image":"","background-repeat":"repeat","background-position":"center center","background-size":"auto","background-attachment":"scroll","background-type":"","background-media":"","overlay-type":"","overlay-color":"","overlay-opacity":"","overlay-gradient":""}},"ast-content-background-meta":{"desktop":{"background-color":"var(--ast-global-color-5)","background-image":"","background-repeat":"repeat","background-position":"center center","background-size":"auto","background-attachment":"scroll","background-type":"","background-media":"","overlay-type":"","overlay-color":"","overlay-opacity":"","overlay-gradient":""},"tablet":{"background-color":"var(--ast-global-color-5)","background-image":"","background-repeat":"repeat","background-position":"center center","background-size":"auto","background-attachment":"scroll","background-type":"","background-media":"","overlay-type":"","overlay-color":"","overlay-opacity":"","overlay-gradient":""},"mobile":{"background-color":"var(--ast-global-color-5)","background-image":"","background-repeat":"repeat","background-position":"center center","background-size":"auto","background-attachment":"scroll","background-type":"","background-media":"","overlay-type":"","overlay-color":"","overlay-opacity":"","overlay-gradient":""}}},"product_brand":[],"product_cat":[96],"product_tag":[],"class_list":{"0":"post-9786","1":"product","2":"type-product","3":"status-publish","4":"has-post-thumbnail","6":"product_cat-producto-proteico","7":"desktop-align-center","8":"tablet-align-left","9":"mobile-align-left","11":"first","12":"instock","13":"shipping-taxable","14":"product-type-simple"},"yoast_head":"<!-- This site is optimized with the Yoast SEO plugin v26.5 - https:\/\/yoast.com\/wordpress\/plugins\/seo\/ -->\n<title>Proteina Concentrada de Soya (CAS: 9010-10-0) | Niranbio Chemical<\/title>\n<meta name=\"description\" content=\"Nuestra prote\u00edna de soja concentrada tiene un aspecto de polvo de color amarillo claro y es un ingrediente alimentario con alto contenido proteico y nutricional que se utiliza ampliamente en la industria de alimentos y bebidas.\" \/>\n<meta name=\"robots\" content=\"noindex, follow, max-snippet:-1, max-image-preview:large, max-video-preview:-1\" \/>\n<meta name=\"twitter:label1\" content=\"Tiempo de lectura\" \/>\n\t<meta name=\"twitter:data1\" content=\"4 minutos\" \/>\n<script type=\"application\/ld+json\" class=\"yoast-schema-graph\">{\"@context\":\"https:\/\/schema.org\",\"@graph\":[{\"@type\":\"WebPage\",\"@id\":\"https:\/\/theo.niranbio.com\/es\/proteina-de-soja-concentrada.html\",\"url\":\"https:\/\/theo.niranbio.com\/es\/proteina-de-soja-concentrada.html\",\"name\":\"Proteina Concentrada de Soya (CAS: 9010-10-0) | Niranbio Chemical\",\"isPartOf\":{\"@id\":\"https:\/\/theo.niranbio.com\/es\/#website\"},\"primaryImageOfPage\":{\"@id\":\"https:\/\/theo.niranbio.com\/es\/proteina-de-soja-concentrada.html#primaryimage\"},\"image\":{\"@id\":\"https:\/\/theo.niranbio.com\/es\/proteina-de-soja-concentrada.html#primaryimage\"},\"thumbnailUrl\":\"https:\/\/theo.niranbio.com\/wp-content\/uploads\/2024\/06\/Concentrated-Soy-Protein-70.webp\",\"datePublished\":\"2024-06-20T03:42:12+00:00\",\"dateModified\":\"2024-08-16T03:56:28+00:00\",\"description\":\"Nuestra prote\u00edna de soja concentrada tiene un aspecto de polvo de color amarillo claro y es un ingrediente alimentario con alto contenido proteico y nutricional que se utiliza ampliamente en la industria de alimentos y bebidas.\",\"breadcrumb\":{\"@id\":\"https:\/\/theo.niranbio.com\/es\/proteina-de-soja-concentrada.html#breadcrumb\"},\"inLanguage\":\"es\",\"potentialAction\":[{\"@type\":\"ReadAction\",\"target\":[\"https:\/\/theo.niranbio.com\/es\/proteina-de-soja-concentrada.html\"]}]},{\"@type\":\"ImageObject\",\"inLanguage\":\"es\",\"@id\":\"https:\/\/theo.niranbio.com\/es\/proteina-de-soja-concentrada.html#primaryimage\",\"url\":\"https:\/\/theo.niranbio.com\/wp-content\/uploads\/2024\/06\/Concentrated-Soy-Protein-70.webp\",\"contentUrl\":\"https:\/\/theo.niranbio.com\/wp-content\/uploads\/2024\/06\/Concentrated-Soy-Protein-70.webp\",\"width\":600,\"height\":600,\"caption\":\"Prote\u00edna de soja concentrada al 70%\"},{\"@type\":\"BreadcrumbList\",\"@id\":\"https:\/\/theo.niranbio.com\/es\/proteina-de-soja-concentrada.html#breadcrumb\",\"itemListElement\":[{\"@type\":\"ListItem\",\"position\":1,\"name\":\"Home\",\"item\":\"https:\/\/theo.niranbio.com\/es\/\"},{\"@type\":\"ListItem\",\"position\":2,\"name\":\"Productos\",\"item\":\"https:\/\/theo.niranbio.com\/es\/productos.html\"},{\"@type\":\"ListItem\",\"position\":3,\"name\":\"Proteico\",\"item\":\"https:\/\/theo.niranbio.com\/es\/producto-proteico\/\"},{\"@type\":\"ListItem\",\"position\":4,\"name\":\"Prote\u00edna de soja concentrada\"}]},{\"@type\":\"WebSite\",\"@id\":\"https:\/\/theo.niranbio.com\/es\/#website\",\"url\":\"https:\/\/theo.niranbio.com\/es\/\",\"name\":\"Niranbio Chemical\",\"description\":\"\",\"publisher\":{\"@id\":\"https:\/\/theo.niranbio.com\/es\/#organization\"},\"potentialAction\":[{\"@type\":\"SearchAction\",\"target\":{\"@type\":\"EntryPoint\",\"urlTemplate\":\"https:\/\/theo.niranbio.com\/es\/?s={search_term_string}\"},\"query-input\":{\"@type\":\"PropertyValueSpecification\",\"valueRequired\":true,\"valueName\":\"search_term_string\"}}],\"inLanguage\":\"es\"},{\"@type\":\"Organization\",\"@id\":\"https:\/\/theo.niranbio.com\/es\/#organization\",\"name\":\"Niranbio Chemical\",\"url\":\"https:\/\/theo.niranbio.com\/es\/\",\"logo\":{\"@type\":\"ImageObject\",\"inLanguage\":\"es\",\"@id\":\"https:\/\/theo.niranbio.com\/es\/#\/schema\/logo\/image\/\",\"url\":\"https:\/\/theo.niranbio.com\/wp-content\/uploads\/2024\/06\/Niranbio.png\",\"contentUrl\":\"https:\/\/theo.niranbio.com\/wp-content\/uploads\/2024\/06\/Niranbio.png\",\"width\":270,\"height\":100,\"caption\":\"Niranbio Chemical\"},\"image\":{\"@id\":\"https:\/\/theo.niranbio.com\/es\/#\/schema\/logo\/image\/\"}}]}<\/script>\n<!-- \/ Yoast SEO plugin. -->","yoast_head_json":{"title":"Proteina Concentrada de Soya (CAS: 9010-10-0) | Niranbio Chemical","description":"Nuestra prote\u00edna de soja concentrada tiene un aspecto de polvo de color amarillo claro y es un ingrediente alimentario con alto contenido proteico y nutricional que se utiliza ampliamente en la industria de alimentos y bebidas.","robots":{"index":"noindex","follow":"follow","max-snippet":"max-snippet:-1","max-image-preview":"max-image-preview:large","max-video-preview":"max-video-preview:-1"},"twitter_misc":{"Tiempo de lectura":"4 minutos"},"schema":{"@context":"https:\/\/schema.org","@graph":[{"@type":"WebPage","@id":"https:\/\/theo.niranbio.com\/es\/proteina-de-soja-concentrada.html","url":"https:\/\/theo.niranbio.com\/es\/proteina-de-soja-concentrada.html","name":"Proteina Concentrada de Soya (CAS: 9010-10-0) | Niranbio Chemical","isPartOf":{"@id":"https:\/\/theo.niranbio.com\/es\/#website"},"primaryImageOfPage":{"@id":"https:\/\/theo.niranbio.com\/es\/proteina-de-soja-concentrada.html#primaryimage"},"image":{"@id":"https:\/\/theo.niranbio.com\/es\/proteina-de-soja-concentrada.html#primaryimage"},"thumbnailUrl":"https:\/\/theo.niranbio.com\/wp-content\/uploads\/2024\/06\/Concentrated-Soy-Protein-70.webp","datePublished":"2024-06-20T03:42:12+00:00","dateModified":"2024-08-16T03:56:28+00:00","description":"Nuestra prote\u00edna de soja concentrada tiene un aspecto de polvo de color amarillo claro y es un ingrediente alimentario con alto contenido proteico y nutricional que se utiliza ampliamente en la industria de alimentos y bebidas.","breadcrumb":{"@id":"https:\/\/theo.niranbio.com\/es\/proteina-de-soja-concentrada.html#breadcrumb"},"inLanguage":"es","potentialAction":[{"@type":"ReadAction","target":["https:\/\/theo.niranbio.com\/es\/proteina-de-soja-concentrada.html"]}]},{"@type":"ImageObject","inLanguage":"es","@id":"https:\/\/theo.niranbio.com\/es\/proteina-de-soja-concentrada.html#primaryimage","url":"https:\/\/theo.niranbio.com\/wp-content\/uploads\/2024\/06\/Concentrated-Soy-Protein-70.webp","contentUrl":"https:\/\/theo.niranbio.com\/wp-content\/uploads\/2024\/06\/Concentrated-Soy-Protein-70.webp","width":600,"height":600,"caption":"Prote\u00edna de soja concentrada al 70%"},{"@type":"BreadcrumbList","@id":"https:\/\/theo.niranbio.com\/es\/proteina-de-soja-concentrada.html#breadcrumb","itemListElement":[{"@type":"ListItem","position":1,"name":"Home","item":"https:\/\/theo.niranbio.com\/es\/"},{"@type":"ListItem","position":2,"name":"Productos","item":"https:\/\/theo.niranbio.com\/es\/productos.html"},{"@type":"ListItem","position":3,"name":"Proteico","item":"https:\/\/theo.niranbio.com\/es\/producto-proteico\/"},{"@type":"ListItem","position":4,"name":"Prote\u00edna de soja concentrada"}]},{"@type":"WebSite","@id":"https:\/\/theo.niranbio.com\/es\/#website","url":"https:\/\/theo.niranbio.com\/es\/","name":"Niranbio Chemical","description":"","publisher":{"@id":"https:\/\/theo.niranbio.com\/es\/#organization"},"potentialAction":[{"@type":"SearchAction","target":{"@type":"EntryPoint","urlTemplate":"https:\/\/theo.niranbio.com\/es\/?s={search_term_string}"},"query-input":{"@type":"PropertyValueSpecification","valueRequired":true,"valueName":"search_term_string"}}],"inLanguage":"es"},{"@type":"Organization","@id":"https:\/\/theo.niranbio.com\/es\/#organization","name":"Niranbio Chemical","url":"https:\/\/theo.niranbio.com\/es\/","logo":{"@type":"ImageObject","inLanguage":"es","@id":"https:\/\/theo.niranbio.com\/es\/#\/schema\/logo\/image\/","url":"https:\/\/theo.niranbio.com\/wp-content\/uploads\/2024\/06\/Niranbio.png","contentUrl":"https:\/\/theo.niranbio.com\/wp-content\/uploads\/2024\/06\/Niranbio.png","width":270,"height":100,"caption":"Niranbio Chemical"},"image":{"@id":"https:\/\/theo.niranbio.com\/es\/#\/schema\/logo\/image\/"}}]}},"_links":{"self":[{"href":"https:\/\/theo.niranbio.com\/es\/wp-json\/wp\/v2\/product\/9786","targetHints":{"allow":["GET"]}}],"collection":[{"href":"https:\/\/theo.niranbio.com\/es\/wp-json\/wp\/v2\/product"}],"about":[{"href":"https:\/\/theo.niranbio.com\/es\/wp-json\/wp\/v2\/types\/product"}],"version-history":[{"count":0,"href":"https:\/\/theo.niranbio.com\/es\/wp-json\/wp\/v2\/product\/9786\/revisions"}],"wp:featuredmedia":[{"embeddable":true,"href":"https:\/\/theo.niranbio.com\/es\/wp-json\/wp\/v2\/media\/5709"}],"wp:attachment":[{"href":"https:\/\/theo.niranbio.com\/es\/wp-json\/wp\/v2\/media?parent=9786"}],"wp:term":[{"taxonomy":"product_brand","embeddable":true,"href":"https:\/\/theo.niranbio.com\/es\/wp-json\/wp\/v2\/product_brand?post=9786"},{"taxonomy":"product_cat","embeddable":true,"href":"https:\/\/theo.niranbio.com\/es\/wp-json\/wp\/v2\/product_cat?post=9786"},{"taxonomy":"product_tag","embeddable":true,"href":"https:\/\/theo.niranbio.com\/es\/wp-json\/wp\/v2\/product_tag?post=9786"}],"curies":[{"name":"wp","href":"https:\/\/api.w.org\/{rel}","templated":true}]}}