{"id":9775,"date":"2024-06-20T13:17:06","date_gmt":"2024-06-20T05:17:06","guid":{"rendered":"https:\/\/theo.niranbio.com\/bicarbonato-de-sodio\/"},"modified":"2024-08-15T19:05:13","modified_gmt":"2024-08-15T11:05:13","slug":"bicarbonato-de-sodio","status":"publish","type":"product","link":"https:\/\/theo.niranbio.com\/es\/bicarbonato-de-sodio.html","title":{"rendered":"Bicarbonato de sodio"},"content":{"rendered":"<h2><span class=\"ez-toc-section\" id=\"%C2%BFQue_es_el_bicarbonato_de_sodio\"><\/span>\u00bfQu\u00e9 es el bicarbonato de sodio?<span class=\"ez-toc-section-end\"><\/span><\/h2>\n<p>El bicarbonato de sodio es una sustancia inorg\u00e1nica que puede tomar la forma de peque\u00f1os cristales o polvo blanco. No tiene olor, es salado, soluble en agua, se descompone r\u00e1pidamente en presencia de calor y libera di\u00f3xido de carbono gradualmente a medida que se descompone en aire h\u00famedo. Se utiliza ampliamente en muchos dominios industriales, incluidas las industrias alimentaria, farmac\u00e9utica, qu\u00edmica, textil y ligera, as\u00ed como en la vida cotidiana. Existen principalmente los siguientes procesos para la producci\u00f3n de bicarbonato de sodio en China:<\/p>\n<ol>\n<li>Extra\u00eddo de mineral de soda puro natural (piedra de tierra refractaria natural pura, compuesta de bicarbonato de sodio y carbonato de sodio). Estos minerales son generalmente ricos en bicarbonato de sodio. Despu\u00e9s de la extracci\u00f3n, trituraci\u00f3n, lixiviaci\u00f3n, cristalizaci\u00f3n y secado, finalmente se obtiene el bicarbonato de sodio.<\/li>\n<li>El carbonato de sodio reacciona con el amoniaco para obtener bicarbonato de sodio, que luego se calienta y se descompone para producir bicarbonato de sodio. La producci\u00f3n a gran escala se puede lograr con esta t\u00e9cnica, que es m\u00e1s frecuente en la producci\u00f3n industrial.<\/li>\n<li>El carbonato de sodio se disuelve en agua y luego se introduce gas de di\u00f3xido de carbono para generar bicarbonato de sodio, que luego se calienta y se descompone para obtener bicarbonato de sodio.<\/li>\n<li>El carbonato de sodio reacciona con el ox\u00edgeno del aire para generar bicarbonato de sodio, que luego se calienta y se descompone para producir bicarbonato de sodio.<\/li>\n<\/ol>\n<h2><span class=\"ez-toc-section\" id=\"Parametros_relacionados\"><\/span>Par\u00e1metros relacionados:<span class=\"ez-toc-section-end\"><\/span><\/h2>\n<table>\n<tbody>\n<tr>\n<td><strong>ART\u00cdCULOS<\/strong><\/td>\n<td><strong>Especificaciones<\/strong><\/td>\n<\/tr>\n<tr>\n<td>Aspecto<\/td>\n<td>Polvo cristalino blanco<\/td>\n<\/tr>\n<tr>\n<td>Ensayo (base seca, %)<\/td>\n<td>99.0-100.5<\/td>\n<\/tr>\n<tr>\n<td>pH (soluci\u00f3n al 1%)<\/td>\n<td>\u2264 8.6<\/td>\n<\/tr>\n<tr>\n<td>P\u00e9rdida por desecaci\u00f3n (%)<\/td>\n<td>\u22640.20<\/td>\n<\/tr>\n<tr>\n<td>Cloruros (Cl, %)<\/td>\n<td>\u22640.50<\/td>\n<\/tr>\n<tr>\n<td>Amon\u00edaco<\/td>\n<td>Pasa la prueba<\/td>\n<\/tr>\n<tr>\n<td>Sustancias insolubles<\/td>\n<td>Pasa la prueba<\/td>\n<\/tr>\n<tr>\n<td>Blancura (%)<\/td>\n<td>\u226585<\/td>\n<\/tr>\n<tr>\n<td>Plomo (Pb)<\/td>\n<td>\u2264 2 mg\/kg<\/td>\n<\/tr>\n<tr>\n<td>Ars\u00e9nico (As)<\/td>\n<td>\u2264 1 mg\/kg<\/td>\n<\/tr>\n<tr>\n<td>Metal pesado (como Pb)<\/td>\n<td>\u2264 5 mg\/kg<\/td>\n<\/tr>\n<\/tbody>\n<\/table>\n<h2><span class=\"ez-toc-section\" id=\"Dosis_recomendada\"><\/span><strong><b>Dosis recomendada:<\/b><\/strong><span class=\"ez-toc-section-end\"><\/span><\/h2>\n<table>\n<tbody>\n<tr>\n<td><strong>Nombre del alimento<\/strong><\/td>\n<td><strong>Uso m\u00e1ximo (g\/kg)<\/strong><\/td>\n<\/tr>\n<tr>\n<td>Pan y biscotes<\/td>\n<td>1-5 g\/kg<\/td>\n<\/tr>\n<tr>\n<td>Galletas<\/td>\n<td>1-5 g\/kg<\/td>\n<\/tr>\n<tr>\n<td>Caramelos y chocolate<\/td>\n<td>1-5 g\/kg<\/td>\n<\/tr>\n<tr>\n<td>Bebidas (como refrescos)<\/td>\n<td>0,1-0,5 g\/kg<\/td>\n<\/tr>\n<tr>\n<td>Productos l\u00e1cteos<\/td>\n<td>0,1-1 g\/kg<\/td>\n<\/tr>\n<tr>\n<td>Condimentos y salsas<\/td>\n<td>0,5-5 g\/kg<\/td>\n<\/tr>\n<tr>\n<td>Productos de levadura (como masa fermentada)<\/td>\n<td>1-5 g\/kg<\/td>\n<\/tr>\n<tr>\n<td>Jam\u00f3n y productos c\u00e1rnicos<\/td>\n<td>0,1-1 g\/kg<\/td>\n<\/tr>\n<tr>\n<td>Alimentos en conserva<\/td>\n<td>0,5-5 g\/kg<\/td>\n<\/tr>\n<tr>\n<td>Condimentos en polvo<\/td>\n<td>1-5 g\/kg<\/td>\n<\/tr>\n<tr>\n<td>Bebidas alcoh\u00f3licas (como el vino fermentado)<\/td>\n<td>0,1-0,5 g\/kg<\/td>\n<\/tr>\n<tr>\n<td>Bebidas de caf\u00e9 y t\u00e9<\/td>\n<td>0,1-0,5 g\/kg<\/td>\n<\/tr>\n<\/tbody>\n<\/table>\n<h2><span class=\"ez-toc-section\" id=\"El_bicarbonato_de_sodio_tiene_una_amplia_gama_de_usos\"><\/span>El bicarbonato de sodio tiene una amplia gama de usos<span class=\"ez-toc-section-end\"><\/span><\/h2>\n<ol>\n<li>El bicarbonato de sodio reacciona con ingredientes \u00e1cidos (como la levadura, el jugo de lim\u00f3n, etc.) para producir gas de di\u00f3xido de carbono, que promueve la expansi\u00f3n de la masa y la fermentaci\u00f3n de los alimentos, y se utiliza en alimentos horneados como el pan y los pasteles.<\/li>\n<li>Cuando se calienta, el bicarbonato de sodio se descompone y libera gas de di\u00f3xido de carbono, que aumenta el volumen de los alimentos y mejora el sabor y la textura, como en galletas, panqueques y otros alimentos.<\/li>\n<li>El bicarbonato de sodio puede neutralizar el sabor \u00e1cido de los alimentos, mejorar el sabor de los alimentos y equilibrar el sabor, especialmente en alimentos como mermeladas y jaleas.<\/li>\n<li>Al ajustar el pH de los alimentos, el bicarbonato de sodio puede mejorar la estabilidad de los alimentos y extender la vida \u00fatil de los productos, como en salsas, aderezos para ensaladas, etc.<\/li>\n<li>Al ajustar el pH de los alimentos, el bicarbonato de sodio puede mejorar la estabilidad de los alimentos y extender la vida \u00fatil de los productos, como en salsas, aderezos para ensaladas, etc.<\/li>\n<li>El bicarbonato de sodio se puede utilizar como antioxidante en algunos casos espec\u00edficos para ayudar a mantener la frescura y el color de los alimentos, especialmente en algunos productos de frutas y verduras procesadas.<\/li>\n<\/ol>\n<h2><span class=\"ez-toc-section\" id=\"Pregunta_formulada_por_un_usuario\"><\/span>Pregunta formulada por un usuario:<span class=\"ez-toc-section-end\"><\/span><\/h2>\n<p>Pregunta: \u00bfSe puede utilizar el hidr\u00f3xido de sodio directamente como sustituto del bicarbonato de sodio en los alimentos?<\/p>\n<p>Respuesta: La funci\u00f3n del bicarbonato de sodio en la preparaci\u00f3n de alimentos no se puede reemplazar f\u00e1cilmente por el hidr\u00f3xido de sodio. El bicarbonato de sodio se utiliza a menudo como agente leudante, neutralizador y expansor para mejorar las propiedades de los alimentos liberando gas de di\u00f3xido de carbono o ajustando el pH. El hidr\u00f3xido de sodio es una base fuerte y requiere mucho cuidado cuando se utiliza. Por lo general, se utiliza en la industria y en agentes de limpieza. Su aplicaci\u00f3n no es adecuada para la fabricaci\u00f3n de alimentos debido a su potencial da\u00f1o a la calidad de los alimentos y a la salud humana.<\/p>\n<p>Pregunta: Como uno de los mayores productores de bicarbonato de sodio, \u00bfcu\u00e1les son las ventajas de China?<\/p>\n<p>Respuesta: China es uno de los principales productores mundiales de bicarbonato de sodio de calidad alimentaria, con sus ventajas en abundantes recursos minerales alcalinos, tecnolog\u00eda de producci\u00f3n madura y capacidad de producci\u00f3n de bajo costo. Las empresas qu\u00edmicas de China pueden producir de manera eficiente bicarbonato de sodio que cumple con los est\u00e1ndares de seguridad alimentaria mundiales y satisfacer la demanda del mercado mundial de este producto mediante s\u00f3lidas capacidades de exportaci\u00f3n.<\/p>\n","protected":false},"excerpt":{"rendered":"<ul>\n<li>CAS: 144-55-8<\/li>\n<li>F\u00f3rmula qu\u00edmica: <sub>NaHCO3<\/sub><\/li>\n<li>Certificaciones: KOSHER, ISO, HALAL, FSSC 22000, BRC, etc.<\/li>\n<li>Cantidad m\u00ednima de pedido: 1000KG<\/li>\n<li>Caducidad: 2 a\u00f1os<\/li>\n<\/ul>\n","protected":false},"featured_media":5600,"template":"","meta":{"site-sidebar-layout":"default","site-content-layout":"","ast-site-content-layout":"default","site-content-style":"default","site-sidebar-style":"default","ast-global-header-display":"","ast-banner-title-visibility":"","ast-main-header-display":"","ast-hfb-above-header-display":"","ast-hfb-below-header-display":"","ast-hfb-mobile-header-display":"","site-post-title":"","ast-breadcrumbs-content":"","ast-featured-img":"","footer-sml-layout":"","theme-transparent-header-meta":"default","adv-header-id-meta":"","stick-header-meta":"","header-above-stick-meta":"","header-main-stick-meta":"","header-below-stick-meta":"","astra-migrate-meta-layouts":"set","ast-page-background-enabled":"default","ast-page-background-meta":{"desktop":{"background-color":"var(--ast-global-color-4)","background-image":"","background-repeat":"repeat","background-position":"center center","background-size":"auto","background-attachment":"scroll","background-type":"","background-media":"","overlay-type":"","overlay-color":"","overlay-opacity":"","overlay-gradient":""},"tablet":{"background-color":"","background-image":"","background-repeat":"repeat","background-position":"center center","background-size":"auto","background-attachment":"scroll","background-type":"","background-media":"","overlay-type":"","overlay-color":"","overlay-opacity":"","overlay-gradient":""},"mobile":{"background-color":"","background-image":"","background-repeat":"repeat","background-position":"center center","background-size":"auto","background-attachment":"scroll","background-type":"","background-media":"","overlay-type":"","overlay-color":"","overlay-opacity":"","overlay-gradient":""}},"ast-content-background-meta":{"desktop":{"background-color":"var(--ast-global-color-5)","background-image":"","background-repeat":"repeat","background-position":"center center","background-size":"auto","background-attachment":"scroll","background-type":"","background-media":"","overlay-type":"","overlay-color":"","overlay-opacity":"","overlay-gradient":""},"tablet":{"background-color":"var(--ast-global-color-5)","background-image":"","background-repeat":"repeat","background-position":"center center","background-size":"auto","background-attachment":"scroll","background-type":"","background-media":"","overlay-type":"","overlay-color":"","overlay-opacity":"","overlay-gradient":""},"mobile":{"background-color":"var(--ast-global-color-5)","background-image":"","background-repeat":"repeat","background-position":"center center","background-size":"auto","background-attachment":"scroll","background-type":"","background-media":"","overlay-type":"","overlay-color":"","overlay-opacity":"","overlay-gradient":""}}},"product_brand":[],"product_cat":[92],"product_tag":[],"class_list":{"0":"post-9775","1":"product","2":"type-product","3":"status-publish","4":"has-post-thumbnail","6":"product_cat-otros-ingredientes-alimentarios-producto","7":"desktop-align-center","8":"tablet-align-left","9":"mobile-align-left","11":"first","12":"instock","13":"shipping-taxable","14":"product-type-simple"},"yoast_head":"<!-- This site is optimized with the Yoast SEO plugin v26.5 - https:\/\/yoast.com\/wordpress\/plugins\/seo\/ -->\n<title>Proveedor de Bicarbonato de Sodio, Bicarbonato Sodio en Polvo al por Mayor | Niranbio Chemical<\/title>\n<meta name=\"description\" content=\"Nuestro bicarbonato de sodio se presenta en forma de peque\u00f1os cristales o polvo blanco y se utiliza ampliamente en las industrias alimentaria y farmac\u00e9utica, as\u00ed como en la vida cotidiana.\" \/>\n<meta name=\"robots\" content=\"noindex, follow, max-snippet:-1, max-image-preview:large, max-video-preview:-1\" \/>\n<meta name=\"twitter:label1\" content=\"Tiempo de lectura\" \/>\n\t<meta name=\"twitter:data1\" content=\"4 minutos\" \/>\n<script type=\"application\/ld+json\" class=\"yoast-schema-graph\">{\"@context\":\"https:\/\/schema.org\",\"@graph\":[{\"@type\":\"WebPage\",\"@id\":\"https:\/\/theo.niranbio.com\/es\/bicarbonato-de-sodio.html\",\"url\":\"https:\/\/theo.niranbio.com\/es\/bicarbonato-de-sodio.html\",\"name\":\"Proveedor de Bicarbonato de Sodio, Bicarbonato Sodio en Polvo al por Mayor | Niranbio Chemical\",\"isPartOf\":{\"@id\":\"https:\/\/theo.niranbio.com\/es\/#website\"},\"primaryImageOfPage\":{\"@id\":\"https:\/\/theo.niranbio.com\/es\/bicarbonato-de-sodio.html#primaryimage\"},\"image\":{\"@id\":\"https:\/\/theo.niranbio.com\/es\/bicarbonato-de-sodio.html#primaryimage\"},\"thumbnailUrl\":\"https:\/\/theo.niranbio.com\/wp-content\/uploads\/2024\/06\/Sodium-Bicarbonate.webp\",\"datePublished\":\"2024-06-20T05:17:06+00:00\",\"dateModified\":\"2024-08-15T11:05:13+00:00\",\"description\":\"Nuestro bicarbonato de sodio se presenta en forma de peque\u00f1os cristales o polvo blanco y se utiliza ampliamente en las industrias alimentaria y farmac\u00e9utica, as\u00ed como en la vida cotidiana.\",\"breadcrumb\":{\"@id\":\"https:\/\/theo.niranbio.com\/es\/bicarbonato-de-sodio.html#breadcrumb\"},\"inLanguage\":\"es\",\"potentialAction\":[{\"@type\":\"ReadAction\",\"target\":[\"https:\/\/theo.niranbio.com\/es\/bicarbonato-de-sodio.html\"]}]},{\"@type\":\"ImageObject\",\"inLanguage\":\"es\",\"@id\":\"https:\/\/theo.niranbio.com\/es\/bicarbonato-de-sodio.html#primaryimage\",\"url\":\"https:\/\/theo.niranbio.com\/wp-content\/uploads\/2024\/06\/Sodium-Bicarbonate.webp\",\"contentUrl\":\"https:\/\/theo.niranbio.com\/wp-content\/uploads\/2024\/06\/Sodium-Bicarbonate.webp\",\"width\":600,\"height\":600,\"caption\":\"Bicarbonato de sodio\"},{\"@type\":\"BreadcrumbList\",\"@id\":\"https:\/\/theo.niranbio.com\/es\/bicarbonato-de-sodio.html#breadcrumb\",\"itemListElement\":[{\"@type\":\"ListItem\",\"position\":1,\"name\":\"Home\",\"item\":\"https:\/\/theo.niranbio.com\/es\/\"},{\"@type\":\"ListItem\",\"position\":2,\"name\":\"Productos\",\"item\":\"https:\/\/theo.niranbio.com\/es\/productos.html\"},{\"@type\":\"ListItem\",\"position\":3,\"name\":\"Otros Ingredientes Alimentarios\",\"item\":\"https:\/\/theo.niranbio.com\/es\/otros-ingredientes-alimentarios-producto\/\"},{\"@type\":\"ListItem\",\"position\":4,\"name\":\"Bicarbonato de sodio\"}]},{\"@type\":\"WebSite\",\"@id\":\"https:\/\/theo.niranbio.com\/es\/#website\",\"url\":\"https:\/\/theo.niranbio.com\/es\/\",\"name\":\"Niranbio Chemical\",\"description\":\"\",\"publisher\":{\"@id\":\"https:\/\/theo.niranbio.com\/es\/#organization\"},\"potentialAction\":[{\"@type\":\"SearchAction\",\"target\":{\"@type\":\"EntryPoint\",\"urlTemplate\":\"https:\/\/theo.niranbio.com\/es\/?s={search_term_string}\"},\"query-input\":{\"@type\":\"PropertyValueSpecification\",\"valueRequired\":true,\"valueName\":\"search_term_string\"}}],\"inLanguage\":\"es\"},{\"@type\":\"Organization\",\"@id\":\"https:\/\/theo.niranbio.com\/es\/#organization\",\"name\":\"Niranbio Chemical\",\"url\":\"https:\/\/theo.niranbio.com\/es\/\",\"logo\":{\"@type\":\"ImageObject\",\"inLanguage\":\"es\",\"@id\":\"https:\/\/theo.niranbio.com\/es\/#\/schema\/logo\/image\/\",\"url\":\"https:\/\/theo.niranbio.com\/wp-content\/uploads\/2024\/06\/Niranbio.png\",\"contentUrl\":\"https:\/\/theo.niranbio.com\/wp-content\/uploads\/2024\/06\/Niranbio.png\",\"width\":270,\"height\":100,\"caption\":\"Niranbio Chemical\"},\"image\":{\"@id\":\"https:\/\/theo.niranbio.com\/es\/#\/schema\/logo\/image\/\"}}]}<\/script>\n<!-- \/ Yoast SEO plugin. -->","yoast_head_json":{"title":"Proveedor de Bicarbonato de Sodio, Bicarbonato Sodio en Polvo al por Mayor | Niranbio Chemical","description":"Nuestro bicarbonato de sodio se presenta en forma de peque\u00f1os cristales o polvo blanco y se utiliza ampliamente en las industrias alimentaria y farmac\u00e9utica, as\u00ed como en la vida cotidiana.","robots":{"index":"noindex","follow":"follow","max-snippet":"max-snippet:-1","max-image-preview":"max-image-preview:large","max-video-preview":"max-video-preview:-1"},"twitter_misc":{"Tiempo de lectura":"4 minutos"},"schema":{"@context":"https:\/\/schema.org","@graph":[{"@type":"WebPage","@id":"https:\/\/theo.niranbio.com\/es\/bicarbonato-de-sodio.html","url":"https:\/\/theo.niranbio.com\/es\/bicarbonato-de-sodio.html","name":"Proveedor de Bicarbonato de Sodio, Bicarbonato Sodio en Polvo al por Mayor | Niranbio Chemical","isPartOf":{"@id":"https:\/\/theo.niranbio.com\/es\/#website"},"primaryImageOfPage":{"@id":"https:\/\/theo.niranbio.com\/es\/bicarbonato-de-sodio.html#primaryimage"},"image":{"@id":"https:\/\/theo.niranbio.com\/es\/bicarbonato-de-sodio.html#primaryimage"},"thumbnailUrl":"https:\/\/theo.niranbio.com\/wp-content\/uploads\/2024\/06\/Sodium-Bicarbonate.webp","datePublished":"2024-06-20T05:17:06+00:00","dateModified":"2024-08-15T11:05:13+00:00","description":"Nuestro bicarbonato de sodio se presenta en forma de peque\u00f1os cristales o polvo blanco y se utiliza ampliamente en las industrias alimentaria y farmac\u00e9utica, as\u00ed como en la vida cotidiana.","breadcrumb":{"@id":"https:\/\/theo.niranbio.com\/es\/bicarbonato-de-sodio.html#breadcrumb"},"inLanguage":"es","potentialAction":[{"@type":"ReadAction","target":["https:\/\/theo.niranbio.com\/es\/bicarbonato-de-sodio.html"]}]},{"@type":"ImageObject","inLanguage":"es","@id":"https:\/\/theo.niranbio.com\/es\/bicarbonato-de-sodio.html#primaryimage","url":"https:\/\/theo.niranbio.com\/wp-content\/uploads\/2024\/06\/Sodium-Bicarbonate.webp","contentUrl":"https:\/\/theo.niranbio.com\/wp-content\/uploads\/2024\/06\/Sodium-Bicarbonate.webp","width":600,"height":600,"caption":"Bicarbonato de sodio"},{"@type":"BreadcrumbList","@id":"https:\/\/theo.niranbio.com\/es\/bicarbonato-de-sodio.html#breadcrumb","itemListElement":[{"@type":"ListItem","position":1,"name":"Home","item":"https:\/\/theo.niranbio.com\/es\/"},{"@type":"ListItem","position":2,"name":"Productos","item":"https:\/\/theo.niranbio.com\/es\/productos.html"},{"@type":"ListItem","position":3,"name":"Otros Ingredientes Alimentarios","item":"https:\/\/theo.niranbio.com\/es\/otros-ingredientes-alimentarios-producto\/"},{"@type":"ListItem","position":4,"name":"Bicarbonato de sodio"}]},{"@type":"WebSite","@id":"https:\/\/theo.niranbio.com\/es\/#website","url":"https:\/\/theo.niranbio.com\/es\/","name":"Niranbio Chemical","description":"","publisher":{"@id":"https:\/\/theo.niranbio.com\/es\/#organization"},"potentialAction":[{"@type":"SearchAction","target":{"@type":"EntryPoint","urlTemplate":"https:\/\/theo.niranbio.com\/es\/?s={search_term_string}"},"query-input":{"@type":"PropertyValueSpecification","valueRequired":true,"valueName":"search_term_string"}}],"inLanguage":"es"},{"@type":"Organization","@id":"https:\/\/theo.niranbio.com\/es\/#organization","name":"Niranbio Chemical","url":"https:\/\/theo.niranbio.com\/es\/","logo":{"@type":"ImageObject","inLanguage":"es","@id":"https:\/\/theo.niranbio.com\/es\/#\/schema\/logo\/image\/","url":"https:\/\/theo.niranbio.com\/wp-content\/uploads\/2024\/06\/Niranbio.png","contentUrl":"https:\/\/theo.niranbio.com\/wp-content\/uploads\/2024\/06\/Niranbio.png","width":270,"height":100,"caption":"Niranbio Chemical"},"image":{"@id":"https:\/\/theo.niranbio.com\/es\/#\/schema\/logo\/image\/"}}]}},"_links":{"self":[{"href":"https:\/\/theo.niranbio.com\/es\/wp-json\/wp\/v2\/product\/9775","targetHints":{"allow":["GET"]}}],"collection":[{"href":"https:\/\/theo.niranbio.com\/es\/wp-json\/wp\/v2\/product"}],"about":[{"href":"https:\/\/theo.niranbio.com\/es\/wp-json\/wp\/v2\/types\/product"}],"version-history":[{"count":0,"href":"https:\/\/theo.niranbio.com\/es\/wp-json\/wp\/v2\/product\/9775\/revisions"}],"wp:featuredmedia":[{"embeddable":true,"href":"https:\/\/theo.niranbio.com\/es\/wp-json\/wp\/v2\/media\/5600"}],"wp:attachment":[{"href":"https:\/\/theo.niranbio.com\/es\/wp-json\/wp\/v2\/media?parent=9775"}],"wp:term":[{"taxonomy":"product_brand","embeddable":true,"href":"https:\/\/theo.niranbio.com\/es\/wp-json\/wp\/v2\/product_brand?post=9775"},{"taxonomy":"product_cat","embeddable":true,"href":"https:\/\/theo.niranbio.com\/es\/wp-json\/wp\/v2\/product_cat?post=9775"},{"taxonomy":"product_tag","embeddable":true,"href":"https:\/\/theo.niranbio.com\/es\/wp-json\/wp\/v2\/product_tag?post=9775"}],"curies":[{"name":"wp","href":"https:\/\/api.w.org\/{rel}","templated":true}]}}