{"id":9774,"date":"2024-06-20T11:42:52","date_gmt":"2024-06-20T03:42:52","guid":{"rendered":"https:\/\/theo.niranbio.com\/proteina-de-soja-aislada\/"},"modified":"2024-08-16T11:55:32","modified_gmt":"2024-08-16T03:55:32","slug":"proteina-de-soja-aislada","status":"publish","type":"product","link":"https:\/\/theo.niranbio.com\/es\/proteina-de-soja-aislada.html","title":{"rendered":"Prote\u00edna de soja aislada"},"content":{"rendered":"<h2><span class=\"ez-toc-section\" id=\"%C2%BFQue_es_la_proteina_de_soja_aislada\"><\/span>\u00bfQu\u00e9 es la prote\u00edna de soja aislada?<span class=\"ez-toc-section-end\"><\/span><\/h2>\n<p>Prote\u00edna de soja aislada: \u00bfQu\u00e9 es? Una prote\u00edna vegetal de alta pureza que se extrae de la soja se llama prote\u00edna de soja aislada. Se presenta en forma de polvo blanco o amarillo claro con excelentes propiedades emulsionantes, gelificantes y nutritivas. Se usa ampliamente en la industria alimentaria para la producci\u00f3n de productos c\u00e1rnicos vegetarianos, leche de soja, tofu y otros productos. Tambi\u00e9n se utiliza como suplemento nutricional en nutrici\u00f3n deportiva y alimentos infantiles para satisfacer la elecci\u00f3n saludable de diferentes grupos de personas de prote\u00ednas de alta calidad. Los principales procesos para preparar prote\u00edna de soja aislada en China incluyen los dos siguientes:<\/p>\n<ol>\n<li>Precipitaci\u00f3n de la prote\u00edna en la soja ajustando el pH o agregando sales, y luego separaci\u00f3n y secado, lo que es adecuado para la producci\u00f3n a peque\u00f1a escala o para ocasiones con altos requisitos de protecci\u00f3n ambiental.<\/li>\n<li>Utilice solventes org\u00e1nicos como el isopropanol para extraer prote\u00edna de la soja, que tiene una alta eficiencia de extracci\u00f3n y es adecuado para la producci\u00f3n industrial a gran escala.<\/li>\n<\/ol>\n<p>La selecci\u00f3n de un proceso adecuado requiere considerar la escala de producci\u00f3n, los requisitos del producto y los factores ambientales para garantizar un equilibrio entre la eficiencia de producci\u00f3n y la calidad del producto.<\/p>\n<h2><span class=\"ez-toc-section\" id=\"Proteina_de_Soja_Aislada_Emulsion_Tipo_9001BW_Datos_tecnicos\"><\/span>Prote\u00edna de Soja Aislada (Emulsi\u00f3n Tipo 9001BW) Datos t\u00e9cnicos:<span class=\"ez-toc-section-end\"><\/span><\/h2>\n<table>\n<tbody>\n<tr>\n<td>Producto<\/td>\n<td>Resultado<\/td>\n<\/tr>\n<tr>\n<td>Tipo<\/td>\n<td>Emulsi\u00f3n Tipo 9001BW<\/td>\n<\/tr>\n<tr>\n<td>Aspecto<\/td>\n<td>Polvo amarillo claro o blanco lechoso<\/td>\n<\/tr>\n<tr>\n<td>Estilo<\/td>\n<td>Seco<\/td>\n<\/tr>\n<tr>\n<td>Sabor y olor<\/td>\n<td>Sabor normal, sin olor peculiar<\/td>\n<\/tr>\n<tr>\n<td>Prote\u00edna<\/td>\n<td>M\u00edn.90%( en base seca)<\/td>\n<\/tr>\n<tr>\n<td>Humedad<\/td>\n<td>M\u00e1x. 7%.<\/td>\n<\/tr>\n<tr>\n<td>Ceniza<\/td>\n<td>M\u00e1x. 6%.<\/td>\n<\/tr>\n<tr>\n<td>Grasa<\/td>\n<td>M\u00e1x. 1%.<\/td>\n<\/tr>\n<tr>\n<td>Valor PH<\/td>\n<td>7.5+1.0<\/td>\n<\/tr>\n<tr>\n<td>Finura<\/td>\n<td>M\u00edn.95%(A trav\u00e9s de malla 100)<\/td>\n<\/tr>\n<tr>\n<td>Recuento total de placas<\/td>\n<td>M\u00e1x.20000 ufc\/g<\/td>\n<\/tr>\n<tr>\n<td>Microba y Bacillus Cereus<\/td>\n<td>M\u00e1x.100 ufc\/g<\/td>\n<\/tr>\n<tr>\n<td>E.Coli<\/td>\n<td>Negativo<\/td>\n<\/tr>\n<tr>\n<td>Salmonella<\/td>\n<td>Negativo<\/td>\n<\/tr>\n<tr>\n<td>Como<\/td>\n<td>M\u00e1x.0,5mg\/kg<\/td>\n<\/tr>\n<tr>\n<td>Pb<\/td>\n<td>M\u00e1x.0,5mg\/kg<\/td>\n<\/tr>\n<tr>\n<td>Hg<\/td>\n<td>M\u00e1x.10ug\/kg<\/td>\n<\/tr>\n<\/tbody>\n<\/table>\n<h2><span class=\"ez-toc-section\" id=\"Proteina_de_Soja_Aislada_Tipo_de_Inyeccion_9020_Datos_tecnicos\"><\/span>Prote\u00edna de Soja Aislada (Tipo de Inyecci\u00f3n 9020) Datos t\u00e9cnicos:<span class=\"ez-toc-section-end\"><\/span><\/h2>\n<table>\n<tbody>\n<tr>\n<td>Producto<\/td>\n<td>Resultado<\/td>\n<\/tr>\n<tr>\n<td>Tipo<\/td>\n<td>Inyecci\u00f3n Tipo 9020<\/td>\n<\/tr>\n<tr>\n<td>Aspecto<\/td>\n<td>Polvo amarillo claro o blanco lechoso<\/td>\n<\/tr>\n<tr>\n<td>Estilo<\/td>\n<td>Seco<\/td>\n<\/tr>\n<tr>\n<td>Sabor y olor<\/td>\n<td>Sabor normal, sin olor peculiar<\/td>\n<\/tr>\n<tr>\n<td>Prote\u00edna<\/td>\n<td>M\u00edn.90%( en base seca)<\/td>\n<\/tr>\n<tr>\n<td>Humedad<\/td>\n<td>M\u00e1x. 7%.<\/td>\n<\/tr>\n<tr>\n<td>Ceniza<\/td>\n<td>M\u00e1x. 6%.<\/td>\n<\/tr>\n<tr>\n<td>Grasa<\/td>\n<td>M\u00e1x. 1%.<\/td>\n<\/tr>\n<tr>\n<td>Valor PH<\/td>\n<td>6.5+1.0<\/td>\n<\/tr>\n<tr>\n<td>Finura<\/td>\n<td>M\u00edn.95%(A trav\u00e9s de malla 100)<\/td>\n<\/tr>\n<tr>\n<td>Recuento total de placas<\/td>\n<td>M\u00e1x.20000 ufc\/g<\/td>\n<\/tr>\n<tr>\n<td>Microba y Bacillus Cereus<\/td>\n<td>M\u00e1x.100 ufc\/g<\/td>\n<\/tr>\n<tr>\n<td>E.Coli<\/td>\n<td>Negativo<\/td>\n<\/tr>\n<tr>\n<td>Salmonella<\/td>\n<td>Negativo<\/td>\n<\/tr>\n<tr>\n<td>AS<\/td>\n<td>M\u00e1x.0,5mg\/kg<\/td>\n<\/tr>\n<tr>\n<td>Pb<\/td>\n<td>M\u00e1x.0,5mg\/kg<\/td>\n<\/tr>\n<tr>\n<td>Hg<\/td>\n<td>M\u00e1x.10\u03bcg\/kg<\/td>\n<\/tr>\n<\/tbody>\n<\/table>\n<h2><span class=\"ez-toc-section\" id=\"Dosis_recomendada\"><\/span><strong><b>Dosis recomendada:<\/b><\/strong><span class=\"ez-toc-section-end\"><\/span><\/h2>\n<table>\n<tbody>\n<tr>\n<td><strong>Nombre del alimento<\/strong><\/td>\n<td><strong>Uso m\u00e1ximo (g\/kg)<\/strong><\/td>\n<\/tr>\n<tr>\n<td>Sustitutos de carne vegetarianos<\/td>\n<td>30-50g\/kg<\/td>\n<\/tr>\n<tr>\n<td>Leche de soja y leches vegetales<\/td>\n<td>5-20g\/kg<\/td>\n<\/tr>\n<tr>\n<td>Productos de soja<\/td>\n<td>20-50g\/kg<\/td>\n<\/tr>\n<tr>\n<td>Pasta vegetariana<\/td>\n<td>10-30g\/kg<\/td>\n<\/tr>\n<tr>\n<td>Barritas energ\u00e9ticas y barritas nutricionales<\/td>\n<td>30-60g\/kg<\/td>\n<\/tr>\n<tr>\n<td>Salchichas vegetarianas<\/td>\n<td>50-80g\/kg<\/td>\n<\/tr>\n<tr>\n<td>Sustitutos de yogur de origen vegetal<\/td>\n<td>10-30g\/kg<\/td>\n<\/tr>\n<tr>\n<td>Bebidas nutritivas<\/td>\n<td>5-20g\/kg<\/td>\n<\/tr>\n<tr>\n<td>Bebidas ricas en prote\u00ednas<\/td>\n<td>20-50g\/kg<\/td>\n<\/tr>\n<tr>\n<td>Cereales y granola enriquecidos con prote\u00ednas<\/td>\n<td>10-30g\/kg<\/td>\n<\/tr>\n<tr>\n<td>Comida nutritiva para catering<\/td>\n<td>30-60g\/kg<\/td>\n<\/tr>\n<tr>\n<td>Bebidas proteicas nutritivas<\/td>\n<td>20-50g\/kg<\/td>\n<\/tr>\n<tr>\n<td>S\u00e1ndwiches y wraps vegetarianos<\/td>\n<td>50-80g\/kg<\/td>\n<\/tr>\n<tr>\n<td>Aderezos nutritivos para ensaladas<\/td>\n<td>10-30g\/kg<\/td>\n<\/tr>\n<\/tbody>\n<\/table>\n<h2><span class=\"ez-toc-section\" id=\"La_proteina_de_soja_aislada_tiene_una_amplia_gama_de_usos\"><\/span>La prote\u00edna de soja aislada tiene una amplia gama de usos<span class=\"ez-toc-section-end\"><\/span><\/h2>\n<ol>\n<li>Aumenta el valor nutricional: la prote\u00edna de soja aislada tiene un alto contenido de prote\u00edna vegetal y es una buena fuente de varios amino\u00e1cidos importantes que el cuerpo necesita. Para los vegetarianos y otras personas que necesitan aumentar su ingesta de prote\u00ednas, es un excelente sustituto.<\/li>\n<li>Mejora la textura y el sabor de los alimentos: En productos c\u00e1rnicos vegetarianos, productos de soja (como tofu, leche de soja), leches vegetales, bebidas nutricionales y otros alimentos, la prote\u00edna de soja aislada puede mejorar la elasticidad y el sabor de su textura, haci\u00e9ndolos m\u00e1s cercanos al sabor de la carne tradicional o productos l\u00e1cteos.<\/li>\n<li>Emulsificaci\u00f3n y estabilizaci\u00f3n: La prote\u00edna de soja aislada tiene excelentes propiedades emulsionantes, que pueden ayudar a suspender y estabilizar las fases de aceite y agua en alimentos, como productos l\u00e1cteos, bebidas, salsas, etc., para mejorar su sabor y textura.<\/li>\n<li>Mejora la procesabilidad de los alimentos: En alimentos procesados \u200b\u200bcomo fideos, barras nutricionales, barras energ\u00e9ticas, etc., la prote\u00edna de soja aislada puede mejorar su procesabilidad y mejorar la formabilidad y la estabilidad morfol\u00f3gica del producto.<\/li>\n<li>Mejora funcional: La prote\u00edna de soja aislada no solo proporciona nutrici\u00f3n proteica, sino que tambi\u00e9n tiene propiedades gelificantes y espesantes, que se pueden utilizar para mejorar la textura y el sabor de los alimentos, como por ejemplo, se utiliza ampliamente en condimentos, productos horneados y alimentos congelados.<\/li>\n<li>Suplementos nutricionales y alimentos funcionales: Como ingrediente importante en los suplementos nutricionales y alimentos funcionales, la prote\u00edna de soja aislada puede ayudar a elaborar bebidas ricas en prote\u00ednas, barras nutricionales y comidas nutritivas para satisfacer las necesidades nutricionales de diferentes grupos de consumidores.<\/li>\n<\/ol>\n<h2><span class=\"ez-toc-section\" id=\"Pregunta_del_usuario\"><\/span>Pregunta del usuario:<span class=\"ez-toc-section-end\"><\/span><\/h2>\n<p>Pregunta: \u00bfCu\u00e1l es la diferencia y la conexi\u00f3n entre la prote\u00edna de soja de grado alimenticio y la prote\u00edna de soja aislada?<\/p>\n<p>Respuesta: La prote\u00edna de soja de grado alimenticio es un concepto amplio, que incluye formas como la prote\u00edna de soja aislada y la prote\u00edna de harina de soja. La prote\u00edna de soja aislada es un producto de alta pureza que se obtiene extrayendo la prote\u00edna de la soja y eliminando la mayor\u00eda de los componentes no proteicos, que generalmente contienen m\u00e1s del 90% de prote\u00edna. Tiene una excelente funcionalidad, como la emulsificaci\u00f3n, la gelificaci\u00f3n y la estabilizaci\u00f3n, y a menudo se utiliza en la producci\u00f3n de diversos alimentos, como sustitutos de la carne, productos de soja y bebidas nutricionales. La prote\u00edna de harina de soja contiene m\u00e1s componentes no proteicos, con usos y funciones ligeramente diferentes, y se encuentra com\u00fanmente en productos de frijoles enteros, como la leche de soja y el tofu. En general, el aislado de prote\u00edna de soja es una forma altamente purificada de prote\u00edna de soja y se utiliza ampliamente en la fabricaci\u00f3n de productos con alto contenido proteico en la industria alimentaria.<\/p>\n","protected":false},"excerpt":{"rendered":"<ul>\n<li>CAS: 9010-10-0<\/li>\n<li>F\u00f3rmula qu\u00edmica:C<sub>13<\/sub>H<sub>10<\/sub>N<sub>2<\/sub><\/li>\n<li>Certificaci\u00f3n: KOSHER, ISO, HALAL, FSSC22000, BRC, etc.<\/li>\n<li>Cantidad m\u00ednima de pedido: 1000KG<\/li>\n<li>Caducidad: 2 a\u00f1os<\/li>\n<\/ul>\n","protected":false},"featured_media":5705,"template":"","meta":{"site-sidebar-layout":"default","site-content-layout":"","ast-site-content-layout":"default","site-content-style":"default","site-sidebar-style":"default","ast-global-header-display":"","ast-banner-title-visibility":"","ast-main-header-display":"","ast-hfb-above-header-display":"","ast-hfb-below-header-display":"","ast-hfb-mobile-header-display":"","site-post-title":"","ast-breadcrumbs-content":"","ast-featured-img":"","footer-sml-layout":"","theme-transparent-header-meta":"default","adv-header-id-meta":"","stick-header-meta":"","header-above-stick-meta":"","header-main-stick-meta":"","header-below-stick-meta":"","astra-migrate-meta-layouts":"set","ast-page-background-enabled":"default","ast-page-background-meta":{"desktop":{"background-color":"var(--ast-global-color-4)","background-image":"","background-repeat":"repeat","background-position":"center center","background-size":"auto","background-attachment":"scroll","background-type":"","background-media":"","overlay-type":"","overlay-color":"","overlay-opacity":"","overlay-gradient":""},"tablet":{"background-color":"","background-image":"","background-repeat":"repeat","background-position":"center center","background-size":"auto","background-attachment":"scroll","background-type":"","background-media":"","overlay-type":"","overlay-color":"","overlay-opacity":"","overlay-gradient":""},"mobile":{"background-color":"","background-image":"","background-repeat":"repeat","background-position":"center center","background-size":"auto","background-attachment":"scroll","background-type":"","background-media":"","overlay-type":"","overlay-color":"","overlay-opacity":"","overlay-gradient":""}},"ast-content-background-meta":{"desktop":{"background-color":"var(--ast-global-color-5)","background-image":"","background-repeat":"repeat","background-position":"center center","background-size":"auto","background-attachment":"scroll","background-type":"","background-media":"","overlay-type":"","overlay-color":"","overlay-opacity":"","overlay-gradient":""},"tablet":{"background-color":"var(--ast-global-color-5)","background-image":"","background-repeat":"repeat","background-position":"center center","background-size":"auto","background-attachment":"scroll","background-type":"","background-media":"","overlay-type":"","overlay-color":"","overlay-opacity":"","overlay-gradient":""},"mobile":{"background-color":"var(--ast-global-color-5)","background-image":"","background-repeat":"repeat","background-position":"center center","background-size":"auto","background-attachment":"scroll","background-type":"","background-media":"","overlay-type":"","overlay-color":"","overlay-opacity":"","overlay-gradient":""}}},"product_brand":[],"product_cat":[96],"product_tag":[],"class_list":{"0":"post-9774","1":"product","2":"type-product","3":"status-publish","4":"has-post-thumbnail","6":"product_cat-producto-proteico","7":"desktop-align-center","8":"tablet-align-left","9":"mobile-align-left","11":"first","12":"instock","13":"shipping-taxable","14":"product-type-simple"},"yoast_head":"<!-- This site is optimized with the Yoast SEO plugin v26.5 - https:\/\/yoast.com\/wordpress\/plugins\/seo\/ -->\n<title>Proveedor de Proteina Aislada de Soya, Compre Prote\u00edna de Soja Pura en Polvo | Niranbio Chemical<\/title>\n<meta name=\"description\" content=\"Nuestra prote\u00edna de soja aislada es un polvo blanco o amarillo claro con excelentes propiedades emulsionantes, gelificantes y nutritivas.\" \/>\n<meta name=\"robots\" content=\"noindex, follow, max-snippet:-1, max-image-preview:large, max-video-preview:-1\" \/>\n<meta name=\"twitter:label1\" content=\"Tiempo de lectura\" \/>\n\t<meta name=\"twitter:data1\" content=\"5 minutos\" \/>\n<script type=\"application\/ld+json\" class=\"yoast-schema-graph\">{\"@context\":\"https:\/\/schema.org\",\"@graph\":[{\"@type\":\"WebPage\",\"@id\":\"https:\/\/theo.niranbio.com\/es\/proteina-de-soja-aislada.html\",\"url\":\"https:\/\/theo.niranbio.com\/es\/proteina-de-soja-aislada.html\",\"name\":\"Proveedor de Proteina Aislada de Soya, Compre Prote\u00edna de Soja Pura en Polvo | Niranbio Chemical\",\"isPartOf\":{\"@id\":\"https:\/\/theo.niranbio.com\/es\/#website\"},\"primaryImageOfPage\":{\"@id\":\"https:\/\/theo.niranbio.com\/es\/proteina-de-soja-aislada.html#primaryimage\"},\"image\":{\"@id\":\"https:\/\/theo.niranbio.com\/es\/proteina-de-soja-aislada.html#primaryimage\"},\"thumbnailUrl\":\"https:\/\/theo.niranbio.com\/wp-content\/uploads\/2024\/06\/Isolated-Soy-Protein.webp\",\"datePublished\":\"2024-06-20T03:42:52+00:00\",\"dateModified\":\"2024-08-16T03:55:32+00:00\",\"description\":\"Nuestra prote\u00edna de soja aislada es un polvo blanco o amarillo claro con excelentes propiedades emulsionantes, gelificantes y nutritivas.\",\"breadcrumb\":{\"@id\":\"https:\/\/theo.niranbio.com\/es\/proteina-de-soja-aislada.html#breadcrumb\"},\"inLanguage\":\"es\",\"potentialAction\":[{\"@type\":\"ReadAction\",\"target\":[\"https:\/\/theo.niranbio.com\/es\/proteina-de-soja-aislada.html\"]}]},{\"@type\":\"ImageObject\",\"inLanguage\":\"es\",\"@id\":\"https:\/\/theo.niranbio.com\/es\/proteina-de-soja-aislada.html#primaryimage\",\"url\":\"https:\/\/theo.niranbio.com\/wp-content\/uploads\/2024\/06\/Isolated-Soy-Protein.webp\",\"contentUrl\":\"https:\/\/theo.niranbio.com\/wp-content\/uploads\/2024\/06\/Isolated-Soy-Protein.webp\",\"width\":600,\"height\":600,\"caption\":\"Prote\u00edna de soja aislada\"},{\"@type\":\"BreadcrumbList\",\"@id\":\"https:\/\/theo.niranbio.com\/es\/proteina-de-soja-aislada.html#breadcrumb\",\"itemListElement\":[{\"@type\":\"ListItem\",\"position\":1,\"name\":\"Home\",\"item\":\"https:\/\/theo.niranbio.com\/es\/\"},{\"@type\":\"ListItem\",\"position\":2,\"name\":\"Productos\",\"item\":\"https:\/\/theo.niranbio.com\/es\/productos.html\"},{\"@type\":\"ListItem\",\"position\":3,\"name\":\"Proteico\",\"item\":\"https:\/\/theo.niranbio.com\/es\/producto-proteico\/\"},{\"@type\":\"ListItem\",\"position\":4,\"name\":\"Prote\u00edna de soja aislada\"}]},{\"@type\":\"WebSite\",\"@id\":\"https:\/\/theo.niranbio.com\/es\/#website\",\"url\":\"https:\/\/theo.niranbio.com\/es\/\",\"name\":\"Niranbio Chemical\",\"description\":\"\",\"publisher\":{\"@id\":\"https:\/\/theo.niranbio.com\/es\/#organization\"},\"potentialAction\":[{\"@type\":\"SearchAction\",\"target\":{\"@type\":\"EntryPoint\",\"urlTemplate\":\"https:\/\/theo.niranbio.com\/es\/?s={search_term_string}\"},\"query-input\":{\"@type\":\"PropertyValueSpecification\",\"valueRequired\":true,\"valueName\":\"search_term_string\"}}],\"inLanguage\":\"es\"},{\"@type\":\"Organization\",\"@id\":\"https:\/\/theo.niranbio.com\/es\/#organization\",\"name\":\"Niranbio Chemical\",\"url\":\"https:\/\/theo.niranbio.com\/es\/\",\"logo\":{\"@type\":\"ImageObject\",\"inLanguage\":\"es\",\"@id\":\"https:\/\/theo.niranbio.com\/es\/#\/schema\/logo\/image\/\",\"url\":\"https:\/\/theo.niranbio.com\/wp-content\/uploads\/2024\/06\/Niranbio.png\",\"contentUrl\":\"https:\/\/theo.niranbio.com\/wp-content\/uploads\/2024\/06\/Niranbio.png\",\"width\":270,\"height\":100,\"caption\":\"Niranbio Chemical\"},\"image\":{\"@id\":\"https:\/\/theo.niranbio.com\/es\/#\/schema\/logo\/image\/\"}}]}<\/script>\n<!-- \/ Yoast SEO plugin. -->","yoast_head_json":{"title":"Proveedor de Proteina Aislada de Soya, Compre Prote\u00edna de Soja Pura en Polvo | Niranbio Chemical","description":"Nuestra prote\u00edna de soja aislada es un polvo blanco o amarillo claro con excelentes propiedades emulsionantes, gelificantes y nutritivas.","robots":{"index":"noindex","follow":"follow","max-snippet":"max-snippet:-1","max-image-preview":"max-image-preview:large","max-video-preview":"max-video-preview:-1"},"twitter_misc":{"Tiempo de lectura":"5 minutos"},"schema":{"@context":"https:\/\/schema.org","@graph":[{"@type":"WebPage","@id":"https:\/\/theo.niranbio.com\/es\/proteina-de-soja-aislada.html","url":"https:\/\/theo.niranbio.com\/es\/proteina-de-soja-aislada.html","name":"Proveedor de Proteina Aislada de Soya, Compre Prote\u00edna de Soja Pura en Polvo | Niranbio Chemical","isPartOf":{"@id":"https:\/\/theo.niranbio.com\/es\/#website"},"primaryImageOfPage":{"@id":"https:\/\/theo.niranbio.com\/es\/proteina-de-soja-aislada.html#primaryimage"},"image":{"@id":"https:\/\/theo.niranbio.com\/es\/proteina-de-soja-aislada.html#primaryimage"},"thumbnailUrl":"https:\/\/theo.niranbio.com\/wp-content\/uploads\/2024\/06\/Isolated-Soy-Protein.webp","datePublished":"2024-06-20T03:42:52+00:00","dateModified":"2024-08-16T03:55:32+00:00","description":"Nuestra prote\u00edna de soja aislada es un polvo blanco o amarillo claro con excelentes propiedades emulsionantes, gelificantes y nutritivas.","breadcrumb":{"@id":"https:\/\/theo.niranbio.com\/es\/proteina-de-soja-aislada.html#breadcrumb"},"inLanguage":"es","potentialAction":[{"@type":"ReadAction","target":["https:\/\/theo.niranbio.com\/es\/proteina-de-soja-aislada.html"]}]},{"@type":"ImageObject","inLanguage":"es","@id":"https:\/\/theo.niranbio.com\/es\/proteina-de-soja-aislada.html#primaryimage","url":"https:\/\/theo.niranbio.com\/wp-content\/uploads\/2024\/06\/Isolated-Soy-Protein.webp","contentUrl":"https:\/\/theo.niranbio.com\/wp-content\/uploads\/2024\/06\/Isolated-Soy-Protein.webp","width":600,"height":600,"caption":"Prote\u00edna de soja aislada"},{"@type":"BreadcrumbList","@id":"https:\/\/theo.niranbio.com\/es\/proteina-de-soja-aislada.html#breadcrumb","itemListElement":[{"@type":"ListItem","position":1,"name":"Home","item":"https:\/\/theo.niranbio.com\/es\/"},{"@type":"ListItem","position":2,"name":"Productos","item":"https:\/\/theo.niranbio.com\/es\/productos.html"},{"@type":"ListItem","position":3,"name":"Proteico","item":"https:\/\/theo.niranbio.com\/es\/producto-proteico\/"},{"@type":"ListItem","position":4,"name":"Prote\u00edna de soja aislada"}]},{"@type":"WebSite","@id":"https:\/\/theo.niranbio.com\/es\/#website","url":"https:\/\/theo.niranbio.com\/es\/","name":"Niranbio Chemical","description":"","publisher":{"@id":"https:\/\/theo.niranbio.com\/es\/#organization"},"potentialAction":[{"@type":"SearchAction","target":{"@type":"EntryPoint","urlTemplate":"https:\/\/theo.niranbio.com\/es\/?s={search_term_string}"},"query-input":{"@type":"PropertyValueSpecification","valueRequired":true,"valueName":"search_term_string"}}],"inLanguage":"es"},{"@type":"Organization","@id":"https:\/\/theo.niranbio.com\/es\/#organization","name":"Niranbio Chemical","url":"https:\/\/theo.niranbio.com\/es\/","logo":{"@type":"ImageObject","inLanguage":"es","@id":"https:\/\/theo.niranbio.com\/es\/#\/schema\/logo\/image\/","url":"https:\/\/theo.niranbio.com\/wp-content\/uploads\/2024\/06\/Niranbio.png","contentUrl":"https:\/\/theo.niranbio.com\/wp-content\/uploads\/2024\/06\/Niranbio.png","width":270,"height":100,"caption":"Niranbio Chemical"},"image":{"@id":"https:\/\/theo.niranbio.com\/es\/#\/schema\/logo\/image\/"}}]}},"_links":{"self":[{"href":"https:\/\/theo.niranbio.com\/es\/wp-json\/wp\/v2\/product\/9774","targetHints":{"allow":["GET"]}}],"collection":[{"href":"https:\/\/theo.niranbio.com\/es\/wp-json\/wp\/v2\/product"}],"about":[{"href":"https:\/\/theo.niranbio.com\/es\/wp-json\/wp\/v2\/types\/product"}],"version-history":[{"count":0,"href":"https:\/\/theo.niranbio.com\/es\/wp-json\/wp\/v2\/product\/9774\/revisions"}],"wp:featuredmedia":[{"embeddable":true,"href":"https:\/\/theo.niranbio.com\/es\/wp-json\/wp\/v2\/media\/5705"}],"wp:attachment":[{"href":"https:\/\/theo.niranbio.com\/es\/wp-json\/wp\/v2\/media?parent=9774"}],"wp:term":[{"taxonomy":"product_brand","embeddable":true,"href":"https:\/\/theo.niranbio.com\/es\/wp-json\/wp\/v2\/product_brand?post=9774"},{"taxonomy":"product_cat","embeddable":true,"href":"https:\/\/theo.niranbio.com\/es\/wp-json\/wp\/v2\/product_cat?post=9774"},{"taxonomy":"product_tag","embeddable":true,"href":"https:\/\/theo.niranbio.com\/es\/wp-json\/wp\/v2\/product_tag?post=9774"}],"curies":[{"name":"wp","href":"https:\/\/api.w.org\/{rel}","templated":true}]}}