{"id":9764,"date":"2024-06-20T11:43:40","date_gmt":"2024-06-20T03:43:40","guid":{"rendered":"https:\/\/theo.niranbio.com\/gluten-de-trigo-vital\/"},"modified":"2024-08-16T11:54:15","modified_gmt":"2024-08-16T03:54:15","slug":"gluten-de-trigo-vital","status":"publish","type":"product","link":"https:\/\/theo.niranbio.com\/es\/gluten-de-trigo-vital.html","title":{"rendered":"Gluten de trigo vital"},"content":{"rendered":"<h2><span class=\"ez-toc-section\" id=\"%C2%BFQue_es_el_gluten_de_trigo_vital\"><\/span>\u00bfQu\u00e9 es el gluten de trigo vital?<span class=\"ez-toc-section-end\"><\/span><\/h2>\n<p>El gluten de trigo activo es un polvo rico en prote\u00ednas extra\u00eddo de la harina de trigo. Es un polvo fino de color amarillo claro o blanquecino, compuesto principalmente de prote\u00edna soluble en alcohol y glutenina, con alta elasticidad y ductilidad. El gluten de trigo activo se usa ampliamente en una variedad de campos de procesamiento de alimentos debido a su excelente funcionalidad y alto contenido de prote\u00ednas, satisfaciendo las necesidades de panader\u00eda, vegetarianismo, espesamiento y fortificaci\u00f3n nutricional. Especialmente en la industria de la panificaci\u00f3n, se utiliza para mejorar la elasticidad y la estructura de la masa; adem\u00e1s, tambi\u00e9n se utiliza para producir sustitutos de carne vegetarianos, como espesante y suplemento proteico para mejorar la textura y el valor nutricional de los alimentos.<\/p>\n<p>Los principales m\u00e9todos para preparar gluten de trigo activo de calidad alimentaria en China son la preparaci\u00f3n h\u00fameda y la preparaci\u00f3n seca, entre los cuales la preparaci\u00f3n h\u00fameda es el proceso m\u00e1s com\u00fan. En el proceso de preparaci\u00f3n h\u00fameda, la harina de trigo se mezcla con agua para formar una masa, y el almid\u00f3n y los componentes solubles se eliminan mediante un lavado con agua corriente para obtener gluten h\u00famedo rico en prote\u00ednas, que luego se deshidrata, se seca y se muele. Este m\u00e9todo puede extraer eficazmente las prote\u00ednas solubles en alcohol y la glutenina del trigo, mantener una buena elasticidad y ductilidad, garantizar el alto contenido de prote\u00ednas y la excelente funcionalidad del gluten, y se utiliza ampliamente en la reposter\u00eda y los sustitutos de carne vegetarianos. Por el contrario, la preparaci\u00f3n seca se utiliza menos, principalmente separando el almid\u00f3n y la prote\u00edna en la harina de trigo mediante separaci\u00f3n mec\u00e1nica y cribado, y es adecuada para algunas necesidades industriales espec\u00edficas. Aunque la preparaci\u00f3n seca tiene ventajas en algunos casos, la preparaci\u00f3n h\u00fameda se ha convertido en el proceso de preparaci\u00f3n principal para el gluten de trigo activo de calidad alimentaria nacional debido a su eficiente extracci\u00f3n de prote\u00ednas y su amplia aplicaci\u00f3n.<\/p>\n<h2><span class=\"ez-toc-section\" id=\"Dosis_recomendada\"><\/span>Dosis recomendada:<span class=\"ez-toc-section-end\"><\/span><\/h2>\n<table>\n<tbody>\n<tr>\n<td><strong>Nombre del alimento<\/strong><\/td>\n<td><strong>Uso m\u00e1ximo (g\/kg)<\/strong><\/td>\n<\/tr>\n<tr>\n<td>Pasteles<\/td>\n<td>5-15 g\/kg<\/td>\n<\/tr>\n<tr>\n<td>Galletas<\/td>\n<td>5-10 g\/kg<\/td>\n<\/tr>\n<tr>\n<td>Masa de tarta<\/td>\n<td>5-10 g\/kg<\/td>\n<\/tr>\n<tr>\n<td>Donuts<\/td>\n<td>10-20 g\/kg<\/td>\n<\/tr>\n<tr>\n<td>Baguette<\/td>\n<td>15-25 g\/kg<\/td>\n<\/tr>\n<tr>\n<td>Hamburguesas vegetarianas<\/td>\n<td>40-60 g\/kg<\/td>\n<\/tr>\n<tr>\n<td>Salchichas vegetarianas<\/td>\n<td>30-50 g\/kg<\/td>\n<\/tr>\n<tr>\n<td>Filetes de pescado vegetarianos<\/td>\n<td>40-60 g\/kg<\/td>\n<\/tr>\n<tr>\n<td>Leches vegetales<\/td>\n<td>5-10 g\/kg<\/td>\n<\/tr>\n<tr>\n<td>Productos a base de almid\u00f3n<\/td>\n<td>5-10 g\/kg<\/td>\n<\/tr>\n<tr>\n<td>Crema para caf\u00e9<\/td>\n<td>5-10 g\/kg<\/td>\n<\/tr>\n<tr>\n<td>Productos c\u00e1rnicos<\/td>\n<td>5-15 g\/kg<\/td>\n<\/tr>\n<tr>\n<td>Alimentos congelados<\/td>\n<td>5-10 g\/kg<\/td>\n<\/tr>\n<tr>\n<td>Cereales de desayuno listos para comer<\/td>\n<td>10-20 g\/kg<\/td>\n<\/tr>\n<tr>\n<td>Hamburguesas de comida r\u00e1pida<\/td>\n<td>10-20 g\/kg<\/td>\n<\/tr>\n<\/tbody>\n<\/table>\n<h2><span class=\"ez-toc-section\" id=\"El_gluten_de_trigo_vital_tiene_una_amplia_gama_de_usos\"><\/span>El gluten de trigo vital tiene una amplia gama de usos<span class=\"ez-toc-section-end\"><\/span><\/h2>\n<ol>\n<li>Mejora la elasticidad y extensibilidad de la masa: las prote\u00ednas solubles en alcohol y la glutenina del gluten de trigo activo forman una red viscoel\u00e1stica en el agua, lo que le da a la masa una buena elasticidad y extensibilidad.<\/li>\n<li>Mejora la estructura y la textura de la masa: mejora la estabilidad estructural de la masa, mejora el volumen y la textura de los productos de harina y mejora el sabor.<\/li>\n<li>Aumenta el contenido de prote\u00ednas: como materia prima rica en prote\u00ednas, puede aumentar significativamente el contenido de prote\u00ednas de los alimentos y satisfacer las necesidades de una dieta rica en prote\u00ednas.<\/li>\n<li>Mejora la retenci\u00f3n de agua: mejora la retenci\u00f3n de agua de los alimentos, extiende la vida \u00fatil y evita que los alimentos se sequen o se deterioren durante el almacenamiento.<\/li>\n<li>Mejora la adherencia de los alimentos: mejora la adherencia de los alimentos, lo que facilita su modelado y hace que su estructura sea m\u00e1s estable.<\/li>\n<\/ol>\n<h2><span class=\"ez-toc-section\" id=\"Pregunta_del_usuario\"><\/span>Pregunta del usuario:<span class=\"ez-toc-section-end\"><\/span><\/h2>\n<p>Pregunta: \u00bfLa harina de gluten y el gluten de trigo vital son la misma sustancia?<\/p>\n<p>Respuesta: El gluten de trigo vital y la harina de gluten est\u00e1n estrechamente relacionados, pero no son id\u00e9nticos. La harina de gluten es una harina rica en prote\u00ednas, generalmente molida a partir de trigo duro, con un contenido de prote\u00ednas de aproximadamente el 70-80%. Conserva una cierta cantidad de almid\u00f3n y otros componentes del trigo y se utiliza principalmente para elaborar productos horneados que requieren una estructura de gluten fuerte, como la masa de pan y pizza. Por el contrario, el gluten de trigo vital es un producto proteico de alta concentraci\u00f3n extra\u00eddo de la harina de trigo. Su proceso de preparaci\u00f3n implica mezclar la harina de trigo con agua para activar el gluten, luego lavar para eliminar el almid\u00f3n y finalmente secar el gluten h\u00famedo restante hasta convertirlo en polvo. El gluten de trigo vital suele tener un contenido proteico del 75-85% y casi no contiene almid\u00f3n. Se utiliza ampliamente para mejorar la elasticidad y la estructura de la masa, elaborar sustitutos de la carne y como aglutinante para diversos alimentos.<\/p>\n","protected":false},"excerpt":{"rendered":"<ul>\n<li>CAS: 8002-80-0<\/li>\n<li>Certificaci\u00f3n: KOSHER, ISO, HALAL, FSSC22000, BRC, etc.<\/li>\n<li>Cantidad m\u00ednima de pedido: 1000KG<\/li>\n<li>Caducidad: 2 a\u00f1os<\/li>\n<\/ul>\n","protected":false},"featured_media":5699,"template":"","meta":{"site-sidebar-layout":"default","site-content-layout":"","ast-site-content-layout":"default","site-content-style":"default","site-sidebar-style":"default","ast-global-header-display":"","ast-banner-title-visibility":"","ast-main-header-display":"","ast-hfb-above-header-display":"","ast-hfb-below-header-display":"","ast-hfb-mobile-header-display":"","site-post-title":"","ast-breadcrumbs-content":"","ast-featured-img":"","footer-sml-layout":"","theme-transparent-header-meta":"default","adv-header-id-meta":"","stick-header-meta":"","header-above-stick-meta":"","header-main-stick-meta":"","header-below-stick-meta":"","astra-migrate-meta-layouts":"set","ast-page-background-enabled":"default","ast-page-background-meta":{"desktop":{"background-color":"var(--ast-global-color-4)","background-image":"","background-repeat":"repeat","background-position":"center center","background-size":"auto","background-attachment":"scroll","background-type":"","background-media":"","overlay-type":"","overlay-color":"","overlay-opacity":"","overlay-gradient":""},"tablet":{"background-color":"","background-image":"","background-repeat":"repeat","background-position":"center center","background-size":"auto","background-attachment":"scroll","background-type":"","background-media":"","overlay-type":"","overlay-color":"","overlay-opacity":"","overlay-gradient":""},"mobile":{"background-color":"","background-image":"","background-repeat":"repeat","background-position":"center center","background-size":"auto","background-attachment":"scroll","background-type":"","background-media":"","overlay-type":"","overlay-color":"","overlay-opacity":"","overlay-gradient":""}},"ast-content-background-meta":{"desktop":{"background-color":"var(--ast-global-color-5)","background-image":"","background-repeat":"repeat","background-position":"center center","background-size":"auto","background-attachment":"scroll","background-type":"","background-media":"","overlay-type":"","overlay-color":"","overlay-opacity":"","overlay-gradient":""},"tablet":{"background-color":"var(--ast-global-color-5)","background-image":"","background-repeat":"repeat","background-position":"center center","background-size":"auto","background-attachment":"scroll","background-type":"","background-media":"","overlay-type":"","overlay-color":"","overlay-opacity":"","overlay-gradient":""},"mobile":{"background-color":"var(--ast-global-color-5)","background-image":"","background-repeat":"repeat","background-position":"center center","background-size":"auto","background-attachment":"scroll","background-type":"","background-media":"","overlay-type":"","overlay-color":"","overlay-opacity":"","overlay-gradient":""}}},"product_brand":[],"product_cat":[96],"product_tag":[],"class_list":{"0":"post-9764","1":"product","2":"type-product","3":"status-publish","4":"has-post-thumbnail","6":"product_cat-producto-proteico","7":"desktop-align-center","8":"tablet-align-left","9":"mobile-align-left","11":"first","12":"instock","13":"shipping-taxable","14":"product-type-simple"},"yoast_head":"<!-- This site is optimized with the Yoast SEO plugin v26.5 - https:\/\/yoast.com\/wordpress\/plugins\/seo\/ -->\n<title>Fabricante de Gluten de Trigo Vital, Gluten de Trigo Vital en Polvo a Granel | Niranbio Chemical<\/title>\n<meta name=\"description\" content=\"Nuestro gluten de trigo vital es un polvo fino de color amarillo claro o blanquecino, compuesto principalmente de prote\u00edna soluble en alcohol y glutenina, con alta elasticidad y ductilidad.\" \/>\n<meta name=\"robots\" content=\"noindex, follow, max-snippet:-1, max-image-preview:large, max-video-preview:-1\" \/>\n<meta name=\"twitter:label1\" content=\"Tiempo de lectura\" \/>\n\t<meta name=\"twitter:data1\" content=\"4 minutos\" \/>\n<script type=\"application\/ld+json\" class=\"yoast-schema-graph\">{\"@context\":\"https:\/\/schema.org\",\"@graph\":[{\"@type\":\"WebPage\",\"@id\":\"https:\/\/theo.niranbio.com\/es\/gluten-de-trigo-vital.html\",\"url\":\"https:\/\/theo.niranbio.com\/es\/gluten-de-trigo-vital.html\",\"name\":\"Fabricante de Gluten de Trigo Vital, Gluten de Trigo Vital en Polvo a Granel | Niranbio Chemical\",\"isPartOf\":{\"@id\":\"https:\/\/theo.niranbio.com\/es\/#website\"},\"primaryImageOfPage\":{\"@id\":\"https:\/\/theo.niranbio.com\/es\/gluten-de-trigo-vital.html#primaryimage\"},\"image\":{\"@id\":\"https:\/\/theo.niranbio.com\/es\/gluten-de-trigo-vital.html#primaryimage\"},\"thumbnailUrl\":\"https:\/\/theo.niranbio.com\/wp-content\/uploads\/2024\/06\/Vital-Wheat-Gluten.webp\",\"datePublished\":\"2024-06-20T03:43:40+00:00\",\"dateModified\":\"2024-08-16T03:54:15+00:00\",\"description\":\"Nuestro gluten de trigo vital es un polvo fino de color amarillo claro o blanquecino, compuesto principalmente de prote\u00edna soluble en alcohol y glutenina, con alta elasticidad y ductilidad.\",\"breadcrumb\":{\"@id\":\"https:\/\/theo.niranbio.com\/es\/gluten-de-trigo-vital.html#breadcrumb\"},\"inLanguage\":\"es\",\"potentialAction\":[{\"@type\":\"ReadAction\",\"target\":[\"https:\/\/theo.niranbio.com\/es\/gluten-de-trigo-vital.html\"]}]},{\"@type\":\"ImageObject\",\"inLanguage\":\"es\",\"@id\":\"https:\/\/theo.niranbio.com\/es\/gluten-de-trigo-vital.html#primaryimage\",\"url\":\"https:\/\/theo.niranbio.com\/wp-content\/uploads\/2024\/06\/Vital-Wheat-Gluten.webp\",\"contentUrl\":\"https:\/\/theo.niranbio.com\/wp-content\/uploads\/2024\/06\/Vital-Wheat-Gluten.webp\",\"width\":600,\"height\":600,\"caption\":\"Gluten de trigo vital\"},{\"@type\":\"BreadcrumbList\",\"@id\":\"https:\/\/theo.niranbio.com\/es\/gluten-de-trigo-vital.html#breadcrumb\",\"itemListElement\":[{\"@type\":\"ListItem\",\"position\":1,\"name\":\"Home\",\"item\":\"https:\/\/theo.niranbio.com\/es\/\"},{\"@type\":\"ListItem\",\"position\":2,\"name\":\"Productos\",\"item\":\"https:\/\/theo.niranbio.com\/es\/productos.html\"},{\"@type\":\"ListItem\",\"position\":3,\"name\":\"Proteico\",\"item\":\"https:\/\/theo.niranbio.com\/es\/producto-proteico\/\"},{\"@type\":\"ListItem\",\"position\":4,\"name\":\"Gluten de trigo vital\"}]},{\"@type\":\"WebSite\",\"@id\":\"https:\/\/theo.niranbio.com\/es\/#website\",\"url\":\"https:\/\/theo.niranbio.com\/es\/\",\"name\":\"Niranbio Chemical\",\"description\":\"\",\"publisher\":{\"@id\":\"https:\/\/theo.niranbio.com\/es\/#organization\"},\"potentialAction\":[{\"@type\":\"SearchAction\",\"target\":{\"@type\":\"EntryPoint\",\"urlTemplate\":\"https:\/\/theo.niranbio.com\/es\/?s={search_term_string}\"},\"query-input\":{\"@type\":\"PropertyValueSpecification\",\"valueRequired\":true,\"valueName\":\"search_term_string\"}}],\"inLanguage\":\"es\"},{\"@type\":\"Organization\",\"@id\":\"https:\/\/theo.niranbio.com\/es\/#organization\",\"name\":\"Niranbio Chemical\",\"url\":\"https:\/\/theo.niranbio.com\/es\/\",\"logo\":{\"@type\":\"ImageObject\",\"inLanguage\":\"es\",\"@id\":\"https:\/\/theo.niranbio.com\/es\/#\/schema\/logo\/image\/\",\"url\":\"https:\/\/theo.niranbio.com\/wp-content\/uploads\/2024\/06\/Niranbio.png\",\"contentUrl\":\"https:\/\/theo.niranbio.com\/wp-content\/uploads\/2024\/06\/Niranbio.png\",\"width\":270,\"height\":100,\"caption\":\"Niranbio Chemical\"},\"image\":{\"@id\":\"https:\/\/theo.niranbio.com\/es\/#\/schema\/logo\/image\/\"}}]}<\/script>\n<!-- \/ Yoast SEO plugin. -->","yoast_head_json":{"title":"Fabricante de Gluten de Trigo Vital, Gluten de Trigo Vital en Polvo a Granel | Niranbio Chemical","description":"Nuestro gluten de trigo vital es un polvo fino de color amarillo claro o blanquecino, compuesto principalmente de prote\u00edna soluble en alcohol y glutenina, con alta elasticidad y ductilidad.","robots":{"index":"noindex","follow":"follow","max-snippet":"max-snippet:-1","max-image-preview":"max-image-preview:large","max-video-preview":"max-video-preview:-1"},"twitter_misc":{"Tiempo de lectura":"4 minutos"},"schema":{"@context":"https:\/\/schema.org","@graph":[{"@type":"WebPage","@id":"https:\/\/theo.niranbio.com\/es\/gluten-de-trigo-vital.html","url":"https:\/\/theo.niranbio.com\/es\/gluten-de-trigo-vital.html","name":"Fabricante de Gluten de Trigo Vital, Gluten de Trigo Vital en Polvo a Granel | Niranbio Chemical","isPartOf":{"@id":"https:\/\/theo.niranbio.com\/es\/#website"},"primaryImageOfPage":{"@id":"https:\/\/theo.niranbio.com\/es\/gluten-de-trigo-vital.html#primaryimage"},"image":{"@id":"https:\/\/theo.niranbio.com\/es\/gluten-de-trigo-vital.html#primaryimage"},"thumbnailUrl":"https:\/\/theo.niranbio.com\/wp-content\/uploads\/2024\/06\/Vital-Wheat-Gluten.webp","datePublished":"2024-06-20T03:43:40+00:00","dateModified":"2024-08-16T03:54:15+00:00","description":"Nuestro gluten de trigo vital es un polvo fino de color amarillo claro o blanquecino, compuesto principalmente de prote\u00edna soluble en alcohol y glutenina, con alta elasticidad y ductilidad.","breadcrumb":{"@id":"https:\/\/theo.niranbio.com\/es\/gluten-de-trigo-vital.html#breadcrumb"},"inLanguage":"es","potentialAction":[{"@type":"ReadAction","target":["https:\/\/theo.niranbio.com\/es\/gluten-de-trigo-vital.html"]}]},{"@type":"ImageObject","inLanguage":"es","@id":"https:\/\/theo.niranbio.com\/es\/gluten-de-trigo-vital.html#primaryimage","url":"https:\/\/theo.niranbio.com\/wp-content\/uploads\/2024\/06\/Vital-Wheat-Gluten.webp","contentUrl":"https:\/\/theo.niranbio.com\/wp-content\/uploads\/2024\/06\/Vital-Wheat-Gluten.webp","width":600,"height":600,"caption":"Gluten de trigo vital"},{"@type":"BreadcrumbList","@id":"https:\/\/theo.niranbio.com\/es\/gluten-de-trigo-vital.html#breadcrumb","itemListElement":[{"@type":"ListItem","position":1,"name":"Home","item":"https:\/\/theo.niranbio.com\/es\/"},{"@type":"ListItem","position":2,"name":"Productos","item":"https:\/\/theo.niranbio.com\/es\/productos.html"},{"@type":"ListItem","position":3,"name":"Proteico","item":"https:\/\/theo.niranbio.com\/es\/producto-proteico\/"},{"@type":"ListItem","position":4,"name":"Gluten de trigo vital"}]},{"@type":"WebSite","@id":"https:\/\/theo.niranbio.com\/es\/#website","url":"https:\/\/theo.niranbio.com\/es\/","name":"Niranbio Chemical","description":"","publisher":{"@id":"https:\/\/theo.niranbio.com\/es\/#organization"},"potentialAction":[{"@type":"SearchAction","target":{"@type":"EntryPoint","urlTemplate":"https:\/\/theo.niranbio.com\/es\/?s={search_term_string}"},"query-input":{"@type":"PropertyValueSpecification","valueRequired":true,"valueName":"search_term_string"}}],"inLanguage":"es"},{"@type":"Organization","@id":"https:\/\/theo.niranbio.com\/es\/#organization","name":"Niranbio Chemical","url":"https:\/\/theo.niranbio.com\/es\/","logo":{"@type":"ImageObject","inLanguage":"es","@id":"https:\/\/theo.niranbio.com\/es\/#\/schema\/logo\/image\/","url":"https:\/\/theo.niranbio.com\/wp-content\/uploads\/2024\/06\/Niranbio.png","contentUrl":"https:\/\/theo.niranbio.com\/wp-content\/uploads\/2024\/06\/Niranbio.png","width":270,"height":100,"caption":"Niranbio Chemical"},"image":{"@id":"https:\/\/theo.niranbio.com\/es\/#\/schema\/logo\/image\/"}}]}},"_links":{"self":[{"href":"https:\/\/theo.niranbio.com\/es\/wp-json\/wp\/v2\/product\/9764","targetHints":{"allow":["GET"]}}],"collection":[{"href":"https:\/\/theo.niranbio.com\/es\/wp-json\/wp\/v2\/product"}],"about":[{"href":"https:\/\/theo.niranbio.com\/es\/wp-json\/wp\/v2\/types\/product"}],"version-history":[{"count":0,"href":"https:\/\/theo.niranbio.com\/es\/wp-json\/wp\/v2\/product\/9764\/revisions"}],"wp:featuredmedia":[{"embeddable":true,"href":"https:\/\/theo.niranbio.com\/es\/wp-json\/wp\/v2\/media\/5699"}],"wp:attachment":[{"href":"https:\/\/theo.niranbio.com\/es\/wp-json\/wp\/v2\/media?parent=9764"}],"wp:term":[{"taxonomy":"product_brand","embeddable":true,"href":"https:\/\/theo.niranbio.com\/es\/wp-json\/wp\/v2\/product_brand?post=9764"},{"taxonomy":"product_cat","embeddable":true,"href":"https:\/\/theo.niranbio.com\/es\/wp-json\/wp\/v2\/product_cat?post=9764"},{"taxonomy":"product_tag","embeddable":true,"href":"https:\/\/theo.niranbio.com\/es\/wp-json\/wp\/v2\/product_tag?post=9764"}],"curies":[{"name":"wp","href":"https:\/\/api.w.org\/{rel}","templated":true}]}}