{"id":9761,"date":"2024-06-20T13:18:28","date_gmt":"2024-06-20T05:18:28","guid":{"rendered":"https:\/\/theo.niranbio.com\/bicarbonato-de-amonio\/"},"modified":"2024-08-15T18:48:34","modified_gmt":"2024-08-15T10:48:34","slug":"bicarbonato-de-amonio","status":"publish","type":"product","link":"https:\/\/theo.niranbio.com\/es\/bicarbonato-de-amonio.html","title":{"rendered":"Bicarbonato de amonio"},"content":{"rendered":"<h2><span class=\"ez-toc-section\" id=\"%C2%BFQue_es_el_bicarbonato_de_amonio\"><\/span>\u00bfQu\u00e9 es el bicarbonato de amonio?<span class=\"ez-toc-section-end\"><\/span><\/h2>\n<p>El bicarbonato de amonio es un compuesto blanco con part\u00edculas cristalinas blancas y olor a amon\u00edaco. Al almacenarlo, aseg\u00farese de no colocarlo con \u00e1cido, de lo contrario se producir\u00e1 una reacci\u00f3n qu\u00edmica. Se utiliza ampliamente en los sectores qu\u00edmico, de piensos y alimentario. Existen varios procesos dom\u00e9sticos de preparaci\u00f3n de bicarbonato de amonio:<\/p>\n<ol>\n<li>M\u00e9todo de s\u00edntesis de bicarbonato de amonio, que genera bicarbonato de amonio (NH4HCO3) mediante la reacci\u00f3n de amon\u00edaco (NH3) y di\u00f3xido de carbono (CO2) en agua. Este es el m\u00e9todo de preparaci\u00f3n industrial m\u00e1s com\u00fan.<\/li>\n<li>El m\u00e9todo de reacci\u00f3n de carbonato de amonio e hidr\u00f3xido de amonio, como sugiere el nombre, consiste en utilizar carbonato de amonio e hidr\u00f3xido de amonio para reaccionar y generar bicarbonato de amonio. Este m\u00e9todo debe llevarse a cabo a temperatura y condiciones adecuadas para controlar la selectividad de la reacci\u00f3n y la calidad del producto.<\/li>\n<\/ol>\n<h2><span class=\"ez-toc-section\" id=\"Parametros_relacionados\"><\/span>Par\u00e1metros relacionados:<span class=\"ez-toc-section-end\"><\/span><\/h2>\n<table>\n<tbody>\n<tr>\n<td><strong>ART\u00cdCULOS<\/strong><\/td>\n<td><strong>EST\u00c1NDAR<\/strong><\/td>\n<\/tr>\n<tr>\n<td>Ensayo (como NH4HCO3, %)<\/td>\n<td>\u226499.0-100.5<\/td>\n<\/tr>\n<tr>\n<td>Cloruros (como Cl, %)<\/td>\n<td>\u22640.003<\/td>\n<\/tr>\n<tr>\n<td>Compuesto de azufre (como SO4, %)<\/td>\n<td>\u22640.007<\/td>\n<\/tr>\n<tr>\n<td>Residuo despu\u00e9s de la evaporaci\u00f3n (%)<\/td>\n<td>\u22640.008<\/td>\n<\/tr>\n<tr>\n<td>Rotaci\u00f3n \u00f3ptica espec\u00edfica<\/td>\n<td>+20.5\u00b0 ~ +21.5\u00b0<\/td>\n<\/tr>\n<tr>\n<td>Plomo<\/td>\n<td>\u22643 mg\/kg<\/td>\n<\/tr>\n<tr>\n<td>Ars\u00e9nico<\/td>\n<td>\u22642 mg\/kg<\/td>\n<\/tr>\n<tr>\n<td>Metales pesados \u200b\u200btotales (como Pb)<\/td>\n<td>\u226410 mg\/kg<\/td>\n<\/tr>\n<\/tbody>\n<\/table>\n<h2><span class=\"ez-toc-section\" id=\"Dosis_recomendada\"><\/span>Dosis recomendada:<span class=\"ez-toc-section-end\"><\/span><\/h2>\n<table>\n<tbody>\n<tr>\n<td><strong>Nombre del alimento<\/strong><\/td>\n<td><strong>Uso m\u00e1ximo (g\/kg)<\/strong><\/td>\n<\/tr>\n<tr>\n<td>Pan y productos de masa<\/td>\n<td>1 &#8211; 5 g\/kg<\/td>\n<\/tr>\n<tr>\n<td>Pasteles y boller\u00eda<\/td>\n<td>1 &#8211; 5 g\/kg<\/td>\n<\/tr>\n<tr>\n<td>Galletas<\/td>\n<td>0.5 &#8211; 2 g\/kg<\/td>\n<\/tr>\n<tr>\n<td>0.5 &#8211; 2 g\/kg<\/td>\n<td>0.5 &#8211; 2 g\/kg<\/td>\n<\/tr>\n<tr>\n<td>Bollos y alb\u00f3ndigas al vapor<\/td>\n<td>1 &#8211; 3 g\/kg<\/td>\n<\/tr>\n<tr>\n<td>Pizza<\/td>\n<td>1 &#8211; 3 g\/kg<\/td>\n<\/tr>\n<tr>\n<td>Dulces<\/td>\n<td>0.1 &#8211; 0.5 g\/kg<\/td>\n<\/tr>\n<tr>\n<td>Productos de chocolate<\/td>\n<td>0.1 &#8211; 0.5 g\/kg<\/td>\n<\/tr>\n<tr>\n<td>Bebidas<\/td>\n<td>0,1 &#8211; 0,3 g\/kg<\/td>\n<\/tr>\n<tr>\n<td>Productos l\u00e1cteos<\/td>\n<td>0,1 &#8211; 0,3 g\/kg<\/td>\n<\/tr>\n<tr>\n<td>Condimentos<\/td>\n<td>0,1 &#8211; 0,3 g\/kg<\/td>\n<\/tr>\n<tr>\n<td>Productos c\u00e1rnicos preparados<\/td>\n<td>0.1 &#8211; 0.3 g\/kg<\/td>\n<\/tr>\n<tr>\n<td>Productos de marisco<\/td>\n<td>0.1 &#8211; 0.3 g\/kg<\/td>\n<\/tr>\n<tr>\n<td>Alimentos encurtidos<\/td>\n<td>0.1 &#8211; 0.3 g\/kg<\/td>\n<\/tr>\n<\/tbody>\n<\/table>\n<h2><span class=\"ez-toc-section\" id=\"El_bicarbonato_de_amonio_tiene_una_amplia_gama_de_usos\"><\/span>El bicarbonato de amonio tiene una amplia gama de usos<span class=\"ez-toc-section-end\"><\/span><\/h2>\n<ol>\n<li>Agente leudante: El bicarbonato de amonio es un potente agente leudante, especialmente adecuado para productos de masa y pasteler\u00eda que requieren una fermentaci\u00f3n r\u00e1pida y fuerte. Se descompone a altas temperaturas para liberar amon\u00edaco y di\u00f3xido de carbono, lo que promueve la expansi\u00f3n de la masa y aumenta el volumen del producto.<\/li>\n<li>Agente quebradizo: Durante el proceso de horneado, el bicarbonato de amonio puede ayudar a que los productos se vuelvan quebradizos y es particularmente adecuado para hacer galletas, bizcochos y galletas saladas, aumentando su sabor crujiente.<\/li>\n<li>Regulador alcalino: Como regulador alcalino, el bicarbonato de amonio puede ajustar el valor de pH de los alimentos, mejorar la elasticidad y ductilidad de la masa y tambi\u00e9n afectar el color y la textura de los productos horneados.<\/li>\n<li>Estabilizador: El bicarbonato de amonio se puede utilizar como estabilizador para ayudar a mantener el volumen y la estructura del producto y evitar que el producto colapse o se deforme durante el proceso de horneado.<\/li>\n<\/ol>\n<h2><span class=\"ez-toc-section\" id=\"Pregunta_formulada_por_un_usuario\"><\/span>Pregunta formulada por un usuario:<span class=\"ez-toc-section-end\"><\/span><\/h2>\n<p>Pregunta: Cuando necesita usar bicarbonato de amonio y est\u00e1 agotado, \u00bfqu\u00e9 debe usar para reemplazarlo?<\/p>\n<p>Respuesta: 1. Polvo para hornear: El polvo para hornear es un sustituto com\u00fan del bicarbonato de amonio en la reposter\u00eda. Por lo general, consta de tres ingredientes: almid\u00f3n, una sustancia \u00e1cida (como el cr\u00e9mor t\u00e1rtaro) y bicarbonato de sodio (bicarbonato de sodio).<\/p>\n<p>2. Bicarbonato de sodio: el bicarbonato de sodio tambi\u00e9n se puede utilizar como sustituto, aunque no es un agente leudante tan fuerte como el bicarbonato de amonio. Para crear gas de di\u00f3xido de carbono para la fermentaci\u00f3n, se necesita un componente \u00e1cido, como vinagre o jugo de lim\u00f3n.<\/p>\n<p>3. Levadura: la levadura es otra alternativa para leudar productos horneados. La masa sube como resultado de su reacci\u00f3n con carbohidratos para producir di\u00f3xido de carbono durante la fermentaci\u00f3n. Sin embargo, la levadura requiere m\u00e1s tiempo para fermentar la masa en comparaci\u00f3n con los agentes leudantes qu\u00edmicos como el bicarbonato de amonio.<\/p>\n<p>4. Polvo para hornear de doble acci\u00f3n: cuando este tipo de polvo entra en contacto con el l\u00edquido, produce primero gas de di\u00f3xido de carbono; luego, cuando se calienta durante la cocci\u00f3n, proporciona un aumento m\u00e1s controlado similar al bicarbonato de amonio.<\/p>\n","protected":false},"excerpt":{"rendered":"<ul>\n<li>CAS: NH4HCO3<\/li>\n<li>F\u00f3rmula qu\u00edmica: 1066-33-7<\/li>\n<li>Certificaciones: KOSHER, ISO, HALAL, FSSC 22000, BRC, etc.<\/li>\n<li>Cantidad m\u00ednima de pedido: 1000KG<\/li>\n<li>Caducidad: 2 a\u00f1os<\/li>\n<\/ul>\n","protected":false},"featured_media":5598,"template":"","meta":{"site-sidebar-layout":"default","site-content-layout":"","ast-site-content-layout":"default","site-content-style":"default","site-sidebar-style":"default","ast-global-header-display":"","ast-banner-title-visibility":"","ast-main-header-display":"","ast-hfb-above-header-display":"","ast-hfb-below-header-display":"","ast-hfb-mobile-header-display":"","site-post-title":"","ast-breadcrumbs-content":"","ast-featured-img":"","footer-sml-layout":"","theme-transparent-header-meta":"default","adv-header-id-meta":"","stick-header-meta":"","header-above-stick-meta":"","header-main-stick-meta":"","header-below-stick-meta":"","astra-migrate-meta-layouts":"set","ast-page-background-enabled":"default","ast-page-background-meta":{"desktop":{"background-color":"var(--ast-global-color-4)","background-image":"","background-repeat":"repeat","background-position":"center center","background-size":"auto","background-attachment":"scroll","background-type":"","background-media":"","overlay-type":"","overlay-color":"","overlay-opacity":"","overlay-gradient":""},"tablet":{"background-color":"","background-image":"","background-repeat":"repeat","background-position":"center center","background-size":"auto","background-attachment":"scroll","background-type":"","background-media":"","overlay-type":"","overlay-color":"","overlay-opacity":"","overlay-gradient":""},"mobile":{"background-color":"","background-image":"","background-repeat":"repeat","background-position":"center center","background-size":"auto","background-attachment":"scroll","background-type":"","background-media":"","overlay-type":"","overlay-color":"","overlay-opacity":"","overlay-gradient":""}},"ast-content-background-meta":{"desktop":{"background-color":"var(--ast-global-color-5)","background-image":"","background-repeat":"repeat","background-position":"center center","background-size":"auto","background-attachment":"scroll","background-type":"","background-media":"","overlay-type":"","overlay-color":"","overlay-opacity":"","overlay-gradient":""},"tablet":{"background-color":"var(--ast-global-color-5)","background-image":"","background-repeat":"repeat","background-position":"center center","background-size":"auto","background-attachment":"scroll","background-type":"","background-media":"","overlay-type":"","overlay-color":"","overlay-opacity":"","overlay-gradient":""},"mobile":{"background-color":"var(--ast-global-color-5)","background-image":"","background-repeat":"repeat","background-position":"center center","background-size":"auto","background-attachment":"scroll","background-type":"","background-media":"","overlay-type":"","overlay-color":"","overlay-opacity":"","overlay-gradient":""}}},"product_brand":[],"product_cat":[92],"product_tag":[],"class_list":{"0":"post-9761","1":"product","2":"type-product","3":"status-publish","4":"has-post-thumbnail","6":"product_cat-otros-ingredientes-alimentarios-producto","7":"desktop-align-center","8":"tablet-align-left","9":"mobile-align-left","11":"first","12":"instock","13":"shipping-taxable","14":"product-type-simple"},"yoast_head":"<!-- This site is optimized with the Yoast SEO plugin v26.5 - https:\/\/yoast.com\/wordpress\/plugins\/seo\/ -->\n<title>Cicarbonato de Amonio Aditivo, Comprar Bicarbonato de Amonio A Precio Econ\u00f3mico | Niranbio Chemical<\/title>\n<meta name=\"description\" content=\"Nuestro bicarbonato de amonio E503 es un compuesto blanco con part\u00edculas cristalinas blancas y olor a amon\u00edaco, que se utiliza ampliamente en los sectores qu\u00edmico, alimentario y de piensos.\" \/>\n<meta name=\"robots\" content=\"noindex, follow, max-snippet:-1, max-image-preview:large, max-video-preview:-1\" \/>\n<meta name=\"twitter:label1\" content=\"Tiempo de lectura\" \/>\n\t<meta name=\"twitter:data1\" content=\"4 minutos\" \/>\n<script type=\"application\/ld+json\" class=\"yoast-schema-graph\">{\"@context\":\"https:\/\/schema.org\",\"@graph\":[{\"@type\":\"WebPage\",\"@id\":\"https:\/\/theo.niranbio.com\/es\/bicarbonato-de-amonio.html\",\"url\":\"https:\/\/theo.niranbio.com\/es\/bicarbonato-de-amonio.html\",\"name\":\"Cicarbonato de Amonio Aditivo, Comprar Bicarbonato de Amonio A Precio Econ\u00f3mico | Niranbio Chemical\",\"isPartOf\":{\"@id\":\"https:\/\/theo.niranbio.com\/es\/#website\"},\"primaryImageOfPage\":{\"@id\":\"https:\/\/theo.niranbio.com\/es\/bicarbonato-de-amonio.html#primaryimage\"},\"image\":{\"@id\":\"https:\/\/theo.niranbio.com\/es\/bicarbonato-de-amonio.html#primaryimage\"},\"thumbnailUrl\":\"https:\/\/theo.niranbio.com\/wp-content\/uploads\/2024\/06\/Ammonium-Bicarbonate.webp\",\"datePublished\":\"2024-06-20T05:18:28+00:00\",\"dateModified\":\"2024-08-15T10:48:34+00:00\",\"description\":\"Nuestro bicarbonato de amonio E503 es un compuesto blanco con part\u00edculas cristalinas blancas y olor a amon\u00edaco, que se utiliza ampliamente en los sectores qu\u00edmico, alimentario y de piensos.\",\"breadcrumb\":{\"@id\":\"https:\/\/theo.niranbio.com\/es\/bicarbonato-de-amonio.html#breadcrumb\"},\"inLanguage\":\"es\",\"potentialAction\":[{\"@type\":\"ReadAction\",\"target\":[\"https:\/\/theo.niranbio.com\/es\/bicarbonato-de-amonio.html\"]}]},{\"@type\":\"ImageObject\",\"inLanguage\":\"es\",\"@id\":\"https:\/\/theo.niranbio.com\/es\/bicarbonato-de-amonio.html#primaryimage\",\"url\":\"https:\/\/theo.niranbio.com\/wp-content\/uploads\/2024\/06\/Ammonium-Bicarbonate.webp\",\"contentUrl\":\"https:\/\/theo.niranbio.com\/wp-content\/uploads\/2024\/06\/Ammonium-Bicarbonate.webp\",\"width\":600,\"height\":600,\"caption\":\"Bicarbonato de amonio\"},{\"@type\":\"BreadcrumbList\",\"@id\":\"https:\/\/theo.niranbio.com\/es\/bicarbonato-de-amonio.html#breadcrumb\",\"itemListElement\":[{\"@type\":\"ListItem\",\"position\":1,\"name\":\"Home\",\"item\":\"https:\/\/theo.niranbio.com\/es\/\"},{\"@type\":\"ListItem\",\"position\":2,\"name\":\"Productos\",\"item\":\"https:\/\/theo.niranbio.com\/es\/productos.html\"},{\"@type\":\"ListItem\",\"position\":3,\"name\":\"Otros Ingredientes Alimentarios\",\"item\":\"https:\/\/theo.niranbio.com\/es\/otros-ingredientes-alimentarios-producto\/\"},{\"@type\":\"ListItem\",\"position\":4,\"name\":\"Bicarbonato de amonio\"}]},{\"@type\":\"WebSite\",\"@id\":\"https:\/\/theo.niranbio.com\/es\/#website\",\"url\":\"https:\/\/theo.niranbio.com\/es\/\",\"name\":\"Niranbio Chemical\",\"description\":\"\",\"publisher\":{\"@id\":\"https:\/\/theo.niranbio.com\/es\/#organization\"},\"potentialAction\":[{\"@type\":\"SearchAction\",\"target\":{\"@type\":\"EntryPoint\",\"urlTemplate\":\"https:\/\/theo.niranbio.com\/es\/?s={search_term_string}\"},\"query-input\":{\"@type\":\"PropertyValueSpecification\",\"valueRequired\":true,\"valueName\":\"search_term_string\"}}],\"inLanguage\":\"es\"},{\"@type\":\"Organization\",\"@id\":\"https:\/\/theo.niranbio.com\/es\/#organization\",\"name\":\"Niranbio Chemical\",\"url\":\"https:\/\/theo.niranbio.com\/es\/\",\"logo\":{\"@type\":\"ImageObject\",\"inLanguage\":\"es\",\"@id\":\"https:\/\/theo.niranbio.com\/es\/#\/schema\/logo\/image\/\",\"url\":\"https:\/\/theo.niranbio.com\/wp-content\/uploads\/2024\/06\/Niranbio.png\",\"contentUrl\":\"https:\/\/theo.niranbio.com\/wp-content\/uploads\/2024\/06\/Niranbio.png\",\"width\":270,\"height\":100,\"caption\":\"Niranbio Chemical\"},\"image\":{\"@id\":\"https:\/\/theo.niranbio.com\/es\/#\/schema\/logo\/image\/\"}}]}<\/script>\n<!-- \/ Yoast SEO plugin. -->","yoast_head_json":{"title":"Cicarbonato de Amonio Aditivo, Comprar Bicarbonato de Amonio A Precio Econ\u00f3mico | Niranbio Chemical","description":"Nuestro bicarbonato de amonio E503 es un compuesto blanco con part\u00edculas cristalinas blancas y olor a amon\u00edaco, que se utiliza ampliamente en los sectores qu\u00edmico, alimentario y de piensos.","robots":{"index":"noindex","follow":"follow","max-snippet":"max-snippet:-1","max-image-preview":"max-image-preview:large","max-video-preview":"max-video-preview:-1"},"twitter_misc":{"Tiempo de lectura":"4 minutos"},"schema":{"@context":"https:\/\/schema.org","@graph":[{"@type":"WebPage","@id":"https:\/\/theo.niranbio.com\/es\/bicarbonato-de-amonio.html","url":"https:\/\/theo.niranbio.com\/es\/bicarbonato-de-amonio.html","name":"Cicarbonato de Amonio Aditivo, Comprar Bicarbonato de Amonio A Precio Econ\u00f3mico | Niranbio Chemical","isPartOf":{"@id":"https:\/\/theo.niranbio.com\/es\/#website"},"primaryImageOfPage":{"@id":"https:\/\/theo.niranbio.com\/es\/bicarbonato-de-amonio.html#primaryimage"},"image":{"@id":"https:\/\/theo.niranbio.com\/es\/bicarbonato-de-amonio.html#primaryimage"},"thumbnailUrl":"https:\/\/theo.niranbio.com\/wp-content\/uploads\/2024\/06\/Ammonium-Bicarbonate.webp","datePublished":"2024-06-20T05:18:28+00:00","dateModified":"2024-08-15T10:48:34+00:00","description":"Nuestro bicarbonato de amonio E503 es un compuesto blanco con part\u00edculas cristalinas blancas y olor a amon\u00edaco, que se utiliza ampliamente en los sectores qu\u00edmico, alimentario y de piensos.","breadcrumb":{"@id":"https:\/\/theo.niranbio.com\/es\/bicarbonato-de-amonio.html#breadcrumb"},"inLanguage":"es","potentialAction":[{"@type":"ReadAction","target":["https:\/\/theo.niranbio.com\/es\/bicarbonato-de-amonio.html"]}]},{"@type":"ImageObject","inLanguage":"es","@id":"https:\/\/theo.niranbio.com\/es\/bicarbonato-de-amonio.html#primaryimage","url":"https:\/\/theo.niranbio.com\/wp-content\/uploads\/2024\/06\/Ammonium-Bicarbonate.webp","contentUrl":"https:\/\/theo.niranbio.com\/wp-content\/uploads\/2024\/06\/Ammonium-Bicarbonate.webp","width":600,"height":600,"caption":"Bicarbonato de amonio"},{"@type":"BreadcrumbList","@id":"https:\/\/theo.niranbio.com\/es\/bicarbonato-de-amonio.html#breadcrumb","itemListElement":[{"@type":"ListItem","position":1,"name":"Home","item":"https:\/\/theo.niranbio.com\/es\/"},{"@type":"ListItem","position":2,"name":"Productos","item":"https:\/\/theo.niranbio.com\/es\/productos.html"},{"@type":"ListItem","position":3,"name":"Otros Ingredientes Alimentarios","item":"https:\/\/theo.niranbio.com\/es\/otros-ingredientes-alimentarios-producto\/"},{"@type":"ListItem","position":4,"name":"Bicarbonato de amonio"}]},{"@type":"WebSite","@id":"https:\/\/theo.niranbio.com\/es\/#website","url":"https:\/\/theo.niranbio.com\/es\/","name":"Niranbio Chemical","description":"","publisher":{"@id":"https:\/\/theo.niranbio.com\/es\/#organization"},"potentialAction":[{"@type":"SearchAction","target":{"@type":"EntryPoint","urlTemplate":"https:\/\/theo.niranbio.com\/es\/?s={search_term_string}"},"query-input":{"@type":"PropertyValueSpecification","valueRequired":true,"valueName":"search_term_string"}}],"inLanguage":"es"},{"@type":"Organization","@id":"https:\/\/theo.niranbio.com\/es\/#organization","name":"Niranbio Chemical","url":"https:\/\/theo.niranbio.com\/es\/","logo":{"@type":"ImageObject","inLanguage":"es","@id":"https:\/\/theo.niranbio.com\/es\/#\/schema\/logo\/image\/","url":"https:\/\/theo.niranbio.com\/wp-content\/uploads\/2024\/06\/Niranbio.png","contentUrl":"https:\/\/theo.niranbio.com\/wp-content\/uploads\/2024\/06\/Niranbio.png","width":270,"height":100,"caption":"Niranbio Chemical"},"image":{"@id":"https:\/\/theo.niranbio.com\/es\/#\/schema\/logo\/image\/"}}]}},"_links":{"self":[{"href":"https:\/\/theo.niranbio.com\/es\/wp-json\/wp\/v2\/product\/9761","targetHints":{"allow":["GET"]}}],"collection":[{"href":"https:\/\/theo.niranbio.com\/es\/wp-json\/wp\/v2\/product"}],"about":[{"href":"https:\/\/theo.niranbio.com\/es\/wp-json\/wp\/v2\/types\/product"}],"version-history":[{"count":0,"href":"https:\/\/theo.niranbio.com\/es\/wp-json\/wp\/v2\/product\/9761\/revisions"}],"wp:featuredmedia":[{"embeddable":true,"href":"https:\/\/theo.niranbio.com\/es\/wp-json\/wp\/v2\/media\/5598"}],"wp:attachment":[{"href":"https:\/\/theo.niranbio.com\/es\/wp-json\/wp\/v2\/media?parent=9761"}],"wp:term":[{"taxonomy":"product_brand","embeddable":true,"href":"https:\/\/theo.niranbio.com\/es\/wp-json\/wp\/v2\/product_brand?post=9761"},{"taxonomy":"product_cat","embeddable":true,"href":"https:\/\/theo.niranbio.com\/es\/wp-json\/wp\/v2\/product_cat?post=9761"},{"taxonomy":"product_tag","embeddable":true,"href":"https:\/\/theo.niranbio.com\/es\/wp-json\/wp\/v2\/product_tag?post=9761"}],"curies":[{"name":"wp","href":"https:\/\/api.w.org\/{rel}","templated":true}]}}