{"id":9752,"date":"2024-06-20T08:56:14","date_gmt":"2024-06-20T00:56:14","guid":{"rendered":"https:\/\/theo.niranbio.com\/acetato-de-sodio-trihidratado\/"},"modified":"2024-08-15T15:03:00","modified_gmt":"2024-08-15T07:03:00","slug":"acetato-de-sodio-trihidratado","status":"publish","type":"product","link":"https:\/\/theo.niranbio.com\/es\/acetato-de-sodio-trihidratado.html","title":{"rendered":"Acetato de sodio trihidratado"},"content":{"rendered":"<h2><span class=\"ez-toc-section\" id=\"%C2%BFQue_es_el_acetato_de_sodio_trihidratado\"><\/span>\u00bfQu\u00e9 es el acetato de sodio trihidratado?<span class=\"ez-toc-section-end\"><\/span><\/h2>\n<p>El acetato de sodio trihidratado es un compuesto org\u00e1nico que forma cristales blancos o blanquecinos, susceptibles a la exposici\u00f3n al aire. Se disuelve en agua y \u00e9ter, con una ligera solubilidad en etanol. Encuentra amplias aplicaciones en conservantes, impresi\u00f3n y te\u00f1ido, medicina, reactivos qu\u00edmicos, catalizadores industriales y aditivos.<\/p>\n<p>Por lo general, el \u00e1cido ac\u00e9tico y el hidr\u00f3xido de sodio se mezclan en una determinada proporci\u00f3n molar, y el acetato de sodio trihidratado se genera a trav\u00e9s de la reacci\u00f3n, que se puede preparar por cristalizaci\u00f3n o evaporaci\u00f3n de la soluci\u00f3n.<\/p>\n<h2><span class=\"ez-toc-section\" id=\"Parametros_relacionados\"><\/span>Par\u00e1metros relacionados:<span class=\"ez-toc-section-end\"><\/span><\/h2>\n<table>\n<tbody>\n<tr>\n<td width=\"302\"><strong>Art\u00edculos<\/strong><\/td>\n<td width=\"295\"><strong>Normas<\/strong><\/td>\n<\/tr>\n<tr>\n<td width=\"302\">Contenido (en base seca), p\/%<\/td>\n<td width=\"295\">99,0-101,0<\/td>\n<\/tr>\n<tr>\n<td width=\"302\">Acidez y alcalinidad<\/td>\n<td width=\"295\">Pasar el examen<\/td>\n<\/tr>\n<tr>\n<td width=\"302\">Plomo (como Pb), mg\/kg \u2264<\/td>\n<td width=\"295\">2<\/td>\n<\/tr>\n<tr>\n<td width=\"302\">Alcalinidad, % p \u2264<\/td>\n<td width=\"295\">0.2<\/td>\n<\/tr>\n<tr>\n<td width=\"302\">P\u00e9rdida por secado, p\/%<\/td>\n<td width=\"295\">1.0<\/td>\n<\/tr>\n<tr>\n<td width=\"302\">Compuesto de potasio<\/td>\n<td width=\"295\">Pasar el examen<\/td>\n<\/tr>\n<tr>\n<td width=\"302\">Condiciones de transporte<\/td>\n<td width=\"295\">Almacenamiento sellado y seco<\/td>\n<\/tr>\n<\/tbody>\n<\/table>\n<h2><span class=\"ez-toc-section\" id=\"Dosis_recomendada\"><\/span><strong><b>Dosis recomendada<\/b><\/strong><span class=\"ez-toc-section-end\"><\/span><\/h2>\n<table>\n<tbody>\n<tr>\n<td width=\"293\">Nombre del alimento<\/td>\n<td width=\"304\">Uso m\u00e1ximo(g\/kg)<\/td>\n<\/tr>\n<tr>\n<td width=\"293\">Productos horneados<\/td>\n<td width=\"304\">1,0 g\/kg<\/td>\n<\/tr>\n<tr>\n<td width=\"293\">Bebidas<\/td>\n<td width=\"304\">0,5 g\/kg<\/td>\n<\/tr>\n<tr>\n<td width=\"293\">Productos l\u00e1cteos<\/td>\n<td width=\"304\">0,3 g\/kg<\/td>\n<\/tr>\n<tr>\n<td width=\"293\">Salsas y Aderezos<\/td>\n<td width=\"304\">0,5 g\/kg<\/td>\n<\/tr>\n<tr>\n<td width=\"293\">Carne procesada<\/td>\n<td width=\"304\">0,5 g\/kg<\/td>\n<\/tr>\n<tr>\n<td width=\"293\">Cremas y lociones<\/td>\n<td width=\"304\">0,5 g\/kg<\/td>\n<\/tr>\n<tr>\n<td width=\"293\">Champ\u00fas y acondicionadores<\/td>\n<td width=\"304\">0,2 g\/kg<\/td>\n<\/tr>\n<tr>\n<td width=\"293\">Productos de pescado y marisco<\/td>\n<td width=\"304\">1,0 g\/kg<\/td>\n<\/tr>\n<tr>\n<td width=\"293\">Especias y condimentos<\/td>\n<td width=\"304\">0,5 g\/kg<\/td>\n<\/tr>\n<tr>\n<td width=\"293\">Frutas y verduras procesadas<\/td>\n<td width=\"304\">1,0 g\/kg<\/td>\n<\/tr>\n<\/tbody>\n<\/table>\n<h2><span class=\"ez-toc-section\" id=\"El_acetato_de_sodio_tiene_una_amplia_gama_de_usos\"><\/span><strong><b>El acetato de sodio tiene una amplia gama de usos<\/b><\/strong><span class=\"ez-toc-section-end\"><\/span><\/h2>\n<h3><span class=\"ez-toc-section\" id=\"1_Usos_en_alimentos\"><\/span>1. Usos en alimentos<span class=\"ez-toc-section-end\"><\/span><\/h3>\n<p>(1) Condimento: El acetato de sodio trihidrato es una sustancia d\u00e9bilmente \u00e1cida que puede aumentar la acidez de los alimentos, ajustar el sabor y el valor de pH de los alimentos y mejorar la calidad del sabor.<\/p>\n<p>(2) Conservante: El acetato de sodio trihidrato tiene un buen efecto antibacteriano y se puede utilizar ampliamente en una variedad de alimentos, como carne en escabeche, mariscos en escabeche, encurtidos, etc., desempe\u00f1ando un buen papel conservante.<\/p>\n<p>(3) Agente de levadura para alimentos horneados como el pan: El acetato de sodio trihidrato puede promover el proceso de fermentaci\u00f3n de alimentos horneados como el pan, mejorando eficazmente la calidad y el volumen de los alimentos horneados.<\/p>\n<h3><span class=\"ez-toc-section\" id=\"2_Usos_en_medicina\"><\/span>2. Usos en medicina<span class=\"ez-toc-section-end\"><\/span><\/h3>\n<p>(1) Farmacia: El acetato de sodio trihidrato es un medicamento de uso com\u00fan que se puede utilizar para tratar enfermedades como la depresi\u00f3n, el envenenamiento y la acidosis, as\u00ed como para el tratamiento, diagn\u00f3stico y prevenci\u00f3n de enfermedades como la hepatitis y la diabetes.<\/p>\n<p>(2) Agente antibacteriano: El acetato de sodio trihidratado puede prevenir y controlar una variedad de infecciones bacterianas, como el tratamiento de enfermedades infecciosas sensibles a los agentes antibacterianos y ciertas infecciones del tracto urinario.<\/p>\n<h3><span class=\"ez-toc-section\" id=\"3_Usos_en_la_agricultura\"><\/span>3. Usos en la agricultura<span class=\"ez-toc-section-end\"><\/span><\/h3>\n<p>(1) Pesticidas: El acetato de sodio trihidratado se puede utilizar para preparar pesticidas como insecticidas, fungicidas y herbicidas, que tienen un efecto significativo en la mejora de la calidad de los productos agr\u00edcolas y la reducci\u00f3n de los residuos de pesticidas.<\/p>\n<p>(2) Nutrientes: El acetato de sodio trihidratado se puede utilizar como nutriente en los cultivos y promueve el crecimiento y desarrollo de las plantas.<\/p>\n<h2><span class=\"ez-toc-section\" id=\"Pregunta_formulada_por_un_usuario\"><\/span>Pregunta formulada por un usuario:<span class=\"ez-toc-section-end\"><\/span><\/h2>\n<p>Pregunta: \u00bfCu\u00e1l es la diferencia entre el acetato de sodio trihidratado y el acetato de sodio?<\/p>\n<p>Respuesta:<\/p>\n<p>1. Contenido de agua cristalina: El acetato de sodio (acetato de sodio anhidro) no tiene agua cristalina, mientras que el acetato de sodio trihidratado contiene tres aguas cristalinas. Esto significa que, desde el punto de vista de la composici\u00f3n qu\u00edmica, la f\u00f3rmula qu\u00edmica del acetato de sodio trihidratado es C2H9NaO5, mientras que la f\u00f3rmula qu\u00edmica del acetato de sodio es CH3COONa. Esta diferencia conduce a sus diferentes formas f\u00edsicas. El acetato de sodio anhidro aparece como un polvo blanco, mientras que el acetato de sodio trihidratado es un cristal blanco.<\/p>\n<p>2. \u00c1reas de aplicaci\u00f3n: Los dos tambi\u00e9n difieren en sus \u00e1reas de aplicaci\u00f3n. El acetato de sodio trihidratado se utiliza principalmente en la fabricaci\u00f3n de medicamentos, tintes, agentes fotogr\u00e1ficos, diacetato de sodio, etc., mientras que el acetato de sodio se utiliza ampliamente en tampones, mordientes, para la determinaci\u00f3n de plomo, cobre, n\u00edquel y hierro, preparaci\u00f3n de medios de cultivo, s\u00edntesis org\u00e1nica, impresi\u00f3n de pel\u00edculas, etc.<\/p>\n<p>3. Seguridad y peligros: La descripci\u00f3n de seguridad del acetato de sodio trihidratado incluye S24\/25, que indica que debe evitarse el contacto con la piel y los ojos durante la manipulaci\u00f3n, y su descripci\u00f3n de peligros incluye R36\/37\/38, que indica que puede causar reacciones al\u00e9rgicas en la piel y da\u00f1o ocular a algunas personas. Esto debe tenerse en cuenta al usarlo y manipularlo.<\/p>\n","protected":false},"excerpt":{"rendered":"<ul>\n<li>CAS: 6131-90-4<\/li>\n<li>F\u00f3rmula qu\u00edmica: C2H9NaO5<\/li>\n<li>Certificaci\u00f3n: KOSHER, ISO, HALAL, FSSC22000, BRC, etc.<\/li>\n<li>Cantidad m\u00ednima de pedido: 1000KG<\/li>\n<li>Caducidad: 2 a\u00f1os<\/li>\n<\/ul>\n","protected":false},"featured_media":5613,"template":"","meta":{"site-sidebar-layout":"default","site-content-layout":"","ast-site-content-layout":"default","site-content-style":"default","site-sidebar-style":"default","ast-global-header-display":"","ast-banner-title-visibility":"","ast-main-header-display":"","ast-hfb-above-header-display":"","ast-hfb-below-header-display":"","ast-hfb-mobile-header-display":"","site-post-title":"","ast-breadcrumbs-content":"","ast-featured-img":"","footer-sml-layout":"","theme-transparent-header-meta":"default","adv-header-id-meta":"","stick-header-meta":"","header-above-stick-meta":"","header-main-stick-meta":"","header-below-stick-meta":"","astra-migrate-meta-layouts":"set","ast-page-background-enabled":"default","ast-page-background-meta":{"desktop":{"background-color":"var(--ast-global-color-4)","background-image":"","background-repeat":"repeat","background-position":"center center","background-size":"auto","background-attachment":"scroll","background-type":"","background-media":"","overlay-type":"","overlay-color":"","overlay-opacity":"","overlay-gradient":""},"tablet":{"background-color":"","background-image":"","background-repeat":"repeat","background-position":"center center","background-size":"auto","background-attachment":"scroll","background-type":"","background-media":"","overlay-type":"","overlay-color":"","overlay-opacity":"","overlay-gradient":""},"mobile":{"background-color":"","background-image":"","background-repeat":"repeat","background-position":"center center","background-size":"auto","background-attachment":"scroll","background-type":"","background-media":"","overlay-type":"","overlay-color":"","overlay-opacity":"","overlay-gradient":""}},"ast-content-background-meta":{"desktop":{"background-color":"var(--ast-global-color-5)","background-image":"","background-repeat":"repeat","background-position":"center center","background-size":"auto","background-attachment":"scroll","background-type":"","background-media":"","overlay-type":"","overlay-color":"","overlay-opacity":"","overlay-gradient":""},"tablet":{"background-color":"var(--ast-global-color-5)","background-image":"","background-repeat":"repeat","background-position":"center center","background-size":"auto","background-attachment":"scroll","background-type":"","background-media":"","overlay-type":"","overlay-color":"","overlay-opacity":"","overlay-gradient":""},"mobile":{"background-color":"var(--ast-global-color-5)","background-image":"","background-repeat":"repeat","background-position":"center center","background-size":"auto","background-attachment":"scroll","background-type":"","background-media":"","overlay-type":"","overlay-color":"","overlay-opacity":"","overlay-gradient":""}}},"product_brand":[],"product_cat":[94],"product_tag":[],"class_list":{"0":"post-9752","1":"product","2":"type-product","3":"status-publish","4":"has-post-thumbnail","6":"product_cat-producto-conservante","7":"desktop-align-center","8":"tablet-align-left","9":"mobile-align-left","11":"first","12":"instock","13":"shipping-taxable","14":"product-type-simple"},"yoast_head":"<!-- This site is optimized with the Yoast SEO plugin v26.5 - https:\/\/yoast.com\/wordpress\/plugins\/seo\/ -->\n<title>Acetato de Sodio Trihidratado CAS: 6131-90-4 | Niranbio Chemical<\/title>\n<meta name=\"description\" content=\"Nuestro acetato de sodio trihidratado forma cristales blancos o blanquecinos, ampliamente utilizados en conservantes, medicamentos y aditivos.\" \/>\n<meta name=\"robots\" content=\"noindex, follow, max-snippet:-1, max-image-preview:large, max-video-preview:-1\" \/>\n<meta name=\"twitter:label1\" content=\"Tiempo de lectura\" \/>\n\t<meta name=\"twitter:data1\" content=\"4 minutos\" \/>\n<script type=\"application\/ld+json\" class=\"yoast-schema-graph\">{\"@context\":\"https:\/\/schema.org\",\"@graph\":[{\"@type\":\"WebPage\",\"@id\":\"https:\/\/theo.niranbio.com\/es\/acetato-de-sodio-trihidratado.html\",\"url\":\"https:\/\/theo.niranbio.com\/es\/acetato-de-sodio-trihidratado.html\",\"name\":\"Acetato de Sodio Trihidratado CAS: 6131-90-4 | Niranbio Chemical\",\"isPartOf\":{\"@id\":\"https:\/\/theo.niranbio.com\/es\/#website\"},\"primaryImageOfPage\":{\"@id\":\"https:\/\/theo.niranbio.com\/es\/acetato-de-sodio-trihidratado.html#primaryimage\"},\"image\":{\"@id\":\"https:\/\/theo.niranbio.com\/es\/acetato-de-sodio-trihidratado.html#primaryimage\"},\"thumbnailUrl\":\"https:\/\/theo.niranbio.com\/wp-content\/uploads\/2024\/06\/Sodium-Acetate-Trihydrate.webp\",\"datePublished\":\"2024-06-20T00:56:14+00:00\",\"dateModified\":\"2024-08-15T07:03:00+00:00\",\"description\":\"Nuestro acetato de sodio trihidratado forma cristales blancos o blanquecinos, ampliamente utilizados en conservantes, medicamentos y aditivos.\",\"breadcrumb\":{\"@id\":\"https:\/\/theo.niranbio.com\/es\/acetato-de-sodio-trihidratado.html#breadcrumb\"},\"inLanguage\":\"es\",\"potentialAction\":[{\"@type\":\"ReadAction\",\"target\":[\"https:\/\/theo.niranbio.com\/es\/acetato-de-sodio-trihidratado.html\"]}]},{\"@type\":\"ImageObject\",\"inLanguage\":\"es\",\"@id\":\"https:\/\/theo.niranbio.com\/es\/acetato-de-sodio-trihidratado.html#primaryimage\",\"url\":\"https:\/\/theo.niranbio.com\/wp-content\/uploads\/2024\/06\/Sodium-Acetate-Trihydrate.webp\",\"contentUrl\":\"https:\/\/theo.niranbio.com\/wp-content\/uploads\/2024\/06\/Sodium-Acetate-Trihydrate.webp\",\"width\":600,\"height\":600,\"caption\":\"Acetato de sodio trihidrato\"},{\"@type\":\"BreadcrumbList\",\"@id\":\"https:\/\/theo.niranbio.com\/es\/acetato-de-sodio-trihidratado.html#breadcrumb\",\"itemListElement\":[{\"@type\":\"ListItem\",\"position\":1,\"name\":\"Home\",\"item\":\"https:\/\/theo.niranbio.com\/es\/\"},{\"@type\":\"ListItem\",\"position\":2,\"name\":\"Productos\",\"item\":\"https:\/\/theo.niranbio.com\/es\/productos.html\"},{\"@type\":\"ListItem\",\"position\":3,\"name\":\"Conservante\",\"item\":\"https:\/\/theo.niranbio.com\/es\/producto-conservante\/\"},{\"@type\":\"ListItem\",\"position\":4,\"name\":\"Acetato de sodio trihidratado\"}]},{\"@type\":\"WebSite\",\"@id\":\"https:\/\/theo.niranbio.com\/es\/#website\",\"url\":\"https:\/\/theo.niranbio.com\/es\/\",\"name\":\"Niranbio Chemical\",\"description\":\"\",\"publisher\":{\"@id\":\"https:\/\/theo.niranbio.com\/es\/#organization\"},\"potentialAction\":[{\"@type\":\"SearchAction\",\"target\":{\"@type\":\"EntryPoint\",\"urlTemplate\":\"https:\/\/theo.niranbio.com\/es\/?s={search_term_string}\"},\"query-input\":{\"@type\":\"PropertyValueSpecification\",\"valueRequired\":true,\"valueName\":\"search_term_string\"}}],\"inLanguage\":\"es\"},{\"@type\":\"Organization\",\"@id\":\"https:\/\/theo.niranbio.com\/es\/#organization\",\"name\":\"Niranbio Chemical\",\"url\":\"https:\/\/theo.niranbio.com\/es\/\",\"logo\":{\"@type\":\"ImageObject\",\"inLanguage\":\"es\",\"@id\":\"https:\/\/theo.niranbio.com\/es\/#\/schema\/logo\/image\/\",\"url\":\"https:\/\/theo.niranbio.com\/wp-content\/uploads\/2024\/06\/Niranbio.png\",\"contentUrl\":\"https:\/\/theo.niranbio.com\/wp-content\/uploads\/2024\/06\/Niranbio.png\",\"width\":270,\"height\":100,\"caption\":\"Niranbio Chemical\"},\"image\":{\"@id\":\"https:\/\/theo.niranbio.com\/es\/#\/schema\/logo\/image\/\"}}]}<\/script>\n<!-- \/ Yoast SEO plugin. -->","yoast_head_json":{"title":"Acetato de Sodio Trihidratado CAS: 6131-90-4 | Niranbio Chemical","description":"Nuestro acetato de sodio trihidratado forma cristales blancos o blanquecinos, ampliamente utilizados en conservantes, medicamentos y aditivos.","robots":{"index":"noindex","follow":"follow","max-snippet":"max-snippet:-1","max-image-preview":"max-image-preview:large","max-video-preview":"max-video-preview:-1"},"twitter_misc":{"Tiempo de lectura":"4 minutos"},"schema":{"@context":"https:\/\/schema.org","@graph":[{"@type":"WebPage","@id":"https:\/\/theo.niranbio.com\/es\/acetato-de-sodio-trihidratado.html","url":"https:\/\/theo.niranbio.com\/es\/acetato-de-sodio-trihidratado.html","name":"Acetato de Sodio Trihidratado CAS: 6131-90-4 | Niranbio Chemical","isPartOf":{"@id":"https:\/\/theo.niranbio.com\/es\/#website"},"primaryImageOfPage":{"@id":"https:\/\/theo.niranbio.com\/es\/acetato-de-sodio-trihidratado.html#primaryimage"},"image":{"@id":"https:\/\/theo.niranbio.com\/es\/acetato-de-sodio-trihidratado.html#primaryimage"},"thumbnailUrl":"https:\/\/theo.niranbio.com\/wp-content\/uploads\/2024\/06\/Sodium-Acetate-Trihydrate.webp","datePublished":"2024-06-20T00:56:14+00:00","dateModified":"2024-08-15T07:03:00+00:00","description":"Nuestro acetato de sodio trihidratado forma cristales blancos o blanquecinos, ampliamente utilizados en conservantes, medicamentos y aditivos.","breadcrumb":{"@id":"https:\/\/theo.niranbio.com\/es\/acetato-de-sodio-trihidratado.html#breadcrumb"},"inLanguage":"es","potentialAction":[{"@type":"ReadAction","target":["https:\/\/theo.niranbio.com\/es\/acetato-de-sodio-trihidratado.html"]}]},{"@type":"ImageObject","inLanguage":"es","@id":"https:\/\/theo.niranbio.com\/es\/acetato-de-sodio-trihidratado.html#primaryimage","url":"https:\/\/theo.niranbio.com\/wp-content\/uploads\/2024\/06\/Sodium-Acetate-Trihydrate.webp","contentUrl":"https:\/\/theo.niranbio.com\/wp-content\/uploads\/2024\/06\/Sodium-Acetate-Trihydrate.webp","width":600,"height":600,"caption":"Acetato de sodio trihidrato"},{"@type":"BreadcrumbList","@id":"https:\/\/theo.niranbio.com\/es\/acetato-de-sodio-trihidratado.html#breadcrumb","itemListElement":[{"@type":"ListItem","position":1,"name":"Home","item":"https:\/\/theo.niranbio.com\/es\/"},{"@type":"ListItem","position":2,"name":"Productos","item":"https:\/\/theo.niranbio.com\/es\/productos.html"},{"@type":"ListItem","position":3,"name":"Conservante","item":"https:\/\/theo.niranbio.com\/es\/producto-conservante\/"},{"@type":"ListItem","position":4,"name":"Acetato de sodio trihidratado"}]},{"@type":"WebSite","@id":"https:\/\/theo.niranbio.com\/es\/#website","url":"https:\/\/theo.niranbio.com\/es\/","name":"Niranbio Chemical","description":"","publisher":{"@id":"https:\/\/theo.niranbio.com\/es\/#organization"},"potentialAction":[{"@type":"SearchAction","target":{"@type":"EntryPoint","urlTemplate":"https:\/\/theo.niranbio.com\/es\/?s={search_term_string}"},"query-input":{"@type":"PropertyValueSpecification","valueRequired":true,"valueName":"search_term_string"}}],"inLanguage":"es"},{"@type":"Organization","@id":"https:\/\/theo.niranbio.com\/es\/#organization","name":"Niranbio Chemical","url":"https:\/\/theo.niranbio.com\/es\/","logo":{"@type":"ImageObject","inLanguage":"es","@id":"https:\/\/theo.niranbio.com\/es\/#\/schema\/logo\/image\/","url":"https:\/\/theo.niranbio.com\/wp-content\/uploads\/2024\/06\/Niranbio.png","contentUrl":"https:\/\/theo.niranbio.com\/wp-content\/uploads\/2024\/06\/Niranbio.png","width":270,"height":100,"caption":"Niranbio Chemical"},"image":{"@id":"https:\/\/theo.niranbio.com\/es\/#\/schema\/logo\/image\/"}}]}},"_links":{"self":[{"href":"https:\/\/theo.niranbio.com\/es\/wp-json\/wp\/v2\/product\/9752","targetHints":{"allow":["GET"]}}],"collection":[{"href":"https:\/\/theo.niranbio.com\/es\/wp-json\/wp\/v2\/product"}],"about":[{"href":"https:\/\/theo.niranbio.com\/es\/wp-json\/wp\/v2\/types\/product"}],"version-history":[{"count":0,"href":"https:\/\/theo.niranbio.com\/es\/wp-json\/wp\/v2\/product\/9752\/revisions"}],"wp:featuredmedia":[{"embeddable":true,"href":"https:\/\/theo.niranbio.com\/es\/wp-json\/wp\/v2\/media\/5613"}],"wp:attachment":[{"href":"https:\/\/theo.niranbio.com\/es\/wp-json\/wp\/v2\/media?parent=9752"}],"wp:term":[{"taxonomy":"product_brand","embeddable":true,"href":"https:\/\/theo.niranbio.com\/es\/wp-json\/wp\/v2\/product_brand?post=9752"},{"taxonomy":"product_cat","embeddable":true,"href":"https:\/\/theo.niranbio.com\/es\/wp-json\/wp\/v2\/product_cat?post=9752"},{"taxonomy":"product_tag","embeddable":true,"href":"https:\/\/theo.niranbio.com\/es\/wp-json\/wp\/v2\/product_tag?post=9752"}],"curies":[{"name":"wp","href":"https:\/\/api.w.org\/{rel}","templated":true}]}}