{"id":9747,"date":"2024-06-20T13:20:11","date_gmt":"2024-06-20T05:20:11","guid":{"rendered":"https:\/\/theo.niranbio.com\/cloruro-de-potasio\/"},"modified":"2024-08-15T18:41:28","modified_gmt":"2024-08-15T10:41:28","slug":"cloruro-de-potasio","status":"publish","type":"product","link":"https:\/\/theo.niranbio.com\/es\/cloruro-de-potasio.html","title":{"rendered":"Cloruro de Potasio"},"content":{"rendered":"<h2><span class=\"ez-toc-section\" id=\"%C2%BFQue_es_el_cloruro_de_potasio\"><\/span>\u00bfQu\u00e9 es el cloruro de potasio?<span class=\"ez-toc-section-end\"><\/span><\/h2>\n<p>El cloruro de potasio es un compuesto inorg\u00e1nico que se parece a la sal de mesa y se presenta como un polvo cristalino blanco. Se aglomera f\u00e1cilmente y es higrosc\u00f3pico. A medida que aumenta la temperatura, su solubilidad en agua aumenta r\u00e1pidamente. A menudo sufre una doble descomposici\u00f3n con sal de sodio para generar nueva sal de potasio. Con frecuencia se agrega al agua mineral y a la sal baja en sodio.<\/p>\n<p>Existen principalmente los siguientes m\u00e9todos para preparar cloruro de potasio en China:<\/p>\n<p>1. Extra\u00eddo de minerales de sal de potasio, como mineral de cloruro de potasio, cloruro de potasio natural en minerales de sal de potasio, etc.<\/p>\n<p>2. Producido a trav\u00e9s de procesos qu\u00edmicos, principalmente preparado mediante la reacci\u00f3n de cloruro de sodio con sal de potasio. Para garantizar la estabilidad y calidad del producto, la producci\u00f3n industrial utiliza este m\u00e9todo con mayor frecuencia.<\/p>\n<h2><span class=\"ez-toc-section\" id=\"Parametros_relacionados\"><\/span>Par\u00e1metros relacionados:<span class=\"ez-toc-section-end\"><\/span><\/h2>\n<table>\n<tbody>\n<tr>\n<td><strong>ART\u00cdCULOS<\/strong><\/td>\n<td><strong>EST\u00c1NDAR<\/strong><\/td>\n<\/tr>\n<tr>\n<td>Identificaci\u00f3n<\/td>\n<td>Positivo<\/td>\n<\/tr>\n<tr>\n<td>Blancura<\/td>\n<td>&gt; 80<\/td>\n<\/tr>\n<tr>\n<td>Ensayo<\/td>\n<td>&gt; 99%<\/td>\n<\/tr>\n<tr>\n<td>P\u00e9rdida por secado<\/td>\n<td>\u22640.5%<\/td>\n<\/tr>\n<tr>\n<td>Acidez y alcalinidad<\/td>\n<td>\u22641%<\/td>\n<\/tr>\n<tr>\n<td>Solubilidad<\/td>\n<td>F\u00e1cilmente soluble en agua, pr\u00e1cticamente insoluble en etanol<\/td>\n<\/tr>\n<tr>\n<td>Metales pesados \u200b\u200b\u200b\u200b(como Pb)<\/td>\n<td>\u22641mg\/ kg<\/td>\n<\/tr>\n<tr>\n<td>Ars\u00e9nico<\/td>\n<td>\u22640.5mg\/ kg<\/td>\n<\/tr>\n<tr>\n<td>Amonio (como NH\ufe624)<\/td>\n<td>\u2264100mg\/ kg<\/td>\n<\/tr>\n<tr>\n<td>Cloruro de sodio<\/td>\n<td>\u22641.45%<\/td>\n<\/tr>\n<tr>\n<td>Impurezas insolubles en agua<\/td>\n<td>\u22640.05%<\/td>\n<\/tr>\n<tr>\n<td>Residuos insolubles en agua<\/td>\n<td>\u22640.05%<\/td>\n<\/tr>\n<\/tbody>\n<\/table>\n<h2><span class=\"ez-toc-section\" id=\"Dosis_recomendada\"><\/span><strong><b>Dosis recomendada:<\/b><\/strong><span class=\"ez-toc-section-end\"><\/span><\/h2>\n<table>\n<tbody>\n<tr>\n<td><strong>Nombre del alimento<\/strong><\/td>\n<td><strong>Uso m\u00e1ximo (g\/kg)<\/strong><\/td>\n<\/tr>\n<tr>\n<td>Productos de pan y masa<\/td>\n<td>0.3 &#8211; 3 g\/kg<\/td>\n<\/tr>\n<tr>\n<td>Carnes curadas<\/td>\n<td>2 &#8211; 5 g\/kg<\/td>\n<\/tr>\n<tr>\n<td>Jamones y embutidos<\/td>\n<td>1 &#8211; 3 g\/kg<\/td>\n<\/tr>\n<tr>\n<td>Productos c\u00e1rnicos preparados<\/td>\n<td>1 &#8211; 2 g\/kg<\/td>\n<\/tr>\n<tr>\n<td>Productos c\u00e1rnicos ahumados<\/td>\n<td>0.5 &#8211; 1.5 g\/kg<\/td>\n<\/tr>\n<tr>\n<td>Jam\u00f3n y tocino<\/td>\n<td>0.3 &#8211; 1 g\/kg<\/td>\n<\/tr>\n<tr>\n<td>Alimentos cocinados preparados<\/td>\n<td>0.1 &#8211; 0.5 g\/kg<\/td>\n<\/tr>\n<tr>\n<td>Alimentos encurtidos<\/td>\n<td>0.1 &#8211; 0.3 g\/kg<\/td>\n<\/tr>\n<tr>\n<td>Pescado en escabeche<\/td>\n<td>0.1 &#8211; 0.3 g\/kg<\/td>\n<\/tr>\n<tr>\n<td>Panader\u00eda<\/td>\n<td>0.1 &#8211; 0.3 g\/kg<\/td>\n<\/tr>\n<tr>\n<td>Salsas y condimentos<\/td>\n<td>0.1 &#8211; 0.3 g\/kg<\/td>\n<\/tr>\n<tr>\n<td>Galletas<\/td>\n<td>0,1 &#8211; 0,3 g\/kg<\/td>\n<\/tr>\n<tr>\n<td>Productos de frutas<\/td>\n<td>0.1 &#8211; 0.3 g\/kg<\/td>\n<\/tr>\n<tr>\n<td>Productos de confiter\u00eda<\/td>\n<td>0.1 &#8211; 0.3 g\/kg<\/td>\n<\/tr>\n<\/tbody>\n<\/table>\n<h2><span class=\"ez-toc-section\" id=\"El_cloruro_de_potasio_tiene_una_amplia_gama_de_usos\"><\/span>El cloruro de potasio tiene una amplia gama de usos<span class=\"ez-toc-section-end\"><\/span><\/h2>\n<ol>\n<li>Funci\u00f3n de reemplazo de la sal: el cloruro de potasio se puede utilizar como sustituto de la sal de mesa (cloruro de sodio), especialmente en alimentos que necesitan reducir el contenido de sodio. Puede reemplazar parcial o totalmente la sal de mesa, reduciendo as\u00ed el contenido de sodio en los alimentos y ayudando a controlar problemas de salud como la hipertensi\u00f3n arterial.<\/li>\n<li>Antioxidante: el cloruro de potasio se puede utilizar como antioxidante en algunos alimentos para ayudar a extender la vida \u00fatil y la estabilidad de los alimentos y evitar que los alimentos se echen a perder debido a la oxidaci\u00f3n.<\/li>\n<li>Mejora del sabor: en algunos casos, el cloruro de potasio puede mejorar el sabor de los alimentos, especialmente en carnes curadas y otros procesamientos de alimentos, ayudando a mantener y mejorar las caracter\u00edsticas de sabor de las materias primas.<\/li>\n<li>Ajustador de pH: la adici\u00f3n de cloruro de potasio puede ajustar el valor de pH de los alimentos y, a veces, se puede utilizar para ajustar la acidez y la alcalinidad para adaptarse a las necesidades de procesamiento espec\u00edficas o formulaciones de alimentos.<\/li>\n<li>Enriquecimiento nutricional: En algunos casos, el cloruro de potasio tambi\u00e9n se puede utilizar como un fortalecedor nutricional para aportar potasio a los alimentos, lo que ayuda a equilibrar la ingesta de electrolitos y nutrientes del cuerpo.<\/li>\n<\/ol>\n<h2><span class=\"ez-toc-section\" id=\"Pregunta_formulada_por_un_usuario\"><\/span>Pregunta formulada por un usuario:<span class=\"ez-toc-section-end\"><\/span><\/h2>\n<p>Pregunta: En la sal de mesa, \u00bfel cloruro de potasio puede sustituir al cloruro de sodio?<\/p>\n<p>Respuesta: En la sal de mesa, el cloruro de potasio puede sustituir total o parcialmente al cloruro de sodio. El objetivo principal de esta sustituci\u00f3n es reducir el contenido de sodio en los alimentos, ya que una dieta alta en sodio se asocia con la hipertensi\u00f3n arterial y otros problemas de salud. El cloruro de potasio se utiliza ampliamente en la industria alimentaria, especialmente en productos que necesitan reducir la ingesta de sodio, como embutidos, alimentos enlatados y alimentos preparados. Sin embargo, es importante tener en cuenta que el cloruro de potasio y el cloruro de sodio tienen diferentes propiedades qu\u00edmicas y sensoriales. En altas concentraciones, el cloruro de potasio puede tener un cierto impacto en el sabor de los alimentos, a veces con un sabor amargo. Por lo tanto, al utilizar cloruro de potasio para sustituir a la sal de mesa, es posible que sea necesario realizar los ajustes adecuados en la formulaci\u00f3n y los m\u00e9todos de procesamiento para garantizar que el sabor y la calidad de los alimentos sigan cumpliendo con las expectativas del consumidor.<\/p>\n","protected":false},"excerpt":{"rendered":"<ul>\n<li>CAS: 7447-40-7<\/li>\n<li>F\u00f3rmula qu\u00edmica: KCl<\/li>\n<li>Certificaciones: KOSHER, ISO, HALAL, FSSC 22000, BRC, etc.<\/li>\n<li>Cantidad m\u00ednima de pedido: 1000KG<\/li>\n<li>Caducidad: 2 a\u00f1os<\/li>\n<\/ul>\n","protected":false},"featured_media":5583,"template":"","meta":{"site-sidebar-layout":"default","site-content-layout":"","ast-site-content-layout":"default","site-content-style":"default","site-sidebar-style":"default","ast-global-header-display":"","ast-banner-title-visibility":"","ast-main-header-display":"","ast-hfb-above-header-display":"","ast-hfb-below-header-display":"","ast-hfb-mobile-header-display":"","site-post-title":"","ast-breadcrumbs-content":"","ast-featured-img":"","footer-sml-layout":"","theme-transparent-header-meta":"default","adv-header-id-meta":"","stick-header-meta":"","header-above-stick-meta":"","header-main-stick-meta":"","header-below-stick-meta":"","astra-migrate-meta-layouts":"set","ast-page-background-enabled":"default","ast-page-background-meta":{"desktop":{"background-color":"var(--ast-global-color-4)","background-image":"","background-repeat":"repeat","background-position":"center center","background-size":"auto","background-attachment":"scroll","background-type":"","background-media":"","overlay-type":"","overlay-color":"","overlay-opacity":"","overlay-gradient":""},"tablet":{"background-color":"","background-image":"","background-repeat":"repeat","background-position":"center center","background-size":"auto","background-attachment":"scroll","background-type":"","background-media":"","overlay-type":"","overlay-color":"","overlay-opacity":"","overlay-gradient":""},"mobile":{"background-color":"","background-image":"","background-repeat":"repeat","background-position":"center center","background-size":"auto","background-attachment":"scroll","background-type":"","background-media":"","overlay-type":"","overlay-color":"","overlay-opacity":"","overlay-gradient":""}},"ast-content-background-meta":{"desktop":{"background-color":"var(--ast-global-color-5)","background-image":"","background-repeat":"repeat","background-position":"center center","background-size":"auto","background-attachment":"scroll","background-type":"","background-media":"","overlay-type":"","overlay-color":"","overlay-opacity":"","overlay-gradient":""},"tablet":{"background-color":"var(--ast-global-color-5)","background-image":"","background-repeat":"repeat","background-position":"center center","background-size":"auto","background-attachment":"scroll","background-type":"","background-media":"","overlay-type":"","overlay-color":"","overlay-opacity":"","overlay-gradient":""},"mobile":{"background-color":"var(--ast-global-color-5)","background-image":"","background-repeat":"repeat","background-position":"center center","background-size":"auto","background-attachment":"scroll","background-type":"","background-media":"","overlay-type":"","overlay-color":"","overlay-opacity":"","overlay-gradient":""}}},"product_brand":[],"product_cat":[92],"product_tag":[],"class_list":{"0":"post-9747","1":"product","2":"type-product","3":"status-publish","4":"has-post-thumbnail","6":"product_cat-otros-ingredientes-alimentarios-producto","7":"desktop-align-center","8":"tablet-align-left","9":"mobile-align-left","11":"first","12":"instock","13":"shipping-taxable","14":"product-type-simple"},"yoast_head":"<!-- This site is optimized with the Yoast SEO plugin v26.5 - https:\/\/yoast.com\/wordpress\/plugins\/seo\/ -->\n<title>Cloruro de Potasio Aditivo E508, Compre Cloruro Potasio En Polvo A Precio Econ\u00f3mico | Niranbio Chemical<\/title>\n<meta name=\"description\" content=\"Compre en l\u00ednea el polvo cristalino de cloruro de potasio de calidad alimentaria al por mayor. NIRAN ofrece polvo de alta calidad (CAS 7447-40-7) a los compradores.\" \/>\n<meta name=\"robots\" content=\"noindex, follow, max-snippet:-1, max-image-preview:large, max-video-preview:-1\" \/>\n<meta name=\"twitter:label1\" content=\"Tiempo de lectura\" \/>\n\t<meta name=\"twitter:data1\" content=\"4 minutos\" \/>\n<script type=\"application\/ld+json\" class=\"yoast-schema-graph\">{\"@context\":\"https:\/\/schema.org\",\"@graph\":[{\"@type\":\"WebPage\",\"@id\":\"https:\/\/theo.niranbio.com\/es\/cloruro-de-potasio.html\",\"url\":\"https:\/\/theo.niranbio.com\/es\/cloruro-de-potasio.html\",\"name\":\"Cloruro de Potasio Aditivo E508, Compre Cloruro Potasio En Polvo A Precio Econ\u00f3mico | Niranbio Chemical\",\"isPartOf\":{\"@id\":\"https:\/\/theo.niranbio.com\/es\/#website\"},\"primaryImageOfPage\":{\"@id\":\"https:\/\/theo.niranbio.com\/es\/cloruro-de-potasio.html#primaryimage\"},\"image\":{\"@id\":\"https:\/\/theo.niranbio.com\/es\/cloruro-de-potasio.html#primaryimage\"},\"thumbnailUrl\":\"https:\/\/theo.niranbio.com\/wp-content\/uploads\/2024\/06\/Potassium-Chloride.webp\",\"datePublished\":\"2024-06-20T05:20:11+00:00\",\"dateModified\":\"2024-08-15T10:41:28+00:00\",\"description\":\"Compre en l\u00ednea el polvo cristalino de cloruro de potasio de calidad alimentaria al por mayor. NIRAN ofrece polvo de alta calidad (CAS 7447-40-7) a los compradores.\",\"breadcrumb\":{\"@id\":\"https:\/\/theo.niranbio.com\/es\/cloruro-de-potasio.html#breadcrumb\"},\"inLanguage\":\"es\",\"potentialAction\":[{\"@type\":\"ReadAction\",\"target\":[\"https:\/\/theo.niranbio.com\/es\/cloruro-de-potasio.html\"]}]},{\"@type\":\"ImageObject\",\"inLanguage\":\"es\",\"@id\":\"https:\/\/theo.niranbio.com\/es\/cloruro-de-potasio.html#primaryimage\",\"url\":\"https:\/\/theo.niranbio.com\/wp-content\/uploads\/2024\/06\/Potassium-Chloride.webp\",\"contentUrl\":\"https:\/\/theo.niranbio.com\/wp-content\/uploads\/2024\/06\/Potassium-Chloride.webp\",\"width\":600,\"height\":600,\"caption\":\"Cloruro de potasio\"},{\"@type\":\"BreadcrumbList\",\"@id\":\"https:\/\/theo.niranbio.com\/es\/cloruro-de-potasio.html#breadcrumb\",\"itemListElement\":[{\"@type\":\"ListItem\",\"position\":1,\"name\":\"Home\",\"item\":\"https:\/\/theo.niranbio.com\/es\/\"},{\"@type\":\"ListItem\",\"position\":2,\"name\":\"Productos\",\"item\":\"https:\/\/theo.niranbio.com\/es\/productos.html\"},{\"@type\":\"ListItem\",\"position\":3,\"name\":\"Otros Ingredientes Alimentarios\",\"item\":\"https:\/\/theo.niranbio.com\/es\/otros-ingredientes-alimentarios-producto\/\"},{\"@type\":\"ListItem\",\"position\":4,\"name\":\"Cloruro de Potasio\"}]},{\"@type\":\"WebSite\",\"@id\":\"https:\/\/theo.niranbio.com\/es\/#website\",\"url\":\"https:\/\/theo.niranbio.com\/es\/\",\"name\":\"Niranbio Chemical\",\"description\":\"\",\"publisher\":{\"@id\":\"https:\/\/theo.niranbio.com\/es\/#organization\"},\"potentialAction\":[{\"@type\":\"SearchAction\",\"target\":{\"@type\":\"EntryPoint\",\"urlTemplate\":\"https:\/\/theo.niranbio.com\/es\/?s={search_term_string}\"},\"query-input\":{\"@type\":\"PropertyValueSpecification\",\"valueRequired\":true,\"valueName\":\"search_term_string\"}}],\"inLanguage\":\"es\"},{\"@type\":\"Organization\",\"@id\":\"https:\/\/theo.niranbio.com\/es\/#organization\",\"name\":\"Niranbio Chemical\",\"url\":\"https:\/\/theo.niranbio.com\/es\/\",\"logo\":{\"@type\":\"ImageObject\",\"inLanguage\":\"es\",\"@id\":\"https:\/\/theo.niranbio.com\/es\/#\/schema\/logo\/image\/\",\"url\":\"https:\/\/theo.niranbio.com\/wp-content\/uploads\/2024\/06\/Niranbio.png\",\"contentUrl\":\"https:\/\/theo.niranbio.com\/wp-content\/uploads\/2024\/06\/Niranbio.png\",\"width\":270,\"height\":100,\"caption\":\"Niranbio Chemical\"},\"image\":{\"@id\":\"https:\/\/theo.niranbio.com\/es\/#\/schema\/logo\/image\/\"}}]}<\/script>\n<!-- \/ Yoast SEO plugin. -->","yoast_head_json":{"title":"Cloruro de Potasio Aditivo E508, Compre Cloruro Potasio En Polvo A Precio Econ\u00f3mico | Niranbio Chemical","description":"Compre en l\u00ednea el polvo cristalino de cloruro de potasio de calidad alimentaria al por mayor. NIRAN ofrece polvo de alta calidad (CAS 7447-40-7) a los compradores.","robots":{"index":"noindex","follow":"follow","max-snippet":"max-snippet:-1","max-image-preview":"max-image-preview:large","max-video-preview":"max-video-preview:-1"},"twitter_misc":{"Tiempo de lectura":"4 minutos"},"schema":{"@context":"https:\/\/schema.org","@graph":[{"@type":"WebPage","@id":"https:\/\/theo.niranbio.com\/es\/cloruro-de-potasio.html","url":"https:\/\/theo.niranbio.com\/es\/cloruro-de-potasio.html","name":"Cloruro de Potasio Aditivo E508, Compre Cloruro Potasio En Polvo A Precio Econ\u00f3mico | Niranbio Chemical","isPartOf":{"@id":"https:\/\/theo.niranbio.com\/es\/#website"},"primaryImageOfPage":{"@id":"https:\/\/theo.niranbio.com\/es\/cloruro-de-potasio.html#primaryimage"},"image":{"@id":"https:\/\/theo.niranbio.com\/es\/cloruro-de-potasio.html#primaryimage"},"thumbnailUrl":"https:\/\/theo.niranbio.com\/wp-content\/uploads\/2024\/06\/Potassium-Chloride.webp","datePublished":"2024-06-20T05:20:11+00:00","dateModified":"2024-08-15T10:41:28+00:00","description":"Compre en l\u00ednea el polvo cristalino de cloruro de potasio de calidad alimentaria al por mayor. NIRAN ofrece polvo de alta calidad (CAS 7447-40-7) a los compradores.","breadcrumb":{"@id":"https:\/\/theo.niranbio.com\/es\/cloruro-de-potasio.html#breadcrumb"},"inLanguage":"es","potentialAction":[{"@type":"ReadAction","target":["https:\/\/theo.niranbio.com\/es\/cloruro-de-potasio.html"]}]},{"@type":"ImageObject","inLanguage":"es","@id":"https:\/\/theo.niranbio.com\/es\/cloruro-de-potasio.html#primaryimage","url":"https:\/\/theo.niranbio.com\/wp-content\/uploads\/2024\/06\/Potassium-Chloride.webp","contentUrl":"https:\/\/theo.niranbio.com\/wp-content\/uploads\/2024\/06\/Potassium-Chloride.webp","width":600,"height":600,"caption":"Cloruro de potasio"},{"@type":"BreadcrumbList","@id":"https:\/\/theo.niranbio.com\/es\/cloruro-de-potasio.html#breadcrumb","itemListElement":[{"@type":"ListItem","position":1,"name":"Home","item":"https:\/\/theo.niranbio.com\/es\/"},{"@type":"ListItem","position":2,"name":"Productos","item":"https:\/\/theo.niranbio.com\/es\/productos.html"},{"@type":"ListItem","position":3,"name":"Otros Ingredientes Alimentarios","item":"https:\/\/theo.niranbio.com\/es\/otros-ingredientes-alimentarios-producto\/"},{"@type":"ListItem","position":4,"name":"Cloruro de Potasio"}]},{"@type":"WebSite","@id":"https:\/\/theo.niranbio.com\/es\/#website","url":"https:\/\/theo.niranbio.com\/es\/","name":"Niranbio Chemical","description":"","publisher":{"@id":"https:\/\/theo.niranbio.com\/es\/#organization"},"potentialAction":[{"@type":"SearchAction","target":{"@type":"EntryPoint","urlTemplate":"https:\/\/theo.niranbio.com\/es\/?s={search_term_string}"},"query-input":{"@type":"PropertyValueSpecification","valueRequired":true,"valueName":"search_term_string"}}],"inLanguage":"es"},{"@type":"Organization","@id":"https:\/\/theo.niranbio.com\/es\/#organization","name":"Niranbio Chemical","url":"https:\/\/theo.niranbio.com\/es\/","logo":{"@type":"ImageObject","inLanguage":"es","@id":"https:\/\/theo.niranbio.com\/es\/#\/schema\/logo\/image\/","url":"https:\/\/theo.niranbio.com\/wp-content\/uploads\/2024\/06\/Niranbio.png","contentUrl":"https:\/\/theo.niranbio.com\/wp-content\/uploads\/2024\/06\/Niranbio.png","width":270,"height":100,"caption":"Niranbio Chemical"},"image":{"@id":"https:\/\/theo.niranbio.com\/es\/#\/schema\/logo\/image\/"}}]}},"_links":{"self":[{"href":"https:\/\/theo.niranbio.com\/es\/wp-json\/wp\/v2\/product\/9747","targetHints":{"allow":["GET"]}}],"collection":[{"href":"https:\/\/theo.niranbio.com\/es\/wp-json\/wp\/v2\/product"}],"about":[{"href":"https:\/\/theo.niranbio.com\/es\/wp-json\/wp\/v2\/types\/product"}],"version-history":[{"count":0,"href":"https:\/\/theo.niranbio.com\/es\/wp-json\/wp\/v2\/product\/9747\/revisions"}],"wp:featuredmedia":[{"embeddable":true,"href":"https:\/\/theo.niranbio.com\/es\/wp-json\/wp\/v2\/media\/5583"}],"wp:attachment":[{"href":"https:\/\/theo.niranbio.com\/es\/wp-json\/wp\/v2\/media?parent=9747"}],"wp:term":[{"taxonomy":"product_brand","embeddable":true,"href":"https:\/\/theo.niranbio.com\/es\/wp-json\/wp\/v2\/product_brand?post=9747"},{"taxonomy":"product_cat","embeddable":true,"href":"https:\/\/theo.niranbio.com\/es\/wp-json\/wp\/v2\/product_cat?post=9747"},{"taxonomy":"product_tag","embeddable":true,"href":"https:\/\/theo.niranbio.com\/es\/wp-json\/wp\/v2\/product_tag?post=9747"}],"curies":[{"name":"wp","href":"https:\/\/api.w.org\/{rel}","templated":true}]}}