{"id":9743,"date":"2024-06-20T09:43:53","date_gmt":"2024-06-20T01:43:53","guid":{"rendered":"https:\/\/theo.niranbio.com\/acido-benzoico\/"},"modified":"2024-08-15T15:01:04","modified_gmt":"2024-08-15T07:01:04","slug":"acido-benzoico","status":"publish","type":"product","link":"https:\/\/theo.niranbio.com\/es\/acido-benzoico.html","title":{"rendered":"\u00c1cido benzoico"},"content":{"rendered":"<h2><span class=\"ez-toc-section\" id=\"%C2%BFQue_es_el_acido_benzoico\"><\/span>\u00bfQu\u00e9 es el \u00e1cido benzoico?<span class=\"ez-toc-section-end\"><\/span><\/h2>\n<p>El \u00e1cido benzoico es un conservante muy utilizado. Aparece como cristales blancos o polvo con un ligero olor a benceno. Es libremente soluble en etanol, \u00e9ter y cloroformo. El \u00e1cido benzoico se utiliza principalmente para inhibir el crecimiento de bacterias, levaduras y mohos, lo que extiende la vida \u00fatil de los alimentos y las bebidas. Se utiliza com\u00fanmente en alimentos como salsa de soja, mermelada, jugo, fruta en conserva, bebidas carbonatadas, salsas y encurtidos.<\/p>\n<p>El principal m\u00e9todo de preparaci\u00f3n del \u00e1cido benzoico incluye la oxidaci\u00f3n del tolueno, que oxida el tolueno bajo la acci\u00f3n de un catalizador y ox\u00edgeno para producir \u00e1cido benzoico. El \u00e1cido benzoico se considera ampliamente un aditivo alimentario seguro, pero la dosis debe controlarse estrictamente cuando se usa para garantizar que se encuentre dentro de un rango seguro.<\/p>\n<h2><span class=\"ez-toc-section\" id=\"Parametros_relacionados\"><\/span>Par\u00e1metros relacionados:<span class=\"ez-toc-section-end\"><\/span><\/h2>\n<table>\n<tbody>\n<tr>\n<td><strong>Elementos de inspecci\u00f3n<\/strong><\/td>\n<td><strong>\u00cdndice<\/strong><\/td>\n<\/tr>\n<tr>\n<td>Aspecto<\/td>\n<td>Cristal blanco<\/td>\n<\/tr>\n<tr>\n<td>Contenido (sustancia desecada)\uff0cw\/% \u2265<\/td>\n<td>99.5<\/td>\n<\/tr>\n<tr>\n<td>Punto de fusi\u00f3n\uff0c\u2103<\/td>\n<td>121~123<\/td>\n<\/tr>\n<tr>\n<td>Sustancias f\u00e1cilmente oxidables<\/td>\n<td>Pasa la prueba<\/td>\n<\/tr>\n<tr>\n<td>Metales pesados (Pb)\/( mg\/kg) \u2264<\/td>\n<td>10<\/td>\n<\/tr>\n<tr>\n<td>Ars\u00e9nico, mg\/kg \u2264<\/td>\n<td>2<\/td>\n<\/tr>\n<tr>\n<td>Cloruro\uff08Cl\uff09, c\/ % \u2264<\/td>\n<td>0.014<\/td>\n<\/tr>\n<tr>\n<td>\u00c1cido ft\u00e1lico \u2264 mg\/kg<\/td>\n<td>100<\/td>\n<\/tr>\n<tr>\n<td>Bifenilos, mg\/kg \u2264 100<\/td>\n<td>100<\/td>\n<\/tr>\n<tr>\n<td>P\u00e9rdida y desecaci\u00f3n, p\/ % \u2264 0,5<\/td>\n<td>0.5<\/td>\n<\/tr>\n<\/tbody>\n<\/table>\n<h2><span class=\"ez-toc-section\" id=\"Dosis_recomendada\"><\/span>Dosis recomendada<span class=\"ez-toc-section-end\"><\/span><\/h2>\n<table>\n<tbody>\n<tr>\n<td><strong>Nombre del alimento<\/strong><\/td>\n<td><strong>Uso m\u00e1ximo (g\/kg)<\/strong><\/td>\n<\/tr>\n<tr>\n<td>Bebidas<\/td>\n<td>0,1 g\/kg<\/td>\n<\/tr>\n<tr>\n<td>Vino<\/td>\n<td>0,5 g\/kg<\/td>\n<\/tr>\n<tr>\n<td>Aceite comestible<\/td>\n<td>0,3 g\/kg<\/td>\n<\/tr>\n<tr>\n<td>Alimentos en escabeche<\/td>\n<td>0,5 g\/kg<\/td>\n<\/tr>\n<tr>\n<td>Procesado del pescado<\/td>\n<td>0,3 g\/kg<\/td>\n<\/tr>\n<tr>\n<td>Procesado de la carne<\/td>\n<td>0,5 g\/kg<\/td>\n<\/tr>\n<tr>\n<td>Alimentos enlatados<\/td>\n<td>0,4 g\/kg<\/td>\n<\/tr>\n<tr>\n<td>Panader\u00eda<\/td>\n<td>0,3 g\/kg<\/td>\n<\/tr>\n<tr>\n<td>Condimento<\/td>\n<td>0,3 g\/kg<\/td>\n<\/tr>\n<tr>\n<td>Almid\u00f3n y sus productos<\/td>\n<td>0,3 g\/kg<\/td>\n<\/tr>\n<\/tbody>\n<\/table>\n<h2><span class=\"ez-toc-section\" id=\"El_acido_benzoico_tiene_una_amplia_gama_de_usos\"><\/span>El \u00e1cido benzoico tiene una amplia gama de usos<span class=\"ez-toc-section-end\"><\/span><\/h2>\n<ol>\n<li>Conservantes de alimentos: el \u00e1cido benzoico puede inhibir el crecimiento de microorganismos y levaduras en los alimentos y desempe\u00f1ar un papel conservante. En el procesamiento de alimentos como salsas, mermeladas, bebidas, caramelos, alimentos enlatados y condimentos, el \u00e1cido benzoico se utiliza a menudo como conservante para extender la vida \u00fatil de los productos y mantener la frescura y el sabor de los productos.<\/li>\n<li>Aromatizantes de alimentos: el \u00e1cido benzoico posee un olor arom\u00e1tico y un sabor distintivo. Se utiliza como agente aromatizante en la industria alimentaria para aumentar el sabor y el gusto de los productos. A menudo se utiliza para elaborar productos c\u00e1rnicos, productos horneados, productos l\u00e1cteos, bebidas, etc. para agregar sabor a los alimentos y mejorar la calidad de los productos.<\/li>\n<li>Industria farmac\u00e9utica: El \u00e1cido benzoico es una materia prima farmac\u00e9utica com\u00fan y se utiliza a menudo para preparar f\u00e1rmacos y agentes t\u00f3picos. En el proceso de preparaci\u00f3n de f\u00e1rmacos, el \u00e1cido benzoico puede mejorar la estabilidad y eficacia de los f\u00e1rmacos y ampliar el per\u00edodo efectivo de los f\u00e1rmacos. Adem\u00e1s, el \u00e1cido benzoico tambi\u00e9n se utiliza para hacer algunos ung\u00fcentos t\u00f3picos, desinfectantes y conservantes.<\/li>\n<li>Industria de sabores y fragancias: El \u00e1cido benzoico es una materia prima importante para los sabores y se utiliza ampliamente en la fabricaci\u00f3n de varios sabores y fragancias. Puede agregar fragancia y sabor a productos como perfumes, jabones, detergentes, cigarrillos, cosm\u00e9ticos, etc. El olor arom\u00e1tico del \u00e1cido benzoico puede hacer que los productos sean m\u00e1s atractivos y estimular los sentidos de los clientes.<\/li>\n<\/ol>\n<h2><span class=\"ez-toc-section\" id=\"El_usuario_hizo_la_pregunta\"><\/span>El usuario hizo la pregunta:<span class=\"ez-toc-section-end\"><\/span><\/h2>\n<p>Pregunta: \u00bfQu\u00e9 efecto tiene el \u00e1cido benzoico en la piel?<\/p>\n<p>Respuesta: El \u00e1cido benzoico es un compuesto org\u00e1nico, un l\u00edquido incoloro y un conservante ampliamente utilizado. Tiene efectos antibacterianos y antiinflamatorios, as\u00ed como efectos antipruriginosos y antiinflamatorios. Se puede utilizar para prevenir el crecimiento de cocos pi\u00f3genos y levaduras pat\u00f3genas, y tambi\u00e9n se puede utilizar para tratar micosis de la piel, as\u00ed como infecciones f\u00fangicas superficiales de la piel, como ti\u00f1a corporal y ti\u00f1a crural.<\/p>\n<p>Pregunta: \u00bfEl \u00e1cido benzoico realmente puede tratar el acn\u00e9?<\/p>\n<p>Respuesta: El acn\u00e9 es una enfermedad cut\u00e1nea com\u00fan, que generalmente se manifiesta como acn\u00e9, p\u00e1pulas, p\u00fastulas, n\u00f3dulos y quistes. Algunos productos que contienen \u00e1cido salic\u00edlico y \u00e1cido benzoico se pueden utilizar para reducir la grasa de la piel y prevenir el crecimiento bacteriano.<\/p>\n","protected":false},"excerpt":{"rendered":"<ul>\n<li>CAS: 65-85-0<\/li>\n<li>F\u00f3rmula qu\u00edmica: C7H6O2<\/li>\n<li>Certificaci\u00f3n: KOSHER, ISO, HALAL, FSSC22000, BRC, etc.<\/li>\n<li>Norma: BP\/EP\/FCC\/GB1901-2005<\/li>\n<li>Cantidad m\u00ednima de pedido: 1000KG<\/li>\n<li>Caducidad: 2 a\u00f1os<\/li>\n<\/ul>\n","protected":false},"featured_media":5859,"template":"","meta":{"site-sidebar-layout":"default","site-content-layout":"","ast-site-content-layout":"default","site-content-style":"default","site-sidebar-style":"default","ast-global-header-display":"","ast-banner-title-visibility":"","ast-main-header-display":"","ast-hfb-above-header-display":"","ast-hfb-below-header-display":"","ast-hfb-mobile-header-display":"","site-post-title":"","ast-breadcrumbs-content":"","ast-featured-img":"","footer-sml-layout":"","theme-transparent-header-meta":"default","adv-header-id-meta":"","stick-header-meta":"","header-above-stick-meta":"","header-main-stick-meta":"","header-below-stick-meta":"","astra-migrate-meta-layouts":"set","ast-page-background-enabled":"default","ast-page-background-meta":{"desktop":{"background-color":"var(--ast-global-color-4)","background-image":"","background-repeat":"repeat","background-position":"center center","background-size":"auto","background-attachment":"scroll","background-type":"","background-media":"","overlay-type":"","overlay-color":"","overlay-opacity":"","overlay-gradient":""},"tablet":{"background-color":"","background-image":"","background-repeat":"repeat","background-position":"center center","background-size":"auto","background-attachment":"scroll","background-type":"","background-media":"","overlay-type":"","overlay-color":"","overlay-opacity":"","overlay-gradient":""},"mobile":{"background-color":"","background-image":"","background-repeat":"repeat","background-position":"center center","background-size":"auto","background-attachment":"scroll","background-type":"","background-media":"","overlay-type":"","overlay-color":"","overlay-opacity":"","overlay-gradient":""}},"ast-content-background-meta":{"desktop":{"background-color":"var(--ast-global-color-5)","background-image":"","background-repeat":"repeat","background-position":"center center","background-size":"auto","background-attachment":"scroll","background-type":"","background-media":"","overlay-type":"","overlay-color":"","overlay-opacity":"","overlay-gradient":""},"tablet":{"background-color":"var(--ast-global-color-5)","background-image":"","background-repeat":"repeat","background-position":"center center","background-size":"auto","background-attachment":"scroll","background-type":"","background-media":"","overlay-type":"","overlay-color":"","overlay-opacity":"","overlay-gradient":""},"mobile":{"background-color":"var(--ast-global-color-5)","background-image":"","background-repeat":"repeat","background-position":"center center","background-size":"auto","background-attachment":"scroll","background-type":"","background-media":"","overlay-type":"","overlay-color":"","overlay-opacity":"","overlay-gradient":""}}},"product_brand":[],"product_cat":[94],"product_tag":[],"class_list":{"0":"post-9743","1":"product","2":"type-product","3":"status-publish","4":"has-post-thumbnail","6":"product_cat-producto-conservante","7":"desktop-align-center","8":"tablet-align-left","9":"mobile-align-left","11":"first","12":"instock","13":"shipping-taxable","14":"product-type-simple"},"yoast_head":"<!-- This site is optimized with the Yoast SEO plugin v26.5 - https:\/\/yoast.com\/wordpress\/plugins\/seo\/ -->\n<title>\u00c1cido Benzoico E210, Compre \u00c1cido Benzoico a Precio Econ\u00f3mico | Niranbio Chemical<\/title>\n<meta name=\"description\" content=\"Nuestro \u00e1cido benzoico aparece como cristales blancos o polvo, com\u00fanmente utilizado en alimentos como salsa de soja, mermelada, jugo, fruta en conserva, bebidas carbonatadas, salsas y encurtidos.\" \/>\n<meta name=\"robots\" content=\"noindex, follow, max-snippet:-1, max-image-preview:large, max-video-preview:-1\" \/>\n<meta name=\"twitter:label1\" content=\"Tiempo de lectura\" \/>\n\t<meta name=\"twitter:data1\" content=\"3 minutos\" \/>\n<script type=\"application\/ld+json\" class=\"yoast-schema-graph\">{\"@context\":\"https:\/\/schema.org\",\"@graph\":[{\"@type\":\"WebPage\",\"@id\":\"https:\/\/theo.niranbio.com\/es\/acido-benzoico.html\",\"url\":\"https:\/\/theo.niranbio.com\/es\/acido-benzoico.html\",\"name\":\"\u00c1cido Benzoico E210, Compre \u00c1cido Benzoico a Precio Econ\u00f3mico | Niranbio Chemical\",\"isPartOf\":{\"@id\":\"https:\/\/theo.niranbio.com\/es\/#website\"},\"primaryImageOfPage\":{\"@id\":\"https:\/\/theo.niranbio.com\/es\/acido-benzoico.html#primaryimage\"},\"image\":{\"@id\":\"https:\/\/theo.niranbio.com\/es\/acido-benzoico.html#primaryimage\"},\"thumbnailUrl\":\"https:\/\/theo.niranbio.com\/wp-content\/uploads\/2024\/06\/Benzoic-Acid.webp\",\"datePublished\":\"2024-06-20T01:43:53+00:00\",\"dateModified\":\"2024-08-15T07:01:04+00:00\",\"description\":\"Nuestro \u00e1cido benzoico aparece como cristales blancos o polvo, com\u00fanmente utilizado en alimentos como salsa de soja, mermelada, jugo, fruta en conserva, bebidas carbonatadas, salsas y encurtidos.\",\"breadcrumb\":{\"@id\":\"https:\/\/theo.niranbio.com\/es\/acido-benzoico.html#breadcrumb\"},\"inLanguage\":\"es\",\"potentialAction\":[{\"@type\":\"ReadAction\",\"target\":[\"https:\/\/theo.niranbio.com\/es\/acido-benzoico.html\"]}]},{\"@type\":\"ImageObject\",\"inLanguage\":\"es\",\"@id\":\"https:\/\/theo.niranbio.com\/es\/acido-benzoico.html#primaryimage\",\"url\":\"https:\/\/theo.niranbio.com\/wp-content\/uploads\/2024\/06\/Benzoic-Acid.webp\",\"contentUrl\":\"https:\/\/theo.niranbio.com\/wp-content\/uploads\/2024\/06\/Benzoic-Acid.webp\",\"width\":600,\"height\":600,\"caption\":\"\u00c1cido benzoico\"},{\"@type\":\"BreadcrumbList\",\"@id\":\"https:\/\/theo.niranbio.com\/es\/acido-benzoico.html#breadcrumb\",\"itemListElement\":[{\"@type\":\"ListItem\",\"position\":1,\"name\":\"Home\",\"item\":\"https:\/\/theo.niranbio.com\/es\/\"},{\"@type\":\"ListItem\",\"position\":2,\"name\":\"Productos\",\"item\":\"https:\/\/theo.niranbio.com\/es\/productos.html\"},{\"@type\":\"ListItem\",\"position\":3,\"name\":\"Conservante\",\"item\":\"https:\/\/theo.niranbio.com\/es\/producto-conservante\/\"},{\"@type\":\"ListItem\",\"position\":4,\"name\":\"\u00c1cido benzoico\"}]},{\"@type\":\"WebSite\",\"@id\":\"https:\/\/theo.niranbio.com\/es\/#website\",\"url\":\"https:\/\/theo.niranbio.com\/es\/\",\"name\":\"Niranbio Chemical\",\"description\":\"\",\"publisher\":{\"@id\":\"https:\/\/theo.niranbio.com\/es\/#organization\"},\"potentialAction\":[{\"@type\":\"SearchAction\",\"target\":{\"@type\":\"EntryPoint\",\"urlTemplate\":\"https:\/\/theo.niranbio.com\/es\/?s={search_term_string}\"},\"query-input\":{\"@type\":\"PropertyValueSpecification\",\"valueRequired\":true,\"valueName\":\"search_term_string\"}}],\"inLanguage\":\"es\"},{\"@type\":\"Organization\",\"@id\":\"https:\/\/theo.niranbio.com\/es\/#organization\",\"name\":\"Niranbio Chemical\",\"url\":\"https:\/\/theo.niranbio.com\/es\/\",\"logo\":{\"@type\":\"ImageObject\",\"inLanguage\":\"es\",\"@id\":\"https:\/\/theo.niranbio.com\/es\/#\/schema\/logo\/image\/\",\"url\":\"https:\/\/theo.niranbio.com\/wp-content\/uploads\/2024\/06\/Niranbio.png\",\"contentUrl\":\"https:\/\/theo.niranbio.com\/wp-content\/uploads\/2024\/06\/Niranbio.png\",\"width\":270,\"height\":100,\"caption\":\"Niranbio Chemical\"},\"image\":{\"@id\":\"https:\/\/theo.niranbio.com\/es\/#\/schema\/logo\/image\/\"}}]}<\/script>\n<!-- \/ Yoast SEO plugin. -->","yoast_head_json":{"title":"\u00c1cido Benzoico E210, Compre \u00c1cido Benzoico a Precio Econ\u00f3mico | Niranbio Chemical","description":"Nuestro \u00e1cido benzoico aparece como cristales blancos o polvo, com\u00fanmente utilizado en alimentos como salsa de soja, mermelada, jugo, fruta en conserva, bebidas carbonatadas, salsas y encurtidos.","robots":{"index":"noindex","follow":"follow","max-snippet":"max-snippet:-1","max-image-preview":"max-image-preview:large","max-video-preview":"max-video-preview:-1"},"twitter_misc":{"Tiempo de lectura":"3 minutos"},"schema":{"@context":"https:\/\/schema.org","@graph":[{"@type":"WebPage","@id":"https:\/\/theo.niranbio.com\/es\/acido-benzoico.html","url":"https:\/\/theo.niranbio.com\/es\/acido-benzoico.html","name":"\u00c1cido Benzoico E210, Compre \u00c1cido Benzoico a Precio Econ\u00f3mico | Niranbio Chemical","isPartOf":{"@id":"https:\/\/theo.niranbio.com\/es\/#website"},"primaryImageOfPage":{"@id":"https:\/\/theo.niranbio.com\/es\/acido-benzoico.html#primaryimage"},"image":{"@id":"https:\/\/theo.niranbio.com\/es\/acido-benzoico.html#primaryimage"},"thumbnailUrl":"https:\/\/theo.niranbio.com\/wp-content\/uploads\/2024\/06\/Benzoic-Acid.webp","datePublished":"2024-06-20T01:43:53+00:00","dateModified":"2024-08-15T07:01:04+00:00","description":"Nuestro \u00e1cido benzoico aparece como cristales blancos o polvo, com\u00fanmente utilizado en alimentos como salsa de soja, mermelada, jugo, fruta en conserva, bebidas carbonatadas, salsas y encurtidos.","breadcrumb":{"@id":"https:\/\/theo.niranbio.com\/es\/acido-benzoico.html#breadcrumb"},"inLanguage":"es","potentialAction":[{"@type":"ReadAction","target":["https:\/\/theo.niranbio.com\/es\/acido-benzoico.html"]}]},{"@type":"ImageObject","inLanguage":"es","@id":"https:\/\/theo.niranbio.com\/es\/acido-benzoico.html#primaryimage","url":"https:\/\/theo.niranbio.com\/wp-content\/uploads\/2024\/06\/Benzoic-Acid.webp","contentUrl":"https:\/\/theo.niranbio.com\/wp-content\/uploads\/2024\/06\/Benzoic-Acid.webp","width":600,"height":600,"caption":"\u00c1cido benzoico"},{"@type":"BreadcrumbList","@id":"https:\/\/theo.niranbio.com\/es\/acido-benzoico.html#breadcrumb","itemListElement":[{"@type":"ListItem","position":1,"name":"Home","item":"https:\/\/theo.niranbio.com\/es\/"},{"@type":"ListItem","position":2,"name":"Productos","item":"https:\/\/theo.niranbio.com\/es\/productos.html"},{"@type":"ListItem","position":3,"name":"Conservante","item":"https:\/\/theo.niranbio.com\/es\/producto-conservante\/"},{"@type":"ListItem","position":4,"name":"\u00c1cido benzoico"}]},{"@type":"WebSite","@id":"https:\/\/theo.niranbio.com\/es\/#website","url":"https:\/\/theo.niranbio.com\/es\/","name":"Niranbio Chemical","description":"","publisher":{"@id":"https:\/\/theo.niranbio.com\/es\/#organization"},"potentialAction":[{"@type":"SearchAction","target":{"@type":"EntryPoint","urlTemplate":"https:\/\/theo.niranbio.com\/es\/?s={search_term_string}"},"query-input":{"@type":"PropertyValueSpecification","valueRequired":true,"valueName":"search_term_string"}}],"inLanguage":"es"},{"@type":"Organization","@id":"https:\/\/theo.niranbio.com\/es\/#organization","name":"Niranbio Chemical","url":"https:\/\/theo.niranbio.com\/es\/","logo":{"@type":"ImageObject","inLanguage":"es","@id":"https:\/\/theo.niranbio.com\/es\/#\/schema\/logo\/image\/","url":"https:\/\/theo.niranbio.com\/wp-content\/uploads\/2024\/06\/Niranbio.png","contentUrl":"https:\/\/theo.niranbio.com\/wp-content\/uploads\/2024\/06\/Niranbio.png","width":270,"height":100,"caption":"Niranbio Chemical"},"image":{"@id":"https:\/\/theo.niranbio.com\/es\/#\/schema\/logo\/image\/"}}]}},"_links":{"self":[{"href":"https:\/\/theo.niranbio.com\/es\/wp-json\/wp\/v2\/product\/9743","targetHints":{"allow":["GET"]}}],"collection":[{"href":"https:\/\/theo.niranbio.com\/es\/wp-json\/wp\/v2\/product"}],"about":[{"href":"https:\/\/theo.niranbio.com\/es\/wp-json\/wp\/v2\/types\/product"}],"version-history":[{"count":0,"href":"https:\/\/theo.niranbio.com\/es\/wp-json\/wp\/v2\/product\/9743\/revisions"}],"wp:featuredmedia":[{"embeddable":true,"href":"https:\/\/theo.niranbio.com\/es\/wp-json\/wp\/v2\/media\/5859"}],"wp:attachment":[{"href":"https:\/\/theo.niranbio.com\/es\/wp-json\/wp\/v2\/media?parent=9743"}],"wp:term":[{"taxonomy":"product_brand","embeddable":true,"href":"https:\/\/theo.niranbio.com\/es\/wp-json\/wp\/v2\/product_brand?post=9743"},{"taxonomy":"product_cat","embeddable":true,"href":"https:\/\/theo.niranbio.com\/es\/wp-json\/wp\/v2\/product_cat?post=9743"},{"taxonomy":"product_tag","embeddable":true,"href":"https:\/\/theo.niranbio.com\/es\/wp-json\/wp\/v2\/product_tag?post=9743"}],"curies":[{"name":"wp","href":"https:\/\/api.w.org\/{rel}","templated":true}]}}