{"id":9736,"date":"2024-06-20T13:21:11","date_gmt":"2024-06-20T05:21:11","guid":{"rendered":"https:\/\/theo.niranbio.com\/%ce%b2-glucanasa\/"},"modified":"2024-08-15T18:36:32","modified_gmt":"2024-08-15T10:36:32","slug":"%ce%b2-glucanasa","status":"publish","type":"product","link":"https:\/\/theo.niranbio.com\/es\/%CE%B2-glucanasa.html","title":{"rendered":"\u03b2\u2013glucanasa"},"content":{"rendered":"<h2><span class=\"ez-toc-section\" id=\"%C2%BFQue_es_la_%CE%B2%E2%80%93glucanasa\"><\/span>\u00bfQu\u00e9 es la \u03b2\u2013glucanasa?<span class=\"ez-toc-section-end\"><\/span><\/h2>\n<p>La \u03b2-glucanasa es una endonucleasa con una apariencia de polvo amarillento o marr\u00f3n. Este producto tiene una amplia gama de aplicaciones en las industrias de alimentos y aditivos para piensos, ya que puede descomponer de manera eficiente el \u03b2-glucano presente en las paredes celulares del endospermo de trigo y cereales. Existen varios m\u00e9todos principales para preparar \u03b2-glucanasa:<\/p>\n<ol>\n<li>La fermentaci\u00f3n microbiana es el m\u00e9todo principal para producir \u03b2-glucanasa. Este m\u00e9todo utiliza microorganismos espec\u00edficos, como bacterias y hongos, para fermentar en condiciones adecuadas y controla par\u00e1metros como la temperatura, el pH y el suministro de ox\u00edgeno durante el proceso de fermentaci\u00f3n para promover la producci\u00f3n de enzimas. Por ejemplo, se utilizan microorganismos como Bacillus subtilis, Aspergillus niger y Penicillium ibregano para producir \u03b2-glucanasa. Este m\u00e9todo no solo es de bajo costo, sino que tambi\u00e9n es capaz de producirse a gran escala, por lo que es m\u00e1s com\u00fan en aplicaciones pr\u00e1cticas.<\/li>\n<li>Aunque la s\u00edntesis qu\u00edmica no es un m\u00e9todo convencional, tambi\u00e9n se utiliza en ciertos casos espec\u00edficos. Este m\u00e9todo generalmente implica procesos qu\u00edmicos complejos, que pueden incluir reacciones qu\u00edmicas espec\u00edficas y pasos de purificaci\u00f3n para obtener la \u03b2-glucanasa deseada. Sin embargo, este m\u00e9todo suele ser costoso y puede implicar procesos de operaci\u00f3n y purificaci\u00f3n complicados, por lo que rara vez se utiliza en la producci\u00f3n industrial.<\/li>\n<\/ol>\n<h2><span class=\"ez-toc-section\" id=\"Dosis_recomendada\"><\/span><strong><b>Dosis recomendada:<\/b><\/strong><span class=\"ez-toc-section-end\"><\/span><\/h2>\n<table>\n<tbody>\n<tr>\n<td><strong>Nombre del alimento<\/strong><\/td>\n<td><strong>Uso m\u00e1ximo (g\/kg)<\/strong><\/td>\n<\/tr>\n<tr>\n<td>Pan y galletas<\/td>\n<td>0,1-0,5 g\/kg<\/td>\n<\/tr>\n<tr>\n<td>Productos l\u00e1cteos<\/td>\n<td>0,05-0,2 g\/kg<\/td>\n<\/tr>\n<tr>\n<td>Bebidas de frutas<\/td>\n<td>0,02-0,1 g\/kg<\/td>\n<\/tr>\n<tr>\n<td>Productos c\u00e1rnicos<\/td>\n<td>0,1-0,5 g\/kg<\/td>\n<\/tr>\n<tr>\n<td>Cerveza<\/td>\n<td>0,02-0,1 g\/kg<\/td>\n<\/tr>\n<tr>\n<td>Condimentos y salsas<\/td>\n<td>0,05-0,2 g\/kg<\/td>\n<\/tr>\n<tr>\n<td>Caramelos y chocolate<\/td>\n<td>0,1-0,5 g\/kg<\/td>\n<\/tr>\n<tr>\n<td>Productos prote\u00ednicos vegetales<\/td>\n<td>0,1-0,5 g\/kg<\/td>\n<\/tr>\n<tr>\n<td>Alimentos precocinados<\/td>\n<td>0,1-0,5 g\/kg<\/td>\n<\/tr>\n<tr>\n<td>Ali\u00f1os para ensaladas y ensaladas<\/td>\n<td>0,05-0,2 g\/kg<\/td>\n<\/tr>\n<tr>\n<td>Bebidas con bacterias l\u00e1cticas<\/td>\n<td>0,02-0,1 g\/kg<\/td>\n<\/tr>\n<tr>\n<td>Mezclas para hornear<\/td>\n<td>0,1-0,5 g\/kg<\/td>\n<\/tr>\n<\/tbody>\n<\/table>\n<h2><span class=\"ez-toc-section\" id=\"La_%CE%B2-glucanasa_tiene_una_amplia_gama_de_usos\"><\/span>La \u03b2-glucanasa tiene una amplia gama de usos<span class=\"ez-toc-section-end\"><\/span><\/h2>\n<ol>\n<li>Mejora el rendimiento del procesamiento de alimentos: en productos de masa como el pan y las galletas, la \u03b2-glucanasa puede degradar el \u03b2-glucano en la harina, reducir la pegajosidad de la masa, mejorar su rendimiento de procesamiento y hacer que la masa sea m\u00e1s f\u00e1cil de manejar y moldear.<\/li>\n<li>Mejora la textura y el sabor de los alimentos: en el pan y otros productos de harina, la \u03b2-glucanasa puede mejorar el sabor del pan, haci\u00e9ndolo m\u00e1s suave y masticable, y tambi\u00e9n ayuda a mejorar la textura y el sabor generales del producto.<\/li>\n<li>Promueve la digesti\u00f3n de los alimentos y la absorci\u00f3n de nutrientes: en el procesamiento de alimentos como los cereales y la avena, la \u03b2-glucanasa puede degradar el \u03b2-glucano en los cereales, lo que hace que los nutrientes que contienen sean m\u00e1s f\u00e1ciles de digerir y absorber, mejorando as\u00ed el valor nutricional de los alimentos.<\/li>\n<li>Mejora el contenido de \u03b2-glucano en la malta: en la producci\u00f3n de cerveza, la malta contiene un alto nivel de \u03b2-glucano. La \u03b2-glucanasa puede degradar eficazmente estos polisac\u00e1ridos, lo que ayuda a mejorar el rendimiento de filtraci\u00f3n y la eficiencia de elaboraci\u00f3n del mosto.<\/li>\n<li>Mejora la estabilidad y el sabor de los productos l\u00e1cteos: en el procesamiento de productos l\u00e1cteos, como el yogur y el queso, la \u03b2-glucanasa puede degradar el \u03b2-glucano en la leche, mejorar la estabilidad y el sabor del producto y mejorar la experiencia de comer.<\/li>\n<\/ol>\n<h2><span class=\"ez-toc-section\" id=\"Pregunta_formulada_por_un_usuario\"><\/span>Pregunta formulada por un usuario:<span class=\"ez-toc-section-end\"><\/span><\/h2>\n<p>Pregunta: \u00bfCu\u00e1l es la diferencia entre \u03b2-glucano y \u03b2-glucanasa?<\/p>\n<p>Respuesta: El \u03b2-glucano es un compuesto polisac\u00e1rido que existe en las materias primas alimentarias, como la cebada y la avena, y afecta la textura y las propiedades nutricionales de los alimentos. La \u03b2-glucanasa es una enzima que puede degradar las mol\u00e9culas de \u03b2-glucano y descomponerlas en componentes m\u00e1s peque\u00f1os para mejorar el rendimiento del procesamiento y la absorci\u00f3n de nutrientes de los alimentos. Por lo general, se agrega al procesar alimentos. Por lo tanto, la diferencia esencial entre ellos es que el primero es un ingrediente de los alimentos y el segundo es una enzima funcional que se utiliza en el procesamiento de alimentos.<\/p>\n","protected":false},"excerpt":{"rendered":"<ul>\n<li>CAS: 9025-70-1<\/li>\n<li>Certificaciones: KOSHER, ISO, HALAL, FSSC 22000, BRC, etc.<\/li>\n<li>Cantidad m\u00ednima de pedido: 1000KG<\/li>\n<li>Caducidad: 2 a\u00f1os<\/li>\n<\/ul>\n","protected":false},"featured_media":5578,"template":"","meta":{"site-sidebar-layout":"default","site-content-layout":"","ast-site-content-layout":"default","site-content-style":"default","site-sidebar-style":"default","ast-global-header-display":"","ast-banner-title-visibility":"","ast-main-header-display":"","ast-hfb-above-header-display":"","ast-hfb-below-header-display":"","ast-hfb-mobile-header-display":"","site-post-title":"","ast-breadcrumbs-content":"","ast-featured-img":"","footer-sml-layout":"","theme-transparent-header-meta":"default","adv-header-id-meta":"","stick-header-meta":"","header-above-stick-meta":"","header-main-stick-meta":"","header-below-stick-meta":"","astra-migrate-meta-layouts":"set","ast-page-background-enabled":"default","ast-page-background-meta":{"desktop":{"background-color":"var(--ast-global-color-4)","background-image":"","background-repeat":"repeat","background-position":"center center","background-size":"auto","background-attachment":"scroll","background-type":"","background-media":"","overlay-type":"","overlay-color":"","overlay-opacity":"","overlay-gradient":""},"tablet":{"background-color":"","background-image":"","background-repeat":"repeat","background-position":"center center","background-size":"auto","background-attachment":"scroll","background-type":"","background-media":"","overlay-type":"","overlay-color":"","overlay-opacity":"","overlay-gradient":""},"mobile":{"background-color":"","background-image":"","background-repeat":"repeat","background-position":"center center","background-size":"auto","background-attachment":"scroll","background-type":"","background-media":"","overlay-type":"","overlay-color":"","overlay-opacity":"","overlay-gradient":""}},"ast-content-background-meta":{"desktop":{"background-color":"var(--ast-global-color-5)","background-image":"","background-repeat":"repeat","background-position":"center center","background-size":"auto","background-attachment":"scroll","background-type":"","background-media":"","overlay-type":"","overlay-color":"","overlay-opacity":"","overlay-gradient":""},"tablet":{"background-color":"var(--ast-global-color-5)","background-image":"","background-repeat":"repeat","background-position":"center center","background-size":"auto","background-attachment":"scroll","background-type":"","background-media":"","overlay-type":"","overlay-color":"","overlay-opacity":"","overlay-gradient":""},"mobile":{"background-color":"var(--ast-global-color-5)","background-image":"","background-repeat":"repeat","background-position":"center center","background-size":"auto","background-attachment":"scroll","background-type":"","background-media":"","overlay-type":"","overlay-color":"","overlay-opacity":"","overlay-gradient":""}}},"product_brand":[],"product_cat":[92],"product_tag":[],"class_list":{"0":"post-9736","1":"product","2":"type-product","3":"status-publish","4":"has-post-thumbnail","6":"product_cat-otros-ingredientes-alimentarios-producto","7":"desktop-align-center","8":"tablet-align-left","9":"mobile-align-left","11":"first","12":"instock","13":"shipping-taxable","14":"product-type-simple"},"yoast_head":"<!-- This site is optimized with the Yoast SEO plugin v26.5 - https:\/\/yoast.com\/wordpress\/plugins\/seo\/ -->\n<title>Proveedor de Polvo de Beta Glucanasa, \u03b2-glucanasa (CAS 9025-70-1) | Niranbio Chemical<\/title>\n<meta name=\"description\" content=\"Nuestra \u03b2-glucanasa tiene un aspecto de polvo amarillento o marr\u00f3n y tiene una amplia gama de aplicaciones en las industrias de alimentos y aditivos para piensos.\" \/>\n<meta name=\"robots\" content=\"noindex, follow, max-snippet:-1, max-image-preview:large, max-video-preview:-1\" \/>\n<meta name=\"twitter:label1\" content=\"Tiempo de lectura\" \/>\n\t<meta name=\"twitter:data1\" content=\"4 minutos\" \/>\n<script type=\"application\/ld+json\" class=\"yoast-schema-graph\">{\"@context\":\"https:\/\/schema.org\",\"@graph\":[{\"@type\":\"WebPage\",\"@id\":\"https:\/\/theo.niranbio.com\/es\/%CE%B2-glucanasa.html\",\"url\":\"https:\/\/theo.niranbio.com\/es\/%CE%B2-glucanasa.html\",\"name\":\"Proveedor de Polvo de Beta Glucanasa, \u03b2-glucanasa (CAS 9025-70-1) | Niranbio Chemical\",\"isPartOf\":{\"@id\":\"https:\/\/theo.niranbio.com\/es\/#website\"},\"primaryImageOfPage\":{\"@id\":\"https:\/\/theo.niranbio.com\/es\/%CE%B2-glucanasa.html#primaryimage\"},\"image\":{\"@id\":\"https:\/\/theo.niranbio.com\/es\/%CE%B2-glucanasa.html#primaryimage\"},\"thumbnailUrl\":\"https:\/\/theo.niranbio.com\/wp-content\/uploads\/2024\/06\/Beta-Glucanase.webp\",\"datePublished\":\"2024-06-20T05:21:11+00:00\",\"dateModified\":\"2024-08-15T10:36:32+00:00\",\"description\":\"Nuestra \u03b2-glucanasa tiene un aspecto de polvo amarillento o marr\u00f3n y tiene una amplia gama de aplicaciones en las industrias de alimentos y aditivos para piensos.\",\"breadcrumb\":{\"@id\":\"https:\/\/theo.niranbio.com\/es\/%CE%B2-glucanasa.html#breadcrumb\"},\"inLanguage\":\"es\",\"potentialAction\":[{\"@type\":\"ReadAction\",\"target\":[\"https:\/\/theo.niranbio.com\/es\/%CE%B2-glucanasa.html\"]}]},{\"@type\":\"ImageObject\",\"inLanguage\":\"es\",\"@id\":\"https:\/\/theo.niranbio.com\/es\/%CE%B2-glucanasa.html#primaryimage\",\"url\":\"https:\/\/theo.niranbio.com\/wp-content\/uploads\/2024\/06\/Beta-Glucanase.webp\",\"contentUrl\":\"https:\/\/theo.niranbio.com\/wp-content\/uploads\/2024\/06\/Beta-Glucanase.webp\",\"width\":600,\"height\":600,\"caption\":\"Beta glucanasa\"},{\"@type\":\"BreadcrumbList\",\"@id\":\"https:\/\/theo.niranbio.com\/es\/%CE%B2-glucanasa.html#breadcrumb\",\"itemListElement\":[{\"@type\":\"ListItem\",\"position\":1,\"name\":\"Home\",\"item\":\"https:\/\/theo.niranbio.com\/es\/\"},{\"@type\":\"ListItem\",\"position\":2,\"name\":\"Productos\",\"item\":\"https:\/\/theo.niranbio.com\/es\/productos.html\"},{\"@type\":\"ListItem\",\"position\":3,\"name\":\"Otros Ingredientes Alimentarios\",\"item\":\"https:\/\/theo.niranbio.com\/es\/otros-ingredientes-alimentarios-producto\/\"},{\"@type\":\"ListItem\",\"position\":4,\"name\":\"\u03b2\u2013glucanasa\"}]},{\"@type\":\"WebSite\",\"@id\":\"https:\/\/theo.niranbio.com\/es\/#website\",\"url\":\"https:\/\/theo.niranbio.com\/es\/\",\"name\":\"Niranbio Chemical\",\"description\":\"\",\"publisher\":{\"@id\":\"https:\/\/theo.niranbio.com\/es\/#organization\"},\"potentialAction\":[{\"@type\":\"SearchAction\",\"target\":{\"@type\":\"EntryPoint\",\"urlTemplate\":\"https:\/\/theo.niranbio.com\/es\/?s={search_term_string}\"},\"query-input\":{\"@type\":\"PropertyValueSpecification\",\"valueRequired\":true,\"valueName\":\"search_term_string\"}}],\"inLanguage\":\"es\"},{\"@type\":\"Organization\",\"@id\":\"https:\/\/theo.niranbio.com\/es\/#organization\",\"name\":\"Niranbio Chemical\",\"url\":\"https:\/\/theo.niranbio.com\/es\/\",\"logo\":{\"@type\":\"ImageObject\",\"inLanguage\":\"es\",\"@id\":\"https:\/\/theo.niranbio.com\/es\/#\/schema\/logo\/image\/\",\"url\":\"https:\/\/theo.niranbio.com\/wp-content\/uploads\/2024\/06\/Niranbio.png\",\"contentUrl\":\"https:\/\/theo.niranbio.com\/wp-content\/uploads\/2024\/06\/Niranbio.png\",\"width\":270,\"height\":100,\"caption\":\"Niranbio Chemical\"},\"image\":{\"@id\":\"https:\/\/theo.niranbio.com\/es\/#\/schema\/logo\/image\/\"}}]}<\/script>\n<!-- \/ Yoast SEO plugin. -->","yoast_head_json":{"title":"Proveedor de Polvo de Beta Glucanasa, \u03b2-glucanasa (CAS 9025-70-1) | Niranbio Chemical","description":"Nuestra \u03b2-glucanasa tiene un aspecto de polvo amarillento o marr\u00f3n y tiene una amplia gama de aplicaciones en las industrias de alimentos y aditivos para piensos.","robots":{"index":"noindex","follow":"follow","max-snippet":"max-snippet:-1","max-image-preview":"max-image-preview:large","max-video-preview":"max-video-preview:-1"},"twitter_misc":{"Tiempo de lectura":"4 minutos"},"schema":{"@context":"https:\/\/schema.org","@graph":[{"@type":"WebPage","@id":"https:\/\/theo.niranbio.com\/es\/%CE%B2-glucanasa.html","url":"https:\/\/theo.niranbio.com\/es\/%CE%B2-glucanasa.html","name":"Proveedor de Polvo de Beta Glucanasa, \u03b2-glucanasa (CAS 9025-70-1) | Niranbio Chemical","isPartOf":{"@id":"https:\/\/theo.niranbio.com\/es\/#website"},"primaryImageOfPage":{"@id":"https:\/\/theo.niranbio.com\/es\/%CE%B2-glucanasa.html#primaryimage"},"image":{"@id":"https:\/\/theo.niranbio.com\/es\/%CE%B2-glucanasa.html#primaryimage"},"thumbnailUrl":"https:\/\/theo.niranbio.com\/wp-content\/uploads\/2024\/06\/Beta-Glucanase.webp","datePublished":"2024-06-20T05:21:11+00:00","dateModified":"2024-08-15T10:36:32+00:00","description":"Nuestra \u03b2-glucanasa tiene un aspecto de polvo amarillento o marr\u00f3n y tiene una amplia gama de aplicaciones en las industrias de alimentos y aditivos para piensos.","breadcrumb":{"@id":"https:\/\/theo.niranbio.com\/es\/%CE%B2-glucanasa.html#breadcrumb"},"inLanguage":"es","potentialAction":[{"@type":"ReadAction","target":["https:\/\/theo.niranbio.com\/es\/%CE%B2-glucanasa.html"]}]},{"@type":"ImageObject","inLanguage":"es","@id":"https:\/\/theo.niranbio.com\/es\/%CE%B2-glucanasa.html#primaryimage","url":"https:\/\/theo.niranbio.com\/wp-content\/uploads\/2024\/06\/Beta-Glucanase.webp","contentUrl":"https:\/\/theo.niranbio.com\/wp-content\/uploads\/2024\/06\/Beta-Glucanase.webp","width":600,"height":600,"caption":"Beta glucanasa"},{"@type":"BreadcrumbList","@id":"https:\/\/theo.niranbio.com\/es\/%CE%B2-glucanasa.html#breadcrumb","itemListElement":[{"@type":"ListItem","position":1,"name":"Home","item":"https:\/\/theo.niranbio.com\/es\/"},{"@type":"ListItem","position":2,"name":"Productos","item":"https:\/\/theo.niranbio.com\/es\/productos.html"},{"@type":"ListItem","position":3,"name":"Otros Ingredientes Alimentarios","item":"https:\/\/theo.niranbio.com\/es\/otros-ingredientes-alimentarios-producto\/"},{"@type":"ListItem","position":4,"name":"\u03b2\u2013glucanasa"}]},{"@type":"WebSite","@id":"https:\/\/theo.niranbio.com\/es\/#website","url":"https:\/\/theo.niranbio.com\/es\/","name":"Niranbio Chemical","description":"","publisher":{"@id":"https:\/\/theo.niranbio.com\/es\/#organization"},"potentialAction":[{"@type":"SearchAction","target":{"@type":"EntryPoint","urlTemplate":"https:\/\/theo.niranbio.com\/es\/?s={search_term_string}"},"query-input":{"@type":"PropertyValueSpecification","valueRequired":true,"valueName":"search_term_string"}}],"inLanguage":"es"},{"@type":"Organization","@id":"https:\/\/theo.niranbio.com\/es\/#organization","name":"Niranbio Chemical","url":"https:\/\/theo.niranbio.com\/es\/","logo":{"@type":"ImageObject","inLanguage":"es","@id":"https:\/\/theo.niranbio.com\/es\/#\/schema\/logo\/image\/","url":"https:\/\/theo.niranbio.com\/wp-content\/uploads\/2024\/06\/Niranbio.png","contentUrl":"https:\/\/theo.niranbio.com\/wp-content\/uploads\/2024\/06\/Niranbio.png","width":270,"height":100,"caption":"Niranbio Chemical"},"image":{"@id":"https:\/\/theo.niranbio.com\/es\/#\/schema\/logo\/image\/"}}]}},"_links":{"self":[{"href":"https:\/\/theo.niranbio.com\/es\/wp-json\/wp\/v2\/product\/9736","targetHints":{"allow":["GET"]}}],"collection":[{"href":"https:\/\/theo.niranbio.com\/es\/wp-json\/wp\/v2\/product"}],"about":[{"href":"https:\/\/theo.niranbio.com\/es\/wp-json\/wp\/v2\/types\/product"}],"version-history":[{"count":0,"href":"https:\/\/theo.niranbio.com\/es\/wp-json\/wp\/v2\/product\/9736\/revisions"}],"wp:featuredmedia":[{"embeddable":true,"href":"https:\/\/theo.niranbio.com\/es\/wp-json\/wp\/v2\/media\/5578"}],"wp:attachment":[{"href":"https:\/\/theo.niranbio.com\/es\/wp-json\/wp\/v2\/media?parent=9736"}],"wp:term":[{"taxonomy":"product_brand","embeddable":true,"href":"https:\/\/theo.niranbio.com\/es\/wp-json\/wp\/v2\/product_brand?post=9736"},{"taxonomy":"product_cat","embeddable":true,"href":"https:\/\/theo.niranbio.com\/es\/wp-json\/wp\/v2\/product_cat?post=9736"},{"taxonomy":"product_tag","embeddable":true,"href":"https:\/\/theo.niranbio.com\/es\/wp-json\/wp\/v2\/product_tag?post=9736"}],"curies":[{"name":"wp","href":"https:\/\/api.w.org\/{rel}","templated":true}]}}