{"id":9728,"date":"2024-06-20T09:47:14","date_gmt":"2024-06-20T01:47:14","guid":{"rendered":"https:\/\/theo.niranbio.com\/propionato-de-calcio\/"},"modified":"2024-08-15T14:58:13","modified_gmt":"2024-08-15T06:58:13","slug":"propionato-de-calcio","status":"publish","type":"product","link":"https:\/\/theo.niranbio.com\/es\/propionato-de-calcio.html","title":{"rendered":"Propionato de calcio"},"content":{"rendered":"<h2><span class=\"ez-toc-section\" id=\"%C2%BFQue_es_el_propionato_de_calcio\"><\/span>\u00bfQu\u00e9 es el propionato de calcio?<span class=\"ez-toc-section-end\"><\/span><\/h2>\n<p>El propionato de calcio aparece como part\u00edculas o polvo cristalino blanco con un ligero olor distintivo, que absorbe f\u00e1cilmente la humedad en condiciones h\u00famedas. Presenta propiedades antibacterianas de amplio espectro contra mohos, levaduras y bacterias, lo que lo hace adecuado para su uso como conservante en pan y pasteles.<\/p>\n<p>Su eficacia como conservante aumenta con la disminuci\u00f3n de los niveles de pH. El propionato de calcio se considera casi no t\u00f3xico para los humanos y se puede utilizar como conservante en cosm\u00e9ticos, con una concentraci\u00f3n m\u00e1xima permitida del 2 % (en t\u00e9rminos de \u00e1cido propi\u00f3nico).<\/p>\n<p>En la industria, el hidr\u00f3xido de calcio se utiliza generalmente como materia prima, se a\u00f1ade \u00e1cido propi\u00f3nico y la temperatura se mantiene a 70-100 \u2103, y la reacci\u00f3n se deja reaccionar durante 2-3 horas. El valor de pH al final de la reacci\u00f3n se controla a 7-8, y finalmente, el material de reacci\u00f3n se filtra y se seca para obtener el producto terminado.<\/p>\n<h2><span class=\"ez-toc-section\" id=\"Parametros_relacionados\"><\/span>Par\u00e1metros relacionados:<span class=\"ez-toc-section-end\"><\/span><\/h2>\n<table>\n<tbody>\n<tr>\n<td><strong>Especificaci\u00f3n<\/strong><\/td>\n<td><strong>GB 25548-2010<\/strong><\/td>\n<td><strong>FCC V<\/strong><\/td>\n<\/tr>\n<tr>\n<td>Contenido (propionato c\u00e1lcico) c\/% \u2265<\/td>\n<td>99.0<\/td>\n<td>98-100.5<\/td>\n<\/tr>\n<tr>\n<td>Valor PH\uff0850g\/L,25\u2103\uff09<\/td>\n<td>&#8212;<\/td>\n<td>7.5-10.5<\/td>\n<\/tr>\n<tr>\n<td>Sustancias insolubles en agua con \u2264%.<\/td>\n<td>0.3<\/td>\n<td>0.2<\/td>\n<\/tr>\n<tr>\n<td>P\u00e9rdida por desecaci\u00f3n, p\/% \u2264 1,5<\/td>\n<td>9.5<\/td>\n<td>5.0<\/td>\n<\/tr>\n<tr>\n<td>Fluoruro(F),mg\/kg \u2264<\/td>\n<td>30<\/td>\n<td>30<\/td>\n<\/tr>\n<tr>\n<td>Fundici\u00f3n pesada (Pb),mg\/kg \u2264<\/td>\n<td>10<\/td>\n<td>2<\/td>\n<\/tr>\n<tr>\n<td>Ars\u00e9nico (As), c\/% \u2264<\/td>\n<td>3<\/td>\n<td>&#8212;<\/td>\n<\/tr>\n<tr>\n<td>Magnesio (MgO),mg\/kg \u2264<\/td>\n<td>&#8212;<\/td>\n<td>Prueba superada<\/td>\n<\/tr>\n<tr>\n<td>Hierro(Fe),mg\/kg \u2264<\/td>\n<td>50<\/td>\n<td>&#8212;<\/td>\n<\/tr>\n<tr>\n<td>Experimentos de \u00e1cido libre o base libre<\/td>\n<td>Prueba superada<\/td>\n<td>&#8212;<\/td>\n<\/tr>\n<\/tbody>\n<\/table>\n<h2><span class=\"ez-toc-section\" id=\"Dosis_recomendada\"><\/span>Dosis recomendada<span class=\"ez-toc-section-end\"><\/span><\/h2>\n<table>\n<tbody>\n<tr>\n<td><strong>Nombre del alimento<\/strong><\/td>\n<td><strong>Uso m\u00e1ximo (g\/kg)<\/strong><\/td>\n<\/tr>\n<tr>\n<td>Productos de panader\u00eda<\/td>\n<td>0,1 &#8211; 0,5 g\/kg<\/td>\n<\/tr>\n<tr>\n<td>Bebidas<\/td>\n<td>0,1 &#8211; 0,3 g\/kg<\/td>\n<\/tr>\n<tr>\n<td>Queso<\/td>\n<td>1 &#8211; 3 g\/kg<\/td>\n<\/tr>\n<tr>\n<td>Salchichas<\/td>\n<td>1 &#8211; 2 g\/kg<\/td>\n<\/tr>\n<tr>\n<td>Carnes fr\u00edas<\/td>\n<td>0,5 &#8211; 1 g\/kg<\/td>\n<\/tr>\n<tr>\n<td>Chocolates<\/td>\n<td>0,1 &#8211; 0,5 g\/kg<\/td>\n<\/tr>\n<tr>\n<td>Caramelos<\/td>\n<td>Caramelos<\/td>\n<\/tr>\n<tr>\n<td>Patatas fritas<\/td>\n<td>Patatas fritas<\/td>\n<\/tr>\n<tr>\n<td>Galletas<\/td>\n<td>0,1 &#8211; 0,3 g\/kg<\/td>\n<\/tr>\n<\/tbody>\n<\/table>\n<h2><span class=\"ez-toc-section\" id=\"El_propionato_de_calcio_tiene_una_amplia_gama_de_usos\"><\/span>El propionato de calcio tiene una amplia gama de usos<span class=\"ez-toc-section-end\"><\/span><\/h2>\n<p>1. El propionato de calcio act\u00faa como un eficaz agente antimoho en alimentos y piensos, y tambi\u00e9n como conservante para pan y pasteles. Se mezcla perfectamente con la harina, lo que garantiza una distribuci\u00f3n uniforme. M\u00e1s all\u00e1 de su funci\u00f3n en la conservaci\u00f3n, tambi\u00e9n enriquece los alimentos con calcio esencial, lo que refuerza su valor nutricional para los consumidores.<\/p>\n<p>2. El propionato de calcio inhibe el moho y los bacilos aer\u00f3bicos, que causan sustancias pegajosas en el pan, pero no inhibe la levadura.<\/p>\n<p>3. Combate eficazmente el moho, las bacterias aer\u00f3bicas productoras de esporas, las bacterias gramnegativas, las aflatoxinas y otros contaminantes en sustancias ricas en almid\u00f3n, prote\u00ednas y oleosas, mostrando cualidades distintivas antimoho y conservantes.<\/p>\n<p>4. Es un inhibidor de moho novedoso, seguro, eficiente y de amplio espectro para alimentos y piensos, aplicable en el procesamiento de alimentos, la elaboraci\u00f3n de cerveza, la producci\u00f3n de piensos y las preparaciones de medicina china.<\/p>\n<p>5. Como aditivo para piensos, el propionato de calcio inhibe eficazmente el crecimiento de moho en los piensos y extiende su vida \u00fatil. Cuando se combina con otras sales inorg\u00e1nicas, puede aumentar el apetito del ganado y estimular la producci\u00f3n de leche en las vacas lecheras. La baja volatilidad del propionato de calcio, su alta resistencia a la temperatura y su excelente adaptabilidad a los animales lo hacen muy adecuado para su uso en varios tipos de piensos.<\/p>\n<p>6. El propionato de calcio tambi\u00e9n se puede utilizar como aditivo en la pasta de dientes y los cosm\u00e9ticos, y act\u00faa eficazmente como conservante.<\/p>\n<h2><span class=\"ez-toc-section\" id=\"El_usuario_hizo_la_pregunta\"><\/span>El usuario hizo la pregunta:<span class=\"ez-toc-section-end\"><\/span><\/h2>\n<p>Pregunta: \u00bfC\u00f3mo se utiliza correctamente el propionato de calcio?<\/p>\n<p>Respuesta: Cuando se utiliza propionato de calcio, se debe dosificar con precisi\u00f3n de acuerdo con las necesidades del producto espec\u00edfico y los requisitos reglamentarios para garantizar que se logren el efecto antis\u00e9ptico esperado y los est\u00e1ndares de seguridad. La formulaci\u00f3n del producto y el control del pH durante el procesamiento tambi\u00e9n son factores importantes que afectan el efecto del uso.<\/p>\n<p>Pregunta: \u00bfC\u00f3mo almacenar eficazmente el propionato de calcio?<\/p>\n<p>Respuesta: El producto debe almacenarse en un lugar fresco, seco y bien ventilado, evitando la luz solar directa y la humedad. El recipiente de almacenamiento debe estar bien sellado para evitar la contaminaci\u00f3n por aire, polvo y olores. Recuerde lavarse las manos al usarlo y usar una cuchara limpia para sacar una cantidad adecuada de propionato de calcio para evitar el contacto directo con las manos.<\/p>\n","protected":false},"excerpt":{"rendered":"<ul>\n<li>CAS: 4075-81-4<\/li>\n<li>F\u00f3rmula qu\u00edmica: C<sub>6<\/sub>H<sub>12<\/sub>CaO<sub>4<\/sub><\/li>\n<li>Certificaci\u00f3n: KOSHER, ISO, HALAL, FSSC22000, BRC, etc.<\/li>\n<li>Est\u00e1ndar: GB25548-2010\/FCC\/E282<\/li>\n<li>MOQ: 1MT<\/li>\n<li>Caducidad: 2 a\u00f1os<\/li>\n<\/ul>\n","protected":false},"featured_media":5855,"template":"","meta":{"site-sidebar-layout":"default","site-content-layout":"","ast-site-content-layout":"default","site-content-style":"default","site-sidebar-style":"default","ast-global-header-display":"","ast-banner-title-visibility":"","ast-main-header-display":"","ast-hfb-above-header-display":"","ast-hfb-below-header-display":"","ast-hfb-mobile-header-display":"","site-post-title":"","ast-breadcrumbs-content":"","ast-featured-img":"","footer-sml-layout":"","theme-transparent-header-meta":"default","adv-header-id-meta":"","stick-header-meta":"","header-above-stick-meta":"","header-main-stick-meta":"","header-below-stick-meta":"","astra-migrate-meta-layouts":"set","ast-page-background-enabled":"default","ast-page-background-meta":{"desktop":{"background-color":"var(--ast-global-color-4)","background-image":"","background-repeat":"repeat","background-position":"center center","background-size":"auto","background-attachment":"scroll","background-type":"","background-media":"","overlay-type":"","overlay-color":"","overlay-opacity":"","overlay-gradient":""},"tablet":{"background-color":"","background-image":"","background-repeat":"repeat","background-position":"center center","background-size":"auto","background-attachment":"scroll","background-type":"","background-media":"","overlay-type":"","overlay-color":"","overlay-opacity":"","overlay-gradient":""},"mobile":{"background-color":"","background-image":"","background-repeat":"repeat","background-position":"center center","background-size":"auto","background-attachment":"scroll","background-type":"","background-media":"","overlay-type":"","overlay-color":"","overlay-opacity":"","overlay-gradient":""}},"ast-content-background-meta":{"desktop":{"background-color":"var(--ast-global-color-5)","background-image":"","background-repeat":"repeat","background-position":"center center","background-size":"auto","background-attachment":"scroll","background-type":"","background-media":"","overlay-type":"","overlay-color":"","overlay-opacity":"","overlay-gradient":""},"tablet":{"background-color":"var(--ast-global-color-5)","background-image":"","background-repeat":"repeat","background-position":"center center","background-size":"auto","background-attachment":"scroll","background-type":"","background-media":"","overlay-type":"","overlay-color":"","overlay-opacity":"","overlay-gradient":""},"mobile":{"background-color":"var(--ast-global-color-5)","background-image":"","background-repeat":"repeat","background-position":"center center","background-size":"auto","background-attachment":"scroll","background-type":"","background-media":"","overlay-type":"","overlay-color":"","overlay-opacity":"","overlay-gradient":""}}},"product_brand":[],"product_cat":[94],"product_tag":[],"class_list":{"0":"post-9728","1":"product","2":"type-product","3":"status-publish","4":"has-post-thumbnail","6":"product_cat-producto-conservante","7":"desktop-align-center","8":"tablet-align-left","9":"mobile-align-left","11":"first","12":"instock","13":"shipping-taxable","14":"product-type-simple"},"yoast_head":"<!-- This site is optimized with the Yoast SEO plugin v26.5 - https:\/\/yoast.com\/wordpress\/plugins\/seo\/ -->\n<title>Propionato Calcio E282, Compra Propionato de Calcio Aditivo | Niranbio Chemical<\/title>\n<meta name=\"description\" content=\"Nuestro propionato de calcio en polvo aparece como part\u00edculas cristalinas blancas o polvo con un ligero olor distintivo, adecuado para su uso como conservante en pan y pasteles.\" \/>\n<meta name=\"robots\" content=\"noindex, follow, max-snippet:-1, max-image-preview:large, max-video-preview:-1\" \/>\n<meta name=\"twitter:label1\" content=\"Tiempo de lectura\" \/>\n\t<meta name=\"twitter:data1\" content=\"4 minutos\" \/>\n<script type=\"application\/ld+json\" class=\"yoast-schema-graph\">{\"@context\":\"https:\/\/schema.org\",\"@graph\":[{\"@type\":\"WebPage\",\"@id\":\"https:\/\/theo.niranbio.com\/es\/propionato-de-calcio.html\",\"url\":\"https:\/\/theo.niranbio.com\/es\/propionato-de-calcio.html\",\"name\":\"Propionato Calcio E282, Compra Propionato de Calcio Aditivo | Niranbio Chemical\",\"isPartOf\":{\"@id\":\"https:\/\/theo.niranbio.com\/es\/#website\"},\"primaryImageOfPage\":{\"@id\":\"https:\/\/theo.niranbio.com\/es\/propionato-de-calcio.html#primaryimage\"},\"image\":{\"@id\":\"https:\/\/theo.niranbio.com\/es\/propionato-de-calcio.html#primaryimage\"},\"thumbnailUrl\":\"https:\/\/theo.niranbio.com\/wp-content\/uploads\/2024\/06\/Calcium-Propionate.webp\",\"datePublished\":\"2024-06-20T01:47:14+00:00\",\"dateModified\":\"2024-08-15T06:58:13+00:00\",\"description\":\"Nuestro propionato de calcio en polvo aparece como part\u00edculas cristalinas blancas o polvo con un ligero olor distintivo, adecuado para su uso como conservante en pan y pasteles.\",\"breadcrumb\":{\"@id\":\"https:\/\/theo.niranbio.com\/es\/propionato-de-calcio.html#breadcrumb\"},\"inLanguage\":\"es\",\"potentialAction\":[{\"@type\":\"ReadAction\",\"target\":[\"https:\/\/theo.niranbio.com\/es\/propionato-de-calcio.html\"]}]},{\"@type\":\"ImageObject\",\"inLanguage\":\"es\",\"@id\":\"https:\/\/theo.niranbio.com\/es\/propionato-de-calcio.html#primaryimage\",\"url\":\"https:\/\/theo.niranbio.com\/wp-content\/uploads\/2024\/06\/Calcium-Propionate.webp\",\"contentUrl\":\"https:\/\/theo.niranbio.com\/wp-content\/uploads\/2024\/06\/Calcium-Propionate.webp\",\"width\":600,\"height\":600,\"caption\":\"Propionato de calcio\"},{\"@type\":\"BreadcrumbList\",\"@id\":\"https:\/\/theo.niranbio.com\/es\/propionato-de-calcio.html#breadcrumb\",\"itemListElement\":[{\"@type\":\"ListItem\",\"position\":1,\"name\":\"Home\",\"item\":\"https:\/\/theo.niranbio.com\/es\/\"},{\"@type\":\"ListItem\",\"position\":2,\"name\":\"Productos\",\"item\":\"https:\/\/theo.niranbio.com\/es\/productos.html\"},{\"@type\":\"ListItem\",\"position\":3,\"name\":\"Conservante\",\"item\":\"https:\/\/theo.niranbio.com\/es\/producto-conservante\/\"},{\"@type\":\"ListItem\",\"position\":4,\"name\":\"Propionato de calcio\"}]},{\"@type\":\"WebSite\",\"@id\":\"https:\/\/theo.niranbio.com\/es\/#website\",\"url\":\"https:\/\/theo.niranbio.com\/es\/\",\"name\":\"Niranbio Chemical\",\"description\":\"\",\"publisher\":{\"@id\":\"https:\/\/theo.niranbio.com\/es\/#organization\"},\"potentialAction\":[{\"@type\":\"SearchAction\",\"target\":{\"@type\":\"EntryPoint\",\"urlTemplate\":\"https:\/\/theo.niranbio.com\/es\/?s={search_term_string}\"},\"query-input\":{\"@type\":\"PropertyValueSpecification\",\"valueRequired\":true,\"valueName\":\"search_term_string\"}}],\"inLanguage\":\"es\"},{\"@type\":\"Organization\",\"@id\":\"https:\/\/theo.niranbio.com\/es\/#organization\",\"name\":\"Niranbio Chemical\",\"url\":\"https:\/\/theo.niranbio.com\/es\/\",\"logo\":{\"@type\":\"ImageObject\",\"inLanguage\":\"es\",\"@id\":\"https:\/\/theo.niranbio.com\/es\/#\/schema\/logo\/image\/\",\"url\":\"https:\/\/theo.niranbio.com\/wp-content\/uploads\/2024\/06\/Niranbio.png\",\"contentUrl\":\"https:\/\/theo.niranbio.com\/wp-content\/uploads\/2024\/06\/Niranbio.png\",\"width\":270,\"height\":100,\"caption\":\"Niranbio Chemical\"},\"image\":{\"@id\":\"https:\/\/theo.niranbio.com\/es\/#\/schema\/logo\/image\/\"}}]}<\/script>\n<!-- \/ Yoast SEO plugin. -->","yoast_head_json":{"title":"Propionato Calcio E282, Compra Propionato de Calcio Aditivo | Niranbio Chemical","description":"Nuestro propionato de calcio en polvo aparece como part\u00edculas cristalinas blancas o polvo con un ligero olor distintivo, adecuado para su uso como conservante en pan y pasteles.","robots":{"index":"noindex","follow":"follow","max-snippet":"max-snippet:-1","max-image-preview":"max-image-preview:large","max-video-preview":"max-video-preview:-1"},"twitter_misc":{"Tiempo de lectura":"4 minutos"},"schema":{"@context":"https:\/\/schema.org","@graph":[{"@type":"WebPage","@id":"https:\/\/theo.niranbio.com\/es\/propionato-de-calcio.html","url":"https:\/\/theo.niranbio.com\/es\/propionato-de-calcio.html","name":"Propionato Calcio E282, Compra Propionato de Calcio Aditivo | Niranbio Chemical","isPartOf":{"@id":"https:\/\/theo.niranbio.com\/es\/#website"},"primaryImageOfPage":{"@id":"https:\/\/theo.niranbio.com\/es\/propionato-de-calcio.html#primaryimage"},"image":{"@id":"https:\/\/theo.niranbio.com\/es\/propionato-de-calcio.html#primaryimage"},"thumbnailUrl":"https:\/\/theo.niranbio.com\/wp-content\/uploads\/2024\/06\/Calcium-Propionate.webp","datePublished":"2024-06-20T01:47:14+00:00","dateModified":"2024-08-15T06:58:13+00:00","description":"Nuestro propionato de calcio en polvo aparece como part\u00edculas cristalinas blancas o polvo con un ligero olor distintivo, adecuado para su uso como conservante en pan y pasteles.","breadcrumb":{"@id":"https:\/\/theo.niranbio.com\/es\/propionato-de-calcio.html#breadcrumb"},"inLanguage":"es","potentialAction":[{"@type":"ReadAction","target":["https:\/\/theo.niranbio.com\/es\/propionato-de-calcio.html"]}]},{"@type":"ImageObject","inLanguage":"es","@id":"https:\/\/theo.niranbio.com\/es\/propionato-de-calcio.html#primaryimage","url":"https:\/\/theo.niranbio.com\/wp-content\/uploads\/2024\/06\/Calcium-Propionate.webp","contentUrl":"https:\/\/theo.niranbio.com\/wp-content\/uploads\/2024\/06\/Calcium-Propionate.webp","width":600,"height":600,"caption":"Propionato de calcio"},{"@type":"BreadcrumbList","@id":"https:\/\/theo.niranbio.com\/es\/propionato-de-calcio.html#breadcrumb","itemListElement":[{"@type":"ListItem","position":1,"name":"Home","item":"https:\/\/theo.niranbio.com\/es\/"},{"@type":"ListItem","position":2,"name":"Productos","item":"https:\/\/theo.niranbio.com\/es\/productos.html"},{"@type":"ListItem","position":3,"name":"Conservante","item":"https:\/\/theo.niranbio.com\/es\/producto-conservante\/"},{"@type":"ListItem","position":4,"name":"Propionato de calcio"}]},{"@type":"WebSite","@id":"https:\/\/theo.niranbio.com\/es\/#website","url":"https:\/\/theo.niranbio.com\/es\/","name":"Niranbio Chemical","description":"","publisher":{"@id":"https:\/\/theo.niranbio.com\/es\/#organization"},"potentialAction":[{"@type":"SearchAction","target":{"@type":"EntryPoint","urlTemplate":"https:\/\/theo.niranbio.com\/es\/?s={search_term_string}"},"query-input":{"@type":"PropertyValueSpecification","valueRequired":true,"valueName":"search_term_string"}}],"inLanguage":"es"},{"@type":"Organization","@id":"https:\/\/theo.niranbio.com\/es\/#organization","name":"Niranbio Chemical","url":"https:\/\/theo.niranbio.com\/es\/","logo":{"@type":"ImageObject","inLanguage":"es","@id":"https:\/\/theo.niranbio.com\/es\/#\/schema\/logo\/image\/","url":"https:\/\/theo.niranbio.com\/wp-content\/uploads\/2024\/06\/Niranbio.png","contentUrl":"https:\/\/theo.niranbio.com\/wp-content\/uploads\/2024\/06\/Niranbio.png","width":270,"height":100,"caption":"Niranbio Chemical"},"image":{"@id":"https:\/\/theo.niranbio.com\/es\/#\/schema\/logo\/image\/"}}]}},"_links":{"self":[{"href":"https:\/\/theo.niranbio.com\/es\/wp-json\/wp\/v2\/product\/9728","targetHints":{"allow":["GET"]}}],"collection":[{"href":"https:\/\/theo.niranbio.com\/es\/wp-json\/wp\/v2\/product"}],"about":[{"href":"https:\/\/theo.niranbio.com\/es\/wp-json\/wp\/v2\/types\/product"}],"version-history":[{"count":0,"href":"https:\/\/theo.niranbio.com\/es\/wp-json\/wp\/v2\/product\/9728\/revisions"}],"wp:featuredmedia":[{"embeddable":true,"href":"https:\/\/theo.niranbio.com\/es\/wp-json\/wp\/v2\/media\/5855"}],"wp:attachment":[{"href":"https:\/\/theo.niranbio.com\/es\/wp-json\/wp\/v2\/media?parent=9728"}],"wp:term":[{"taxonomy":"product_brand","embeddable":true,"href":"https:\/\/theo.niranbio.com\/es\/wp-json\/wp\/v2\/product_brand?post=9728"},{"taxonomy":"product_cat","embeddable":true,"href":"https:\/\/theo.niranbio.com\/es\/wp-json\/wp\/v2\/product_cat?post=9728"},{"taxonomy":"product_tag","embeddable":true,"href":"https:\/\/theo.niranbio.com\/es\/wp-json\/wp\/v2\/product_tag?post=9728"}],"curies":[{"name":"wp","href":"https:\/\/api.w.org\/{rel}","templated":true}]}}