{"id":9721,"date":"2024-06-20T11:19:16","date_gmt":"2024-06-20T03:19:16","guid":{"rendered":"https:\/\/theo.niranbio.com\/d-glucuronolactona\/"},"modified":"2024-08-15T19:21:13","modified_gmt":"2024-08-15T11:21:13","slug":"d-glucuronolactona","status":"publish","type":"product","link":"https:\/\/theo.niranbio.com\/es\/d-glucuronolactona.html","title":{"rendered":"D-glucuronolactona"},"content":{"rendered":"<h2><span class=\"ez-toc-section\" id=\"%C2%BFQue_es_la_D-glucuronolactona\"><\/span>\u00bfQu\u00e9 es la D-glucuronolactona?<span class=\"ez-toc-section-end\"><\/span><\/h2>\n<p>La D-glucuronolactona es un compuesto org\u00e1nico, un metabolito de la glucosa producido en el h\u00edgado humano y un componente importante del tejido conectivo. Tiene el aspecto de un polvo blanco y se disuelve f\u00e1cilmente en agua, metanol y, en menor medida, etanol. La industria alimentaria, m\u00e9dica y otras industrias lo utilizan ampliamente. El principal proceso de preparaci\u00f3n de la D-glucuronolactona es el m\u00e9todo de oxidaci\u00f3n de la glucosa, que oxida la glucosa para generar \u00e1cido glucur\u00f3nico y luego la cicla para formar D-glucuronolactona. El segundo es el m\u00e9todo del \u00e1cido ac\u00e9tico, que utiliza el \u00e1cido ac\u00e9tico como reactivo de reacci\u00f3n para reaccionar con la glucosa y generar acetato de \u00e1cido D-glucur\u00f3nico, que luego se lactoniza para obtener D-glucuronolactona.<\/p>\n<h2><span class=\"ez-toc-section\" id=\"Dosis_recomendada\"><\/span>Dosis recomendada:<span class=\"ez-toc-section-end\"><\/span><\/h2>\n<table>\n<tbody>\n<tr>\n<td><strong>Nombre del alimento<\/strong><\/td>\n<td><strong>Uso m\u00e1ximo (g\/kg)<\/strong><\/td>\n<\/tr>\n<tr>\n<td>Bebidas energ\u00e9ticas<\/td>\n<td>2-3 g\/kg<\/td>\n<\/tr>\n<tr>\n<td>Bebidas deportivas<\/td>\n<td>1-2 g\/kg<\/td>\n<\/tr>\n<tr>\n<td>Zumos de frutas<\/td>\n<td>0,5-1 g\/kg<\/td>\n<\/tr>\n<tr>\n<td>Barritas de granola<\/td>\n<td>1-2 g\/kg<\/td>\n<\/tr>\n<tr>\n<td>Barritas<\/td>\n<td>1-2 g\/kg<\/td>\n<\/tr>\n<tr>\n<td>Goma de mascar<\/td>\n<td>0,5-1 g\/kg<\/td>\n<\/tr>\n<tr>\n<td>Jaleas<\/td>\n<td>0,5-1 g\/kg<\/td>\n<\/tr>\n<tr>\n<td>Helado<\/td>\n<td>0,5-1 g\/kg<\/td>\n<\/tr>\n<tr>\n<td>Productos de panader\u00eda<\/td>\n<td>0,2-0,5 g\/kg<\/td>\n<\/tr>\n<tr>\n<td>Galletas<\/td>\n<td>0,2-0,5 g\/kg<\/td>\n<\/tr>\n<tr>\n<td>Confiter\u00eda<\/td>\n<td>0,5-1 g\/kg<\/td>\n<\/tr>\n<tr>\n<td>Aderezos para ensaladas<\/td>\n<td>0,2-0,5 g\/kg<\/td>\n<\/tr>\n<tr>\n<td>Salsas y condimentos<\/td>\n<td>0,2-0,5 g\/kg<\/td>\n<\/tr>\n<\/tbody>\n<\/table>\n<h2><span class=\"ez-toc-section\" id=\"La_D-glucuronolactona_tiene_una_amplia_gama_de_usos\"><\/span>La D-glucuronolactona tiene una amplia gama de usos<span class=\"ez-toc-section-end\"><\/span><\/h2>\n<ol>\n<li>Desintoxicaci\u00f3n: la D-glucuronolactona desempe\u00f1a un papel en los procesos de desintoxicaci\u00f3n del cuerpo al combinarse con sustancias t\u00f3xicas, incluidos medicamentos y toxinas ambientales, para formar glucur\u00f3nidos que se excretan en la orina.<\/li>\n<li>Aumento de energ\u00eda: se incluye com\u00fanmente en las bebidas energ\u00e9ticas porque se cree que ayuda a mejorar los niveles de energ\u00eda, reducir la fatiga y mejorar el rendimiento f\u00edsico.<\/li>\n<li>Funci\u00f3n cognitiva: algunos estudios sugieren que la D-glucuronolactona puede ayudar a mejorar la concentraci\u00f3n y la claridad mental, por lo que a menudo se encuentra en suplementos de mejora cognitiva.<\/li>\n<li>Salud del h\u00edgado: promueve la funci\u00f3n hep\u00e1tica saludable y puede proteger al h\u00edgado de los da\u00f1os relacionados con la toxicidad.<\/li>\n<li>Salud de las articulaciones y el tejido conectivo: la D-glucuronolactona es un precursor de la glucosamina, que es importante para mantener las articulaciones y los tejidos conectivos saludables.<\/li>\n<\/ol>\n<h2><span class=\"ez-toc-section\" id=\"Pregunta_del_usuario\"><\/span>Pregunta del usuario:<span class=\"ez-toc-section-end\"><\/span><\/h2>\n<p>Efectos positivos de la D-glucuronolactona<\/p>\n<ul>\n<li>Desintoxicaci\u00f3n: la D-glucuronolactona ayuda a la desintoxicaci\u00f3n ayudando al h\u00edgado a procesar y eliminar toxinas.<\/li>\n<li>Energ\u00eda y estado de alerta: es un ingrediente com\u00fan en las bebidas energ\u00e9ticas porque se cree que ayuda a reducir la fatiga y aumenta los niveles de energ\u00eda. Esto puede mejorar el rendimiento f\u00edsico y el estado de alerta.<\/li>\n<li>Funci\u00f3n cognitiva: la D-glucuronolactona puede ayudar a mantener la funci\u00f3n cognitiva, seg\u00fan algunas investigaciones.<\/li>\n<li>Salud del h\u00edgado: la D-glucuronolactona puede ayudar a preservar la salud del h\u00edgado y protegerlo del da\u00f1o provocado por diferentes toxinas al promover los mecanismos de desintoxicaci\u00f3n.<\/li>\n<li>Salud de las articulaciones y el tejido conectivo: contribuye al mantenimiento de tejidos conectivos y articulaciones fuertes como precursor de la glucosamina, que puede tener efectos positivos en la salud de las articulaciones y la movilidad.<\/li>\n<\/ul>\n<p>Efectos positivos de la D-glucuronolactona Riesgos potenciales y efectos secundarios<\/p>\n<ul>\n<li>Consumo excesivo: consumir grandes cantidades de D-glucuronolactona, especialmente a trav\u00e9s de bebidas energ\u00e9ticas, puede provocar efectos negativos, como insomnio, nerviosismo, dolores de cabeza y trastornos gastrointestinales.<\/li>\n<li>Efectos cardiovasculares: las dosis altas pueden provocar palpitaciones, presi\u00f3n arterial elevada y ritmo card\u00edaco acelerado, especialmente cuando se combinan con otros estimulantes como la cafe\u00edna.<\/li>\n<li>Investigaci\u00f3n limitada: si bien en general se considera segura, los estudios exhaustivos a largo plazo sobre los efectos de la D-glucuronolactona son limitados. Como resultado, el uso extremo o prolongado debe manejarse con cuidado.<\/li>\n<\/ul>\n","protected":false},"excerpt":{"rendered":"<ul>\n<li>CAS: 32449-92-6<\/li>\n<li>F\u00f3rmula qu\u00edmica: C<sub>6<\/sub>H<sub>8<\/sub>O<sub>6<\/sub><\/li>\n<li>Certificaciones: KOSHER, ISO, HALAL, FSSC 22000, BRC, etc.<\/li>\n<li>Cantidad m\u00ednima de pedido: 1000KG<\/li>\n<li>Caducidad: 2 a\u00f1os<\/li>\n<\/ul>\n","protected":false},"featured_media":5767,"template":"","meta":{"site-sidebar-layout":"default","site-content-layout":"","ast-site-content-layout":"default","site-content-style":"default","site-sidebar-style":"default","ast-global-header-display":"","ast-banner-title-visibility":"","ast-main-header-display":"","ast-hfb-above-header-display":"","ast-hfb-below-header-display":"","ast-hfb-mobile-header-display":"","site-post-title":"","ast-breadcrumbs-content":"","ast-featured-img":"","footer-sml-layout":"","theme-transparent-header-meta":"default","adv-header-id-meta":"","stick-header-meta":"","header-above-stick-meta":"","header-main-stick-meta":"","header-below-stick-meta":"","astra-migrate-meta-layouts":"set","ast-page-background-enabled":"default","ast-page-background-meta":{"desktop":{"background-color":"var(--ast-global-color-4)","background-image":"","background-repeat":"repeat","background-position":"center center","background-size":"auto","background-attachment":"scroll","background-type":"","background-media":"","overlay-type":"","overlay-color":"","overlay-opacity":"","overlay-gradient":""},"tablet":{"background-color":"","background-image":"","background-repeat":"repeat","background-position":"center center","background-size":"auto","background-attachment":"scroll","background-type":"","background-media":"","overlay-type":"","overlay-color":"","overlay-opacity":"","overlay-gradient":""},"mobile":{"background-color":"","background-image":"","background-repeat":"repeat","background-position":"center center","background-size":"auto","background-attachment":"scroll","background-type":"","background-media":"","overlay-type":"","overlay-color":"","overlay-opacity":"","overlay-gradient":""}},"ast-content-background-meta":{"desktop":{"background-color":"var(--ast-global-color-5)","background-image":"","background-repeat":"repeat","background-position":"center center","background-size":"auto","background-attachment":"scroll","background-type":"","background-media":"","overlay-type":"","overlay-color":"","overlay-opacity":"","overlay-gradient":""},"tablet":{"background-color":"var(--ast-global-color-5)","background-image":"","background-repeat":"repeat","background-position":"center center","background-size":"auto","background-attachment":"scroll","background-type":"","background-media":"","overlay-type":"","overlay-color":"","overlay-opacity":"","overlay-gradient":""},"mobile":{"background-color":"var(--ast-global-color-5)","background-image":"","background-repeat":"repeat","background-position":"center center","background-size":"auto","background-attachment":"scroll","background-type":"","background-media":"","overlay-type":"","overlay-color":"","overlay-opacity":"","overlay-gradient":""}}},"product_brand":[],"product_cat":[90],"product_tag":[],"class_list":{"0":"post-9721","1":"product","2":"type-product","3":"status-publish","4":"has-post-thumbnail","6":"product_cat-producto-potenciador-de-la-nutricion","7":"desktop-align-center","8":"tablet-align-left","9":"mobile-align-left","11":"first","12":"instock","13":"shipping-taxable","14":"product-type-simple"},"yoast_head":"<!-- This site is optimized with the Yoast SEO plugin v26.5 - https:\/\/yoast.com\/wordpress\/plugins\/seo\/ -->\n<title>Polvo de D-glucuronolactona E575 | Niranbio Chemical<\/title>\n<meta name=\"description\" content=\"Nuestra D-glucuronolactona es un polvo blanco que se disuelve f\u00e1cilmente en agua, metanol y, en menor medida, etanol. Las industrias de alimentos y medicamentos la utilizan ampliamente.\" \/>\n<meta name=\"robots\" content=\"noindex, follow, max-snippet:-1, max-image-preview:large, max-video-preview:-1\" \/>\n<meta name=\"twitter:label1\" content=\"Tiempo de lectura\" \/>\n\t<meta name=\"twitter:data1\" content=\"3 minutos\" \/>\n<script type=\"application\/ld+json\" class=\"yoast-schema-graph\">{\"@context\":\"https:\/\/schema.org\",\"@graph\":[{\"@type\":\"WebPage\",\"@id\":\"https:\/\/theo.niranbio.com\/es\/d-glucuronolactona.html\",\"url\":\"https:\/\/theo.niranbio.com\/es\/d-glucuronolactona.html\",\"name\":\"Polvo de D-glucuronolactona E575 | Niranbio Chemical\",\"isPartOf\":{\"@id\":\"https:\/\/theo.niranbio.com\/es\/#website\"},\"primaryImageOfPage\":{\"@id\":\"https:\/\/theo.niranbio.com\/es\/d-glucuronolactona.html#primaryimage\"},\"image\":{\"@id\":\"https:\/\/theo.niranbio.com\/es\/d-glucuronolactona.html#primaryimage\"},\"thumbnailUrl\":\"https:\/\/theo.niranbio.com\/wp-content\/uploads\/2024\/06\/D-Glucuronolactone.webp\",\"datePublished\":\"2024-06-20T03:19:16+00:00\",\"dateModified\":\"2024-08-15T11:21:13+00:00\",\"description\":\"Nuestra D-glucuronolactona es un polvo blanco que se disuelve f\u00e1cilmente en agua, metanol y, en menor medida, etanol. Las industrias de alimentos y medicamentos la utilizan ampliamente.\",\"breadcrumb\":{\"@id\":\"https:\/\/theo.niranbio.com\/es\/d-glucuronolactona.html#breadcrumb\"},\"inLanguage\":\"es\",\"potentialAction\":[{\"@type\":\"ReadAction\",\"target\":[\"https:\/\/theo.niranbio.com\/es\/d-glucuronolactona.html\"]}]},{\"@type\":\"ImageObject\",\"inLanguage\":\"es\",\"@id\":\"https:\/\/theo.niranbio.com\/es\/d-glucuronolactona.html#primaryimage\",\"url\":\"https:\/\/theo.niranbio.com\/wp-content\/uploads\/2024\/06\/D-Glucuronolactone.webp\",\"contentUrl\":\"https:\/\/theo.niranbio.com\/wp-content\/uploads\/2024\/06\/D-Glucuronolactone.webp\",\"width\":600,\"height\":600,\"caption\":\"D-glucuronolactona\"},{\"@type\":\"BreadcrumbList\",\"@id\":\"https:\/\/theo.niranbio.com\/es\/d-glucuronolactona.html#breadcrumb\",\"itemListElement\":[{\"@type\":\"ListItem\",\"position\":1,\"name\":\"Home\",\"item\":\"https:\/\/theo.niranbio.com\/es\/\"},{\"@type\":\"ListItem\",\"position\":2,\"name\":\"Productos\",\"item\":\"https:\/\/theo.niranbio.com\/es\/productos.html\"},{\"@type\":\"ListItem\",\"position\":3,\"name\":\"Potenciador de la Nutrici\u00f3n\",\"item\":\"https:\/\/theo.niranbio.com\/es\/producto-potenciador-de-la-nutricion\/\"},{\"@type\":\"ListItem\",\"position\":4,\"name\":\"D-glucuronolactona\"}]},{\"@type\":\"WebSite\",\"@id\":\"https:\/\/theo.niranbio.com\/es\/#website\",\"url\":\"https:\/\/theo.niranbio.com\/es\/\",\"name\":\"Niranbio Chemical\",\"description\":\"\",\"publisher\":{\"@id\":\"https:\/\/theo.niranbio.com\/es\/#organization\"},\"potentialAction\":[{\"@type\":\"SearchAction\",\"target\":{\"@type\":\"EntryPoint\",\"urlTemplate\":\"https:\/\/theo.niranbio.com\/es\/?s={search_term_string}\"},\"query-input\":{\"@type\":\"PropertyValueSpecification\",\"valueRequired\":true,\"valueName\":\"search_term_string\"}}],\"inLanguage\":\"es\"},{\"@type\":\"Organization\",\"@id\":\"https:\/\/theo.niranbio.com\/es\/#organization\",\"name\":\"Niranbio Chemical\",\"url\":\"https:\/\/theo.niranbio.com\/es\/\",\"logo\":{\"@type\":\"ImageObject\",\"inLanguage\":\"es\",\"@id\":\"https:\/\/theo.niranbio.com\/es\/#\/schema\/logo\/image\/\",\"url\":\"https:\/\/theo.niranbio.com\/wp-content\/uploads\/2024\/06\/Niranbio.png\",\"contentUrl\":\"https:\/\/theo.niranbio.com\/wp-content\/uploads\/2024\/06\/Niranbio.png\",\"width\":270,\"height\":100,\"caption\":\"Niranbio Chemical\"},\"image\":{\"@id\":\"https:\/\/theo.niranbio.com\/es\/#\/schema\/logo\/image\/\"}}]}<\/script>\n<!-- \/ Yoast SEO plugin. -->","yoast_head_json":{"title":"Polvo de D-glucuronolactona E575 | Niranbio Chemical","description":"Nuestra D-glucuronolactona es un polvo blanco que se disuelve f\u00e1cilmente en agua, metanol y, en menor medida, etanol. Las industrias de alimentos y medicamentos la utilizan ampliamente.","robots":{"index":"noindex","follow":"follow","max-snippet":"max-snippet:-1","max-image-preview":"max-image-preview:large","max-video-preview":"max-video-preview:-1"},"twitter_misc":{"Tiempo de lectura":"3 minutos"},"schema":{"@context":"https:\/\/schema.org","@graph":[{"@type":"WebPage","@id":"https:\/\/theo.niranbio.com\/es\/d-glucuronolactona.html","url":"https:\/\/theo.niranbio.com\/es\/d-glucuronolactona.html","name":"Polvo de D-glucuronolactona E575 | Niranbio Chemical","isPartOf":{"@id":"https:\/\/theo.niranbio.com\/es\/#website"},"primaryImageOfPage":{"@id":"https:\/\/theo.niranbio.com\/es\/d-glucuronolactona.html#primaryimage"},"image":{"@id":"https:\/\/theo.niranbio.com\/es\/d-glucuronolactona.html#primaryimage"},"thumbnailUrl":"https:\/\/theo.niranbio.com\/wp-content\/uploads\/2024\/06\/D-Glucuronolactone.webp","datePublished":"2024-06-20T03:19:16+00:00","dateModified":"2024-08-15T11:21:13+00:00","description":"Nuestra D-glucuronolactona es un polvo blanco que se disuelve f\u00e1cilmente en agua, metanol y, en menor medida, etanol. Las industrias de alimentos y medicamentos la utilizan ampliamente.","breadcrumb":{"@id":"https:\/\/theo.niranbio.com\/es\/d-glucuronolactona.html#breadcrumb"},"inLanguage":"es","potentialAction":[{"@type":"ReadAction","target":["https:\/\/theo.niranbio.com\/es\/d-glucuronolactona.html"]}]},{"@type":"ImageObject","inLanguage":"es","@id":"https:\/\/theo.niranbio.com\/es\/d-glucuronolactona.html#primaryimage","url":"https:\/\/theo.niranbio.com\/wp-content\/uploads\/2024\/06\/D-Glucuronolactone.webp","contentUrl":"https:\/\/theo.niranbio.com\/wp-content\/uploads\/2024\/06\/D-Glucuronolactone.webp","width":600,"height":600,"caption":"D-glucuronolactona"},{"@type":"BreadcrumbList","@id":"https:\/\/theo.niranbio.com\/es\/d-glucuronolactona.html#breadcrumb","itemListElement":[{"@type":"ListItem","position":1,"name":"Home","item":"https:\/\/theo.niranbio.com\/es\/"},{"@type":"ListItem","position":2,"name":"Productos","item":"https:\/\/theo.niranbio.com\/es\/productos.html"},{"@type":"ListItem","position":3,"name":"Potenciador de la Nutrici\u00f3n","item":"https:\/\/theo.niranbio.com\/es\/producto-potenciador-de-la-nutricion\/"},{"@type":"ListItem","position":4,"name":"D-glucuronolactona"}]},{"@type":"WebSite","@id":"https:\/\/theo.niranbio.com\/es\/#website","url":"https:\/\/theo.niranbio.com\/es\/","name":"Niranbio Chemical","description":"","publisher":{"@id":"https:\/\/theo.niranbio.com\/es\/#organization"},"potentialAction":[{"@type":"SearchAction","target":{"@type":"EntryPoint","urlTemplate":"https:\/\/theo.niranbio.com\/es\/?s={search_term_string}"},"query-input":{"@type":"PropertyValueSpecification","valueRequired":true,"valueName":"search_term_string"}}],"inLanguage":"es"},{"@type":"Organization","@id":"https:\/\/theo.niranbio.com\/es\/#organization","name":"Niranbio Chemical","url":"https:\/\/theo.niranbio.com\/es\/","logo":{"@type":"ImageObject","inLanguage":"es","@id":"https:\/\/theo.niranbio.com\/es\/#\/schema\/logo\/image\/","url":"https:\/\/theo.niranbio.com\/wp-content\/uploads\/2024\/06\/Niranbio.png","contentUrl":"https:\/\/theo.niranbio.com\/wp-content\/uploads\/2024\/06\/Niranbio.png","width":270,"height":100,"caption":"Niranbio Chemical"},"image":{"@id":"https:\/\/theo.niranbio.com\/es\/#\/schema\/logo\/image\/"}}]}},"_links":{"self":[{"href":"https:\/\/theo.niranbio.com\/es\/wp-json\/wp\/v2\/product\/9721","targetHints":{"allow":["GET"]}}],"collection":[{"href":"https:\/\/theo.niranbio.com\/es\/wp-json\/wp\/v2\/product"}],"about":[{"href":"https:\/\/theo.niranbio.com\/es\/wp-json\/wp\/v2\/types\/product"}],"version-history":[{"count":0,"href":"https:\/\/theo.niranbio.com\/es\/wp-json\/wp\/v2\/product\/9721\/revisions"}],"wp:featuredmedia":[{"embeddable":true,"href":"https:\/\/theo.niranbio.com\/es\/wp-json\/wp\/v2\/media\/5767"}],"wp:attachment":[{"href":"https:\/\/theo.niranbio.com\/es\/wp-json\/wp\/v2\/media?parent=9721"}],"wp:term":[{"taxonomy":"product_brand","embeddable":true,"href":"https:\/\/theo.niranbio.com\/es\/wp-json\/wp\/v2\/product_brand?post=9721"},{"taxonomy":"product_cat","embeddable":true,"href":"https:\/\/theo.niranbio.com\/es\/wp-json\/wp\/v2\/product_cat?post=9721"},{"taxonomy":"product_tag","embeddable":true,"href":"https:\/\/theo.niranbio.com\/es\/wp-json\/wp\/v2\/product_tag?post=9721"}],"curies":[{"name":"wp","href":"https:\/\/api.w.org\/{rel}","templated":true}]}}