{"id":9718,"date":"2024-06-20T09:50:45","date_gmt":"2024-06-20T01:50:45","guid":{"rendered":"https:\/\/theo.niranbio.com\/diacetato-de-sodio\/"},"modified":"2024-08-15T14:54:23","modified_gmt":"2024-08-15T06:54:23","slug":"diacetato-de-sodio","status":"publish","type":"product","link":"https:\/\/theo.niranbio.com\/es\/diacetato-de-sodio.html","title":{"rendered":"Diacetato de sodio"},"content":{"rendered":"<h2><span class=\"ez-toc-section\" id=\"%C2%BFQue_es_el_diacetato_de_sodio\"><\/span>\u00bfQu\u00e9 es el diacetato de sodio?<span class=\"ez-toc-section-end\"><\/span><\/h2>\n<p>El diacetato de sodio es un compuesto vers\u00e1til que se utiliza en alimentos y piensos como inhibidor de moho, acidulante y potenciador, que se caracteriza por sus propiedades estables y su relaci\u00f3n calidad-precio. Aparece como cristales blancos con aroma a \u00e1cido ac\u00e9tico, absorbe f\u00e1cilmente la humedad y es muy soluble en agua.<\/p>\n<p>Aprobado como seguro por la FDA de EE. UU., funciona de manera eficaz para prevenir el moho, preservar la frescura, mejorar el sabor, aumentar el valor nutricional y promover el crecimiento en los alimentos para el ganado y las aves de corral. Su producci\u00f3n generalmente implica la reacci\u00f3n del \u00e1cido ac\u00e9tico con hidr\u00f3xido de sodio para producir acetato de sodio, seguida de la cristalizaci\u00f3n para obtener diacetato de sodio.<\/p>\n<h2><span class=\"ez-toc-section\" id=\"Parametros_relacionados\"><\/span>Par\u00e1metros relacionados:<span class=\"ez-toc-section-end\"><\/span><\/h2>\n<table>\n<tbody>\n<tr>\n<td width=\"200\"><strong><b>Nombre del \u00edndice<\/b><\/strong><\/td>\n<td width=\"153\"><strong><b>Especificaciones FCC V<\/b><\/strong><\/td>\n<td width=\"208\"><strong><b>Especificaciones E262\uff08ii\uff09<\/b><\/strong><\/td>\n<\/tr>\n<tr>\n<td width=\"200\">Identificaci\u00f3n<\/td>\n<td width=\"153\">Prueba superada<\/td>\n<td width=\"208\">Prueba superada<\/td>\n<\/tr>\n<tr>\n<td width=\"200\">\u00c1cido ac\u00e9tico libre %.<\/td>\n<td width=\"153\">39.0-41.0.<\/td>\n<td width=\"208\">39.0-41.0<\/td>\n<\/tr>\n<tr>\n<td width=\"200\">Acetato de sodio %.<\/td>\n<td width=\"153\">58.0-60.0<\/td>\n<td width=\"208\">58.0-60.0<\/td>\n<\/tr>\n<tr>\n<td width=\"200\">% de agua<\/td>\n<td width=\"153\">2,0 m\u00e1x.<\/td>\n<td width=\"208\">2,0 m\u00e1x.<\/td>\n<\/tr>\n<tr>\n<td width=\"200\">PH(soluci\u00f3n acuosa al 10%)<\/td>\n<td width=\"153\">4.5-5.0<\/td>\n<td width=\"208\">4.5-5.0<\/td>\n<\/tr>\n<tr>\n<td width=\"200\">\u00c1cido f\u00f3rmico y materias f\u00e1ciles de oxidar %.<\/td>\n<td width=\"153\">\u22640.2<\/td>\n<td width=\"208\">\u22640.1<\/td>\n<\/tr>\n<tr>\n<td width=\"200\">Ars\u00e9nico(As) mg\/kg<\/td>\n<td width=\"153\">&#8212;&#8212;<\/td>\n<td width=\"208\">3 m\u00e1x<\/td>\n<\/tr>\n<tr>\n<td width=\"200\">Mercurio(Hg) mg\/kg<\/td>\n<td width=\"153\">&#8212;&#8212;<\/td>\n<td width=\"208\">1m\u00e1x<\/td>\n<\/tr>\n<tr>\n<td width=\"200\">Plomo\uff08Pb\uff09ppm<\/td>\n<td width=\"153\">2 m\u00e1x.<\/td>\n<td width=\"208\">2 m\u00e1x.<\/td>\n<\/tr>\n<tr>\n<td width=\"200\">Metal pesado ppm<\/td>\n<td width=\"153\">10 m\u00e1x.<\/td>\n<td width=\"208\">10 m\u00e1x.<\/td>\n<\/tr>\n<tr>\n<td width=\"200\">Tama\u00f1o de las part\u00edculas<\/td>\n<td width=\"153\">60-120mesh<\/td>\n<td width=\"208\">60-120mesh<\/td>\n<\/tr>\n<\/tbody>\n<\/table>\n<h2><span class=\"ez-toc-section\" id=\"Dosis_recomendada\"><\/span><strong><b>Dosis recomendada<\/b><\/strong><span class=\"ez-toc-section-end\"><\/span><\/h2>\n<table>\n<tbody>\n<tr>\n<td width=\"181\">Nombre del alimento<\/td>\n<td width=\"202\">Uso m\u00e1ximo(g\/kg)<\/td>\n<\/tr>\n<tr>\n<td width=\"181\">Tofu seco<\/td>\n<td width=\"202\">1g\/kg<\/td>\n<\/tr>\n<tr>\n<td width=\"181\">Productos de tofu seco<\/td>\n<td width=\"202\">1g\/kg<\/td>\n<\/tr>\n<tr>\n<td width=\"181\">Granos crudos<\/td>\n<td width=\"202\">1g\/kg<\/td>\n<\/tr>\n<tr>\n<td width=\"181\">Perlas de tapioca<\/td>\n<td width=\"202\">4 g\/kg<\/td>\n<\/tr>\n<tr>\n<td width=\"181\">Pasteles<\/td>\n<td width=\"202\">4 g\/kg<\/td>\n<\/tr>\n<tr>\n<td width=\"181\">Productos c\u00e1rnicos precocinados<\/td>\n<td width=\"202\">3g\/kg<\/td>\n<\/tr>\n<tr>\n<td width=\"181\">Productos c\u00e1rnicos cocidos<\/td>\n<td width=\"202\">3 g\/kg<\/td>\n<\/tr>\n<tr>\n<td width=\"181\">Productos acu\u00e1ticos cocidos (se pueden comer directamente)<\/td>\n<td width=\"202\">1 g\/kg<\/td>\n<\/tr>\n<tr>\n<td width=\"181\">Condimentos<\/td>\n<td width=\"202\">2,5 kg<\/td>\n<\/tr>\n<tr>\n<td width=\"181\">Condimentos compuestos<\/td>\n<td width=\"202\">10 g\/kg<\/td>\n<\/tr>\n<tr>\n<td width=\"181\">Alimentos inflados<\/td>\n<td width=\"202\">1g\/kg<\/td>\n<\/tr>\n<\/tbody>\n<\/table>\n<h2><span class=\"ez-toc-section\" id=\"Diacetato_de_sodio_tiene_una_amplia_gama_de_usos\"><\/span><strong><b>Diacetato de sodio<\/b><\/strong><strong><b> tiene una amplia gama de usos<\/b><\/strong><span class=\"ez-toc-section-end\"><\/span><\/h2>\n<h3><span class=\"ez-toc-section\" id=\"1_Antimoho\"><\/span>1. Antimoho<span class=\"ez-toc-section-end\"><\/span><\/h3>\n<p>El diacetato de sodio es principalmente antibacteriano a trav\u00e9s de la liberaci\u00f3n de \u00e1cido ac\u00e9tico de una sola mol\u00e9cula cuando se disuelve en agua. El \u00e1cido ac\u00e9tico de una sola mol\u00e9cula liberado puede penetrar la pared celular del moho, entrar en el microorganismo, interferir con la interacci\u00f3n de las enzimas, desnaturalizar la prote\u00edna intracelular e inhibir el crecimiento y la reproducci\u00f3n del moho. Tiene un buen efecto sobre Trichoderma verde, Listeria, Rhizopus y Aspergillus flavus.<\/p>\n<h3><span class=\"ez-toc-section\" id=\"2_Anticorrosion\"><\/span>2. Anticorrosi\u00f3n<span class=\"ez-toc-section-end\"><\/span><\/h3>\n<p>El diacetato de sodio tiene un cierto efecto de conservaci\u00f3n, que puede evitar que los alimentos sean invadidos por varios microorganismos durante el almacenamiento a largo plazo, inhibir la supervivencia, el crecimiento y la reproducci\u00f3n de microorganismos y evitar que los alimentos se echen a perder.<\/p>\n<h3><span class=\"ez-toc-section\" id=\"3_Mejorar_el_sabor_de_los_alimentos\"><\/span>3. Mejorar el sabor de los alimentos<span class=\"ez-toc-section-end\"><\/span><\/h3>\n<p>El diacetato de sodio se puede utilizar como acidulante para agregar sabores espec\u00edficos a los alimentos, equilibrar el sabor de los alimentos, estimular las papilas gustativas, hacer que los alimentos tengan un sabor m\u00e1s delicioso y mejorar el sabor de los alimentos en general.<\/p>\n<h3><span class=\"ez-toc-section\" id=\"4_Desinfeccion\"><\/span>4. Desinfecci\u00f3n<span class=\"ez-toc-section-end\"><\/span><\/h3>\n<p>Debido a sus propiedades qu\u00edmicas \u00fanicas y al mecanismo de crecimiento antimicrobiano, los componentes del diacetato de sodio pueden penetrar la pared celular de los microorganismos para desnaturalizarlos, logrando el efecto de desinfecci\u00f3n y antibacteriano.<\/p>\n<h2><span class=\"ez-toc-section\" id=\"Pregunta_formulada_por_un_usuario\"><\/span>Pregunta formulada por un usuario:<span class=\"ez-toc-section-end\"><\/span><\/h2>\n<p>Pregunta: \u00bfCu\u00e1les son las caracter\u00edsticas del diacetato de sodio en t\u00e9rminos de efecto antimoho?<\/p>\n<p>Respuesta:<\/p>\n<p>1. Sus efectos antimoho y anticorrosi\u00f3n superan a los de los benzoatos.<\/p>\n<p>2. El sabor \u00e1cido es suave, superando el olor irritante exclusivo de los propionatos.<\/p>\n<p>3. Sus aplicaciones son extensas y abarcan medidas antimoho y anticorrosi\u00f3n en diversos alimentos. Adem\u00e1s, se usa ampliamente en productos farmac\u00e9uticos, tabaco, fabricaci\u00f3n de papel, conservaci\u00f3n de frutas, piensos y otros sectores.<\/p>\n<p>4. Sus m\u00e9todos de aplicaci\u00f3n son convenientes y adaptables, lo que permite la adici\u00f3n directa, pulverizaci\u00f3n o inmersi\u00f3n.<\/p>\n<p>5. Conserva las caracter\u00edsticas originales de los alimentos sin verse influenciado por el pH de los mismos. Participa activamente en el metabolismo humano, produciendo CO2 y H2O, y se integra perfectamente en los alimentos, manteniendo su color, aroma y perfil nutricional originales.<\/p>\n","protected":false},"excerpt":{"rendered":"<ul>\n<li>CAS: 126-96-5<\/li>\n<li>F\u00f3rmula qu\u00edmica: C4H7NaO4*XH2O<\/li>\n<li>Certificaci\u00f3n: KOSHER, ISO, HALAL, FSSC22000, BRC, etc.<\/li>\n<li>Norma: FCC\/E262<\/li>\n<li>Cantidad m\u00ednima de pedido: 1000KG<\/li>\n<\/ul>\n","protected":false},"featured_media":5850,"template":"","meta":{"site-sidebar-layout":"default","site-content-layout":"","ast-site-content-layout":"default","site-content-style":"default","site-sidebar-style":"default","ast-global-header-display":"","ast-banner-title-visibility":"","ast-main-header-display":"","ast-hfb-above-header-display":"","ast-hfb-below-header-display":"","ast-hfb-mobile-header-display":"","site-post-title":"","ast-breadcrumbs-content":"","ast-featured-img":"","footer-sml-layout":"","theme-transparent-header-meta":"default","adv-header-id-meta":"","stick-header-meta":"","header-above-stick-meta":"","header-main-stick-meta":"","header-below-stick-meta":"","astra-migrate-meta-layouts":"set","ast-page-background-enabled":"default","ast-page-background-meta":{"desktop":{"background-color":"var(--ast-global-color-4)","background-image":"","background-repeat":"repeat","background-position":"center center","background-size":"auto","background-attachment":"scroll","background-type":"","background-media":"","overlay-type":"","overlay-color":"","overlay-opacity":"","overlay-gradient":""},"tablet":{"background-color":"","background-image":"","background-repeat":"repeat","background-position":"center center","background-size":"auto","background-attachment":"scroll","background-type":"","background-media":"","overlay-type":"","overlay-color":"","overlay-opacity":"","overlay-gradient":""},"mobile":{"background-color":"","background-image":"","background-repeat":"repeat","background-position":"center center","background-size":"auto","background-attachment":"scroll","background-type":"","background-media":"","overlay-type":"","overlay-color":"","overlay-opacity":"","overlay-gradient":""}},"ast-content-background-meta":{"desktop":{"background-color":"var(--ast-global-color-5)","background-image":"","background-repeat":"repeat","background-position":"center center","background-size":"auto","background-attachment":"scroll","background-type":"","background-media":"","overlay-type":"","overlay-color":"","overlay-opacity":"","overlay-gradient":""},"tablet":{"background-color":"var(--ast-global-color-5)","background-image":"","background-repeat":"repeat","background-position":"center center","background-size":"auto","background-attachment":"scroll","background-type":"","background-media":"","overlay-type":"","overlay-color":"","overlay-opacity":"","overlay-gradient":""},"mobile":{"background-color":"var(--ast-global-color-5)","background-image":"","background-repeat":"repeat","background-position":"center center","background-size":"auto","background-attachment":"scroll","background-type":"","background-media":"","overlay-type":"","overlay-color":"","overlay-opacity":"","overlay-gradient":""}}},"product_brand":[],"product_cat":[94],"product_tag":[],"class_list":{"0":"post-9718","1":"product","2":"type-product","3":"status-publish","4":"has-post-thumbnail","6":"product_cat-producto-conservante","7":"desktop-align-center","8":"tablet-align-left","9":"mobile-align-left","11":"first","12":"instock","13":"shipping-taxable","14":"product-type-simple"},"yoast_head":"<!-- This site is optimized with the Yoast SEO plugin v26.5 - https:\/\/yoast.com\/wordpress\/plugins\/seo\/ -->\n<title>Diacetato de Sodio E262, Compre Diacetato de Sodio Aditivo en Polvo | Niranbio Chemical<\/title>\n<meta name=\"description\" content=\"Nuestro diacetato de sodio (E262) aparece en forma de cristales blancos, aprobado por la FDA, funciona de manera eficaz para prevenir el moho, preservar la frescura, mejorar el sabor y aumentar el valor nutricional.\" \/>\n<meta name=\"robots\" content=\"noindex, follow, max-snippet:-1, max-image-preview:large, max-video-preview:-1\" \/>\n<meta name=\"twitter:label1\" content=\"Tiempo de lectura\" \/>\n\t<meta name=\"twitter:data1\" content=\"3 minutos\" \/>\n<script type=\"application\/ld+json\" class=\"yoast-schema-graph\">{\"@context\":\"https:\/\/schema.org\",\"@graph\":[{\"@type\":\"WebPage\",\"@id\":\"https:\/\/theo.niranbio.com\/es\/diacetato-de-sodio.html\",\"url\":\"https:\/\/theo.niranbio.com\/es\/diacetato-de-sodio.html\",\"name\":\"Diacetato de Sodio E262, Compre Diacetato de Sodio Aditivo en Polvo | Niranbio Chemical\",\"isPartOf\":{\"@id\":\"https:\/\/theo.niranbio.com\/es\/#website\"},\"primaryImageOfPage\":{\"@id\":\"https:\/\/theo.niranbio.com\/es\/diacetato-de-sodio.html#primaryimage\"},\"image\":{\"@id\":\"https:\/\/theo.niranbio.com\/es\/diacetato-de-sodio.html#primaryimage\"},\"thumbnailUrl\":\"https:\/\/theo.niranbio.com\/wp-content\/uploads\/2024\/06\/Sodium-Diacetate.webp\",\"datePublished\":\"2024-06-20T01:50:45+00:00\",\"dateModified\":\"2024-08-15T06:54:23+00:00\",\"description\":\"Nuestro diacetato de sodio (E262) aparece en forma de cristales blancos, aprobado por la FDA, funciona de manera eficaz para prevenir el moho, preservar la frescura, mejorar el sabor y aumentar el valor nutricional.\",\"breadcrumb\":{\"@id\":\"https:\/\/theo.niranbio.com\/es\/diacetato-de-sodio.html#breadcrumb\"},\"inLanguage\":\"es\",\"potentialAction\":[{\"@type\":\"ReadAction\",\"target\":[\"https:\/\/theo.niranbio.com\/es\/diacetato-de-sodio.html\"]}]},{\"@type\":\"ImageObject\",\"inLanguage\":\"es\",\"@id\":\"https:\/\/theo.niranbio.com\/es\/diacetato-de-sodio.html#primaryimage\",\"url\":\"https:\/\/theo.niranbio.com\/wp-content\/uploads\/2024\/06\/Sodium-Diacetate.webp\",\"contentUrl\":\"https:\/\/theo.niranbio.com\/wp-content\/uploads\/2024\/06\/Sodium-Diacetate.webp\",\"width\":600,\"height\":600,\"caption\":\"Diacetato de sodio\"},{\"@type\":\"BreadcrumbList\",\"@id\":\"https:\/\/theo.niranbio.com\/es\/diacetato-de-sodio.html#breadcrumb\",\"itemListElement\":[{\"@type\":\"ListItem\",\"position\":1,\"name\":\"Home\",\"item\":\"https:\/\/theo.niranbio.com\/es\/\"},{\"@type\":\"ListItem\",\"position\":2,\"name\":\"Productos\",\"item\":\"https:\/\/theo.niranbio.com\/es\/productos.html\"},{\"@type\":\"ListItem\",\"position\":3,\"name\":\"Conservante\",\"item\":\"https:\/\/theo.niranbio.com\/es\/producto-conservante\/\"},{\"@type\":\"ListItem\",\"position\":4,\"name\":\"Diacetato de sodio\"}]},{\"@type\":\"WebSite\",\"@id\":\"https:\/\/theo.niranbio.com\/es\/#website\",\"url\":\"https:\/\/theo.niranbio.com\/es\/\",\"name\":\"Niranbio Chemical\",\"description\":\"\",\"publisher\":{\"@id\":\"https:\/\/theo.niranbio.com\/es\/#organization\"},\"potentialAction\":[{\"@type\":\"SearchAction\",\"target\":{\"@type\":\"EntryPoint\",\"urlTemplate\":\"https:\/\/theo.niranbio.com\/es\/?s={search_term_string}\"},\"query-input\":{\"@type\":\"PropertyValueSpecification\",\"valueRequired\":true,\"valueName\":\"search_term_string\"}}],\"inLanguage\":\"es\"},{\"@type\":\"Organization\",\"@id\":\"https:\/\/theo.niranbio.com\/es\/#organization\",\"name\":\"Niranbio Chemical\",\"url\":\"https:\/\/theo.niranbio.com\/es\/\",\"logo\":{\"@type\":\"ImageObject\",\"inLanguage\":\"es\",\"@id\":\"https:\/\/theo.niranbio.com\/es\/#\/schema\/logo\/image\/\",\"url\":\"https:\/\/theo.niranbio.com\/wp-content\/uploads\/2024\/06\/Niranbio.png\",\"contentUrl\":\"https:\/\/theo.niranbio.com\/wp-content\/uploads\/2024\/06\/Niranbio.png\",\"width\":270,\"height\":100,\"caption\":\"Niranbio Chemical\"},\"image\":{\"@id\":\"https:\/\/theo.niranbio.com\/es\/#\/schema\/logo\/image\/\"}}]}<\/script>\n<!-- \/ Yoast SEO plugin. -->","yoast_head_json":{"title":"Diacetato de Sodio E262, Compre Diacetato de Sodio Aditivo en Polvo | Niranbio Chemical","description":"Nuestro diacetato de sodio (E262) aparece en forma de cristales blancos, aprobado por la FDA, funciona de manera eficaz para prevenir el moho, preservar la frescura, mejorar el sabor y aumentar el valor nutricional.","robots":{"index":"noindex","follow":"follow","max-snippet":"max-snippet:-1","max-image-preview":"max-image-preview:large","max-video-preview":"max-video-preview:-1"},"twitter_misc":{"Tiempo de lectura":"3 minutos"},"schema":{"@context":"https:\/\/schema.org","@graph":[{"@type":"WebPage","@id":"https:\/\/theo.niranbio.com\/es\/diacetato-de-sodio.html","url":"https:\/\/theo.niranbio.com\/es\/diacetato-de-sodio.html","name":"Diacetato de Sodio E262, Compre Diacetato de Sodio Aditivo en Polvo | Niranbio Chemical","isPartOf":{"@id":"https:\/\/theo.niranbio.com\/es\/#website"},"primaryImageOfPage":{"@id":"https:\/\/theo.niranbio.com\/es\/diacetato-de-sodio.html#primaryimage"},"image":{"@id":"https:\/\/theo.niranbio.com\/es\/diacetato-de-sodio.html#primaryimage"},"thumbnailUrl":"https:\/\/theo.niranbio.com\/wp-content\/uploads\/2024\/06\/Sodium-Diacetate.webp","datePublished":"2024-06-20T01:50:45+00:00","dateModified":"2024-08-15T06:54:23+00:00","description":"Nuestro diacetato de sodio (E262) aparece en forma de cristales blancos, aprobado por la FDA, funciona de manera eficaz para prevenir el moho, preservar la frescura, mejorar el sabor y aumentar el valor nutricional.","breadcrumb":{"@id":"https:\/\/theo.niranbio.com\/es\/diacetato-de-sodio.html#breadcrumb"},"inLanguage":"es","potentialAction":[{"@type":"ReadAction","target":["https:\/\/theo.niranbio.com\/es\/diacetato-de-sodio.html"]}]},{"@type":"ImageObject","inLanguage":"es","@id":"https:\/\/theo.niranbio.com\/es\/diacetato-de-sodio.html#primaryimage","url":"https:\/\/theo.niranbio.com\/wp-content\/uploads\/2024\/06\/Sodium-Diacetate.webp","contentUrl":"https:\/\/theo.niranbio.com\/wp-content\/uploads\/2024\/06\/Sodium-Diacetate.webp","width":600,"height":600,"caption":"Diacetato de sodio"},{"@type":"BreadcrumbList","@id":"https:\/\/theo.niranbio.com\/es\/diacetato-de-sodio.html#breadcrumb","itemListElement":[{"@type":"ListItem","position":1,"name":"Home","item":"https:\/\/theo.niranbio.com\/es\/"},{"@type":"ListItem","position":2,"name":"Productos","item":"https:\/\/theo.niranbio.com\/es\/productos.html"},{"@type":"ListItem","position":3,"name":"Conservante","item":"https:\/\/theo.niranbio.com\/es\/producto-conservante\/"},{"@type":"ListItem","position":4,"name":"Diacetato de sodio"}]},{"@type":"WebSite","@id":"https:\/\/theo.niranbio.com\/es\/#website","url":"https:\/\/theo.niranbio.com\/es\/","name":"Niranbio Chemical","description":"","publisher":{"@id":"https:\/\/theo.niranbio.com\/es\/#organization"},"potentialAction":[{"@type":"SearchAction","target":{"@type":"EntryPoint","urlTemplate":"https:\/\/theo.niranbio.com\/es\/?s={search_term_string}"},"query-input":{"@type":"PropertyValueSpecification","valueRequired":true,"valueName":"search_term_string"}}],"inLanguage":"es"},{"@type":"Organization","@id":"https:\/\/theo.niranbio.com\/es\/#organization","name":"Niranbio Chemical","url":"https:\/\/theo.niranbio.com\/es\/","logo":{"@type":"ImageObject","inLanguage":"es","@id":"https:\/\/theo.niranbio.com\/es\/#\/schema\/logo\/image\/","url":"https:\/\/theo.niranbio.com\/wp-content\/uploads\/2024\/06\/Niranbio.png","contentUrl":"https:\/\/theo.niranbio.com\/wp-content\/uploads\/2024\/06\/Niranbio.png","width":270,"height":100,"caption":"Niranbio Chemical"},"image":{"@id":"https:\/\/theo.niranbio.com\/es\/#\/schema\/logo\/image\/"}}]}},"_links":{"self":[{"href":"https:\/\/theo.niranbio.com\/es\/wp-json\/wp\/v2\/product\/9718","targetHints":{"allow":["GET"]}}],"collection":[{"href":"https:\/\/theo.niranbio.com\/es\/wp-json\/wp\/v2\/product"}],"about":[{"href":"https:\/\/theo.niranbio.com\/es\/wp-json\/wp\/v2\/types\/product"}],"version-history":[{"count":0,"href":"https:\/\/theo.niranbio.com\/es\/wp-json\/wp\/v2\/product\/9718\/revisions"}],"wp:featuredmedia":[{"embeddable":true,"href":"https:\/\/theo.niranbio.com\/es\/wp-json\/wp\/v2\/media\/5850"}],"wp:attachment":[{"href":"https:\/\/theo.niranbio.com\/es\/wp-json\/wp\/v2\/media?parent=9718"}],"wp:term":[{"taxonomy":"product_brand","embeddable":true,"href":"https:\/\/theo.niranbio.com\/es\/wp-json\/wp\/v2\/product_brand?post=9718"},{"taxonomy":"product_cat","embeddable":true,"href":"https:\/\/theo.niranbio.com\/es\/wp-json\/wp\/v2\/product_cat?post=9718"},{"taxonomy":"product_tag","embeddable":true,"href":"https:\/\/theo.niranbio.com\/es\/wp-json\/wp\/v2\/product_tag?post=9718"}],"curies":[{"name":"wp","href":"https:\/\/api.w.org\/{rel}","templated":true}]}}