{"id":9713,"date":"2024-06-20T11:20:18","date_gmt":"2024-06-20T03:20:18","guid":{"rendered":"https:\/\/theo.niranbio.com\/glicina\/"},"modified":"2024-08-15T19:20:35","modified_gmt":"2024-08-15T11:20:35","slug":"glicina","status":"publish","type":"product","link":"https:\/\/theo.niranbio.com\/es\/glicina.html","title":{"rendered":"Glicina"},"content":{"rendered":"<h2><span class=\"ez-toc-section\" id=\"%C2%BFQue_es_la_glicina\"><\/span>\u00bfQu\u00e9 es la glicina?<span class=\"ez-toc-section-end\"><\/span><\/h2>\n<p>La glicina es un polvo cristalino que aparece de blanco a blanquecino y es un amino\u00e1cido no esencial. Se disuelve r\u00e1pidamente en agua, no tiene olor y no es t\u00f3xico. Muchas industrias, incluidas la alimentaria, la m\u00e9dica y la comercial, pueden utilizarla.<\/p>\n<p>Existen dos procesos principales de preparaci\u00f3n de la glicina.<\/p>\n<p>El primero es el m\u00e9todo de fermentaci\u00f3n, que utiliza microorganismos (como bacterias espec\u00edficas o levaduras) para convertir materias primas como az\u00facares en glicina en un entorno de cultivo controlado. Esta t\u00e9cnica utiliza un proceso de producci\u00f3n ecol\u00f3gico y es amigable con el medio ambiente. Puede producir glicina de alta pureza y es adecuada para aplicaciones con altos requisitos de seguridad y pureza alimentaria. Sin embargo, el m\u00e9todo de fermentaci\u00f3n tiene un ciclo de producci\u00f3n largo y altos requisitos de equipo y tecnolog\u00eda.<\/p>\n<p>El segundo es utilizar la s\u00edntesis qu\u00edmica para sintetizar glicina a partir de materias primas qu\u00edmicas simples mediante el m\u00e9todo del carbamato o el m\u00e9todo de reducci\u00f3n de amino\u00e1cidos. La producci\u00f3n industrial a gran escala puede beneficiarse de la alta eficiencia de producci\u00f3n de este m\u00e9todo, sin embargo, se requiere el tratamiento de desechos y la posibilidad de subproductos qu\u00edmicos. En general, la s\u00edntesis qu\u00edmica sigue siendo el proceso principal en la producci\u00f3n de glicina de calidad alimentaria porque puede satisfacer las necesidades de la producci\u00f3n a gran escala.<\/p>\n<h2><span class=\"ez-toc-section\" id=\"Parametros_relacionados\"><\/span>Par\u00e1metros relacionados:<span class=\"ez-toc-section-end\"><\/span><\/h2>\n<table>\n<tbody>\n<tr>\n<td><strong>Art\u00edculos<\/strong><\/td>\n<td><strong>Especificaci\u00f3n<\/strong><\/td>\n<\/tr>\n<tr>\n<td>Ensayo( C2H5NO2) (%)<\/td>\n<td>98.5\uff5e101.5<\/td>\n<\/tr>\n<tr>\n<td>P\u00e9rdida por desecaci\u00f3n (%)<\/td>\n<td>\u22640.2<\/td>\n<\/tr>\n<tr>\n<td>Residuo en ignici\u00f3n(como ceniza sulfatada)(%)<\/td>\n<td>\u2264 0.1<\/td>\n<\/tr>\n<tr>\n<td>Cloruro(As Cl) (%)<\/td>\n<td>\u22640.02<\/td>\n<\/tr>\n<tr>\n<td>Sulfato(As SO4) (%)<\/td>\n<td>0.0065<\/td>\n<\/tr>\n<tr>\n<td>Amonio(As NH4) =&lt; %<\/td>\n<td>0.01<\/td>\n<\/tr>\n<tr>\n<td>Ars\u00e9nico( As As) =&lt; %<\/td>\n<td>0.0001<\/td>\n<\/tr>\n<tr>\n<td>Plomo ( As Pb) =&lt; %<\/td>\n<td>0.0005<\/td>\n<\/tr>\n<\/tbody>\n<\/table>\n<h2><span class=\"ez-toc-section\" id=\"Dosis_recomendada\"><\/span>Dosis recomendada:<span class=\"ez-toc-section-end\"><\/span><\/h2>\n<table>\n<tbody>\n<tr>\n<td><strong>Nombre del alimento<\/strong><\/td>\n<td><strong>Uso m\u00e1ximo (g\/kg)<\/strong><\/td>\n<\/tr>\n<tr>\n<td>Bebidas deportivas<\/td>\n<td>0,5-1 g\/kg<\/td>\n<\/tr>\n<tr>\n<td>Yogur<\/td>\n<td>0,5-1 g\/kg<\/td>\n<\/tr>\n<tr>\n<td>Productos l\u00e1cteos<\/td>\n<td>0,3-0,5 g\/kg<\/td>\n<\/tr>\n<tr>\n<td>Helado<\/td>\n<td>0,5-1 g\/kg<\/td>\n<\/tr>\n<tr>\n<td>Galletas<\/td>\n<td>0,3-0,5 g\/kg<\/td>\n<\/tr>\n<tr>\n<td>Bebidas de zumo<\/td>\n<td>0,5-1 g\/kg<\/td>\n<\/tr>\n<tr>\n<td>Salsas<\/td>\n<td>0,3-0,5 g\/kg<\/td>\n<\/tr>\n<tr>\n<td>Productos de panader\u00eda<\/td>\n<td>0,5-1 g\/kg<\/td>\n<\/tr>\n<tr>\n<td>Chocolate y caramelos<\/td>\n<td>0,3-0,5 g\/kg<\/td>\n<\/tr>\n<tr>\n<td>Gelatina y pudin<\/td>\n<td>0,5-1 g\/kg<\/td>\n<\/tr>\n<\/tbody>\n<\/table>\n<h2><span class=\"ez-toc-section\" id=\"La_glicina_tiene_una_amplia_gama_de_usos\"><\/span>La glicina tiene una amplia gama de usos<span class=\"ez-toc-section-end\"><\/span><\/h2>\n<ol>\n<li>Mejora las caracter\u00edsticas del sabor de los alimentos: la glicina, como amino\u00e1cido, tiene la funci\u00f3n de potenciador del dulzor, lo que puede mejorar significativamente el dulzor de los alimentos y reducir la dependencia de otros edulcorantes.<\/li>\n<li>Antioxidante: la glicina se puede utilizar como antioxidante en el procesamiento de alimentos, lo que ayuda a extender la vida \u00fatil y la estabilidad de los alimentos y reducir la reacci\u00f3n de oxidaci\u00f3n de los alimentos.<\/li>\n<li>Regulador \u00e1cido-base: debido a su composici\u00f3n alcalina, se puede emplear como regulador \u00e1cido-base en el procesamiento de alimentos para preservar mejor el sabor y los niveles de pH de los alimentos.<\/li>\n<li>Mejora el valor nutricional de los alimentos: como amino\u00e1cido, la glicina es uno de los componentes importantes de las prote\u00ednas, que puede mejorar el valor nutricional de los alimentos y es beneficioso para la salud.<\/li>\n<li>Mejora la estructura y la estabilidad de los alimentos: en los alimentos procesados, la glicina puede mejorar la estructura y la textura de los alimentos, mejorar su estabilidad y sabor y hacerlos m\u00e1s adecuados para el almacenamiento y el transporte.<\/li>\n<\/ol>\n<h2><span class=\"ez-toc-section\" id=\"Pregunta_del_usuario\"><\/span>Pregunta del usuario:<span class=\"ez-toc-section-end\"><\/span><\/h2>\n<p>Pregunta: \u00bfQu\u00e9 s\u00edntomas se producir\u00e1n si el cuerpo humano carece de glicina?<\/p>\n<p>Respuesta: 1. Problemas del sistema inmunol\u00f3gico: la glicina participa en la s\u00edntesis del timo, que es una mol\u00e9cula importante que regula la funci\u00f3n del sistema inmunol\u00f3gico. La deficiencia de glicina puede afectar el funcionamiento normal del sistema inmunol\u00f3gico y aumentar el riesgo de infecci\u00f3n e inflamaci\u00f3n.<\/p>\n<p>2. Problemas del sistema nervioso: la glicina tiene un efecto neuroinhibidor en el sistema nervioso central y puede regular el equilibrio de los neurotransmisores. La deficiencia de glicina puede afectar la conducci\u00f3n nerviosa, lo que provoca inestabilidad emocional, ansiedad, insomnio y otros problemas del sistema nervioso.<\/p>\n<p>3. Problemas del sistema digestivo: La glicina interviene en la s\u00edntesis de col\u00e1geno, que es un componente importante para mantener la estructura y funci\u00f3n de la mucosa del tracto digestivo. La deficiencia de glicina puede causar da\u00f1o a la mucosa del tracto digestivo, causando indigesti\u00f3n, inflamaci\u00f3n gastrointestinal y otros problemas.<\/p>\n<p>4. Problemas metab\u00f3licos: La glicina participa en m\u00faltiples v\u00edas metab\u00f3licas en el cuerpo, incluido el metabolismo del az\u00facar y el metabolismo de los \u00e1cidos grasos. La deficiencia de glicina puede afectar el metabolismo energ\u00e9tico en el cuerpo, lo que lleva a una disminuci\u00f3n de la fuerza f\u00edsica y un aumento de la fatiga.<\/p>\n<p>5. Problemas musculares: La glicina juega un papel importante en la construcci\u00f3n de prote\u00ednas musculares y es una de las reservas de energ\u00eda importantes y sustancias de suministro en el cuerpo. La falta de glicina puede afectar la funci\u00f3n normal de los m\u00fasculos, lo que lleva a atrofia muscular, p\u00e9rdida de fuerza y \u200b\u200botros problemas.<\/p>\n","protected":false},"excerpt":{"rendered":"<ul>\n<li>CAS: 56-40-6<\/li>\n<li>F\u00f3rmula qu\u00edmica: C<sub>2<\/sub>H<sub>5<\/sub>NO<sub>2<\/sub><\/li>\n<li>Certificaciones: KOSHER, ISO, HALAL, FSSC 22000, BRC, etc.<\/li>\n<li>Cantidad m\u00ednima de pedido: 1000KG<\/li>\n<li>Caducidad: 2 a\u00f1os<\/li>\n<\/ul>\n","protected":false},"featured_media":5753,"template":"","meta":{"site-sidebar-layout":"default","site-content-layout":"","ast-site-content-layout":"default","site-content-style":"default","site-sidebar-style":"default","ast-global-header-display":"","ast-banner-title-visibility":"","ast-main-header-display":"","ast-hfb-above-header-display":"","ast-hfb-below-header-display":"","ast-hfb-mobile-header-display":"","site-post-title":"","ast-breadcrumbs-content":"","ast-featured-img":"","footer-sml-layout":"","theme-transparent-header-meta":"default","adv-header-id-meta":"","stick-header-meta":"","header-above-stick-meta":"","header-main-stick-meta":"","header-below-stick-meta":"","astra-migrate-meta-layouts":"set","ast-page-background-enabled":"default","ast-page-background-meta":{"desktop":{"background-color":"var(--ast-global-color-4)","background-image":"","background-repeat":"repeat","background-position":"center center","background-size":"auto","background-attachment":"scroll","background-type":"","background-media":"","overlay-type":"","overlay-color":"","overlay-opacity":"","overlay-gradient":""},"tablet":{"background-color":"","background-image":"","background-repeat":"repeat","background-position":"center center","background-size":"auto","background-attachment":"scroll","background-type":"","background-media":"","overlay-type":"","overlay-color":"","overlay-opacity":"","overlay-gradient":""},"mobile":{"background-color":"","background-image":"","background-repeat":"repeat","background-position":"center center","background-size":"auto","background-attachment":"scroll","background-type":"","background-media":"","overlay-type":"","overlay-color":"","overlay-opacity":"","overlay-gradient":""}},"ast-content-background-meta":{"desktop":{"background-color":"var(--ast-global-color-5)","background-image":"","background-repeat":"repeat","background-position":"center center","background-size":"auto","background-attachment":"scroll","background-type":"","background-media":"","overlay-type":"","overlay-color":"","overlay-opacity":"","overlay-gradient":""},"tablet":{"background-color":"var(--ast-global-color-5)","background-image":"","background-repeat":"repeat","background-position":"center center","background-size":"auto","background-attachment":"scroll","background-type":"","background-media":"","overlay-type":"","overlay-color":"","overlay-opacity":"","overlay-gradient":""},"mobile":{"background-color":"var(--ast-global-color-5)","background-image":"","background-repeat":"repeat","background-position":"center center","background-size":"auto","background-attachment":"scroll","background-type":"","background-media":"","overlay-type":"","overlay-color":"","overlay-opacity":"","overlay-gradient":""}}},"product_brand":[],"product_cat":[90],"product_tag":[],"class_list":{"0":"post-9713","1":"product","2":"type-product","3":"status-publish","4":"has-post-thumbnail","6":"product_cat-producto-potenciador-de-la-nutricion","7":"desktop-align-center","8":"tablet-align-left","9":"mobile-align-left","11":"first","12":"instock","13":"shipping-taxable","14":"product-type-simple"},"yoast_head":"<!-- This site is optimized with the Yoast SEO plugin v26.5 - https:\/\/yoast.com\/wordpress\/plugins\/seo\/ -->\n<title>Glicina en Polvo China, Comprar Glicina E640 A Precio Econ\u00f3mico | Niranbio Chemical<\/title>\n<meta name=\"description\" content=\"Nuestra glicina es un polvo cristalino de color blanco a blanquecino y es un amino\u00e1cido no esencial que se puede utilizar en muchas industrias alimentarias.\" \/>\n<meta name=\"robots\" content=\"noindex, follow, max-snippet:-1, max-image-preview:large, max-video-preview:-1\" \/>\n<meta name=\"twitter:label1\" content=\"Tiempo de lectura\" \/>\n\t<meta name=\"twitter:data1\" content=\"4 minutos\" \/>\n<script type=\"application\/ld+json\" class=\"yoast-schema-graph\">{\"@context\":\"https:\/\/schema.org\",\"@graph\":[{\"@type\":\"WebPage\",\"@id\":\"https:\/\/theo.niranbio.com\/es\/glicina.html\",\"url\":\"https:\/\/theo.niranbio.com\/es\/glicina.html\",\"name\":\"Glicina en Polvo China, Comprar Glicina E640 A Precio Econ\u00f3mico | Niranbio Chemical\",\"isPartOf\":{\"@id\":\"https:\/\/theo.niranbio.com\/es\/#website\"},\"primaryImageOfPage\":{\"@id\":\"https:\/\/theo.niranbio.com\/es\/glicina.html#primaryimage\"},\"image\":{\"@id\":\"https:\/\/theo.niranbio.com\/es\/glicina.html#primaryimage\"},\"thumbnailUrl\":\"https:\/\/theo.niranbio.com\/wp-content\/uploads\/2024\/06\/Glycine.webp\",\"datePublished\":\"2024-06-20T03:20:18+00:00\",\"dateModified\":\"2024-08-15T11:20:35+00:00\",\"description\":\"Nuestra glicina es un polvo cristalino de color blanco a blanquecino y es un amino\u00e1cido no esencial que se puede utilizar en muchas industrias alimentarias.\",\"breadcrumb\":{\"@id\":\"https:\/\/theo.niranbio.com\/es\/glicina.html#breadcrumb\"},\"inLanguage\":\"es\",\"potentialAction\":[{\"@type\":\"ReadAction\",\"target\":[\"https:\/\/theo.niranbio.com\/es\/glicina.html\"]}]},{\"@type\":\"ImageObject\",\"inLanguage\":\"es\",\"@id\":\"https:\/\/theo.niranbio.com\/es\/glicina.html#primaryimage\",\"url\":\"https:\/\/theo.niranbio.com\/wp-content\/uploads\/2024\/06\/Glycine.webp\",\"contentUrl\":\"https:\/\/theo.niranbio.com\/wp-content\/uploads\/2024\/06\/Glycine.webp\",\"width\":600,\"height\":600,\"caption\":\"Glicina\"},{\"@type\":\"BreadcrumbList\",\"@id\":\"https:\/\/theo.niranbio.com\/es\/glicina.html#breadcrumb\",\"itemListElement\":[{\"@type\":\"ListItem\",\"position\":1,\"name\":\"Home\",\"item\":\"https:\/\/theo.niranbio.com\/es\/\"},{\"@type\":\"ListItem\",\"position\":2,\"name\":\"Productos\",\"item\":\"https:\/\/theo.niranbio.com\/es\/productos.html\"},{\"@type\":\"ListItem\",\"position\":3,\"name\":\"Potenciador de la Nutrici\u00f3n\",\"item\":\"https:\/\/theo.niranbio.com\/es\/producto-potenciador-de-la-nutricion\/\"},{\"@type\":\"ListItem\",\"position\":4,\"name\":\"Glicina\"}]},{\"@type\":\"WebSite\",\"@id\":\"https:\/\/theo.niranbio.com\/es\/#website\",\"url\":\"https:\/\/theo.niranbio.com\/es\/\",\"name\":\"Niranbio Chemical\",\"description\":\"\",\"publisher\":{\"@id\":\"https:\/\/theo.niranbio.com\/es\/#organization\"},\"potentialAction\":[{\"@type\":\"SearchAction\",\"target\":{\"@type\":\"EntryPoint\",\"urlTemplate\":\"https:\/\/theo.niranbio.com\/es\/?s={search_term_string}\"},\"query-input\":{\"@type\":\"PropertyValueSpecification\",\"valueRequired\":true,\"valueName\":\"search_term_string\"}}],\"inLanguage\":\"es\"},{\"@type\":\"Organization\",\"@id\":\"https:\/\/theo.niranbio.com\/es\/#organization\",\"name\":\"Niranbio Chemical\",\"url\":\"https:\/\/theo.niranbio.com\/es\/\",\"logo\":{\"@type\":\"ImageObject\",\"inLanguage\":\"es\",\"@id\":\"https:\/\/theo.niranbio.com\/es\/#\/schema\/logo\/image\/\",\"url\":\"https:\/\/theo.niranbio.com\/wp-content\/uploads\/2024\/06\/Niranbio.png\",\"contentUrl\":\"https:\/\/theo.niranbio.com\/wp-content\/uploads\/2024\/06\/Niranbio.png\",\"width\":270,\"height\":100,\"caption\":\"Niranbio Chemical\"},\"image\":{\"@id\":\"https:\/\/theo.niranbio.com\/es\/#\/schema\/logo\/image\/\"}}]}<\/script>\n<!-- \/ Yoast SEO plugin. -->","yoast_head_json":{"title":"Glicina en Polvo China, Comprar Glicina E640 A Precio Econ\u00f3mico | Niranbio Chemical","description":"Nuestra glicina es un polvo cristalino de color blanco a blanquecino y es un amino\u00e1cido no esencial que se puede utilizar en muchas industrias alimentarias.","robots":{"index":"noindex","follow":"follow","max-snippet":"max-snippet:-1","max-image-preview":"max-image-preview:large","max-video-preview":"max-video-preview:-1"},"twitter_misc":{"Tiempo de lectura":"4 minutos"},"schema":{"@context":"https:\/\/schema.org","@graph":[{"@type":"WebPage","@id":"https:\/\/theo.niranbio.com\/es\/glicina.html","url":"https:\/\/theo.niranbio.com\/es\/glicina.html","name":"Glicina en Polvo China, Comprar Glicina E640 A Precio Econ\u00f3mico | Niranbio Chemical","isPartOf":{"@id":"https:\/\/theo.niranbio.com\/es\/#website"},"primaryImageOfPage":{"@id":"https:\/\/theo.niranbio.com\/es\/glicina.html#primaryimage"},"image":{"@id":"https:\/\/theo.niranbio.com\/es\/glicina.html#primaryimage"},"thumbnailUrl":"https:\/\/theo.niranbio.com\/wp-content\/uploads\/2024\/06\/Glycine.webp","datePublished":"2024-06-20T03:20:18+00:00","dateModified":"2024-08-15T11:20:35+00:00","description":"Nuestra glicina es un polvo cristalino de color blanco a blanquecino y es un amino\u00e1cido no esencial que se puede utilizar en muchas industrias alimentarias.","breadcrumb":{"@id":"https:\/\/theo.niranbio.com\/es\/glicina.html#breadcrumb"},"inLanguage":"es","potentialAction":[{"@type":"ReadAction","target":["https:\/\/theo.niranbio.com\/es\/glicina.html"]}]},{"@type":"ImageObject","inLanguage":"es","@id":"https:\/\/theo.niranbio.com\/es\/glicina.html#primaryimage","url":"https:\/\/theo.niranbio.com\/wp-content\/uploads\/2024\/06\/Glycine.webp","contentUrl":"https:\/\/theo.niranbio.com\/wp-content\/uploads\/2024\/06\/Glycine.webp","width":600,"height":600,"caption":"Glicina"},{"@type":"BreadcrumbList","@id":"https:\/\/theo.niranbio.com\/es\/glicina.html#breadcrumb","itemListElement":[{"@type":"ListItem","position":1,"name":"Home","item":"https:\/\/theo.niranbio.com\/es\/"},{"@type":"ListItem","position":2,"name":"Productos","item":"https:\/\/theo.niranbio.com\/es\/productos.html"},{"@type":"ListItem","position":3,"name":"Potenciador de la Nutrici\u00f3n","item":"https:\/\/theo.niranbio.com\/es\/producto-potenciador-de-la-nutricion\/"},{"@type":"ListItem","position":4,"name":"Glicina"}]},{"@type":"WebSite","@id":"https:\/\/theo.niranbio.com\/es\/#website","url":"https:\/\/theo.niranbio.com\/es\/","name":"Niranbio Chemical","description":"","publisher":{"@id":"https:\/\/theo.niranbio.com\/es\/#organization"},"potentialAction":[{"@type":"SearchAction","target":{"@type":"EntryPoint","urlTemplate":"https:\/\/theo.niranbio.com\/es\/?s={search_term_string}"},"query-input":{"@type":"PropertyValueSpecification","valueRequired":true,"valueName":"search_term_string"}}],"inLanguage":"es"},{"@type":"Organization","@id":"https:\/\/theo.niranbio.com\/es\/#organization","name":"Niranbio Chemical","url":"https:\/\/theo.niranbio.com\/es\/","logo":{"@type":"ImageObject","inLanguage":"es","@id":"https:\/\/theo.niranbio.com\/es\/#\/schema\/logo\/image\/","url":"https:\/\/theo.niranbio.com\/wp-content\/uploads\/2024\/06\/Niranbio.png","contentUrl":"https:\/\/theo.niranbio.com\/wp-content\/uploads\/2024\/06\/Niranbio.png","width":270,"height":100,"caption":"Niranbio Chemical"},"image":{"@id":"https:\/\/theo.niranbio.com\/es\/#\/schema\/logo\/image\/"}}]}},"_links":{"self":[{"href":"https:\/\/theo.niranbio.com\/es\/wp-json\/wp\/v2\/product\/9713","targetHints":{"allow":["GET"]}}],"collection":[{"href":"https:\/\/theo.niranbio.com\/es\/wp-json\/wp\/v2\/product"}],"about":[{"href":"https:\/\/theo.niranbio.com\/es\/wp-json\/wp\/v2\/types\/product"}],"version-history":[{"count":0,"href":"https:\/\/theo.niranbio.com\/es\/wp-json\/wp\/v2\/product\/9713\/revisions"}],"wp:featuredmedia":[{"embeddable":true,"href":"https:\/\/theo.niranbio.com\/es\/wp-json\/wp\/v2\/media\/5753"}],"wp:attachment":[{"href":"https:\/\/theo.niranbio.com\/es\/wp-json\/wp\/v2\/media?parent=9713"}],"wp:term":[{"taxonomy":"product_brand","embeddable":true,"href":"https:\/\/theo.niranbio.com\/es\/wp-json\/wp\/v2\/product_brand?post=9713"},{"taxonomy":"product_cat","embeddable":true,"href":"https:\/\/theo.niranbio.com\/es\/wp-json\/wp\/v2\/product_cat?post=9713"},{"taxonomy":"product_tag","embeddable":true,"href":"https:\/\/theo.niranbio.com\/es\/wp-json\/wp\/v2\/product_tag?post=9713"}],"curies":[{"name":"wp","href":"https:\/\/api.w.org\/{rel}","templated":true}]}}