{"id":9700,"date":"2024-06-20T10:17:20","date_gmt":"2024-06-20T02:17:20","guid":{"rendered":"https:\/\/theo.niranbio.com\/benzoato-de-sodio-de-grado-alimenticio\/"},"modified":"2024-08-15T14:53:11","modified_gmt":"2024-08-15T06:53:11","slug":"benzoato-de-sodio-de-grado-alimenticio","status":"publish","type":"product","link":"https:\/\/theo.niranbio.com\/es\/benzoato-de-sodio-de-grado-alimenticio.html","title":{"rendered":"Benzoato de sodio de grado alimenticio"},"content":{"rendered":"<h2><span class=\"ez-toc-section\" id=\"%C2%BFQue_es_el_Benzoato_sodico\"><\/span><strong><b>\u00bfQu\u00e9 es el <\/b><\/strong><strong><b>Benzoato s\u00f3dico<\/b><\/strong><strong><b>?<\/b><\/strong><span class=\"ez-toc-section-end\"><\/span><\/h2>\n<p>El benzoato de sodio es una sustancia org\u00e1nica que aparece como polvo blanco o gr\u00e1nulos, incluidos gr\u00e1nulos esf\u00e9ricos y cil\u00edndricos, y algunos clientes lo llaman similar a los fideos. Es inodoro o tiene un ligero aroma a benju\u00ed y posee un sabor ligeramente dulce. Es un conservante de alimentos importante que puede evitar que los alimentos se echen a perder debido a microorganismos y extender la vida \u00fatil de los alimentos. Se utiliza ampliamente en bebidas, productos enlatados, jugos, alimentos refrigerados, salsa de soja, vinagre y otras aplicaciones alimentarias.<\/p>\n<p>El \u00e1cido benzoico se produce primero oxidando tolueno con aire en presencia de un catalizador de naftenato de cobalto y luego usando \u00e1cido benzoico como materia prima, se neutraliza con bicarbonato de sodio, se decolora con carb\u00f3n activado y luego se filtra, se seca y se tritura para producir benzoato de sodio.<\/p>\n<h2><span class=\"ez-toc-section\" id=\"Parametros_relacionados\"><\/span><strong><b>Par\u00e1metros relacionados:<\/b><\/strong><span class=\"ez-toc-section-end\"><\/span><\/h2>\n<table>\n<tbody>\n<tr>\n<td width=\"494\"><strong><b>Art\u00edculos<\/b><\/strong><\/td>\n<td width=\"550\"><strong><b>Normas<\/b><\/strong><\/td>\n<\/tr>\n<tr>\n<td width=\"494\">Ensayo<\/td>\n<td width=\"550\">99.0-100%-100.5%<\/td>\n<\/tr>\n<tr>\n<td width=\"494\">Cloro lonizado<\/td>\n<td width=\"550\">200 ppm M\u00e1x<\/td>\n<\/tr>\n<tr>\n<td width=\"494\">Cloro total<\/td>\n<td width=\"550\">300 ppm M\u00e1x<\/td>\n<\/tr>\n<tr>\n<td width=\"494\">Metales pesados<\/td>\n<td width=\"550\">10 ppm m\u00e1x.<\/td>\n<\/tr>\n<tr>\n<td width=\"494\">Mercurio<\/td>\n<td width=\"550\">1 ppm m\u00e1x.<\/td>\n<\/tr>\n<tr>\n<td width=\"494\">Plomo<\/td>\n<td width=\"550\">2 ppm M\u00e1x<\/td>\n<\/tr>\n<tr>\n<td width=\"494\">Ars\u00e9nico<\/td>\n<td width=\"550\">3 ppm m\u00e1x.<\/td>\n<\/tr>\n<tr>\n<td width=\"494\">Mercurio<\/td>\n<td width=\"550\">1 ppm m\u00e1x.<\/td>\n<\/tr>\n<tr>\n<td width=\"494\">P\u00e9rdida por secado<\/td>\n<td width=\"550\">1,5% M\u00e1x.<\/td>\n<\/tr>\n<\/tbody>\n<\/table>\n<h2><span class=\"ez-toc-section\" id=\"Dosis_recomendada\"><\/span><strong><b>Dosis recomendada:<\/b><\/strong><span class=\"ez-toc-section-end\"><\/span><\/h2>\n<table>\n<tbody>\n<tr>\n<td width=\"525\"><strong><b>Alimentos<\/b><\/strong><b> <\/b><strong><b>Nombre<\/b><\/strong><\/td>\n<td width=\"309\"><strong><b>Uso m\u00e1ximo(g\/kg)<\/b><\/strong><\/td>\n<\/tr>\n<tr>\n<td width=\"525\">Bebidas carbonatadas<\/td>\n<td width=\"309\">0,05 &#8211; 0,2 g\/kg<\/td>\n<\/tr>\n<tr>\n<td width=\"525\">Refrescos<\/td>\n<td width=\"309\">0,05 &#8211; 0,2 g\/kg<\/td>\n<\/tr>\n<tr>\n<td width=\"525\">Pasteles y boller\u00eda<\/td>\n<td width=\"309\">0,1 &#8211; 0,5 g\/kg<\/td>\n<\/tr>\n<tr>\n<td width=\"525\">Mermeladas y jaleas<\/td>\n<td width=\"309\">0,1 &#8211; 0,3 g\/kg<\/td>\n<\/tr>\n<tr>\n<td width=\"525\">Yogur<\/td>\n<td width=\"309\">0,05 &#8211; 0,2 g\/kg<\/td>\n<\/tr>\n<tr>\n<td width=\"525\">Embutidos<\/td>\n<td width=\"309\">0,1 &#8211; 0,2 g\/kg<\/td>\n<\/tr>\n<tr>\n<td width=\"525\">Carnes fr\u00edas<\/td>\n<td width=\"309\">0,1 &#8211; 0,3 g\/kg<\/td>\n<\/tr>\n<tr>\n<td width=\"525\">Mayonesa<\/td>\n<td width=\"309\">0,05 &#8211; 0,2 g\/kg<\/td>\n<\/tr>\n<tr>\n<td width=\"525\">Verduras<\/td>\n<td width=\"309\">0,05 &#8211; 0,2 g\/kg<\/td>\n<\/tr>\n<tr>\n<td width=\"525\">Frutas<\/td>\n<td width=\"309\">0,05 &#8211; 0,2 g\/kg<\/td>\n<\/tr>\n<tr>\n<td width=\"525\">Pescado en conserva<\/td>\n<td width=\"309\">0,1 &#8211; 0,2 g\/kg<\/td>\n<\/tr>\n<tr>\n<td width=\"525\">Marisco en escabeche<\/td>\n<td width=\"309\">0,1 &#8211; 0,3 g\/kg<\/td>\n<\/tr>\n<tr>\n<td width=\"525\">Ali\u00f1os para ensaladas<\/td>\n<td width=\"309\">0,05 &#8211; 0,2 g\/kg<\/td>\n<\/tr>\n<tr>\n<td width=\"525\">Adobos<\/td>\n<td width=\"309\">0,05 &#8211; 0,2 g\/kg<\/td>\n<\/tr>\n<\/tbody>\n<\/table>\n<h2><span class=\"ez-toc-section\" id=\"Sodium_Benzoate_has_a_wide_range_of_uses\"><\/span><strong><b>Sodium Benzoate<\/b><\/strong><strong><b> has a wide range of uses<\/b><\/strong><span class=\"ez-toc-section-end\"><\/span><\/h2>\n<ol>\n<li><strong>Conservantes:<\/strong> El benzoato de sodio tiene un efecto antibacteriano, que puede inhibir el crecimiento y la reproducci\u00f3n de varias bacterias Gram-positivas, levaduras, mohos y otros microorganismos. Por lo tanto, puede prevenir eficazmente que los alimentos se echen a perder y extender su vida \u00fatil.<\/li>\n<li><strong>Agente antibacteriano:<\/strong> El benzoato de sodio tiene un fuerte efecto antibacteriano sobre varias bacterias Gram-positivas y puede reducir eficazmente la cantidad de bacterias. Se puede utilizar para hacer aditivos alimentarios para reducir la contaminaci\u00f3n bacteriana en los alimentos y mejorar la seguridad alimentaria. Se puede convertir en una soluci\u00f3n para rociar o agregar directamente a los alimentos que se van a conservar.<\/li>\n<li><strong>Conservaci\u00f3n de alimentos:\u00a0<\/strong> El benzoato de sodio es un conservante de alimentos ampliamente utilizado que impide el crecimiento microbiano al alterar sus procesos metab\u00f3licos. A\u00f1adirlo a los alimentos puede reducir significativamente la cantidad de Escherichia coli y otras bacterias pat\u00f3genas, protegiendo as\u00ed la calidad y la seguridad de los alimentos.<\/li>\n<li><strong>Conservantes cosm\u00e9ticos:<\/strong> El benzoato de sodio es un conservante de amplio espectro que puede inhibir eficazmente el crecimiento de varios microorganismos cuando se usa en cosm\u00e9ticos. Debido a su alta seguridad, a menudo se usa como uno de los ingredientes conservantes en cosm\u00e9ticos.<\/li>\n<li><strong>Excipientes farmac\u00e9uticos:\u00a0<\/strong> El benzoato de sodio se puede utilizar como excipiente y disolvente en la producci\u00f3n de f\u00e1rmacos para ayudar a mejorar la estabilidad del f\u00e1rmaco. Para las preparaciones de administraci\u00f3n oral, se recomienda una prueba de absorci\u00f3n cut\u00e1nea completa para evaluar los riesgos potenciales.<\/li>\n<\/ol>\n<h2><span class=\"ez-toc-section\" id=\"Pregunta_formulada_por_un_usuario\"><\/span><strong><b>Pregunta formulada por un usuario:<\/b><\/strong><span class=\"ez-toc-section-end\"><\/span><\/h2>\n<p>Pregunta: \u00bfC\u00f3mo almacenar el benzoato de sodio?<\/p>\n<p>Respuesta:<\/p>\n<p>1. Entorno de almacenamiento: aseg\u00farese de almacenarlo en un lugar seco y bien ventilado, lejos de la luz solar directa.<\/p>\n<p>2. Recipiente de almacenamiento: se recomienda utilizar un recipiente bien sellado para evitar fugas.<\/p>\n<p>3. El \u00e1rea de almacenamiento debe estar alejada del fuego y las fuentes de calor, y est\u00e1 prohibido fumar y las llamas abiertas.<\/p>\n<p>4. Almacenamiento separado: debe almacenarse separado de oxidantes, \u00e1cidos y otros productos qu\u00edmicos. El almacenamiento mixto est\u00e1 prohibido.<\/p>\n<p>Pregunta: \u00bfQu\u00e9 alimentos son ricos en benzoato de sodio?<\/p>\n<p>Respuesta: Las frutas, las carnes procesadas, las bebidas carbonatadas, las salsas, las mermeladas y otros alimentos contienen de forma natural benzoato de sodio, que tambi\u00e9n se utiliza como aditivo alimentario.<\/p>\n<p>Pregunta: \u00bfPor qu\u00e9 el benzoato de sodio huele tan fuerte?<\/p>\n<p>Respuesta: En t\u00e9rminos generales, el benzoato de sodio tiene un ligero olor, pero no es fuerte. Las posibles razones son que se descompone durante el almacenamiento o el transporte, liberando el olor a \u00e1cido benzoico y sodio, o una reacci\u00f3n qu\u00edmica en determinadas condiciones provoca la formaci\u00f3n de olor, o la materia prima de producci\u00f3n no es \u00e1cido benzoico de grado alimenticio, sino \u00e1cido benzoico de grado industrial. Por supuesto, si necesita benzoato de sodio sin olor, tambi\u00e9n podemos proporcion\u00e1rselo.<\/p>\n","protected":false},"excerpt":{"rendered":"<ul>\n<li>CAS: 532-32-1<\/li>\n<li>F\u00f3rmula qu\u00edmica: C6H5COONa<\/li>\n<li>Certificaci\u00f3n: KOSHER, ISO, HALAL, FSSC22000, BRC, etc.<\/li>\n<li>Norma: BP\/USP\/FCC\/E211<\/li>\n<li>Cantidad m\u00ednima de pedido: 1000KG<\/li>\n<li>Caducidad: 2 a\u00f1os<\/li>\n<\/ul>\n","protected":false},"featured_media":5847,"template":"","meta":{"site-sidebar-layout":"default","site-content-layout":"","ast-site-content-layout":"default","site-content-style":"default","site-sidebar-style":"default","ast-global-header-display":"","ast-banner-title-visibility":"","ast-main-header-display":"","ast-hfb-above-header-display":"","ast-hfb-below-header-display":"","ast-hfb-mobile-header-display":"","site-post-title":"","ast-breadcrumbs-content":"","ast-featured-img":"","footer-sml-layout":"","theme-transparent-header-meta":"default","adv-header-id-meta":"","stick-header-meta":"","header-above-stick-meta":"","header-main-stick-meta":"","header-below-stick-meta":"","astra-migrate-meta-layouts":"set","ast-page-background-enabled":"default","ast-page-background-meta":{"desktop":{"background-color":"var(--ast-global-color-4)","background-image":"","background-repeat":"repeat","background-position":"center center","background-size":"auto","background-attachment":"scroll","background-type":"","background-media":"","overlay-type":"","overlay-color":"","overlay-opacity":"","overlay-gradient":""},"tablet":{"background-color":"","background-image":"","background-repeat":"repeat","background-position":"center center","background-size":"auto","background-attachment":"scroll","background-type":"","background-media":"","overlay-type":"","overlay-color":"","overlay-opacity":"","overlay-gradient":""},"mobile":{"background-color":"","background-image":"","background-repeat":"repeat","background-position":"center center","background-size":"auto","background-attachment":"scroll","background-type":"","background-media":"","overlay-type":"","overlay-color":"","overlay-opacity":"","overlay-gradient":""}},"ast-content-background-meta":{"desktop":{"background-color":"var(--ast-global-color-5)","background-image":"","background-repeat":"repeat","background-position":"center center","background-size":"auto","background-attachment":"scroll","background-type":"","background-media":"","overlay-type":"","overlay-color":"","overlay-opacity":"","overlay-gradient":""},"tablet":{"background-color":"var(--ast-global-color-5)","background-image":"","background-repeat":"repeat","background-position":"center center","background-size":"auto","background-attachment":"scroll","background-type":"","background-media":"","overlay-type":"","overlay-color":"","overlay-opacity":"","overlay-gradient":""},"mobile":{"background-color":"var(--ast-global-color-5)","background-image":"","background-repeat":"repeat","background-position":"center center","background-size":"auto","background-attachment":"scroll","background-type":"","background-media":"","overlay-type":"","overlay-color":"","overlay-opacity":"","overlay-gradient":""}}},"product_brand":[],"product_cat":[94],"product_tag":[],"class_list":{"0":"post-9700","1":"product","2":"type-product","3":"status-publish","4":"has-post-thumbnail","6":"product_cat-producto-conservante","7":"desktop-align-center","8":"tablet-align-left","9":"mobile-align-left","11":"first","12":"instock","13":"shipping-taxable","14":"product-type-simple"},"yoast_head":"<!-- This site is optimized with the Yoast SEO plugin v26.5 - https:\/\/yoast.com\/wordpress\/plugins\/seo\/ -->\n<title>Benzoato Sodio E211, Comprar Benzoato de Sodio a Precio Econ\u00f3mico | Niranbio Chemical<\/title>\n<meta name=\"description\" content=\"Nuestro benzoato de sodio E211 de grado alimenticio se presenta como un polvo blanco o gr\u00e1nulos, incluidos gr\u00e1nulos esf\u00e9ricos y cil\u00edndricos.\" \/>\n<meta name=\"robots\" content=\"noindex, follow, max-snippet:-1, max-image-preview:large, max-video-preview:-1\" \/>\n<meta name=\"twitter:label1\" content=\"Tiempo de lectura\" \/>\n\t<meta name=\"twitter:data1\" content=\"4 minutos\" \/>\n<script type=\"application\/ld+json\" class=\"yoast-schema-graph\">{\"@context\":\"https:\/\/schema.org\",\"@graph\":[{\"@type\":\"WebPage\",\"@id\":\"https:\/\/theo.niranbio.com\/es\/benzoato-de-sodio-de-grado-alimenticio.html\",\"url\":\"https:\/\/theo.niranbio.com\/es\/benzoato-de-sodio-de-grado-alimenticio.html\",\"name\":\"Benzoato Sodio E211, Comprar Benzoato de Sodio a Precio Econ\u00f3mico | Niranbio Chemical\",\"isPartOf\":{\"@id\":\"https:\/\/theo.niranbio.com\/es\/#website\"},\"primaryImageOfPage\":{\"@id\":\"https:\/\/theo.niranbio.com\/es\/benzoato-de-sodio-de-grado-alimenticio.html#primaryimage\"},\"image\":{\"@id\":\"https:\/\/theo.niranbio.com\/es\/benzoato-de-sodio-de-grado-alimenticio.html#primaryimage\"},\"thumbnailUrl\":\"https:\/\/theo.niranbio.com\/wp-content\/uploads\/2024\/06\/Sodium-Benzoate.webp\",\"datePublished\":\"2024-06-20T02:17:20+00:00\",\"dateModified\":\"2024-08-15T06:53:11+00:00\",\"description\":\"Nuestro benzoato de sodio E211 de grado alimenticio se presenta como un polvo blanco o gr\u00e1nulos, incluidos gr\u00e1nulos esf\u00e9ricos y cil\u00edndricos.\",\"breadcrumb\":{\"@id\":\"https:\/\/theo.niranbio.com\/es\/benzoato-de-sodio-de-grado-alimenticio.html#breadcrumb\"},\"inLanguage\":\"es\",\"potentialAction\":[{\"@type\":\"ReadAction\",\"target\":[\"https:\/\/theo.niranbio.com\/es\/benzoato-de-sodio-de-grado-alimenticio.html\"]}]},{\"@type\":\"ImageObject\",\"inLanguage\":\"es\",\"@id\":\"https:\/\/theo.niranbio.com\/es\/benzoato-de-sodio-de-grado-alimenticio.html#primaryimage\",\"url\":\"https:\/\/theo.niranbio.com\/wp-content\/uploads\/2024\/06\/Sodium-Benzoate.webp\",\"contentUrl\":\"https:\/\/theo.niranbio.com\/wp-content\/uploads\/2024\/06\/Sodium-Benzoate.webp\",\"width\":600,\"height\":600,\"caption\":\"Benzoato de sodio\"},{\"@type\":\"BreadcrumbList\",\"@id\":\"https:\/\/theo.niranbio.com\/es\/benzoato-de-sodio-de-grado-alimenticio.html#breadcrumb\",\"itemListElement\":[{\"@type\":\"ListItem\",\"position\":1,\"name\":\"Home\",\"item\":\"https:\/\/theo.niranbio.com\/es\/\"},{\"@type\":\"ListItem\",\"position\":2,\"name\":\"Productos\",\"item\":\"https:\/\/theo.niranbio.com\/es\/productos.html\"},{\"@type\":\"ListItem\",\"position\":3,\"name\":\"Conservante\",\"item\":\"https:\/\/theo.niranbio.com\/es\/producto-conservante\/\"},{\"@type\":\"ListItem\",\"position\":4,\"name\":\"Benzoato de sodio de grado alimenticio\"}]},{\"@type\":\"WebSite\",\"@id\":\"https:\/\/theo.niranbio.com\/es\/#website\",\"url\":\"https:\/\/theo.niranbio.com\/es\/\",\"name\":\"Niranbio Chemical\",\"description\":\"\",\"publisher\":{\"@id\":\"https:\/\/theo.niranbio.com\/es\/#organization\"},\"potentialAction\":[{\"@type\":\"SearchAction\",\"target\":{\"@type\":\"EntryPoint\",\"urlTemplate\":\"https:\/\/theo.niranbio.com\/es\/?s={search_term_string}\"},\"query-input\":{\"@type\":\"PropertyValueSpecification\",\"valueRequired\":true,\"valueName\":\"search_term_string\"}}],\"inLanguage\":\"es\"},{\"@type\":\"Organization\",\"@id\":\"https:\/\/theo.niranbio.com\/es\/#organization\",\"name\":\"Niranbio Chemical\",\"url\":\"https:\/\/theo.niranbio.com\/es\/\",\"logo\":{\"@type\":\"ImageObject\",\"inLanguage\":\"es\",\"@id\":\"https:\/\/theo.niranbio.com\/es\/#\/schema\/logo\/image\/\",\"url\":\"https:\/\/theo.niranbio.com\/wp-content\/uploads\/2024\/06\/Niranbio.png\",\"contentUrl\":\"https:\/\/theo.niranbio.com\/wp-content\/uploads\/2024\/06\/Niranbio.png\",\"width\":270,\"height\":100,\"caption\":\"Niranbio Chemical\"},\"image\":{\"@id\":\"https:\/\/theo.niranbio.com\/es\/#\/schema\/logo\/image\/\"}}]}<\/script>\n<!-- \/ Yoast SEO plugin. -->","yoast_head_json":{"title":"Benzoato Sodio E211, Comprar Benzoato de Sodio a Precio Econ\u00f3mico | Niranbio Chemical","description":"Nuestro benzoato de sodio E211 de grado alimenticio se presenta como un polvo blanco o gr\u00e1nulos, incluidos gr\u00e1nulos esf\u00e9ricos y cil\u00edndricos.","robots":{"index":"noindex","follow":"follow","max-snippet":"max-snippet:-1","max-image-preview":"max-image-preview:large","max-video-preview":"max-video-preview:-1"},"twitter_misc":{"Tiempo de lectura":"4 minutos"},"schema":{"@context":"https:\/\/schema.org","@graph":[{"@type":"WebPage","@id":"https:\/\/theo.niranbio.com\/es\/benzoato-de-sodio-de-grado-alimenticio.html","url":"https:\/\/theo.niranbio.com\/es\/benzoato-de-sodio-de-grado-alimenticio.html","name":"Benzoato Sodio E211, Comprar Benzoato de Sodio a Precio Econ\u00f3mico | Niranbio Chemical","isPartOf":{"@id":"https:\/\/theo.niranbio.com\/es\/#website"},"primaryImageOfPage":{"@id":"https:\/\/theo.niranbio.com\/es\/benzoato-de-sodio-de-grado-alimenticio.html#primaryimage"},"image":{"@id":"https:\/\/theo.niranbio.com\/es\/benzoato-de-sodio-de-grado-alimenticio.html#primaryimage"},"thumbnailUrl":"https:\/\/theo.niranbio.com\/wp-content\/uploads\/2024\/06\/Sodium-Benzoate.webp","datePublished":"2024-06-20T02:17:20+00:00","dateModified":"2024-08-15T06:53:11+00:00","description":"Nuestro benzoato de sodio E211 de grado alimenticio se presenta como un polvo blanco o gr\u00e1nulos, incluidos gr\u00e1nulos esf\u00e9ricos y cil\u00edndricos.","breadcrumb":{"@id":"https:\/\/theo.niranbio.com\/es\/benzoato-de-sodio-de-grado-alimenticio.html#breadcrumb"},"inLanguage":"es","potentialAction":[{"@type":"ReadAction","target":["https:\/\/theo.niranbio.com\/es\/benzoato-de-sodio-de-grado-alimenticio.html"]}]},{"@type":"ImageObject","inLanguage":"es","@id":"https:\/\/theo.niranbio.com\/es\/benzoato-de-sodio-de-grado-alimenticio.html#primaryimage","url":"https:\/\/theo.niranbio.com\/wp-content\/uploads\/2024\/06\/Sodium-Benzoate.webp","contentUrl":"https:\/\/theo.niranbio.com\/wp-content\/uploads\/2024\/06\/Sodium-Benzoate.webp","width":600,"height":600,"caption":"Benzoato de sodio"},{"@type":"BreadcrumbList","@id":"https:\/\/theo.niranbio.com\/es\/benzoato-de-sodio-de-grado-alimenticio.html#breadcrumb","itemListElement":[{"@type":"ListItem","position":1,"name":"Home","item":"https:\/\/theo.niranbio.com\/es\/"},{"@type":"ListItem","position":2,"name":"Productos","item":"https:\/\/theo.niranbio.com\/es\/productos.html"},{"@type":"ListItem","position":3,"name":"Conservante","item":"https:\/\/theo.niranbio.com\/es\/producto-conservante\/"},{"@type":"ListItem","position":4,"name":"Benzoato de sodio de grado alimenticio"}]},{"@type":"WebSite","@id":"https:\/\/theo.niranbio.com\/es\/#website","url":"https:\/\/theo.niranbio.com\/es\/","name":"Niranbio Chemical","description":"","publisher":{"@id":"https:\/\/theo.niranbio.com\/es\/#organization"},"potentialAction":[{"@type":"SearchAction","target":{"@type":"EntryPoint","urlTemplate":"https:\/\/theo.niranbio.com\/es\/?s={search_term_string}"},"query-input":{"@type":"PropertyValueSpecification","valueRequired":true,"valueName":"search_term_string"}}],"inLanguage":"es"},{"@type":"Organization","@id":"https:\/\/theo.niranbio.com\/es\/#organization","name":"Niranbio Chemical","url":"https:\/\/theo.niranbio.com\/es\/","logo":{"@type":"ImageObject","inLanguage":"es","@id":"https:\/\/theo.niranbio.com\/es\/#\/schema\/logo\/image\/","url":"https:\/\/theo.niranbio.com\/wp-content\/uploads\/2024\/06\/Niranbio.png","contentUrl":"https:\/\/theo.niranbio.com\/wp-content\/uploads\/2024\/06\/Niranbio.png","width":270,"height":100,"caption":"Niranbio Chemical"},"image":{"@id":"https:\/\/theo.niranbio.com\/es\/#\/schema\/logo\/image\/"}}]}},"_links":{"self":[{"href":"https:\/\/theo.niranbio.com\/es\/wp-json\/wp\/v2\/product\/9700","targetHints":{"allow":["GET"]}}],"collection":[{"href":"https:\/\/theo.niranbio.com\/es\/wp-json\/wp\/v2\/product"}],"about":[{"href":"https:\/\/theo.niranbio.com\/es\/wp-json\/wp\/v2\/types\/product"}],"version-history":[{"count":0,"href":"https:\/\/theo.niranbio.com\/es\/wp-json\/wp\/v2\/product\/9700\/revisions"}],"wp:featuredmedia":[{"embeddable":true,"href":"https:\/\/theo.niranbio.com\/es\/wp-json\/wp\/v2\/media\/5847"}],"wp:attachment":[{"href":"https:\/\/theo.niranbio.com\/es\/wp-json\/wp\/v2\/media?parent=9700"}],"wp:term":[{"taxonomy":"product_brand","embeddable":true,"href":"https:\/\/theo.niranbio.com\/es\/wp-json\/wp\/v2\/product_brand?post=9700"},{"taxonomy":"product_cat","embeddable":true,"href":"https:\/\/theo.niranbio.com\/es\/wp-json\/wp\/v2\/product_cat?post=9700"},{"taxonomy":"product_tag","embeddable":true,"href":"https:\/\/theo.niranbio.com\/es\/wp-json\/wp\/v2\/product_tag?post=9700"}],"curies":[{"name":"wp","href":"https:\/\/api.w.org\/{rel}","templated":true}]}}