{"id":9687,"date":"2024-06-20T11:30:24","date_gmt":"2024-06-20T03:30:24","guid":{"rendered":"https:\/\/theo.niranbio.com\/acido-l-aspartico\/"},"modified":"2024-08-15T19:16:12","modified_gmt":"2024-08-15T11:16:12","slug":"acido-l-aspartico","status":"publish","type":"product","link":"https:\/\/theo.niranbio.com\/es\/acido-l-aspartico.html","title":{"rendered":"\u00c1cido L-asp\u00e1rtico"},"content":{"rendered":"<h2><span class=\"ez-toc-section\" id=\"%C2%BFQue_es_el_acido_L-aspartico\"><\/span>\u00bfQu\u00e9 es el \u00e1cido L-asp\u00e1rtico?<span class=\"ez-toc-section-end\"><\/span><\/h2>\n<p>El \u00e1cido L-asp\u00e1rtico, conocido por su sabor ligeramente \u00e1cido, es un compuesto org\u00e1nico que se puede utilizar en la industria alimentaria como potenciador del sabor, regulador y potenciador nutricional. Es soluble en agua hirviendo, f\u00e1cilmente soluble en \u00e1cido diluido y aparece como cristales blancos o polvo cristalino.<\/p>\n<p>El \u00e1cido L-asp\u00e1rtico se puede preparar utilizando dos m\u00e9todos principales:<\/p>\n<p>1. El proceso de s\u00edntesis, que utiliza principalmente \u00e1cido fum\u00e1rico, \u00e1cido maleico o sus \u00e9steres como materias primas, los hidroliza despu\u00e9s de tratarlos bajo presi\u00f3n con amon\u00edaco. Si bien el \u00e1cido asp\u00e1rtico rac\u00e9mico es m\u00e1s simple de producir, no existe una forma perfecta de dividir el cuerpo rac\u00e9mico.<\/p>\n<p>2. El proceso de fermentaci\u00f3n implica la adici\u00f3n de \u00e1cido fum\u00e1rico y amon\u00edaco para producir un alto rendimiento de producto a trav\u00e9s de la actividad de las enzimas. Sin embargo, el proceso de producci\u00f3n industrial primario solo produce el is\u00f3mero lev\u00f3giro de alto rendimiento.<\/p>\n<h2><span class=\"ez-toc-section\" id=\"Parametros_relacionados\"><\/span>Par\u00e1metros relacionados:<span class=\"ez-toc-section-end\"><\/span><\/h2>\n<table>\n<tbody>\n<tr>\n<td><strong>Art\u00edculos<\/strong><\/td>\n<td><strong>Especificaci\u00f3n<\/strong><\/td>\n<\/tr>\n<tr>\n<td>P\u00e9rdida por desecaci\u00f3n(%)<\/td>\n<td>11.5 &#8211; 12.5<\/td>\n<\/tr>\n<tr>\n<td>Residuo en ignici\u00f3n(%)<\/td>\n<td>0,1 M\u00e1x<\/td>\n<\/tr>\n<tr>\n<td>Metales pesados(ppm)<\/td>\n<td>10,0 M\u00e1x<\/td>\n<\/tr>\n<tr>\n<td>As(ppm)<\/td>\n<td>1,0 M\u00e1x<\/td>\n<\/tr>\n<tr>\n<td>Fe(ppm)<\/td>\n<td>10,0 M\u00e1x<\/td>\n<\/tr>\n<tr>\n<td>pH<\/td>\n<td>4.4 &#8211; 6.4<\/td>\n<\/tr>\n<tr>\n<td>Estado de la soluci\u00f3n(%)<\/td>\n<td>98,0 Min<\/td>\n<\/tr>\n<tr>\n<td>Cl(%)<\/td>\n<td>0,02 M\u00e1x<\/td>\n<\/tr>\n<tr>\n<td>NH4(%)<\/td>\n<td>0,1 M\u00e1x<\/td>\n<\/tr>\n<tr>\n<td>SO4(%)<\/td>\n<td>0,02 M\u00e1x<\/td>\n<\/tr>\n<\/tbody>\n<\/table>\n<h2><span class=\"ez-toc-section\" id=\"Dosis_recomendada\"><\/span>Dosis recomendada:<span class=\"ez-toc-section-end\"><\/span><\/h2>\n<table>\n<tbody>\n<tr>\n<td><strong>Nombre del alimento<\/strong><\/td>\n<td><strong>Uso m\u00e1ximo (g\/kg)<\/strong><\/td>\n<\/tr>\n<tr>\n<td>Bebidas<\/td>\n<td>0,5-2,0 g\/kg<\/td>\n<\/tr>\n<tr>\n<td>Productos l\u00e1cteos<\/td>\n<td>0,5-1,0 g\/kg<\/td>\n<\/tr>\n<tr>\n<td>Condimentos<\/td>\n<td>1,0-3,0 g\/kg<\/td>\n<\/tr>\n<tr>\n<td>Salsa de soja<\/td>\n<td>1,0-2,0 g\/kg<\/td>\n<\/tr>\n<tr>\n<td>Productos c\u00e1rnicos<\/td>\n<td>1,0-2,0 g\/kg<\/td>\n<\/tr>\n<tr>\n<td>Embutidos<\/td>\n<td>1,0-2,0 g\/kg<\/td>\n<\/tr>\n<tr>\n<td>Jam\u00f3n<\/td>\n<td>1,0-2,0 g\/kg<\/td>\n<\/tr>\n<tr>\n<td>Patatas fritas<\/td>\n<td>0,5-1,0 g\/kg<\/td>\n<\/tr>\n<tr>\n<td>Galletas<\/td>\n<td>0,5-1,0 g\/kg<\/td>\n<\/tr>\n<tr>\n<td>Frutos de c\u00e1scara<\/td>\n<td>0,5-1,0 g\/kg<\/td>\n<\/tr>\n<tr>\n<td>Pan<\/td>\n<td>0,5-1,0 g\/kg<\/td>\n<\/tr>\n<tr>\n<td>Chocolate<\/td>\n<td>0,5-1,0 g\/kg<\/td>\n<\/tr>\n<tr>\n<td>Caramelo<\/td>\n<td>0,5-1,0 g\/kg<\/td>\n<\/tr>\n<\/tbody>\n<\/table>\n<h2><span class=\"ez-toc-section\" id=\"El_acido_L-aspartico_tiene_una_amplia_gama_de_usos\"><\/span>El \u00e1cido L-asp\u00e1rtico tiene una amplia gama de usos<span class=\"ez-toc-section-end\"><\/span><\/h2>\n<p>1. Potenciador del sabor: El \u00e1cido L-asp\u00e1rtico tiene un cierto sabor umami y se puede utilizar como potenciador del sabor y potenciador del sabor para realzar el sabor general de los alimentos. Puede ayudar a realzar el sabor de los alimentos y hacerlos m\u00e1s deliciosos, especialmente en condimentos, salsa de soja, alimentos listos para comer, etc.<\/p>\n<p>2. Potenciador de la nutrici\u00f3n: Como amino\u00e1cido, el \u00e1cido L-asp\u00e1rtico juega un papel importante en el cuerpo humano y es un componente importante de las prote\u00ednas. Se puede a\u00f1adir a los alimentos como potenciador nutricional para proporcionar amino\u00e1cidos adicionales y complementar las necesidades nutricionales del cuerpo humano.<\/p>\n<p>3. Regulador del pH: El \u00e1cido L-asp\u00e1rtico tiene una buena capacidad tamp\u00f3n y se puede utilizar como regulador del pH en los alimentos. Ayuda a mantener el equilibrio \u00e1cido-base de los alimentos y mejora la estabilidad y la textura de los alimentos, especialmente en bebidas, zumos, caramelos y otros alimentos que requieren control del pH.<\/p>\n<p>4. Conservantes y antioxidantes: La oxidaci\u00f3n de los alimentos se puede ralentizar y su frescura y sabor se pueden mantener gracias a las cualidades antioxidantes del \u00e1cido L-asp\u00e1rtico. En algunos alimentos, el efecto antioxidante del \u00e1cido L-asp\u00e1rtico puede reducir el deterioro de los alimentos y los problemas de vida \u00fatil.<\/p>\n<p>5. Promover la s\u00edntesis de prote\u00ednas: el \u00e1cido L-asp\u00e1rtico puede promover la s\u00edntesis y el metabolismo de las prote\u00ednas en el cuerpo, y tiene un efecto positivo en el apoyo al crecimiento y la reparaci\u00f3n muscular. A\u00f1adir \u00e1cido L-asp\u00e1rtico a los alimentos puede mejorar el valor nutricional de los mismos, especialmente para los atletas y los consumidores que necesitan desarrollar m\u00fasculo.<\/p>\n<h2><span class=\"ez-toc-section\" id=\"Pregunta_del_usuario\"><\/span>Pregunta del usuario:<span class=\"ez-toc-section-end\"><\/span><\/h2>\n<p>Pregunta: \u00bfCu\u00e1l es la diferencia entre el \u00e1cido D-asp\u00e1rtico y el \u00e1cido L-asp\u00e1rtico?<\/p>\n<p>Respuesta: El \u00e1cido L-asp\u00e1rtico y el \u00e1cido D-asp\u00e1rtico son dos enanti\u00f3meros del \u00e1cido asp\u00e1rtico, que son im\u00e1genes especulares en la estructura espacial. El \u00e1cido L-asp\u00e1rtico es la forma m\u00e1s com\u00fan en la naturaleza y est\u00e1 ampliamente presente en los organismos, especialmente en las prote\u00ednas, como un componente importante de los amino\u00e1cidos. La producci\u00f3n de energ\u00eda, la s\u00edntesis de neurotransmisores y el metabolismo de los amino\u00e1cidos dependen de \u00e9l. El \u00e1cido D-asp\u00e1rtico es menos com\u00fan y existe principalmente en algunos microorganismos. Su funci\u00f3n en los organismos es relativamente limitada y no participa en los principales procesos fisiol\u00f3gicos ni en la s\u00edntesis de prote\u00ednas. Aunque el \u00e1cido D-asp\u00e1rtico desempe\u00f1a un papel menor en la naturaleza, puede tener potencial de aplicaci\u00f3n en ciertas investigaciones cient\u00edficas y en el desarrollo de f\u00e1rmacos. El \u00e1cido L-asp\u00e1rtico es un aromatizante, potenciador nutricional y regulador del pH com\u00fan que se utiliza en productos alimenticios y art\u00edculos para el cuidado de la salud. Desempe\u00f1a un papel importante en diversos alimentos y bebidas, ayudando a ajustar el sabor y a mantener la estabilidad de los alimentos. El \u00e1cido D-asp\u00e1rtico tiene una actividad \u00f3ptica diestra, mientras que el \u00e1cido L-asp\u00e1rtico tiene una actividad \u00f3ptica lev\u00f3gira. Esta propiedad \u00f3ptica les confiere diferentes aplicaciones en el an\u00e1lisis y la s\u00edntesis. Las propiedades \u00f3pticas del \u00e1cido L-asp\u00e1rtico le permiten interactuar eficazmente con otras mol\u00e9culas del cuerpo, mientras que las aplicaciones del \u00e1cido D-asp\u00e1rtico se concentran principalmente en campos de investigaci\u00f3n espec\u00edficos.<\/p>\n","protected":false},"excerpt":{"rendered":"<ul>\n<li>CAS: 56-84-8<\/li>\n<li>F\u00f3rmula qu\u00edmica: C<sub>4<\/sub>H<sub>7<\/sub>NO<sub>4<\/sub><\/li>\n<li>Certificaci\u00f3n: KOSHER, ISO, HALAL, FSSC22000, BRC, etc.<\/li>\n<li>Cantidad m\u00ednima de pedido: 1000KG<\/li>\n<li>Caducidad: 2 a\u00f1os<\/li>\n<\/ul>\n","protected":false},"featured_media":11291,"template":"","meta":{"site-sidebar-layout":"default","site-content-layout":"","ast-site-content-layout":"default","site-content-style":"default","site-sidebar-style":"default","ast-global-header-display":"","ast-banner-title-visibility":"","ast-main-header-display":"","ast-hfb-above-header-display":"","ast-hfb-below-header-display":"","ast-hfb-mobile-header-display":"","site-post-title":"","ast-breadcrumbs-content":"","ast-featured-img":"","footer-sml-layout":"","theme-transparent-header-meta":"default","adv-header-id-meta":"","stick-header-meta":"","header-above-stick-meta":"","header-main-stick-meta":"","header-below-stick-meta":"","astra-migrate-meta-layouts":"set","ast-page-background-enabled":"default","ast-page-background-meta":{"desktop":{"background-color":"var(--ast-global-color-4)","background-image":"","background-repeat":"repeat","background-position":"center center","background-size":"auto","background-attachment":"scroll","background-type":"","background-media":"","overlay-type":"","overlay-color":"","overlay-opacity":"","overlay-gradient":""},"tablet":{"background-color":"","background-image":"","background-repeat":"repeat","background-position":"center center","background-size":"auto","background-attachment":"scroll","background-type":"","background-media":"","overlay-type":"","overlay-color":"","overlay-opacity":"","overlay-gradient":""},"mobile":{"background-color":"","background-image":"","background-repeat":"repeat","background-position":"center center","background-size":"auto","background-attachment":"scroll","background-type":"","background-media":"","overlay-type":"","overlay-color":"","overlay-opacity":"","overlay-gradient":""}},"ast-content-background-meta":{"desktop":{"background-color":"var(--ast-global-color-5)","background-image":"","background-repeat":"repeat","background-position":"center center","background-size":"auto","background-attachment":"scroll","background-type":"","background-media":"","overlay-type":"","overlay-color":"","overlay-opacity":"","overlay-gradient":""},"tablet":{"background-color":"var(--ast-global-color-5)","background-image":"","background-repeat":"repeat","background-position":"center center","background-size":"auto","background-attachment":"scroll","background-type":"","background-media":"","overlay-type":"","overlay-color":"","overlay-opacity":"","overlay-gradient":""},"mobile":{"background-color":"var(--ast-global-color-5)","background-image":"","background-repeat":"repeat","background-position":"center center","background-size":"auto","background-attachment":"scroll","background-type":"","background-media":"","overlay-type":"","overlay-color":"","overlay-opacity":"","overlay-gradient":""}}},"product_brand":[],"product_cat":[90],"product_tag":[],"class_list":{"0":"post-9687","1":"product","2":"type-product","3":"status-publish","4":"has-post-thumbnail","6":"product_cat-producto-potenciador-de-la-nutricion","7":"desktop-align-center","8":"tablet-align-left","9":"mobile-align-left","11":"first","12":"instock","13":"shipping-taxable","14":"product-type-simple"},"yoast_head":"<!-- This site is optimized with the Yoast SEO plugin v26.5 - https:\/\/yoast.com\/wordpress\/plugins\/seo\/ -->\n<title>Proveedor de \u00c1cido L-asp\u00e1rtico, Polvo de \u00c1cido L-asp\u00e1rtico de Calidad Alimentaria | Niranbio Chemical<\/title>\n<meta name=\"description\" content=\"Nuestro \u00e1cido L-asp\u00e1rtico se presenta en forma de cristales blancos o polvo cristalino que se puede utilizar en la industria alimentaria como potenciador del sabor, regulador y potenciador nutricional.\" \/>\n<meta name=\"robots\" content=\"noindex, follow, max-snippet:-1, max-image-preview:large, max-video-preview:-1\" \/>\n<meta name=\"twitter:label1\" content=\"Tiempo de lectura\" \/>\n\t<meta name=\"twitter:data1\" content=\"4 minutos\" \/>\n<script type=\"application\/ld+json\" class=\"yoast-schema-graph\">{\"@context\":\"https:\/\/schema.org\",\"@graph\":[{\"@type\":\"WebPage\",\"@id\":\"https:\/\/theo.niranbio.com\/es\/acido-l-aspartico.html\",\"url\":\"https:\/\/theo.niranbio.com\/es\/acido-l-aspartico.html\",\"name\":\"Proveedor de \u00c1cido L-asp\u00e1rtico, Polvo de \u00c1cido L-asp\u00e1rtico de Calidad Alimentaria | Niranbio Chemical\",\"isPartOf\":{\"@id\":\"https:\/\/theo.niranbio.com\/es\/#website\"},\"primaryImageOfPage\":{\"@id\":\"https:\/\/theo.niranbio.com\/es\/acido-l-aspartico.html#primaryimage\"},\"image\":{\"@id\":\"https:\/\/theo.niranbio.com\/es\/acido-l-aspartico.html#primaryimage\"},\"thumbnailUrl\":\"https:\/\/theo.niranbio.com\/wp-content\/uploads\/2024\/06\/L-Aspartic-Acid.jpg\",\"datePublished\":\"2024-06-20T03:30:24+00:00\",\"dateModified\":\"2024-08-15T11:16:12+00:00\",\"description\":\"Nuestro \u00e1cido L-asp\u00e1rtico se presenta en forma de cristales blancos o polvo cristalino que se puede utilizar en la industria alimentaria como potenciador del sabor, regulador y potenciador nutricional.\",\"breadcrumb\":{\"@id\":\"https:\/\/theo.niranbio.com\/es\/acido-l-aspartico.html#breadcrumb\"},\"inLanguage\":\"es\",\"potentialAction\":[{\"@type\":\"ReadAction\",\"target\":[\"https:\/\/theo.niranbio.com\/es\/acido-l-aspartico.html\"]}]},{\"@type\":\"ImageObject\",\"inLanguage\":\"es\",\"@id\":\"https:\/\/theo.niranbio.com\/es\/acido-l-aspartico.html#primaryimage\",\"url\":\"https:\/\/theo.niranbio.com\/wp-content\/uploads\/2024\/06\/L-Aspartic-Acid.jpg\",\"contentUrl\":\"https:\/\/theo.niranbio.com\/wp-content\/uploads\/2024\/06\/L-Aspartic-Acid.jpg\",\"width\":600,\"height\":600,\"caption\":\"L-Aspartic Acid\"},{\"@type\":\"BreadcrumbList\",\"@id\":\"https:\/\/theo.niranbio.com\/es\/acido-l-aspartico.html#breadcrumb\",\"itemListElement\":[{\"@type\":\"ListItem\",\"position\":1,\"name\":\"Home\",\"item\":\"https:\/\/theo.niranbio.com\/es\/\"},{\"@type\":\"ListItem\",\"position\":2,\"name\":\"Productos\",\"item\":\"https:\/\/theo.niranbio.com\/es\/productos.html\"},{\"@type\":\"ListItem\",\"position\":3,\"name\":\"Potenciador de la Nutrici\u00f3n\",\"item\":\"https:\/\/theo.niranbio.com\/es\/producto-potenciador-de-la-nutricion\/\"},{\"@type\":\"ListItem\",\"position\":4,\"name\":\"\u00c1cido L-asp\u00e1rtico\"}]},{\"@type\":\"WebSite\",\"@id\":\"https:\/\/theo.niranbio.com\/es\/#website\",\"url\":\"https:\/\/theo.niranbio.com\/es\/\",\"name\":\"Niranbio Chemical\",\"description\":\"\",\"publisher\":{\"@id\":\"https:\/\/theo.niranbio.com\/es\/#organization\"},\"potentialAction\":[{\"@type\":\"SearchAction\",\"target\":{\"@type\":\"EntryPoint\",\"urlTemplate\":\"https:\/\/theo.niranbio.com\/es\/?s={search_term_string}\"},\"query-input\":{\"@type\":\"PropertyValueSpecification\",\"valueRequired\":true,\"valueName\":\"search_term_string\"}}],\"inLanguage\":\"es\"},{\"@type\":\"Organization\",\"@id\":\"https:\/\/theo.niranbio.com\/es\/#organization\",\"name\":\"Niranbio Chemical\",\"url\":\"https:\/\/theo.niranbio.com\/es\/\",\"logo\":{\"@type\":\"ImageObject\",\"inLanguage\":\"es\",\"@id\":\"https:\/\/theo.niranbio.com\/es\/#\/schema\/logo\/image\/\",\"url\":\"https:\/\/theo.niranbio.com\/wp-content\/uploads\/2024\/06\/Niranbio.png\",\"contentUrl\":\"https:\/\/theo.niranbio.com\/wp-content\/uploads\/2024\/06\/Niranbio.png\",\"width\":270,\"height\":100,\"caption\":\"Niranbio Chemical\"},\"image\":{\"@id\":\"https:\/\/theo.niranbio.com\/es\/#\/schema\/logo\/image\/\"}}]}<\/script>\n<!-- \/ Yoast SEO plugin. -->","yoast_head_json":{"title":"Proveedor de \u00c1cido L-asp\u00e1rtico, Polvo de \u00c1cido L-asp\u00e1rtico de Calidad Alimentaria | Niranbio Chemical","description":"Nuestro \u00e1cido L-asp\u00e1rtico se presenta en forma de cristales blancos o polvo cristalino que se puede utilizar en la industria alimentaria como potenciador del sabor, regulador y potenciador nutricional.","robots":{"index":"noindex","follow":"follow","max-snippet":"max-snippet:-1","max-image-preview":"max-image-preview:large","max-video-preview":"max-video-preview:-1"},"twitter_misc":{"Tiempo de lectura":"4 minutos"},"schema":{"@context":"https:\/\/schema.org","@graph":[{"@type":"WebPage","@id":"https:\/\/theo.niranbio.com\/es\/acido-l-aspartico.html","url":"https:\/\/theo.niranbio.com\/es\/acido-l-aspartico.html","name":"Proveedor de \u00c1cido L-asp\u00e1rtico, Polvo de \u00c1cido L-asp\u00e1rtico de Calidad Alimentaria | Niranbio Chemical","isPartOf":{"@id":"https:\/\/theo.niranbio.com\/es\/#website"},"primaryImageOfPage":{"@id":"https:\/\/theo.niranbio.com\/es\/acido-l-aspartico.html#primaryimage"},"image":{"@id":"https:\/\/theo.niranbio.com\/es\/acido-l-aspartico.html#primaryimage"},"thumbnailUrl":"https:\/\/theo.niranbio.com\/wp-content\/uploads\/2024\/06\/L-Aspartic-Acid.jpg","datePublished":"2024-06-20T03:30:24+00:00","dateModified":"2024-08-15T11:16:12+00:00","description":"Nuestro \u00e1cido L-asp\u00e1rtico se presenta en forma de cristales blancos o polvo cristalino que se puede utilizar en la industria alimentaria como potenciador del sabor, regulador y potenciador nutricional.","breadcrumb":{"@id":"https:\/\/theo.niranbio.com\/es\/acido-l-aspartico.html#breadcrumb"},"inLanguage":"es","potentialAction":[{"@type":"ReadAction","target":["https:\/\/theo.niranbio.com\/es\/acido-l-aspartico.html"]}]},{"@type":"ImageObject","inLanguage":"es","@id":"https:\/\/theo.niranbio.com\/es\/acido-l-aspartico.html#primaryimage","url":"https:\/\/theo.niranbio.com\/wp-content\/uploads\/2024\/06\/L-Aspartic-Acid.jpg","contentUrl":"https:\/\/theo.niranbio.com\/wp-content\/uploads\/2024\/06\/L-Aspartic-Acid.jpg","width":600,"height":600,"caption":"L-Aspartic Acid"},{"@type":"BreadcrumbList","@id":"https:\/\/theo.niranbio.com\/es\/acido-l-aspartico.html#breadcrumb","itemListElement":[{"@type":"ListItem","position":1,"name":"Home","item":"https:\/\/theo.niranbio.com\/es\/"},{"@type":"ListItem","position":2,"name":"Productos","item":"https:\/\/theo.niranbio.com\/es\/productos.html"},{"@type":"ListItem","position":3,"name":"Potenciador de la Nutrici\u00f3n","item":"https:\/\/theo.niranbio.com\/es\/producto-potenciador-de-la-nutricion\/"},{"@type":"ListItem","position":4,"name":"\u00c1cido L-asp\u00e1rtico"}]},{"@type":"WebSite","@id":"https:\/\/theo.niranbio.com\/es\/#website","url":"https:\/\/theo.niranbio.com\/es\/","name":"Niranbio Chemical","description":"","publisher":{"@id":"https:\/\/theo.niranbio.com\/es\/#organization"},"potentialAction":[{"@type":"SearchAction","target":{"@type":"EntryPoint","urlTemplate":"https:\/\/theo.niranbio.com\/es\/?s={search_term_string}"},"query-input":{"@type":"PropertyValueSpecification","valueRequired":true,"valueName":"search_term_string"}}],"inLanguage":"es"},{"@type":"Organization","@id":"https:\/\/theo.niranbio.com\/es\/#organization","name":"Niranbio Chemical","url":"https:\/\/theo.niranbio.com\/es\/","logo":{"@type":"ImageObject","inLanguage":"es","@id":"https:\/\/theo.niranbio.com\/es\/#\/schema\/logo\/image\/","url":"https:\/\/theo.niranbio.com\/wp-content\/uploads\/2024\/06\/Niranbio.png","contentUrl":"https:\/\/theo.niranbio.com\/wp-content\/uploads\/2024\/06\/Niranbio.png","width":270,"height":100,"caption":"Niranbio Chemical"},"image":{"@id":"https:\/\/theo.niranbio.com\/es\/#\/schema\/logo\/image\/"}}]}},"_links":{"self":[{"href":"https:\/\/theo.niranbio.com\/es\/wp-json\/wp\/v2\/product\/9687","targetHints":{"allow":["GET"]}}],"collection":[{"href":"https:\/\/theo.niranbio.com\/es\/wp-json\/wp\/v2\/product"}],"about":[{"href":"https:\/\/theo.niranbio.com\/es\/wp-json\/wp\/v2\/types\/product"}],"version-history":[{"count":0,"href":"https:\/\/theo.niranbio.com\/es\/wp-json\/wp\/v2\/product\/9687\/revisions"}],"wp:featuredmedia":[{"embeddable":true,"href":"https:\/\/theo.niranbio.com\/es\/wp-json\/wp\/v2\/media\/11291"}],"wp:attachment":[{"href":"https:\/\/theo.niranbio.com\/es\/wp-json\/wp\/v2\/media?parent=9687"}],"wp:term":[{"taxonomy":"product_brand","embeddable":true,"href":"https:\/\/theo.niranbio.com\/es\/wp-json\/wp\/v2\/product_brand?post=9687"},{"taxonomy":"product_cat","embeddable":true,"href":"https:\/\/theo.niranbio.com\/es\/wp-json\/wp\/v2\/product_cat?post=9687"},{"taxonomy":"product_tag","embeddable":true,"href":"https:\/\/theo.niranbio.com\/es\/wp-json\/wp\/v2\/product_tag?post=9687"}],"curies":[{"name":"wp","href":"https:\/\/api.w.org\/{rel}","templated":true}]}}