{"id":9686,"date":"2024-06-20T11:48:21","date_gmt":"2024-06-20T03:48:21","guid":{"rendered":"https:\/\/theo.niranbio.com\/arroz-de-levadura-roja\/"},"modified":"2024-08-15T14:47:54","modified_gmt":"2024-08-15T06:47:54","slug":"arroz-de-levadura-roja","status":"publish","type":"product","link":"https:\/\/theo.niranbio.com\/es\/arroz-de-levadura-roja.html","title":{"rendered":"Arroz de levadura roja"},"content":{"rendered":"<h2><span class=\"ez-toc-section\" id=\"%C2%BFQue_es_el_arroz_de_levadura_roja\"><\/span>\u00bfQu\u00e9 es el arroz de levadura roja?<span class=\"ez-toc-section-end\"><\/span><\/h2>\n<p>El arroz de levadura roja es un producto natural elaborado a partir de arroz fermentado por monascus purpureus, que se utiliza principalmente en colorantes alimentarios y productos para la salud. Su color rojo brillante proviene de la monascusina y el monascus, mientras que la lovastatina tiene el efecto de reducir el colesterol. El arroz de levadura roja se utiliza en la industria alimentaria para mejorar el color y el sabor, en productos para la salud para reducir los niveles de colesterol y como material medicinal en la medicina tradicional.<\/p>\n<p>El proceso de preparaci\u00f3n del arroz de levadura roja de calidad alimentaria incluye principalmente la fermentaci\u00f3n tradicional, la fermentaci\u00f3n l\u00edquida y la tecnolog\u00eda de fermentaci\u00f3n moderna. El m\u00e9todo de fermentaci\u00f3n tradicional es el proceso m\u00e1s antiguo, que consiste en fermentar el arroz en un entorno controlado despu\u00e9s de inocularlo con monascus purpureus y luego secarlo. Este m\u00e9todo es simple y de bajo costo, pero el ciclo de fermentaci\u00f3n es largo y el rendimiento y la concentraci\u00f3n de pigmentos son bajos.<\/p>\n<p>El m\u00e9todo de fermentaci\u00f3n l\u00edquida utiliza un medio de cultivo l\u00edquido para la fermentaci\u00f3n. Este m\u00e9todo permite controlar mejor las condiciones de fermentaci\u00f3n, como la temperatura y el valor de pH, mejorando as\u00ed el rendimiento y la calidad de la monascusina. Despu\u00e9s de la fermentaci\u00f3n, la monascusina se extrae mediante filtraci\u00f3n y concentraci\u00f3n. Este proceso puede producir m\u00e1s pigmento en una concentraci\u00f3n m\u00e1s alta y es adecuado para la fabricaci\u00f3n a gran escala. La tecnolog\u00eda de fermentaci\u00f3n moderna se optimiza sobre la base de la fermentaci\u00f3n tradicional y l\u00edquida, utilizando sistemas automatizados para controlar con precisi\u00f3n las condiciones de fermentaci\u00f3n y mejorando los medios de cultivo y la tecnolog\u00eda de posprocesamiento para mejorar la eficiencia de la producci\u00f3n y la consistencia del producto. Este proceso se ha convertido en algo habitual porque no solo mejora el rendimiento y la calidad, sino que tambi\u00e9n garantiza la estabilidad del producto y la seguridad alimentaria.<\/p>\n<h2><span class=\"ez-toc-section\" id=\"Parametros_relacionados\"><\/span>Par\u00e1metros relacionados:<span class=\"ez-toc-section-end\"><\/span><\/h2>\n<table>\n<tbody>\n<tr>\n<td>ART\u00cdCULOS<\/td>\n<td>EST\u00c1NDAR<\/td>\n<\/tr>\n<tr>\n<td>Densidad del grifo<\/td>\n<td>0,79-1,0 g\/ml<\/td>\n<\/tr>\n<tr>\n<td>Humedad<\/td>\n<td>\u2264 10<\/td>\n<\/tr>\n<tr>\n<td>Metal pesado(Pb),ppm<\/td>\n<td>\u2264 1<\/td>\n<\/tr>\n<tr>\n<td>As,ppm<\/td>\n<td>\u2264 1<\/td>\n<\/tr>\n<tr>\n<td>Aflatoxina B1\uff0cppb<\/td>\n<td>\u2264 5.0<\/td>\n<\/tr>\n<tr>\n<td>Citrinina(l\u00edmite de prueba\u226450ppb)<\/td>\n<td>No detectado<\/td>\n<\/tr>\n<tr>\n<td>Levadura<\/td>\n<td>\u226425 ufc\/g<\/td>\n<\/tr>\n<tr>\n<td>Moho<\/td>\n<td>\u226425 ufc\/g<\/td>\n<\/tr>\n<tr>\n<td>Placa total<\/td>\n<td>\u22641000 ufc\/g<\/td>\n<\/tr>\n<tr>\n<td>E. coli<\/td>\n<td>\u226430 ufc\/g<\/td>\n<\/tr>\n<tr>\n<td>Bacterias pat\u00f3genas<\/td>\n<td>Ausencia<\/td>\n<\/tr>\n<\/tbody>\n<\/table>\n<h2><span class=\"ez-toc-section\" id=\"Dosis_recomendada\"><\/span>Dosis recomendada:<span class=\"ez-toc-section-end\"><\/span><\/h2>\n<table>\n<tbody>\n<tr>\n<td>Nombre del alimento<\/td>\n<td>Uso m\u00e1ximo(g\/kg)<\/td>\n<\/tr>\n<tr>\n<td>Chocolate<\/td>\n<td>0,1 &#8211; 0,5 g\/kg<\/td>\n<\/tr>\n<tr>\n<td>Galletas<\/td>\n<td>0,1 &#8211; 0,3 g\/kg<\/td>\n<\/tr>\n<tr>\n<td>Caramelo<\/td>\n<td>0,2 &#8211; 0,5 g\/kg<\/td>\n<\/tr>\n<tr>\n<td>Bebidas<\/td>\n<td>0,1 &#8211; 0,3 g\/kg<\/td>\n<\/tr>\n<tr>\n<td>Condimentos<\/td>\n<td>0,2 &#8211; 0,5 g\/kg<\/td>\n<\/tr>\n<tr>\n<td>Productos l\u00e1cteos<\/td>\n<td>0,1 &#8211; 0,2 g\/kg<\/td>\n<\/tr>\n<tr>\n<td>Productos c\u00e1rnicos<\/td>\n<td>0,1 &#8211; 0,2 g\/kg<\/td>\n<\/tr>\n<tr>\n<td>Bebidas energ\u00e9ticas<\/td>\n<td>0,1 &#8211; 0,2 g\/kg<\/td>\n<\/tr>\n<tr>\n<td>Productos de panader\u00eda<\/td>\n<td>0,1 &#8211; 0,2 g\/kg<\/td>\n<\/tr>\n<tr>\n<td>Ali\u00f1os para ensaladas<\/td>\n<td>0,1 &#8211; 0,3 g\/kg<\/td>\n<\/tr>\n<tr>\n<td>Suplementos prote\u00ednicos<\/td>\n<td>0,1 &#8211; 0,3 g\/kg<\/td>\n<\/tr>\n<tr>\n<td>Condimento para barbacoa<\/td>\n<td>0,1 &#8211; 0,3 g\/kg<\/td>\n<\/tr>\n<tr>\n<td>Suplementos diet\u00e9ticos<\/td>\n<td>0,1 &#8211; 0,5 g\/kg<\/td>\n<\/tr>\n<\/tbody>\n<\/table>\n<h2><span class=\"ez-toc-section\" id=\"El_arroz_de_levadura_roja_tiene_una_amplia_gama_de_usos\"><\/span>El arroz de levadura roja tiene una amplia gama de usos<span class=\"ez-toc-section-end\"><\/span><\/h2>\n<ol>\n<li>Colorante natural: el pigmento del arroz de levadura roja le da un color rojo brillante, por lo que se utiliza ampliamente como colorante natural para alimentos y bebidas. En comparaci\u00f3n con los pigmentos sint\u00e9ticos, el arroz de levadura roja proporciona una soluci\u00f3n de color natural para una variedad de alimentos como chocolate, pasteles, helados, etc.<\/li>\n<li>Reducci\u00f3n del colesterol: el arroz de levadura roja contiene el ingrediente activo lovastatina, un compuesto de estatina natural que tiene un efecto reductor del colesterol. La lovastatina reduce los niveles de colesterol en sangre al inhibir la HMG-CoA reductasa, lo que ayuda a prevenir y tratar la hipercolesterolemia y la aterosclerosis.<\/li>\n<li>Mejora el sabor: en algunos alimentos, el arroz de levadura roja no solo se utiliza como colorante, sino que tambi\u00e9n proporciona un sabor \u00fanico. Sus productos fermentados pueden mejorar el sabor de los alimentos, especialmente en algunos alimentos y condimentos tradicionales, como la salsa de soja y las salsas para condimentar.<\/li>\n<li>Funci\u00f3n de salud alimentaria: algunos componentes del arroz de levadura roja tienen propiedades antioxidantes y otros posibles beneficios para la salud. En algunos productos para la salud, se utiliza como un suplemento que puede ayudar a mejorar la salud de la sangre y el metabolismo en general.<\/li>\n<\/ol>\n<h2><span class=\"ez-toc-section\" id=\"Pregunta_formulada_por_un_usuario\"><\/span>Pregunta formulada por un usuario:<span class=\"ez-toc-section-end\"><\/span><\/h2>\n<p>Pregunta: \u00bfComer demasiado arroz de levadura roja de calidad alimentaria provocar\u00e1 un aumento del colesterol en sangre?<\/p>\n<p>Respuesta: El consumo excesivo de arroz de levadura roja de calidad alimentaria puede suponer riesgos para la salud, principalmente debido al ingrediente activo lovastatina que contiene. Aunque la lovastatina ayuda a reducir el colesterol, la ingesta excesiva puede provocar dolor muscular, calambres o da\u00f1o muscular, y tambi\u00e9n puede causar problemas hep\u00e1ticos, como niveles elevados de enzimas hep\u00e1ticas y funci\u00f3n hep\u00e1tica anormal.<\/p>\n<p>Adem\u00e1s, el exceso de arroz de levadura roja puede provocar niveles anormales de colesterol. Aunque su funci\u00f3n principal es reducir el colesterol, la ingesta excesiva puede provocar malestar f\u00edsico. Las dosis excesivas de arroz de levadura roja pueden interactuar potencialmente con otros medicamentos, aumentando la posibilidad de efectos secundarios negativos.<\/p>\n","protected":false},"excerpt":{"rendered":"<ul>\n<li>CAS: 28755-30-6<\/li>\n<li>F\u00f3rmula qu\u00edmica: C21H22O5<\/li>\n<li>Certificaciones: KOSHER, ISO, HALAL, FSSC 22000, BRC, etc.<\/li>\n<li>Cantidad m\u00ednima de pedido: 1000KG<\/li>\n<li>Caducidad: 2 a\u00f1os<\/li>\n<\/ul>\n","protected":false},"featured_media":5632,"template":"","meta":{"site-sidebar-layout":"default","site-content-layout":"","ast-site-content-layout":"default","site-content-style":"default","site-sidebar-style":"default","ast-global-header-display":"","ast-banner-title-visibility":"","ast-main-header-display":"","ast-hfb-above-header-display":"","ast-hfb-below-header-display":"","ast-hfb-mobile-header-display":"","site-post-title":"","ast-breadcrumbs-content":"","ast-featured-img":"","footer-sml-layout":"","theme-transparent-header-meta":"default","adv-header-id-meta":"","stick-header-meta":"","header-above-stick-meta":"","header-main-stick-meta":"","header-below-stick-meta":"","astra-migrate-meta-layouts":"set","ast-page-background-enabled":"default","ast-page-background-meta":{"desktop":{"background-color":"var(--ast-global-color-4)","background-image":"","background-repeat":"repeat","background-position":"center center","background-size":"auto","background-attachment":"scroll","background-type":"","background-media":"","overlay-type":"","overlay-color":"","overlay-opacity":"","overlay-gradient":""},"tablet":{"background-color":"","background-image":"","background-repeat":"repeat","background-position":"center center","background-size":"auto","background-attachment":"scroll","background-type":"","background-media":"","overlay-type":"","overlay-color":"","overlay-opacity":"","overlay-gradient":""},"mobile":{"background-color":"","background-image":"","background-repeat":"repeat","background-position":"center center","background-size":"auto","background-attachment":"scroll","background-type":"","background-media":"","overlay-type":"","overlay-color":"","overlay-opacity":"","overlay-gradient":""}},"ast-content-background-meta":{"desktop":{"background-color":"var(--ast-global-color-5)","background-image":"","background-repeat":"repeat","background-position":"center center","background-size":"auto","background-attachment":"scroll","background-type":"","background-media":"","overlay-type":"","overlay-color":"","overlay-opacity":"","overlay-gradient":""},"tablet":{"background-color":"var(--ast-global-color-5)","background-image":"","background-repeat":"repeat","background-position":"center center","background-size":"auto","background-attachment":"scroll","background-type":"","background-media":"","overlay-type":"","overlay-color":"","overlay-opacity":"","overlay-gradient":""},"mobile":{"background-color":"var(--ast-global-color-5)","background-image":"","background-repeat":"repeat","background-position":"center center","background-size":"auto","background-attachment":"scroll","background-type":"","background-media":"","overlay-type":"","overlay-color":"","overlay-opacity":"","overlay-gradient":""}}},"product_brand":[],"product_cat":[84],"product_tag":[],"class_list":{"0":"post-9686","1":"product","2":"type-product","3":"status-publish","4":"has-post-thumbnail","6":"product_cat-producto-colorante","7":"desktop-align-center","8":"tablet-align-left","9":"mobile-align-left","11":"first","12":"instock","13":"shipping-taxable","14":"product-type-simple"},"yoast_head":"<!-- This site is optimized with the Yoast SEO plugin v26.5 - https:\/\/yoast.com\/wordpress\/plugins\/seo\/ -->\n<title>Proveedor de Arroz de Levadura Roja, Polvo de Arroz de Levadura Roja a Granel | Niranbio Chemical<\/title>\n<meta name=\"description\" content=\"El pigmento del arroz de levadura roja le da un color rojo brillante, por lo que se usa ampliamente como colorante natural para alimentos y bebidas.\" \/>\n<meta name=\"robots\" content=\"noindex, follow, max-snippet:-1, max-image-preview:large, max-video-preview:-1\" \/>\n<meta name=\"twitter:label1\" content=\"Tiempo de lectura\" \/>\n\t<meta name=\"twitter:data1\" content=\"4 minutos\" \/>\n<script type=\"application\/ld+json\" class=\"yoast-schema-graph\">{\"@context\":\"https:\/\/schema.org\",\"@graph\":[{\"@type\":\"WebPage\",\"@id\":\"https:\/\/theo.niranbio.com\/es\/arroz-de-levadura-roja.html\",\"url\":\"https:\/\/theo.niranbio.com\/es\/arroz-de-levadura-roja.html\",\"name\":\"Proveedor de Arroz de Levadura Roja, Polvo de Arroz de Levadura Roja a Granel | Niranbio Chemical\",\"isPartOf\":{\"@id\":\"https:\/\/theo.niranbio.com\/es\/#website\"},\"primaryImageOfPage\":{\"@id\":\"https:\/\/theo.niranbio.com\/es\/arroz-de-levadura-roja.html#primaryimage\"},\"image\":{\"@id\":\"https:\/\/theo.niranbio.com\/es\/arroz-de-levadura-roja.html#primaryimage\"},\"thumbnailUrl\":\"https:\/\/theo.niranbio.com\/wp-content\/uploads\/2024\/06\/Red-Yeast-Rice.webp\",\"datePublished\":\"2024-06-20T03:48:21+00:00\",\"dateModified\":\"2024-08-15T06:47:54+00:00\",\"description\":\"El pigmento del arroz de levadura roja le da un color rojo brillante, por lo que se usa ampliamente como colorante natural para alimentos y bebidas.\",\"breadcrumb\":{\"@id\":\"https:\/\/theo.niranbio.com\/es\/arroz-de-levadura-roja.html#breadcrumb\"},\"inLanguage\":\"es\",\"potentialAction\":[{\"@type\":\"ReadAction\",\"target\":[\"https:\/\/theo.niranbio.com\/es\/arroz-de-levadura-roja.html\"]}]},{\"@type\":\"ImageObject\",\"inLanguage\":\"es\",\"@id\":\"https:\/\/theo.niranbio.com\/es\/arroz-de-levadura-roja.html#primaryimage\",\"url\":\"https:\/\/theo.niranbio.com\/wp-content\/uploads\/2024\/06\/Red-Yeast-Rice.webp\",\"contentUrl\":\"https:\/\/theo.niranbio.com\/wp-content\/uploads\/2024\/06\/Red-Yeast-Rice.webp\",\"width\":600,\"height\":600,\"caption\":\"Arroz de levadura roja\"},{\"@type\":\"BreadcrumbList\",\"@id\":\"https:\/\/theo.niranbio.com\/es\/arroz-de-levadura-roja.html#breadcrumb\",\"itemListElement\":[{\"@type\":\"ListItem\",\"position\":1,\"name\":\"Home\",\"item\":\"https:\/\/theo.niranbio.com\/es\/\"},{\"@type\":\"ListItem\",\"position\":2,\"name\":\"Productos\",\"item\":\"https:\/\/theo.niranbio.com\/es\/productos.html\"},{\"@type\":\"ListItem\",\"position\":3,\"name\":\"Colorante\",\"item\":\"https:\/\/theo.niranbio.com\/es\/producto-colorante\/\"},{\"@type\":\"ListItem\",\"position\":4,\"name\":\"Arroz de levadura roja\"}]},{\"@type\":\"WebSite\",\"@id\":\"https:\/\/theo.niranbio.com\/es\/#website\",\"url\":\"https:\/\/theo.niranbio.com\/es\/\",\"name\":\"Niranbio Chemical\",\"description\":\"\",\"publisher\":{\"@id\":\"https:\/\/theo.niranbio.com\/es\/#organization\"},\"potentialAction\":[{\"@type\":\"SearchAction\",\"target\":{\"@type\":\"EntryPoint\",\"urlTemplate\":\"https:\/\/theo.niranbio.com\/es\/?s={search_term_string}\"},\"query-input\":{\"@type\":\"PropertyValueSpecification\",\"valueRequired\":true,\"valueName\":\"search_term_string\"}}],\"inLanguage\":\"es\"},{\"@type\":\"Organization\",\"@id\":\"https:\/\/theo.niranbio.com\/es\/#organization\",\"name\":\"Niranbio Chemical\",\"url\":\"https:\/\/theo.niranbio.com\/es\/\",\"logo\":{\"@type\":\"ImageObject\",\"inLanguage\":\"es\",\"@id\":\"https:\/\/theo.niranbio.com\/es\/#\/schema\/logo\/image\/\",\"url\":\"https:\/\/theo.niranbio.com\/wp-content\/uploads\/2024\/06\/Niranbio.png\",\"contentUrl\":\"https:\/\/theo.niranbio.com\/wp-content\/uploads\/2024\/06\/Niranbio.png\",\"width\":270,\"height\":100,\"caption\":\"Niranbio Chemical\"},\"image\":{\"@id\":\"https:\/\/theo.niranbio.com\/es\/#\/schema\/logo\/image\/\"}}]}<\/script>\n<!-- \/ Yoast SEO plugin. -->","yoast_head_json":{"title":"Proveedor de Arroz de Levadura Roja, Polvo de Arroz de Levadura Roja a Granel | Niranbio Chemical","description":"El pigmento del arroz de levadura roja le da un color rojo brillante, por lo que se usa ampliamente como colorante natural para alimentos y bebidas.","robots":{"index":"noindex","follow":"follow","max-snippet":"max-snippet:-1","max-image-preview":"max-image-preview:large","max-video-preview":"max-video-preview:-1"},"twitter_misc":{"Tiempo de lectura":"4 minutos"},"schema":{"@context":"https:\/\/schema.org","@graph":[{"@type":"WebPage","@id":"https:\/\/theo.niranbio.com\/es\/arroz-de-levadura-roja.html","url":"https:\/\/theo.niranbio.com\/es\/arroz-de-levadura-roja.html","name":"Proveedor de Arroz de Levadura Roja, Polvo de Arroz de Levadura Roja a Granel | Niranbio Chemical","isPartOf":{"@id":"https:\/\/theo.niranbio.com\/es\/#website"},"primaryImageOfPage":{"@id":"https:\/\/theo.niranbio.com\/es\/arroz-de-levadura-roja.html#primaryimage"},"image":{"@id":"https:\/\/theo.niranbio.com\/es\/arroz-de-levadura-roja.html#primaryimage"},"thumbnailUrl":"https:\/\/theo.niranbio.com\/wp-content\/uploads\/2024\/06\/Red-Yeast-Rice.webp","datePublished":"2024-06-20T03:48:21+00:00","dateModified":"2024-08-15T06:47:54+00:00","description":"El pigmento del arroz de levadura roja le da un color rojo brillante, por lo que se usa ampliamente como colorante natural para alimentos y bebidas.","breadcrumb":{"@id":"https:\/\/theo.niranbio.com\/es\/arroz-de-levadura-roja.html#breadcrumb"},"inLanguage":"es","potentialAction":[{"@type":"ReadAction","target":["https:\/\/theo.niranbio.com\/es\/arroz-de-levadura-roja.html"]}]},{"@type":"ImageObject","inLanguage":"es","@id":"https:\/\/theo.niranbio.com\/es\/arroz-de-levadura-roja.html#primaryimage","url":"https:\/\/theo.niranbio.com\/wp-content\/uploads\/2024\/06\/Red-Yeast-Rice.webp","contentUrl":"https:\/\/theo.niranbio.com\/wp-content\/uploads\/2024\/06\/Red-Yeast-Rice.webp","width":600,"height":600,"caption":"Arroz de levadura roja"},{"@type":"BreadcrumbList","@id":"https:\/\/theo.niranbio.com\/es\/arroz-de-levadura-roja.html#breadcrumb","itemListElement":[{"@type":"ListItem","position":1,"name":"Home","item":"https:\/\/theo.niranbio.com\/es\/"},{"@type":"ListItem","position":2,"name":"Productos","item":"https:\/\/theo.niranbio.com\/es\/productos.html"},{"@type":"ListItem","position":3,"name":"Colorante","item":"https:\/\/theo.niranbio.com\/es\/producto-colorante\/"},{"@type":"ListItem","position":4,"name":"Arroz de levadura roja"}]},{"@type":"WebSite","@id":"https:\/\/theo.niranbio.com\/es\/#website","url":"https:\/\/theo.niranbio.com\/es\/","name":"Niranbio Chemical","description":"","publisher":{"@id":"https:\/\/theo.niranbio.com\/es\/#organization"},"potentialAction":[{"@type":"SearchAction","target":{"@type":"EntryPoint","urlTemplate":"https:\/\/theo.niranbio.com\/es\/?s={search_term_string}"},"query-input":{"@type":"PropertyValueSpecification","valueRequired":true,"valueName":"search_term_string"}}],"inLanguage":"es"},{"@type":"Organization","@id":"https:\/\/theo.niranbio.com\/es\/#organization","name":"Niranbio Chemical","url":"https:\/\/theo.niranbio.com\/es\/","logo":{"@type":"ImageObject","inLanguage":"es","@id":"https:\/\/theo.niranbio.com\/es\/#\/schema\/logo\/image\/","url":"https:\/\/theo.niranbio.com\/wp-content\/uploads\/2024\/06\/Niranbio.png","contentUrl":"https:\/\/theo.niranbio.com\/wp-content\/uploads\/2024\/06\/Niranbio.png","width":270,"height":100,"caption":"Niranbio Chemical"},"image":{"@id":"https:\/\/theo.niranbio.com\/es\/#\/schema\/logo\/image\/"}}]}},"_links":{"self":[{"href":"https:\/\/theo.niranbio.com\/es\/wp-json\/wp\/v2\/product\/9686","targetHints":{"allow":["GET"]}}],"collection":[{"href":"https:\/\/theo.niranbio.com\/es\/wp-json\/wp\/v2\/product"}],"about":[{"href":"https:\/\/theo.niranbio.com\/es\/wp-json\/wp\/v2\/types\/product"}],"version-history":[{"count":0,"href":"https:\/\/theo.niranbio.com\/es\/wp-json\/wp\/v2\/product\/9686\/revisions"}],"wp:featuredmedia":[{"embeddable":true,"href":"https:\/\/theo.niranbio.com\/es\/wp-json\/wp\/v2\/media\/5632"}],"wp:attachment":[{"href":"https:\/\/theo.niranbio.com\/es\/wp-json\/wp\/v2\/media?parent=9686"}],"wp:term":[{"taxonomy":"product_brand","embeddable":true,"href":"https:\/\/theo.niranbio.com\/es\/wp-json\/wp\/v2\/product_brand?post=9686"},{"taxonomy":"product_cat","embeddable":true,"href":"https:\/\/theo.niranbio.com\/es\/wp-json\/wp\/v2\/product_cat?post=9686"},{"taxonomy":"product_tag","embeddable":true,"href":"https:\/\/theo.niranbio.com\/es\/wp-json\/wp\/v2\/product_tag?post=9686"}],"curies":[{"name":"wp","href":"https:\/\/api.w.org\/{rel}","templated":true}]}}