{"id":9680,"date":"2024-06-20T10:17:57","date_gmt":"2024-06-20T02:17:57","guid":{"rendered":"https:\/\/theo.niranbio.com\/sorbato-de-potasio-de-grado-alimenticio\/"},"modified":"2024-08-15T14:51:01","modified_gmt":"2024-08-15T06:51:01","slug":"sorbato-de-potasio-de-grado-alimenticio","status":"publish","type":"product","link":"https:\/\/theo.niranbio.com\/es\/sorbato-de-potasio-de-grado-alimenticio.html","title":{"rendered":"Sorbato de potasio de grado alimenticio"},"content":{"rendered":"<h2><span class=\"ez-toc-section\" id=\"%C2%BFQue_es_el_sorbato_de_potasio\"><\/span><strong><b>\u00bfQu\u00e9 es el sorbato de potasio?<\/b><\/strong><span class=\"ez-toc-section-end\"><\/span><\/h2>\n<p>El sorbato de potasio es un gr\u00e1nulo o polvo blanco, y los gr\u00e1nulos son los m\u00e1s utilizados, principalmente en forma de columna, y tambi\u00e9n hay algunos gr\u00e1nulos esf\u00e9ricos. Es inodoro o ligeramente oloroso. Es f\u00e1cil de absorber la humedad y decolorarse debido a la oxidaci\u00f3n y descomposici\u00f3n cuando se expone al aire durante mucho tiempo. Se usa ampliamente para la conservaci\u00f3n de alimentos, cosm\u00e9ticos y piensos debido a su f\u00e1cil absorci\u00f3n y metabolismo por parte del cuerpo humano, no deja residuos y no es t\u00f3xico. El sorbato de potasio se extrae de frutas o plantas naturales, como manzanas, peras y caquis. El m\u00e9todo de extracci\u00f3n puede ser extracci\u00f3n con agua o extracci\u00f3n con alcohol, pero no se utiliza a menudo en la industria debido a su baja eficiencia de extracci\u00f3n y alto costo.<\/p>\n<p>En la actualidad, la s\u00edntesis qu\u00edmica se utiliza principalmente en la industria para producir sorbato de potasio. El m\u00e9todo de s\u00edntesis qu\u00edmica consiste en reaccionar con \u00e1cido s\u00f3rbico de alta calidad y \u00e1lcali de potasio en determinadas condiciones de reacci\u00f3n para generar sorbato de potasio. En el proceso de preparaci\u00f3n, los principales factores a considerar son los efectos de la temperatura de reacci\u00f3n, el tiempo de reacci\u00f3n y la relaci\u00f3n molar de los reactivos en la velocidad de reacci\u00f3n y el rendimiento.<\/p>\n<h2><span class=\"ez-toc-section\" id=\"Parametros_relacionados\"><\/span><strong><b>Par\u00e1metros relacionados:<\/b><\/strong><span class=\"ez-toc-section-end\"><\/span><\/h2>\n<table>\n<tbody>\n<tr>\n<td width=\"494\"><strong><b>Art\u00edculos<\/b><\/strong><\/td>\n<td width=\"550\"><strong><b>Normas<\/b><\/strong><\/td>\n<\/tr>\n<tr>\n<td width=\"494\">Ensayo<\/td>\n<td width=\"550\">99.0-101%-101.0%<\/td>\n<\/tr>\n<tr>\n<td width=\"494\">Gama Meiting<\/td>\n<td width=\"550\">133\u2103~135\u2103<\/td>\n<\/tr>\n<tr>\n<td width=\"494\">Punto de sublimaci\u00f3n<\/td>\n<td width=\"550\">80\u2103<\/td>\n<\/tr>\n<tr>\n<td width=\"494\">Valor del pH<\/td>\n<td width=\"550\">8.5~10.5<\/td>\n<\/tr>\n<tr>\n<td width=\"494\">P\u00e9rdida por secado<\/td>\n<td width=\"550\">1% M\u00e1x<\/td>\n<\/tr>\n<tr>\n<td width=\"494\">Alcalinidad (como K2CO3)<\/td>\n<td width=\"550\">1% M\u00e1ximo<\/td>\n<\/tr>\n<tr>\n<td width=\"494\">Aldeh\u00eddos (como formaldeh\u00eddo)<\/td>\n<td width=\"550\">0,1% m\u00e1x.<\/td>\n<\/tr>\n<tr>\n<td width=\"494\">Metales pesados (como Pb)<\/td>\n<td width=\"550\">10 ppm m\u00e1x.<\/td>\n<\/tr>\n<tr>\n<td width=\"494\">Mercurio<\/td>\n<td width=\"550\">1 ppm m\u00e1x.<\/td>\n<\/tr>\n<tr>\n<td width=\"494\">Plomo<\/td>\n<td width=\"550\">2 ppm M\u00e1x<\/td>\n<\/tr>\n<tr>\n<td width=\"494\">Ars\u00e9nico<\/td>\n<td width=\"550\">2 ppm M\u00e1x<\/td>\n<\/tr>\n<\/tbody>\n<\/table>\n<h2><span class=\"ez-toc-section\" id=\"Dosis_recomendada\"><\/span><strong><b>Dosis recomendada:<\/b><\/strong><span class=\"ez-toc-section-end\"><\/span><\/h2>\n<table>\n<tbody>\n<tr>\n<td width=\"494\">Nombre del alimento<\/td>\n<td width=\"550\">Uso m\u00e1ximo(g\/kg)<\/td>\n<\/tr>\n<tr>\n<td width=\"494\">Bebidas carbonatadas<\/td>\n<td width=\"550\">0,1 &#8211; 0,3 g\/kg<\/td>\n<\/tr>\n<tr>\n<td width=\"494\">Zumos de fruta<\/td>\n<td width=\"550\">0,1 &#8211; 0,3 g\/kg<\/td>\n<\/tr>\n<tr>\n<td width=\"494\">Pasteles y boller\u00eda<\/td>\n<td width=\"550\">0,1 &#8211; 0,5 g\/kg<\/td>\n<\/tr>\n<tr>\n<td width=\"494\">Mermeladas y jaleas<\/td>\n<td width=\"550\">0,3 &#8211; 0,5 g\/kg<\/td>\n<\/tr>\n<tr>\n<td width=\"494\">Yogur<\/td>\n<td width=\"550\">0,2 &#8211; 0,3 g\/kg<\/td>\n<\/tr>\n<tr>\n<td width=\"494\">Embutidos<\/td>\n<td width=\"550\">0,1 &#8211; 0,2 g\/kg<\/td>\n<\/tr>\n<tr>\n<td width=\"494\">Carnes fr\u00edas<\/td>\n<td width=\"550\">0,1 &#8211; 0,3 g\/kg<\/td>\n<\/tr>\n<tr>\n<td width=\"494\">Ketchup y salsas<\/td>\n<td width=\"550\">0,1 &#8211; 0,3 g\/kg<\/td>\n<\/tr>\n<tr>\n<td width=\"494\">Aperitivos extrusionados<\/td>\n<td width=\"550\">0,1 &#8211; 0,2 g\/kg<\/td>\n<\/tr>\n<tr>\n<td width=\"494\">Verduras<\/td>\n<td width=\"550\">0,1 &#8211; 0,3 g\/kg<\/td>\n<\/tr>\n<tr>\n<td width=\"494\">Marisco en escabeche<\/td>\n<td width=\"550\">0,1 &#8211; 0,3 g\/kg<\/td>\n<\/tr>\n<tr>\n<td width=\"494\">Ali\u00f1os para ensaladas<\/td>\n<td width=\"550\">0,1 &#8211; 0,3 g\/kg<\/td>\n<\/tr>\n<tr>\n<td width=\"494\">Adobos<\/td>\n<td width=\"550\">0,1 &#8211; 0,3 g\/kg<\/td>\n<\/tr>\n<\/tbody>\n<\/table>\n<h2><span class=\"ez-toc-section\" id=\"El_sorbato_de_potasio_tiene_una_amplia_gama_de_usos\"><\/span><strong><b>El sorbato de potasio tiene una amplia gama de usos<\/b><\/strong><span class=\"ez-toc-section-end\"><\/span><\/h2>\n<ol>\n<li><strong>Conservantes de alimentos:\u00a0<\/strong> El sorbato de potasio, al ser higrosc\u00f3pico y f\u00e1cilmente soluble en agua y etanol, se utiliza principalmente para conservar productos perecederos. Se suele a\u00f1adir al queso, yogur, helado y otros productos l\u00e1cteos susceptibles al moho, as\u00ed como a diversos alimentos procesados \u200b\u200bcomo frutas enlatadas y postres, lo que prolonga eficazmente su vida \u00fatil.<\/li>\n<li><strong>Belleza y cuidado del cabello:<\/strong> Aparte de sus aplicaciones alimentarias, el sorbato de potasio se utiliza ampliamente en diversas industrias, incluida la cosm\u00e9tica. Sirve como conservante en productos de belleza propensos al moho y al deterioro, como champ\u00fa, laca para el cabello y cremas para la piel, lo que prolonga de forma eficaz su vida \u00fatil.<\/li>\n<li><strong>Elaboraci\u00f3n de vino:\u00a0<\/strong> El sorbato de potasio se utiliza habitualmente en la elaboraci\u00f3n de vino para mantener la estabilidad del sabor del vino tinto. Sin sorbato de potasio, el sabor del vino tinto puede alterarse durante la fermentaci\u00f3n. Adem\u00e1s, los refrescos, los zumos de frutas y las gaseosas emplean con frecuencia el sorbato de potasio como conservante.<\/li>\n<\/ol>\n<h2><span class=\"ez-toc-section\" id=\"Pregunta_formulada_por_un_usuario\"><\/span><strong><b>Pregunta formulada por un usuario:<\/b><\/strong><span class=\"ez-toc-section-end\"><\/span><\/h2>\n<p><b> <\/b>Pregunta: \u00bfCu\u00e1l es el conservante m\u00e1s seguro?<\/p>\n<p>Respuesta: Los conservantes habituales incluyen el benzoato de sodio (carne, pescado y otros productos c\u00e1rnicos), el sorbato de potasio (bebidas, mermeladas, caramelos, etc.), el nitrito (productos curados, carne enlatada, etc.), el acetato (pasteles, frutas confitadas, etc.), etc. Todos ellos tienen buenas funciones conservantes. La clave es que elijas su finalidad.<\/p>\n<p>Pregunta: \u00bfEl sorbato de potasio es seguro para la piel?<\/p>\n<p>Respuesta: El sorbato de potasio es un conservante y un aditivo alimentario. En general, el sorbato de potasio es inocuo para la piel. Dado que el sorbato de potasio es una sustancia \u00e1cida d\u00e9bil, si entra en contacto directo con la piel, puede causar cierta irritaci\u00f3n en la piel, provocando s\u00edntomas como picaz\u00f3n, enrojecimiento, hinchaz\u00f3n y dolor. En este momento, el paciente debe lavarse la piel con agua limpia a tiempo y aplicar ung\u00fcento de paeonol, crema de buprenorfina y otros medicamentos para el tratamiento local seg\u00fan lo prescrito por el m\u00e9dico.<\/p>\n","protected":false},"excerpt":{"rendered":"<ul>\n<li>CAS: 24634-61-5; 590-00-1<\/li>\n<li>F\u00f3rmula qu\u00edmica: C6H7KO2<\/li>\n<li>Certificaci\u00f3n: KOSHER, ISO, HALAL, FSSC22000, BRC, etc.<\/li>\n<li>Est\u00e1ndar: FCC\/E202<\/li>\n<li>Cantidad m\u00ednima de pedido: 1000KG<\/li>\n<li>Caducidad: 2 a\u00f1os<\/li>\n<\/ul>\n","protected":false},"featured_media":5842,"template":"","meta":{"site-sidebar-layout":"default","site-content-layout":"","ast-site-content-layout":"default","site-content-style":"default","site-sidebar-style":"default","ast-global-header-display":"","ast-banner-title-visibility":"","ast-main-header-display":"","ast-hfb-above-header-display":"","ast-hfb-below-header-display":"","ast-hfb-mobile-header-display":"","site-post-title":"","ast-breadcrumbs-content":"","ast-featured-img":"","footer-sml-layout":"","theme-transparent-header-meta":"default","adv-header-id-meta":"","stick-header-meta":"","header-above-stick-meta":"","header-main-stick-meta":"","header-below-stick-meta":"","astra-migrate-meta-layouts":"set","ast-page-background-enabled":"default","ast-page-background-meta":{"desktop":{"background-color":"var(--ast-global-color-4)","background-image":"","background-repeat":"repeat","background-position":"center center","background-size":"auto","background-attachment":"scroll","background-type":"","background-media":"","overlay-type":"","overlay-color":"","overlay-opacity":"","overlay-gradient":""},"tablet":{"background-color":"","background-image":"","background-repeat":"repeat","background-position":"center center","background-size":"auto","background-attachment":"scroll","background-type":"","background-media":"","overlay-type":"","overlay-color":"","overlay-opacity":"","overlay-gradient":""},"mobile":{"background-color":"","background-image":"","background-repeat":"repeat","background-position":"center center","background-size":"auto","background-attachment":"scroll","background-type":"","background-media":"","overlay-type":"","overlay-color":"","overlay-opacity":"","overlay-gradient":""}},"ast-content-background-meta":{"desktop":{"background-color":"var(--ast-global-color-5)","background-image":"","background-repeat":"repeat","background-position":"center center","background-size":"auto","background-attachment":"scroll","background-type":"","background-media":"","overlay-type":"","overlay-color":"","overlay-opacity":"","overlay-gradient":""},"tablet":{"background-color":"var(--ast-global-color-5)","background-image":"","background-repeat":"repeat","background-position":"center center","background-size":"auto","background-attachment":"scroll","background-type":"","background-media":"","overlay-type":"","overlay-color":"","overlay-opacity":"","overlay-gradient":""},"mobile":{"background-color":"var(--ast-global-color-5)","background-image":"","background-repeat":"repeat","background-position":"center center","background-size":"auto","background-attachment":"scroll","background-type":"","background-media":"","overlay-type":"","overlay-color":"","overlay-opacity":"","overlay-gradient":""}}},"product_brand":[],"product_cat":[94],"product_tag":[],"class_list":{"0":"post-9680","1":"product","2":"type-product","3":"status-publish","4":"has-post-thumbnail","6":"product_cat-producto-conservante","7":"desktop-align-center","8":"tablet-align-left","9":"mobile-align-left","11":"first","12":"instock","13":"shipping-taxable","14":"product-type-simple"},"yoast_head":"<!-- This site is optimized with the Yoast SEO plugin v26.5 - https:\/\/yoast.com\/wordpress\/plugins\/seo\/ -->\n<title>Sorbato Potasio E202, Comprar Sorbato de Potasio a Precio Econ\u00f3mico | Niranbio Chemical<\/title>\n<meta name=\"description\" content=\"Nuestro sorbato de potasio E202 es un polvo o gr\u00e1nulo blanco, y los gr\u00e1nulos son los m\u00e1s utilizados, principalmente en forma de columna, y tambi\u00e9n hay algunos gr\u00e1nulos esf\u00e9ricos.\" \/>\n<meta name=\"robots\" content=\"noindex, follow, max-snippet:-1, max-image-preview:large, max-video-preview:-1\" \/>\n<meta name=\"twitter:label1\" content=\"Tiempo de lectura\" \/>\n\t<meta name=\"twitter:data1\" content=\"4 minutos\" \/>\n<script type=\"application\/ld+json\" class=\"yoast-schema-graph\">{\"@context\":\"https:\/\/schema.org\",\"@graph\":[{\"@type\":\"WebPage\",\"@id\":\"https:\/\/theo.niranbio.com\/es\/sorbato-de-potasio-de-grado-alimenticio.html\",\"url\":\"https:\/\/theo.niranbio.com\/es\/sorbato-de-potasio-de-grado-alimenticio.html\",\"name\":\"Sorbato Potasio E202, Comprar Sorbato de Potasio a Precio Econ\u00f3mico | Niranbio Chemical\",\"isPartOf\":{\"@id\":\"https:\/\/theo.niranbio.com\/es\/#website\"},\"primaryImageOfPage\":{\"@id\":\"https:\/\/theo.niranbio.com\/es\/sorbato-de-potasio-de-grado-alimenticio.html#primaryimage\"},\"image\":{\"@id\":\"https:\/\/theo.niranbio.com\/es\/sorbato-de-potasio-de-grado-alimenticio.html#primaryimage\"},\"thumbnailUrl\":\"https:\/\/theo.niranbio.com\/wp-content\/uploads\/2024\/06\/Potassium-Sorbate.webp\",\"datePublished\":\"2024-06-20T02:17:57+00:00\",\"dateModified\":\"2024-08-15T06:51:01+00:00\",\"description\":\"Nuestro sorbato de potasio E202 es un polvo o gr\u00e1nulo blanco, y los gr\u00e1nulos son los m\u00e1s utilizados, principalmente en forma de columna, y tambi\u00e9n hay algunos gr\u00e1nulos esf\u00e9ricos.\",\"breadcrumb\":{\"@id\":\"https:\/\/theo.niranbio.com\/es\/sorbato-de-potasio-de-grado-alimenticio.html#breadcrumb\"},\"inLanguage\":\"es\",\"potentialAction\":[{\"@type\":\"ReadAction\",\"target\":[\"https:\/\/theo.niranbio.com\/es\/sorbato-de-potasio-de-grado-alimenticio.html\"]}]},{\"@type\":\"ImageObject\",\"inLanguage\":\"es\",\"@id\":\"https:\/\/theo.niranbio.com\/es\/sorbato-de-potasio-de-grado-alimenticio.html#primaryimage\",\"url\":\"https:\/\/theo.niranbio.com\/wp-content\/uploads\/2024\/06\/Potassium-Sorbate.webp\",\"contentUrl\":\"https:\/\/theo.niranbio.com\/wp-content\/uploads\/2024\/06\/Potassium-Sorbate.webp\",\"width\":600,\"height\":600,\"caption\":\"Sorbato de potasio\"},{\"@type\":\"BreadcrumbList\",\"@id\":\"https:\/\/theo.niranbio.com\/es\/sorbato-de-potasio-de-grado-alimenticio.html#breadcrumb\",\"itemListElement\":[{\"@type\":\"ListItem\",\"position\":1,\"name\":\"Home\",\"item\":\"https:\/\/theo.niranbio.com\/es\/\"},{\"@type\":\"ListItem\",\"position\":2,\"name\":\"Productos\",\"item\":\"https:\/\/theo.niranbio.com\/es\/productos.html\"},{\"@type\":\"ListItem\",\"position\":3,\"name\":\"Conservante\",\"item\":\"https:\/\/theo.niranbio.com\/es\/producto-conservante\/\"},{\"@type\":\"ListItem\",\"position\":4,\"name\":\"Sorbato de potasio de grado alimenticio\"}]},{\"@type\":\"WebSite\",\"@id\":\"https:\/\/theo.niranbio.com\/es\/#website\",\"url\":\"https:\/\/theo.niranbio.com\/es\/\",\"name\":\"Niranbio Chemical\",\"description\":\"\",\"publisher\":{\"@id\":\"https:\/\/theo.niranbio.com\/es\/#organization\"},\"potentialAction\":[{\"@type\":\"SearchAction\",\"target\":{\"@type\":\"EntryPoint\",\"urlTemplate\":\"https:\/\/theo.niranbio.com\/es\/?s={search_term_string}\"},\"query-input\":{\"@type\":\"PropertyValueSpecification\",\"valueRequired\":true,\"valueName\":\"search_term_string\"}}],\"inLanguage\":\"es\"},{\"@type\":\"Organization\",\"@id\":\"https:\/\/theo.niranbio.com\/es\/#organization\",\"name\":\"Niranbio Chemical\",\"url\":\"https:\/\/theo.niranbio.com\/es\/\",\"logo\":{\"@type\":\"ImageObject\",\"inLanguage\":\"es\",\"@id\":\"https:\/\/theo.niranbio.com\/es\/#\/schema\/logo\/image\/\",\"url\":\"https:\/\/theo.niranbio.com\/wp-content\/uploads\/2024\/06\/Niranbio.png\",\"contentUrl\":\"https:\/\/theo.niranbio.com\/wp-content\/uploads\/2024\/06\/Niranbio.png\",\"width\":270,\"height\":100,\"caption\":\"Niranbio Chemical\"},\"image\":{\"@id\":\"https:\/\/theo.niranbio.com\/es\/#\/schema\/logo\/image\/\"}}]}<\/script>\n<!-- \/ Yoast SEO plugin. -->","yoast_head_json":{"title":"Sorbato Potasio E202, Comprar Sorbato de Potasio a Precio Econ\u00f3mico | Niranbio Chemical","description":"Nuestro sorbato de potasio E202 es un polvo o gr\u00e1nulo blanco, y los gr\u00e1nulos son los m\u00e1s utilizados, principalmente en forma de columna, y tambi\u00e9n hay algunos gr\u00e1nulos esf\u00e9ricos.","robots":{"index":"noindex","follow":"follow","max-snippet":"max-snippet:-1","max-image-preview":"max-image-preview:large","max-video-preview":"max-video-preview:-1"},"twitter_misc":{"Tiempo de lectura":"4 minutos"},"schema":{"@context":"https:\/\/schema.org","@graph":[{"@type":"WebPage","@id":"https:\/\/theo.niranbio.com\/es\/sorbato-de-potasio-de-grado-alimenticio.html","url":"https:\/\/theo.niranbio.com\/es\/sorbato-de-potasio-de-grado-alimenticio.html","name":"Sorbato Potasio E202, Comprar Sorbato de Potasio a Precio Econ\u00f3mico | Niranbio Chemical","isPartOf":{"@id":"https:\/\/theo.niranbio.com\/es\/#website"},"primaryImageOfPage":{"@id":"https:\/\/theo.niranbio.com\/es\/sorbato-de-potasio-de-grado-alimenticio.html#primaryimage"},"image":{"@id":"https:\/\/theo.niranbio.com\/es\/sorbato-de-potasio-de-grado-alimenticio.html#primaryimage"},"thumbnailUrl":"https:\/\/theo.niranbio.com\/wp-content\/uploads\/2024\/06\/Potassium-Sorbate.webp","datePublished":"2024-06-20T02:17:57+00:00","dateModified":"2024-08-15T06:51:01+00:00","description":"Nuestro sorbato de potasio E202 es un polvo o gr\u00e1nulo blanco, y los gr\u00e1nulos son los m\u00e1s utilizados, principalmente en forma de columna, y tambi\u00e9n hay algunos gr\u00e1nulos esf\u00e9ricos.","breadcrumb":{"@id":"https:\/\/theo.niranbio.com\/es\/sorbato-de-potasio-de-grado-alimenticio.html#breadcrumb"},"inLanguage":"es","potentialAction":[{"@type":"ReadAction","target":["https:\/\/theo.niranbio.com\/es\/sorbato-de-potasio-de-grado-alimenticio.html"]}]},{"@type":"ImageObject","inLanguage":"es","@id":"https:\/\/theo.niranbio.com\/es\/sorbato-de-potasio-de-grado-alimenticio.html#primaryimage","url":"https:\/\/theo.niranbio.com\/wp-content\/uploads\/2024\/06\/Potassium-Sorbate.webp","contentUrl":"https:\/\/theo.niranbio.com\/wp-content\/uploads\/2024\/06\/Potassium-Sorbate.webp","width":600,"height":600,"caption":"Sorbato de potasio"},{"@type":"BreadcrumbList","@id":"https:\/\/theo.niranbio.com\/es\/sorbato-de-potasio-de-grado-alimenticio.html#breadcrumb","itemListElement":[{"@type":"ListItem","position":1,"name":"Home","item":"https:\/\/theo.niranbio.com\/es\/"},{"@type":"ListItem","position":2,"name":"Productos","item":"https:\/\/theo.niranbio.com\/es\/productos.html"},{"@type":"ListItem","position":3,"name":"Conservante","item":"https:\/\/theo.niranbio.com\/es\/producto-conservante\/"},{"@type":"ListItem","position":4,"name":"Sorbato de potasio de grado alimenticio"}]},{"@type":"WebSite","@id":"https:\/\/theo.niranbio.com\/es\/#website","url":"https:\/\/theo.niranbio.com\/es\/","name":"Niranbio Chemical","description":"","publisher":{"@id":"https:\/\/theo.niranbio.com\/es\/#organization"},"potentialAction":[{"@type":"SearchAction","target":{"@type":"EntryPoint","urlTemplate":"https:\/\/theo.niranbio.com\/es\/?s={search_term_string}"},"query-input":{"@type":"PropertyValueSpecification","valueRequired":true,"valueName":"search_term_string"}}],"inLanguage":"es"},{"@type":"Organization","@id":"https:\/\/theo.niranbio.com\/es\/#organization","name":"Niranbio Chemical","url":"https:\/\/theo.niranbio.com\/es\/","logo":{"@type":"ImageObject","inLanguage":"es","@id":"https:\/\/theo.niranbio.com\/es\/#\/schema\/logo\/image\/","url":"https:\/\/theo.niranbio.com\/wp-content\/uploads\/2024\/06\/Niranbio.png","contentUrl":"https:\/\/theo.niranbio.com\/wp-content\/uploads\/2024\/06\/Niranbio.png","width":270,"height":100,"caption":"Niranbio Chemical"},"image":{"@id":"https:\/\/theo.niranbio.com\/es\/#\/schema\/logo\/image\/"}}]}},"_links":{"self":[{"href":"https:\/\/theo.niranbio.com\/es\/wp-json\/wp\/v2\/product\/9680","targetHints":{"allow":["GET"]}}],"collection":[{"href":"https:\/\/theo.niranbio.com\/es\/wp-json\/wp\/v2\/product"}],"about":[{"href":"https:\/\/theo.niranbio.com\/es\/wp-json\/wp\/v2\/types\/product"}],"version-history":[{"count":0,"href":"https:\/\/theo.niranbio.com\/es\/wp-json\/wp\/v2\/product\/9680\/revisions"}],"wp:featuredmedia":[{"embeddable":true,"href":"https:\/\/theo.niranbio.com\/es\/wp-json\/wp\/v2\/media\/5842"}],"wp:attachment":[{"href":"https:\/\/theo.niranbio.com\/es\/wp-json\/wp\/v2\/media?parent=9680"}],"wp:term":[{"taxonomy":"product_brand","embeddable":true,"href":"https:\/\/theo.niranbio.com\/es\/wp-json\/wp\/v2\/product_brand?post=9680"},{"taxonomy":"product_cat","embeddable":true,"href":"https:\/\/theo.niranbio.com\/es\/wp-json\/wp\/v2\/product_cat?post=9680"},{"taxonomy":"product_tag","embeddable":true,"href":"https:\/\/theo.niranbio.com\/es\/wp-json\/wp\/v2\/product_tag?post=9680"}],"curies":[{"name":"wp","href":"https:\/\/api.w.org\/{rel}","templated":true}]}}