{"id":9673,"date":"2024-06-20T11:31:34","date_gmt":"2024-06-20T03:31:34","guid":{"rendered":"https:\/\/theo.niranbio.com\/acido-l-glutamico\/"},"modified":"2024-08-15T19:15:12","modified_gmt":"2024-08-15T11:15:12","slug":"acido-l-glutamico","status":"publish","type":"product","link":"https:\/\/theo.niranbio.com\/es\/acido-l-glutamico.html","title":{"rendered":"\u00c1cido L-glut\u00e1mico"},"content":{"rendered":"<h2><span class=\"ez-toc-section\" id=\"%C2%BFQue_es_el_acido_L-glutamico\"><\/span>\u00bfQu\u00e9 es el \u00e1cido L-glut\u00e1mico?<span class=\"ez-toc-section-end\"><\/span><\/h2>\n<p>El \u00e1cido L-glut\u00e1mico es un amino\u00e1cido con apariencia de polvo cristalino blanco, casi inodoro, con un sabor y acidez especiales, y es dif\u00edcil de disolver en agua. Puede ser ampliamente utilizado en productos farmac\u00e9uticos, aditivos alimentarios, potenciadores nutricionales, etc. Los principales procesos de preparaci\u00f3n del \u00e1cido L-glut\u00e1mico son los siguientes:<\/p>\n<p>1. El m\u00e9todo de fermentaci\u00f3n microbiana del \u00e1cido L-glut\u00e1mico es actualmente el proceso de producci\u00f3n m\u00e1s importante, utilizando cepas espec\u00edficas para producir \u00e1cido L-glut\u00e1mico durante el proceso de fermentaci\u00f3n. Este m\u00e9todo incluye pasos como el cultivo de cepas, la fermentaci\u00f3n y la separaci\u00f3n y purificaci\u00f3n. Tiene las ventajas de una alta eficiencia de producci\u00f3n, amplias fuentes de materias primas y protecci\u00f3n del medio ambiente, y es adecuado para la producci\u00f3n industrial a gran escala.<\/p>\n<p>2. El m\u00e9todo de s\u00edntesis qu\u00edmica sintetiza el \u00e1cido L-glut\u00e1mico a trav\u00e9s de reacciones qu\u00edmicas. Aunque se utiliz\u00f3 en los primeros d\u00edas, ahora se usa menos debido a los altos costos de producci\u00f3n y muchos subproductos. Este m\u00e9todo incluye pasos como la preparaci\u00f3n de materias primas de reacci\u00f3n, reacciones qu\u00edmicas y separaci\u00f3n y purificaci\u00f3n, pero no es tan ecol\u00f3gico ni econ\u00f3mico como el m\u00e9todo de fermentaci\u00f3n microbiana.<\/p>\n<p>3. El m\u00e9todo de conversi\u00f3n enzim\u00e1tica utiliza enzimas para catalizar sustratos espec\u00edficos para producir \u00e1cido L-glut\u00e1mico, con alta eficiencia de producci\u00f3n y buena selectividad. Este m\u00e9todo implica la preparaci\u00f3n del sustrato, la reacci\u00f3n enzim\u00e1tica, la separaci\u00f3n y la purificaci\u00f3n, y es respetuoso con el medio ambiente, pero a\u00fan necesita una mayor optimizaci\u00f3n y promoci\u00f3n en aplicaciones industriales.<\/p>\n<h2><span class=\"ez-toc-section\" id=\"Parametros_relacionados\"><\/span>Par\u00e1metros relacionados:<span class=\"ez-toc-section-end\"><\/span><\/h2>\n<table>\n<tbody>\n<tr>\n<td><strong>Art\u00edculos<\/strong><\/td>\n<td><strong>Especificaci\u00f3n<\/strong><\/td>\n<\/tr>\n<tr>\n<td>Rotaci\u00f3n espec\u00edfica [a]D20\u00b0<\/td>\n<td>+30.5 \u00b0~ +32.5\u00b0<\/td>\n<\/tr>\n<tr>\n<td>Cloruro (Cl)<\/td>\n<td>0,02% m\u00e1x.<\/td>\n<\/tr>\n<tr>\n<td>Amonio (NH4)<\/td>\n<td>0,02% m\u00e1x.<\/td>\n<\/tr>\n<tr>\n<td>Sulfato (SO4)<\/td>\n<td>0,02% m\u00e1x.<\/td>\n<\/tr>\n<tr>\n<td>Hierro (Fe)<\/td>\n<td>10 ppm m\u00e1x.<\/td>\n<\/tr>\n<tr>\n<td>Metales pesados (Pb)<\/td>\n<td>10 ppm m\u00e1x.<\/td>\n<\/tr>\n<tr>\n<td>Cadmio<\/td>\n<td>1ppm m\u00e1x.<\/td>\n<\/tr>\n<tr>\n<td>Mercurio<\/td>\n<td>0,1 ppm m\u00e1x.<\/td>\n<\/tr>\n<tr>\n<td>Ars\u00e9nico (AS2O3)<\/td>\n<td>1ppm m\u00e1x.<\/td>\n<\/tr>\n<tr>\n<td>Otros amino\u00e1cidos<\/td>\n<td>Conforme a la norma.<\/td>\n<\/tr>\n<tr>\n<td>P\u00e9rdida por secado<\/td>\n<td>0,5% m\u00e1x.<\/td>\n<\/tr>\n<tr>\n<td>Residuo en ignici\u00f3n (sulfatado)<\/td>\n<td>0,10% m\u00e1x.<\/td>\n<\/tr>\n<tr>\n<td>Ensayo<\/td>\n<td>98,5 % a 100,5<\/td>\n<\/tr>\n<tr>\n<td>PH<\/td>\n<td>3,0 a 3,5<\/td>\n<\/tr>\n<\/tbody>\n<\/table>\n<h2><span class=\"ez-toc-section\" id=\"Dosis_recomendada\"><\/span>Dosis recomendada:<span class=\"ez-toc-section-end\"><\/span><\/h2>\n<table>\n<tbody>\n<tr>\n<td><strong>Nombre del alimento<\/strong><\/td>\n<td><strong>Uso m\u00e1ximo (g\/kg)<\/strong><\/td>\n<\/tr>\n<tr>\n<td>Conservas<\/td>\n<td>1,0-2,0 g\/kg<\/td>\n<\/tr>\n<tr>\n<td>Salsa sazonadora<\/td>\n<td>1,5-3,0 g\/kg<\/td>\n<\/tr>\n<tr>\n<td>Salchicha<\/td>\n<td>1,0-2,0 g\/kg<\/td>\n<\/tr>\n<tr>\n<td>Jam\u00f3n<\/td>\n<td>1,0-2,0 g\/kg<\/td>\n<\/tr>\n<tr>\n<td>Tocino<\/td>\n<td>1,0-2,0 g\/kg<\/td>\n<\/tr>\n<tr>\n<td>Carne en conserva<\/td>\n<td>1,0-2,0 g\/kg<\/td>\n<\/tr>\n<tr>\n<td>Pescado en conserva<\/td>\n<td>1,0-2,0 g\/kg<\/td>\n<\/tr>\n<tr>\n<td>Productos de pollo<\/td>\n<td>1,0-2,0 g\/kg<\/td>\n<\/tr>\n<tr>\n<td>Condimento para marisco<\/td>\n<td>1,5-3,0 g\/kg<\/td>\n<\/tr>\n<tr>\n<td>Dados de curry<\/td>\n<td>1,5-3,0 g\/kg<\/td>\n<\/tr>\n<tr>\n<td>Esencia de pollo sazonadora<\/td>\n<td>1,5-3,0 g\/kg<\/td>\n<\/tr>\n<tr>\n<td>Sal de condimento<\/td>\n<td>1,0-2,0 g\/kg<\/td>\n<\/tr>\n<tr>\n<td>Pan<\/td>\n<td>1,0-2,0 g\/kg<\/td>\n<\/tr>\n<tr>\n<td>Galletas<\/td>\n<td>1,0-2,0 g\/kg<\/td>\n<\/tr>\n<\/tbody>\n<\/table>\n<h2><span class=\"ez-toc-section\" id=\"El_acido_L-glutamico_tiene_una_amplia_gama_de_usos\"><\/span>El \u00e1cido L-glut\u00e1mico tiene una amplia gama de usos<span class=\"ez-toc-section-end\"><\/span><\/h2>\n<p>1. Mejora el sabor: el \u00e1cido L-glut\u00e1mico es un amino\u00e1cido que existe de forma natural en muchos alimentos y tiene un sabor umami \u00fanico. Como condimento importante, puede mejorar significativamente el sabor general de los alimentos y hacerlos m\u00e1s deliciosos.<\/p>\n<p>2. Mejora la utilizaci\u00f3n de prote\u00ednas: el \u00e1cido L-glut\u00e1mico, como amino\u00e1cido importante, puede promover la s\u00edntesis y utilizaci\u00f3n de prote\u00ednas en el cuerpo. Su adici\u00f3n a los alimentos no solo puede mejorar el valor nutricional de los alimentos, sino que tambi\u00e9n mejora la absorci\u00f3n y utilizaci\u00f3n de prote\u00ednas por parte del cuerpo.<\/p>\n<p>3. Mejora la textura de los alimentos: el \u00e1cido L-glut\u00e1mico puede mejorar la textura y la estructura de los alimentos durante el procesamiento de los mismos. Se a\u00f1ade a productos de harina como el pan y los fideos para aumentar la elasticidad y extensibilidad de la masa, haciendo que el producto terminado sea m\u00e1s suave y masticable. Adem\u00e1s, en productos l\u00e1cteos y productos de soja, el \u00e1cido L-glut\u00e1mico puede mejorar el sabor y la estabilidad de la textura del producto.<\/p>\n<p>4. Mejora la conservaci\u00f3n de los alimentos: el \u00e1cido L-glut\u00e1mico tiene un cierto efecto antioxidante, que puede retrasar el proceso de oxidaci\u00f3n de los alimentos y prolongar su vida \u00fatil. A\u00f1adir \u00e1cido L-glut\u00e1mico a alimentos encurtidos, enlatados y congelados puede prevenir eficazmente el deterioro de los alimentos y mantener la frescura y el sabor de los alimentos.<\/p>\n<p>5. Como complemento nutricional: el \u00e1cido L-glut\u00e1mico no solo se utiliza para condimentar, sino que tambi\u00e9n se utiliza ampliamente en alimentos saludables y alimentos funcionales como complemento nutricional. Puede proporcionar los amino\u00e1cidos que necesita el cuerpo humano, promover la salud f\u00edsica y la funci\u00f3n inmunol\u00f3gica y mejorar el nivel nutricional general.<\/p>\n<h2><span class=\"ez-toc-section\" id=\"Pregunta_del_usuario\"><\/span>Pregunta del usuario:<span class=\"ez-toc-section-end\"><\/span><\/h2>\n<p>Pregunta: \u00bfEl \u00e1cido L-glut\u00e1mico y el glutamato monos\u00f3dico son lo mismo?<\/p>\n<p>Respuesta: El \u00e1cido L-glut\u00e1mico y el glutamato monos\u00f3dico (GMS) tienen similitudes en la composici\u00f3n qu\u00edmica, pero no son exactamente iguales. El \u00e1cido L-glut\u00e1mico es un amino\u00e1cido que se produce de forma natural en muchos alimentos y se utiliza para suplementos nutricionales y condimentos; mientras que el GMS es la sal s\u00f3dica del \u00e1cido L-glut\u00e1mico, que se utiliza principalmente como agente aromatizante para realzar el sabor umami de los alimentos. En t\u00e9rminos de uso y proceso de producci\u00f3n, el \u00e1cido L-glut\u00e1mico se puede producir por extracci\u00f3n natural o fermentaci\u00f3n microbiana, y se utiliza ampliamente para mejorar el valor nutricional y la textura de los alimentos. El GMS se produce por fermentaci\u00f3n y se a\u00f1ade principalmente a sopas, salsas y alimentos enlatados para mejorar el efecto umami. Aunque la ingesta moderada de \u00e1cido L-glut\u00e1mico es buena para la salud, algunas personas son m\u00e1s sensibles al GMS y pueden experimentar molestias. Por lo tanto, el uso de glutamato monos\u00f3dico debe controlarse dentro de un rango razonable, mientras que el uso de \u00e1cido L-glut\u00e1mico como nutriente es m\u00e1s extendido y seguro.<\/p>\n","protected":false},"excerpt":{"rendered":"<ul>\n<li>CAS: 56-86-0<\/li>\n<li>F\u00f3rmula qu\u00edmica: C<sub>5<\/sub>H<sub>9<\/sub>NO<sub>4<\/sub><\/li>\n<li>Certificaci\u00f3n: KOSHER, ISO, HALAL, FSSC22000, BRC, etc.<\/li>\n<li>Est\u00e1ndar:<\/li>\n<li>Cantidad m\u00ednima de pedido: 1000KG<\/li>\n<li>Caducidad: 2 a\u00f1os<\/li>\n<\/ul>\n","protected":false},"featured_media":5726,"template":"","meta":{"site-sidebar-layout":"default","site-content-layout":"","ast-site-content-layout":"default","site-content-style":"default","site-sidebar-style":"default","ast-global-header-display":"","ast-banner-title-visibility":"","ast-main-header-display":"","ast-hfb-above-header-display":"","ast-hfb-below-header-display":"","ast-hfb-mobile-header-display":"","site-post-title":"","ast-breadcrumbs-content":"","ast-featured-img":"","footer-sml-layout":"","theme-transparent-header-meta":"default","adv-header-id-meta":"","stick-header-meta":"","header-above-stick-meta":"","header-main-stick-meta":"","header-below-stick-meta":"","astra-migrate-meta-layouts":"set","ast-page-background-enabled":"default","ast-page-background-meta":{"desktop":{"background-color":"var(--ast-global-color-4)","background-image":"","background-repeat":"repeat","background-position":"center center","background-size":"auto","background-attachment":"scroll","background-type":"","background-media":"","overlay-type":"","overlay-color":"","overlay-opacity":"","overlay-gradient":""},"tablet":{"background-color":"","background-image":"","background-repeat":"repeat","background-position":"center center","background-size":"auto","background-attachment":"scroll","background-type":"","background-media":"","overlay-type":"","overlay-color":"","overlay-opacity":"","overlay-gradient":""},"mobile":{"background-color":"","background-image":"","background-repeat":"repeat","background-position":"center center","background-size":"auto","background-attachment":"scroll","background-type":"","background-media":"","overlay-type":"","overlay-color":"","overlay-opacity":"","overlay-gradient":""}},"ast-content-background-meta":{"desktop":{"background-color":"var(--ast-global-color-5)","background-image":"","background-repeat":"repeat","background-position":"center center","background-size":"auto","background-attachment":"scroll","background-type":"","background-media":"","overlay-type":"","overlay-color":"","overlay-opacity":"","overlay-gradient":""},"tablet":{"background-color":"var(--ast-global-color-5)","background-image":"","background-repeat":"repeat","background-position":"center center","background-size":"auto","background-attachment":"scroll","background-type":"","background-media":"","overlay-type":"","overlay-color":"","overlay-opacity":"","overlay-gradient":""},"mobile":{"background-color":"var(--ast-global-color-5)","background-image":"","background-repeat":"repeat","background-position":"center center","background-size":"auto","background-attachment":"scroll","background-type":"","background-media":"","overlay-type":"","overlay-color":"","overlay-opacity":"","overlay-gradient":""}}},"product_brand":[],"product_cat":[90],"product_tag":[],"class_list":{"0":"post-9673","1":"product","2":"type-product","3":"status-publish","4":"has-post-thumbnail","6":"product_cat-producto-potenciador-de-la-nutricion","7":"desktop-align-center","8":"tablet-align-left","9":"mobile-align-left","11":"first","12":"instock","13":"shipping-taxable","14":"product-type-simple"},"yoast_head":"<!-- This site is optimized with the Yoast SEO plugin v26.5 - https:\/\/yoast.com\/wordpress\/plugins\/seo\/ -->\n<title>Proveedor de \u00c1cido L-glut\u00e1mico, Polvo de \u00c1cido L-glut\u00e1mico E620 | Niranbio Chemical<\/title>\n<meta name=\"description\" content=\"Nuestro \u00e1cido L-glut\u00e1mico tiene la apariencia de un polvo cristalino blanco y se puede utilizar ampliamente en productos farmac\u00e9uticos, aditivos alimentarios, potenciadores nutricionales, etc.\" \/>\n<meta name=\"robots\" content=\"noindex, follow, max-snippet:-1, max-image-preview:large, max-video-preview:-1\" \/>\n<meta name=\"twitter:label1\" content=\"Tiempo de lectura\" \/>\n\t<meta name=\"twitter:data1\" content=\"5 minutos\" \/>\n<script type=\"application\/ld+json\" class=\"yoast-schema-graph\">{\"@context\":\"https:\/\/schema.org\",\"@graph\":[{\"@type\":\"WebPage\",\"@id\":\"https:\/\/theo.niranbio.com\/es\/acido-l-glutamico.html\",\"url\":\"https:\/\/theo.niranbio.com\/es\/acido-l-glutamico.html\",\"name\":\"Proveedor de \u00c1cido L-glut\u00e1mico, Polvo de \u00c1cido L-glut\u00e1mico E620 | Niranbio Chemical\",\"isPartOf\":{\"@id\":\"https:\/\/theo.niranbio.com\/es\/#website\"},\"primaryImageOfPage\":{\"@id\":\"https:\/\/theo.niranbio.com\/es\/acido-l-glutamico.html#primaryimage\"},\"image\":{\"@id\":\"https:\/\/theo.niranbio.com\/es\/acido-l-glutamico.html#primaryimage\"},\"thumbnailUrl\":\"https:\/\/theo.niranbio.com\/wp-content\/uploads\/2024\/06\/L-Glutamic-Acid.webp\",\"datePublished\":\"2024-06-20T03:31:34+00:00\",\"dateModified\":\"2024-08-15T11:15:12+00:00\",\"description\":\"Nuestro \u00e1cido L-glut\u00e1mico tiene la apariencia de un polvo cristalino blanco y se puede utilizar ampliamente en productos farmac\u00e9uticos, aditivos alimentarios, potenciadores nutricionales, etc.\",\"breadcrumb\":{\"@id\":\"https:\/\/theo.niranbio.com\/es\/acido-l-glutamico.html#breadcrumb\"},\"inLanguage\":\"es\",\"potentialAction\":[{\"@type\":\"ReadAction\",\"target\":[\"https:\/\/theo.niranbio.com\/es\/acido-l-glutamico.html\"]}]},{\"@type\":\"ImageObject\",\"inLanguage\":\"es\",\"@id\":\"https:\/\/theo.niranbio.com\/es\/acido-l-glutamico.html#primaryimage\",\"url\":\"https:\/\/theo.niranbio.com\/wp-content\/uploads\/2024\/06\/L-Glutamic-Acid.webp\",\"contentUrl\":\"https:\/\/theo.niranbio.com\/wp-content\/uploads\/2024\/06\/L-Glutamic-Acid.webp\",\"width\":600,\"height\":600,\"caption\":\"\u00c1cido L-glut\u00e1mico\"},{\"@type\":\"BreadcrumbList\",\"@id\":\"https:\/\/theo.niranbio.com\/es\/acido-l-glutamico.html#breadcrumb\",\"itemListElement\":[{\"@type\":\"ListItem\",\"position\":1,\"name\":\"Home\",\"item\":\"https:\/\/theo.niranbio.com\/es\/\"},{\"@type\":\"ListItem\",\"position\":2,\"name\":\"Productos\",\"item\":\"https:\/\/theo.niranbio.com\/es\/productos.html\"},{\"@type\":\"ListItem\",\"position\":3,\"name\":\"Potenciador de la Nutrici\u00f3n\",\"item\":\"https:\/\/theo.niranbio.com\/es\/producto-potenciador-de-la-nutricion\/\"},{\"@type\":\"ListItem\",\"position\":4,\"name\":\"\u00c1cido L-glut\u00e1mico\"}]},{\"@type\":\"WebSite\",\"@id\":\"https:\/\/theo.niranbio.com\/es\/#website\",\"url\":\"https:\/\/theo.niranbio.com\/es\/\",\"name\":\"Niranbio Chemical\",\"description\":\"\",\"publisher\":{\"@id\":\"https:\/\/theo.niranbio.com\/es\/#organization\"},\"potentialAction\":[{\"@type\":\"SearchAction\",\"target\":{\"@type\":\"EntryPoint\",\"urlTemplate\":\"https:\/\/theo.niranbio.com\/es\/?s={search_term_string}\"},\"query-input\":{\"@type\":\"PropertyValueSpecification\",\"valueRequired\":true,\"valueName\":\"search_term_string\"}}],\"inLanguage\":\"es\"},{\"@type\":\"Organization\",\"@id\":\"https:\/\/theo.niranbio.com\/es\/#organization\",\"name\":\"Niranbio Chemical\",\"url\":\"https:\/\/theo.niranbio.com\/es\/\",\"logo\":{\"@type\":\"ImageObject\",\"inLanguage\":\"es\",\"@id\":\"https:\/\/theo.niranbio.com\/es\/#\/schema\/logo\/image\/\",\"url\":\"https:\/\/theo.niranbio.com\/wp-content\/uploads\/2024\/06\/Niranbio.png\",\"contentUrl\":\"https:\/\/theo.niranbio.com\/wp-content\/uploads\/2024\/06\/Niranbio.png\",\"width\":270,\"height\":100,\"caption\":\"Niranbio Chemical\"},\"image\":{\"@id\":\"https:\/\/theo.niranbio.com\/es\/#\/schema\/logo\/image\/\"}}]}<\/script>\n<!-- \/ Yoast SEO plugin. -->","yoast_head_json":{"title":"Proveedor de \u00c1cido L-glut\u00e1mico, Polvo de \u00c1cido L-glut\u00e1mico E620 | Niranbio Chemical","description":"Nuestro \u00e1cido L-glut\u00e1mico tiene la apariencia de un polvo cristalino blanco y se puede utilizar ampliamente en productos farmac\u00e9uticos, aditivos alimentarios, potenciadores nutricionales, etc.","robots":{"index":"noindex","follow":"follow","max-snippet":"max-snippet:-1","max-image-preview":"max-image-preview:large","max-video-preview":"max-video-preview:-1"},"twitter_misc":{"Tiempo de lectura":"5 minutos"},"schema":{"@context":"https:\/\/schema.org","@graph":[{"@type":"WebPage","@id":"https:\/\/theo.niranbio.com\/es\/acido-l-glutamico.html","url":"https:\/\/theo.niranbio.com\/es\/acido-l-glutamico.html","name":"Proveedor de \u00c1cido L-glut\u00e1mico, Polvo de \u00c1cido L-glut\u00e1mico E620 | Niranbio Chemical","isPartOf":{"@id":"https:\/\/theo.niranbio.com\/es\/#website"},"primaryImageOfPage":{"@id":"https:\/\/theo.niranbio.com\/es\/acido-l-glutamico.html#primaryimage"},"image":{"@id":"https:\/\/theo.niranbio.com\/es\/acido-l-glutamico.html#primaryimage"},"thumbnailUrl":"https:\/\/theo.niranbio.com\/wp-content\/uploads\/2024\/06\/L-Glutamic-Acid.webp","datePublished":"2024-06-20T03:31:34+00:00","dateModified":"2024-08-15T11:15:12+00:00","description":"Nuestro \u00e1cido L-glut\u00e1mico tiene la apariencia de un polvo cristalino blanco y se puede utilizar ampliamente en productos farmac\u00e9uticos, aditivos alimentarios, potenciadores nutricionales, etc.","breadcrumb":{"@id":"https:\/\/theo.niranbio.com\/es\/acido-l-glutamico.html#breadcrumb"},"inLanguage":"es","potentialAction":[{"@type":"ReadAction","target":["https:\/\/theo.niranbio.com\/es\/acido-l-glutamico.html"]}]},{"@type":"ImageObject","inLanguage":"es","@id":"https:\/\/theo.niranbio.com\/es\/acido-l-glutamico.html#primaryimage","url":"https:\/\/theo.niranbio.com\/wp-content\/uploads\/2024\/06\/L-Glutamic-Acid.webp","contentUrl":"https:\/\/theo.niranbio.com\/wp-content\/uploads\/2024\/06\/L-Glutamic-Acid.webp","width":600,"height":600,"caption":"\u00c1cido L-glut\u00e1mico"},{"@type":"BreadcrumbList","@id":"https:\/\/theo.niranbio.com\/es\/acido-l-glutamico.html#breadcrumb","itemListElement":[{"@type":"ListItem","position":1,"name":"Home","item":"https:\/\/theo.niranbio.com\/es\/"},{"@type":"ListItem","position":2,"name":"Productos","item":"https:\/\/theo.niranbio.com\/es\/productos.html"},{"@type":"ListItem","position":3,"name":"Potenciador de la Nutrici\u00f3n","item":"https:\/\/theo.niranbio.com\/es\/producto-potenciador-de-la-nutricion\/"},{"@type":"ListItem","position":4,"name":"\u00c1cido L-glut\u00e1mico"}]},{"@type":"WebSite","@id":"https:\/\/theo.niranbio.com\/es\/#website","url":"https:\/\/theo.niranbio.com\/es\/","name":"Niranbio Chemical","description":"","publisher":{"@id":"https:\/\/theo.niranbio.com\/es\/#organization"},"potentialAction":[{"@type":"SearchAction","target":{"@type":"EntryPoint","urlTemplate":"https:\/\/theo.niranbio.com\/es\/?s={search_term_string}"},"query-input":{"@type":"PropertyValueSpecification","valueRequired":true,"valueName":"search_term_string"}}],"inLanguage":"es"},{"@type":"Organization","@id":"https:\/\/theo.niranbio.com\/es\/#organization","name":"Niranbio Chemical","url":"https:\/\/theo.niranbio.com\/es\/","logo":{"@type":"ImageObject","inLanguage":"es","@id":"https:\/\/theo.niranbio.com\/es\/#\/schema\/logo\/image\/","url":"https:\/\/theo.niranbio.com\/wp-content\/uploads\/2024\/06\/Niranbio.png","contentUrl":"https:\/\/theo.niranbio.com\/wp-content\/uploads\/2024\/06\/Niranbio.png","width":270,"height":100,"caption":"Niranbio Chemical"},"image":{"@id":"https:\/\/theo.niranbio.com\/es\/#\/schema\/logo\/image\/"}}]}},"_links":{"self":[{"href":"https:\/\/theo.niranbio.com\/es\/wp-json\/wp\/v2\/product\/9673","targetHints":{"allow":["GET"]}}],"collection":[{"href":"https:\/\/theo.niranbio.com\/es\/wp-json\/wp\/v2\/product"}],"about":[{"href":"https:\/\/theo.niranbio.com\/es\/wp-json\/wp\/v2\/types\/product"}],"version-history":[{"count":0,"href":"https:\/\/theo.niranbio.com\/es\/wp-json\/wp\/v2\/product\/9673\/revisions"}],"wp:featuredmedia":[{"embeddable":true,"href":"https:\/\/theo.niranbio.com\/es\/wp-json\/wp\/v2\/media\/5726"}],"wp:attachment":[{"href":"https:\/\/theo.niranbio.com\/es\/wp-json\/wp\/v2\/media?parent=9673"}],"wp:term":[{"taxonomy":"product_brand","embeddable":true,"href":"https:\/\/theo.niranbio.com\/es\/wp-json\/wp\/v2\/product_brand?post=9673"},{"taxonomy":"product_cat","embeddable":true,"href":"https:\/\/theo.niranbio.com\/es\/wp-json\/wp\/v2\/product_cat?post=9673"},{"taxonomy":"product_tag","embeddable":true,"href":"https:\/\/theo.niranbio.com\/es\/wp-json\/wp\/v2\/product_tag?post=9673"}],"curies":[{"name":"wp","href":"https:\/\/api.w.org\/{rel}","templated":true}]}}