{"id":9672,"date":"2024-06-20T11:49:16","date_gmt":"2024-06-20T03:49:16","guid":{"rendered":"https:\/\/theo.niranbio.com\/corante-caramelo-de-grau-alimenticio\/"},"modified":"2024-08-15T14:45:18","modified_gmt":"2024-08-15T06:45:18","slug":"corante-caramelo-de-grau-alimenticio","status":"publish","type":"product","link":"https:\/\/theo.niranbio.com\/es\/corante-caramelo-de-grau-alimenticio.html","title":{"rendered":"Corante Caramelo de Grau Aliment\u00edcio"},"content":{"rendered":"<h2><span class=\"ez-toc-section\" id=\"O_que_e_Corante_Caramelo_de_Grau_Alimenticio\"><\/span>O que \u00e9 Corante Caramelo de Grau Aliment\u00edcio?<span class=\"ez-toc-section-end\"><\/span><\/h2>\n<p>El color caramelo de grado alimenticio es un colorante que se utiliza en alimentos y bebidas. Viene en tonos que van desde el marr\u00f3n claro al marr\u00f3n oscuro y puede aparecer como l\u00edquido o polvo. Se elabora a partir de az\u00facares mediante una reacci\u00f3n de caramelizaci\u00f3n calentada, tiene buena estabilidad de color y es adecuado para una variedad de alimentos y bebidas, como bebidas, productos horneados y condimentos.<\/p>\n<p>Los principales procesos de preparaci\u00f3n para el color caramelo de grado alimenticio incluyen la caramelizaci\u00f3n, el m\u00e9todo de amino\u00e1cidos y el m\u00e9todo de sulfato de amonio. Es el proceso m\u00e1s com\u00fan y es adecuado para la mayor\u00eda de los alimentos y bebidas debido a su proceso simple y bajo costo. En China, este proceso se usa ampliamente debido a su aplicabilidad universal. El m\u00e9todo de amino\u00e1cidos implica la reacci\u00f3n de az\u00facares con amino\u00e1cidos a altas temperaturas para producir un color caramelo con alta estabilidad, que se utiliza principalmente para productos con altos requisitos de estabilidad del color, como la cerveza y los condimentos. Aunque este m\u00e9todo es m\u00e1s importante en aplicaciones espec\u00edficas, su alcance general de uso es menor que el m\u00e9todo de caramelizaci\u00f3n. El m\u00e9todo del sulfato de amonio produce color caramelo al reaccionar az\u00facares con amon\u00edaco y \u00e1cido sulf\u00farico, y se utiliza principalmente en alimentos que requieren una estabilidad extremadamente alta, como ciertos condimentos y salsa de soja. Este m\u00e9todo se utiliza m\u00e1s com\u00fanmente en necesidades espec\u00edficas, pero en general no es tan com\u00fan como la caramelizaci\u00f3n.<\/p>\n<h2><span class=\"ez-toc-section\" id=\"Parametros_relacionados\"><\/span>Par\u00e1metros relacionados:<span class=\"ez-toc-section-end\"><\/span><\/h2>\n<table>\n<tbody>\n<tr>\n<td>ART\u00cdCULO<\/td>\n<td>EST\u00c1NDAR<\/td>\n<\/tr>\n<tr>\n<td>E 0,1%1CM (610nm) Absorbancia<\/td>\n<td>0.259-0.285<\/td>\n<\/tr>\n<tr>\n<td>Peso espec\u00edfico (25\u00b0C)<\/td>\n<td>1.255-1.270<\/td>\n<\/tr>\n<tr>\n<td>Viscosidad(25\u00b0C)=&lt; Cps<\/td>\n<td>8000<\/td>\n<\/tr>\n<tr>\n<td>Valor PH<\/td>\n<td>2.7-3.3<\/td>\n<\/tr>\n<tr>\n<td>Punto de neblina&gt;= mins<\/td>\n<td>40<\/td>\n<\/tr>\n<tr>\n<td>Tiempo de gelificaci\u00f3n &gt;=mins<\/td>\n<td>100<\/td>\n<\/tr>\n<tr>\n<td>Resinificaci\u00f3n &gt;= h<\/td>\n<td>20<\/td>\n<\/tr>\n<tr>\n<td>Punto isoel\u00e9ctrico =&lt;<\/td>\n<td>1.0<\/td>\n<\/tr>\n<tr>\n<td>Prueba de estabilidad \u00e1cida<\/td>\n<td>Sin neblina<\/td>\n<\/tr>\n<tr>\n<td>Prueba de alcohol (soluci\u00f3n alcoh\u00f3lica al 50% V\/V)<\/td>\n<td>Sin neblina<\/td>\n<\/tr>\n<tr>\n<td>Nitr\u00f3geno amoniacal(Como NH3) =&lt; %<\/td>\n<td>0.5<\/td>\n<\/tr>\n<tr>\n<td>Di\u00f3xido de azufre(como SO2) =&lt; %<\/td>\n<td>0.1<\/td>\n<\/tr>\n<tr>\n<td>Nitr\u00f3geno total(como N) =&lt; %<\/td>\n<td>3.3<\/td>\n<\/tr>\n<tr>\n<td>Azufre total (como S) =&lt; %<\/td>\n<td>3.5<\/td>\n<\/tr>\n<tr>\n<td>4-metil Imidazol =&lt; mg\/kg<\/td>\n<td>200<\/td>\n<\/tr>\n<tr>\n<td>Ars\u00e9nico(As As) =&lt; mg\/kg<\/td>\n<td>1.0<\/td>\n<\/tr>\n<tr>\n<td>Plomo (As Pb) =&lt; mg\/kg<\/td>\n<td>2.0<\/td>\n<\/tr>\n<tr>\n<td>Metales pesados(As Pb) =&lt; mg\/kg<\/td>\n<td>25<\/td>\n<\/tr>\n<tr>\n<td>Mercurio(As Hg) =&lt; mg\/kg<\/td>\n<td>0.1<\/td>\n<\/tr>\n<\/tbody>\n<\/table>\n<h2><span class=\"ez-toc-section\" id=\"Dosis_recomendada\"><\/span>Dosis recomendada:<span class=\"ez-toc-section-end\"><\/span><\/h2>\n<table>\n<tbody>\n<tr>\n<td>Nombre del alimento<\/td>\n<td>Uso m\u00e1ximo(g\/kg)<\/td>\n<\/tr>\n<tr>\n<td>Bebidas carbonatadas<\/td>\n<td>0,1 &#8211; 0,5 g\/kg<\/td>\n<\/tr>\n<tr>\n<td>Cerveza<\/td>\n<td>0,1 &#8211; 0,3 g\/kg<\/td>\n<\/tr>\n<tr>\n<td>Bebidas de frutas<\/td>\n<td>0,05 &#8211; 0,1 g\/kg<\/td>\n<\/tr>\n<tr>\n<td>Salsa de soja<\/td>\n<td>0,5 &#8211; 1,0 g\/kg<\/td>\n<\/tr>\n<tr>\n<td>Salsa barbacoa<\/td>\n<td>0,2 &#8211; 0,5 g\/kg<\/td>\n<\/tr>\n<tr>\n<td>Condimentos<\/td>\n<td>0,1 &#8211; 0,3 g\/kg<\/td>\n<\/tr>\n<tr>\n<td>Chocolate<\/td>\n<td>0,1 &#8211; 0,3 g\/kg<\/td>\n<\/tr>\n<tr>\n<td>Caramelo<\/td>\n<td>0,1 &#8211; 0,3 g\/kg<\/td>\n<\/tr>\n<tr>\n<td>Alimentos enlatados<\/td>\n<td>0,1 &#8211; 0,3 g\/kg<\/td>\n<\/tr>\n<tr>\n<td>Productos l\u00e1cteos<\/td>\n<td>0,1 &#8211; 0,2 g\/kg<\/td>\n<\/tr>\n<tr>\n<td>Salsas<\/td>\n<td>0,2 &#8211; 0,5 g\/kg<\/td>\n<\/tr>\n<tr>\n<td>Especias<\/td>\n<td>0,1 &#8211; 0,2 g\/kg<\/td>\n<\/tr>\n<\/tbody>\n<\/table>\n<h2><span class=\"ez-toc-section\" id=\"El_color_caramelo_de_grado_alimenticio_tiene_una_amplia_gama_de_usos\"><\/span>El color caramelo de grado alimenticio tiene una amplia gama de usos<span class=\"ez-toc-section-end\"><\/span><\/h2>\n<ol>\n<li>Funci\u00f3n colorante: La funci\u00f3n principal del color caramelo de grado alimenticio es proporcionar color a los alimentos y bebidas, haciendo que los productos sean visualmente atractivos. Puede variar de marr\u00f3n claro a marr\u00f3n oscuro, y puede imitar los colores de los alimentos naturales, mejorando la apariencia de los productos y haci\u00e9ndolos m\u00e1s atractivos y consistentes.<\/li>\n<li>Mejorar la apariencia: El color caramelo se puede distribuir uniformemente en alimentos y bebidas, mejorando la consistencia de la apariencia de los productos. Puede enmascarar las diferencias de color naturales de las materias primas, haciendo que el color del producto final sea m\u00e1s uniforme y hermoso.<\/li>\n<li>Estabilidad y tolerancia: el color caramelo tiene una buena estabilidad en una variedad de condiciones de procesamiento de alimentos, incluidos diferentes valores de pH y temperaturas. Puede soportar el tratamiento a alta temperatura y las condiciones de almacenamiento durante el procesamiento y mantener su color. Esto hace que el color caramelo sea particularmente adecuado para alimentos que se almacenan durante mucho tiempo o se tratan t\u00e9rmicamente.<\/li>\n<li>Mejora el atractivo comercial de los alimentos: al ajustar la concentraci\u00f3n de color caramelo, los fabricantes pueden ajustar el color de los alimentos de acuerdo con las preferencias de los consumidores y la demanda del mercado, mejorando as\u00ed la competitividad de los productos en el mercado. El uso de color caramelo puede ayudar a las marcas a destacar visualmente y mejorar el atractivo de los productos.<\/li>\n<\/ol>\n<h2><span class=\"ez-toc-section\" id=\"Pregunta_formulada_por_un_usuario\"><\/span>Pregunta formulada por un usuario:<span class=\"ez-toc-section-end\"><\/span><\/h2>\n<p>Pregunta: \u00bfEl color caramelo de grado alimenticio es org\u00e1nico? \u00bfCu\u00e1les son sus alternativas naturales?<\/p>\n<p>Respuesta: El color caramelo de grado alimenticio es un color elaborado a partir de az\u00facares mediante una reacci\u00f3n de calentamiento y caramelizaci\u00f3n, por lo que puede considerarse una sustancia org\u00e1nica. El proceso de producci\u00f3n del color caramelo no involucra ning\u00fan qu\u00edmico sint\u00e9tico y se basa principalmente en la reacci\u00f3n de calentamiento de los az\u00facares, por lo que se considera natural en muchos alimentos y bebidas. Entre sus alternativas naturales se encuentran el caroteno, la levadura roja de arroz, etc.<\/p>\n","protected":false},"excerpt":{"rendered":"<ul>\n<li>CAS: 8028-89-5<\/li>\n<li>F\u00f3rmula qu\u00edmica: C10H10O<\/li>\n<li>Certificaciones: KOSHER, ISO, HALAL, FSSC 22000, BRC, etc.<\/li>\n<li>Cantidad m\u00ednima de pedido: 1000KG<\/li>\n<li>Caducidad: 2 a\u00f1os<\/li>\n<\/ul>\n","protected":false},"featured_media":5628,"template":"","meta":{"site-sidebar-layout":"default","site-content-layout":"","ast-site-content-layout":"default","site-content-style":"default","site-sidebar-style":"default","ast-global-header-display":"","ast-banner-title-visibility":"","ast-main-header-display":"","ast-hfb-above-header-display":"","ast-hfb-below-header-display":"","ast-hfb-mobile-header-display":"","site-post-title":"","ast-breadcrumbs-content":"","ast-featured-img":"","footer-sml-layout":"","theme-transparent-header-meta":"default","adv-header-id-meta":"","stick-header-meta":"","header-above-stick-meta":"","header-main-stick-meta":"","header-below-stick-meta":"","astra-migrate-meta-layouts":"set","ast-page-background-enabled":"default","ast-page-background-meta":{"desktop":{"background-color":"var(--ast-global-color-4)","background-image":"","background-repeat":"repeat","background-position":"center center","background-size":"auto","background-attachment":"scroll","background-type":"","background-media":"","overlay-type":"","overlay-color":"","overlay-opacity":"","overlay-gradient":""},"tablet":{"background-color":"","background-image":"","background-repeat":"repeat","background-position":"center center","background-size":"auto","background-attachment":"scroll","background-type":"","background-media":"","overlay-type":"","overlay-color":"","overlay-opacity":"","overlay-gradient":""},"mobile":{"background-color":"","background-image":"","background-repeat":"repeat","background-position":"center center","background-size":"auto","background-attachment":"scroll","background-type":"","background-media":"","overlay-type":"","overlay-color":"","overlay-opacity":"","overlay-gradient":""}},"ast-content-background-meta":{"desktop":{"background-color":"var(--ast-global-color-5)","background-image":"","background-repeat":"repeat","background-position":"center center","background-size":"auto","background-attachment":"scroll","background-type":"","background-media":"","overlay-type":"","overlay-color":"","overlay-opacity":"","overlay-gradient":""},"tablet":{"background-color":"var(--ast-global-color-5)","background-image":"","background-repeat":"repeat","background-position":"center center","background-size":"auto","background-attachment":"scroll","background-type":"","background-media":"","overlay-type":"","overlay-color":"","overlay-opacity":"","overlay-gradient":""},"mobile":{"background-color":"var(--ast-global-color-5)","background-image":"","background-repeat":"repeat","background-position":"center center","background-size":"auto","background-attachment":"scroll","background-type":"","background-media":"","overlay-type":"","overlay-color":"","overlay-opacity":"","overlay-gradient":""}}},"product_brand":[],"product_cat":[84],"product_tag":[],"class_list":{"0":"post-9672","1":"product","2":"type-product","3":"status-publish","4":"has-post-thumbnail","6":"product_cat-producto-colorante","7":"desktop-align-center","8":"tablet-align-left","9":"mobile-align-left","11":"first","12":"instock","13":"shipping-taxable","14":"product-type-simple"},"yoast_head":"<!-- This site is optimized with the Yoast SEO plugin v26.5 - https:\/\/yoast.com\/wordpress\/plugins\/seo\/ -->\n<title>Colorante Caramelo E150, Colorante Caramelo en Polvo por Mayor | Niranbio Chemical<\/title>\n<meta name=\"description\" content=\"Suministramos colorante caramelo en polvo de calidad alimentaria, que var\u00eda de marr\u00f3n claro a marr\u00f3n oscuro y puede imitar los colores de los alimentos naturales.\" \/>\n<meta name=\"robots\" content=\"noindex, follow, max-snippet:-1, max-image-preview:large, max-video-preview:-1\" \/>\n<meta name=\"twitter:label1\" content=\"Tiempo de lectura\" \/>\n\t<meta name=\"twitter:data1\" content=\"4 minutos\" \/>\n<script type=\"application\/ld+json\" class=\"yoast-schema-graph\">{\"@context\":\"https:\/\/schema.org\",\"@graph\":[{\"@type\":\"WebPage\",\"@id\":\"https:\/\/theo.niranbio.com\/es\/corante-caramelo-de-grau-alimenticio.html\",\"url\":\"https:\/\/theo.niranbio.com\/es\/corante-caramelo-de-grau-alimenticio.html\",\"name\":\"Colorante Caramelo E150, Colorante Caramelo en Polvo por Mayor | Niranbio Chemical\",\"isPartOf\":{\"@id\":\"https:\/\/theo.niranbio.com\/es\/#website\"},\"primaryImageOfPage\":{\"@id\":\"https:\/\/theo.niranbio.com\/es\/corante-caramelo-de-grau-alimenticio.html#primaryimage\"},\"image\":{\"@id\":\"https:\/\/theo.niranbio.com\/es\/corante-caramelo-de-grau-alimenticio.html#primaryimage\"},\"thumbnailUrl\":\"https:\/\/theo.niranbio.com\/wp-content\/uploads\/2024\/06\/Caramel-Color-Food-Grade.webp\",\"datePublished\":\"2024-06-20T03:49:16+00:00\",\"dateModified\":\"2024-08-15T06:45:18+00:00\",\"description\":\"Suministramos colorante caramelo en polvo de calidad alimentaria, que var\u00eda de marr\u00f3n claro a marr\u00f3n oscuro y puede imitar los colores de los alimentos naturales.\",\"breadcrumb\":{\"@id\":\"https:\/\/theo.niranbio.com\/es\/corante-caramelo-de-grau-alimenticio.html#breadcrumb\"},\"inLanguage\":\"es\",\"potentialAction\":[{\"@type\":\"ReadAction\",\"target\":[\"https:\/\/theo.niranbio.com\/es\/corante-caramelo-de-grau-alimenticio.html\"]}]},{\"@type\":\"ImageObject\",\"inLanguage\":\"es\",\"@id\":\"https:\/\/theo.niranbio.com\/es\/corante-caramelo-de-grau-alimenticio.html#primaryimage\",\"url\":\"https:\/\/theo.niranbio.com\/wp-content\/uploads\/2024\/06\/Caramel-Color-Food-Grade.webp\",\"contentUrl\":\"https:\/\/theo.niranbio.com\/wp-content\/uploads\/2024\/06\/Caramel-Color-Food-Grade.webp\",\"width\":600,\"height\":600,\"caption\":\"Color caramelo de grado alimenticio\"},{\"@type\":\"BreadcrumbList\",\"@id\":\"https:\/\/theo.niranbio.com\/es\/corante-caramelo-de-grau-alimenticio.html#breadcrumb\",\"itemListElement\":[{\"@type\":\"ListItem\",\"position\":1,\"name\":\"Home\",\"item\":\"https:\/\/theo.niranbio.com\/es\/\"},{\"@type\":\"ListItem\",\"position\":2,\"name\":\"Productos\",\"item\":\"https:\/\/theo.niranbio.com\/es\/productos.html\"},{\"@type\":\"ListItem\",\"position\":3,\"name\":\"Colorante\",\"item\":\"https:\/\/theo.niranbio.com\/es\/producto-colorante\/\"},{\"@type\":\"ListItem\",\"position\":4,\"name\":\"Corante Caramelo de Grau Aliment\u00edcio\"}]},{\"@type\":\"WebSite\",\"@id\":\"https:\/\/theo.niranbio.com\/es\/#website\",\"url\":\"https:\/\/theo.niranbio.com\/es\/\",\"name\":\"Niranbio Chemical\",\"description\":\"\",\"publisher\":{\"@id\":\"https:\/\/theo.niranbio.com\/es\/#organization\"},\"potentialAction\":[{\"@type\":\"SearchAction\",\"target\":{\"@type\":\"EntryPoint\",\"urlTemplate\":\"https:\/\/theo.niranbio.com\/es\/?s={search_term_string}\"},\"query-input\":{\"@type\":\"PropertyValueSpecification\",\"valueRequired\":true,\"valueName\":\"search_term_string\"}}],\"inLanguage\":\"es\"},{\"@type\":\"Organization\",\"@id\":\"https:\/\/theo.niranbio.com\/es\/#organization\",\"name\":\"Niranbio Chemical\",\"url\":\"https:\/\/theo.niranbio.com\/es\/\",\"logo\":{\"@type\":\"ImageObject\",\"inLanguage\":\"es\",\"@id\":\"https:\/\/theo.niranbio.com\/es\/#\/schema\/logo\/image\/\",\"url\":\"https:\/\/theo.niranbio.com\/wp-content\/uploads\/2024\/06\/Niranbio.png\",\"contentUrl\":\"https:\/\/theo.niranbio.com\/wp-content\/uploads\/2024\/06\/Niranbio.png\",\"width\":270,\"height\":100,\"caption\":\"Niranbio Chemical\"},\"image\":{\"@id\":\"https:\/\/theo.niranbio.com\/es\/#\/schema\/logo\/image\/\"}}]}<\/script>\n<!-- \/ Yoast SEO plugin. -->","yoast_head_json":{"title":"Colorante Caramelo E150, Colorante Caramelo en Polvo por Mayor | Niranbio Chemical","description":"Suministramos colorante caramelo en polvo de calidad alimentaria, que var\u00eda de marr\u00f3n claro a marr\u00f3n oscuro y puede imitar los colores de los alimentos naturales.","robots":{"index":"noindex","follow":"follow","max-snippet":"max-snippet:-1","max-image-preview":"max-image-preview:large","max-video-preview":"max-video-preview:-1"},"twitter_misc":{"Tiempo de lectura":"4 minutos"},"schema":{"@context":"https:\/\/schema.org","@graph":[{"@type":"WebPage","@id":"https:\/\/theo.niranbio.com\/es\/corante-caramelo-de-grau-alimenticio.html","url":"https:\/\/theo.niranbio.com\/es\/corante-caramelo-de-grau-alimenticio.html","name":"Colorante Caramelo E150, Colorante Caramelo en Polvo por Mayor | Niranbio Chemical","isPartOf":{"@id":"https:\/\/theo.niranbio.com\/es\/#website"},"primaryImageOfPage":{"@id":"https:\/\/theo.niranbio.com\/es\/corante-caramelo-de-grau-alimenticio.html#primaryimage"},"image":{"@id":"https:\/\/theo.niranbio.com\/es\/corante-caramelo-de-grau-alimenticio.html#primaryimage"},"thumbnailUrl":"https:\/\/theo.niranbio.com\/wp-content\/uploads\/2024\/06\/Caramel-Color-Food-Grade.webp","datePublished":"2024-06-20T03:49:16+00:00","dateModified":"2024-08-15T06:45:18+00:00","description":"Suministramos colorante caramelo en polvo de calidad alimentaria, que var\u00eda de marr\u00f3n claro a marr\u00f3n oscuro y puede imitar los colores de los alimentos naturales.","breadcrumb":{"@id":"https:\/\/theo.niranbio.com\/es\/corante-caramelo-de-grau-alimenticio.html#breadcrumb"},"inLanguage":"es","potentialAction":[{"@type":"ReadAction","target":["https:\/\/theo.niranbio.com\/es\/corante-caramelo-de-grau-alimenticio.html"]}]},{"@type":"ImageObject","inLanguage":"es","@id":"https:\/\/theo.niranbio.com\/es\/corante-caramelo-de-grau-alimenticio.html#primaryimage","url":"https:\/\/theo.niranbio.com\/wp-content\/uploads\/2024\/06\/Caramel-Color-Food-Grade.webp","contentUrl":"https:\/\/theo.niranbio.com\/wp-content\/uploads\/2024\/06\/Caramel-Color-Food-Grade.webp","width":600,"height":600,"caption":"Color caramelo de grado alimenticio"},{"@type":"BreadcrumbList","@id":"https:\/\/theo.niranbio.com\/es\/corante-caramelo-de-grau-alimenticio.html#breadcrumb","itemListElement":[{"@type":"ListItem","position":1,"name":"Home","item":"https:\/\/theo.niranbio.com\/es\/"},{"@type":"ListItem","position":2,"name":"Productos","item":"https:\/\/theo.niranbio.com\/es\/productos.html"},{"@type":"ListItem","position":3,"name":"Colorante","item":"https:\/\/theo.niranbio.com\/es\/producto-colorante\/"},{"@type":"ListItem","position":4,"name":"Corante Caramelo de Grau Aliment\u00edcio"}]},{"@type":"WebSite","@id":"https:\/\/theo.niranbio.com\/es\/#website","url":"https:\/\/theo.niranbio.com\/es\/","name":"Niranbio Chemical","description":"","publisher":{"@id":"https:\/\/theo.niranbio.com\/es\/#organization"},"potentialAction":[{"@type":"SearchAction","target":{"@type":"EntryPoint","urlTemplate":"https:\/\/theo.niranbio.com\/es\/?s={search_term_string}"},"query-input":{"@type":"PropertyValueSpecification","valueRequired":true,"valueName":"search_term_string"}}],"inLanguage":"es"},{"@type":"Organization","@id":"https:\/\/theo.niranbio.com\/es\/#organization","name":"Niranbio Chemical","url":"https:\/\/theo.niranbio.com\/es\/","logo":{"@type":"ImageObject","inLanguage":"es","@id":"https:\/\/theo.niranbio.com\/es\/#\/schema\/logo\/image\/","url":"https:\/\/theo.niranbio.com\/wp-content\/uploads\/2024\/06\/Niranbio.png","contentUrl":"https:\/\/theo.niranbio.com\/wp-content\/uploads\/2024\/06\/Niranbio.png","width":270,"height":100,"caption":"Niranbio Chemical"},"image":{"@id":"https:\/\/theo.niranbio.com\/es\/#\/schema\/logo\/image\/"}}]}},"_links":{"self":[{"href":"https:\/\/theo.niranbio.com\/es\/wp-json\/wp\/v2\/product\/9672","targetHints":{"allow":["GET"]}}],"collection":[{"href":"https:\/\/theo.niranbio.com\/es\/wp-json\/wp\/v2\/product"}],"about":[{"href":"https:\/\/theo.niranbio.com\/es\/wp-json\/wp\/v2\/types\/product"}],"version-history":[{"count":0,"href":"https:\/\/theo.niranbio.com\/es\/wp-json\/wp\/v2\/product\/9672\/revisions"}],"wp:featuredmedia":[{"embeddable":true,"href":"https:\/\/theo.niranbio.com\/es\/wp-json\/wp\/v2\/media\/5628"}],"wp:attachment":[{"href":"https:\/\/theo.niranbio.com\/es\/wp-json\/wp\/v2\/media?parent=9672"}],"wp:term":[{"taxonomy":"product_brand","embeddable":true,"href":"https:\/\/theo.niranbio.com\/es\/wp-json\/wp\/v2\/product_brand?post=9672"},{"taxonomy":"product_cat","embeddable":true,"href":"https:\/\/theo.niranbio.com\/es\/wp-json\/wp\/v2\/product_cat?post=9672"},{"taxonomy":"product_tag","embeddable":true,"href":"https:\/\/theo.niranbio.com\/es\/wp-json\/wp\/v2\/product_tag?post=9672"}],"curies":[{"name":"wp","href":"https:\/\/api.w.org\/{rel}","templated":true}]}}