{"id":9637,"date":"2024-08-07T15:36:21","date_gmt":"2024-08-07T07:36:21","guid":{"rendered":"https:\/\/theo.niranbio.com\/oxido-de-magnesio-de-grado-alimenticio\/"},"modified":"2024-08-15T19:14:09","modified_gmt":"2024-08-15T11:14:09","slug":"oxido-de-magnesio-de-grado-alimenticio","status":"publish","type":"product","link":"https:\/\/theo.niranbio.com\/es\/oxido-de-magnesio-de-grado-alimenticio.html","title":{"rendered":"\u00d3xido de magnesio de grado alimenticio"},"content":{"rendered":"<h2><span class=\"ez-toc-section\" id=\"%C2%BFQue_es_el_oxido_de_magnesio\"><\/span>\u00bfQu\u00e9 es el \u00f3xido de magnesio?<span class=\"ez-toc-section-end\"><\/span><\/h2>\n<p>El \u00f3xido de magnesio de grado alimenticio es un ingrediente en forma de polvo blanco o cristalino que se utiliza principalmente para modificar la acidez y la estabilidad de los alimentos. Sus caracter\u00edsticas incluyen una alta estabilidad qu\u00edmica, insolubilidad en agua y mejora de la textura de los alimentos. Se utiliza ampliamente en la fabricaci\u00f3n de alimentos como yogur, pan y condimentos para ayudar a mejorar la calidad y el sabor de los productos, y desempe\u00f1a un papel auxiliar en los suplementos nutricionales y los alimentos saludables.<\/p>\n<p>Existen principalmente los siguientes procesos de preparaci\u00f3n para el \u00f3xido de magnesio de grado alimenticio en China:<\/p>\n<p>1. Preparaci\u00f3n qu\u00edmica: incluye el proceso de s\u00edntesis qu\u00edmica del \u00f3xido de magnesio, generalmente formado por la reacci\u00f3n de las materias primas de \u00f3xido de magnesio con reactivos qu\u00edmicos. Este m\u00e9todo tiene un proceso maduro y una alta eficiencia de producci\u00f3n. En China, ahora es un procedimiento de primera. M\u00e9todo de descomposici\u00f3n t\u00e9rmica: el \u00f3xido de magnesio se prepara mediante la descomposici\u00f3n t\u00e9rmica a alta temperatura de los precursores o compuestos de \u00f3xido de magnesio.<\/p>\n<p>2. Este enfoque funciona bien en algunas circunstancias con requisitos particulares, pero generalmente requiere condiciones de reacci\u00f3n a alta temperatura y un control de reacci\u00f3n preciso.<\/p>\n<h2><span class=\"ez-toc-section\" id=\"Parametros_relacionados\"><\/span>Par\u00e1metros relacionados:<span class=\"ez-toc-section-end\"><\/span><\/h2>\n<table>\n<tbody>\n<tr>\n<td><strong>Art\u00edculos<\/strong><\/td>\n<td><strong>Especificaci\u00f3n<\/strong><\/td>\n<\/tr>\n<tr>\n<td>Ensayo<\/td>\n<td>\u226596.5%<\/td>\n<\/tr>\n<tr>\n<td>Identificaci\u00f3n<\/td>\n<td>Presentar reacci\u00f3n positiva<\/td>\n<\/tr>\n<tr>\n<td>Soluci\u00f3n Color<\/td>\n<td>Empresa con la norma<\/td>\n<\/tr>\n<tr>\n<td>CaO<\/td>\n<td>\u22640.20<\/td>\n<\/tr>\n<tr>\n<td>Carbonato<\/td>\n<td>\u2264 1.5<\/td>\n<\/tr>\n<tr>\n<td>Sustancia insoluble en \u00e1cido<\/td>\n<td>Empresa con la norma<\/td>\n<\/tr>\n<tr>\n<td>Solubles<\/td>\n<td>\u2264 2.0<\/td>\n<\/tr>\n<tr>\n<td>% LOI<\/td>\n<td>\u2264 5.0<\/td>\n<\/tr>\n<tr>\n<td>Como<\/td>\n<td>\u2264 0.0003%<\/td>\n<\/tr>\n<tr>\n<td>Pb<\/td>\n<td>\u2264 2,0 mg\/kg<\/td>\n<\/tr>\n<\/tbody>\n<\/table>\n<h2><span class=\"ez-toc-section\" id=\"Dosis_recomendada\"><\/span>Dosis recomendada:<span class=\"ez-toc-section-end\"><\/span><\/h2>\n<table>\n<tbody>\n<tr>\n<td><strong>Nombre del alimento<\/strong><\/td>\n<td><strong>Uso m\u00e1ximo (g\/kg)<\/strong><\/td>\n<\/tr>\n<tr>\n<td>Cereales de desayuno<\/td>\n<td>0,1 &#8211; 0,3 g\/kg<\/td>\n<\/tr>\n<tr>\n<td>Alternativas l\u00e1cteas<\/td>\n<td>0,05 &#8211; 0,2 g\/kg<\/td>\n<\/tr>\n<tr>\n<td>Productos de panader\u00eda<\/td>\n<td>0,1 &#8211; 0,5 g\/kg<\/td>\n<\/tr>\n<tr>\n<td>Productos c\u00e1rnicos<\/td>\n<td>0,1 &#8211; 0,3 g\/kg<\/td>\n<\/tr>\n<tr>\n<td>Ali\u00f1os para ensaladas<\/td>\n<td>0,05 &#8211; 0,2 g\/kg<\/td>\n<\/tr>\n<tr>\n<td>Galletas y bizcochos<\/td>\n<td>0,1 &#8211; 0,5 g\/kg<\/td>\n<\/tr>\n<tr>\n<td>Alimentos enlatados<\/td>\n<td>0,1 &#8211; 0,3 g\/kg<\/td>\n<\/tr>\n<tr>\n<td>Alimentos para animales de compa\u00f1\u00eda<\/td>\n<td>0,1 &#8211; 0,3 g\/kg<\/td>\n<\/tr>\n<tr>\n<td>Mezclas para pasteles<\/td>\n<td>0,1 &#8211; 0,3 g\/kg<\/td>\n<\/tr>\n<tr>\n<td>Sustitutos de la carne de origen vegetal<\/td>\n<td>0,1 &#8211; 0,3 g\/kg<\/td>\n<\/tr>\n<tr>\n<td>Aperitivos de fruta<\/td>\n<td>0,1 &#8211; 0,3 g\/kg<\/td>\n<\/tr>\n<tr>\n<td>Quesos veganos<\/td>\n<td>0,05 &#8211; 0,2 g\/kg<\/td>\n<\/tr>\n<tr>\n<td>Salsas para pasta<\/td>\n<td>0,05 &#8211; 0,2 g\/kg<\/td>\n<\/tr>\n<\/tbody>\n<\/table>\n<h2><span class=\"ez-toc-section\" id=\"El_oxido_de_magnesio_tiene_una_amplia_gama_de_usos\"><\/span>El \u00f3xido de magnesio tiene una amplia gama de usos<span class=\"ez-toc-section-end\"><\/span><\/h2>\n<p>1. Regulador de acidez: El \u00f3xido de magnesio puede ajustar el pH de los alimentos y es particularmente \u00fatil para productos alimenticios que necesitan controlar el pH. Puede neutralizar los componentes \u00e1cidos de los alimentos, estabilizando as\u00ed el sabor y la textura de los alimentos.<\/p>\n<p>2. Agente antiaglomerante: El \u00f3xido de magnesio se puede utilizar como agente antiaglomerante en algunos alimentos para evitar que los alimentos se endurezcan o se aglomeren debido a la absorci\u00f3n de agua, lo que extiende la vida \u00fatil del producto y mejora el sabor.<\/p>\n<p>3. Agente clarificante: Durante el proceso de elaboraci\u00f3n y clarificaci\u00f3n, el \u00f3xido de magnesio puede ayudar a clarificar el vino, el jugo y otros alimentos l\u00edquidos, eliminar impurezas y turbidez y hacer que el producto final sea m\u00e1s transparente y claro.<\/p>\n<p>4. Antioxidante: El \u00f3xido de magnesio tiene ciertas propiedades antioxidantes, que pueden ayudar a proteger las grasas y otros componentes f\u00e1cilmente oxidables en los alimentos, extender la vida \u00fatil de los alimentos y mantener su valor nutricional y sabor.<\/p>\n<p>5. Agente leudante: En productos horneados, el \u00f3xido de magnesio se puede utilizar como agente leudante para ayudar a que el pan, los pasteles y otros productos se esponjen mejor y aumenten el volumen.<\/p>\n<p>6. Estabilizador: El \u00f3xido de magnesio ayuda a estabilizar el color y la textura de ciertos alimentos, permitiendo que el producto mantenga la estabilidad y la consistencia durante el procesamiento y el almacenamiento.<\/p>\n<h2><span class=\"ez-toc-section\" id=\"Pregunta_del_usuario\"><\/span>Pregunta del usuario:<span class=\"ez-toc-section-end\"><\/span><\/h2>\n<p>Pregunta: \u00bfC\u00f3mo es el mercado mundial de \u00f3xido de magnesio de grado alimenticio?<\/p>\n<p>Respuesta: Se prev\u00e9 que contin\u00fae el crecimiento del mercado mundial de \u00f3xido de magnesio adecuado para la preparaci\u00f3n de alimentos. A medida que aumenta la conciencia de la salud de los consumidores, la demanda de aditivos alimentarios funcionales de la industria alimentaria contin\u00faa aumentando, y el \u00f3xido de magnesio, como una opci\u00f3n segura y eficaz, se utilizar\u00e1 ampliamente en el mercado global. Al mismo tiempo, la innovaci\u00f3n tecnol\u00f3gica y los estrictos requisitos regulatorios impulsan el mercado hacia una mayor calidad y seguridad, brindando a los clientes m\u00e1s oportunidades de crecimiento y desarrollo.<\/p>\n","protected":false},"excerpt":{"rendered":"<ul>\n<li>CAS: 1309-48-4<\/li>\n<li>F\u00f3rmula qu\u00edmica: MgO<\/li>\n<li>Certificaci\u00f3n: KOSHER, ISO, HALAL, FSSC22000, BRC, etc.<\/li>\n<li>Normativa: FCCV\/E530\/GB1886.216-2016<\/li>\n<li>Cantidad m\u00ednima de pedido: 1000KG<\/li>\n<li>Caducidad: 2 a\u00f1os<\/li>\n<\/ul>\n","protected":false},"featured_media":9313,"template":"","meta":{"site-sidebar-layout":"default","site-content-layout":"","ast-site-content-layout":"default","site-content-style":"default","site-sidebar-style":"default","ast-global-header-display":"","ast-banner-title-visibility":"","ast-main-header-display":"","ast-hfb-above-header-display":"","ast-hfb-below-header-display":"","ast-hfb-mobile-header-display":"","site-post-title":"","ast-breadcrumbs-content":"","ast-featured-img":"","footer-sml-layout":"","theme-transparent-header-meta":"default","adv-header-id-meta":"","stick-header-meta":"","header-above-stick-meta":"","header-main-stick-meta":"","header-below-stick-meta":"","astra-migrate-meta-layouts":"set","ast-page-background-enabled":"default","ast-page-background-meta":{"desktop":{"background-color":"var(--ast-global-color-4)","background-image":"","background-repeat":"repeat","background-position":"center center","background-size":"auto","background-attachment":"scroll","background-type":"","background-media":"","overlay-type":"","overlay-color":"","overlay-opacity":"","overlay-gradient":""},"tablet":{"background-color":"","background-image":"","background-repeat":"repeat","background-position":"center center","background-size":"auto","background-attachment":"scroll","background-type":"","background-media":"","overlay-type":"","overlay-color":"","overlay-opacity":"","overlay-gradient":""},"mobile":{"background-color":"","background-image":"","background-repeat":"repeat","background-position":"center center","background-size":"auto","background-attachment":"scroll","background-type":"","background-media":"","overlay-type":"","overlay-color":"","overlay-opacity":"","overlay-gradient":""}},"ast-content-background-meta":{"desktop":{"background-color":"var(--ast-global-color-5)","background-image":"","background-repeat":"repeat","background-position":"center center","background-size":"auto","background-attachment":"scroll","background-type":"","background-media":"","overlay-type":"","overlay-color":"","overlay-opacity":"","overlay-gradient":""},"tablet":{"background-color":"var(--ast-global-color-5)","background-image":"","background-repeat":"repeat","background-position":"center center","background-size":"auto","background-attachment":"scroll","background-type":"","background-media":"","overlay-type":"","overlay-color":"","overlay-opacity":"","overlay-gradient":""},"mobile":{"background-color":"var(--ast-global-color-5)","background-image":"","background-repeat":"repeat","background-position":"center center","background-size":"auto","background-attachment":"scroll","background-type":"","background-media":"","overlay-type":"","overlay-color":"","overlay-opacity":"","overlay-gradient":""}}},"product_brand":[],"product_cat":[90],"product_tag":[],"class_list":{"0":"post-9637","1":"product","2":"type-product","3":"status-publish","4":"has-post-thumbnail","6":"product_cat-producto-potenciador-de-la-nutricion","7":"desktop-align-center","8":"tablet-align-left","9":"mobile-align-left","11":"first","12":"instock","13":"shipping-taxable","14":"product-type-simple"},"yoast_head":"<!-- This site is optimized with the Yoast SEO plugin v26.5 - https:\/\/yoast.com\/wordpress\/plugins\/seo\/ -->\n<title>\u00d3xido De Magnesio E530, Comprar \u00d3xido Magnesio A Precio Econ\u00f3mico | Niranbio Chemical<\/title>\n<meta name=\"description\" content=\"Nuestro \u00f3xido de magnesio de grado alimenticio (E530) es un ingrediente en forma de polvo blanco o cristalino que se utiliza principalmente para modificar la acidez y la estabilidad de los alimentos.\" \/>\n<meta name=\"robots\" content=\"noindex, follow, max-snippet:-1, max-image-preview:large, max-video-preview:-1\" \/>\n<meta name=\"twitter:label1\" content=\"Tiempo de lectura\" \/>\n\t<meta name=\"twitter:data1\" content=\"4 minutos\" \/>\n<script type=\"application\/ld+json\" class=\"yoast-schema-graph\">{\"@context\":\"https:\/\/schema.org\",\"@graph\":[{\"@type\":\"WebPage\",\"@id\":\"https:\/\/theo.niranbio.com\/es\/oxido-de-magnesio-de-grado-alimenticio.html\",\"url\":\"https:\/\/theo.niranbio.com\/es\/oxido-de-magnesio-de-grado-alimenticio.html\",\"name\":\"\u00d3xido De Magnesio E530, Comprar \u00d3xido Magnesio A Precio Econ\u00f3mico | Niranbio Chemical\",\"isPartOf\":{\"@id\":\"https:\/\/theo.niranbio.com\/es\/#website\"},\"primaryImageOfPage\":{\"@id\":\"https:\/\/theo.niranbio.com\/es\/oxido-de-magnesio-de-grado-alimenticio.html#primaryimage\"},\"image\":{\"@id\":\"https:\/\/theo.niranbio.com\/es\/oxido-de-magnesio-de-grado-alimenticio.html#primaryimage\"},\"thumbnailUrl\":\"https:\/\/theo.niranbio.com\/wp-content\/uploads\/2024\/08\/71df54feec2d8f36d3b005d53991cf8.jpg\",\"datePublished\":\"2024-08-07T07:36:21+00:00\",\"dateModified\":\"2024-08-15T11:14:09+00:00\",\"description\":\"Nuestro \u00f3xido de magnesio de grado alimenticio (E530) es un ingrediente en forma de polvo blanco o cristalino que se utiliza principalmente para modificar la acidez y la estabilidad de los alimentos.\",\"breadcrumb\":{\"@id\":\"https:\/\/theo.niranbio.com\/es\/oxido-de-magnesio-de-grado-alimenticio.html#breadcrumb\"},\"inLanguage\":\"es\",\"potentialAction\":[{\"@type\":\"ReadAction\",\"target\":[\"https:\/\/theo.niranbio.com\/es\/oxido-de-magnesio-de-grado-alimenticio.html\"]}]},{\"@type\":\"ImageObject\",\"inLanguage\":\"es\",\"@id\":\"https:\/\/theo.niranbio.com\/es\/oxido-de-magnesio-de-grado-alimenticio.html#primaryimage\",\"url\":\"https:\/\/theo.niranbio.com\/wp-content\/uploads\/2024\/08\/71df54feec2d8f36d3b005d53991cf8.jpg\",\"contentUrl\":\"https:\/\/theo.niranbio.com\/wp-content\/uploads\/2024\/08\/71df54feec2d8f36d3b005d53991cf8.jpg\",\"width\":600,\"height\":600},{\"@type\":\"BreadcrumbList\",\"@id\":\"https:\/\/theo.niranbio.com\/es\/oxido-de-magnesio-de-grado-alimenticio.html#breadcrumb\",\"itemListElement\":[{\"@type\":\"ListItem\",\"position\":1,\"name\":\"Home\",\"item\":\"https:\/\/theo.niranbio.com\/es\/\"},{\"@type\":\"ListItem\",\"position\":2,\"name\":\"Productos\",\"item\":\"https:\/\/theo.niranbio.com\/es\/productos.html\"},{\"@type\":\"ListItem\",\"position\":3,\"name\":\"Potenciador de la Nutrici\u00f3n\",\"item\":\"https:\/\/theo.niranbio.com\/es\/producto-potenciador-de-la-nutricion\/\"},{\"@type\":\"ListItem\",\"position\":4,\"name\":\"\u00d3xido de magnesio de grado alimenticio\"}]},{\"@type\":\"WebSite\",\"@id\":\"https:\/\/theo.niranbio.com\/es\/#website\",\"url\":\"https:\/\/theo.niranbio.com\/es\/\",\"name\":\"Niranbio Chemical\",\"description\":\"\",\"publisher\":{\"@id\":\"https:\/\/theo.niranbio.com\/es\/#organization\"},\"potentialAction\":[{\"@type\":\"SearchAction\",\"target\":{\"@type\":\"EntryPoint\",\"urlTemplate\":\"https:\/\/theo.niranbio.com\/es\/?s={search_term_string}\"},\"query-input\":{\"@type\":\"PropertyValueSpecification\",\"valueRequired\":true,\"valueName\":\"search_term_string\"}}],\"inLanguage\":\"es\"},{\"@type\":\"Organization\",\"@id\":\"https:\/\/theo.niranbio.com\/es\/#organization\",\"name\":\"Niranbio Chemical\",\"url\":\"https:\/\/theo.niranbio.com\/es\/\",\"logo\":{\"@type\":\"ImageObject\",\"inLanguage\":\"es\",\"@id\":\"https:\/\/theo.niranbio.com\/es\/#\/schema\/logo\/image\/\",\"url\":\"https:\/\/theo.niranbio.com\/wp-content\/uploads\/2024\/06\/Niranbio.png\",\"contentUrl\":\"https:\/\/theo.niranbio.com\/wp-content\/uploads\/2024\/06\/Niranbio.png\",\"width\":270,\"height\":100,\"caption\":\"Niranbio Chemical\"},\"image\":{\"@id\":\"https:\/\/theo.niranbio.com\/es\/#\/schema\/logo\/image\/\"}}]}<\/script>\n<!-- \/ Yoast SEO plugin. -->","yoast_head_json":{"title":"\u00d3xido De Magnesio E530, Comprar \u00d3xido Magnesio A Precio Econ\u00f3mico | Niranbio Chemical","description":"Nuestro \u00f3xido de magnesio de grado alimenticio (E530) es un ingrediente en forma de polvo blanco o cristalino que se utiliza principalmente para modificar la acidez y la estabilidad de los alimentos.","robots":{"index":"noindex","follow":"follow","max-snippet":"max-snippet:-1","max-image-preview":"max-image-preview:large","max-video-preview":"max-video-preview:-1"},"twitter_misc":{"Tiempo de lectura":"4 minutos"},"schema":{"@context":"https:\/\/schema.org","@graph":[{"@type":"WebPage","@id":"https:\/\/theo.niranbio.com\/es\/oxido-de-magnesio-de-grado-alimenticio.html","url":"https:\/\/theo.niranbio.com\/es\/oxido-de-magnesio-de-grado-alimenticio.html","name":"\u00d3xido De Magnesio E530, Comprar \u00d3xido Magnesio A Precio Econ\u00f3mico | Niranbio Chemical","isPartOf":{"@id":"https:\/\/theo.niranbio.com\/es\/#website"},"primaryImageOfPage":{"@id":"https:\/\/theo.niranbio.com\/es\/oxido-de-magnesio-de-grado-alimenticio.html#primaryimage"},"image":{"@id":"https:\/\/theo.niranbio.com\/es\/oxido-de-magnesio-de-grado-alimenticio.html#primaryimage"},"thumbnailUrl":"https:\/\/theo.niranbio.com\/wp-content\/uploads\/2024\/08\/71df54feec2d8f36d3b005d53991cf8.jpg","datePublished":"2024-08-07T07:36:21+00:00","dateModified":"2024-08-15T11:14:09+00:00","description":"Nuestro \u00f3xido de magnesio de grado alimenticio (E530) es un ingrediente en forma de polvo blanco o cristalino que se utiliza principalmente para modificar la acidez y la estabilidad de los alimentos.","breadcrumb":{"@id":"https:\/\/theo.niranbio.com\/es\/oxido-de-magnesio-de-grado-alimenticio.html#breadcrumb"},"inLanguage":"es","potentialAction":[{"@type":"ReadAction","target":["https:\/\/theo.niranbio.com\/es\/oxido-de-magnesio-de-grado-alimenticio.html"]}]},{"@type":"ImageObject","inLanguage":"es","@id":"https:\/\/theo.niranbio.com\/es\/oxido-de-magnesio-de-grado-alimenticio.html#primaryimage","url":"https:\/\/theo.niranbio.com\/wp-content\/uploads\/2024\/08\/71df54feec2d8f36d3b005d53991cf8.jpg","contentUrl":"https:\/\/theo.niranbio.com\/wp-content\/uploads\/2024\/08\/71df54feec2d8f36d3b005d53991cf8.jpg","width":600,"height":600},{"@type":"BreadcrumbList","@id":"https:\/\/theo.niranbio.com\/es\/oxido-de-magnesio-de-grado-alimenticio.html#breadcrumb","itemListElement":[{"@type":"ListItem","position":1,"name":"Home","item":"https:\/\/theo.niranbio.com\/es\/"},{"@type":"ListItem","position":2,"name":"Productos","item":"https:\/\/theo.niranbio.com\/es\/productos.html"},{"@type":"ListItem","position":3,"name":"Potenciador de la Nutrici\u00f3n","item":"https:\/\/theo.niranbio.com\/es\/producto-potenciador-de-la-nutricion\/"},{"@type":"ListItem","position":4,"name":"\u00d3xido de magnesio de grado alimenticio"}]},{"@type":"WebSite","@id":"https:\/\/theo.niranbio.com\/es\/#website","url":"https:\/\/theo.niranbio.com\/es\/","name":"Niranbio Chemical","description":"","publisher":{"@id":"https:\/\/theo.niranbio.com\/es\/#organization"},"potentialAction":[{"@type":"SearchAction","target":{"@type":"EntryPoint","urlTemplate":"https:\/\/theo.niranbio.com\/es\/?s={search_term_string}"},"query-input":{"@type":"PropertyValueSpecification","valueRequired":true,"valueName":"search_term_string"}}],"inLanguage":"es"},{"@type":"Organization","@id":"https:\/\/theo.niranbio.com\/es\/#organization","name":"Niranbio Chemical","url":"https:\/\/theo.niranbio.com\/es\/","logo":{"@type":"ImageObject","inLanguage":"es","@id":"https:\/\/theo.niranbio.com\/es\/#\/schema\/logo\/image\/","url":"https:\/\/theo.niranbio.com\/wp-content\/uploads\/2024\/06\/Niranbio.png","contentUrl":"https:\/\/theo.niranbio.com\/wp-content\/uploads\/2024\/06\/Niranbio.png","width":270,"height":100,"caption":"Niranbio Chemical"},"image":{"@id":"https:\/\/theo.niranbio.com\/es\/#\/schema\/logo\/image\/"}}]}},"_links":{"self":[{"href":"https:\/\/theo.niranbio.com\/es\/wp-json\/wp\/v2\/product\/9637","targetHints":{"allow":["GET"]}}],"collection":[{"href":"https:\/\/theo.niranbio.com\/es\/wp-json\/wp\/v2\/product"}],"about":[{"href":"https:\/\/theo.niranbio.com\/es\/wp-json\/wp\/v2\/types\/product"}],"version-history":[{"count":0,"href":"https:\/\/theo.niranbio.com\/es\/wp-json\/wp\/v2\/product\/9637\/revisions"}],"wp:featuredmedia":[{"embeddable":true,"href":"https:\/\/theo.niranbio.com\/es\/wp-json\/wp\/v2\/media\/9313"}],"wp:attachment":[{"href":"https:\/\/theo.niranbio.com\/es\/wp-json\/wp\/v2\/media?parent=9637"}],"wp:term":[{"taxonomy":"product_brand","embeddable":true,"href":"https:\/\/theo.niranbio.com\/es\/wp-json\/wp\/v2\/product_brand?post=9637"},{"taxonomy":"product_cat","embeddable":true,"href":"https:\/\/theo.niranbio.com\/es\/wp-json\/wp\/v2\/product_cat?post=9637"},{"taxonomy":"product_tag","embeddable":true,"href":"https:\/\/theo.niranbio.com\/es\/wp-json\/wp\/v2\/product_tag?post=9637"}],"curies":[{"name":"wp","href":"https:\/\/api.w.org\/{rel}","templated":true}]}}