{"id":9627,"date":"2024-06-20T11:51:43","date_gmt":"2024-06-20T03:51:43","guid":{"rendered":"https:\/\/theo.niranbio.com\/licopeno\/"},"modified":"2024-08-15T14:39:46","modified_gmt":"2024-08-15T06:39:46","slug":"licopeno","status":"publish","type":"product","link":"https:\/\/theo.niranbio.com\/es\/licopeno.html","title":{"rendered":"Licopeno"},"content":{"rendered":"<h2><span class=\"ez-toc-section\" id=\"%C2%BFQue_es_el_licopeno\"><\/span>\u00bfQu\u00e9 es el licopeno?<span class=\"ez-toc-section-end\"><\/span><\/h2>\n<p>El licopeno es un pigmento rojo y un carotenoide que se puede encontrar en dietas basadas en plantas. Parece un peque\u00f1o polvo carmes\u00ed. Tiene una importante acci\u00f3n antioxidante y se emplea ampliamente en la industria alimentaria, de la salud, de la cosm\u00e9tica y otras, aunque carece de la actividad fisiol\u00f3gica de la vitamina A.<\/p>\n<p>En China, los procesos de preparaci\u00f3n de licopeno de calidad alimentaria incluyen principalmente lo siguiente: extracci\u00f3n con disolventes, extracci\u00f3n con fluidos supercr\u00edticos, hidr\u00f3lisis enzim\u00e1tica y extracci\u00f3n con agua caliente. El licopeno se extrae mediante el m\u00e9todo de extracci\u00f3n con disolventes org\u00e1nicos (etanol, n-hexano, etc.).\u00a0Debido a su bajo coste y madurez, la t\u00e9cnica se utiliza con frecuencia en la industria. Sin embargo, el m\u00e9todo de extracci\u00f3n con fluidos supercr\u00edticos utiliza di\u00f3xido de carbono supercr\u00edtico como disolvente, que puede extraer licopeno de alta pureza a una temperatura m\u00e1s baja y sin residuos de disolvente, lo que hace que se convierta gradualmente en la corriente principal en los escenarios de aplicaci\u00f3n que buscan alta calidad y protecci\u00f3n del medio ambiente.<\/p>\n<p>El m\u00e9todo de hidr\u00f3lisis enzim\u00e1tica destruye la pared celular del tomate mediante la acci\u00f3n de enzimas espec\u00edficas para mejorar la eficiencia de extracci\u00f3n y, a menudo, se utiliza en combinaci\u00f3n con otros m\u00e9todos de extracci\u00f3n para optimizar el efecto de extracci\u00f3n. Aunque el m\u00e9todo de extracci\u00f3n con agua caliente es simple de operar, generalmente tiene una baja eficiencia de extracci\u00f3n y se utiliza principalmente en investigaci\u00f3n de laboratorio o producci\u00f3n a peque\u00f1a escala. En general, con los crecientes requisitos de alta pureza y protecci\u00f3n del medio ambiente, la extracci\u00f3n con fluidos supercr\u00edticos tiene amplias perspectivas de aplicaci\u00f3n en el mercado interno.<\/p>\n<h2><span class=\"ez-toc-section\" id=\"Dosis_recomendada\"><\/span>Dosis recomendada:<span class=\"ez-toc-section-end\"><\/span><\/h2>\n<table>\n<tbody>\n<tr>\n<td>Nombre del alimento<\/td>\n<td>Uso m\u00e1ximo(g\/kg)<\/td>\n<\/tr>\n<tr>\n<td>Pasta de tomate<\/td>\n<td>0,5-1,0 g\/kg<\/td>\n<\/tr>\n<tr>\n<td>Zumo de tomate<\/td>\n<td>0,1-0,5 g\/kg<\/td>\n<\/tr>\n<tr>\n<td>Concentrado de tomate<\/td>\n<td>0,5-1,0 g\/kg<\/td>\n<\/tr>\n<tr>\n<td>Salsa de tomate<\/td>\n<td>0,5-1,0 g\/kg<\/td>\n<\/tr>\n<tr>\n<td>Salsa para pasta<\/td>\n<td>0,5-1,0 g\/kg<\/td>\n<\/tr>\n<tr>\n<td>Tomates en conserva<\/td>\n<td>0,1-0,5 g\/kg<\/td>\n<\/tr>\n<tr>\n<td>Bebidas de frutas<\/td>\n<td>0,1-0,5 g\/kg<\/td>\n<\/tr>\n<tr>\n<td>Yogur de frutas<\/td>\n<td>0,1-0,3 g\/kg<\/td>\n<\/tr>\n<tr>\n<td>Caramelo<\/td>\n<td>0,1-0,3 g\/kg<\/td>\n<\/tr>\n<tr>\n<td>Bebidas energ\u00e9ticas<\/td>\n<td>0,1-0,3 g\/kg<\/td>\n<\/tr>\n<tr>\n<td>Suplementos diet\u00e9ticos<\/td>\n<td>0,1-0,5 g\/kg<\/td>\n<\/tr>\n<tr>\n<td>Barritas energ\u00e9ticas<\/td>\n<td>0,1-0,3 g\/kg<\/td>\n<\/tr>\n<tr>\n<td>Batidos<\/td>\n<td>0,1-0,3 g\/kg<\/td>\n<\/tr>\n<tr>\n<td>Bebidas prote\u00ednicas<\/td>\n<td>0,1-0,3 g\/kg<\/td>\n<\/tr>\n<\/tbody>\n<\/table>\n<h2><span class=\"ez-toc-section\" id=\"El_licopeno_tiene_una_amplia_gama_de_usos\"><\/span>El licopeno tiene una amplia gama de usos<span class=\"ez-toc-section-end\"><\/span><\/h2>\n<ol>\n<li>Pigmento natural: El licopeno es un pigmento rojo natural ampliamente utilizado en alimentos y bebidas, que proporciona un color rojo o rosa que puede aumentar el atractivo visual y la competitividad de mercado de los alimentos.<\/li>\n<li>Efecto antioxidante: El licopeno es un potente antioxidante que ayuda a proteger las c\u00e9lulas y los tejidos del estr\u00e9s oxidativo al eliminar los radicales libres y minimizar el da\u00f1o celular. Desempe\u00f1a un papel en la prevenci\u00f3n de la oxidaci\u00f3n de l\u00edpidos y el retraso del envejecimiento de los alimentos, y tambi\u00e9n tiene un efecto positivo en el mantenimiento de la salud.<\/li>\n<li>Mejora la estabilidad de los alimentos: Las propiedades antioxidantes del licopeno tambi\u00e9n pueden ayudar a retrasar la oxidaci\u00f3n de l\u00edpidos en los alimentos, mejorar la vida \u00fatil y la estabilidad de los alimentos y reducir el deterioro de los alimentos y la generaci\u00f3n de olores.<\/li>\n<li>Adici\u00f3n nutricional: Como aditivo nutricional, el licopeno se utiliza a menudo en productos sanitarios y alimentos funcionales para aportar un valor nutricional adicional y mejorar los beneficios para la salud del producto.<\/li>\n<\/ol>\n<h2><span class=\"ez-toc-section\" id=\"Pregunta_formulada_por_un_usuario\"><\/span>Pregunta formulada por un usuario:<span class=\"ez-toc-section-end\"><\/span><\/h2>\n<p>Pregunta: \u00bfC\u00f3mo es el mercado interno del licopeno de calidad alimentaria? \u00bfEl precio mundial fluct\u00faa?<\/p>\n<p>Respuesta: Hasta ahora, el licopeno de calidad alimentaria ha mostrado una tendencia de crecimiento constante en el mercado interno. La mayor atenci\u00f3n de los consumidores a la salud y la nutrici\u00f3n natural ha impulsado la expansi\u00f3n del mercado de alimentos funcionales y productos sanitarios, entre los que el licopeno, como potente antioxidante y pigmento natural, ha recibido una amplia atenci\u00f3n y aplicaci\u00f3n. Seg\u00fan los datos de la investigaci\u00f3n de mercado, se espera que las ventas anuales de licopeno de calidad alimentaria en el mercado interno alcancen aproximadamente los 1.000 millones de RMB en 2024, con una tasa de crecimiento anual compuesta estimada de aproximadamente el 15%.<\/p>\n<p>En los \u00faltimos a\u00f1os, ha habido algunas oscilaciones en el precio del licopeno a escala mundial. Esta fluctuaci\u00f3n se ve afectada principalmente por m\u00faltiples factores, como la producci\u00f3n mundial de tomates, los efectos clim\u00e1ticos, los costos de transporte y las fluctuaciones de la demanda del mercado. En concreto, el precio del licopeno puede ser relativamente estable cuando la oferta y la demanda est\u00e1n equilibradas, pero puede fluctuar a corto plazo cuando se ve afectado por factores impredecibles.<\/p>\n","protected":false},"excerpt":{"rendered":"<ul>\n<li>CAS: 502-65-8<\/li>\n<li>F\u00f3rmula qu\u00edmica: C40H56<\/li>\n<li>Certificaciones: KOSHER, ISO, HALAL, FSSC 22000, BRC, etc.<\/li>\n<li>Cantidad m\u00ednima de pedido: 1000KG<\/li>\n<li>Caducidad: 2 a\u00f1os<\/li>\n<\/ul>\n","protected":false},"featured_media":5621,"template":"","meta":{"site-sidebar-layout":"default","site-content-layout":"","ast-site-content-layout":"default","site-content-style":"default","site-sidebar-style":"default","ast-global-header-display":"","ast-banner-title-visibility":"","ast-main-header-display":"","ast-hfb-above-header-display":"","ast-hfb-below-header-display":"","ast-hfb-mobile-header-display":"","site-post-title":"","ast-breadcrumbs-content":"","ast-featured-img":"","footer-sml-layout":"","theme-transparent-header-meta":"default","adv-header-id-meta":"","stick-header-meta":"","header-above-stick-meta":"","header-main-stick-meta":"","header-below-stick-meta":"","astra-migrate-meta-layouts":"set","ast-page-background-enabled":"default","ast-page-background-meta":{"desktop":{"background-color":"var(--ast-global-color-4)","background-image":"","background-repeat":"repeat","background-position":"center center","background-size":"auto","background-attachment":"scroll","background-type":"","background-media":"","overlay-type":"","overlay-color":"","overlay-opacity":"","overlay-gradient":""},"tablet":{"background-color":"","background-image":"","background-repeat":"repeat","background-position":"center center","background-size":"auto","background-attachment":"scroll","background-type":"","background-media":"","overlay-type":"","overlay-color":"","overlay-opacity":"","overlay-gradient":""},"mobile":{"background-color":"","background-image":"","background-repeat":"repeat","background-position":"center center","background-size":"auto","background-attachment":"scroll","background-type":"","background-media":"","overlay-type":"","overlay-color":"","overlay-opacity":"","overlay-gradient":""}},"ast-content-background-meta":{"desktop":{"background-color":"var(--ast-global-color-5)","background-image":"","background-repeat":"repeat","background-position":"center center","background-size":"auto","background-attachment":"scroll","background-type":"","background-media":"","overlay-type":"","overlay-color":"","overlay-opacity":"","overlay-gradient":""},"tablet":{"background-color":"var(--ast-global-color-5)","background-image":"","background-repeat":"repeat","background-position":"center center","background-size":"auto","background-attachment":"scroll","background-type":"","background-media":"","overlay-type":"","overlay-color":"","overlay-opacity":"","overlay-gradient":""},"mobile":{"background-color":"var(--ast-global-color-5)","background-image":"","background-repeat":"repeat","background-position":"center center","background-size":"auto","background-attachment":"scroll","background-type":"","background-media":"","overlay-type":"","overlay-color":"","overlay-opacity":"","overlay-gradient":""}}},"product_brand":[],"product_cat":[84],"product_tag":[],"class_list":{"0":"post-9627","1":"product","2":"type-product","3":"status-publish","4":"has-post-thumbnail","6":"product_cat-producto-colorante","7":"desktop-align-center","8":"tablet-align-left","9":"mobile-align-left","11":"first","12":"instock","13":"shipping-taxable","14":"product-type-simple"},"yoast_head":"<!-- This site is optimized with the Yoast SEO plugin v26.5 - https:\/\/yoast.com\/wordpress\/plugins\/seo\/ -->\n<title>Fabricante de Licopeno, Comprar Polvo de Licopeno | Niranbio Chemical<\/title>\n<meta name=\"description\" content=\"Producimos licopeno de calidad alimentaria (E160d), un pigmento rojo natural muy utilizado en alimentos y bebidas, que proporciona un color rojo o rosa.\" \/>\n<meta name=\"robots\" content=\"noindex, follow, max-snippet:-1, max-image-preview:large, max-video-preview:-1\" \/>\n<meta name=\"twitter:label1\" content=\"Tiempo de lectura\" \/>\n\t<meta name=\"twitter:data1\" content=\"4 minutos\" \/>\n<script type=\"application\/ld+json\" class=\"yoast-schema-graph\">{\"@context\":\"https:\/\/schema.org\",\"@graph\":[{\"@type\":\"WebPage\",\"@id\":\"https:\/\/theo.niranbio.com\/es\/licopeno.html\",\"url\":\"https:\/\/theo.niranbio.com\/es\/licopeno.html\",\"name\":\"Fabricante de Licopeno, Comprar Polvo de Licopeno | Niranbio Chemical\",\"isPartOf\":{\"@id\":\"https:\/\/theo.niranbio.com\/es\/#website\"},\"primaryImageOfPage\":{\"@id\":\"https:\/\/theo.niranbio.com\/es\/licopeno.html#primaryimage\"},\"image\":{\"@id\":\"https:\/\/theo.niranbio.com\/es\/licopeno.html#primaryimage\"},\"thumbnailUrl\":\"https:\/\/theo.niranbio.com\/wp-content\/uploads\/2024\/06\/Lycopene.webp\",\"datePublished\":\"2024-06-20T03:51:43+00:00\",\"dateModified\":\"2024-08-15T06:39:46+00:00\",\"description\":\"Producimos licopeno de calidad alimentaria (E160d), un pigmento rojo natural muy utilizado en alimentos y bebidas, que proporciona un color rojo o rosa.\",\"breadcrumb\":{\"@id\":\"https:\/\/theo.niranbio.com\/es\/licopeno.html#breadcrumb\"},\"inLanguage\":\"es\",\"potentialAction\":[{\"@type\":\"ReadAction\",\"target\":[\"https:\/\/theo.niranbio.com\/es\/licopeno.html\"]}]},{\"@type\":\"ImageObject\",\"inLanguage\":\"es\",\"@id\":\"https:\/\/theo.niranbio.com\/es\/licopeno.html#primaryimage\",\"url\":\"https:\/\/theo.niranbio.com\/wp-content\/uploads\/2024\/06\/Lycopene.webp\",\"contentUrl\":\"https:\/\/theo.niranbio.com\/wp-content\/uploads\/2024\/06\/Lycopene.webp\",\"width\":600,\"height\":600,\"caption\":\"Licopeno\"},{\"@type\":\"BreadcrumbList\",\"@id\":\"https:\/\/theo.niranbio.com\/es\/licopeno.html#breadcrumb\",\"itemListElement\":[{\"@type\":\"ListItem\",\"position\":1,\"name\":\"Home\",\"item\":\"https:\/\/theo.niranbio.com\/es\/\"},{\"@type\":\"ListItem\",\"position\":2,\"name\":\"Productos\",\"item\":\"https:\/\/theo.niranbio.com\/es\/productos.html\"},{\"@type\":\"ListItem\",\"position\":3,\"name\":\"Colorante\",\"item\":\"https:\/\/theo.niranbio.com\/es\/producto-colorante\/\"},{\"@type\":\"ListItem\",\"position\":4,\"name\":\"Licopeno\"}]},{\"@type\":\"WebSite\",\"@id\":\"https:\/\/theo.niranbio.com\/es\/#website\",\"url\":\"https:\/\/theo.niranbio.com\/es\/\",\"name\":\"Niranbio Chemical\",\"description\":\"\",\"publisher\":{\"@id\":\"https:\/\/theo.niranbio.com\/es\/#organization\"},\"potentialAction\":[{\"@type\":\"SearchAction\",\"target\":{\"@type\":\"EntryPoint\",\"urlTemplate\":\"https:\/\/theo.niranbio.com\/es\/?s={search_term_string}\"},\"query-input\":{\"@type\":\"PropertyValueSpecification\",\"valueRequired\":true,\"valueName\":\"search_term_string\"}}],\"inLanguage\":\"es\"},{\"@type\":\"Organization\",\"@id\":\"https:\/\/theo.niranbio.com\/es\/#organization\",\"name\":\"Niranbio Chemical\",\"url\":\"https:\/\/theo.niranbio.com\/es\/\",\"logo\":{\"@type\":\"ImageObject\",\"inLanguage\":\"es\",\"@id\":\"https:\/\/theo.niranbio.com\/es\/#\/schema\/logo\/image\/\",\"url\":\"https:\/\/theo.niranbio.com\/wp-content\/uploads\/2024\/06\/Niranbio.png\",\"contentUrl\":\"https:\/\/theo.niranbio.com\/wp-content\/uploads\/2024\/06\/Niranbio.png\",\"width\":270,\"height\":100,\"caption\":\"Niranbio Chemical\"},\"image\":{\"@id\":\"https:\/\/theo.niranbio.com\/es\/#\/schema\/logo\/image\/\"}}]}<\/script>\n<!-- \/ Yoast SEO plugin. -->","yoast_head_json":{"title":"Fabricante de Licopeno, Comprar Polvo de Licopeno | Niranbio Chemical","description":"Producimos licopeno de calidad alimentaria (E160d), un pigmento rojo natural muy utilizado en alimentos y bebidas, que proporciona un color rojo o rosa.","robots":{"index":"noindex","follow":"follow","max-snippet":"max-snippet:-1","max-image-preview":"max-image-preview:large","max-video-preview":"max-video-preview:-1"},"twitter_misc":{"Tiempo de lectura":"4 minutos"},"schema":{"@context":"https:\/\/schema.org","@graph":[{"@type":"WebPage","@id":"https:\/\/theo.niranbio.com\/es\/licopeno.html","url":"https:\/\/theo.niranbio.com\/es\/licopeno.html","name":"Fabricante de Licopeno, Comprar Polvo de Licopeno | Niranbio Chemical","isPartOf":{"@id":"https:\/\/theo.niranbio.com\/es\/#website"},"primaryImageOfPage":{"@id":"https:\/\/theo.niranbio.com\/es\/licopeno.html#primaryimage"},"image":{"@id":"https:\/\/theo.niranbio.com\/es\/licopeno.html#primaryimage"},"thumbnailUrl":"https:\/\/theo.niranbio.com\/wp-content\/uploads\/2024\/06\/Lycopene.webp","datePublished":"2024-06-20T03:51:43+00:00","dateModified":"2024-08-15T06:39:46+00:00","description":"Producimos licopeno de calidad alimentaria (E160d), un pigmento rojo natural muy utilizado en alimentos y bebidas, que proporciona un color rojo o rosa.","breadcrumb":{"@id":"https:\/\/theo.niranbio.com\/es\/licopeno.html#breadcrumb"},"inLanguage":"es","potentialAction":[{"@type":"ReadAction","target":["https:\/\/theo.niranbio.com\/es\/licopeno.html"]}]},{"@type":"ImageObject","inLanguage":"es","@id":"https:\/\/theo.niranbio.com\/es\/licopeno.html#primaryimage","url":"https:\/\/theo.niranbio.com\/wp-content\/uploads\/2024\/06\/Lycopene.webp","contentUrl":"https:\/\/theo.niranbio.com\/wp-content\/uploads\/2024\/06\/Lycopene.webp","width":600,"height":600,"caption":"Licopeno"},{"@type":"BreadcrumbList","@id":"https:\/\/theo.niranbio.com\/es\/licopeno.html#breadcrumb","itemListElement":[{"@type":"ListItem","position":1,"name":"Home","item":"https:\/\/theo.niranbio.com\/es\/"},{"@type":"ListItem","position":2,"name":"Productos","item":"https:\/\/theo.niranbio.com\/es\/productos.html"},{"@type":"ListItem","position":3,"name":"Colorante","item":"https:\/\/theo.niranbio.com\/es\/producto-colorante\/"},{"@type":"ListItem","position":4,"name":"Licopeno"}]},{"@type":"WebSite","@id":"https:\/\/theo.niranbio.com\/es\/#website","url":"https:\/\/theo.niranbio.com\/es\/","name":"Niranbio Chemical","description":"","publisher":{"@id":"https:\/\/theo.niranbio.com\/es\/#organization"},"potentialAction":[{"@type":"SearchAction","target":{"@type":"EntryPoint","urlTemplate":"https:\/\/theo.niranbio.com\/es\/?s={search_term_string}"},"query-input":{"@type":"PropertyValueSpecification","valueRequired":true,"valueName":"search_term_string"}}],"inLanguage":"es"},{"@type":"Organization","@id":"https:\/\/theo.niranbio.com\/es\/#organization","name":"Niranbio Chemical","url":"https:\/\/theo.niranbio.com\/es\/","logo":{"@type":"ImageObject","inLanguage":"es","@id":"https:\/\/theo.niranbio.com\/es\/#\/schema\/logo\/image\/","url":"https:\/\/theo.niranbio.com\/wp-content\/uploads\/2024\/06\/Niranbio.png","contentUrl":"https:\/\/theo.niranbio.com\/wp-content\/uploads\/2024\/06\/Niranbio.png","width":270,"height":100,"caption":"Niranbio Chemical"},"image":{"@id":"https:\/\/theo.niranbio.com\/es\/#\/schema\/logo\/image\/"}}]}},"_links":{"self":[{"href":"https:\/\/theo.niranbio.com\/es\/wp-json\/wp\/v2\/product\/9627","targetHints":{"allow":["GET"]}}],"collection":[{"href":"https:\/\/theo.niranbio.com\/es\/wp-json\/wp\/v2\/product"}],"about":[{"href":"https:\/\/theo.niranbio.com\/es\/wp-json\/wp\/v2\/types\/product"}],"version-history":[{"count":0,"href":"https:\/\/theo.niranbio.com\/es\/wp-json\/wp\/v2\/product\/9627\/revisions"}],"wp:featuredmedia":[{"embeddable":true,"href":"https:\/\/theo.niranbio.com\/es\/wp-json\/wp\/v2\/media\/5621"}],"wp:attachment":[{"href":"https:\/\/theo.niranbio.com\/es\/wp-json\/wp\/v2\/media?parent=9627"}],"wp:term":[{"taxonomy":"product_brand","embeddable":true,"href":"https:\/\/theo.niranbio.com\/es\/wp-json\/wp\/v2\/product_brand?post=9627"},{"taxonomy":"product_cat","embeddable":true,"href":"https:\/\/theo.niranbio.com\/es\/wp-json\/wp\/v2\/product_cat?post=9627"},{"taxonomy":"product_tag","embeddable":true,"href":"https:\/\/theo.niranbio.com\/es\/wp-json\/wp\/v2\/product_tag?post=9627"}],"curies":[{"name":"wp","href":"https:\/\/api.w.org\/{rel}","templated":true}]}}