{"id":9621,"date":"2024-06-20T11:54:02","date_gmt":"2024-06-20T03:54:02","guid":{"rendered":"https:\/\/theo.niranbio.com\/%ce%b2-caroteno\/"},"modified":"2024-08-15T14:37:40","modified_gmt":"2024-08-15T06:37:40","slug":"%ce%b2-caroteno","status":"publish","type":"product","link":"https:\/\/theo.niranbio.com\/es\/%CE%B2-caroteno.html","title":{"rendered":"\u03b2 Caroteno"},"content":{"rendered":"<h2><span class=\"ez-toc-section\" id=\"%C2%BFQue_es_el_%CE%B2-caroteno\"><\/span>\u00bfQu\u00e9 es el \u03b2-caroteno?<span class=\"ez-toc-section-end\"><\/span><\/h2>\n<p>Entre los carotenoides se encuentra el betacaroteno. Es una sustancia soluble en grasa de color amarillo anaranjado. Es el pigmento m\u00e1s frecuente y duradero que se encuentra en la naturaleza. Su apariencia com\u00fan es un polvo o l\u00edquido de color amarillo anaranjado. El diclorometano, el cloroformo y el disulfuro de carbono se encuentran entre los disolventes org\u00e1nicos en los que se disuelve f\u00e1cilmente. El betacaroteno se utiliza ampliamente en los sectores de alimentos, piensos, cosm\u00e9ticos y farmac\u00e9uticos. En China, existen principalmente dos formas de preparar betacaroteno:<\/p>\n<ol>\n<li>Extraiga el betacaroteno de plantas naturales, como zanahorias y tomates. Estos materiales vegetales se trituran y se extraen con disolventes apropiados (como etanol, n-hexano, etc.) para extraer \u03b2-caroteno y otros nutrientes, y luego se extraen mediante pasos de separaci\u00f3n y purificaci\u00f3n, y se purifican a\u00fan m\u00e1s mediante cromatograf\u00eda y otras tecnolog\u00edas para obtener \u03b2-caroteno de calidad alimentaria.<\/li>\n<li>Producir \u03b2-caroteno mediante s\u00edntesis qu\u00edmica. Este m\u00e9todo puede garantizar la alta pureza y estabilidad del producto y es adecuado para la producci\u00f3n industrial a gran escala.<\/li>\n<li>Producir \u03b2-caroteno mediante bios\u00edntesis utilizando microorganismos (como Escherichia coli, levadura, etc.) o tecnolog\u00eda de ingenier\u00eda de c\u00e9lulas vegetales. La sostenibilidad y el respeto al medio ambiente de este enfoque son sus beneficios.<\/li>\n<\/ol>\n<h2><span class=\"ez-toc-section\" id=\"Dosis_recomendada\"><\/span>Dosis recomendada:<span class=\"ez-toc-section-end\"><\/span><\/h2>\n<table>\n<tbody>\n<tr>\n<td>Nombre del alimento<\/td>\n<td>Uso m\u00e1ximo(g\/kg)<\/td>\n<\/tr>\n<tr>\n<td>Zumo<\/td>\n<td>0,5 &#8211; 1 g\/kg<\/td>\n<\/tr>\n<tr>\n<td>Galletas y pasteles<\/td>\n<td>0,5 &#8211; 1 g\/kg<\/td>\n<\/tr>\n<tr>\n<td>Sazonadores y condimentos<\/td>\n<td>0,1 &#8211; 0,5 g\/kg<\/td>\n<\/tr>\n<tr>\n<td>Ali\u00f1os para ensaladas<\/td>\n<td>0,2 &#8211; 0,5 g\/kg<\/td>\n<\/tr>\n<tr>\n<td>Productos l\u00e1cteos<\/td>\n<td>0,1 &#8211; 0,3 g\/kg<\/td>\n<\/tr>\n<tr>\n<td>Bebidas<\/td>\n<td>0,1 &#8211; 0,3 g\/kg<\/td>\n<\/tr>\n<tr>\n<td>Productos de yogur<\/td>\n<td>0,1 &#8211; 0,3 g\/kg<\/td>\n<\/tr>\n<tr>\n<td>Aceites comestibles<\/td>\n<td>0,05 &#8211; 0,2 g\/kg<\/td>\n<\/tr>\n<tr>\n<td>Miel y mermelada<\/td>\n<td>0,05 &#8211; 0,2 g\/kg<\/td>\n<\/tr>\n<tr>\n<td>Mezclas para panader\u00eda<\/td>\n<td>0,05 &#8211; 0,2 g\/kg<\/td>\n<\/tr>\n<tr>\n<td>Vinagre y salsa de soja<\/td>\n<td>0,05 &#8211; 0,2 g\/kg<\/td>\n<\/tr>\n<tr>\n<td>Caramelos y chocolate<\/td>\n<td>0,05 &#8211; 0,2 g\/kg<\/td>\n<\/tr>\n<tr>\n<td>Alimentos inflados<\/td>\n<td>0,05 &#8211; 0,2 g\/kg<\/td>\n<\/tr>\n<tr>\n<td>Productos c\u00e1rnicos<\/td>\n<td>0,05 &#8211; 0,2 g\/kg<\/td>\n<\/tr>\n<tr>\n<td>Productos c\u00e1rnicos sazonados<\/td>\n<td>0,05 &#8211; 0,2 g\/kg<\/td>\n<\/tr>\n<\/tbody>\n<\/table>\n<h2><span class=\"ez-toc-section\" id=\"El_%CE%B2-caroteno_tiene_una_amplia_gama_de_usos\"><\/span>El \u03b2-caroteno tiene una amplia gama de usos<span class=\"ez-toc-section-end\"><\/span><\/h2>\n<ol>\n<li>En la industria alimentaria, el \u03b2-caroteno se utiliza ampliamente como pigmento para agregar naranja o amarillo a los productos, mejorando su atractivo visual y competitividad en el mercado. Adem\u00e1s, tambi\u00e9n se a\u00f1ade a diversos alimentos, como zumos, productos l\u00e1cteos, cereales, etc., para mejorar su valor nutricional.<\/li>\n<li>El betacaroteno, un potente antioxidante, puede ayudar al organismo a eliminar los radicales libres, reducir el da\u00f1o que el estr\u00e9s oxidativo provoca en las c\u00e9lulas, favorecer el mantenimiento de la funci\u00f3n celular normal y retrasar el envejecimiento.<\/li>\n<li>El betacaroteno es un precursor del retinol (vitamina A), que puede convertirse en vitamina A y participar en la s\u00edntesis de pigmentos retinianos, que es esencial para mantener la funci\u00f3n visual y proteger la salud ocular.<\/li>\n<li>El betacaroteno puede mejorar la funci\u00f3n del sistema inmunitario, ayudar a mejorar la resistencia del organismo a las infecciones y reducir el riesgo de enfermedades cr\u00f3nicas.<\/li>\n<li>El betacaroteno puede ayudar a reducir el nivel de l\u00edpidos oxidados en la sangre, lo que reduce el riesgo de arteriosclerosis y enfermedades cardiovasculares.<\/li>\n<\/ol>\n<h2><span class=\"ez-toc-section\" id=\"Pregunta_formulada_por_un_usuario\"><\/span>Pregunta formulada por un usuario:<span class=\"ez-toc-section-end\"><\/span><\/h2>\n<p>Pregunta: \u00bfEl betacaroteno es vitamina A o C?<\/p>\n<p>Respuesta: El \u03b2-caroteno es un precursor de la vitamina A, no de la vitamina C. En el cuerpo humano, el \u03b2-caroteno se puede convertir en vitamina A activa, que es un nutriente necesario para mantener la salud visual, la salud de la piel, la funci\u00f3n inmunol\u00f3gica, etc.<\/p>\n<p>Pregunta: Hasta ahora, \u00bfc\u00f3mo est\u00e1 el mercado del \u03b2-caroteno de grado alimenticio en el mercado interno? \u00bfEs amplio el rango de precios?<\/p>\n<p>Respuesta: Hasta ahora, el desempe\u00f1o del \u03b2-caroteno de grado alimenticio en el mercado interno es relativamente estable. Las fluctuaciones de precios generalmente se ven afectadas por la estabilidad del suministro de materia prima, los avances en la tecnolog\u00eda de producci\u00f3n y los cambios en la demanda del mercado. Con la intensificaci\u00f3n de la competencia industrial y el progreso tecnol\u00f3gico, los costos de producci\u00f3n est\u00e1n disminuyendo gradualmente, lo que ayuda a mantener el precio del \u03b2-caroteno relativamente estable.<\/p>\n","protected":false},"excerpt":{"rendered":"<ul>\n<li>CAS: 7235-40-7<\/li>\n<li>F\u00f3rmula qu\u00edmica: C40H56<\/li>\n<li>Certificaciones: KOSHER, ISO, HALAL, FSSC 22000, BRC, etc.<\/li>\n<li>Cantidad m\u00ednima de pedido: 1000KG<\/li>\n<li>Caducidad: 2 a\u00f1os<\/li>\n<\/ul>\n","protected":false},"featured_media":5616,"template":"","meta":{"site-sidebar-layout":"default","site-content-layout":"","ast-site-content-layout":"default","site-content-style":"default","site-sidebar-style":"default","ast-global-header-display":"","ast-banner-title-visibility":"","ast-main-header-display":"","ast-hfb-above-header-display":"","ast-hfb-below-header-display":"","ast-hfb-mobile-header-display":"","site-post-title":"","ast-breadcrumbs-content":"","ast-featured-img":"","footer-sml-layout":"","theme-transparent-header-meta":"default","adv-header-id-meta":"","stick-header-meta":"","header-above-stick-meta":"","header-main-stick-meta":"","header-below-stick-meta":"","astra-migrate-meta-layouts":"set","ast-page-background-enabled":"default","ast-page-background-meta":{"desktop":{"background-color":"var(--ast-global-color-4)","background-image":"","background-repeat":"repeat","background-position":"center center","background-size":"auto","background-attachment":"scroll","background-type":"","background-media":"","overlay-type":"","overlay-color":"","overlay-opacity":"","overlay-gradient":""},"tablet":{"background-color":"","background-image":"","background-repeat":"repeat","background-position":"center center","background-size":"auto","background-attachment":"scroll","background-type":"","background-media":"","overlay-type":"","overlay-color":"","overlay-opacity":"","overlay-gradient":""},"mobile":{"background-color":"","background-image":"","background-repeat":"repeat","background-position":"center center","background-size":"auto","background-attachment":"scroll","background-type":"","background-media":"","overlay-type":"","overlay-color":"","overlay-opacity":"","overlay-gradient":""}},"ast-content-background-meta":{"desktop":{"background-color":"var(--ast-global-color-5)","background-image":"","background-repeat":"repeat","background-position":"center center","background-size":"auto","background-attachment":"scroll","background-type":"","background-media":"","overlay-type":"","overlay-color":"","overlay-opacity":"","overlay-gradient":""},"tablet":{"background-color":"var(--ast-global-color-5)","background-image":"","background-repeat":"repeat","background-position":"center center","background-size":"auto","background-attachment":"scroll","background-type":"","background-media":"","overlay-type":"","overlay-color":"","overlay-opacity":"","overlay-gradient":""},"mobile":{"background-color":"var(--ast-global-color-5)","background-image":"","background-repeat":"repeat","background-position":"center center","background-size":"auto","background-attachment":"scroll","background-type":"","background-media":"","overlay-type":"","overlay-color":"","overlay-opacity":"","overlay-gradient":""}}},"product_brand":[],"product_cat":[84],"product_tag":[],"class_list":{"0":"post-9621","1":"product","2":"type-product","3":"status-publish","4":"has-post-thumbnail","6":"product_cat-producto-colorante","7":"desktop-align-center","8":"tablet-align-left","9":"mobile-align-left","11":"first","12":"instock","13":"shipping-taxable","14":"product-type-simple"},"yoast_head":"<!-- This site is optimized with the Yoast SEO plugin v26.5 - https:\/\/yoast.com\/wordpress\/plugins\/seo\/ -->\n<title>Beta Caroteno Aditivo, \u03b2 Caroteno Naturmil en Polvo | Niranbio Chemical<\/title>\n<meta name=\"description\" content=\"Fabricamos betacaroteno de grado alimenticio (E160a), que ofrece una pureza y una potencia superiores para suplementos diet\u00e9ticos y aplicaciones alimentarias, todo a precios competitivos.\" \/>\n<meta name=\"robots\" content=\"noindex, follow, max-snippet:-1, max-image-preview:large, max-video-preview:-1\" \/>\n<meta name=\"twitter:label1\" content=\"Tiempo de lectura\" \/>\n\t<meta name=\"twitter:data1\" content=\"3 minutos\" \/>\n<script type=\"application\/ld+json\" class=\"yoast-schema-graph\">{\"@context\":\"https:\/\/schema.org\",\"@graph\":[{\"@type\":\"WebPage\",\"@id\":\"https:\/\/theo.niranbio.com\/es\/%CE%B2-caroteno.html\",\"url\":\"https:\/\/theo.niranbio.com\/es\/%CE%B2-caroteno.html\",\"name\":\"Beta Caroteno Aditivo, \u03b2 Caroteno Naturmil en Polvo | Niranbio Chemical\",\"isPartOf\":{\"@id\":\"https:\/\/theo.niranbio.com\/es\/#website\"},\"primaryImageOfPage\":{\"@id\":\"https:\/\/theo.niranbio.com\/es\/%CE%B2-caroteno.html#primaryimage\"},\"image\":{\"@id\":\"https:\/\/theo.niranbio.com\/es\/%CE%B2-caroteno.html#primaryimage\"},\"thumbnailUrl\":\"https:\/\/theo.niranbio.com\/wp-content\/uploads\/2024\/06\/B-Carotene.webp\",\"datePublished\":\"2024-06-20T03:54:02+00:00\",\"dateModified\":\"2024-08-15T06:37:40+00:00\",\"description\":\"Fabricamos betacaroteno de grado alimenticio (E160a), que ofrece una pureza y una potencia superiores para suplementos diet\u00e9ticos y aplicaciones alimentarias, todo a precios competitivos.\",\"breadcrumb\":{\"@id\":\"https:\/\/theo.niranbio.com\/es\/%CE%B2-caroteno.html#breadcrumb\"},\"inLanguage\":\"es\",\"potentialAction\":[{\"@type\":\"ReadAction\",\"target\":[\"https:\/\/theo.niranbio.com\/es\/%CE%B2-caroteno.html\"]}]},{\"@type\":\"ImageObject\",\"inLanguage\":\"es\",\"@id\":\"https:\/\/theo.niranbio.com\/es\/%CE%B2-caroteno.html#primaryimage\",\"url\":\"https:\/\/theo.niranbio.com\/wp-content\/uploads\/2024\/06\/B-Carotene.webp\",\"contentUrl\":\"https:\/\/theo.niranbio.com\/wp-content\/uploads\/2024\/06\/B-Carotene.webp\",\"width\":600,\"height\":600,\"caption\":\"B-caroteno\"},{\"@type\":\"BreadcrumbList\",\"@id\":\"https:\/\/theo.niranbio.com\/es\/%CE%B2-caroteno.html#breadcrumb\",\"itemListElement\":[{\"@type\":\"ListItem\",\"position\":1,\"name\":\"Home\",\"item\":\"https:\/\/theo.niranbio.com\/es\/\"},{\"@type\":\"ListItem\",\"position\":2,\"name\":\"Productos\",\"item\":\"https:\/\/theo.niranbio.com\/es\/productos.html\"},{\"@type\":\"ListItem\",\"position\":3,\"name\":\"Colorante\",\"item\":\"https:\/\/theo.niranbio.com\/es\/producto-colorante\/\"},{\"@type\":\"ListItem\",\"position\":4,\"name\":\"\u03b2 Caroteno\"}]},{\"@type\":\"WebSite\",\"@id\":\"https:\/\/theo.niranbio.com\/es\/#website\",\"url\":\"https:\/\/theo.niranbio.com\/es\/\",\"name\":\"Niranbio Chemical\",\"description\":\"\",\"publisher\":{\"@id\":\"https:\/\/theo.niranbio.com\/es\/#organization\"},\"potentialAction\":[{\"@type\":\"SearchAction\",\"target\":{\"@type\":\"EntryPoint\",\"urlTemplate\":\"https:\/\/theo.niranbio.com\/es\/?s={search_term_string}\"},\"query-input\":{\"@type\":\"PropertyValueSpecification\",\"valueRequired\":true,\"valueName\":\"search_term_string\"}}],\"inLanguage\":\"es\"},{\"@type\":\"Organization\",\"@id\":\"https:\/\/theo.niranbio.com\/es\/#organization\",\"name\":\"Niranbio Chemical\",\"url\":\"https:\/\/theo.niranbio.com\/es\/\",\"logo\":{\"@type\":\"ImageObject\",\"inLanguage\":\"es\",\"@id\":\"https:\/\/theo.niranbio.com\/es\/#\/schema\/logo\/image\/\",\"url\":\"https:\/\/theo.niranbio.com\/wp-content\/uploads\/2024\/06\/Niranbio.png\",\"contentUrl\":\"https:\/\/theo.niranbio.com\/wp-content\/uploads\/2024\/06\/Niranbio.png\",\"width\":270,\"height\":100,\"caption\":\"Niranbio Chemical\"},\"image\":{\"@id\":\"https:\/\/theo.niranbio.com\/es\/#\/schema\/logo\/image\/\"}}]}<\/script>\n<!-- \/ Yoast SEO plugin. -->","yoast_head_json":{"title":"Beta Caroteno Aditivo, \u03b2 Caroteno Naturmil en Polvo | Niranbio Chemical","description":"Fabricamos betacaroteno de grado alimenticio (E160a), que ofrece una pureza y una potencia superiores para suplementos diet\u00e9ticos y aplicaciones alimentarias, todo a precios competitivos.","robots":{"index":"noindex","follow":"follow","max-snippet":"max-snippet:-1","max-image-preview":"max-image-preview:large","max-video-preview":"max-video-preview:-1"},"twitter_misc":{"Tiempo de lectura":"3 minutos"},"schema":{"@context":"https:\/\/schema.org","@graph":[{"@type":"WebPage","@id":"https:\/\/theo.niranbio.com\/es\/%CE%B2-caroteno.html","url":"https:\/\/theo.niranbio.com\/es\/%CE%B2-caroteno.html","name":"Beta Caroteno Aditivo, \u03b2 Caroteno Naturmil en Polvo | Niranbio Chemical","isPartOf":{"@id":"https:\/\/theo.niranbio.com\/es\/#website"},"primaryImageOfPage":{"@id":"https:\/\/theo.niranbio.com\/es\/%CE%B2-caroteno.html#primaryimage"},"image":{"@id":"https:\/\/theo.niranbio.com\/es\/%CE%B2-caroteno.html#primaryimage"},"thumbnailUrl":"https:\/\/theo.niranbio.com\/wp-content\/uploads\/2024\/06\/B-Carotene.webp","datePublished":"2024-06-20T03:54:02+00:00","dateModified":"2024-08-15T06:37:40+00:00","description":"Fabricamos betacaroteno de grado alimenticio (E160a), que ofrece una pureza y una potencia superiores para suplementos diet\u00e9ticos y aplicaciones alimentarias, todo a precios competitivos.","breadcrumb":{"@id":"https:\/\/theo.niranbio.com\/es\/%CE%B2-caroteno.html#breadcrumb"},"inLanguage":"es","potentialAction":[{"@type":"ReadAction","target":["https:\/\/theo.niranbio.com\/es\/%CE%B2-caroteno.html"]}]},{"@type":"ImageObject","inLanguage":"es","@id":"https:\/\/theo.niranbio.com\/es\/%CE%B2-caroteno.html#primaryimage","url":"https:\/\/theo.niranbio.com\/wp-content\/uploads\/2024\/06\/B-Carotene.webp","contentUrl":"https:\/\/theo.niranbio.com\/wp-content\/uploads\/2024\/06\/B-Carotene.webp","width":600,"height":600,"caption":"B-caroteno"},{"@type":"BreadcrumbList","@id":"https:\/\/theo.niranbio.com\/es\/%CE%B2-caroteno.html#breadcrumb","itemListElement":[{"@type":"ListItem","position":1,"name":"Home","item":"https:\/\/theo.niranbio.com\/es\/"},{"@type":"ListItem","position":2,"name":"Productos","item":"https:\/\/theo.niranbio.com\/es\/productos.html"},{"@type":"ListItem","position":3,"name":"Colorante","item":"https:\/\/theo.niranbio.com\/es\/producto-colorante\/"},{"@type":"ListItem","position":4,"name":"\u03b2 Caroteno"}]},{"@type":"WebSite","@id":"https:\/\/theo.niranbio.com\/es\/#website","url":"https:\/\/theo.niranbio.com\/es\/","name":"Niranbio Chemical","description":"","publisher":{"@id":"https:\/\/theo.niranbio.com\/es\/#organization"},"potentialAction":[{"@type":"SearchAction","target":{"@type":"EntryPoint","urlTemplate":"https:\/\/theo.niranbio.com\/es\/?s={search_term_string}"},"query-input":{"@type":"PropertyValueSpecification","valueRequired":true,"valueName":"search_term_string"}}],"inLanguage":"es"},{"@type":"Organization","@id":"https:\/\/theo.niranbio.com\/es\/#organization","name":"Niranbio Chemical","url":"https:\/\/theo.niranbio.com\/es\/","logo":{"@type":"ImageObject","inLanguage":"es","@id":"https:\/\/theo.niranbio.com\/es\/#\/schema\/logo\/image\/","url":"https:\/\/theo.niranbio.com\/wp-content\/uploads\/2024\/06\/Niranbio.png","contentUrl":"https:\/\/theo.niranbio.com\/wp-content\/uploads\/2024\/06\/Niranbio.png","width":270,"height":100,"caption":"Niranbio Chemical"},"image":{"@id":"https:\/\/theo.niranbio.com\/es\/#\/schema\/logo\/image\/"}}]}},"_links":{"self":[{"href":"https:\/\/theo.niranbio.com\/es\/wp-json\/wp\/v2\/product\/9621","targetHints":{"allow":["GET"]}}],"collection":[{"href":"https:\/\/theo.niranbio.com\/es\/wp-json\/wp\/v2\/product"}],"about":[{"href":"https:\/\/theo.niranbio.com\/es\/wp-json\/wp\/v2\/types\/product"}],"version-history":[{"count":0,"href":"https:\/\/theo.niranbio.com\/es\/wp-json\/wp\/v2\/product\/9621\/revisions"}],"wp:featuredmedia":[{"embeddable":true,"href":"https:\/\/theo.niranbio.com\/es\/wp-json\/wp\/v2\/media\/5616"}],"wp:attachment":[{"href":"https:\/\/theo.niranbio.com\/es\/wp-json\/wp\/v2\/media?parent=9621"}],"wp:term":[{"taxonomy":"product_brand","embeddable":true,"href":"https:\/\/theo.niranbio.com\/es\/wp-json\/wp\/v2\/product_brand?post=9621"},{"taxonomy":"product_cat","embeddable":true,"href":"https:\/\/theo.niranbio.com\/es\/wp-json\/wp\/v2\/product_cat?post=9621"},{"taxonomy":"product_tag","embeddable":true,"href":"https:\/\/theo.niranbio.com\/es\/wp-json\/wp\/v2\/product_tag?post=9621"}],"curies":[{"name":"wp","href":"https:\/\/api.w.org\/{rel}","templated":true}]}}