{"id":9586,"date":"2024-06-20T11:20:52","date_gmt":"2024-06-20T03:20:52","guid":{"rendered":"https:\/\/theo.niranbio.com\/gos-galactooligosacarido\/"},"modified":"2024-08-16T13:13:18","modified_gmt":"2024-08-16T05:13:18","slug":"gos-galactooligosacarido","status":"publish","type":"product","link":"https:\/\/theo.niranbio.com\/es\/gos-galactooligosacarido.html","title":{"rendered":"GOS-Galactooligosac\u00e1rido"},"content":{"rendered":"<h2><span class=\"ez-toc-section\" id=\"%C2%BFQue_es_el_galactooligosacarido\"><\/span>\u00bfQu\u00e9 es el galactooligosac\u00e1rido?<span class=\"ez-toc-section-end\"><\/span><\/h2>\n<p>Un oligosac\u00e1rido \u00fatil que tiene cualidades inherentes es el galactooligosac\u00e1rido. Es un polvo cristalino blanco con una estructura qu\u00edmica que consta de uno a siete grupos de galactosa unidos a mol\u00e9culas de glucosa o galactosa.<\/p>\n<p>Hay dos procesos principales de preparaci\u00f3n para el galactooligosac\u00e1rido:<\/p>\n<p>1. En la producci\u00f3n de galactooligosac\u00e1ridos (GOS), el m\u00e9todo enzim\u00e1tico es el proceso principal. Este m\u00e9todo utiliza galactosidasa para convertir la lactosa en galactooligosac\u00e1ridos, que tiene las ventajas de alta eficiencia, buena selectividad y respeto al medio ambiente. Durante el proceso de producci\u00f3n, la lactosa reacciona con enzimas en condiciones espec\u00edficas de temperatura y pH para generar galactooligosac\u00e1ridos, que luego se separan y purifican mediante centrifugaci\u00f3n, cromatograf\u00eda y otras t\u00e9cnicas. Este m\u00e9todo se usa ampliamente en la producci\u00f3n industrial porque puede controlar de manera eficiente la pureza y la longitud de la cadena del producto.<\/p>\n<p>2. El m\u00e9todo qu\u00edmico genera principalmente galactooligosac\u00e1ridos a trav\u00e9s de reacciones qu\u00edmicas, que generalmente implican reacciones de glicosilaci\u00f3n catalizadas por \u00e1cido. Este m\u00e9todo es m\u00e1s com\u00fan en escala de laboratorio y aplicaciones espec\u00edficas, pero relativamente raro en aplicaciones industriales debido a sus complejas condiciones de reacci\u00f3n y alto costo. En general, el m\u00e9todo de cat\u00e1lisis enzim\u00e1tica es el m\u00e9todo principal en la producci\u00f3n de galactooligosac\u00e1ridos debido a su proceso maduro, alta calidad del producto y buen desempe\u00f1o ambiental.<\/p>\n<h2><span class=\"ez-toc-section\" id=\"Dosis_recomendada\"><\/span>Dosis recomendada:<span class=\"ez-toc-section-end\"><\/span><\/h2>\n<table>\n<tbody>\n<tr>\n<td><strong>Nombre del alimento<\/strong><\/td>\n<td><strong>Uso m\u00e1ximo (g\/kg)<\/strong><\/td>\n<\/tr>\n<tr>\n<td>Bebidas funcionales<\/td>\n<td>2-5 g\/kg<\/td>\n<\/tr>\n<tr>\n<td>Yogur<\/td>\n<td>2-6 g\/kg<\/td>\n<\/tr>\n<tr>\n<td>Productos l\u00e1cteos<\/td>\n<td>1-3 g\/kg<\/td>\n<\/tr>\n<tr>\n<td>Bebidas bajas en az\u00facar<\/td>\n<td>3-6 g\/kg<\/td>\n<\/tr>\n<tr>\n<td>Bebidas de zumo<\/td>\n<td>3-5 g\/kg<\/td>\n<\/tr>\n<tr>\n<td>Salsas<\/td>\n<td>1-2 g\/kg<\/td>\n<\/tr>\n<tr>\n<td>Productos de panader\u00eda<\/td>\n<td>2-5 g\/kg<\/td>\n<\/tr>\n<tr>\n<td>Chocolate y caramelos<\/td>\n<td>1-2 g\/kg<\/td>\n<\/tr>\n<tr>\n<td>Alimentos fermentados<\/td>\n<td>1-2 g\/kg<\/td>\n<\/tr>\n<\/tbody>\n<\/table>\n<h2><span class=\"ez-toc-section\" id=\"El_galactooligosacarido_tiene_una_amplia_gama_de_usos\"><\/span>El galactooligosac\u00e1rido tiene una amplia gama de usos<span class=\"ez-toc-section-end\"><\/span><\/h2>\n<p>1. Efecto prebi\u00f3tico: los galactooligosac\u00e1ridos act\u00faan como prebi\u00f3ticos en el tracto digestivo. Previenen la propagaci\u00f3n de bacterias pat\u00f3genas al mismo tiempo que fomentan el desarrollo y la actividad de las bacterias buenas (como los lactobacilos y las bifidobacterias). Este efecto ayuda a mejorar el equilibrio de la microecolog\u00eda intestinal, favorece la salud digestiva y mejora el sistema inmunol\u00f3gico.<\/p>\n<p>2. Mejora la salud intestinal: el GOS puede aumentar el volumen de las heces y promover la peristalsis intestinal, mejorando as\u00ed el estre\u00f1imiento. Produce \u00e1cidos grasos de cadena corta y estimula el crecimiento de probi\u00f3ticos, ambos contribuyen al mantenimiento de un entorno intestinal saludable. Los \u00e1cidos grasos de cadena corta mejoran la funci\u00f3n de la barrera intestinal y favorecen la integridad de la mucosa intestinal.<\/p>\n<p>3. Mejoran la absorci\u00f3n de minerales: las investigaciones han indicado que los galactooligosac\u00e1ridos tienen el potencial de mejorar la absorci\u00f3n de minerales como el magnesio y el calcio, especialmente en adultos mayores y ni\u00f1os. Esto ayuda a mejorar la salud \u00f3sea y reducir el riesgo de osteoporosis.<\/p>\n<p>4. Regulan la funci\u00f3n inmunol\u00f3gica: los GOS pueden regular indirectamente el sistema inmunol\u00f3gico al aumentar la cantidad y la actividad de los probi\u00f3ticos intestinales. Puede estimular el sistema inmunol\u00f3gico relacionado con el intestino (como las c\u00e9lulas inmunitarias intestinales), mejorar la capacidad de respuesta inmunol\u00f3gica del cuerpo y reducir el riesgo de infecci\u00f3n e inflamaci\u00f3n. 5. Reducen los niveles de az\u00facar y colesterol en sangre: los galactooligosac\u00e1ridos se fermentan en el intestino para producir \u00e1cidos grasos de cadena corta, que pueden ayudar a regular los niveles de az\u00facar en sangre y reducir los l\u00edpidos en sangre. Al mejorar la sensibilidad a la insulina y reducir los niveles de colesterol, los GOS ayudan a reducir el riesgo de diabetes y enfermedades cardiovasculares.<\/p>\n<h2><span class=\"ez-toc-section\" id=\"Pregunta_del_usuario\"><\/span>Pregunta del usuario:<span class=\"ez-toc-section-end\"><\/span><\/h2>\n<p>Pregunta: \u00bfPueden los humanos digerir los galactooligosac\u00e1ridos?<\/p>\n<p>Respuesta: El galactooligosac\u00e1rido (GOS) no puede digerirse completamente en el sistema digestivo humano debido a su composici\u00f3n estructural, que impide que las enzimas digestivas del intestino delgado lo metabolicen por completo. Una vez en el intestino grueso, el galactooligosac\u00e1rido no digerido es fermentado por los probi\u00f3ticos del intestino para crear gas y \u00e1cidos grasos de cadena corta. Este proceso no solo favorece la salud del microbioma intestinal, sino que tambi\u00e9n promueve la funci\u00f3n intestinal normal y mejora el estre\u00f1imiento y la funci\u00f3n inmunol\u00f3gica intestinal, por lo que el galactooligosac\u00e1rido desempe\u00f1a un papel importante en el mantenimiento de la salud intestinal como prebi\u00f3tico.<\/p>\n","protected":false},"excerpt":{"rendered":"<ul>\n<li>N\u00famero de serie: 6587-31-1<\/li>\n<li>Certificaci\u00f3n: KOSHER, ISO, HALAL, FSSC22000, BRC, etc.<\/li>\n<li>Cantidad m\u00ednima de pedido: 1000KG<\/li>\n<li>Caducidad: 2 a\u00f1os<\/li>\n<\/ul>\n","protected":false},"featured_media":5732,"template":"","meta":{"site-sidebar-layout":"default","site-content-layout":"","ast-site-content-layout":"default","site-content-style":"default","site-sidebar-style":"default","ast-global-header-display":"","ast-banner-title-visibility":"","ast-main-header-display":"","ast-hfb-above-header-display":"","ast-hfb-below-header-display":"","ast-hfb-mobile-header-display":"","site-post-title":"","ast-breadcrumbs-content":"","ast-featured-img":"","footer-sml-layout":"","theme-transparent-header-meta":"default","adv-header-id-meta":"","stick-header-meta":"","header-above-stick-meta":"","header-main-stick-meta":"","header-below-stick-meta":"","astra-migrate-meta-layouts":"set","ast-page-background-enabled":"default","ast-page-background-meta":{"desktop":{"background-color":"var(--ast-global-color-4)","background-image":"","background-repeat":"repeat","background-position":"center center","background-size":"auto","background-attachment":"scroll","background-type":"","background-media":"","overlay-type":"","overlay-color":"","overlay-opacity":"","overlay-gradient":""},"tablet":{"background-color":"","background-image":"","background-repeat":"repeat","background-position":"center center","background-size":"auto","background-attachment":"scroll","background-type":"","background-media":"","overlay-type":"","overlay-color":"","overlay-opacity":"","overlay-gradient":""},"mobile":{"background-color":"","background-image":"","background-repeat":"repeat","background-position":"center center","background-size":"auto","background-attachment":"scroll","background-type":"","background-media":"","overlay-type":"","overlay-color":"","overlay-opacity":"","overlay-gradient":""}},"ast-content-background-meta":{"desktop":{"background-color":"var(--ast-global-color-5)","background-image":"","background-repeat":"repeat","background-position":"center center","background-size":"auto","background-attachment":"scroll","background-type":"","background-media":"","overlay-type":"","overlay-color":"","overlay-opacity":"","overlay-gradient":""},"tablet":{"background-color":"var(--ast-global-color-5)","background-image":"","background-repeat":"repeat","background-position":"center center","background-size":"auto","background-attachment":"scroll","background-type":"","background-media":"","overlay-type":"","overlay-color":"","overlay-opacity":"","overlay-gradient":""},"mobile":{"background-color":"var(--ast-global-color-5)","background-image":"","background-repeat":"repeat","background-position":"center center","background-size":"auto","background-attachment":"scroll","background-type":"","background-media":"","overlay-type":"","overlay-color":"","overlay-opacity":"","overlay-gradient":""}}},"product_brand":[],"product_cat":[78],"product_tag":[],"class_list":{"0":"post-9586","1":"product","2":"type-product","3":"status-publish","4":"has-post-thumbnail","6":"product_cat-producto-edulcorante","7":"desktop-align-center","8":"tablet-align-left","9":"mobile-align-left","11":"first","12":"instock","13":"shipping-taxable","14":"product-type-simple"},"yoast_head":"<!-- This site is optimized with the Yoast SEO plugin v26.5 - https:\/\/yoast.com\/wordpress\/plugins\/seo\/ -->\n<title>Proveedor de Galactooligosac\u00e1ridos, Polvo de GOS | Niranbio Chemical<\/title>\n<meta name=\"description\" content=\"Nuestro galactooligosac\u00e1rido GOS es un polvo cristalino blanco que ofrece una pureza y funcionalidad excelentes para los suplementos diet\u00e9ticos y los alimentos funcionales.\" \/>\n<meta name=\"robots\" content=\"noindex, follow, max-snippet:-1, max-image-preview:large, max-video-preview:-1\" \/>\n<meta name=\"twitter:label1\" content=\"Tiempo de lectura\" \/>\n\t<meta name=\"twitter:data1\" content=\"4 minutos\" \/>\n<script type=\"application\/ld+json\" class=\"yoast-schema-graph\">{\"@context\":\"https:\/\/schema.org\",\"@graph\":[{\"@type\":\"WebPage\",\"@id\":\"https:\/\/theo.niranbio.com\/es\/gos-galactooligosacarido.html\",\"url\":\"https:\/\/theo.niranbio.com\/es\/gos-galactooligosacarido.html\",\"name\":\"Proveedor de Galactooligosac\u00e1ridos, Polvo de GOS | Niranbio Chemical\",\"isPartOf\":{\"@id\":\"https:\/\/theo.niranbio.com\/es\/#website\"},\"primaryImageOfPage\":{\"@id\":\"https:\/\/theo.niranbio.com\/es\/gos-galactooligosacarido.html#primaryimage\"},\"image\":{\"@id\":\"https:\/\/theo.niranbio.com\/es\/gos-galactooligosacarido.html#primaryimage\"},\"thumbnailUrl\":\"https:\/\/theo.niranbio.com\/wp-content\/uploads\/2024\/06\/GOS-Galactooligosaccharide.webp\",\"datePublished\":\"2024-06-20T03:20:52+00:00\",\"dateModified\":\"2024-08-16T05:13:18+00:00\",\"description\":\"Nuestro galactooligosac\u00e1rido GOS es un polvo cristalino blanco que ofrece una pureza y funcionalidad excelentes para los suplementos diet\u00e9ticos y los alimentos funcionales.\",\"breadcrumb\":{\"@id\":\"https:\/\/theo.niranbio.com\/es\/gos-galactooligosacarido.html#breadcrumb\"},\"inLanguage\":\"es\",\"potentialAction\":[{\"@type\":\"ReadAction\",\"target\":[\"https:\/\/theo.niranbio.com\/es\/gos-galactooligosacarido.html\"]}]},{\"@type\":\"ImageObject\",\"inLanguage\":\"es\",\"@id\":\"https:\/\/theo.niranbio.com\/es\/gos-galactooligosacarido.html#primaryimage\",\"url\":\"https:\/\/theo.niranbio.com\/wp-content\/uploads\/2024\/06\/GOS-Galactooligosaccharide.webp\",\"contentUrl\":\"https:\/\/theo.niranbio.com\/wp-content\/uploads\/2024\/06\/GOS-Galactooligosaccharide.webp\",\"width\":600,\"height\":600,\"caption\":\"GOS-Galactooligosac\u00e1rido\"},{\"@type\":\"BreadcrumbList\",\"@id\":\"https:\/\/theo.niranbio.com\/es\/gos-galactooligosacarido.html#breadcrumb\",\"itemListElement\":[{\"@type\":\"ListItem\",\"position\":1,\"name\":\"Home\",\"item\":\"https:\/\/theo.niranbio.com\/es\/\"},{\"@type\":\"ListItem\",\"position\":2,\"name\":\"Productos\",\"item\":\"https:\/\/theo.niranbio.com\/es\/productos.html\"},{\"@type\":\"ListItem\",\"position\":3,\"name\":\"Edulcorantes\",\"item\":\"https:\/\/theo.niranbio.com\/es\/producto-edulcorante\/\"},{\"@type\":\"ListItem\",\"position\":4,\"name\":\"GOS-Galactooligosac\u00e1rido\"}]},{\"@type\":\"WebSite\",\"@id\":\"https:\/\/theo.niranbio.com\/es\/#website\",\"url\":\"https:\/\/theo.niranbio.com\/es\/\",\"name\":\"Niranbio Chemical\",\"description\":\"\",\"publisher\":{\"@id\":\"https:\/\/theo.niranbio.com\/es\/#organization\"},\"potentialAction\":[{\"@type\":\"SearchAction\",\"target\":{\"@type\":\"EntryPoint\",\"urlTemplate\":\"https:\/\/theo.niranbio.com\/es\/?s={search_term_string}\"},\"query-input\":{\"@type\":\"PropertyValueSpecification\",\"valueRequired\":true,\"valueName\":\"search_term_string\"}}],\"inLanguage\":\"es\"},{\"@type\":\"Organization\",\"@id\":\"https:\/\/theo.niranbio.com\/es\/#organization\",\"name\":\"Niranbio Chemical\",\"url\":\"https:\/\/theo.niranbio.com\/es\/\",\"logo\":{\"@type\":\"ImageObject\",\"inLanguage\":\"es\",\"@id\":\"https:\/\/theo.niranbio.com\/es\/#\/schema\/logo\/image\/\",\"url\":\"https:\/\/theo.niranbio.com\/wp-content\/uploads\/2024\/06\/Niranbio.png\",\"contentUrl\":\"https:\/\/theo.niranbio.com\/wp-content\/uploads\/2024\/06\/Niranbio.png\",\"width\":270,\"height\":100,\"caption\":\"Niranbio Chemical\"},\"image\":{\"@id\":\"https:\/\/theo.niranbio.com\/es\/#\/schema\/logo\/image\/\"}}]}<\/script>\n<!-- \/ Yoast SEO plugin. -->","yoast_head_json":{"title":"Proveedor de Galactooligosac\u00e1ridos, Polvo de GOS | Niranbio Chemical","description":"Nuestro galactooligosac\u00e1rido GOS es un polvo cristalino blanco que ofrece una pureza y funcionalidad excelentes para los suplementos diet\u00e9ticos y los alimentos funcionales.","robots":{"index":"noindex","follow":"follow","max-snippet":"max-snippet:-1","max-image-preview":"max-image-preview:large","max-video-preview":"max-video-preview:-1"},"twitter_misc":{"Tiempo de lectura":"4 minutos"},"schema":{"@context":"https:\/\/schema.org","@graph":[{"@type":"WebPage","@id":"https:\/\/theo.niranbio.com\/es\/gos-galactooligosacarido.html","url":"https:\/\/theo.niranbio.com\/es\/gos-galactooligosacarido.html","name":"Proveedor de Galactooligosac\u00e1ridos, Polvo de GOS | Niranbio Chemical","isPartOf":{"@id":"https:\/\/theo.niranbio.com\/es\/#website"},"primaryImageOfPage":{"@id":"https:\/\/theo.niranbio.com\/es\/gos-galactooligosacarido.html#primaryimage"},"image":{"@id":"https:\/\/theo.niranbio.com\/es\/gos-galactooligosacarido.html#primaryimage"},"thumbnailUrl":"https:\/\/theo.niranbio.com\/wp-content\/uploads\/2024\/06\/GOS-Galactooligosaccharide.webp","datePublished":"2024-06-20T03:20:52+00:00","dateModified":"2024-08-16T05:13:18+00:00","description":"Nuestro galactooligosac\u00e1rido GOS es un polvo cristalino blanco que ofrece una pureza y funcionalidad excelentes para los suplementos diet\u00e9ticos y los alimentos funcionales.","breadcrumb":{"@id":"https:\/\/theo.niranbio.com\/es\/gos-galactooligosacarido.html#breadcrumb"},"inLanguage":"es","potentialAction":[{"@type":"ReadAction","target":["https:\/\/theo.niranbio.com\/es\/gos-galactooligosacarido.html"]}]},{"@type":"ImageObject","inLanguage":"es","@id":"https:\/\/theo.niranbio.com\/es\/gos-galactooligosacarido.html#primaryimage","url":"https:\/\/theo.niranbio.com\/wp-content\/uploads\/2024\/06\/GOS-Galactooligosaccharide.webp","contentUrl":"https:\/\/theo.niranbio.com\/wp-content\/uploads\/2024\/06\/GOS-Galactooligosaccharide.webp","width":600,"height":600,"caption":"GOS-Galactooligosac\u00e1rido"},{"@type":"BreadcrumbList","@id":"https:\/\/theo.niranbio.com\/es\/gos-galactooligosacarido.html#breadcrumb","itemListElement":[{"@type":"ListItem","position":1,"name":"Home","item":"https:\/\/theo.niranbio.com\/es\/"},{"@type":"ListItem","position":2,"name":"Productos","item":"https:\/\/theo.niranbio.com\/es\/productos.html"},{"@type":"ListItem","position":3,"name":"Edulcorantes","item":"https:\/\/theo.niranbio.com\/es\/producto-edulcorante\/"},{"@type":"ListItem","position":4,"name":"GOS-Galactooligosac\u00e1rido"}]},{"@type":"WebSite","@id":"https:\/\/theo.niranbio.com\/es\/#website","url":"https:\/\/theo.niranbio.com\/es\/","name":"Niranbio Chemical","description":"","publisher":{"@id":"https:\/\/theo.niranbio.com\/es\/#organization"},"potentialAction":[{"@type":"SearchAction","target":{"@type":"EntryPoint","urlTemplate":"https:\/\/theo.niranbio.com\/es\/?s={search_term_string}"},"query-input":{"@type":"PropertyValueSpecification","valueRequired":true,"valueName":"search_term_string"}}],"inLanguage":"es"},{"@type":"Organization","@id":"https:\/\/theo.niranbio.com\/es\/#organization","name":"Niranbio Chemical","url":"https:\/\/theo.niranbio.com\/es\/","logo":{"@type":"ImageObject","inLanguage":"es","@id":"https:\/\/theo.niranbio.com\/es\/#\/schema\/logo\/image\/","url":"https:\/\/theo.niranbio.com\/wp-content\/uploads\/2024\/06\/Niranbio.png","contentUrl":"https:\/\/theo.niranbio.com\/wp-content\/uploads\/2024\/06\/Niranbio.png","width":270,"height":100,"caption":"Niranbio Chemical"},"image":{"@id":"https:\/\/theo.niranbio.com\/es\/#\/schema\/logo\/image\/"}}]}},"_links":{"self":[{"href":"https:\/\/theo.niranbio.com\/es\/wp-json\/wp\/v2\/product\/9586","targetHints":{"allow":["GET"]}}],"collection":[{"href":"https:\/\/theo.niranbio.com\/es\/wp-json\/wp\/v2\/product"}],"about":[{"href":"https:\/\/theo.niranbio.com\/es\/wp-json\/wp\/v2\/types\/product"}],"version-history":[{"count":0,"href":"https:\/\/theo.niranbio.com\/es\/wp-json\/wp\/v2\/product\/9586\/revisions"}],"wp:featuredmedia":[{"embeddable":true,"href":"https:\/\/theo.niranbio.com\/es\/wp-json\/wp\/v2\/media\/5732"}],"wp:attachment":[{"href":"https:\/\/theo.niranbio.com\/es\/wp-json\/wp\/v2\/media?parent=9586"}],"wp:term":[{"taxonomy":"product_brand","embeddable":true,"href":"https:\/\/theo.niranbio.com\/es\/wp-json\/wp\/v2\/product_brand?post=9586"},{"taxonomy":"product_cat","embeddable":true,"href":"https:\/\/theo.niranbio.com\/es\/wp-json\/wp\/v2\/product_cat?post=9586"},{"taxonomy":"product_tag","embeddable":true,"href":"https:\/\/theo.niranbio.com\/es\/wp-json\/wp\/v2\/product_tag?post=9586"}],"curies":[{"name":"wp","href":"https:\/\/api.w.org\/{rel}","templated":true}]}}