{"id":8637,"date":"2024-06-20T10:58:28","date_gmt":"2024-06-20T02:58:28","guid":{"rendered":"https:\/\/theo.niranbio.com\/ascorbato-calcico\/"},"modified":"2024-08-15T14:14:30","modified_gmt":"2024-08-15T06:14:30","slug":"ascorbato-calcico","status":"publish","type":"product","link":"https:\/\/theo.niranbio.com\/es\/ascorbato-calcico.html","title":{"rendered":"Ascorbato c\u00e1lcico"},"content":{"rendered":"<h2><span class=\"ez-toc-section\" id=\"%C2%BFQue_es_el_ascorbato_de_calcio\"><\/span>\u00bfQu\u00e9 es el ascorbato de calcio?<span class=\"ez-toc-section-end\"><\/span><\/h2>\n<p>Adem\u00e1s de ser m\u00e1s estable que el Vc, el ascorbato de calcio tambi\u00e9n tiene capacidades de absorci\u00f3n superiores. Adem\u00e1s, debido a la introducci\u00f3n de calcio, su efecto de fortificaci\u00f3n nutricional tambi\u00e9n se mejora. Las industrias alimentaria, farmac\u00e9utica y otras lo utilizan significativamente. Parece ser un polvo blanco.<\/p>\n<p>El proceso de preparaci\u00f3n del ascorbato de calcio consiste principalmente en hacer reaccionar directamente el \u00e1cido asc\u00f3rbico (vitamina C) con hidr\u00f3xido de calcio o carbonato de calcio para generar ascorbato de calcio. Este m\u00e9todo tiene un proceso simple, pocos pasos operativos, alta eficiencia de producci\u00f3n y es adecuado para la producci\u00f3n continua a gran escala.<\/p>\n<h2><span class=\"ez-toc-section\" id=\"Parametros_relacionados\"><\/span>Par\u00e1metros relacionados:<span class=\"ez-toc-section-end\"><\/span><\/h2>\n<table>\n<tbody>\n<tr>\n<td><strong>Art\u00edculos<\/strong><\/td>\n<td><strong>Normas<\/strong><\/td>\n<\/tr>\n<tr>\n<td>Rotaci\u00f3n \u00f3ptica espec\u00edfica<\/td>\n<td>+95\u00b0~+97\u00b0<\/td>\n<\/tr>\n<tr>\n<td>PH(10% P\/V)<\/td>\n<td>6.8-7.4<\/td>\n<\/tr>\n<tr>\n<td>P\u00e9rdida por secado<\/td>\n<td>\u22640.10%<\/td>\n<\/tr>\n<tr>\n<td>Metales pesados (como Pb)<\/td>\n<td>\u226410ppm<\/td>\n<\/tr>\n<tr>\n<td>Oxalato<\/td>\n<td>Pasa<\/td>\n<\/tr>\n<tr>\n<td>Cobre<\/td>\n<td>\u22645ppm<\/td>\n<\/tr>\n<tr>\n<td>Hierro<\/td>\n<td>\u22642ppm<\/td>\n<\/tr>\n<tr>\n<td>Ars\u00e9nico<\/td>\n<td>\u22643 mg\/kg<\/td>\n<\/tr>\n<tr>\n<td>Fluoruro<\/td>\n<td>\u22640.001%<\/td>\n<\/tr>\n<tr>\n<td>Ensayo<\/td>\n<td>98.0-100%-100.5%<\/td>\n<\/tr>\n<\/tbody>\n<\/table>\n<h2><span class=\"ez-toc-section\" id=\"Dosis_recomendada\"><\/span>Dosis recomendada:<span class=\"ez-toc-section-end\"><\/span><\/h2>\n<table>\n<tbody>\n<tr>\n<td><strong>Nombre del alimento<\/strong><\/td>\n<td><strong>Uso m\u00e1ximo (g\/kg)<\/strong><\/td>\n<\/tr>\n<tr>\n<td>Zumos y bebidas con sabor a fruta<\/td>\n<td>0,1-0,5 g\/kg<\/td>\n<\/tr>\n<tr>\n<td>Refrescos<\/td>\n<td>0,05-0,2 g\/kg<\/td>\n<\/tr>\n<tr>\n<td>Fruta en conserva<\/td>\n<td>0,1-0,3 g\/kg<\/td>\n<\/tr>\n<tr>\n<td>Yogur y productos l\u00e1cteos<\/td>\n<td>0,05-0,2 g\/kg<\/td>\n<\/tr>\n<tr>\n<td>Pan y productos de panader\u00eda<\/td>\n<td>0,1-0,3 g\/kg<\/td>\n<\/tr>\n<tr>\n<td>Chocolate y caramelos<\/td>\n<td>0,1-0,3 g\/kg<\/td>\n<\/tr>\n<tr>\n<td>Ali\u00f1os para ensaladas y condimentos<\/td>\n<td>0,05-0,2 g\/kg<\/td>\n<\/tr>\n<tr>\n<td>Productos c\u00e1rnicos y embutidos<\/td>\n<td>0,1-0,3 g\/kg<\/td>\n<\/tr>\n<tr>\n<td>Conservas de pescado y marisco<\/td>\n<td>0,1-0,3 g\/kg<\/td>\n<\/tr>\n<tr>\n<td>Mezclas para panader\u00eda<\/td>\n<td>0,1-0,3 g\/kg<\/td>\n<\/tr>\n<tr>\n<td>Bebidas deportivas<\/td>\n<td>0,05-0,2 g\/kg<\/td>\n<\/tr>\n<tr>\n<td>Bebidas de zumo<\/td>\n<td>0,1-0,5 g\/kg<\/td>\n<\/tr>\n<\/tbody>\n<\/table>\n<h2><span class=\"ez-toc-section\" id=\"El_ascorbato_de_calcio_tiene_una_amplia_gama_de_usos\"><\/span>El ascorbato de calcio tiene una amplia gama de usos<span class=\"ez-toc-section-end\"><\/span><\/h2>\n<ol>\n<li>El ascorbato de calcio tiene un fuerte efecto antioxidante y puede prevenir eficazmente la oxidaci\u00f3n de grasas, aceites y otros ingredientes f\u00e1cilmente oxidables en los alimentos, extendiendo as\u00ed la vida \u00fatil de los alimentos.<\/li>\n<li>El ascorbato de calcio es la sal de calcio de la vitamina C (\u00e1cido asc\u00f3rbico), que proporciona vitamina C y calcio, ayudando a prevenir la deficiencia de vitamina C y calcio.<\/li>\n<li>Los alimentos pueden tener una vida \u00fatil m\u00e1s larga porque el ascorbato de calcio puede detener el crecimiento y la reproducci\u00f3n de bacterias. En varios jugos, mermeladas, jaleas y otros art\u00edculos, sirve como conservante.<\/li>\n<li>El ascorbato de calcio se puede utilizar para ajustar el valor de pH de los alimentos y ayudar a mantener el equilibrio \u00e1cido-base de los alimentos, mejorando as\u00ed la textura y el sabor de los alimentos.<\/li>\n<li>El ascorbato de calcio puede evitar que las frutas y verduras cambien de color durante el procesamiento y el almacenamiento, y mantener su color natural. Se usa ampliamente en frutas enlatadas, jugos y productos vegetales.<\/li>\n<li>Durante el procesamiento de frutas y verduras, el ascorbato de calcio puede prevenir las reacciones enzim\u00e1ticas de oscurecimiento y mantener el color y la calidad de los productos.<\/li>\n<li>En productos horneados, el ascorbato de calcio puede mejorar las propiedades de procesamiento de la masa, aumentar el volumen del pan y mejorar la textura del pan.<\/li>\n<li>Como fuente de vitamina C, el ascorbato de calcio ayuda a mejorar la inmunidad humana y a resistir los resfriados y otras enfermedades. Se encuentra con frecuencia en comidas funcionales y productos saludables.<\/li>\n<\/ol>\n<h2><span class=\"ez-toc-section\" id=\"Pregunta_del_usuario\"><\/span>Pregunta del usuario:<span class=\"ez-toc-section-end\"><\/span><\/h2>\n<p>Pregunta: \u00bfCu\u00e1l es la diferencia funcional entre el ascorbato de calcio y el carbonato de calcio?<\/p>\n<p>Respuesta: El ascorbato de calcio y el carbonato de calcio son significativamente diferentes en funci\u00f3n y uso. El ascorbato de calcio se utiliza principalmente en alimentos y productos para la salud. Tiene m\u00faltiples funciones, como antioxidante, fortificaci\u00f3n nutricional, conservaci\u00f3n y protecci\u00f3n del color. Proporciona vitamina C y calcio. Se utiliza a menudo en jugos, bebidas, productos l\u00e1cteos y alimentos infantiles para mejorar la inmunidad, promover la s\u00edntesis de col\u00e1geno y la absorci\u00f3n de hierro. El carbonato de calcio se utiliza principalmente como suplemento de calcio y neutralizador de \u00e1cidos. Se utiliza ampliamente para prevenir y tratar la deficiencia de calcio, la osteoporosis y aliviar s\u00edntomas como el exceso de \u00e1cido g\u00e1strico y la acidez estomacal.<\/p>\n<p>El carbonato de calcio tambi\u00e9n se utiliza como materia prima industrial para revestimientos, pol\u00edmeros y materiales de construcci\u00f3n, as\u00ed como ingrediente alimentario para aplicaciones como agentes antiaglomerantes, estabilizadores y leudantes. En resumen, las principales caracter\u00edsticas del ascorbato de calcio son su versatilidad y su enriquecimiento nutricional, mientras que el carbonato de calcio se caracteriza principalmente por su alto contenido de calcio y su amplio uso industrial. La sal de calcio m\u00e1s adecuada depende de las situaciones de aplicaci\u00f3n y de los requisitos particulares.<\/p>\n","protected":false},"excerpt":{"rendered":"<ul>\n<li>CAS: 5743-28-2<\/li>\n<li>F\u00f3rmula qu\u00edmica: C<sub>12<\/sub>H<sub>18<\/sub>CaO<sub>14<\/sub><\/li>\n<li>Certificaci\u00f3n: KOSHER, ISO, HALAL, FSSC22000, BRC, etc.<\/li>\n<li>Norma: BP2016\/USP39\/FCC10\/E302<\/li>\n<li>Cantidad m\u00ednima de pedido: 1000KG<\/li>\n<li>Caducidad: 2 a\u00f1os<\/li>\n<\/ul>\n","protected":false},"featured_media":5879,"template":"","meta":{"site-sidebar-layout":"default","site-content-layout":"","ast-site-content-layout":"default","site-content-style":"default","site-sidebar-style":"default","ast-global-header-display":"","ast-banner-title-visibility":"","ast-main-header-display":"","ast-hfb-above-header-display":"","ast-hfb-below-header-display":"","ast-hfb-mobile-header-display":"","site-post-title":"","ast-breadcrumbs-content":"","ast-featured-img":"","footer-sml-layout":"","theme-transparent-header-meta":"default","adv-header-id-meta":"","stick-header-meta":"","header-above-stick-meta":"","header-main-stick-meta":"","header-below-stick-meta":"","astra-migrate-meta-layouts":"set","ast-page-background-enabled":"default","ast-page-background-meta":{"desktop":{"background-color":"var(--ast-global-color-4)","background-image":"","background-repeat":"repeat","background-position":"center center","background-size":"auto","background-attachment":"scroll","background-type":"","background-media":"","overlay-type":"","overlay-color":"","overlay-opacity":"","overlay-gradient":""},"tablet":{"background-color":"","background-image":"","background-repeat":"repeat","background-position":"center center","background-size":"auto","background-attachment":"scroll","background-type":"","background-media":"","overlay-type":"","overlay-color":"","overlay-opacity":"","overlay-gradient":""},"mobile":{"background-color":"","background-image":"","background-repeat":"repeat","background-position":"center center","background-size":"auto","background-attachment":"scroll","background-type":"","background-media":"","overlay-type":"","overlay-color":"","overlay-opacity":"","overlay-gradient":""}},"ast-content-background-meta":{"desktop":{"background-color":"var(--ast-global-color-5)","background-image":"","background-repeat":"repeat","background-position":"center center","background-size":"auto","background-attachment":"scroll","background-type":"","background-media":"","overlay-type":"","overlay-color":"","overlay-opacity":"","overlay-gradient":""},"tablet":{"background-color":"var(--ast-global-color-5)","background-image":"","background-repeat":"repeat","background-position":"center center","background-size":"auto","background-attachment":"scroll","background-type":"","background-media":"","overlay-type":"","overlay-color":"","overlay-opacity":"","overlay-gradient":""},"mobile":{"background-color":"var(--ast-global-color-5)","background-image":"","background-repeat":"repeat","background-position":"center center","background-size":"auto","background-attachment":"scroll","background-type":"","background-media":"","overlay-type":"","overlay-color":"","overlay-opacity":"","overlay-gradient":""}}},"product_brand":[],"product_cat":[82],"product_tag":[],"class_list":{"0":"post-8637","1":"product","2":"type-product","3":"status-publish","4":"has-post-thumbnail","6":"product_cat-producto-antioxidante","7":"desktop-align-center","8":"tablet-align-left","9":"mobile-align-left","11":"first","12":"instock","13":"shipping-taxable","14":"product-type-simple"},"yoast_head":"<!-- This site is optimized with the Yoast SEO plugin v26.5 - https:\/\/yoast.com\/wordpress\/plugins\/seo\/ -->\n<title>Proveedor de Ascorbato de Calcio, Polvo de Ascorbato de Calcio E302 | Niranbio Chemical<\/title>\n<meta name=\"description\" content=\"Nuestro ascorbato de calcio E302 de grado alimenticio parece un polvo blanco, es m\u00e1s estable que el VC y tambi\u00e9n tiene capacidades de absorci\u00f3n superiores.\" \/>\n<meta name=\"robots\" content=\"noindex, follow, max-snippet:-1, max-image-preview:large, max-video-preview:-1\" \/>\n<meta name=\"twitter:label1\" content=\"Tiempo de lectura\" \/>\n\t<meta name=\"twitter:data1\" content=\"4 minutos\" \/>\n<script type=\"application\/ld+json\" class=\"yoast-schema-graph\">{\"@context\":\"https:\/\/schema.org\",\"@graph\":[{\"@type\":\"WebPage\",\"@id\":\"https:\/\/theo.niranbio.com\/es\/ascorbato-calcico.html\",\"url\":\"https:\/\/theo.niranbio.com\/es\/ascorbato-calcico.html\",\"name\":\"Proveedor de Ascorbato de Calcio, Polvo de Ascorbato de Calcio E302 | Niranbio Chemical\",\"isPartOf\":{\"@id\":\"https:\/\/theo.niranbio.com\/es\/#website\"},\"primaryImageOfPage\":{\"@id\":\"https:\/\/theo.niranbio.com\/es\/ascorbato-calcico.html#primaryimage\"},\"image\":{\"@id\":\"https:\/\/theo.niranbio.com\/es\/ascorbato-calcico.html#primaryimage\"},\"thumbnailUrl\":\"https:\/\/theo.niranbio.com\/wp-content\/uploads\/2024\/06\/Calcium-Ascorbate.webp\",\"datePublished\":\"2024-06-20T02:58:28+00:00\",\"dateModified\":\"2024-08-15T06:14:30+00:00\",\"description\":\"Nuestro ascorbato de calcio E302 de grado alimenticio parece un polvo blanco, es m\u00e1s estable que el VC y tambi\u00e9n tiene capacidades de absorci\u00f3n superiores.\",\"breadcrumb\":{\"@id\":\"https:\/\/theo.niranbio.com\/es\/ascorbato-calcico.html#breadcrumb\"},\"inLanguage\":\"es\",\"potentialAction\":[{\"@type\":\"ReadAction\",\"target\":[\"https:\/\/theo.niranbio.com\/es\/ascorbato-calcico.html\"]}]},{\"@type\":\"ImageObject\",\"inLanguage\":\"es\",\"@id\":\"https:\/\/theo.niranbio.com\/es\/ascorbato-calcico.html#primaryimage\",\"url\":\"https:\/\/theo.niranbio.com\/wp-content\/uploads\/2024\/06\/Calcium-Ascorbate.webp\",\"contentUrl\":\"https:\/\/theo.niranbio.com\/wp-content\/uploads\/2024\/06\/Calcium-Ascorbate.webp\",\"width\":600,\"height\":600,\"caption\":\"Ascorbato de calcio\"},{\"@type\":\"BreadcrumbList\",\"@id\":\"https:\/\/theo.niranbio.com\/es\/ascorbato-calcico.html#breadcrumb\",\"itemListElement\":[{\"@type\":\"ListItem\",\"position\":1,\"name\":\"Home\",\"item\":\"https:\/\/theo.niranbio.com\/es\/\"},{\"@type\":\"ListItem\",\"position\":2,\"name\":\"Productos\",\"item\":\"https:\/\/theo.niranbio.com\/es\/productos.html\"},{\"@type\":\"ListItem\",\"position\":3,\"name\":\"Antioxidante\",\"item\":\"https:\/\/theo.niranbio.com\/es\/producto-antioxidante\/\"},{\"@type\":\"ListItem\",\"position\":4,\"name\":\"Ascorbato c\u00e1lcico\"}]},{\"@type\":\"WebSite\",\"@id\":\"https:\/\/theo.niranbio.com\/es\/#website\",\"url\":\"https:\/\/theo.niranbio.com\/es\/\",\"name\":\"Niranbio Chemical\",\"description\":\"\",\"publisher\":{\"@id\":\"https:\/\/theo.niranbio.com\/es\/#organization\"},\"potentialAction\":[{\"@type\":\"SearchAction\",\"target\":{\"@type\":\"EntryPoint\",\"urlTemplate\":\"https:\/\/theo.niranbio.com\/es\/?s={search_term_string}\"},\"query-input\":{\"@type\":\"PropertyValueSpecification\",\"valueRequired\":true,\"valueName\":\"search_term_string\"}}],\"inLanguage\":\"es\"},{\"@type\":\"Organization\",\"@id\":\"https:\/\/theo.niranbio.com\/es\/#organization\",\"name\":\"Niranbio Chemical\",\"url\":\"https:\/\/theo.niranbio.com\/es\/\",\"logo\":{\"@type\":\"ImageObject\",\"inLanguage\":\"es\",\"@id\":\"https:\/\/theo.niranbio.com\/es\/#\/schema\/logo\/image\/\",\"url\":\"https:\/\/theo.niranbio.com\/wp-content\/uploads\/2024\/06\/Niranbio.png\",\"contentUrl\":\"https:\/\/theo.niranbio.com\/wp-content\/uploads\/2024\/06\/Niranbio.png\",\"width\":270,\"height\":100,\"caption\":\"Niranbio Chemical\"},\"image\":{\"@id\":\"https:\/\/theo.niranbio.com\/es\/#\/schema\/logo\/image\/\"}}]}<\/script>\n<!-- \/ Yoast SEO plugin. -->","yoast_head_json":{"title":"Proveedor de Ascorbato de Calcio, Polvo de Ascorbato de Calcio E302 | Niranbio Chemical","description":"Nuestro ascorbato de calcio E302 de grado alimenticio parece un polvo blanco, es m\u00e1s estable que el VC y tambi\u00e9n tiene capacidades de absorci\u00f3n superiores.","robots":{"index":"noindex","follow":"follow","max-snippet":"max-snippet:-1","max-image-preview":"max-image-preview:large","max-video-preview":"max-video-preview:-1"},"twitter_misc":{"Tiempo de lectura":"4 minutos"},"schema":{"@context":"https:\/\/schema.org","@graph":[{"@type":"WebPage","@id":"https:\/\/theo.niranbio.com\/es\/ascorbato-calcico.html","url":"https:\/\/theo.niranbio.com\/es\/ascorbato-calcico.html","name":"Proveedor de Ascorbato de Calcio, Polvo de Ascorbato de Calcio E302 | Niranbio Chemical","isPartOf":{"@id":"https:\/\/theo.niranbio.com\/es\/#website"},"primaryImageOfPage":{"@id":"https:\/\/theo.niranbio.com\/es\/ascorbato-calcico.html#primaryimage"},"image":{"@id":"https:\/\/theo.niranbio.com\/es\/ascorbato-calcico.html#primaryimage"},"thumbnailUrl":"https:\/\/theo.niranbio.com\/wp-content\/uploads\/2024\/06\/Calcium-Ascorbate.webp","datePublished":"2024-06-20T02:58:28+00:00","dateModified":"2024-08-15T06:14:30+00:00","description":"Nuestro ascorbato de calcio E302 de grado alimenticio parece un polvo blanco, es m\u00e1s estable que el VC y tambi\u00e9n tiene capacidades de absorci\u00f3n superiores.","breadcrumb":{"@id":"https:\/\/theo.niranbio.com\/es\/ascorbato-calcico.html#breadcrumb"},"inLanguage":"es","potentialAction":[{"@type":"ReadAction","target":["https:\/\/theo.niranbio.com\/es\/ascorbato-calcico.html"]}]},{"@type":"ImageObject","inLanguage":"es","@id":"https:\/\/theo.niranbio.com\/es\/ascorbato-calcico.html#primaryimage","url":"https:\/\/theo.niranbio.com\/wp-content\/uploads\/2024\/06\/Calcium-Ascorbate.webp","contentUrl":"https:\/\/theo.niranbio.com\/wp-content\/uploads\/2024\/06\/Calcium-Ascorbate.webp","width":600,"height":600,"caption":"Ascorbato de calcio"},{"@type":"BreadcrumbList","@id":"https:\/\/theo.niranbio.com\/es\/ascorbato-calcico.html#breadcrumb","itemListElement":[{"@type":"ListItem","position":1,"name":"Home","item":"https:\/\/theo.niranbio.com\/es\/"},{"@type":"ListItem","position":2,"name":"Productos","item":"https:\/\/theo.niranbio.com\/es\/productos.html"},{"@type":"ListItem","position":3,"name":"Antioxidante","item":"https:\/\/theo.niranbio.com\/es\/producto-antioxidante\/"},{"@type":"ListItem","position":4,"name":"Ascorbato c\u00e1lcico"}]},{"@type":"WebSite","@id":"https:\/\/theo.niranbio.com\/es\/#website","url":"https:\/\/theo.niranbio.com\/es\/","name":"Niranbio Chemical","description":"","publisher":{"@id":"https:\/\/theo.niranbio.com\/es\/#organization"},"potentialAction":[{"@type":"SearchAction","target":{"@type":"EntryPoint","urlTemplate":"https:\/\/theo.niranbio.com\/es\/?s={search_term_string}"},"query-input":{"@type":"PropertyValueSpecification","valueRequired":true,"valueName":"search_term_string"}}],"inLanguage":"es"},{"@type":"Organization","@id":"https:\/\/theo.niranbio.com\/es\/#organization","name":"Niranbio Chemical","url":"https:\/\/theo.niranbio.com\/es\/","logo":{"@type":"ImageObject","inLanguage":"es","@id":"https:\/\/theo.niranbio.com\/es\/#\/schema\/logo\/image\/","url":"https:\/\/theo.niranbio.com\/wp-content\/uploads\/2024\/06\/Niranbio.png","contentUrl":"https:\/\/theo.niranbio.com\/wp-content\/uploads\/2024\/06\/Niranbio.png","width":270,"height":100,"caption":"Niranbio Chemical"},"image":{"@id":"https:\/\/theo.niranbio.com\/es\/#\/schema\/logo\/image\/"}}]}},"_links":{"self":[{"href":"https:\/\/theo.niranbio.com\/es\/wp-json\/wp\/v2\/product\/8637","targetHints":{"allow":["GET"]}}],"collection":[{"href":"https:\/\/theo.niranbio.com\/es\/wp-json\/wp\/v2\/product"}],"about":[{"href":"https:\/\/theo.niranbio.com\/es\/wp-json\/wp\/v2\/types\/product"}],"version-history":[{"count":0,"href":"https:\/\/theo.niranbio.com\/es\/wp-json\/wp\/v2\/product\/8637\/revisions"}],"wp:featuredmedia":[{"embeddable":true,"href":"https:\/\/theo.niranbio.com\/es\/wp-json\/wp\/v2\/media\/5879"}],"wp:attachment":[{"href":"https:\/\/theo.niranbio.com\/es\/wp-json\/wp\/v2\/media?parent=8637"}],"wp:term":[{"taxonomy":"product_brand","embeddable":true,"href":"https:\/\/theo.niranbio.com\/es\/wp-json\/wp\/v2\/product_brand?post=8637"},{"taxonomy":"product_cat","embeddable":true,"href":"https:\/\/theo.niranbio.com\/es\/wp-json\/wp\/v2\/product_cat?post=8637"},{"taxonomy":"product_tag","embeddable":true,"href":"https:\/\/theo.niranbio.com\/es\/wp-json\/wp\/v2\/product_tag?post=8637"}],"curies":[{"name":"wp","href":"https:\/\/api.w.org\/{rel}","templated":true}]}}