{"id":8634,"date":"2024-06-20T10:59:50","date_gmt":"2024-06-20T02:59:50","guid":{"rendered":"https:\/\/theo.niranbio.com\/acido-ascorbico\/"},"modified":"2024-08-15T14:17:20","modified_gmt":"2024-08-15T06:17:20","slug":"acido-ascorbico","status":"publish","type":"product","link":"https:\/\/theo.niranbio.com\/es\/acido-ascorbico-en-polvo.html","title":{"rendered":"\u00c1cido asc\u00f3rbico"},"content":{"rendered":"<h2><span class=\"ez-toc-section\" id=\"%C2%BFQue_es_el_acido_ascorbico\"><\/span>\u00bfQu\u00e9 es el \u00e1cido asc\u00f3rbico?<span class=\"ez-toc-section-end\"><\/span><\/h2>\n<p>Otro nombre para el \u00e1cido asc\u00f3rbico, o vitamina C o VC, es vitamina soluble en agua. Tiene fuertes cualidades reductoras, es inodoro, \u00e1cido y parece un polvo cristalino blanco que se disuelve f\u00e1cilmente en agua. Puede utilizarse en el sector alimentario como suplemento nutricional y antioxidante.<\/p>\n<p>Hay tres procesos principales de preparaci\u00f3n para el \u00e1cido asc\u00f3rbico en China:<\/p>\n<p>1. Convertir el almid\u00f3n (generalmente almid\u00f3n de ma\u00edz) en D-sorbitol a trav\u00e9s de la fermentaci\u00f3n microbiana, y luego convertirlo en \u00e1cido 2-ceto-L-gul\u00f3nico, y finalmente en \u00e1cido asc\u00f3rbico. Este proceso es relativamente maduro, eficiente y relativamente bajo en costo. El \u00e1cido asc\u00f3rbico que se puede producir es de alta pureza y es adecuado para la producci\u00f3n industrial a gran escala.<\/p>\n<p>2. Convertir la D-glucosa en \u00e1cido 2,5-diceto-D-gluc\u00f3nico a trav\u00e9s de la fermentaci\u00f3n microbiana, y luego convertirla en \u00e1cido asc\u00f3rbico a trav\u00e9s de reacciones complejas. Los pasos del proceso son relativamente complejos y el costo es relativamente alto. 3. Utilizar microorganismos modificados gen\u00e9ticamente para fermentar directamente la glucosa para producir \u00e1cido asc\u00f3rbico. Sin embargo, este proceso tiene una eficiencia de producci\u00f3n y ventajas ambientales extremadamente altas, pero tiene altos requisitos t\u00e9cnicos y a\u00fan se encuentra en la etapa de desarrollo y optimizaci\u00f3n.<\/p>\n<h2><span class=\"ez-toc-section\" id=\"Parametros_relacionados\"><\/span>Par\u00e1metros relacionados:<span class=\"ez-toc-section-end\"><\/span><\/h2>\n<table>\n<tbody>\n<tr>\n<td><strong>Art\u00edculos<\/strong><\/td>\n<td><strong>Especificaci\u00f3n<\/strong><\/td>\n<\/tr>\n<tr>\n<td>Punto de fusi\u00f3n<\/td>\n<td>Alrededor de 190\u00b0C<\/td>\n<\/tr>\n<tr>\n<td>Rotaci\u00f3n espec\u00edfica<\/td>\n<td>+20.5\u00b0~+21.5\u00b0<\/td>\n<\/tr>\n<tr>\n<td rowspan=\"2\">Acidez (pH)<\/td>\n<td>2,1~2,6(soluci\u00f3n acuosa al 5%)<\/td>\n<\/tr>\n<tr>\n<td>2,4~2,8(soluci\u00f3n acuosa al 2%)<\/td>\n<\/tr>\n<tr>\n<td>Ensayo<\/td>\n<td>99.0~100%~100.5%<\/td>\n<\/tr>\n<tr>\n<td>P\u00e9rdida por secado<\/td>\n<td>\u22640.40%<\/td>\n<\/tr>\n<tr>\n<td>\u00c1cido ox\u00e1lico<\/td>\n<td>\u22640.3%<\/td>\n<\/tr>\n<tr>\n<td rowspan=\"4\">Sustancia relacionada<\/td>\n<td>Impureza C:\u22640,15%.<\/td>\n<\/tr>\n<tr>\n<td>Impureza D:\u22640,15%.<\/td>\n<\/tr>\n<tr>\n<td>Impurezas no especificadas:\u22640,10%.<\/td>\n<\/tr>\n<tr>\n<td>Impurezas totales distintas de C\u3001D:\u22640,2%.<\/td>\n<\/tr>\n<tr>\n<td>Metales pesados<\/td>\n<td>\u226410ppm<\/td>\n<\/tr>\n<tr>\n<td>Ars\u00e9nico<\/td>\n<td>\u22643ppm<\/td>\n<\/tr>\n<tr>\n<td>Plomo<\/td>\n<td>\u22642ppm<\/td>\n<\/tr>\n<tr>\n<td>Mercurio<\/td>\n<td>\u22641ppm<\/td>\n<\/tr>\n<tr>\n<td>Cobre<\/td>\n<td>\u22645ppm<\/td>\n<\/tr>\n<tr>\n<td>Hierro<\/td>\n<td>\u22642ppm<\/td>\n<\/tr>\n<tr>\n<td>Ceniza sulfatada<\/td>\n<td>\u22640.1%<\/td>\n<\/tr>\n<tr>\n<td>Claridad de la soluci\u00f3n<\/td>\n<td>Claro<\/td>\n<\/tr>\n<tr>\n<td>Color de la soluci\u00f3n<\/td>\n<td>\u2264BY<\/td>\n<\/tr>\n<tr>\n<td>Disolventes residuales<\/td>\n<td>Metanol\u22640,3%.<\/td>\n<\/tr>\n<\/tbody>\n<\/table>\n<h2><span class=\"ez-toc-section\" id=\"Dosis_recomendada\"><\/span>Dosis recomendada:<span class=\"ez-toc-section-end\"><\/span><\/h2>\n<table>\n<tbody>\n<tr>\n<td><strong>Nombre del alimento<\/strong><\/td>\n<td><strong>Uso m\u00e1ximo (g\/kg)<\/strong><\/td>\n<\/tr>\n<tr>\n<td>Bebidas de zumo de frutas<\/td>\n<td>0,2-0,5 g\/kg<\/td>\n<\/tr>\n<tr>\n<td>Bebidas carbonatadas<\/td>\n<td>0,2-0,5 g\/kg<\/td>\n<\/tr>\n<tr>\n<td>Mermelada<\/td>\n<td>0,3-0,8 g\/kg<\/td>\n<\/tr>\n<tr>\n<td>Gelatina<\/td>\n<td>0,5-1,0 g\/kg<\/td>\n<\/tr>\n<tr>\n<td>Fruta en conserva<\/td>\n<td>0,2-0,5 g\/kg<\/td>\n<\/tr>\n<tr>\n<td>Alimentos en escabeche<\/td>\n<td>0,5-1,0 g\/kg<\/td>\n<\/tr>\n<tr>\n<td>Productos c\u00e1rnicos<\/td>\n<td>0,2-0,5 g\/kg<\/td>\n<\/tr>\n<tr>\n<td>Embutidos<\/td>\n<td>0,3-0,8 g\/kg<\/td>\n<\/tr>\n<tr>\n<td>Jam\u00f3n<\/td>\n<td>0,2-0,5 g\/kg<\/td>\n<\/tr>\n<tr>\n<td>Productos l\u00e1cteos<\/td>\n<td>0,1-0,3 g\/kg<\/td>\n<\/tr>\n<tr>\n<td>Yogur<\/td>\n<td>0,1-0,3 g\/kg<\/td>\n<\/tr>\n<tr>\n<td>Pan<\/td>\n<td>0,1-0,5 g\/kg<\/td>\n<\/tr>\n<tr>\n<td>Caramelo<\/td>\n<td>0,5-1,0 g\/kg<\/td>\n<\/tr>\n<tr>\n<td>Aderezo para ensaladas<\/td>\n<td>0,2-0,5 g\/kg<\/td>\n<\/tr>\n<\/tbody>\n<\/table>\n<h2><span class=\"ez-toc-section\" id=\"El_Acido_Ascorbico_Tiene_Una_Amplia_Gama_De_Usos\"><\/span>El \u00c1cido Asc\u00f3rbico Tiene Una Amplia Gama De Usos<span class=\"ez-toc-section-end\"><\/span><\/h2>\n<ol>\n<li>Antioxidante: como un poderoso antioxidante, el \u00e1cido asc\u00f3rbico puede neutralizar los radicales libres y prevenir el da\u00f1o oxidativo a las c\u00e9lulas y los tejidos. Esta caracter\u00edstica se utiliza con frecuencia en alimentos y cosm\u00e9ticos, ayudando a extender la vida \u00fatil del producto y a proteger los componentes activos.<\/li>\n<li>Potenciador nutricional: como la forma principal de vitamina C, el \u00e1cido asc\u00f3rbico es una vitamina esencial soluble en agua que participa en una variedad de procesos metab\u00f3licos fisiol\u00f3gicos, promueve la s\u00edntesis de col\u00e1geno, mejora la inmunidad y ayuda a la absorci\u00f3n de hierro. Esto lo convierte en un importante potenciador nutricional en alimentos y bebidas, mejorando el valor nutricional de los productos.<\/li>\n<li>Protector del color: el \u00e1cido asc\u00f3rbico puede inhibir las reacciones de pardeamiento enzim\u00e1tico y no enzim\u00e1tico en los alimentos y mantener el color natural de los alimentos. Utilizado en el procesamiento de frutas y verduras, mermeladas, jaleas y alimentos enlatados, puede prevenir el oscurecimiento del color y mantener la apariencia fresca del producto.<\/li>\n<li>Conservante: El \u00e1cido asc\u00f3rbico desempe\u00f1a un papel conservante al inhibir el crecimiento y la reproducci\u00f3n de microorganismos y retrasar el deterioro de los alimentos. Esto es especialmente importante en productos como productos c\u00e1rnicos, alimentos enlatados y bebidas, alargando eficazmente la vida \u00fatil de los alimentos.<\/li>\n<li>Promotor de la fermentaci\u00f3n: En el proceso de producci\u00f3n de algunos alimentos fermentados, el \u00e1cido asc\u00f3rbico se puede utilizar como promotor de la fermentaci\u00f3n para mejorar la eficiencia de la fermentaci\u00f3n. Esto se utiliza ampliamente en alimentos fermentados como el vino, la salsa de soja y el vinagre, que pueden mejorar el efecto de la fermentaci\u00f3n y mejorar la calidad del producto. 6. Regulador de la acidez: El \u00e1cido asc\u00f3rbico es \u00e1cido y puede ajustar el valor de pH de los alimentos, mejorando as\u00ed el sabor y la estabilidad de los alimentos. Se utiliza en alimentos como bebidas, caramelos y gelatinas para ajustar la acidez, aumentar el sabor del producto y hacerlo m\u00e1s popular entre los consumidores.<\/li>\n<\/ol>\n<h2><span class=\"ez-toc-section\" id=\"Pregunta_del_usuario\"><\/span>Pregunta del usuario:<span class=\"ez-toc-section-end\"><\/span><\/h2>\n<p>Pregunta: \u00bfCu\u00e1les son los beneficios para la salud del \u00e1cido asc\u00f3rbico?<\/p>\n<p>Respuesta: La forma principal de vitamina C es el \u00e1cido asc\u00f3rbico, que tiene potentes propiedades antioxidantes. Ayuda a neutralizar los radicales libres y prevenir el da\u00f1o celular. Tambi\u00e9n participa en la s\u00edntesis de col\u00e1geno, promueve la cicatrizaci\u00f3n de heridas, fortalece el sistema inmunol\u00f3gico, mejora la resistencia del cuerpo a las infecciones y ayuda a absorber el hierro y prevenir la anemia.<\/p>\n<p>Pregunta: \u00bfCu\u00e1les son las ventajas del \u00e1cido asc\u00f3rbico en comparaci\u00f3n con la vitamina E?<\/p>\n<p>Respuesta: En comparaci\u00f3n con la vitamina E, el \u00e1cido asc\u00f3rbico (vitamina C) tiene las ventajas de versatilidad, solubilidad en agua, rentabilidad y alta seguridad. El \u00e1cido asc\u00f3rbico no solo puede actuar como un poderoso antioxidante para prevenir la oxidaci\u00f3n de los alimentos, sino que tambi\u00e9n proporciona vitamina C como potenciador nutricional y participa en una variedad de procesos metab\u00f3licos fisiol\u00f3gicos. Su solubilidad en agua hace que sea f\u00e1cil de usar en alimentos a base de agua como el jugo. Por ejemplo, en el jugo de naranja, el \u00e1cido asc\u00f3rbico puede mantener el sabor y el color frescos, prolongar la vida \u00fatil y mejorar el valor nutricional. Estas ventajas hacen que su uso sea m\u00e1s amplio y conveniente en la industria alimentaria.<\/p>\n","protected":false},"excerpt":{"rendered":"<ul>\n<li>CAS: 50-81-7<\/li>\n<li>F\u00f3rmula qu\u00edmica: C<sub>6<\/sub>H<sub>8<\/sub>O<sub>6<\/sub><\/li>\n<li>Certificaci\u00f3n: KOSHER, ISO, HALAL, FSSC22000, BRC, etc.<\/li>\n<li>Norma: E300\/USP\/FCCX<\/li>\n<li>Cantidad m\u00ednima de pedido: 1000KG<\/li>\n<li>Vida \u00fatil: 3 a\u00f1os<\/li>\n<\/ul>\n","protected":false},"featured_media":5871,"template":"","meta":{"site-sidebar-layout":"default","site-content-layout":"","ast-site-content-layout":"default","site-content-style":"default","site-sidebar-style":"default","ast-global-header-display":"","ast-banner-title-visibility":"","ast-main-header-display":"","ast-hfb-above-header-display":"","ast-hfb-below-header-display":"","ast-hfb-mobile-header-display":"","site-post-title":"","ast-breadcrumbs-content":"","ast-featured-img":"","footer-sml-layout":"","theme-transparent-header-meta":"default","adv-header-id-meta":"","stick-header-meta":"","header-above-stick-meta":"","header-main-stick-meta":"","header-below-stick-meta":"","astra-migrate-meta-layouts":"set","ast-page-background-enabled":"default","ast-page-background-meta":{"desktop":{"background-color":"var(--ast-global-color-4)","background-image":"","background-repeat":"repeat","background-position":"center center","background-size":"auto","background-attachment":"scroll","background-type":"","background-media":"","overlay-type":"","overlay-color":"","overlay-opacity":"","overlay-gradient":""},"tablet":{"background-color":"","background-image":"","background-repeat":"repeat","background-position":"center center","background-size":"auto","background-attachment":"scroll","background-type":"","background-media":"","overlay-type":"","overlay-color":"","overlay-opacity":"","overlay-gradient":""},"mobile":{"background-color":"","background-image":"","background-repeat":"repeat","background-position":"center center","background-size":"auto","background-attachment":"scroll","background-type":"","background-media":"","overlay-type":"","overlay-color":"","overlay-opacity":"","overlay-gradient":""}},"ast-content-background-meta":{"desktop":{"background-color":"var(--ast-global-color-5)","background-image":"","background-repeat":"repeat","background-position":"center center","background-size":"auto","background-attachment":"scroll","background-type":"","background-media":"","overlay-type":"","overlay-color":"","overlay-opacity":"","overlay-gradient":""},"tablet":{"background-color":"var(--ast-global-color-5)","background-image":"","background-repeat":"repeat","background-position":"center center","background-size":"auto","background-attachment":"scroll","background-type":"","background-media":"","overlay-type":"","overlay-color":"","overlay-opacity":"","overlay-gradient":""},"mobile":{"background-color":"var(--ast-global-color-5)","background-image":"","background-repeat":"repeat","background-position":"center center","background-size":"auto","background-attachment":"scroll","background-type":"","background-media":"","overlay-type":"","overlay-color":"","overlay-opacity":"","overlay-gradient":""}}},"product_brand":[],"product_cat":[82],"product_tag":[],"class_list":{"0":"post-8634","1":"product","2":"type-product","3":"status-publish","4":"has-post-thumbnail","6":"product_cat-producto-antioxidante","7":"desktop-align-center","8":"tablet-align-left","9":"mobile-align-left","11":"first","12":"instock","13":"shipping-taxable","14":"product-type-simple"},"yoast_head":"<!-- This site is optimized with the Yoast SEO plugin v26.5 - https:\/\/yoast.com\/wordpress\/plugins\/seo\/ -->\n<title>\u00c1cido Asc\u00f3rbico E300, Comprar Vitamina C \u00c1cido Asc\u00f3rbico en Polvo | Niranbio Chemical<\/title>\n<meta name=\"description\" content=\"Nuestro polvo de \u00e1cido asc\u00f3rbico E300 tiene un polvo cristalino blanco, puede utilizarse en el sector alimentario como suplemento nutricional y antioxidante.\" \/>\n<meta name=\"robots\" content=\"noindex, follow, max-snippet:-1, max-image-preview:large, max-video-preview:-1\" \/>\n<meta name=\"twitter:label1\" content=\"Tiempo de lectura\" \/>\n\t<meta name=\"twitter:data1\" content=\"5 minutos\" \/>\n<script type=\"application\/ld+json\" class=\"yoast-schema-graph\">{\"@context\":\"https:\/\/schema.org\",\"@graph\":[{\"@type\":\"WebPage\",\"@id\":\"https:\/\/theo.niranbio.com\/es\/acido-ascorbico-en-polvo.html\",\"url\":\"https:\/\/theo.niranbio.com\/es\/acido-ascorbico-en-polvo.html\",\"name\":\"\u00c1cido Asc\u00f3rbico E300, Comprar Vitamina C \u00c1cido Asc\u00f3rbico en Polvo | Niranbio Chemical\",\"isPartOf\":{\"@id\":\"https:\/\/theo.niranbio.com\/es\/#website\"},\"primaryImageOfPage\":{\"@id\":\"https:\/\/theo.niranbio.com\/es\/acido-ascorbico-en-polvo.html#primaryimage\"},\"image\":{\"@id\":\"https:\/\/theo.niranbio.com\/es\/acido-ascorbico-en-polvo.html#primaryimage\"},\"thumbnailUrl\":\"https:\/\/theo.niranbio.com\/wp-content\/uploads\/2024\/06\/Ascorbic-Acid.webp\",\"datePublished\":\"2024-06-20T02:59:50+00:00\",\"dateModified\":\"2024-08-15T06:17:20+00:00\",\"description\":\"Nuestro polvo de \u00e1cido asc\u00f3rbico E300 tiene un polvo cristalino blanco, puede utilizarse en el sector alimentario como suplemento nutricional y antioxidante.\",\"breadcrumb\":{\"@id\":\"https:\/\/theo.niranbio.com\/es\/acido-ascorbico-en-polvo.html#breadcrumb\"},\"inLanguage\":\"es\",\"potentialAction\":[{\"@type\":\"ReadAction\",\"target\":[\"https:\/\/theo.niranbio.com\/es\/acido-ascorbico-en-polvo.html\"]}]},{\"@type\":\"ImageObject\",\"inLanguage\":\"es\",\"@id\":\"https:\/\/theo.niranbio.com\/es\/acido-ascorbico-en-polvo.html#primaryimage\",\"url\":\"https:\/\/theo.niranbio.com\/wp-content\/uploads\/2024\/06\/Ascorbic-Acid.webp\",\"contentUrl\":\"https:\/\/theo.niranbio.com\/wp-content\/uploads\/2024\/06\/Ascorbic-Acid.webp\",\"width\":600,\"height\":600,\"caption\":\"\u00c1cido asc\u00f3rbico\"},{\"@type\":\"BreadcrumbList\",\"@id\":\"https:\/\/theo.niranbio.com\/es\/acido-ascorbico-en-polvo.html#breadcrumb\",\"itemListElement\":[{\"@type\":\"ListItem\",\"position\":1,\"name\":\"Home\",\"item\":\"https:\/\/theo.niranbio.com\/es\/\"},{\"@type\":\"ListItem\",\"position\":2,\"name\":\"Productos\",\"item\":\"https:\/\/theo.niranbio.com\/es\/productos.html\"},{\"@type\":\"ListItem\",\"position\":3,\"name\":\"Antioxidante\",\"item\":\"https:\/\/theo.niranbio.com\/es\/producto-antioxidante\/\"},{\"@type\":\"ListItem\",\"position\":4,\"name\":\"\u00c1cido asc\u00f3rbico\"}]},{\"@type\":\"WebSite\",\"@id\":\"https:\/\/theo.niranbio.com\/es\/#website\",\"url\":\"https:\/\/theo.niranbio.com\/es\/\",\"name\":\"Niranbio Chemical\",\"description\":\"\",\"publisher\":{\"@id\":\"https:\/\/theo.niranbio.com\/es\/#organization\"},\"potentialAction\":[{\"@type\":\"SearchAction\",\"target\":{\"@type\":\"EntryPoint\",\"urlTemplate\":\"https:\/\/theo.niranbio.com\/es\/?s={search_term_string}\"},\"query-input\":{\"@type\":\"PropertyValueSpecification\",\"valueRequired\":true,\"valueName\":\"search_term_string\"}}],\"inLanguage\":\"es\"},{\"@type\":\"Organization\",\"@id\":\"https:\/\/theo.niranbio.com\/es\/#organization\",\"name\":\"Niranbio Chemical\",\"url\":\"https:\/\/theo.niranbio.com\/es\/\",\"logo\":{\"@type\":\"ImageObject\",\"inLanguage\":\"es\",\"@id\":\"https:\/\/theo.niranbio.com\/es\/#\/schema\/logo\/image\/\",\"url\":\"https:\/\/theo.niranbio.com\/wp-content\/uploads\/2024\/06\/Niranbio.png\",\"contentUrl\":\"https:\/\/theo.niranbio.com\/wp-content\/uploads\/2024\/06\/Niranbio.png\",\"width\":270,\"height\":100,\"caption\":\"Niranbio Chemical\"},\"image\":{\"@id\":\"https:\/\/theo.niranbio.com\/es\/#\/schema\/logo\/image\/\"}}]}<\/script>\n<!-- \/ Yoast SEO plugin. -->","yoast_head_json":{"title":"\u00c1cido Asc\u00f3rbico E300, Comprar Vitamina C \u00c1cido Asc\u00f3rbico en Polvo | Niranbio Chemical","description":"Nuestro polvo de \u00e1cido asc\u00f3rbico E300 tiene un polvo cristalino blanco, puede utilizarse en el sector alimentario como suplemento nutricional y antioxidante.","robots":{"index":"noindex","follow":"follow","max-snippet":"max-snippet:-1","max-image-preview":"max-image-preview:large","max-video-preview":"max-video-preview:-1"},"twitter_misc":{"Tiempo de lectura":"5 minutos"},"schema":{"@context":"https:\/\/schema.org","@graph":[{"@type":"WebPage","@id":"https:\/\/theo.niranbio.com\/es\/acido-ascorbico-en-polvo.html","url":"https:\/\/theo.niranbio.com\/es\/acido-ascorbico-en-polvo.html","name":"\u00c1cido Asc\u00f3rbico E300, Comprar Vitamina C \u00c1cido Asc\u00f3rbico en Polvo | Niranbio Chemical","isPartOf":{"@id":"https:\/\/theo.niranbio.com\/es\/#website"},"primaryImageOfPage":{"@id":"https:\/\/theo.niranbio.com\/es\/acido-ascorbico-en-polvo.html#primaryimage"},"image":{"@id":"https:\/\/theo.niranbio.com\/es\/acido-ascorbico-en-polvo.html#primaryimage"},"thumbnailUrl":"https:\/\/theo.niranbio.com\/wp-content\/uploads\/2024\/06\/Ascorbic-Acid.webp","datePublished":"2024-06-20T02:59:50+00:00","dateModified":"2024-08-15T06:17:20+00:00","description":"Nuestro polvo de \u00e1cido asc\u00f3rbico E300 tiene un polvo cristalino blanco, puede utilizarse en el sector alimentario como suplemento nutricional y antioxidante.","breadcrumb":{"@id":"https:\/\/theo.niranbio.com\/es\/acido-ascorbico-en-polvo.html#breadcrumb"},"inLanguage":"es","potentialAction":[{"@type":"ReadAction","target":["https:\/\/theo.niranbio.com\/es\/acido-ascorbico-en-polvo.html"]}]},{"@type":"ImageObject","inLanguage":"es","@id":"https:\/\/theo.niranbio.com\/es\/acido-ascorbico-en-polvo.html#primaryimage","url":"https:\/\/theo.niranbio.com\/wp-content\/uploads\/2024\/06\/Ascorbic-Acid.webp","contentUrl":"https:\/\/theo.niranbio.com\/wp-content\/uploads\/2024\/06\/Ascorbic-Acid.webp","width":600,"height":600,"caption":"\u00c1cido asc\u00f3rbico"},{"@type":"BreadcrumbList","@id":"https:\/\/theo.niranbio.com\/es\/acido-ascorbico-en-polvo.html#breadcrumb","itemListElement":[{"@type":"ListItem","position":1,"name":"Home","item":"https:\/\/theo.niranbio.com\/es\/"},{"@type":"ListItem","position":2,"name":"Productos","item":"https:\/\/theo.niranbio.com\/es\/productos.html"},{"@type":"ListItem","position":3,"name":"Antioxidante","item":"https:\/\/theo.niranbio.com\/es\/producto-antioxidante\/"},{"@type":"ListItem","position":4,"name":"\u00c1cido asc\u00f3rbico"}]},{"@type":"WebSite","@id":"https:\/\/theo.niranbio.com\/es\/#website","url":"https:\/\/theo.niranbio.com\/es\/","name":"Niranbio Chemical","description":"","publisher":{"@id":"https:\/\/theo.niranbio.com\/es\/#organization"},"potentialAction":[{"@type":"SearchAction","target":{"@type":"EntryPoint","urlTemplate":"https:\/\/theo.niranbio.com\/es\/?s={search_term_string}"},"query-input":{"@type":"PropertyValueSpecification","valueRequired":true,"valueName":"search_term_string"}}],"inLanguage":"es"},{"@type":"Organization","@id":"https:\/\/theo.niranbio.com\/es\/#organization","name":"Niranbio Chemical","url":"https:\/\/theo.niranbio.com\/es\/","logo":{"@type":"ImageObject","inLanguage":"es","@id":"https:\/\/theo.niranbio.com\/es\/#\/schema\/logo\/image\/","url":"https:\/\/theo.niranbio.com\/wp-content\/uploads\/2024\/06\/Niranbio.png","contentUrl":"https:\/\/theo.niranbio.com\/wp-content\/uploads\/2024\/06\/Niranbio.png","width":270,"height":100,"caption":"Niranbio Chemical"},"image":{"@id":"https:\/\/theo.niranbio.com\/es\/#\/schema\/logo\/image\/"}}]}},"_links":{"self":[{"href":"https:\/\/theo.niranbio.com\/es\/wp-json\/wp\/v2\/product\/8634","targetHints":{"allow":["GET"]}}],"collection":[{"href":"https:\/\/theo.niranbio.com\/es\/wp-json\/wp\/v2\/product"}],"about":[{"href":"https:\/\/theo.niranbio.com\/es\/wp-json\/wp\/v2\/types\/product"}],"version-history":[{"count":0,"href":"https:\/\/theo.niranbio.com\/es\/wp-json\/wp\/v2\/product\/8634\/revisions"}],"wp:featuredmedia":[{"embeddable":true,"href":"https:\/\/theo.niranbio.com\/es\/wp-json\/wp\/v2\/media\/5871"}],"wp:attachment":[{"href":"https:\/\/theo.niranbio.com\/es\/wp-json\/wp\/v2\/media?parent=8634"}],"wp:term":[{"taxonomy":"product_brand","embeddable":true,"href":"https:\/\/theo.niranbio.com\/es\/wp-json\/wp\/v2\/product_brand?post=8634"},{"taxonomy":"product_cat","embeddable":true,"href":"https:\/\/theo.niranbio.com\/es\/wp-json\/wp\/v2\/product_cat?post=8634"},{"taxonomy":"product_tag","embeddable":true,"href":"https:\/\/theo.niranbio.com\/es\/wp-json\/wp\/v2\/product_tag?post=8634"}],"curies":[{"name":"wp","href":"https:\/\/api.w.org\/{rel}","templated":true}]}}