{"id":8631,"date":"2024-06-20T11:00:32","date_gmt":"2024-06-20T03:00:32","guid":{"rendered":"https:\/\/theo.niranbio.com\/acido-rosmarinico\/"},"modified":"2024-08-15T14:13:23","modified_gmt":"2024-08-15T06:13:23","slug":"acido-rosmarinico","status":"publish","type":"product","link":"https:\/\/theo.niranbio.com\/es\/acido-rosmarinico.html","title":{"rendered":"\u00c1cido rosmar\u00ednico"},"content":{"rendered":"<h2><span class=\"ez-toc-section\" id=\"%C2%BFQue_es_el_acido_rosmarinico\"><\/span>\u00bfQu\u00e9 es el \u00e1cido rosmar\u00ednico?<span class=\"ez-toc-section-end\"><\/span><\/h2>\n<p>El \u00e1cido rosmar\u00ednico, que se obtiene del romero, una planta perteneciente a la familia de las lami\u00e1ceas, es una sustancia qu\u00edmica org\u00e1nica soluble en agua que contiene \u00e1cido fen\u00f3lico. Se presenta como un polvo de color amarillo claro a marr\u00f3n que absorbe f\u00e1cilmente la humedad; tiene un olor especial a hierbas de romero y se utiliza ampliamente en la industria alimentaria, de bebidas, biofarmac\u00e9utica y cosm\u00e9tica.<\/p>\n<p>En China existen varios procesos de preparaci\u00f3n del \u00e1cido rosmar\u00ednico:<\/p>\n<p>1. Remojar las plantas de romero (como las hojas de romero) en un disolvente org\u00e1nico y utilizar el disolvente para extraer el \u00e1cido rosmar\u00ednico del material vegetal. El disolvente extra\u00eddo se concentra y se refina para obtener \u00e1cido rosmar\u00ednico. Su gran eficacia y su muy f\u00e1cil manejo lo convierten en una opci\u00f3n popular en la industria dom\u00e9stica.<\/p>\n<p>2. Sintetizar el \u00e1cido rosmar\u00ednico en el laboratorio mediante reacciones qu\u00edmicas. Este m\u00e9todo implica el uso de reactivos qu\u00edmicos y catalizadores espec\u00edficos, y normalmente requiere un control estricto de las condiciones de reacci\u00f3n. La s\u00edntesis qu\u00edmica se utiliza para la investigaci\u00f3n experimental y la producci\u00f3n a peque\u00f1a escala.<\/p>\n<p>3. Utilizar microorganismos espec\u00edficos (como bacterias, levaduras u hongos) para fermentar y producir \u00e1cido rosmar\u00ednico. Los microorganismos convierten las materias primas en \u00e1cido rosmar\u00ednico a trav\u00e9s de procesos metab\u00f3licos. La producci\u00f3n a peque\u00f1a escala y la investigaci\u00f3n son los usos t\u00edpicos de esta t\u00e9cnica.<\/p>\n<h2><span class=\"ez-toc-section\" id=\"Dosis_recomendada\"><\/span>Dosis recomendada:<span class=\"ez-toc-section-end\"><\/span><\/h2>\n<table>\n<tbody>\n<tr>\n<td><strong>Nombre del alimento<\/strong><\/td>\n<td><strong>Uso m\u00e1ximo (g\/kg)<\/strong><\/td>\n<\/tr>\n<tr>\n<td>Bebidas<\/td>\n<td>0,05-0,2 g\/kg<\/td>\n<\/tr>\n<tr>\n<td>Caramelo<\/td>\n<td>0,1-0,3 g\/kg<\/td>\n<\/tr>\n<tr>\n<td>Zumo<\/td>\n<td>0,05-0,15 g\/kg<\/td>\n<\/tr>\n<tr>\n<td>Productos l\u00e1cteos<\/td>\n<td>0,05-0,2 g\/kg<\/td>\n<\/tr>\n<tr>\n<td>Galletas<\/td>\n<td>0,1-0,3 g\/kg<\/td>\n<\/tr>\n<tr>\n<td>Pasteles<\/td>\n<td>0,1-0,3 g\/kg<\/td>\n<\/tr>\n<tr>\n<td>Chocolate<\/td>\n<td>0,1-0,3 g\/kg<\/td>\n<\/tr>\n<tr>\n<td>Condimentos<\/td>\n<td>0,2-0,5 g\/kg<\/td>\n<\/tr>\n<tr>\n<td>Productos c\u00e1rnicos<\/td>\n<td>0,2-0,4 g\/kg<\/td>\n<\/tr>\n<tr>\n<td>Salsa para ensaladas<\/td>\n<td>0,2-0,5 g\/kg<\/td>\n<\/tr>\n<tr>\n<td>Cerveza<\/td>\n<td>0,05-0,2 g\/kg<\/td>\n<\/tr>\n<tr>\n<td>Refrescos<\/td>\n<td>0,05-0,2 g\/kg<\/td>\n<\/tr>\n<tr>\n<td>Bebidas funcionales<\/td>\n<td>0,1-0,3 g\/kg<\/td>\n<\/tr>\n<tr>\n<td>Queso<\/td>\n<td>0,1-0,3 g\/kg<\/td>\n<\/tr>\n<tr>\n<td>Salsa de soja<\/td>\n<td>0,2-0,5 g\/kg<\/td>\n<\/tr>\n<\/tbody>\n<\/table>\n<h2><span class=\"ez-toc-section\" id=\"El_acido_rosmarinico_tiene_una_amplia_gama_de_usos\"><\/span>El \u00e1cido rosmar\u00ednico tiene una amplia gama de usos<span class=\"ez-toc-section-end\"><\/span><\/h2>\n<ol>\n<li>El \u00e1cido rosmar\u00ednico es un poderoso antioxidante que puede neutralizar los radicales libres, reducir el estr\u00e9s oxidativo y combatir el envejecimiento y el da\u00f1o celular.<\/li>\n<li>El \u00e1cido rosmar\u00ednico tiene un efecto inhibidor sobre una variedad de bacterias, hongos y virus, lo que ayuda a extender la vida \u00fatil de los alimentos y prevenir el deterioro.<\/li>\n<li>El \u00e1cido rosmar\u00ednico puede inhibir la producci\u00f3n de mediadores inflamatorios, reducir las reacciones inflamatorias y tiene posibles efectos terap\u00e9uticos en una variedad de enfermedades inflamatorias.<\/li>\n<li>El \u00e1cido rosmar\u00ednico puede mejorar la funci\u00f3n inmunol\u00f3gica del cuerpo, aumentar la actividad de las c\u00e9lulas inmunes y mejorar la resistencia a las enfermedades.<\/li>\n<li>Se puede inhibir la liberaci\u00f3n de histamina, se pueden disminuir las reacciones al\u00e9rgicas y se pueden aliviar un poco las enfermedades al\u00e9rgicas con \u00e1cido rosmar\u00ednico.<\/li>\n<li>El \u00e1cido de romero tiene la capacidad de proteger las c\u00e9lulas nerviosas y puede impedir el desarrollo de enfermedades neurodegenerativas como el Alzheimer.<\/li>\n<\/ol>\n<h2><span class=\"ez-toc-section\" id=\"Pregunta_formulada_por_un_usuario\"><\/span>Pregunta formulada por un usuario:<span class=\"ez-toc-section-end\"><\/span><\/h2>\n<p>Pregunta: \u00bfEs cierto que el \u00e1cido rosmar\u00ednico afecta la memoria de las personas?<\/p>\n<p>Respuesta: Entre otras plantas, el romero contiene el componente polifen\u00f3lico \u00e1cido rosmar\u00ednico. Tiene potentes propiedades antioxidantes y antiinflamatorias, que pueden proteger las c\u00e9lulas cerebrales del da\u00f1o causado por el estr\u00e9s oxidativo y la inflamaci\u00f3n, ayudando as\u00ed a mantener y mejorar la funci\u00f3n cognitiva. Algunos estudios han demostrado que el \u00e1cido rosmar\u00ednico puede proteger las neuronas y prevenir el desarrollo de enfermedades neurodegenerativas, lo que puede ayudar a mantener y mejorar la memoria. En experimentos con animales, se descubri\u00f3 que el \u00e1cido rosmar\u00ednico mejora las capacidades de aprendizaje y memoria de los animales de experimentaci\u00f3n, lo que sugiere que puede tener potencial para mejorar la funci\u00f3n cognitiva humana.<\/p>\n","protected":false},"excerpt":{"rendered":"<ul>\n<li>CAS: 20283-92-5;537-15-5<\/li>\n<li>F\u00f3rmula qu\u00edmica: C<sub>18<\/sub>H<sub>16<\/sub>O<sub>8<\/sub><\/li>\n<li>Certificaci\u00f3n: KOSHER, ISO, HALAL, FSSC22000, BRC, etc.<\/li>\n<li>Cantidad m\u00ednima de pedido: 1000KG<\/li>\n<li>Caducidad: 2 a\u00f1os<\/li>\n<\/ul>\n","protected":false},"featured_media":5866,"template":"","meta":{"site-sidebar-layout":"default","site-content-layout":"","ast-site-content-layout":"default","site-content-style":"default","site-sidebar-style":"default","ast-global-header-display":"","ast-banner-title-visibility":"","ast-main-header-display":"","ast-hfb-above-header-display":"","ast-hfb-below-header-display":"","ast-hfb-mobile-header-display":"","site-post-title":"","ast-breadcrumbs-content":"","ast-featured-img":"","footer-sml-layout":"","theme-transparent-header-meta":"default","adv-header-id-meta":"","stick-header-meta":"","header-above-stick-meta":"","header-main-stick-meta":"","header-below-stick-meta":"","astra-migrate-meta-layouts":"set","ast-page-background-enabled":"default","ast-page-background-meta":{"desktop":{"background-color":"var(--ast-global-color-4)","background-image":"","background-repeat":"repeat","background-position":"center center","background-size":"auto","background-attachment":"scroll","background-type":"","background-media":"","overlay-type":"","overlay-color":"","overlay-opacity":"","overlay-gradient":""},"tablet":{"background-color":"","background-image":"","background-repeat":"repeat","background-position":"center center","background-size":"auto","background-attachment":"scroll","background-type":"","background-media":"","overlay-type":"","overlay-color":"","overlay-opacity":"","overlay-gradient":""},"mobile":{"background-color":"","background-image":"","background-repeat":"repeat","background-position":"center center","background-size":"auto","background-attachment":"scroll","background-type":"","background-media":"","overlay-type":"","overlay-color":"","overlay-opacity":"","overlay-gradient":""}},"ast-content-background-meta":{"desktop":{"background-color":"var(--ast-global-color-5)","background-image":"","background-repeat":"repeat","background-position":"center center","background-size":"auto","background-attachment":"scroll","background-type":"","background-media":"","overlay-type":"","overlay-color":"","overlay-opacity":"","overlay-gradient":""},"tablet":{"background-color":"var(--ast-global-color-5)","background-image":"","background-repeat":"repeat","background-position":"center center","background-size":"auto","background-attachment":"scroll","background-type":"","background-media":"","overlay-type":"","overlay-color":"","overlay-opacity":"","overlay-gradient":""},"mobile":{"background-color":"var(--ast-global-color-5)","background-image":"","background-repeat":"repeat","background-position":"center center","background-size":"auto","background-attachment":"scroll","background-type":"","background-media":"","overlay-type":"","overlay-color":"","overlay-opacity":"","overlay-gradient":""}}},"product_brand":[],"product_cat":[82],"product_tag":[],"class_list":{"0":"post-8631","1":"product","2":"type-product","3":"status-publish","4":"has-post-thumbnail","6":"product_cat-producto-antioxidante","7":"desktop-align-center","8":"tablet-align-left","9":"mobile-align-left","11":"first","12":"instock","13":"shipping-taxable","14":"product-type-simple"},"yoast_head":"<!-- This site is optimized with the Yoast SEO plugin v26.5 - https:\/\/yoast.com\/wordpress\/plugins\/seo\/ -->\n<title>Proveedor de \u00c1cido Rosmar\u00ednico, Comprar \u00c1cido Rosmar\u00ednico en Polvo | Niranbio Chemical<\/title>\n<meta name=\"description\" content=\"Nuestro \u00e1cido rosmar\u00ednico se presenta como un polvo de color amarillo claro a marr\u00f3n y se utiliza ampliamente en las industrias de alimentos, bebidas y biofarmac\u00e9utica.\" \/>\n<meta name=\"robots\" content=\"noindex, follow, max-snippet:-1, max-image-preview:large, max-video-preview:-1\" \/>\n<meta name=\"twitter:label1\" content=\"Tiempo de lectura\" \/>\n\t<meta name=\"twitter:data1\" content=\"3 minutos\" \/>\n<script type=\"application\/ld+json\" class=\"yoast-schema-graph\">{\"@context\":\"https:\/\/schema.org\",\"@graph\":[{\"@type\":\"WebPage\",\"@id\":\"https:\/\/theo.niranbio.com\/es\/acido-rosmarinico.html\",\"url\":\"https:\/\/theo.niranbio.com\/es\/acido-rosmarinico.html\",\"name\":\"Proveedor de \u00c1cido Rosmar\u00ednico, Comprar \u00c1cido Rosmar\u00ednico en Polvo | Niranbio Chemical\",\"isPartOf\":{\"@id\":\"https:\/\/theo.niranbio.com\/es\/#website\"},\"primaryImageOfPage\":{\"@id\":\"https:\/\/theo.niranbio.com\/es\/acido-rosmarinico.html#primaryimage\"},\"image\":{\"@id\":\"https:\/\/theo.niranbio.com\/es\/acido-rosmarinico.html#primaryimage\"},\"thumbnailUrl\":\"https:\/\/theo.niranbio.com\/wp-content\/uploads\/2024\/06\/Water-Soluble-Rosemary-Extract.webp\",\"datePublished\":\"2024-06-20T03:00:32+00:00\",\"dateModified\":\"2024-08-15T06:13:23+00:00\",\"description\":\"Nuestro \u00e1cido rosmar\u00ednico se presenta como un polvo de color amarillo claro a marr\u00f3n y se utiliza ampliamente en las industrias de alimentos, bebidas y biofarmac\u00e9utica.\",\"breadcrumb\":{\"@id\":\"https:\/\/theo.niranbio.com\/es\/acido-rosmarinico.html#breadcrumb\"},\"inLanguage\":\"es\",\"potentialAction\":[{\"@type\":\"ReadAction\",\"target\":[\"https:\/\/theo.niranbio.com\/es\/acido-rosmarinico.html\"]}]},{\"@type\":\"ImageObject\",\"inLanguage\":\"es\",\"@id\":\"https:\/\/theo.niranbio.com\/es\/acido-rosmarinico.html#primaryimage\",\"url\":\"https:\/\/theo.niranbio.com\/wp-content\/uploads\/2024\/06\/Water-Soluble-Rosemary-Extract.webp\",\"contentUrl\":\"https:\/\/theo.niranbio.com\/wp-content\/uploads\/2024\/06\/Water-Soluble-Rosemary-Extract.webp\",\"width\":600,\"height\":600},{\"@type\":\"BreadcrumbList\",\"@id\":\"https:\/\/theo.niranbio.com\/es\/acido-rosmarinico.html#breadcrumb\",\"itemListElement\":[{\"@type\":\"ListItem\",\"position\":1,\"name\":\"Home\",\"item\":\"https:\/\/theo.niranbio.com\/es\/\"},{\"@type\":\"ListItem\",\"position\":2,\"name\":\"Productos\",\"item\":\"https:\/\/theo.niranbio.com\/es\/productos.html\"},{\"@type\":\"ListItem\",\"position\":3,\"name\":\"Antioxidante\",\"item\":\"https:\/\/theo.niranbio.com\/es\/producto-antioxidante\/\"},{\"@type\":\"ListItem\",\"position\":4,\"name\":\"\u00c1cido rosmar\u00ednico\"}]},{\"@type\":\"WebSite\",\"@id\":\"https:\/\/theo.niranbio.com\/es\/#website\",\"url\":\"https:\/\/theo.niranbio.com\/es\/\",\"name\":\"Niranbio Chemical\",\"description\":\"\",\"publisher\":{\"@id\":\"https:\/\/theo.niranbio.com\/es\/#organization\"},\"potentialAction\":[{\"@type\":\"SearchAction\",\"target\":{\"@type\":\"EntryPoint\",\"urlTemplate\":\"https:\/\/theo.niranbio.com\/es\/?s={search_term_string}\"},\"query-input\":{\"@type\":\"PropertyValueSpecification\",\"valueRequired\":true,\"valueName\":\"search_term_string\"}}],\"inLanguage\":\"es\"},{\"@type\":\"Organization\",\"@id\":\"https:\/\/theo.niranbio.com\/es\/#organization\",\"name\":\"Niranbio Chemical\",\"url\":\"https:\/\/theo.niranbio.com\/es\/\",\"logo\":{\"@type\":\"ImageObject\",\"inLanguage\":\"es\",\"@id\":\"https:\/\/theo.niranbio.com\/es\/#\/schema\/logo\/image\/\",\"url\":\"https:\/\/theo.niranbio.com\/wp-content\/uploads\/2024\/06\/Niranbio.png\",\"contentUrl\":\"https:\/\/theo.niranbio.com\/wp-content\/uploads\/2024\/06\/Niranbio.png\",\"width\":270,\"height\":100,\"caption\":\"Niranbio Chemical\"},\"image\":{\"@id\":\"https:\/\/theo.niranbio.com\/es\/#\/schema\/logo\/image\/\"}}]}<\/script>\n<!-- \/ Yoast SEO plugin. -->","yoast_head_json":{"title":"Proveedor de \u00c1cido Rosmar\u00ednico, Comprar \u00c1cido Rosmar\u00ednico en Polvo | Niranbio Chemical","description":"Nuestro \u00e1cido rosmar\u00ednico se presenta como un polvo de color amarillo claro a marr\u00f3n y se utiliza ampliamente en las industrias de alimentos, bebidas y biofarmac\u00e9utica.","robots":{"index":"noindex","follow":"follow","max-snippet":"max-snippet:-1","max-image-preview":"max-image-preview:large","max-video-preview":"max-video-preview:-1"},"twitter_misc":{"Tiempo de lectura":"3 minutos"},"schema":{"@context":"https:\/\/schema.org","@graph":[{"@type":"WebPage","@id":"https:\/\/theo.niranbio.com\/es\/acido-rosmarinico.html","url":"https:\/\/theo.niranbio.com\/es\/acido-rosmarinico.html","name":"Proveedor de \u00c1cido Rosmar\u00ednico, Comprar \u00c1cido Rosmar\u00ednico en Polvo | Niranbio Chemical","isPartOf":{"@id":"https:\/\/theo.niranbio.com\/es\/#website"},"primaryImageOfPage":{"@id":"https:\/\/theo.niranbio.com\/es\/acido-rosmarinico.html#primaryimage"},"image":{"@id":"https:\/\/theo.niranbio.com\/es\/acido-rosmarinico.html#primaryimage"},"thumbnailUrl":"https:\/\/theo.niranbio.com\/wp-content\/uploads\/2024\/06\/Water-Soluble-Rosemary-Extract.webp","datePublished":"2024-06-20T03:00:32+00:00","dateModified":"2024-08-15T06:13:23+00:00","description":"Nuestro \u00e1cido rosmar\u00ednico se presenta como un polvo de color amarillo claro a marr\u00f3n y se utiliza ampliamente en las industrias de alimentos, bebidas y biofarmac\u00e9utica.","breadcrumb":{"@id":"https:\/\/theo.niranbio.com\/es\/acido-rosmarinico.html#breadcrumb"},"inLanguage":"es","potentialAction":[{"@type":"ReadAction","target":["https:\/\/theo.niranbio.com\/es\/acido-rosmarinico.html"]}]},{"@type":"ImageObject","inLanguage":"es","@id":"https:\/\/theo.niranbio.com\/es\/acido-rosmarinico.html#primaryimage","url":"https:\/\/theo.niranbio.com\/wp-content\/uploads\/2024\/06\/Water-Soluble-Rosemary-Extract.webp","contentUrl":"https:\/\/theo.niranbio.com\/wp-content\/uploads\/2024\/06\/Water-Soluble-Rosemary-Extract.webp","width":600,"height":600},{"@type":"BreadcrumbList","@id":"https:\/\/theo.niranbio.com\/es\/acido-rosmarinico.html#breadcrumb","itemListElement":[{"@type":"ListItem","position":1,"name":"Home","item":"https:\/\/theo.niranbio.com\/es\/"},{"@type":"ListItem","position":2,"name":"Productos","item":"https:\/\/theo.niranbio.com\/es\/productos.html"},{"@type":"ListItem","position":3,"name":"Antioxidante","item":"https:\/\/theo.niranbio.com\/es\/producto-antioxidante\/"},{"@type":"ListItem","position":4,"name":"\u00c1cido rosmar\u00ednico"}]},{"@type":"WebSite","@id":"https:\/\/theo.niranbio.com\/es\/#website","url":"https:\/\/theo.niranbio.com\/es\/","name":"Niranbio Chemical","description":"","publisher":{"@id":"https:\/\/theo.niranbio.com\/es\/#organization"},"potentialAction":[{"@type":"SearchAction","target":{"@type":"EntryPoint","urlTemplate":"https:\/\/theo.niranbio.com\/es\/?s={search_term_string}"},"query-input":{"@type":"PropertyValueSpecification","valueRequired":true,"valueName":"search_term_string"}}],"inLanguage":"es"},{"@type":"Organization","@id":"https:\/\/theo.niranbio.com\/es\/#organization","name":"Niranbio Chemical","url":"https:\/\/theo.niranbio.com\/es\/","logo":{"@type":"ImageObject","inLanguage":"es","@id":"https:\/\/theo.niranbio.com\/es\/#\/schema\/logo\/image\/","url":"https:\/\/theo.niranbio.com\/wp-content\/uploads\/2024\/06\/Niranbio.png","contentUrl":"https:\/\/theo.niranbio.com\/wp-content\/uploads\/2024\/06\/Niranbio.png","width":270,"height":100,"caption":"Niranbio Chemical"},"image":{"@id":"https:\/\/theo.niranbio.com\/es\/#\/schema\/logo\/image\/"}}]}},"_links":{"self":[{"href":"https:\/\/theo.niranbio.com\/es\/wp-json\/wp\/v2\/product\/8631","targetHints":{"allow":["GET"]}}],"collection":[{"href":"https:\/\/theo.niranbio.com\/es\/wp-json\/wp\/v2\/product"}],"about":[{"href":"https:\/\/theo.niranbio.com\/es\/wp-json\/wp\/v2\/types\/product"}],"version-history":[{"count":0,"href":"https:\/\/theo.niranbio.com\/es\/wp-json\/wp\/v2\/product\/8631\/revisions"}],"wp:featuredmedia":[{"embeddable":true,"href":"https:\/\/theo.niranbio.com\/es\/wp-json\/wp\/v2\/media\/5866"}],"wp:attachment":[{"href":"https:\/\/theo.niranbio.com\/es\/wp-json\/wp\/v2\/media?parent=8631"}],"wp:term":[{"taxonomy":"product_brand","embeddable":true,"href":"https:\/\/theo.niranbio.com\/es\/wp-json\/wp\/v2\/product_brand?post=8631"},{"taxonomy":"product_cat","embeddable":true,"href":"https:\/\/theo.niranbio.com\/es\/wp-json\/wp\/v2\/product_cat?post=8631"},{"taxonomy":"product_tag","embeddable":true,"href":"https:\/\/theo.niranbio.com\/es\/wp-json\/wp\/v2\/product_tag?post=8631"}],"curies":[{"name":"wp","href":"https:\/\/api.w.org\/{rel}","templated":true}]}}