{"id":8628,"date":"2024-06-20T11:02:34","date_gmt":"2024-06-20T03:02:34","guid":{"rendered":"https:\/\/theo.niranbio.com\/extracto-de-romero-en-polvo\/"},"modified":"2024-08-15T14:12:22","modified_gmt":"2024-08-15T06:12:22","slug":"extracto-de-romero-en-polvo","status":"publish","type":"product","link":"https:\/\/theo.niranbio.com\/es\/extracto-de-romero-en-polvo.html","title":{"rendered":"Extracto de romero en polvo"},"content":{"rendered":"<h2><span class=\"ez-toc-section\" id=\"%C2%BFQue_es_el_extracto_de_romero_en_polvo\"><\/span>\u00bfQu\u00e9 es el extracto de romero en polvo?<span class=\"ez-toc-section-end\"><\/span><\/h2>\n<p>Un antioxidante natural que se extrae de las plantas de romero se llama extracto de romero en polvo. Tiene un aspecto de polvo de color marr\u00f3n amarillento y es resistente a altas temperaturas. Se usa ampliamente en salsas condimentadas, alimentos y piensos para mascotas, y tiene efectos antioxidantes y antienvejecimiento.<\/p>\n<p>Existen varios procesos principales de preparaci\u00f3n para el polvo de extracto de romero en China:<\/p>\n<p>1. Al hervir el romero en agua, se extraen los ingredientes activos utilizando la solubilidad del agua, y el extracto filtrado se concentra mediante evaporaci\u00f3n a presi\u00f3n reducida o liofilizaci\u00f3n para obtener polvo de extracto de romero. Este proceso de preparaci\u00f3n tiene una baja eficiencia de extracci\u00f3n y muchas impurezas.<\/p>\n<p>2. Ponga las hojas de romero en etanol, d\u00e9jelas en remojo a temperatura ambiente o a una temperatura ligeramente superior durante un per\u00edodo de tiempo, filtre la mezcla remojada, elimine las impurezas s\u00f3lidas y luego recupere el etanol por destilaci\u00f3n para obtener un extracto concentrado. Finalmente, la mezcla concentrada se seca para producir extracto de romero en polvo. Este proceso de preparaci\u00f3n puede extraer eficazmente la actividad del romero, tiene un bajo costo, es adecuado para la producci\u00f3n industrial a gran escala, tiene poca contaminaci\u00f3n ambiental y se usa ampliamente.<\/p>\n<h2><span class=\"ez-toc-section\" id=\"Parametros_relacionados\"><\/span>Par\u00e1metros relacionados:<span class=\"ez-toc-section-end\"><\/span><\/h2>\n<table>\n<tbody>\n<tr>\n<td><strong>Pieza utilizada<\/strong><\/td>\n<td><strong>Hoja<\/strong><\/td>\n<\/tr>\n<tr>\n<td>Aspecto<\/td>\n<td>Polvo fino<\/td>\n<\/tr>\n<tr>\n<td>Contenido de ceniza<\/td>\n<td>\u22645%<\/td>\n<\/tr>\n<tr>\n<td>Disolvente del extracto<\/td>\n<td>Etanol y agua<\/td>\n<\/tr>\n<tr>\n<td>M\u00e9todo de secado<\/td>\n<td>Te\u00f1ido por pulverizaci\u00f3n<\/td>\n<\/tr>\n<tr>\n<td>Tama\u00f1o de las part\u00edculas<\/td>\n<td>100%Malla 80<\/td>\n<\/tr>\n<tr>\n<td>P\u00e9rdida por secado<\/td>\n<td>\u22645.0%<\/td>\n<\/tr>\n<tr>\n<td>Densidad aparente<\/td>\n<td>40-60 g\/100 ml<\/td>\n<\/tr>\n<tr>\n<td>Ars\u00e9nico<\/td>\n<td>\u22642ppm<\/td>\n<\/tr>\n<tr>\n<td>Plomo<\/td>\n<td>\u22642ppm<\/td>\n<\/tr>\n<tr>\n<td>Recuento total de placas<\/td>\n<td>\u22641000 ufc\/g<\/td>\n<\/tr>\n<tr>\n<td>Levaduras y mohos totales<\/td>\n<td>\u2264100 ufc\/g<\/td>\n<\/tr>\n<\/tbody>\n<\/table>\n<h2><span class=\"ez-toc-section\" id=\"Dosis_recomendada\"><\/span>Dosis recomendada:<span class=\"ez-toc-section-end\"><\/span><\/h2>\n<table>\n<tbody>\n<tr>\n<td><strong>Nombre del alimento<\/strong><\/td>\n<td><strong>Uso m\u00e1ximo (g\/kg)<\/strong><\/td>\n<\/tr>\n<tr>\n<td>Productos c\u00e1rnicos<\/td>\n<td>0,1-0,3 g\/kg<\/td>\n<\/tr>\n<tr>\n<td>Productos pesqueros<\/td>\n<td>0,2-0,5 g\/kg<\/td>\n<\/tr>\n<tr>\n<td>Productos av\u00edcolas<\/td>\n<td>0,2-0,4 g\/kg<\/td>\n<\/tr>\n<tr>\n<td>Salsas<\/td>\n<td>0,05-0,2 g\/kg<\/td>\n<\/tr>\n<tr>\n<td>Productos de panader\u00eda<\/td>\n<td>0,1-0,3 g\/kg<\/td>\n<\/tr>\n<tr>\n<td>Grasas y aceites<\/td>\n<td>0,1-0,5 g\/kg<\/td>\n<\/tr>\n<tr>\n<td>Productos l\u00e1cteos<\/td>\n<td>0,05-0,2 g\/kg<\/td>\n<\/tr>\n<tr>\n<td>Alimentos enlatados<\/td>\n<td>0,2-0,4 g\/kg<\/td>\n<\/tr>\n<tr>\n<td>Alimentos congelados<\/td>\n<td>0,1-0,3 g\/kg<\/td>\n<\/tr>\n<tr>\n<td>Ovoproductos<\/td>\n<td>0,05-0,2 g\/kg<\/td>\n<\/tr>\n<tr>\n<td>Aceites vegetales y grasas animales<\/td>\n<td>0,2-0,5 g\/kg<\/td>\n<\/tr>\n<tr>\n<td>Embutidos<\/td>\n<td>0,2-0,4 g\/kg<\/td>\n<\/tr>\n<\/tbody>\n<\/table>\n<h2><span class=\"ez-toc-section\" id=\"El_extracto_de_romero_en_polvo_tiene_una_amplia_gama_de_usos\"><\/span>El extracto de romero en polvo tiene una amplia gama de usos<span class=\"ez-toc-section-end\"><\/span><\/h2>\n<p>1. El polvo de extracto de romero contiene ricos ingredientes antioxidantes, como \u00e1cido rosmar\u00ednico, \u00e1cido urs\u00f3lico y \u00e1cido carn\u00f3sico, que pueden inhibir eficazmente la producci\u00f3n de radicales libres, retrasar el proceso de oxidaci\u00f3n de grasas y aceites y extender la vida \u00fatil de los alimentos.<\/p>\n<p>2. El polvo de extracto de romero tiene importantes propiedades antibacterianas, puede inhibir el crecimiento de una variedad de bacterias y hongos, y se utiliza para conservar los alimentos y prolongar la vida \u00fatil.<\/p>\n<p>3. Los ingredientes activos del polvo de extracto de romero tienen potencial antiinflamatorio y anticancer\u00edgeno, y se pueden utilizar para desarrollar alimentos saludables y alimentos funcionales.<\/p>\n<p>4. El polvo de extracto de romero puede realzar el sabor natural de los alimentos y reducir el uso de aditivos artificiales.<\/p>\n<h2><span class=\"ez-toc-section\" id=\"Pregunta_formulada_por_un_usuario\"><\/span>Pregunta formulada por un usuario:<span class=\"ez-toc-section-end\"><\/span><\/h2>\n<p>Pregunta: \u00bfEs cierto que el polvo de extracto de romero puede promover el crecimiento del cabello?<\/p>\n<p>Respuesta: Se cree que el extracto de romero en polvo puede ayudar a estimular el crecimiento del cabello de alguna manera. Seg\u00fan algunas investigaciones, el extracto de romero puede estimular el crecimiento del cabello al mejorar el flujo sangu\u00edneo del cuero cabelludo y reducir la inflamaci\u00f3n. Los ingredientes activos del romero, como el \u00e1cido rosmar\u00ednico, pueden ayudar a frenar el proceso de ca\u00edda del cabello y estimular los fol\u00edculos pilosos. Sin embargo, aunque estos efectos se han verificado en algunos estudios, se necesitan m\u00e1s ensayos cl\u00ednicos a gran escala para confirmar a\u00fan m\u00e1s su eficacia y seguridad.<\/p>\n","protected":false},"excerpt":{"rendered":"<ul>\n<li>CAS: 3650-09-7<\/li>\n<li>F\u00f3rmula qu\u00edmica: C<sub>20<\/sub>H<sub>28<\/sub>O<sub>4<\/sub><\/li>\n<li>Certificaci\u00f3n: KOSHER, ISO, HALAL, FSSC22000, BRC, etc.<\/li>\n<li>Cantidad m\u00ednima de pedido: 1000KG<\/li>\n<li>Caducidad: 2 a\u00f1os<\/li>\n<\/ul>\n","protected":false},"featured_media":5820,"template":"","meta":{"site-sidebar-layout":"default","site-content-layout":"","ast-site-content-layout":"default","site-content-style":"default","site-sidebar-style":"default","ast-global-header-display":"","ast-banner-title-visibility":"","ast-main-header-display":"","ast-hfb-above-header-display":"","ast-hfb-below-header-display":"","ast-hfb-mobile-header-display":"","site-post-title":"","ast-breadcrumbs-content":"","ast-featured-img":"","footer-sml-layout":"","theme-transparent-header-meta":"default","adv-header-id-meta":"","stick-header-meta":"","header-above-stick-meta":"","header-main-stick-meta":"","header-below-stick-meta":"","astra-migrate-meta-layouts":"set","ast-page-background-enabled":"default","ast-page-background-meta":{"desktop":{"background-color":"var(--ast-global-color-4)","background-image":"","background-repeat":"repeat","background-position":"center center","background-size":"auto","background-attachment":"scroll","background-type":"","background-media":"","overlay-type":"","overlay-color":"","overlay-opacity":"","overlay-gradient":""},"tablet":{"background-color":"","background-image":"","background-repeat":"repeat","background-position":"center center","background-size":"auto","background-attachment":"scroll","background-type":"","background-media":"","overlay-type":"","overlay-color":"","overlay-opacity":"","overlay-gradient":""},"mobile":{"background-color":"","background-image":"","background-repeat":"repeat","background-position":"center center","background-size":"auto","background-attachment":"scroll","background-type":"","background-media":"","overlay-type":"","overlay-color":"","overlay-opacity":"","overlay-gradient":""}},"ast-content-background-meta":{"desktop":{"background-color":"var(--ast-global-color-5)","background-image":"","background-repeat":"repeat","background-position":"center center","background-size":"auto","background-attachment":"scroll","background-type":"","background-media":"","overlay-type":"","overlay-color":"","overlay-opacity":"","overlay-gradient":""},"tablet":{"background-color":"var(--ast-global-color-5)","background-image":"","background-repeat":"repeat","background-position":"center center","background-size":"auto","background-attachment":"scroll","background-type":"","background-media":"","overlay-type":"","overlay-color":"","overlay-opacity":"","overlay-gradient":""},"mobile":{"background-color":"var(--ast-global-color-5)","background-image":"","background-repeat":"repeat","background-position":"center center","background-size":"auto","background-attachment":"scroll","background-type":"","background-media":"","overlay-type":"","overlay-color":"","overlay-opacity":"","overlay-gradient":""}}},"product_brand":[],"product_cat":[82],"product_tag":[],"class_list":{"0":"post-8628","1":"product","2":"type-product","3":"status-publish","4":"has-post-thumbnail","6":"product_cat-producto-antioxidante","7":"desktop-align-center","8":"tablet-align-left","9":"mobile-align-left","11":"first","12":"instock","13":"shipping-taxable","14":"product-type-simple"},"yoast_head":"<!-- This site is optimized with the Yoast SEO plugin v26.5 - https:\/\/yoast.com\/wordpress\/plugins\/seo\/ -->\n<title>Extracto de Romero Aditivo, Extracto Romero en Polvo E392 | Niranbio Chemical<\/title>\n<meta name=\"description\" content=\"Nuestro polvo de extracto de romero tiene un aspecto de polvo de color marr\u00f3n amarillento y se usa ampliamente en salsas condimentadas, alimentos para mascotas y piensos.\" \/>\n<meta name=\"robots\" content=\"noindex, follow, max-snippet:-1, max-image-preview:large, max-video-preview:-1\" \/>\n<meta name=\"twitter:label1\" content=\"Tiempo de lectura\" \/>\n\t<meta name=\"twitter:data1\" content=\"3 minutos\" \/>\n<script type=\"application\/ld+json\" class=\"yoast-schema-graph\">{\"@context\":\"https:\/\/schema.org\",\"@graph\":[{\"@type\":\"WebPage\",\"@id\":\"https:\/\/theo.niranbio.com\/es\/extracto-de-romero-en-polvo.html\",\"url\":\"https:\/\/theo.niranbio.com\/es\/extracto-de-romero-en-polvo.html\",\"name\":\"Extracto de Romero Aditivo, Extracto Romero en Polvo E392 | Niranbio Chemical\",\"isPartOf\":{\"@id\":\"https:\/\/theo.niranbio.com\/es\/#website\"},\"primaryImageOfPage\":{\"@id\":\"https:\/\/theo.niranbio.com\/es\/extracto-de-romero-en-polvo.html#primaryimage\"},\"image\":{\"@id\":\"https:\/\/theo.niranbio.com\/es\/extracto-de-romero-en-polvo.html#primaryimage\"},\"thumbnailUrl\":\"https:\/\/theo.niranbio.com\/wp-content\/uploads\/2024\/06\/Rosemary-Extract-Powder.webp\",\"datePublished\":\"2024-06-20T03:02:34+00:00\",\"dateModified\":\"2024-08-15T06:12:22+00:00\",\"description\":\"Nuestro polvo de extracto de romero tiene un aspecto de polvo de color marr\u00f3n amarillento y se usa ampliamente en salsas condimentadas, alimentos para mascotas y piensos.\",\"breadcrumb\":{\"@id\":\"https:\/\/theo.niranbio.com\/es\/extracto-de-romero-en-polvo.html#breadcrumb\"},\"inLanguage\":\"es\",\"potentialAction\":[{\"@type\":\"ReadAction\",\"target\":[\"https:\/\/theo.niranbio.com\/es\/extracto-de-romero-en-polvo.html\"]}]},{\"@type\":\"ImageObject\",\"inLanguage\":\"es\",\"@id\":\"https:\/\/theo.niranbio.com\/es\/extracto-de-romero-en-polvo.html#primaryimage\",\"url\":\"https:\/\/theo.niranbio.com\/wp-content\/uploads\/2024\/06\/Rosemary-Extract-Powder.webp\",\"contentUrl\":\"https:\/\/theo.niranbio.com\/wp-content\/uploads\/2024\/06\/Rosemary-Extract-Powder.webp\",\"width\":600,\"height\":600,\"caption\":\"Extracto de romero en polvo\"},{\"@type\":\"BreadcrumbList\",\"@id\":\"https:\/\/theo.niranbio.com\/es\/extracto-de-romero-en-polvo.html#breadcrumb\",\"itemListElement\":[{\"@type\":\"ListItem\",\"position\":1,\"name\":\"Home\",\"item\":\"https:\/\/theo.niranbio.com\/es\/\"},{\"@type\":\"ListItem\",\"position\":2,\"name\":\"Productos\",\"item\":\"https:\/\/theo.niranbio.com\/es\/productos.html\"},{\"@type\":\"ListItem\",\"position\":3,\"name\":\"Antioxidante\",\"item\":\"https:\/\/theo.niranbio.com\/es\/producto-antioxidante\/\"},{\"@type\":\"ListItem\",\"position\":4,\"name\":\"Extracto de romero en polvo\"}]},{\"@type\":\"WebSite\",\"@id\":\"https:\/\/theo.niranbio.com\/es\/#website\",\"url\":\"https:\/\/theo.niranbio.com\/es\/\",\"name\":\"Niranbio Chemical\",\"description\":\"\",\"publisher\":{\"@id\":\"https:\/\/theo.niranbio.com\/es\/#organization\"},\"potentialAction\":[{\"@type\":\"SearchAction\",\"target\":{\"@type\":\"EntryPoint\",\"urlTemplate\":\"https:\/\/theo.niranbio.com\/es\/?s={search_term_string}\"},\"query-input\":{\"@type\":\"PropertyValueSpecification\",\"valueRequired\":true,\"valueName\":\"search_term_string\"}}],\"inLanguage\":\"es\"},{\"@type\":\"Organization\",\"@id\":\"https:\/\/theo.niranbio.com\/es\/#organization\",\"name\":\"Niranbio Chemical\",\"url\":\"https:\/\/theo.niranbio.com\/es\/\",\"logo\":{\"@type\":\"ImageObject\",\"inLanguage\":\"es\",\"@id\":\"https:\/\/theo.niranbio.com\/es\/#\/schema\/logo\/image\/\",\"url\":\"https:\/\/theo.niranbio.com\/wp-content\/uploads\/2024\/06\/Niranbio.png\",\"contentUrl\":\"https:\/\/theo.niranbio.com\/wp-content\/uploads\/2024\/06\/Niranbio.png\",\"width\":270,\"height\":100,\"caption\":\"Niranbio Chemical\"},\"image\":{\"@id\":\"https:\/\/theo.niranbio.com\/es\/#\/schema\/logo\/image\/\"}}]}<\/script>\n<!-- \/ Yoast SEO plugin. -->","yoast_head_json":{"title":"Extracto de Romero Aditivo, Extracto Romero en Polvo E392 | Niranbio Chemical","description":"Nuestro polvo de extracto de romero tiene un aspecto de polvo de color marr\u00f3n amarillento y se usa ampliamente en salsas condimentadas, alimentos para mascotas y piensos.","robots":{"index":"noindex","follow":"follow","max-snippet":"max-snippet:-1","max-image-preview":"max-image-preview:large","max-video-preview":"max-video-preview:-1"},"twitter_misc":{"Tiempo de lectura":"3 minutos"},"schema":{"@context":"https:\/\/schema.org","@graph":[{"@type":"WebPage","@id":"https:\/\/theo.niranbio.com\/es\/extracto-de-romero-en-polvo.html","url":"https:\/\/theo.niranbio.com\/es\/extracto-de-romero-en-polvo.html","name":"Extracto de Romero Aditivo, Extracto Romero en Polvo E392 | Niranbio Chemical","isPartOf":{"@id":"https:\/\/theo.niranbio.com\/es\/#website"},"primaryImageOfPage":{"@id":"https:\/\/theo.niranbio.com\/es\/extracto-de-romero-en-polvo.html#primaryimage"},"image":{"@id":"https:\/\/theo.niranbio.com\/es\/extracto-de-romero-en-polvo.html#primaryimage"},"thumbnailUrl":"https:\/\/theo.niranbio.com\/wp-content\/uploads\/2024\/06\/Rosemary-Extract-Powder.webp","datePublished":"2024-06-20T03:02:34+00:00","dateModified":"2024-08-15T06:12:22+00:00","description":"Nuestro polvo de extracto de romero tiene un aspecto de polvo de color marr\u00f3n amarillento y se usa ampliamente en salsas condimentadas, alimentos para mascotas y piensos.","breadcrumb":{"@id":"https:\/\/theo.niranbio.com\/es\/extracto-de-romero-en-polvo.html#breadcrumb"},"inLanguage":"es","potentialAction":[{"@type":"ReadAction","target":["https:\/\/theo.niranbio.com\/es\/extracto-de-romero-en-polvo.html"]}]},{"@type":"ImageObject","inLanguage":"es","@id":"https:\/\/theo.niranbio.com\/es\/extracto-de-romero-en-polvo.html#primaryimage","url":"https:\/\/theo.niranbio.com\/wp-content\/uploads\/2024\/06\/Rosemary-Extract-Powder.webp","contentUrl":"https:\/\/theo.niranbio.com\/wp-content\/uploads\/2024\/06\/Rosemary-Extract-Powder.webp","width":600,"height":600,"caption":"Extracto de romero en polvo"},{"@type":"BreadcrumbList","@id":"https:\/\/theo.niranbio.com\/es\/extracto-de-romero-en-polvo.html#breadcrumb","itemListElement":[{"@type":"ListItem","position":1,"name":"Home","item":"https:\/\/theo.niranbio.com\/es\/"},{"@type":"ListItem","position":2,"name":"Productos","item":"https:\/\/theo.niranbio.com\/es\/productos.html"},{"@type":"ListItem","position":3,"name":"Antioxidante","item":"https:\/\/theo.niranbio.com\/es\/producto-antioxidante\/"},{"@type":"ListItem","position":4,"name":"Extracto de romero en polvo"}]},{"@type":"WebSite","@id":"https:\/\/theo.niranbio.com\/es\/#website","url":"https:\/\/theo.niranbio.com\/es\/","name":"Niranbio Chemical","description":"","publisher":{"@id":"https:\/\/theo.niranbio.com\/es\/#organization"},"potentialAction":[{"@type":"SearchAction","target":{"@type":"EntryPoint","urlTemplate":"https:\/\/theo.niranbio.com\/es\/?s={search_term_string}"},"query-input":{"@type":"PropertyValueSpecification","valueRequired":true,"valueName":"search_term_string"}}],"inLanguage":"es"},{"@type":"Organization","@id":"https:\/\/theo.niranbio.com\/es\/#organization","name":"Niranbio Chemical","url":"https:\/\/theo.niranbio.com\/es\/","logo":{"@type":"ImageObject","inLanguage":"es","@id":"https:\/\/theo.niranbio.com\/es\/#\/schema\/logo\/image\/","url":"https:\/\/theo.niranbio.com\/wp-content\/uploads\/2024\/06\/Niranbio.png","contentUrl":"https:\/\/theo.niranbio.com\/wp-content\/uploads\/2024\/06\/Niranbio.png","width":270,"height":100,"caption":"Niranbio Chemical"},"image":{"@id":"https:\/\/theo.niranbio.com\/es\/#\/schema\/logo\/image\/"}}]}},"_links":{"self":[{"href":"https:\/\/theo.niranbio.com\/es\/wp-json\/wp\/v2\/product\/8628","targetHints":{"allow":["GET"]}}],"collection":[{"href":"https:\/\/theo.niranbio.com\/es\/wp-json\/wp\/v2\/product"}],"about":[{"href":"https:\/\/theo.niranbio.com\/es\/wp-json\/wp\/v2\/types\/product"}],"version-history":[{"count":0,"href":"https:\/\/theo.niranbio.com\/es\/wp-json\/wp\/v2\/product\/8628\/revisions"}],"wp:featuredmedia":[{"embeddable":true,"href":"https:\/\/theo.niranbio.com\/es\/wp-json\/wp\/v2\/media\/5820"}],"wp:attachment":[{"href":"https:\/\/theo.niranbio.com\/es\/wp-json\/wp\/v2\/media?parent=8628"}],"wp:term":[{"taxonomy":"product_brand","embeddable":true,"href":"https:\/\/theo.niranbio.com\/es\/wp-json\/wp\/v2\/product_brand?post=8628"},{"taxonomy":"product_cat","embeddable":true,"href":"https:\/\/theo.niranbio.com\/es\/wp-json\/wp\/v2\/product_cat?post=8628"},{"taxonomy":"product_tag","embeddable":true,"href":"https:\/\/theo.niranbio.com\/es\/wp-json\/wp\/v2\/product_tag?post=8628"}],"curies":[{"name":"wp","href":"https:\/\/api.w.org\/{rel}","templated":true}]}}