{"id":8624,"date":"2024-06-20T11:13:35","date_gmt":"2024-06-20T03:13:35","guid":{"rendered":"https:\/\/theo.niranbio.com\/ascorbato-sodico\/"},"modified":"2024-08-15T14:10:03","modified_gmt":"2024-08-15T06:10:03","slug":"ascorbato-sodico","status":"publish","type":"product","link":"https:\/\/theo.niranbio.com\/es\/ascorbato-sodico.html","title":{"rendered":"Ascorbato s\u00f3dico"},"content":{"rendered":"<h2><span class=\"ez-toc-section\" id=\"%C2%BFQue_es_el_ascorbato_sodico\"><\/span>\u00bfQu\u00e9 es el ascorbato s\u00f3dico?<span class=\"ez-toc-section-end\"><\/span><\/h2>\n<p>El ascorbato de sodio, que es cristalino y puede ser blanco o ligeramente amarillo, var\u00eda de color. Es un material org\u00e1nico, inodoro y relativamente estable en estado seco. Puede utilizarse como potenciador de nutrientes alimentarios en la industria alimentaria, como colorante y antioxidante. Desempe\u00f1a la misma funci\u00f3n que la vitamina C.<\/p>\n<p>Existen dos procesos principales de preparaci\u00f3n del ascorbato de sodio:<\/p>\n<p>1. Utilizando vitamina C (\u00e1cido asc\u00f3rbico) y sal de sodio (como hidr\u00f3xido de sodio) como materias primas. Utilizando extracci\u00f3n por disolventes, cristalizaci\u00f3n y otras t\u00e9cnicas de separaci\u00f3n para eliminar las impurezas y obtener ascorbato de sodio de alta pureza. En China, este proceso de preparaci\u00f3n tiene una alta eficiencia de producci\u00f3n, es adecuado para la producci\u00f3n a gran escala, tiene bajos costos de producci\u00f3n y es relativamente maduro.<\/p>\n<p>2. Utilizando microorganismos espec\u00edficos para convertir las materias primas en ascorbato de sodio durante la fermentaci\u00f3n, pero el costo de producci\u00f3n de este proceso puede ser alto y los requisitos t\u00e9cnicos son complejos.<\/p>\n<h2><span class=\"ez-toc-section\" id=\"Parametros_relacionados\"><\/span>Par\u00e1metros relacionados:<span class=\"ez-toc-section-end\"><\/span><\/h2>\n<table>\n<tbody>\n<tr>\n<td><strong>Art\u00edculos<\/strong><\/td>\n<td><strong>Normas<\/strong><\/td>\n<\/tr>\n<tr>\n<td>Prueba del ascorbato<\/td>\n<td>Pasa<\/td>\n<\/tr>\n<tr>\n<td>Prueba de sodio<\/td>\n<td>Pasa<\/td>\n<\/tr>\n<tr>\n<td>Rotaci\u00f3n \u00f3ptica espec\u00edfica<\/td>\n<td>+103\u00b0-+106\u00b0<\/td>\n<\/tr>\n<tr>\n<td>PH(soluci\u00f3n acuosa al 10%)<\/td>\n<td>7.0-8.0<\/td>\n<\/tr>\n<tr>\n<td>P\u00e9rdida de secado<\/td>\n<td>\u22640.25%<\/td>\n<\/tr>\n<tr>\n<td>Metales pesados<\/td>\n<td>\u226410ppm<\/td>\n<\/tr>\n<tr>\n<td>\u00c1cido ox\u00e1lico<\/td>\n<td>\u22640.3%<\/td>\n<\/tr>\n<tr>\n<td>Ars\u00e9nico<\/td>\n<td>\u22643 mg\/kg<\/td>\n<\/tr>\n<tr>\n<td>Plomo<\/td>\n<td>\u22642 mg\/kg<\/td>\n<\/tr>\n<tr>\n<td>Mercurio<\/td>\n<td>\u22641mg\/kg<\/td>\n<\/tr>\n<tr>\n<td>Ensayo<\/td>\n<td>99.0-101%-101.0%<\/td>\n<\/tr>\n<tr>\n<td>Impurezas org\u00e1nicas vol\u00e1tiles<\/td>\n<td>Pasa<\/td>\n<\/tr>\n<\/tbody>\n<\/table>\n<h2><span class=\"ez-toc-section\" id=\"Dosis_recomendada\"><\/span>Dosis recomendada:<span class=\"ez-toc-section-end\"><\/span><\/h2>\n<table>\n<tbody>\n<tr>\n<td><strong>Nombre del alimento<\/strong><\/td>\n<td><strong>Uso m\u00e1ximo (g\/kg)<\/strong><\/td>\n<\/tr>\n<tr>\n<td>Bebidas de zumo<\/td>\n<td>0,1-0,2 g\/kg<\/td>\n<\/tr>\n<tr>\n<td>Alimentos enlatados<\/td>\n<td>0,1-0,2 g\/kg<\/td>\n<\/tr>\n<tr>\n<td>Condimentos<\/td>\n<td>0,05-0,1 g\/kg<\/td>\n<\/tr>\n<tr>\n<td>Productos c\u00e1rnicos<\/td>\n<td>0,1-0,2 g\/kg<\/td>\n<\/tr>\n<tr>\n<td>Panader\u00eda<\/td>\n<td>0,05-0,1 g\/kg<\/td>\n<\/tr>\n<tr>\n<td>Galletas<\/td>\n<td>0,05-0,1 g\/kg<\/td>\n<\/tr>\n<tr>\n<td>Chocolate<\/td>\n<td>0,05-0,1 g\/kg<\/td>\n<\/tr>\n<tr>\n<td>Caramelo<\/td>\n<td>0,05-0,1 g\/kg<\/td>\n<\/tr>\n<tr>\n<td>Conservas vegetales<\/td>\n<td>0,1-0,2 g\/kg<\/td>\n<\/tr>\n<tr>\n<td>Bebidas fermentadas<\/td>\n<td>0,1-0,2 g\/kg<\/td>\n<\/tr>\n<tr>\n<td>Prote\u00edna en polvo<\/td>\n<td>0,05-0,1 g\/kg<\/td>\n<\/tr>\n<tr>\n<td>Fruta congelada<\/td>\n<td>0,05-0,1 g\/kg<\/td>\n<\/tr>\n<tr>\n<td>Bebidas condimentadas<\/td>\n<td>0,1-0,2 g\/kg<\/td>\n<\/tr>\n<\/tbody>\n<\/table>\n<h2><span class=\"ez-toc-section\" id=\"El_ascorbato_de_sodio_tiene_una_amplia_gama_de_usos\"><\/span>El ascorbato de sodio tiene una amplia gama de usos<span class=\"ez-toc-section-end\"><\/span><\/h2>\n<ol>\n<li>El ascorbato de sodio es un potente antioxidante que puede prolongar la vida \u00fatil de los alimentos al evitar que las grasas y los aceites se oxiden.<\/li>\n<li>Como fuente de vitamina C, puede mejorar el valor nutricional de los alimentos y ayudar a reponer la vitamina C que necesita el cuerpo humano.<\/li>\n<li>Puede inhibir el crecimiento de algunos microorganismos, por lo que desempe\u00f1a una funci\u00f3n conservante.<\/li>\n<li>En algunos alimentos y bebidas, el ascorbato de sodio puede ayudar a estabilizar otros ingredientes y evitar que se echen a perder.<\/li>\n<\/ol>\n<h2><span class=\"ez-toc-section\" id=\"Pregunta_formulada_por_un_usuario\"><\/span>Pregunta formulada por un usuario:<span class=\"ez-toc-section-end\"><\/span><\/h2>\n<p>Pregunta: \u00bfCu\u00e1l es la diferencia entre el ascorbato de sodio y la vitamina C com\u00fan?<\/p>\n<p>Respuesta:<\/p>\n<p>1. El ascorbato de sodio es m\u00e1s estable que la vitamina C com\u00fan, especialmente en un entorno \u00e1cido, y no se oxida ni se degrada f\u00e1cilmente, por lo que puede mantener una vida \u00fatil m\u00e1s larga cuando se usa en alimentos y productos para la salud.<\/p>\n<p>2. El ascorbato de sodio tiene una acidez menor y, en general, es menos irritante para el est\u00f3mago, por lo que es m\u00e1s adecuado para quienes son sensibles a las sustancias \u00e1cidas.<\/p>\n<p>3. El ascorbato de sodio se utiliza a menudo en alimentos y productos sanitarios, y puede sustituir a la vitamina C com\u00fan para mejorar la estabilidad y reducir la irritaci\u00f3n gastrointestinal.<\/p>\n","protected":false},"excerpt":{"rendered":"<ul>\n<li>CAS: 134-03-2<\/li>\n<li>F\u00f3rmula qu\u00edmica: C<sub>6<\/sub>H<sub>7<\/sub>O<sub>6<\/sub>Na<\/li>\n<li>Certificaci\u00f3n: KOSHER, ISO, HALAL, FSSC22000, BRC, etc.<\/li>\n<li>Norma: BP2016\/USP39\/E301<\/li>\n<li>Cantidad m\u00ednima de pedido: 1000KG<\/li>\n<li>Caducidad: 2 a\u00f1os<\/li>\n<\/ul>\n","protected":false},"featured_media":5808,"template":"","meta":{"site-sidebar-layout":"default","site-content-layout":"","ast-site-content-layout":"default","site-content-style":"default","site-sidebar-style":"default","ast-global-header-display":"","ast-banner-title-visibility":"","ast-main-header-display":"","ast-hfb-above-header-display":"","ast-hfb-below-header-display":"","ast-hfb-mobile-header-display":"","site-post-title":"","ast-breadcrumbs-content":"","ast-featured-img":"","footer-sml-layout":"","theme-transparent-header-meta":"default","adv-header-id-meta":"","stick-header-meta":"","header-above-stick-meta":"","header-main-stick-meta":"","header-below-stick-meta":"","astra-migrate-meta-layouts":"set","ast-page-background-enabled":"default","ast-page-background-meta":{"desktop":{"background-color":"var(--ast-global-color-4)","background-image":"","background-repeat":"repeat","background-position":"center center","background-size":"auto","background-attachment":"scroll","background-type":"","background-media":"","overlay-type":"","overlay-color":"","overlay-opacity":"","overlay-gradient":""},"tablet":{"background-color":"","background-image":"","background-repeat":"repeat","background-position":"center center","background-size":"auto","background-attachment":"scroll","background-type":"","background-media":"","overlay-type":"","overlay-color":"","overlay-opacity":"","overlay-gradient":""},"mobile":{"background-color":"","background-image":"","background-repeat":"repeat","background-position":"center center","background-size":"auto","background-attachment":"scroll","background-type":"","background-media":"","overlay-type":"","overlay-color":"","overlay-opacity":"","overlay-gradient":""}},"ast-content-background-meta":{"desktop":{"background-color":"var(--ast-global-color-5)","background-image":"","background-repeat":"repeat","background-position":"center center","background-size":"auto","background-attachment":"scroll","background-type":"","background-media":"","overlay-type":"","overlay-color":"","overlay-opacity":"","overlay-gradient":""},"tablet":{"background-color":"var(--ast-global-color-5)","background-image":"","background-repeat":"repeat","background-position":"center center","background-size":"auto","background-attachment":"scroll","background-type":"","background-media":"","overlay-type":"","overlay-color":"","overlay-opacity":"","overlay-gradient":""},"mobile":{"background-color":"var(--ast-global-color-5)","background-image":"","background-repeat":"repeat","background-position":"center center","background-size":"auto","background-attachment":"scroll","background-type":"","background-media":"","overlay-type":"","overlay-color":"","overlay-opacity":"","overlay-gradient":""}}},"product_brand":[],"product_cat":[82],"product_tag":[],"class_list":{"0":"post-8624","1":"product","2":"type-product","3":"status-publish","4":"has-post-thumbnail","6":"product_cat-producto-antioxidante","7":"desktop-align-center","8":"tablet-align-left","9":"mobile-align-left","11":"first","12":"instock","13":"shipping-taxable","14":"product-type-simple"},"yoast_head":"<!-- This site is optimized with the Yoast SEO plugin v26.5 - https:\/\/yoast.com\/wordpress\/plugins\/seo\/ -->\n<title>Ascorbato S\u00f3dico Aditivo, Polvo de Ascorbato de Sodio E301 | Niranbio Chemical<\/title>\n<meta name=\"description\" content=\"Nuestro polvo de ascorbato de sodio es cristalino y puede ser blanco o ligeramente amarillo. Se puede utilizar como potenciador de nutrientes, colorante y antioxidante de los alimentos.\" \/>\n<meta name=\"robots\" content=\"noindex, follow, max-snippet:-1, max-image-preview:large, max-video-preview:-1\" \/>\n<meta name=\"twitter:label1\" content=\"Tiempo de lectura\" \/>\n\t<meta name=\"twitter:data1\" content=\"3 minutos\" \/>\n<script type=\"application\/ld+json\" class=\"yoast-schema-graph\">{\"@context\":\"https:\/\/schema.org\",\"@graph\":[{\"@type\":\"WebPage\",\"@id\":\"https:\/\/theo.niranbio.com\/es\/ascorbato-sodico.html\",\"url\":\"https:\/\/theo.niranbio.com\/es\/ascorbato-sodico.html\",\"name\":\"Ascorbato S\u00f3dico Aditivo, Polvo de Ascorbato de Sodio E301 | Niranbio Chemical\",\"isPartOf\":{\"@id\":\"https:\/\/theo.niranbio.com\/es\/#website\"},\"primaryImageOfPage\":{\"@id\":\"https:\/\/theo.niranbio.com\/es\/ascorbato-sodico.html#primaryimage\"},\"image\":{\"@id\":\"https:\/\/theo.niranbio.com\/es\/ascorbato-sodico.html#primaryimage\"},\"thumbnailUrl\":\"https:\/\/theo.niranbio.com\/wp-content\/uploads\/2024\/06\/USP-Sodium-Ascorbate.webp\",\"datePublished\":\"2024-06-20T03:13:35+00:00\",\"dateModified\":\"2024-08-15T06:10:03+00:00\",\"description\":\"Nuestro polvo de ascorbato de sodio es cristalino y puede ser blanco o ligeramente amarillo. Se puede utilizar como potenciador de nutrientes, colorante y antioxidante de los alimentos.\",\"breadcrumb\":{\"@id\":\"https:\/\/theo.niranbio.com\/es\/ascorbato-sodico.html#breadcrumb\"},\"inLanguage\":\"es\",\"potentialAction\":[{\"@type\":\"ReadAction\",\"target\":[\"https:\/\/theo.niranbio.com\/es\/ascorbato-sodico.html\"]}]},{\"@type\":\"ImageObject\",\"inLanguage\":\"es\",\"@id\":\"https:\/\/theo.niranbio.com\/es\/ascorbato-sodico.html#primaryimage\",\"url\":\"https:\/\/theo.niranbio.com\/wp-content\/uploads\/2024\/06\/USP-Sodium-Ascorbate.webp\",\"contentUrl\":\"https:\/\/theo.niranbio.com\/wp-content\/uploads\/2024\/06\/USP-Sodium-Ascorbate.webp\",\"width\":600,\"height\":600,\"caption\":\"Ascorbato de sodio USP\"},{\"@type\":\"BreadcrumbList\",\"@id\":\"https:\/\/theo.niranbio.com\/es\/ascorbato-sodico.html#breadcrumb\",\"itemListElement\":[{\"@type\":\"ListItem\",\"position\":1,\"name\":\"Home\",\"item\":\"https:\/\/theo.niranbio.com\/es\/\"},{\"@type\":\"ListItem\",\"position\":2,\"name\":\"Productos\",\"item\":\"https:\/\/theo.niranbio.com\/es\/productos.html\"},{\"@type\":\"ListItem\",\"position\":3,\"name\":\"Antioxidante\",\"item\":\"https:\/\/theo.niranbio.com\/es\/producto-antioxidante\/\"},{\"@type\":\"ListItem\",\"position\":4,\"name\":\"Ascorbato s\u00f3dico\"}]},{\"@type\":\"WebSite\",\"@id\":\"https:\/\/theo.niranbio.com\/es\/#website\",\"url\":\"https:\/\/theo.niranbio.com\/es\/\",\"name\":\"Niranbio Chemical\",\"description\":\"\",\"publisher\":{\"@id\":\"https:\/\/theo.niranbio.com\/es\/#organization\"},\"potentialAction\":[{\"@type\":\"SearchAction\",\"target\":{\"@type\":\"EntryPoint\",\"urlTemplate\":\"https:\/\/theo.niranbio.com\/es\/?s={search_term_string}\"},\"query-input\":{\"@type\":\"PropertyValueSpecification\",\"valueRequired\":true,\"valueName\":\"search_term_string\"}}],\"inLanguage\":\"es\"},{\"@type\":\"Organization\",\"@id\":\"https:\/\/theo.niranbio.com\/es\/#organization\",\"name\":\"Niranbio Chemical\",\"url\":\"https:\/\/theo.niranbio.com\/es\/\",\"logo\":{\"@type\":\"ImageObject\",\"inLanguage\":\"es\",\"@id\":\"https:\/\/theo.niranbio.com\/es\/#\/schema\/logo\/image\/\",\"url\":\"https:\/\/theo.niranbio.com\/wp-content\/uploads\/2024\/06\/Niranbio.png\",\"contentUrl\":\"https:\/\/theo.niranbio.com\/wp-content\/uploads\/2024\/06\/Niranbio.png\",\"width\":270,\"height\":100,\"caption\":\"Niranbio Chemical\"},\"image\":{\"@id\":\"https:\/\/theo.niranbio.com\/es\/#\/schema\/logo\/image\/\"}}]}<\/script>\n<!-- \/ Yoast SEO plugin. -->","yoast_head_json":{"title":"Ascorbato S\u00f3dico Aditivo, Polvo de Ascorbato de Sodio E301 | Niranbio Chemical","description":"Nuestro polvo de ascorbato de sodio es cristalino y puede ser blanco o ligeramente amarillo. Se puede utilizar como potenciador de nutrientes, colorante y antioxidante de los alimentos.","robots":{"index":"noindex","follow":"follow","max-snippet":"max-snippet:-1","max-image-preview":"max-image-preview:large","max-video-preview":"max-video-preview:-1"},"twitter_misc":{"Tiempo de lectura":"3 minutos"},"schema":{"@context":"https:\/\/schema.org","@graph":[{"@type":"WebPage","@id":"https:\/\/theo.niranbio.com\/es\/ascorbato-sodico.html","url":"https:\/\/theo.niranbio.com\/es\/ascorbato-sodico.html","name":"Ascorbato S\u00f3dico Aditivo, Polvo de Ascorbato de Sodio E301 | Niranbio Chemical","isPartOf":{"@id":"https:\/\/theo.niranbio.com\/es\/#website"},"primaryImageOfPage":{"@id":"https:\/\/theo.niranbio.com\/es\/ascorbato-sodico.html#primaryimage"},"image":{"@id":"https:\/\/theo.niranbio.com\/es\/ascorbato-sodico.html#primaryimage"},"thumbnailUrl":"https:\/\/theo.niranbio.com\/wp-content\/uploads\/2024\/06\/USP-Sodium-Ascorbate.webp","datePublished":"2024-06-20T03:13:35+00:00","dateModified":"2024-08-15T06:10:03+00:00","description":"Nuestro polvo de ascorbato de sodio es cristalino y puede ser blanco o ligeramente amarillo. Se puede utilizar como potenciador de nutrientes, colorante y antioxidante de los alimentos.","breadcrumb":{"@id":"https:\/\/theo.niranbio.com\/es\/ascorbato-sodico.html#breadcrumb"},"inLanguage":"es","potentialAction":[{"@type":"ReadAction","target":["https:\/\/theo.niranbio.com\/es\/ascorbato-sodico.html"]}]},{"@type":"ImageObject","inLanguage":"es","@id":"https:\/\/theo.niranbio.com\/es\/ascorbato-sodico.html#primaryimage","url":"https:\/\/theo.niranbio.com\/wp-content\/uploads\/2024\/06\/USP-Sodium-Ascorbate.webp","contentUrl":"https:\/\/theo.niranbio.com\/wp-content\/uploads\/2024\/06\/USP-Sodium-Ascorbate.webp","width":600,"height":600,"caption":"Ascorbato de sodio USP"},{"@type":"BreadcrumbList","@id":"https:\/\/theo.niranbio.com\/es\/ascorbato-sodico.html#breadcrumb","itemListElement":[{"@type":"ListItem","position":1,"name":"Home","item":"https:\/\/theo.niranbio.com\/es\/"},{"@type":"ListItem","position":2,"name":"Productos","item":"https:\/\/theo.niranbio.com\/es\/productos.html"},{"@type":"ListItem","position":3,"name":"Antioxidante","item":"https:\/\/theo.niranbio.com\/es\/producto-antioxidante\/"},{"@type":"ListItem","position":4,"name":"Ascorbato s\u00f3dico"}]},{"@type":"WebSite","@id":"https:\/\/theo.niranbio.com\/es\/#website","url":"https:\/\/theo.niranbio.com\/es\/","name":"Niranbio Chemical","description":"","publisher":{"@id":"https:\/\/theo.niranbio.com\/es\/#organization"},"potentialAction":[{"@type":"SearchAction","target":{"@type":"EntryPoint","urlTemplate":"https:\/\/theo.niranbio.com\/es\/?s={search_term_string}"},"query-input":{"@type":"PropertyValueSpecification","valueRequired":true,"valueName":"search_term_string"}}],"inLanguage":"es"},{"@type":"Organization","@id":"https:\/\/theo.niranbio.com\/es\/#organization","name":"Niranbio Chemical","url":"https:\/\/theo.niranbio.com\/es\/","logo":{"@type":"ImageObject","inLanguage":"es","@id":"https:\/\/theo.niranbio.com\/es\/#\/schema\/logo\/image\/","url":"https:\/\/theo.niranbio.com\/wp-content\/uploads\/2024\/06\/Niranbio.png","contentUrl":"https:\/\/theo.niranbio.com\/wp-content\/uploads\/2024\/06\/Niranbio.png","width":270,"height":100,"caption":"Niranbio Chemical"},"image":{"@id":"https:\/\/theo.niranbio.com\/es\/#\/schema\/logo\/image\/"}}]}},"_links":{"self":[{"href":"https:\/\/theo.niranbio.com\/es\/wp-json\/wp\/v2\/product\/8624","targetHints":{"allow":["GET"]}}],"collection":[{"href":"https:\/\/theo.niranbio.com\/es\/wp-json\/wp\/v2\/product"}],"about":[{"href":"https:\/\/theo.niranbio.com\/es\/wp-json\/wp\/v2\/types\/product"}],"version-history":[{"count":0,"href":"https:\/\/theo.niranbio.com\/es\/wp-json\/wp\/v2\/product\/8624\/revisions"}],"wp:featuredmedia":[{"embeddable":true,"href":"https:\/\/theo.niranbio.com\/es\/wp-json\/wp\/v2\/media\/5808"}],"wp:attachment":[{"href":"https:\/\/theo.niranbio.com\/es\/wp-json\/wp\/v2\/media?parent=8624"}],"wp:term":[{"taxonomy":"product_brand","embeddable":true,"href":"https:\/\/theo.niranbio.com\/es\/wp-json\/wp\/v2\/product_brand?post=8624"},{"taxonomy":"product_cat","embeddable":true,"href":"https:\/\/theo.niranbio.com\/es\/wp-json\/wp\/v2\/product_cat?post=8624"},{"taxonomy":"product_tag","embeddable":true,"href":"https:\/\/theo.niranbio.com\/es\/wp-json\/wp\/v2\/product_tag?post=8624"}],"curies":[{"name":"wp","href":"https:\/\/api.w.org\/{rel}","templated":true}]}}