{"id":8621,"date":"2024-06-20T11:14:14","date_gmt":"2024-06-20T03:14:14","guid":{"rendered":"https:\/\/theo.niranbio.com\/acido-eritorbico-grado-alimentario\/"},"modified":"2024-08-15T14:08:11","modified_gmt":"2024-08-15T06:08:11","slug":"acido-eritorbico-grado-alimentario","status":"publish","type":"product","link":"https:\/\/theo.niranbio.com\/es\/acido-eritorbico-grado-alimentario.html","title":{"rendered":"\u00c1cido erit\u00f3rbico-Grado alimentario"},"content":{"rendered":"<h2><span class=\"ez-toc-section\" id=\"%C2%BFQue_es_el_acido_eritorbico\"><\/span>\u00bfQu\u00e9 es el \u00e1cido erit\u00f3rbico?<span class=\"ez-toc-section-end\"><\/span><\/h2>\n<p>El \u00e1cido erit\u00f3rbico es un estereois\u00f3mero, similar a la vitamina C en propiedades qu\u00edmicas. Aparece como un polvo cristalino blanco. Es bastante estable en el aire cuando est\u00e1 seco y se usa ampliamente en productos c\u00e1rnicos.<\/p>\n<p>Hay dos procesos principales de preparaci\u00f3n para el \u00e1cido erit\u00f3rbico:<\/p>\n<p>1. Utilizando almid\u00f3n de ma\u00edz como materia prima, se fermenta en glucosa y luego se convierte en metil2-cetogluconato. El isoascorbato de sodio se obtiene mediante tratamiento con met\u00f3xido de sodio y luego se desaliniza con resina de intercambio i\u00f3nico para obtener \u00e1cido isoasc\u00f3rbico. Tambi\u00e9n es el proceso de preparaci\u00f3n principal en China.<\/p>\n<p>2. Utilizando microorganismos espec\u00edficos para airear la glucosa o el almid\u00f3n para obtener \u03b1-cetogluconato de calcio, luego utilizando metanol y \u00e1cido sulf\u00farico para formar \u00e9ster met\u00edlico y luego agregando soluci\u00f3n de hidr\u00f3xido de sodio y metanol para la reacci\u00f3n de enolizaci\u00f3n para obtener \u00e1cido erit\u00f3rbico.<\/p>\n<h2><span class=\"ez-toc-section\" id=\"Parametros_relacionados\"><\/span>Par\u00e1metros relacionados:<span class=\"ez-toc-section-end\"><\/span><\/h2>\n<table>\n<tbody>\n<tr>\n<td><strong>Art\u00edculos<\/strong><\/td>\n<td><strong>Normas<\/strong><\/td>\n<\/tr>\n<tr>\n<td>Identificaci\u00f3n<\/td>\n<td>A Y B<\/td>\n<\/tr>\n<tr>\n<td>Contenido<\/td>\n<td>98.0% &#8211; 100.5%<\/td>\n<\/tr>\n<tr>\n<td>Rotaci\u00f3n espec\u00edfica<\/td>\n<td>-16.5 \uff5e -18.0<\/td>\n<\/tr>\n<tr>\n<td>P\u00e9rdida por desecaci\u00f3n(%)<\/td>\n<td>0.08%<\/td>\n<\/tr>\n<tr>\n<td>OMG<\/td>\n<td>Sin OMG<\/td>\n<\/tr>\n<tr>\n<td>Residuo en<\/td>\n<td>0,3%MAX<\/td>\n<\/tr>\n<tr>\n<td>Metal pesado (Pb)<\/td>\n<td>10 PPM M\u00c1X<\/td>\n<\/tr>\n<tr>\n<td>Plomo<\/td>\n<td>2 PPM M\u00c1X<\/td>\n<\/tr>\n<tr>\n<td>Ars\u00e9nico<\/td>\n<td>3 PPM M\u00c1X<\/td>\n<\/tr>\n<tr>\n<td>Olor<\/td>\n<td>Ning\u00fan olor peculiar<\/td>\n<\/tr>\n<tr>\n<td>Luz de malla<\/td>\n<td>100% Malla.40<\/td>\n<\/tr>\n<\/tbody>\n<\/table>\n<h2><span class=\"ez-toc-section\" id=\"Dosis_recomendada\"><\/span>Dosis recomendada:<span class=\"ez-toc-section-end\"><\/span><\/h2>\n<table>\n<tbody>\n<tr>\n<td><strong>Nombre del alimento<\/strong><\/td>\n<td><strong>Uso m\u00e1ximo (g\/kg)<\/strong><\/td>\n<\/tr>\n<tr>\n<td>Bebidas de zumo<\/td>\n<td>0,1-0,2 g\/kg<\/td>\n<\/tr>\n<tr>\n<td>Alimentos enlatados<\/td>\n<td>0,1-0,2 g\/kg<\/td>\n<\/tr>\n<tr>\n<td>Salsas<\/td>\n<td>0,1-0,2 g\/kg<\/td>\n<\/tr>\n<tr>\n<td>Productos c\u00e1rnicos<\/td>\n<td>0,1-0,2 g\/kg<\/td>\n<\/tr>\n<tr>\n<td>Panader\u00eda<\/td>\n<td>0,05-0,1 g\/kg<\/td>\n<\/tr>\n<tr>\n<td>Galletas<\/td>\n<td>0,05-0,1 g\/kg<\/td>\n<\/tr>\n<tr>\n<td>Chocolate<\/td>\n<td>0,05-0,1 g\/kg<\/td>\n<\/tr>\n<tr>\n<td>Caramelo<\/td>\n<td>0,05-0,1 g\/kg<\/td>\n<\/tr>\n<tr>\n<td>Prote\u00edna en polvo<\/td>\n<td>0,05-0,1 g\/kg<\/td>\n<\/tr>\n<tr>\n<td>Fruta congelada<\/td>\n<td>0,05-0,1 g\/kg<\/td>\n<\/tr>\n<tr>\n<td>Bebidas aromatizadas<\/td>\n<td>0,1-0,2 g\/kg<\/td>\n<\/tr>\n<\/tbody>\n<\/table>\n<h2><span class=\"ez-toc-section\" id=\"El_acido_eritorbico_tiene_una_amplia_gama_de_usos\"><\/span>El \u00e1cido erit\u00f3rbico tiene una amplia gama de usos<span class=\"ez-toc-section-end\"><\/span><\/h2>\n<p>El \u00e1cido erit\u00f3rbico puede neutralizar eficazmente los radicales libres y prevenir la oxidaci\u00f3n de grasas y aceites en los alimentos, extendiendo as\u00ed la vida \u00fatil de los alimentos y manteniendo su color y sabor. Al reducir la oxidaci\u00f3n de compuestos fen\u00f3licos, el \u00e1cido erit\u00f3rbico puede evitar que los alimentos se doren y mantener la apariencia y la calidad de los alimentos. Durante el procesamiento de alimentos, el \u00e1cido erit\u00f3rbico puede mejorar la estabilidad de los alimentos, prevenir la degradaci\u00f3n de los ingredientes y mantener la calidad del producto. Al reducir las reacciones de oxidaci\u00f3n, el \u00e1cido erit\u00f3rbico puede ayudar a mantener el sabor original de los alimentos y prevenir los cambios de sabor causados \u200b\u200bpor la oxidaci\u00f3n.<\/p>\n<h2><span class=\"ez-toc-section\" id=\"Pregunta_formulada_por_un_usuario\"><\/span>Pregunta formulada por un usuario:<span class=\"ez-toc-section-end\"><\/span><\/h2>\n<p>Pregunta: \u00bfCu\u00e1les son las diferencias y ventajas del \u00e1cido erit\u00f3rbico en comparaci\u00f3n con la vitamina C?<\/p>\n<p>Respuesta: El cuerpo utiliza la vitamina C, que es la forma activa del \u00e1cido asc\u00f3rbico, principalmente como nutrici\u00f3n y para apoyar numerosos procesos fisiol\u00f3gicos como la absorci\u00f3n de hierro y la formaci\u00f3n de col\u00e1geno. Tiene un importante efecto antioxidante en el cuerpo, apoya el sistema inmunol\u00f3gico y promueve la cicatrizaci\u00f3n de heridas. El \u00e1cido erit\u00f3rbico es un is\u00f3mero de la vitamina C y se utiliza principalmente como aditivo alimentario. Su funci\u00f3n se centra en prevenir la oxidaci\u00f3n y el pardeamiento de los alimentos. Funciona bien como antioxidante en el procesamiento de alimentos, pero su funci\u00f3n nutricional es relativamente d\u00e9bil.<\/p>\n<p>Ventajas:<\/p>\n<p>1. En el procesamiento y almacenamiento de alimentos, el \u00e1cido erit\u00f3rbico muestra una alta estabilidad y no se degrada f\u00e1cilmente por el calor, la luz y el ox\u00edgeno, lo que lo hace m\u00e1s eficaz para extender la vida \u00fatil de los alimentos y mantener el sabor. Por el contrario, la vitamina C se degrada m\u00e1s f\u00e1cilmente en estas condiciones, por lo que su estabilidad en los alimentos es pobre.<\/p>\n<p>2. El \u00e1cido erit\u00f3rbico se utiliza ampliamente en el sector alimentario, incluidos los productos c\u00e1rnicos, los alimentos enlatados, los jugos y las bebidas, debido a su alta estabilidad. Extiende de manera eficiente la vida \u00fatil de los alimentos y mantiene la calidad y el sabor del producto final. El \u00e1cido isorec\u00f3rbico reduce las p\u00e9rdidas durante el almacenamiento y procesamiento a largo plazo y, en general, ofrece mejores beneficios econ\u00f3micos. Sin embargo, la vitamina C se utiliza principalmente para suplementos nutricionales y para mejorar la salud, y su econom\u00eda y estabilidad no son tan buenas como las del \u00e1cido isorec\u00f3rbico en aplicaciones de la industria alimentaria.<\/p>\n","protected":false},"excerpt":{"rendered":"<ul>\n<li>CAS: 89-65-6<\/li>\n<li>F\u00f3rmula qu\u00edmica: C<sub>6<\/sub>H<sub>8<\/sub>O<sub>6<\/sub><\/li>\n<li>Certificaci\u00f3n: KOSHER, ISO, HALAL, FSSC22000, BRC, etc.<\/li>\n<li>Est\u00e1ndar:<\/li>\n<li>Cantidad m\u00ednima de pedido: 1000KG<\/li>\n<li>Caducidad: 2 a\u00f1os<\/li>\n<\/ul>\n","protected":false},"featured_media":5798,"template":"","meta":{"site-sidebar-layout":"default","site-content-layout":"","ast-site-content-layout":"default","site-content-style":"default","site-sidebar-style":"default","ast-global-header-display":"","ast-banner-title-visibility":"","ast-main-header-display":"","ast-hfb-above-header-display":"","ast-hfb-below-header-display":"","ast-hfb-mobile-header-display":"","site-post-title":"","ast-breadcrumbs-content":"","ast-featured-img":"","footer-sml-layout":"","theme-transparent-header-meta":"default","adv-header-id-meta":"","stick-header-meta":"","header-above-stick-meta":"","header-main-stick-meta":"","header-below-stick-meta":"","astra-migrate-meta-layouts":"set","ast-page-background-enabled":"default","ast-page-background-meta":{"desktop":{"background-color":"var(--ast-global-color-4)","background-image":"","background-repeat":"repeat","background-position":"center center","background-size":"auto","background-attachment":"scroll","background-type":"","background-media":"","overlay-type":"","overlay-color":"","overlay-opacity":"","overlay-gradient":""},"tablet":{"background-color":"","background-image":"","background-repeat":"repeat","background-position":"center center","background-size":"auto","background-attachment":"scroll","background-type":"","background-media":"","overlay-type":"","overlay-color":"","overlay-opacity":"","overlay-gradient":""},"mobile":{"background-color":"","background-image":"","background-repeat":"repeat","background-position":"center center","background-size":"auto","background-attachment":"scroll","background-type":"","background-media":"","overlay-type":"","overlay-color":"","overlay-opacity":"","overlay-gradient":""}},"ast-content-background-meta":{"desktop":{"background-color":"var(--ast-global-color-5)","background-image":"","background-repeat":"repeat","background-position":"center center","background-size":"auto","background-attachment":"scroll","background-type":"","background-media":"","overlay-type":"","overlay-color":"","overlay-opacity":"","overlay-gradient":""},"tablet":{"background-color":"var(--ast-global-color-5)","background-image":"","background-repeat":"repeat","background-position":"center center","background-size":"auto","background-attachment":"scroll","background-type":"","background-media":"","overlay-type":"","overlay-color":"","overlay-opacity":"","overlay-gradient":""},"mobile":{"background-color":"var(--ast-global-color-5)","background-image":"","background-repeat":"repeat","background-position":"center center","background-size":"auto","background-attachment":"scroll","background-type":"","background-media":"","overlay-type":"","overlay-color":"","overlay-opacity":"","overlay-gradient":""}}},"product_brand":[],"product_cat":[82],"product_tag":[],"class_list":{"0":"post-8621","1":"product","2":"type-product","3":"status-publish","4":"has-post-thumbnail","6":"product_cat-producto-antioxidante","7":"desktop-align-center","8":"tablet-align-left","9":"mobile-align-left","11":"first","12":"instock","13":"shipping-taxable","14":"product-type-simple"},"yoast_head":"<!-- This site is optimized with the Yoast SEO plugin v26.5 - https:\/\/yoast.com\/wordpress\/plugins\/seo\/ -->\n<title>\u00c1cido Erit\u00f3rbico en China, Polvo de \u00c1cido Erit\u00f3rbico E315 | Niranbio Chemical<\/title>\n<meta name=\"description\" content=\"Similar a la vitamina C en propiedades qu\u00edmicas, nuestro \u00e1cido erit\u00f3rbico E315 es de grado alimenticio y aparece como un polvo cristalino blanco.\" \/>\n<meta name=\"robots\" content=\"noindex, follow, max-snippet:-1, max-image-preview:large, max-video-preview:-1\" \/>\n<meta name=\"twitter:label1\" content=\"Tiempo de lectura\" \/>\n\t<meta name=\"twitter:data1\" content=\"4 minutos\" \/>\n<script type=\"application\/ld+json\" class=\"yoast-schema-graph\">{\"@context\":\"https:\/\/schema.org\",\"@graph\":[{\"@type\":\"WebPage\",\"@id\":\"https:\/\/theo.niranbio.com\/es\/acido-eritorbico-grado-alimentario.html\",\"url\":\"https:\/\/theo.niranbio.com\/es\/acido-eritorbico-grado-alimentario.html\",\"name\":\"\u00c1cido Erit\u00f3rbico en China, Polvo de \u00c1cido Erit\u00f3rbico E315 | Niranbio Chemical\",\"isPartOf\":{\"@id\":\"https:\/\/theo.niranbio.com\/es\/#website\"},\"primaryImageOfPage\":{\"@id\":\"https:\/\/theo.niranbio.com\/es\/acido-eritorbico-grado-alimentario.html#primaryimage\"},\"image\":{\"@id\":\"https:\/\/theo.niranbio.com\/es\/acido-eritorbico-grado-alimentario.html#primaryimage\"},\"thumbnailUrl\":\"https:\/\/theo.niranbio.com\/wp-content\/uploads\/2024\/06\/Erythorbic-Acid-Food-Grade.webp\",\"datePublished\":\"2024-06-20T03:14:14+00:00\",\"dateModified\":\"2024-08-15T06:08:11+00:00\",\"description\":\"Similar a la vitamina C en propiedades qu\u00edmicas, nuestro \u00e1cido erit\u00f3rbico E315 es de grado alimenticio y aparece como un polvo cristalino blanco.\",\"breadcrumb\":{\"@id\":\"https:\/\/theo.niranbio.com\/es\/acido-eritorbico-grado-alimentario.html#breadcrumb\"},\"inLanguage\":\"es\",\"potentialAction\":[{\"@type\":\"ReadAction\",\"target\":[\"https:\/\/theo.niranbio.com\/es\/acido-eritorbico-grado-alimentario.html\"]}]},{\"@type\":\"ImageObject\",\"inLanguage\":\"es\",\"@id\":\"https:\/\/theo.niranbio.com\/es\/acido-eritorbico-grado-alimentario.html#primaryimage\",\"url\":\"https:\/\/theo.niranbio.com\/wp-content\/uploads\/2024\/06\/Erythorbic-Acid-Food-Grade.webp\",\"contentUrl\":\"https:\/\/theo.niranbio.com\/wp-content\/uploads\/2024\/06\/Erythorbic-Acid-Food-Grade.webp\",\"width\":600,\"height\":600,\"caption\":\"\u00c1cido erit\u00f3rbico de grado alimenticio\"},{\"@type\":\"BreadcrumbList\",\"@id\":\"https:\/\/theo.niranbio.com\/es\/acido-eritorbico-grado-alimentario.html#breadcrumb\",\"itemListElement\":[{\"@type\":\"ListItem\",\"position\":1,\"name\":\"Home\",\"item\":\"https:\/\/theo.niranbio.com\/es\/\"},{\"@type\":\"ListItem\",\"position\":2,\"name\":\"Productos\",\"item\":\"https:\/\/theo.niranbio.com\/es\/productos.html\"},{\"@type\":\"ListItem\",\"position\":3,\"name\":\"Antioxidante\",\"item\":\"https:\/\/theo.niranbio.com\/es\/producto-antioxidante\/\"},{\"@type\":\"ListItem\",\"position\":4,\"name\":\"\u00c1cido erit\u00f3rbico-Grado alimentario\"}]},{\"@type\":\"WebSite\",\"@id\":\"https:\/\/theo.niranbio.com\/es\/#website\",\"url\":\"https:\/\/theo.niranbio.com\/es\/\",\"name\":\"Niranbio Chemical\",\"description\":\"\",\"publisher\":{\"@id\":\"https:\/\/theo.niranbio.com\/es\/#organization\"},\"potentialAction\":[{\"@type\":\"SearchAction\",\"target\":{\"@type\":\"EntryPoint\",\"urlTemplate\":\"https:\/\/theo.niranbio.com\/es\/?s={search_term_string}\"},\"query-input\":{\"@type\":\"PropertyValueSpecification\",\"valueRequired\":true,\"valueName\":\"search_term_string\"}}],\"inLanguage\":\"es\"},{\"@type\":\"Organization\",\"@id\":\"https:\/\/theo.niranbio.com\/es\/#organization\",\"name\":\"Niranbio Chemical\",\"url\":\"https:\/\/theo.niranbio.com\/es\/\",\"logo\":{\"@type\":\"ImageObject\",\"inLanguage\":\"es\",\"@id\":\"https:\/\/theo.niranbio.com\/es\/#\/schema\/logo\/image\/\",\"url\":\"https:\/\/theo.niranbio.com\/wp-content\/uploads\/2024\/06\/Niranbio.png\",\"contentUrl\":\"https:\/\/theo.niranbio.com\/wp-content\/uploads\/2024\/06\/Niranbio.png\",\"width\":270,\"height\":100,\"caption\":\"Niranbio Chemical\"},\"image\":{\"@id\":\"https:\/\/theo.niranbio.com\/es\/#\/schema\/logo\/image\/\"}}]}<\/script>\n<!-- \/ Yoast SEO plugin. -->","yoast_head_json":{"title":"\u00c1cido Erit\u00f3rbico en China, Polvo de \u00c1cido Erit\u00f3rbico E315 | Niranbio Chemical","description":"Similar a la vitamina C en propiedades qu\u00edmicas, nuestro \u00e1cido erit\u00f3rbico E315 es de grado alimenticio y aparece como un polvo cristalino blanco.","robots":{"index":"noindex","follow":"follow","max-snippet":"max-snippet:-1","max-image-preview":"max-image-preview:large","max-video-preview":"max-video-preview:-1"},"twitter_misc":{"Tiempo de lectura":"4 minutos"},"schema":{"@context":"https:\/\/schema.org","@graph":[{"@type":"WebPage","@id":"https:\/\/theo.niranbio.com\/es\/acido-eritorbico-grado-alimentario.html","url":"https:\/\/theo.niranbio.com\/es\/acido-eritorbico-grado-alimentario.html","name":"\u00c1cido Erit\u00f3rbico en China, Polvo de \u00c1cido Erit\u00f3rbico E315 | Niranbio Chemical","isPartOf":{"@id":"https:\/\/theo.niranbio.com\/es\/#website"},"primaryImageOfPage":{"@id":"https:\/\/theo.niranbio.com\/es\/acido-eritorbico-grado-alimentario.html#primaryimage"},"image":{"@id":"https:\/\/theo.niranbio.com\/es\/acido-eritorbico-grado-alimentario.html#primaryimage"},"thumbnailUrl":"https:\/\/theo.niranbio.com\/wp-content\/uploads\/2024\/06\/Erythorbic-Acid-Food-Grade.webp","datePublished":"2024-06-20T03:14:14+00:00","dateModified":"2024-08-15T06:08:11+00:00","description":"Similar a la vitamina C en propiedades qu\u00edmicas, nuestro \u00e1cido erit\u00f3rbico E315 es de grado alimenticio y aparece como un polvo cristalino blanco.","breadcrumb":{"@id":"https:\/\/theo.niranbio.com\/es\/acido-eritorbico-grado-alimentario.html#breadcrumb"},"inLanguage":"es","potentialAction":[{"@type":"ReadAction","target":["https:\/\/theo.niranbio.com\/es\/acido-eritorbico-grado-alimentario.html"]}]},{"@type":"ImageObject","inLanguage":"es","@id":"https:\/\/theo.niranbio.com\/es\/acido-eritorbico-grado-alimentario.html#primaryimage","url":"https:\/\/theo.niranbio.com\/wp-content\/uploads\/2024\/06\/Erythorbic-Acid-Food-Grade.webp","contentUrl":"https:\/\/theo.niranbio.com\/wp-content\/uploads\/2024\/06\/Erythorbic-Acid-Food-Grade.webp","width":600,"height":600,"caption":"\u00c1cido erit\u00f3rbico de grado alimenticio"},{"@type":"BreadcrumbList","@id":"https:\/\/theo.niranbio.com\/es\/acido-eritorbico-grado-alimentario.html#breadcrumb","itemListElement":[{"@type":"ListItem","position":1,"name":"Home","item":"https:\/\/theo.niranbio.com\/es\/"},{"@type":"ListItem","position":2,"name":"Productos","item":"https:\/\/theo.niranbio.com\/es\/productos.html"},{"@type":"ListItem","position":3,"name":"Antioxidante","item":"https:\/\/theo.niranbio.com\/es\/producto-antioxidante\/"},{"@type":"ListItem","position":4,"name":"\u00c1cido erit\u00f3rbico-Grado alimentario"}]},{"@type":"WebSite","@id":"https:\/\/theo.niranbio.com\/es\/#website","url":"https:\/\/theo.niranbio.com\/es\/","name":"Niranbio Chemical","description":"","publisher":{"@id":"https:\/\/theo.niranbio.com\/es\/#organization"},"potentialAction":[{"@type":"SearchAction","target":{"@type":"EntryPoint","urlTemplate":"https:\/\/theo.niranbio.com\/es\/?s={search_term_string}"},"query-input":{"@type":"PropertyValueSpecification","valueRequired":true,"valueName":"search_term_string"}}],"inLanguage":"es"},{"@type":"Organization","@id":"https:\/\/theo.niranbio.com\/es\/#organization","name":"Niranbio Chemical","url":"https:\/\/theo.niranbio.com\/es\/","logo":{"@type":"ImageObject","inLanguage":"es","@id":"https:\/\/theo.niranbio.com\/es\/#\/schema\/logo\/image\/","url":"https:\/\/theo.niranbio.com\/wp-content\/uploads\/2024\/06\/Niranbio.png","contentUrl":"https:\/\/theo.niranbio.com\/wp-content\/uploads\/2024\/06\/Niranbio.png","width":270,"height":100,"caption":"Niranbio Chemical"},"image":{"@id":"https:\/\/theo.niranbio.com\/es\/#\/schema\/logo\/image\/"}}]}},"_links":{"self":[{"href":"https:\/\/theo.niranbio.com\/es\/wp-json\/wp\/v2\/product\/8621","targetHints":{"allow":["GET"]}}],"collection":[{"href":"https:\/\/theo.niranbio.com\/es\/wp-json\/wp\/v2\/product"}],"about":[{"href":"https:\/\/theo.niranbio.com\/es\/wp-json\/wp\/v2\/types\/product"}],"version-history":[{"count":0,"href":"https:\/\/theo.niranbio.com\/es\/wp-json\/wp\/v2\/product\/8621\/revisions"}],"wp:featuredmedia":[{"embeddable":true,"href":"https:\/\/theo.niranbio.com\/es\/wp-json\/wp\/v2\/media\/5798"}],"wp:attachment":[{"href":"https:\/\/theo.niranbio.com\/es\/wp-json\/wp\/v2\/media?parent=8621"}],"wp:term":[{"taxonomy":"product_brand","embeddable":true,"href":"https:\/\/theo.niranbio.com\/es\/wp-json\/wp\/v2\/product_brand?post=8621"},{"taxonomy":"product_cat","embeddable":true,"href":"https:\/\/theo.niranbio.com\/es\/wp-json\/wp\/v2\/product_cat?post=8621"},{"taxonomy":"product_tag","embeddable":true,"href":"https:\/\/theo.niranbio.com\/es\/wp-json\/wp\/v2\/product_tag?post=8621"}],"curies":[{"name":"wp","href":"https:\/\/api.w.org\/{rel}","templated":true}]}}