{"id":8619,"date":"2024-06-20T11:15:00","date_gmt":"2024-06-20T03:15:00","guid":{"rendered":"https:\/\/theo.niranbio.com\/eritorbato-sodico\/"},"modified":"2024-08-15T14:07:21","modified_gmt":"2024-08-15T06:07:21","slug":"eritorbato-sodico","status":"publish","type":"product","link":"https:\/\/theo.niranbio.com\/es\/eritorbato-sodico.html","title":{"rendered":"Eritorbato s\u00f3dico"},"content":{"rendered":"<h2><span class=\"ez-toc-section\" id=\"%C2%BFQue_es_el_eritorbato_sodico\"><\/span>\u00bfQu\u00e9 es el eritorbato s\u00f3dico?<span class=\"ez-toc-section-end\"><\/span><\/h2>\n<p>El eritorbato de sodio es una nueva clase de antioxidante, conservante y potenciador del color de los alimentos de origen biol\u00f3gico. Prolonga la vida \u00fatil de los alimentos, conserva su color y sabor natural y no tiene efectos secundarios nocivos. Se presenta en forma de cristales o polvos cristalinos de color blanco a blanco amarillento y se utiliza ampliamente en la industria alimentaria.<\/p>\n<p>En China, existen principalmente los siguientes m\u00e9todos para preparar eritorbato de sodio:<\/p>\n<p>1. El eritorbato de sodio se prepara haciendo reaccionar vitamina C deshidrogenada con sales de sodio (como hidr\u00f3xido de sodio). Con este procedimiento, se garantiza la pureza y el rendimiento del producto regulando las condiciones de reacci\u00f3n en un laboratorio o en un equipo industrial. Despu\u00e9s de la reacci\u00f3n, se purifica mediante m\u00e9todos como la extracci\u00f3n con solventes y la cristalizaci\u00f3n para obtener eritorbato de sodio de alta pureza. Debido a que la s\u00edntesis qu\u00edmica es econ\u00f3mica y produce grandes rendimientos, se ha convertido en el m\u00e9todo de preparaci\u00f3n preferido.<\/p>\n<p>2. El eritorbato de sodio se produce durante la fermentaci\u00f3n utilizando microorganismos espec\u00edficos. Al utilizar medios de cultivo adecuados y optimizar las condiciones de fermentaci\u00f3n, los microorganismos pueden convertir las materias primas en productos objetivo. Posteriormente, el eritorbato de sodio se extrae del caldo de fermentaci\u00f3n mediante pasos de extracci\u00f3n y purificaci\u00f3n. Aunque los m\u00e9todos biol\u00f3gicos tienen ventajas en t\u00e9rminos de protecci\u00f3n ambiental y sostenibilidad, sus costos de producci\u00f3n y complejidad t\u00e9cnica son generalmente altos.<\/p>\n<h2><span class=\"ez-toc-section\" id=\"Parametros_relacionados\"><\/span>Par\u00e1metros relacionados:<span class=\"ez-toc-section-end\"><\/span><\/h2>\n<table>\n<tbody>\n<tr>\n<td><strong>Art\u00edculos<\/strong><\/td>\n<td><strong>Normas<\/strong><\/td>\n<\/tr>\n<tr>\n<td>Identificaci\u00f3n<\/td>\n<td>Positivo<\/td>\n<\/tr>\n<tr>\n<td>Ensayo(C6H7O6Na\u30fbH2O)<\/td>\n<td>98.0~100%~100.5%<\/td>\n<\/tr>\n<tr>\n<td>Rotaci\u00f3n espec\u00edfica[\u03b1]D25<\/td>\n<td>+95.5\u00b0~+98.0\u00b0<\/td>\n<\/tr>\n<tr>\n<td>pH (1:20)<\/td>\n<td>5.5~8.0<\/td>\n<\/tr>\n<tr>\n<td>Plomo<\/td>\n<td>2 PPM m\u00e1x.<\/td>\n<\/tr>\n<tr>\n<td>Metales pesados (como Pb)<\/td>\n<td>10 PPM m\u00e1x.<\/td>\n<\/tr>\n<tr>\n<td>Ars\u00e9nico<\/td>\n<td>3 PPM m\u00e1x.<\/td>\n<\/tr>\n<tr>\n<td>P\u00e9rdida por secado<\/td>\n<td>0,25% M\u00e1x<\/td>\n<\/tr>\n<tr>\n<td>Oxalato<\/td>\n<td>Pasa la prueba<\/td>\n<\/tr>\n<\/tbody>\n<\/table>\n<h2><span class=\"ez-toc-section\" id=\"Dosis_recomendada\"><\/span>Dosis recomendada:<span class=\"ez-toc-section-end\"><\/span><\/h2>\n<table>\n<tbody>\n<tr>\n<td><strong>Nombre del alimento<\/strong><\/td>\n<td><strong>Uso m\u00e1ximo (g\/kg)<\/strong><\/td>\n<\/tr>\n<tr>\n<td>Bebidas de zumo de frutas<\/td>\n<td>0,1-0,2 g\/kg<\/td>\n<\/tr>\n<tr>\n<td>Bebidas deportivas<\/td>\n<td>0,05-0,1 g\/kg<\/td>\n<\/tr>\n<tr>\n<td>Alimentos enlatados<\/td>\n<td>0,1-0,2 g\/kg<\/td>\n<\/tr>\n<tr>\n<td>Salsas<\/td>\n<td>0,1-0,2 g\/kg<\/td>\n<\/tr>\n<tr>\n<td>Productos c\u00e1rnicos<\/td>\n<td>0,1-0,2 g\/kg<\/td>\n<\/tr>\n<tr>\n<td>Panader\u00eda<\/td>\n<td>0,05-0,1 g\/kg<\/td>\n<\/tr>\n<tr>\n<td>Alimentos congelados<\/td>\n<td>0,05-0,1 g\/kg<\/td>\n<\/tr>\n<tr>\n<td>Galletas<\/td>\n<td>0,05-0,1 g\/kg<\/td>\n<\/tr>\n<tr>\n<td>Gelatina<\/td>\n<td>0,05-0,1 g\/kg<\/td>\n<\/tr>\n<tr>\n<td>Chocolate<\/td>\n<td>0,05-0,1 g\/kg<\/td>\n<\/tr>\n<tr>\n<td>Frutos secos<\/td>\n<td>0,1-0,2 g\/kg<\/td>\n<\/tr>\n<tr>\n<td>Prote\u00edna en polvo<\/td>\n<td>0,05-0,1 g\/kg<\/td>\n<\/tr>\n<\/tbody>\n<\/table>\n<h2><span class=\"ez-toc-section\" id=\"El_eritorbato_sodico_tiene_una_amplia_gama_de_usos\"><\/span>El eritorbato s\u00f3dico tiene una amplia gama de usos<span class=\"ez-toc-section-end\"><\/span><\/h2>\n<p>1. Al evitar que las grasas y los aceites de los alimentos se oxiden, el eritorbato de sodio, un antioxidante eficaz, prolonga la vida \u00fatil de los alimentos al tiempo que conserva su sabor y contenido nutricional.<\/p>\n<p>2. Al inhibir la oxidaci\u00f3n de los compuestos fen\u00f3licos, el eritorbato de sodio puede reducir eficazmente el oscurecimiento de los alimentos y mantener el color y la apariencia de los alimentos.<\/p>\n<p>3. Durante el procesamiento de alimentos, el eritorbato de sodio puede mejorar la estabilidad de los alimentos y prevenir la degradaci\u00f3n y el fracaso de los ingredientes alimentarios.<\/p>\n<p>4. Al reducir las reacciones de oxidaci\u00f3n, ayuda a mantener el sabor y el gusto originales de los alimentos y previene los cambios de gusto causados \u200b\u200bpor la oxidaci\u00f3n.<\/p>\n<h2><span class=\"ez-toc-section\" id=\"Pregunta_formulada_por_un_usuario\"><\/span>Pregunta formulada por un usuario:<span class=\"ez-toc-section-end\"><\/span><\/h2>\n<p>Pregunta: \u00bfEl eritorbato de sodio es lo mismo que la vitamina C?<\/p>\n<p>Respuesta: Aunque tanto el eritorbato de sodio como la vitamina C tienen efectos antioxidantes, no son lo mismo. Un is\u00f3mero de la vitamina C llamado eritorbato de sodio se utiliza principalmente como antioxidante en los alimentos. Puede prevenir eficazmente la oxidaci\u00f3n y el oscurecimiento de los alimentos y tiene una buena estabilidad. Por el contrario, la vitamina C desempe\u00f1a un papel nutricional importante en el cuerpo, como el apoyo al sistema inmunol\u00f3gico y la s\u00edntesis de col\u00e1geno, pero es relativamente inestable y se degrada f\u00e1cilmente durante el procesamiento y el almacenamiento de los alimentos.<\/p>\n","protected":false},"excerpt":{"rendered":"<ul>\n<li>CAS: 6381-77-7<\/li>\n<li>F\u00f3rmula qu\u00edmica: C<sub>6<\/sub>H<sub>7<\/sub>NaO<sub>6<\/sub><\/li>\n<li>Certificaci\u00f3n: KOSHER, ISO, HALAL, FSSC22000, BRC, etc.<\/li>\n<li>Norma: FCC IX<\/li>\n<li>Cantidad m\u00ednima de pedido: 1000KG<\/li>\n<li>Caducidad: 2 a\u00f1os<\/li>\n<\/ul>\n","protected":false},"featured_media":5792,"template":"","meta":{"site-sidebar-layout":"default","site-content-layout":"","ast-site-content-layout":"default","site-content-style":"default","site-sidebar-style":"default","ast-global-header-display":"","ast-banner-title-visibility":"","ast-main-header-display":"","ast-hfb-above-header-display":"","ast-hfb-below-header-display":"","ast-hfb-mobile-header-display":"","site-post-title":"","ast-breadcrumbs-content":"","ast-featured-img":"","footer-sml-layout":"","theme-transparent-header-meta":"default","adv-header-id-meta":"","stick-header-meta":"","header-above-stick-meta":"","header-main-stick-meta":"","header-below-stick-meta":"","astra-migrate-meta-layouts":"set","ast-page-background-enabled":"default","ast-page-background-meta":{"desktop":{"background-color":"var(--ast-global-color-4)","background-image":"","background-repeat":"repeat","background-position":"center center","background-size":"auto","background-attachment":"scroll","background-type":"","background-media":"","overlay-type":"","overlay-color":"","overlay-opacity":"","overlay-gradient":""},"tablet":{"background-color":"","background-image":"","background-repeat":"repeat","background-position":"center center","background-size":"auto","background-attachment":"scroll","background-type":"","background-media":"","overlay-type":"","overlay-color":"","overlay-opacity":"","overlay-gradient":""},"mobile":{"background-color":"","background-image":"","background-repeat":"repeat","background-position":"center center","background-size":"auto","background-attachment":"scroll","background-type":"","background-media":"","overlay-type":"","overlay-color":"","overlay-opacity":"","overlay-gradient":""}},"ast-content-background-meta":{"desktop":{"background-color":"var(--ast-global-color-5)","background-image":"","background-repeat":"repeat","background-position":"center center","background-size":"auto","background-attachment":"scroll","background-type":"","background-media":"","overlay-type":"","overlay-color":"","overlay-opacity":"","overlay-gradient":""},"tablet":{"background-color":"var(--ast-global-color-5)","background-image":"","background-repeat":"repeat","background-position":"center center","background-size":"auto","background-attachment":"scroll","background-type":"","background-media":"","overlay-type":"","overlay-color":"","overlay-opacity":"","overlay-gradient":""},"mobile":{"background-color":"var(--ast-global-color-5)","background-image":"","background-repeat":"repeat","background-position":"center center","background-size":"auto","background-attachment":"scroll","background-type":"","background-media":"","overlay-type":"","overlay-color":"","overlay-opacity":"","overlay-gradient":""}}},"product_brand":[],"product_cat":[82],"product_tag":[],"class_list":{"0":"post-8619","1":"product","2":"type-product","3":"status-publish","4":"has-post-thumbnail","6":"product_cat-producto-antioxidante","7":"desktop-align-center","8":"tablet-align-left","9":"mobile-align-left","11":"first","12":"instock","13":"shipping-taxable","14":"product-type-simple"},"yoast_head":"<!-- This site is optimized with the Yoast SEO plugin v26.5 - https:\/\/yoast.com\/wordpress\/plugins\/seo\/ -->\n<title>Eritorbato S\u00f3dico, Polvo de Eritorbato de Sodio E316 | Niranbio Chemical<\/title>\n<meta name=\"description\" content=\"Nuestro eritorbato de sodio E316 aparece en forma de cristales o polvos cristalinos de color blanco a blanco amarillento y se utiliza ampliamente en la industria alimentaria.\" \/>\n<meta name=\"robots\" content=\"noindex, follow, max-snippet:-1, max-image-preview:large, max-video-preview:-1\" \/>\n<meta name=\"twitter:label1\" content=\"Tiempo de lectura\" \/>\n\t<meta name=\"twitter:data1\" content=\"3 minutos\" \/>\n<script type=\"application\/ld+json\" class=\"yoast-schema-graph\">{\"@context\":\"https:\/\/schema.org\",\"@graph\":[{\"@type\":\"WebPage\",\"@id\":\"https:\/\/theo.niranbio.com\/es\/eritorbato-sodico.html\",\"url\":\"https:\/\/theo.niranbio.com\/es\/eritorbato-sodico.html\",\"name\":\"Eritorbato S\u00f3dico, Polvo de Eritorbato de Sodio E316 | Niranbio Chemical\",\"isPartOf\":{\"@id\":\"https:\/\/theo.niranbio.com\/es\/#website\"},\"primaryImageOfPage\":{\"@id\":\"https:\/\/theo.niranbio.com\/es\/eritorbato-sodico.html#primaryimage\"},\"image\":{\"@id\":\"https:\/\/theo.niranbio.com\/es\/eritorbato-sodico.html#primaryimage\"},\"thumbnailUrl\":\"https:\/\/theo.niranbio.com\/wp-content\/uploads\/2024\/06\/Sodium-Erythorbate.webp\",\"datePublished\":\"2024-06-20T03:15:00+00:00\",\"dateModified\":\"2024-08-15T06:07:21+00:00\",\"description\":\"Nuestro eritorbato de sodio E316 aparece en forma de cristales o polvos cristalinos de color blanco a blanco amarillento y se utiliza ampliamente en la industria alimentaria.\",\"breadcrumb\":{\"@id\":\"https:\/\/theo.niranbio.com\/es\/eritorbato-sodico.html#breadcrumb\"},\"inLanguage\":\"es\",\"potentialAction\":[{\"@type\":\"ReadAction\",\"target\":[\"https:\/\/theo.niranbio.com\/es\/eritorbato-sodico.html\"]}]},{\"@type\":\"ImageObject\",\"inLanguage\":\"es\",\"@id\":\"https:\/\/theo.niranbio.com\/es\/eritorbato-sodico.html#primaryimage\",\"url\":\"https:\/\/theo.niranbio.com\/wp-content\/uploads\/2024\/06\/Sodium-Erythorbate.webp\",\"contentUrl\":\"https:\/\/theo.niranbio.com\/wp-content\/uploads\/2024\/06\/Sodium-Erythorbate.webp\",\"width\":600,\"height\":600,\"caption\":\"Eritorbato de sodio\"},{\"@type\":\"BreadcrumbList\",\"@id\":\"https:\/\/theo.niranbio.com\/es\/eritorbato-sodico.html#breadcrumb\",\"itemListElement\":[{\"@type\":\"ListItem\",\"position\":1,\"name\":\"Home\",\"item\":\"https:\/\/theo.niranbio.com\/es\/\"},{\"@type\":\"ListItem\",\"position\":2,\"name\":\"Productos\",\"item\":\"https:\/\/theo.niranbio.com\/es\/productos.html\"},{\"@type\":\"ListItem\",\"position\":3,\"name\":\"Antioxidante\",\"item\":\"https:\/\/theo.niranbio.com\/es\/producto-antioxidante\/\"},{\"@type\":\"ListItem\",\"position\":4,\"name\":\"Eritorbato s\u00f3dico\"}]},{\"@type\":\"WebSite\",\"@id\":\"https:\/\/theo.niranbio.com\/es\/#website\",\"url\":\"https:\/\/theo.niranbio.com\/es\/\",\"name\":\"Niranbio Chemical\",\"description\":\"\",\"publisher\":{\"@id\":\"https:\/\/theo.niranbio.com\/es\/#organization\"},\"potentialAction\":[{\"@type\":\"SearchAction\",\"target\":{\"@type\":\"EntryPoint\",\"urlTemplate\":\"https:\/\/theo.niranbio.com\/es\/?s={search_term_string}\"},\"query-input\":{\"@type\":\"PropertyValueSpecification\",\"valueRequired\":true,\"valueName\":\"search_term_string\"}}],\"inLanguage\":\"es\"},{\"@type\":\"Organization\",\"@id\":\"https:\/\/theo.niranbio.com\/es\/#organization\",\"name\":\"Niranbio Chemical\",\"url\":\"https:\/\/theo.niranbio.com\/es\/\",\"logo\":{\"@type\":\"ImageObject\",\"inLanguage\":\"es\",\"@id\":\"https:\/\/theo.niranbio.com\/es\/#\/schema\/logo\/image\/\",\"url\":\"https:\/\/theo.niranbio.com\/wp-content\/uploads\/2024\/06\/Niranbio.png\",\"contentUrl\":\"https:\/\/theo.niranbio.com\/wp-content\/uploads\/2024\/06\/Niranbio.png\",\"width\":270,\"height\":100,\"caption\":\"Niranbio Chemical\"},\"image\":{\"@id\":\"https:\/\/theo.niranbio.com\/es\/#\/schema\/logo\/image\/\"}}]}<\/script>\n<!-- \/ Yoast SEO plugin. -->","yoast_head_json":{"title":"Eritorbato S\u00f3dico, Polvo de Eritorbato de Sodio E316 | Niranbio Chemical","description":"Nuestro eritorbato de sodio E316 aparece en forma de cristales o polvos cristalinos de color blanco a blanco amarillento y se utiliza ampliamente en la industria alimentaria.","robots":{"index":"noindex","follow":"follow","max-snippet":"max-snippet:-1","max-image-preview":"max-image-preview:large","max-video-preview":"max-video-preview:-1"},"twitter_misc":{"Tiempo de lectura":"3 minutos"},"schema":{"@context":"https:\/\/schema.org","@graph":[{"@type":"WebPage","@id":"https:\/\/theo.niranbio.com\/es\/eritorbato-sodico.html","url":"https:\/\/theo.niranbio.com\/es\/eritorbato-sodico.html","name":"Eritorbato S\u00f3dico, Polvo de Eritorbato de Sodio E316 | Niranbio Chemical","isPartOf":{"@id":"https:\/\/theo.niranbio.com\/es\/#website"},"primaryImageOfPage":{"@id":"https:\/\/theo.niranbio.com\/es\/eritorbato-sodico.html#primaryimage"},"image":{"@id":"https:\/\/theo.niranbio.com\/es\/eritorbato-sodico.html#primaryimage"},"thumbnailUrl":"https:\/\/theo.niranbio.com\/wp-content\/uploads\/2024\/06\/Sodium-Erythorbate.webp","datePublished":"2024-06-20T03:15:00+00:00","dateModified":"2024-08-15T06:07:21+00:00","description":"Nuestro eritorbato de sodio E316 aparece en forma de cristales o polvos cristalinos de color blanco a blanco amarillento y se utiliza ampliamente en la industria alimentaria.","breadcrumb":{"@id":"https:\/\/theo.niranbio.com\/es\/eritorbato-sodico.html#breadcrumb"},"inLanguage":"es","potentialAction":[{"@type":"ReadAction","target":["https:\/\/theo.niranbio.com\/es\/eritorbato-sodico.html"]}]},{"@type":"ImageObject","inLanguage":"es","@id":"https:\/\/theo.niranbio.com\/es\/eritorbato-sodico.html#primaryimage","url":"https:\/\/theo.niranbio.com\/wp-content\/uploads\/2024\/06\/Sodium-Erythorbate.webp","contentUrl":"https:\/\/theo.niranbio.com\/wp-content\/uploads\/2024\/06\/Sodium-Erythorbate.webp","width":600,"height":600,"caption":"Eritorbato de sodio"},{"@type":"BreadcrumbList","@id":"https:\/\/theo.niranbio.com\/es\/eritorbato-sodico.html#breadcrumb","itemListElement":[{"@type":"ListItem","position":1,"name":"Home","item":"https:\/\/theo.niranbio.com\/es\/"},{"@type":"ListItem","position":2,"name":"Productos","item":"https:\/\/theo.niranbio.com\/es\/productos.html"},{"@type":"ListItem","position":3,"name":"Antioxidante","item":"https:\/\/theo.niranbio.com\/es\/producto-antioxidante\/"},{"@type":"ListItem","position":4,"name":"Eritorbato s\u00f3dico"}]},{"@type":"WebSite","@id":"https:\/\/theo.niranbio.com\/es\/#website","url":"https:\/\/theo.niranbio.com\/es\/","name":"Niranbio Chemical","description":"","publisher":{"@id":"https:\/\/theo.niranbio.com\/es\/#organization"},"potentialAction":[{"@type":"SearchAction","target":{"@type":"EntryPoint","urlTemplate":"https:\/\/theo.niranbio.com\/es\/?s={search_term_string}"},"query-input":{"@type":"PropertyValueSpecification","valueRequired":true,"valueName":"search_term_string"}}],"inLanguage":"es"},{"@type":"Organization","@id":"https:\/\/theo.niranbio.com\/es\/#organization","name":"Niranbio Chemical","url":"https:\/\/theo.niranbio.com\/es\/","logo":{"@type":"ImageObject","inLanguage":"es","@id":"https:\/\/theo.niranbio.com\/es\/#\/schema\/logo\/image\/","url":"https:\/\/theo.niranbio.com\/wp-content\/uploads\/2024\/06\/Niranbio.png","contentUrl":"https:\/\/theo.niranbio.com\/wp-content\/uploads\/2024\/06\/Niranbio.png","width":270,"height":100,"caption":"Niranbio Chemical"},"image":{"@id":"https:\/\/theo.niranbio.com\/es\/#\/schema\/logo\/image\/"}}]}},"_links":{"self":[{"href":"https:\/\/theo.niranbio.com\/es\/wp-json\/wp\/v2\/product\/8619","targetHints":{"allow":["GET"]}}],"collection":[{"href":"https:\/\/theo.niranbio.com\/es\/wp-json\/wp\/v2\/product"}],"about":[{"href":"https:\/\/theo.niranbio.com\/es\/wp-json\/wp\/v2\/types\/product"}],"version-history":[{"count":0,"href":"https:\/\/theo.niranbio.com\/es\/wp-json\/wp\/v2\/product\/8619\/revisions"}],"wp:featuredmedia":[{"embeddable":true,"href":"https:\/\/theo.niranbio.com\/es\/wp-json\/wp\/v2\/media\/5792"}],"wp:attachment":[{"href":"https:\/\/theo.niranbio.com\/es\/wp-json\/wp\/v2\/media?parent=8619"}],"wp:term":[{"taxonomy":"product_brand","embeddable":true,"href":"https:\/\/theo.niranbio.com\/es\/wp-json\/wp\/v2\/product_brand?post=8619"},{"taxonomy":"product_cat","embeddable":true,"href":"https:\/\/theo.niranbio.com\/es\/wp-json\/wp\/v2\/product_cat?post=8619"},{"taxonomy":"product_tag","embeddable":true,"href":"https:\/\/theo.niranbio.com\/es\/wp-json\/wp\/v2\/product_tag?post=8619"}],"curies":[{"name":"wp","href":"https:\/\/api.w.org\/{rel}","templated":true}]}}