{"id":8460,"date":"2024-06-20T09:21:36","date_gmt":"2024-06-20T01:21:36","guid":{"rendered":"https:\/\/theo.niranbio.com\/aspartamo\/"},"modified":"2024-08-16T14:59:37","modified_gmt":"2024-08-16T06:59:37","slug":"aspartamo","status":"publish","type":"product","link":"https:\/\/theo.niranbio.com\/es\/aspartamo.html","title":{"rendered":"Aspartamo"},"content":{"rendered":"<h2><span class=\"ez-toc-section\" id=\"%C2%BFQue_es_el_aspartamo\"><\/span>\u00bfQu\u00e9 es el aspartamo?<span class=\"ez-toc-section-end\"><\/span><\/h2>\n<p>El aspartamo es un oligosac\u00e1rido funcional natural con un alto grado de dulzura y propiedades no delicuescentes. Se presenta como un polvo cristalino blanco. Debido a su incre\u00edble dulzura y su contenido cal\u00f3rico excepcionalmente bajo, se puede agregar a bebidas, productos farmac\u00e9uticos o chicles sin az\u00facar como una alternativa al az\u00facar.<\/p>\n<p>Los m\u00e9todos de preparaci\u00f3n comunes para el aspartamo son la s\u00edntesis qu\u00edmica y los m\u00e9todos enzim\u00e1ticos.<\/p>\n<p>Entre ellos, la s\u00edntesis qu\u00edmica es el m\u00e9todo m\u00e1s antiguo y m\u00e1s utilizado. Su principio b\u00e1sico es esterificar primero la fenilalanina con metanol o etanol para producir \u00e9ster met\u00edlico de fenilalanina o \u00e9ster et\u00edlico de fenilalanina, y luego condensarla con \u00e1cido asp\u00e1rtico en condiciones \u00e1cidas para producir aspartamo. Este proceso requiere una temperatura, presi\u00f3n y catalizador determinados, y producir\u00e1 algunos subproductos, como el \u03b2-aspartamo amargo.<\/p>\n<p>El m\u00e9todo enzim\u00e1tico es un nuevo m\u00e9todo desarrollado en los \u00faltimos a\u00f1os. Sus ventajas son una fuerte especificidad, una alta tasa de conversi\u00f3n, condiciones suaves y pocos subproductos. El principio del m\u00e9todo enzim\u00e1tico es utilizar una cepa microbiana especial para convertir la fenilalanina y el \u00e1cido asp\u00e1rtico en los correspondientes \u00e9steres met\u00edlicos de \u00e1cido mediante un proceso de fermentaci\u00f3n, y luego utilizar una enzima especial para sintetizar directamente los dos \u00e9steres met\u00edlicos de \u00e1cido en aspartamo. Este proceso no requiere la adici\u00f3n de ning\u00fan disolvente o catalizador externo y se puede llevar a cabo a temperatura y presi\u00f3n ambiente.<\/p>\n<h2><span class=\"ez-toc-section\" id=\"Parametros_relacionados\"><\/span>Par\u00e1metros relacionados:<span class=\"ez-toc-section-end\"><\/span><\/h2>\n<table>\n<tbody>\n<tr>\n<td><strong>Art\u00edculos<\/strong><\/td>\n<td><strong>Normas<\/strong><\/td>\n<\/tr>\n<tr>\n<td>Ensayo (titrim\u00e9trico)<\/td>\n<td>98,0-102,0% (base seca) p\/p<\/td>\n<\/tr>\n<tr>\n<td>Rotaci\u00f3n espec\u00edfica [\u03b1]D20<\/td>\n<td>+14.50\u00b0~+16.50\u00b0<\/td>\n<\/tr>\n<tr>\n<td>P\u00e9rdida al secarse<\/td>\n<td>\u22644.50%<\/td>\n<\/tr>\n<tr>\n<td>Residuo en ignici\u00f3n\uff08Cenizas de sulfato\uff09<\/td>\n<td>\u22640.20%<\/td>\n<\/tr>\n<tr>\n<td>PH (0,8% p\/v en agua)<\/td>\n<td>4.50-6.00<\/td>\n<\/tr>\n<tr>\n<td>Diketopiperazina (DKP)\u00c1cido 5-bencil-3,6-dioxo-2-piperazineac\u00e9tico<\/td>\n<td>\u22641.5%<\/td>\n<\/tr>\n<tr>\n<td>Otras sustancias relacionadasImpurezas cromatogr\u00e1ficas<\/td>\n<td>\u22642.0%<\/td>\n<\/tr>\n<tr>\n<td>Transmitancia<\/td>\n<td>\u226590.0%<\/td>\n<\/tr>\n<tr>\n<td>Metales pesados (como Pb)<\/td>\n<td>\u226410 ppm<\/td>\n<\/tr>\n<tr>\n<td>Ars\u00e9nico (como As)<\/td>\n<td>\u2264 5 ppm<\/td>\n<\/tr>\n<tr>\n<td>Plomo<\/td>\n<td>\u2264 1 ppm<\/td>\n<\/tr>\n<tr>\n<td>Disolventes residuales<\/td>\n<td>Cumple los requisitos<\/td>\n<\/tr>\n<\/tbody>\n<\/table>\n<h2><span class=\"ez-toc-section\" id=\"Dosis_recomendada\"><\/span>Dosis recomendada:<span class=\"ez-toc-section-end\"><\/span><\/h2>\n<table>\n<tbody>\n<tr>\n<td><strong>Nombre del alimento<\/strong><\/td>\n<td><strong>Uso m\u00e1ximo (g\/kg)<\/strong><\/td>\n<\/tr>\n<tr>\n<td>Bebidas carbonatadas<\/td>\n<td>0,6 g\/kg<\/td>\n<\/tr>\n<tr>\n<td>Bebidas de frutas<\/td>\n<td>0,5 g\/kg<\/td>\n<\/tr>\n<tr>\n<td>Yogur<\/td>\n<td>0,3 g\/kg<\/td>\n<\/tr>\n<tr>\n<td>Bebidas l\u00e1cteas<\/td>\n<td>0,3 g\/kg<\/td>\n<\/tr>\n<tr>\n<td>Pan<\/td>\n<td>0,4 g\/kg<\/td>\n<\/tr>\n<tr>\n<td>Caramelo blando<\/td>\n<td>0,6 g\/kg<\/td>\n<\/tr>\n<tr>\n<td>Caramelo duro<\/td>\n<td>0,6 g\/kg<\/td>\n<\/tr>\n<tr>\n<td>Chocolate<\/td>\n<td>0,3 g\/kg<\/td>\n<\/tr>\n<tr>\n<td>Salsa de soja<\/td>\n<td>0,3 g\/kg<\/td>\n<\/tr>\n<tr>\n<td>Vinagre<\/td>\n<td>0,3 g\/kg<\/td>\n<\/tr>\n<tr>\n<td>Ketchup<\/td>\n<td>0,3 g\/kg<\/td>\n<\/tr>\n<tr>\n<td>Jam\u00f3n<\/td>\n<td>0,3 g\/kg<\/td>\n<\/tr>\n<tr>\n<td>Salchicha<\/td>\n<td>0,3 g\/kg<\/td>\n<\/tr>\n<tr>\n<td>Tocino<\/td>\n<td>0,3 g\/kg<\/td>\n<\/tr>\n<tr>\n<td>Helado<\/td>\n<td>0,5 g\/kg<\/td>\n<\/tr>\n<tr>\n<td>Patatas fritas<\/td>\n<td>0,3 g\/kg<\/td>\n<\/tr>\n<tr>\n<td>Comida inflada<\/td>\n<td>0,3 g\/kg<\/td>\n<\/tr>\n<\/tbody>\n<\/table>\n<h2><span class=\"ez-toc-section\" id=\"El_aspartamo_tiene_una_amplia_gama_de_usos\"><\/span>El aspartamo tiene una amplia gama de usos<span class=\"ez-toc-section-end\"><\/span><\/h2>\n<p>1. Bebidas: se aplica a todo tipo de bebidas carbonatadas, bebidas de jugo de frutas, bebidas de t\u00e9, etc., para proporcionar un alto dulzor manteniendo bajas calor\u00edas.<\/p>\n<p>2. Productos l\u00e1cteos: incluidos queso, yogur, helado, etc., que pueden aumentar el dulzor sin aumentar las calor\u00edas.<\/p>\n<p>3. Productos horneados: como pasteles, galletas, pan, etc., pueden reemplazar parte o la totalidad del az\u00facar para lograr el efecto de reducir las calor\u00edas.<\/p>\n<p>4. Postres y pasteles: brindan dulzor y tambi\u00e9n son adecuados para la producci\u00f3n de alimentos bajos en az\u00facar o sin az\u00facar.<\/p>\n<p>5. Chicles y caramelos: como ingrediente edulcorante principal para realzar el dulzor y el sabor.<\/p>\n<p>6. Medicamentos y productos para la salud: se utilizan en algunos medicamentos orales y suplementos nutricionales para enmascarar el amargor de los medicamentos o aumentar el sabor.<\/p>\n<p>7. Alimentos enlatados y preparados: Se utilizan para realzar el dulzor de los alimentos controlando al mismo tiempo la ingesta total de az\u00facar.<\/p>\n<p>8. Vinagre y condimentos: Se utilizan para elaborar productos de vinagre y salsas bajos en az\u00facar o sin az\u00facar para satisfacer las necesidades de salud de diferentes consumidores.<\/p>\n<h2><span class=\"ez-toc-section\" id=\"Pregunta_formulada_por_un_usuario\"><\/span>Pregunta formulada por un usuario:<span class=\"ez-toc-section-end\"><\/span><\/h2>\n<p>Pregunta: \u00bfCu\u00e1les son las ventajas del aspartamo sobre la sucralosa?<\/p>\n<p>Respuesta: 1. Intensidad de dulzor y calor\u00edas: el aspartamo es aproximadamente 200 veces m\u00e1s dulce que la sacarosa, mientras que la sucralosa es 600 veces m\u00e1s dulce que la sacarosa, por lo que se utiliza en cantidades m\u00e1s peque\u00f1as y tiene menos calor\u00edas.<\/p>\n<p>2. Sabor y dulzor natural: el aspartamo tiene un sabor m\u00e1s cercano al dulzor natural y no deja amargor ni otros sabores desagradables, mientras que la sucralosa puede aportar un ligero sabor amargo en altas concentraciones.<\/p>\n<p>3. Estabilidad: el aspartamo tiene una buena estabilidad en las condiciones habituales de procesamiento de alimentos y no se descompone f\u00e1cilmente ni pierde su dulzura, mientras que la sucralosa puede degradarse en condiciones de alta temperatura.<\/p>\n<p>4. \u00c1mbito de aplicaci\u00f3n: el aspartamo es adecuado para una variedad de alimentos y bebidas, incluidos productos horneados, bebidas, productos l\u00e1cteos, etc., y se utiliza ampliamente en la industria alimentaria. La sucralosa tambi\u00e9n tiene una amplia gama de aplicaciones, pero se debe prestar atenci\u00f3n a su estabilidad en determinadas condiciones de procesamiento de alimentos.<\/p>\n","protected":false},"excerpt":{"rendered":"<ul>\n<li>CAS: 22839-47-0<\/li>\n<li>F\u00f3rmula qu\u00edmica: C<sub>14<\/sub>H<sub>18<\/sub>N<sub>2<\/sub>O<sub>5<\/sub><\/li>\n<li>Certificaci\u00f3n: KOSHER, ISO, HALAL, FSSC22000, BRC, etc.<\/li>\n<li>Est\u00e1ndar: FCCVIII \/ USP 36<\/li>\n<li>Cantidad m\u00ednima de pedido: 1000KG<\/li>\n<li>Caducidad: 2 a\u00f1os<\/li>\n<\/ul>\n","protected":false},"featured_media":5824,"template":"","meta":{"site-sidebar-layout":"default","site-content-layout":"","ast-site-content-layout":"default","site-content-style":"default","site-sidebar-style":"default","ast-global-header-display":"","ast-banner-title-visibility":"","ast-main-header-display":"","ast-hfb-above-header-display":"","ast-hfb-below-header-display":"","ast-hfb-mobile-header-display":"","site-post-title":"","ast-breadcrumbs-content":"","ast-featured-img":"","footer-sml-layout":"","theme-transparent-header-meta":"default","adv-header-id-meta":"","stick-header-meta":"","header-above-stick-meta":"","header-main-stick-meta":"","header-below-stick-meta":"","astra-migrate-meta-layouts":"set","ast-page-background-enabled":"default","ast-page-background-meta":{"desktop":{"background-color":"var(--ast-global-color-4)","background-image":"","background-repeat":"repeat","background-position":"center center","background-size":"auto","background-attachment":"scroll","background-type":"","background-media":"","overlay-type":"","overlay-color":"","overlay-opacity":"","overlay-gradient":""},"tablet":{"background-color":"","background-image":"","background-repeat":"repeat","background-position":"center center","background-size":"auto","background-attachment":"scroll","background-type":"","background-media":"","overlay-type":"","overlay-color":"","overlay-opacity":"","overlay-gradient":""},"mobile":{"background-color":"","background-image":"","background-repeat":"repeat","background-position":"center center","background-size":"auto","background-attachment":"scroll","background-type":"","background-media":"","overlay-type":"","overlay-color":"","overlay-opacity":"","overlay-gradient":""}},"ast-content-background-meta":{"desktop":{"background-color":"var(--ast-global-color-5)","background-image":"","background-repeat":"repeat","background-position":"center center","background-size":"auto","background-attachment":"scroll","background-type":"","background-media":"","overlay-type":"","overlay-color":"","overlay-opacity":"","overlay-gradient":""},"tablet":{"background-color":"var(--ast-global-color-5)","background-image":"","background-repeat":"repeat","background-position":"center center","background-size":"auto","background-attachment":"scroll","background-type":"","background-media":"","overlay-type":"","overlay-color":"","overlay-opacity":"","overlay-gradient":""},"mobile":{"background-color":"var(--ast-global-color-5)","background-image":"","background-repeat":"repeat","background-position":"center center","background-size":"auto","background-attachment":"scroll","background-type":"","background-media":"","overlay-type":"","overlay-color":"","overlay-opacity":"","overlay-gradient":""}}},"product_brand":[],"product_cat":[78],"product_tag":[],"class_list":{"0":"post-8460","1":"product","2":"type-product","3":"status-publish","4":"has-post-thumbnail","6":"product_cat-producto-edulcorante","7":"desktop-align-center","8":"tablet-align-left","9":"mobile-align-left","11":"first","12":"instock","13":"shipping-taxable","14":"product-type-simple"},"yoast_head":"<!-- This site is optimized with the Yoast SEO plugin v26.5 - https:\/\/yoast.com\/wordpress\/plugins\/seo\/ -->\n<title>Aspartamo en Polvo Comprar, Edulcorante Aspartamo Aditivo E951 Precio| Niranbio Chemical<\/title>\n<meta name=\"description\" content=\"El aspartamo, un polvo cristalino blanco, es un edulcorante bajo en calor\u00edas que se utiliza en bebidas, productos farmac\u00e9uticos y chicles sin az\u00facar.\" \/>\n<meta name=\"robots\" content=\"noindex, follow, max-snippet:-1, max-image-preview:large, max-video-preview:-1\" \/>\n<meta name=\"twitter:label1\" content=\"Tiempo de lectura\" \/>\n\t<meta name=\"twitter:data1\" content=\"4 minutos\" \/>\n<script type=\"application\/ld+json\" class=\"yoast-schema-graph\">{\"@context\":\"https:\/\/schema.org\",\"@graph\":[{\"@type\":\"WebPage\",\"@id\":\"https:\/\/theo.niranbio.com\/es\/aspartamo.html\",\"url\":\"https:\/\/theo.niranbio.com\/es\/aspartamo.html\",\"name\":\"Aspartamo en Polvo Comprar, Edulcorante Aspartamo Aditivo E951 Precio| Niranbio Chemical\",\"isPartOf\":{\"@id\":\"https:\/\/theo.niranbio.com\/es\/#website\"},\"primaryImageOfPage\":{\"@id\":\"https:\/\/theo.niranbio.com\/es\/aspartamo.html#primaryimage\"},\"image\":{\"@id\":\"https:\/\/theo.niranbio.com\/es\/aspartamo.html#primaryimage\"},\"thumbnailUrl\":\"https:\/\/theo.niranbio.com\/wp-content\/uploads\/2024\/06\/Aspartame.webp\",\"datePublished\":\"2024-06-20T01:21:36+00:00\",\"dateModified\":\"2024-08-16T06:59:37+00:00\",\"description\":\"El aspartamo, un polvo cristalino blanco, es un edulcorante bajo en calor\u00edas que se utiliza en bebidas, productos farmac\u00e9uticos y chicles sin az\u00facar.\",\"breadcrumb\":{\"@id\":\"https:\/\/theo.niranbio.com\/es\/aspartamo.html#breadcrumb\"},\"inLanguage\":\"es\",\"potentialAction\":[{\"@type\":\"ReadAction\",\"target\":[\"https:\/\/theo.niranbio.com\/es\/aspartamo.html\"]}]},{\"@type\":\"ImageObject\",\"inLanguage\":\"es\",\"@id\":\"https:\/\/theo.niranbio.com\/es\/aspartamo.html#primaryimage\",\"url\":\"https:\/\/theo.niranbio.com\/wp-content\/uploads\/2024\/06\/Aspartame.webp\",\"contentUrl\":\"https:\/\/theo.niranbio.com\/wp-content\/uploads\/2024\/06\/Aspartame.webp\",\"width\":600,\"height\":600,\"caption\":\"Aspartamo\"},{\"@type\":\"BreadcrumbList\",\"@id\":\"https:\/\/theo.niranbio.com\/es\/aspartamo.html#breadcrumb\",\"itemListElement\":[{\"@type\":\"ListItem\",\"position\":1,\"name\":\"Home\",\"item\":\"https:\/\/theo.niranbio.com\/es\/\"},{\"@type\":\"ListItem\",\"position\":2,\"name\":\"Productos\",\"item\":\"https:\/\/theo.niranbio.com\/es\/productos.html\"},{\"@type\":\"ListItem\",\"position\":3,\"name\":\"Edulcorantes\",\"item\":\"https:\/\/theo.niranbio.com\/es\/producto-edulcorante\/\"},{\"@type\":\"ListItem\",\"position\":4,\"name\":\"Aspartamo\"}]},{\"@type\":\"WebSite\",\"@id\":\"https:\/\/theo.niranbio.com\/es\/#website\",\"url\":\"https:\/\/theo.niranbio.com\/es\/\",\"name\":\"Niranbio Chemical\",\"description\":\"\",\"publisher\":{\"@id\":\"https:\/\/theo.niranbio.com\/es\/#organization\"},\"potentialAction\":[{\"@type\":\"SearchAction\",\"target\":{\"@type\":\"EntryPoint\",\"urlTemplate\":\"https:\/\/theo.niranbio.com\/es\/?s={search_term_string}\"},\"query-input\":{\"@type\":\"PropertyValueSpecification\",\"valueRequired\":true,\"valueName\":\"search_term_string\"}}],\"inLanguage\":\"es\"},{\"@type\":\"Organization\",\"@id\":\"https:\/\/theo.niranbio.com\/es\/#organization\",\"name\":\"Niranbio Chemical\",\"url\":\"https:\/\/theo.niranbio.com\/es\/\",\"logo\":{\"@type\":\"ImageObject\",\"inLanguage\":\"es\",\"@id\":\"https:\/\/theo.niranbio.com\/es\/#\/schema\/logo\/image\/\",\"url\":\"https:\/\/theo.niranbio.com\/wp-content\/uploads\/2024\/06\/Niranbio.png\",\"contentUrl\":\"https:\/\/theo.niranbio.com\/wp-content\/uploads\/2024\/06\/Niranbio.png\",\"width\":270,\"height\":100,\"caption\":\"Niranbio Chemical\"},\"image\":{\"@id\":\"https:\/\/theo.niranbio.com\/es\/#\/schema\/logo\/image\/\"}}]}<\/script>\n<!-- \/ Yoast SEO plugin. -->","yoast_head_json":{"title":"Aspartamo en Polvo Comprar, Edulcorante Aspartamo Aditivo E951 Precio| Niranbio Chemical","description":"El aspartamo, un polvo cristalino blanco, es un edulcorante bajo en calor\u00edas que se utiliza en bebidas, productos farmac\u00e9uticos y chicles sin az\u00facar.","robots":{"index":"noindex","follow":"follow","max-snippet":"max-snippet:-1","max-image-preview":"max-image-preview:large","max-video-preview":"max-video-preview:-1"},"twitter_misc":{"Tiempo de lectura":"4 minutos"},"schema":{"@context":"https:\/\/schema.org","@graph":[{"@type":"WebPage","@id":"https:\/\/theo.niranbio.com\/es\/aspartamo.html","url":"https:\/\/theo.niranbio.com\/es\/aspartamo.html","name":"Aspartamo en Polvo Comprar, Edulcorante Aspartamo Aditivo E951 Precio| Niranbio Chemical","isPartOf":{"@id":"https:\/\/theo.niranbio.com\/es\/#website"},"primaryImageOfPage":{"@id":"https:\/\/theo.niranbio.com\/es\/aspartamo.html#primaryimage"},"image":{"@id":"https:\/\/theo.niranbio.com\/es\/aspartamo.html#primaryimage"},"thumbnailUrl":"https:\/\/theo.niranbio.com\/wp-content\/uploads\/2024\/06\/Aspartame.webp","datePublished":"2024-06-20T01:21:36+00:00","dateModified":"2024-08-16T06:59:37+00:00","description":"El aspartamo, un polvo cristalino blanco, es un edulcorante bajo en calor\u00edas que se utiliza en bebidas, productos farmac\u00e9uticos y chicles sin az\u00facar.","breadcrumb":{"@id":"https:\/\/theo.niranbio.com\/es\/aspartamo.html#breadcrumb"},"inLanguage":"es","potentialAction":[{"@type":"ReadAction","target":["https:\/\/theo.niranbio.com\/es\/aspartamo.html"]}]},{"@type":"ImageObject","inLanguage":"es","@id":"https:\/\/theo.niranbio.com\/es\/aspartamo.html#primaryimage","url":"https:\/\/theo.niranbio.com\/wp-content\/uploads\/2024\/06\/Aspartame.webp","contentUrl":"https:\/\/theo.niranbio.com\/wp-content\/uploads\/2024\/06\/Aspartame.webp","width":600,"height":600,"caption":"Aspartamo"},{"@type":"BreadcrumbList","@id":"https:\/\/theo.niranbio.com\/es\/aspartamo.html#breadcrumb","itemListElement":[{"@type":"ListItem","position":1,"name":"Home","item":"https:\/\/theo.niranbio.com\/es\/"},{"@type":"ListItem","position":2,"name":"Productos","item":"https:\/\/theo.niranbio.com\/es\/productos.html"},{"@type":"ListItem","position":3,"name":"Edulcorantes","item":"https:\/\/theo.niranbio.com\/es\/producto-edulcorante\/"},{"@type":"ListItem","position":4,"name":"Aspartamo"}]},{"@type":"WebSite","@id":"https:\/\/theo.niranbio.com\/es\/#website","url":"https:\/\/theo.niranbio.com\/es\/","name":"Niranbio Chemical","description":"","publisher":{"@id":"https:\/\/theo.niranbio.com\/es\/#organization"},"potentialAction":[{"@type":"SearchAction","target":{"@type":"EntryPoint","urlTemplate":"https:\/\/theo.niranbio.com\/es\/?s={search_term_string}"},"query-input":{"@type":"PropertyValueSpecification","valueRequired":true,"valueName":"search_term_string"}}],"inLanguage":"es"},{"@type":"Organization","@id":"https:\/\/theo.niranbio.com\/es\/#organization","name":"Niranbio Chemical","url":"https:\/\/theo.niranbio.com\/es\/","logo":{"@type":"ImageObject","inLanguage":"es","@id":"https:\/\/theo.niranbio.com\/es\/#\/schema\/logo\/image\/","url":"https:\/\/theo.niranbio.com\/wp-content\/uploads\/2024\/06\/Niranbio.png","contentUrl":"https:\/\/theo.niranbio.com\/wp-content\/uploads\/2024\/06\/Niranbio.png","width":270,"height":100,"caption":"Niranbio Chemical"},"image":{"@id":"https:\/\/theo.niranbio.com\/es\/#\/schema\/logo\/image\/"}}]}},"_links":{"self":[{"href":"https:\/\/theo.niranbio.com\/es\/wp-json\/wp\/v2\/product\/8460","targetHints":{"allow":["GET"]}}],"collection":[{"href":"https:\/\/theo.niranbio.com\/es\/wp-json\/wp\/v2\/product"}],"about":[{"href":"https:\/\/theo.niranbio.com\/es\/wp-json\/wp\/v2\/types\/product"}],"version-history":[{"count":0,"href":"https:\/\/theo.niranbio.com\/es\/wp-json\/wp\/v2\/product\/8460\/revisions"}],"wp:featuredmedia":[{"embeddable":true,"href":"https:\/\/theo.niranbio.com\/es\/wp-json\/wp\/v2\/media\/5824"}],"wp:attachment":[{"href":"https:\/\/theo.niranbio.com\/es\/wp-json\/wp\/v2\/media?parent=8460"}],"wp:term":[{"taxonomy":"product_brand","embeddable":true,"href":"https:\/\/theo.niranbio.com\/es\/wp-json\/wp\/v2\/product_brand?post=8460"},{"taxonomy":"product_cat","embeddable":true,"href":"https:\/\/theo.niranbio.com\/es\/wp-json\/wp\/v2\/product_cat?post=8460"},{"taxonomy":"product_tag","embeddable":true,"href":"https:\/\/theo.niranbio.com\/es\/wp-json\/wp\/v2\/product_tag?post=8460"}],"curies":[{"name":"wp","href":"https:\/\/api.w.org\/{rel}","templated":true}]}}