{"id":8457,"date":"2024-06-20T09:23:52","date_gmt":"2024-06-20T01:23:52","guid":{"rendered":"https:\/\/theo.niranbio.com\/jarabe-de-glucosa\/"},"modified":"2024-08-16T14:55:03","modified_gmt":"2024-08-16T06:55:03","slug":"jarabe-de-glucosa","status":"publish","type":"product","link":"https:\/\/theo.niranbio.com\/es\/jarabe-de-glucosa.html","title":{"rendered":"Jarabe de glucosa"},"content":{"rendered":"<h2><span class=\"ez-toc-section\" id=\"%C2%BFQue_es_el_jarabe_de_glucosa\"><\/span>\u00bfQu\u00e9 es el jarabe de glucosa?<span class=\"ez-toc-section-end\"><\/span><\/h2>\n<p>El jarabe de glucosa, un l\u00edquido viscoso y transparente con una alta absorci\u00f3n y retenci\u00f3n de humedad, est\u00e1 hecho de almid\u00f3n y se produce mediante enzimas o \u00e1cidos que utilizan almid\u00f3n como materia prima. Se utiliza ampliamente en la industria alimentaria para mantener el contenido de humedad constante, suave y delicioso de los productos horneados.<\/p>\n<p>El m\u00e9todo com\u00fan para preparar jarabe de glucosa es mezclar almid\u00f3n (generalmente almid\u00f3n de ma\u00edz) con agua y luego licuarlo y sacarificarlo mediante calor y la acci\u00f3n de \u00e1cido o enzimas para descomponer el almid\u00f3n en glucosa; luego, eliminar las impurezas mediante filtraci\u00f3n y luego hacer que el jarabe alcance la concentraci\u00f3n deseada a trav\u00e9s de un paso de concentraci\u00f3n; finalmente, decolorarlo y desmineralizarlo para obtener un producto de jarabe de glucosa puro.<\/p>\n<h2><span class=\"ez-toc-section\" id=\"Parametros_relacionados\"><\/span>Par\u00e1metros relacionados:<span class=\"ez-toc-section-end\"><\/span><\/h2>\n<table>\n<tbody>\n<tr>\n<td><strong>Prueba<\/strong><\/td>\n<td><strong>Resultado<\/strong><\/td>\n<\/tr>\n<tr>\n<td>Aspecto<\/td>\n<td>Jarabe de color incoloro o amarillo p\u00e1lido, sin contaminantes visibles.<\/td>\n<\/tr>\n<tr>\n<td>Olor y sabor<\/td>\n<td>Sin olor ni sabor extra\u00f1os.<\/td>\n<\/tr>\n<tr>\n<td>Sustancia s\u00f3lida, en %.<\/td>\n<td>75-84<\/td>\n<\/tr>\n<tr>\n<td>DE<\/td>\n<td>41-60<\/td>\n<\/tr>\n<tr>\n<td>pH<\/td>\n<td>4.0-6.0<\/td>\n<\/tr>\n<tr>\n<td>Transmitancia (426 nm)<\/td>\n<td>M\u00ednimo 94<\/td>\n<\/tr>\n<tr>\n<td>Temperatura del coque, en \u00b0C<\/td>\n<td>M\u00e1x. 125<\/td>\n<\/tr>\n<tr>\n<td>Ceniza, en %<\/td>\n<td>M\u00e1x 0,3<\/td>\n<\/tr>\n<tr>\n<td>Plomo, en ppm<\/td>\n<td>M\u00e1x. 0,5 ppm<\/td>\n<\/tr>\n<tr>\n<td>As, en ppm<\/td>\n<td>M\u00e1x. 0,5 ppm<\/td>\n<\/tr>\n<tr>\n<td>Bacteria total, en ufc\/g<\/td>\n<td>M\u00e1x 1000<\/td>\n<\/tr>\n<tr>\n<td>E.coli, en ufc\/100g<\/td>\n<td>M\u00e1x 30<\/td>\n<\/tr>\n<\/tbody>\n<\/table>\n<h2><span class=\"ez-toc-section\" id=\"Dosis_recomendada\"><\/span>Dosis recomendada:<span class=\"ez-toc-section-end\"><\/span><\/h2>\n<table>\n<tbody>\n<tr>\n<td><strong>Nombre del alimento<\/strong><\/td>\n<td><strong>Uso m\u00e1ximo (g\/kg)<\/strong><\/td>\n<\/tr>\n<tr>\n<td>Productos de panader\u00eda<\/td>\n<td>30 g\/kg<\/td>\n<\/tr>\n<tr>\n<td>Confiter\u00eda<\/td>\n<td>50 g\/kg<\/td>\n<\/tr>\n<tr>\n<td>Helado<\/td>\n<td>50 g\/kg<\/td>\n<\/tr>\n<tr>\n<td>Bebidas<\/td>\n<td>15 g\/kg<\/td>\n<\/tr>\n<tr>\n<td>Productos l\u00e1cteos<\/td>\n<td>30 g\/kg<\/td>\n<\/tr>\n<tr>\n<td>Frutas en conserva<\/td>\n<td>30 g\/kg<\/td>\n<\/tr>\n<tr>\n<td>Mermeladas y jaleas<\/td>\n<td>50 g\/kg<\/td>\n<\/tr>\n<tr>\n<td>Chocolates<\/td>\n<td>50 g\/kg<\/td>\n<\/tr>\n<tr>\n<td>Rellenos de fruta<\/td>\n<td>30 g\/kg<\/td>\n<\/tr>\n<tr>\n<td>Salsas y aderezos<\/td>\n<td>15 g\/kg<\/td>\n<\/tr>\n<tr>\n<td>Aperitivos<\/td>\n<td>30 g\/kg<\/td>\n<\/tr>\n<tr>\n<td>Postres de gelatina<\/td>\n<td>50 g\/kg<\/td>\n<\/tr>\n<tr>\n<td>Verduras en conserva<\/td>\n<td>30 g\/kg<\/td>\n<\/tr>\n<tr>\n<td>Alimentos funcionales<\/td>\n<td>30 g\/kg<\/td>\n<\/tr>\n<\/tbody>\n<\/table>\n<h2><span class=\"ez-toc-section\" id=\"El_jarabe_de_glucosa_tiene_una_amplia_gama_de_usos\"><\/span>El jarabe de glucosa tiene una amplia gama de usos<span class=\"ez-toc-section-end\"><\/span><\/h2>\n<p>1. El campo del procesamiento de alimentos Un componente clave en el procesamiento de alimentos es el jarabe de glucosa. Inicialmente, se puede agregar a pasteles, galletas, chocolate y otros alimentos para darles dulzura como edulcorante. En segundo lugar, el jarabe de glucosa tambi\u00e9n puede aumentar la retenci\u00f3n de humedad y la textura de los alimentos, haciendo que los pasteles sean m\u00e1s suaves y mejorando el sabor. Adem\u00e1s, el jarabe de glucosa tambi\u00e9n se puede utilizar como agente de recubrimiento para hacer que la superficie de los alimentos como caramelos y gelatinas sea m\u00e1s suave y aumentar el atractivo de los alimentos.<\/p>\n<p>2. Fabricaci\u00f3n de bebidas El jarabe de glucosa tambi\u00e9n tiene una aplicaci\u00f3n importante en la fabricaci\u00f3n de bebidas. Se puede agregar a las bebidas como edulcorante para hacerlas m\u00e1s dulces y tener mejor sabor. Al mismo tiempo, el jarabe de glucosa tambi\u00e9n puede aumentar la viscosidad de las bebidas y mejorar el sabor. En las bebidas de jugo de frutas, el jarabe de glucosa se puede utilizar como estabilizador para evitar la precipitaci\u00f3n del jugo y extender la vida \u00fatil del jugo.<\/p>\n<p>3. Industria farmac\u00e9utica El jarabe de glucosa tiene una aplicaci\u00f3n importante en la industria farmac\u00e9utica. En primer lugar, se puede utilizar como excipiente de medicamentos para aumentar la estabilidad y el sabor de los medicamentos. En segundo lugar, el jarabe de glucosa tambi\u00e9n se puede utilizar como disolvente de medicamentos para facilitar su disoluci\u00f3n. Adem\u00e1s, el jarabe de glucosa tambi\u00e9n se puede utilizar como estabilizador para inyecciones para aumentar la vida \u00fatil de las inyecciones<\/p>\n<p>4. Fabricaci\u00f3n de cosm\u00e9ticos El jarabe de glucosa tambi\u00e9n se usa ampliamente en la fabricaci\u00f3n de cosm\u00e9ticos. Se puede utilizar como humectante para cosm\u00e9ticos para aumentar el efecto humectante del producto. El jarabe de glucosa tambi\u00e9n se puede utilizar como aglutinante en cosm\u00e9ticos para aumentar la adherencia del producto. En cosm\u00e9ticos como l\u00e1pices labiales y b\u00e1lsamos labiales, el jarabe de glucosa se puede utilizar como espesante para que el producto sea m\u00e1s f\u00e1cil de aplicar.<\/p>\n<h2><span class=\"ez-toc-section\" id=\"Pregunta_del_usuario\"><\/span>Pregunta del usuario<span class=\"ez-toc-section-end\"><\/span><\/h2>\n<p>Pregunta: \u00bfCu\u00e1l es la diferencia entre el jarabe de glucosa y el jarabe de fructosa?<\/p>\n<p>Respuesta: El jarabe de glucosa, a veces denominado glucosa l\u00edquida o dextrosa, es un monosac\u00e1rido hecho de hexosa con aldeh\u00eddo. Es agradable, f\u00e1cilmente soluble en agua y blanco cristalizado. Se elabora principalmente hidrolizando almid\u00f3n de ma\u00edz y pertenece a los az\u00facares del almid\u00f3n. Los az\u00facares, o carbohidratos, son abundantes en el jarabe de glucosa y pueden brindarle energ\u00eda al cuerpo.<\/p>\n<p>Por ejemplo, las personas que realizan trabajo f\u00edsico con frecuencia, si toman jarabe de glucosa de manera adecuada, pueden reponer r\u00e1pidamente el gluc\u00f3geno en los m\u00fasculos, proporcionar energ\u00eda al cuerpo y restaurar la fuerza f\u00edsica; el az\u00facar rico en jarabe de glucosa puede proporcionar energ\u00eda para el metabolismo cerebral. Si las personas con p\u00e9rdida de memoria toman glucosa de manera adecuada, puede proporcionar energ\u00eda para el metabolismo cerebral y tiene el efecto de beneficiar la inteligencia y la salud cerebral.<\/p>\n<p>El almid\u00f3n vegetal se somete a hidr\u00f3lisis e isomerizaci\u00f3n para producir jarabe de fructosa, un cristal de almid\u00f3n. Es un edulcorante importante. Tambi\u00e9n se lo conoce como jarabe de fructosa porque la glucosa y la fructosa son sus componentes principales. La funci\u00f3n del jarabe de ma\u00edz con alto contenido de fructosa es inhibir la descomposici\u00f3n de las prote\u00ednas en el cuerpo y es adecuado para trabajadores manuales y deportistas; tiene la funci\u00f3n de descomponer el etanol, lo que puede prevenir la embriaguez, y es adecuado para pacientes con hepatitis y cirrosis; Una sustancia que se puede utilizar en lugar de la sacarosa es el jarabe de ma\u00edz con alto contenido de fructosa, que se utiliza ampliamente en el sector de alimentos y bebidas. Su sabor y aroma son mejores que los de la sacarosa y es algo similar al jugo de fruta natural.<\/p>\n","protected":false},"excerpt":{"rendered":"<ul>\n<li>CAS: 8029-43-4<\/li>\n<li>F\u00f3rmula qu\u00edmica: C<sub>6<\/sub>H<sub>12<\/sub>O<sub>6<\/sub><\/li>\n<li>Certificaci\u00f3n: KOSHER, ISO, HALAL, FSSC22000, BRC, etc.<\/li>\n<li>Norma: GB\/FCC<\/li>\n<li>Cantidad m\u00ednima de pedido: 1000KG<\/li>\n<li>Caducidad: 2 a\u00f1os<\/li>\n<\/ul>\n","protected":false},"featured_media":5821,"template":"","meta":{"site-sidebar-layout":"default","site-content-layout":"","ast-site-content-layout":"default","site-content-style":"default","site-sidebar-style":"default","ast-global-header-display":"","ast-banner-title-visibility":"","ast-main-header-display":"","ast-hfb-above-header-display":"","ast-hfb-below-header-display":"","ast-hfb-mobile-header-display":"","site-post-title":"","ast-breadcrumbs-content":"","ast-featured-img":"","footer-sml-layout":"","theme-transparent-header-meta":"default","adv-header-id-meta":"","stick-header-meta":"","header-above-stick-meta":"","header-main-stick-meta":"","header-below-stick-meta":"","astra-migrate-meta-layouts":"set","ast-page-background-enabled":"default","ast-page-background-meta":{"desktop":{"background-color":"var(--ast-global-color-4)","background-image":"","background-repeat":"repeat","background-position":"center center","background-size":"auto","background-attachment":"scroll","background-type":"","background-media":"","overlay-type":"","overlay-color":"","overlay-opacity":"","overlay-gradient":""},"tablet":{"background-color":"","background-image":"","background-repeat":"repeat","background-position":"center center","background-size":"auto","background-attachment":"scroll","background-type":"","background-media":"","overlay-type":"","overlay-color":"","overlay-opacity":"","overlay-gradient":""},"mobile":{"background-color":"","background-image":"","background-repeat":"repeat","background-position":"center center","background-size":"auto","background-attachment":"scroll","background-type":"","background-media":"","overlay-type":"","overlay-color":"","overlay-opacity":"","overlay-gradient":""}},"ast-content-background-meta":{"desktop":{"background-color":"var(--ast-global-color-5)","background-image":"","background-repeat":"repeat","background-position":"center center","background-size":"auto","background-attachment":"scroll","background-type":"","background-media":"","overlay-type":"","overlay-color":"","overlay-opacity":"","overlay-gradient":""},"tablet":{"background-color":"var(--ast-global-color-5)","background-image":"","background-repeat":"repeat","background-position":"center center","background-size":"auto","background-attachment":"scroll","background-type":"","background-media":"","overlay-type":"","overlay-color":"","overlay-opacity":"","overlay-gradient":""},"mobile":{"background-color":"var(--ast-global-color-5)","background-image":"","background-repeat":"repeat","background-position":"center center","background-size":"auto","background-attachment":"scroll","background-type":"","background-media":"","overlay-type":"","overlay-color":"","overlay-opacity":"","overlay-gradient":""}}},"product_brand":[],"product_cat":[78],"product_tag":[],"class_list":{"0":"post-8457","1":"product","2":"type-product","3":"status-publish","4":"has-post-thumbnail","6":"product_cat-producto-edulcorante","7":"desktop-align-center","8":"tablet-align-left","9":"mobile-align-left","11":"first","12":"instock","13":"shipping-taxable","14":"product-type-simple"},"yoast_head":"<!-- This site is optimized with the Yoast SEO plugin v26.5 - https:\/\/yoast.com\/wordpress\/plugins\/seo\/ -->\n<title>Jarabe de Glucosa Aditivo, Comprar Jarabe de Glucosa L\u00edquido A Precio Econ\u00f3mico | Niranbio Chemical<\/title>\n<meta name=\"description\" content=\"El jarabe de glucosa, un l\u00edquido transparente y viscoso elaborado a partir de almid\u00f3n mediante enzimas o \u00e1cidos, se usa ampliamente en la industria alimentaria para retener la humedad.\" \/>\n<meta name=\"robots\" content=\"noindex, follow, max-snippet:-1, max-image-preview:large, max-video-preview:-1\" \/>\n<meta name=\"twitter:label1\" content=\"Tiempo de lectura\" \/>\n\t<meta name=\"twitter:data1\" content=\"5 minutos\" \/>\n<script type=\"application\/ld+json\" class=\"yoast-schema-graph\">{\"@context\":\"https:\/\/schema.org\",\"@graph\":[{\"@type\":\"WebPage\",\"@id\":\"https:\/\/theo.niranbio.com\/es\/jarabe-de-glucosa.html\",\"url\":\"https:\/\/theo.niranbio.com\/es\/jarabe-de-glucosa.html\",\"name\":\"Jarabe de Glucosa Aditivo, Comprar Jarabe de Glucosa L\u00edquido A Precio Econ\u00f3mico | Niranbio Chemical\",\"isPartOf\":{\"@id\":\"https:\/\/theo.niranbio.com\/es\/#website\"},\"primaryImageOfPage\":{\"@id\":\"https:\/\/theo.niranbio.com\/es\/jarabe-de-glucosa.html#primaryimage\"},\"image\":{\"@id\":\"https:\/\/theo.niranbio.com\/es\/jarabe-de-glucosa.html#primaryimage\"},\"thumbnailUrl\":\"https:\/\/theo.niranbio.com\/wp-content\/uploads\/2024\/06\/Glucose-syrup.webp\",\"datePublished\":\"2024-06-20T01:23:52+00:00\",\"dateModified\":\"2024-08-16T06:55:03+00:00\",\"description\":\"El jarabe de glucosa, un l\u00edquido transparente y viscoso elaborado a partir de almid\u00f3n mediante enzimas o \u00e1cidos, se usa ampliamente en la industria alimentaria para retener la humedad.\",\"breadcrumb\":{\"@id\":\"https:\/\/theo.niranbio.com\/es\/jarabe-de-glucosa.html#breadcrumb\"},\"inLanguage\":\"es\",\"potentialAction\":[{\"@type\":\"ReadAction\",\"target\":[\"https:\/\/theo.niranbio.com\/es\/jarabe-de-glucosa.html\"]}]},{\"@type\":\"ImageObject\",\"inLanguage\":\"es\",\"@id\":\"https:\/\/theo.niranbio.com\/es\/jarabe-de-glucosa.html#primaryimage\",\"url\":\"https:\/\/theo.niranbio.com\/wp-content\/uploads\/2024\/06\/Glucose-syrup.webp\",\"contentUrl\":\"https:\/\/theo.niranbio.com\/wp-content\/uploads\/2024\/06\/Glucose-syrup.webp\",\"width\":600,\"height\":600,\"caption\":\"Jarabe de glucosa\"},{\"@type\":\"BreadcrumbList\",\"@id\":\"https:\/\/theo.niranbio.com\/es\/jarabe-de-glucosa.html#breadcrumb\",\"itemListElement\":[{\"@type\":\"ListItem\",\"position\":1,\"name\":\"Home\",\"item\":\"https:\/\/theo.niranbio.com\/es\/\"},{\"@type\":\"ListItem\",\"position\":2,\"name\":\"Productos\",\"item\":\"https:\/\/theo.niranbio.com\/es\/productos.html\"},{\"@type\":\"ListItem\",\"position\":3,\"name\":\"Edulcorantes\",\"item\":\"https:\/\/theo.niranbio.com\/es\/producto-edulcorante\/\"},{\"@type\":\"ListItem\",\"position\":4,\"name\":\"Jarabe de glucosa\"}]},{\"@type\":\"WebSite\",\"@id\":\"https:\/\/theo.niranbio.com\/es\/#website\",\"url\":\"https:\/\/theo.niranbio.com\/es\/\",\"name\":\"Niranbio Chemical\",\"description\":\"\",\"publisher\":{\"@id\":\"https:\/\/theo.niranbio.com\/es\/#organization\"},\"potentialAction\":[{\"@type\":\"SearchAction\",\"target\":{\"@type\":\"EntryPoint\",\"urlTemplate\":\"https:\/\/theo.niranbio.com\/es\/?s={search_term_string}\"},\"query-input\":{\"@type\":\"PropertyValueSpecification\",\"valueRequired\":true,\"valueName\":\"search_term_string\"}}],\"inLanguage\":\"es\"},{\"@type\":\"Organization\",\"@id\":\"https:\/\/theo.niranbio.com\/es\/#organization\",\"name\":\"Niranbio Chemical\",\"url\":\"https:\/\/theo.niranbio.com\/es\/\",\"logo\":{\"@type\":\"ImageObject\",\"inLanguage\":\"es\",\"@id\":\"https:\/\/theo.niranbio.com\/es\/#\/schema\/logo\/image\/\",\"url\":\"https:\/\/theo.niranbio.com\/wp-content\/uploads\/2024\/06\/Niranbio.png\",\"contentUrl\":\"https:\/\/theo.niranbio.com\/wp-content\/uploads\/2024\/06\/Niranbio.png\",\"width\":270,\"height\":100,\"caption\":\"Niranbio Chemical\"},\"image\":{\"@id\":\"https:\/\/theo.niranbio.com\/es\/#\/schema\/logo\/image\/\"}}]}<\/script>\n<!-- \/ Yoast SEO plugin. -->","yoast_head_json":{"title":"Jarabe de Glucosa Aditivo, Comprar Jarabe de Glucosa L\u00edquido A Precio Econ\u00f3mico | Niranbio Chemical","description":"El jarabe de glucosa, un l\u00edquido transparente y viscoso elaborado a partir de almid\u00f3n mediante enzimas o \u00e1cidos, se usa ampliamente en la industria alimentaria para retener la humedad.","robots":{"index":"noindex","follow":"follow","max-snippet":"max-snippet:-1","max-image-preview":"max-image-preview:large","max-video-preview":"max-video-preview:-1"},"twitter_misc":{"Tiempo de lectura":"5 minutos"},"schema":{"@context":"https:\/\/schema.org","@graph":[{"@type":"WebPage","@id":"https:\/\/theo.niranbio.com\/es\/jarabe-de-glucosa.html","url":"https:\/\/theo.niranbio.com\/es\/jarabe-de-glucosa.html","name":"Jarabe de Glucosa Aditivo, Comprar Jarabe de Glucosa L\u00edquido A Precio Econ\u00f3mico | Niranbio Chemical","isPartOf":{"@id":"https:\/\/theo.niranbio.com\/es\/#website"},"primaryImageOfPage":{"@id":"https:\/\/theo.niranbio.com\/es\/jarabe-de-glucosa.html#primaryimage"},"image":{"@id":"https:\/\/theo.niranbio.com\/es\/jarabe-de-glucosa.html#primaryimage"},"thumbnailUrl":"https:\/\/theo.niranbio.com\/wp-content\/uploads\/2024\/06\/Glucose-syrup.webp","datePublished":"2024-06-20T01:23:52+00:00","dateModified":"2024-08-16T06:55:03+00:00","description":"El jarabe de glucosa, un l\u00edquido transparente y viscoso elaborado a partir de almid\u00f3n mediante enzimas o \u00e1cidos, se usa ampliamente en la industria alimentaria para retener la humedad.","breadcrumb":{"@id":"https:\/\/theo.niranbio.com\/es\/jarabe-de-glucosa.html#breadcrumb"},"inLanguage":"es","potentialAction":[{"@type":"ReadAction","target":["https:\/\/theo.niranbio.com\/es\/jarabe-de-glucosa.html"]}]},{"@type":"ImageObject","inLanguage":"es","@id":"https:\/\/theo.niranbio.com\/es\/jarabe-de-glucosa.html#primaryimage","url":"https:\/\/theo.niranbio.com\/wp-content\/uploads\/2024\/06\/Glucose-syrup.webp","contentUrl":"https:\/\/theo.niranbio.com\/wp-content\/uploads\/2024\/06\/Glucose-syrup.webp","width":600,"height":600,"caption":"Jarabe de glucosa"},{"@type":"BreadcrumbList","@id":"https:\/\/theo.niranbio.com\/es\/jarabe-de-glucosa.html#breadcrumb","itemListElement":[{"@type":"ListItem","position":1,"name":"Home","item":"https:\/\/theo.niranbio.com\/es\/"},{"@type":"ListItem","position":2,"name":"Productos","item":"https:\/\/theo.niranbio.com\/es\/productos.html"},{"@type":"ListItem","position":3,"name":"Edulcorantes","item":"https:\/\/theo.niranbio.com\/es\/producto-edulcorante\/"},{"@type":"ListItem","position":4,"name":"Jarabe de glucosa"}]},{"@type":"WebSite","@id":"https:\/\/theo.niranbio.com\/es\/#website","url":"https:\/\/theo.niranbio.com\/es\/","name":"Niranbio Chemical","description":"","publisher":{"@id":"https:\/\/theo.niranbio.com\/es\/#organization"},"potentialAction":[{"@type":"SearchAction","target":{"@type":"EntryPoint","urlTemplate":"https:\/\/theo.niranbio.com\/es\/?s={search_term_string}"},"query-input":{"@type":"PropertyValueSpecification","valueRequired":true,"valueName":"search_term_string"}}],"inLanguage":"es"},{"@type":"Organization","@id":"https:\/\/theo.niranbio.com\/es\/#organization","name":"Niranbio Chemical","url":"https:\/\/theo.niranbio.com\/es\/","logo":{"@type":"ImageObject","inLanguage":"es","@id":"https:\/\/theo.niranbio.com\/es\/#\/schema\/logo\/image\/","url":"https:\/\/theo.niranbio.com\/wp-content\/uploads\/2024\/06\/Niranbio.png","contentUrl":"https:\/\/theo.niranbio.com\/wp-content\/uploads\/2024\/06\/Niranbio.png","width":270,"height":100,"caption":"Niranbio Chemical"},"image":{"@id":"https:\/\/theo.niranbio.com\/es\/#\/schema\/logo\/image\/"}}]}},"_links":{"self":[{"href":"https:\/\/theo.niranbio.com\/es\/wp-json\/wp\/v2\/product\/8457","targetHints":{"allow":["GET"]}}],"collection":[{"href":"https:\/\/theo.niranbio.com\/es\/wp-json\/wp\/v2\/product"}],"about":[{"href":"https:\/\/theo.niranbio.com\/es\/wp-json\/wp\/v2\/types\/product"}],"version-history":[{"count":0,"href":"https:\/\/theo.niranbio.com\/es\/wp-json\/wp\/v2\/product\/8457\/revisions"}],"wp:featuredmedia":[{"embeddable":true,"href":"https:\/\/theo.niranbio.com\/es\/wp-json\/wp\/v2\/media\/5821"}],"wp:attachment":[{"href":"https:\/\/theo.niranbio.com\/es\/wp-json\/wp\/v2\/media?parent=8457"}],"wp:term":[{"taxonomy":"product_brand","embeddable":true,"href":"https:\/\/theo.niranbio.com\/es\/wp-json\/wp\/v2\/product_brand?post=8457"},{"taxonomy":"product_cat","embeddable":true,"href":"https:\/\/theo.niranbio.com\/es\/wp-json\/wp\/v2\/product_cat?post=8457"},{"taxonomy":"product_tag","embeddable":true,"href":"https:\/\/theo.niranbio.com\/es\/wp-json\/wp\/v2\/product_tag?post=8457"}],"curies":[{"name":"wp","href":"https:\/\/api.w.org\/{rel}","templated":true}]}}