{"id":8452,"date":"2024-06-20T09:25:29","date_gmt":"2024-06-20T01:25:29","guid":{"rendered":"https:\/\/theo.niranbio.com\/polidextrosa\/"},"modified":"2024-08-16T14:48:38","modified_gmt":"2024-08-16T06:48:38","slug":"polidextrosa","status":"publish","type":"product","link":"https:\/\/theo.niranbio.com\/es\/polidextrosa-e1200.html","title":{"rendered":"Polidextrosa"},"content":{"rendered":"<h2><span class=\"ez-toc-section\" id=\"%C2%BFQue_es_la_polidextrosa\"><\/span>\u00bfQu\u00e9 es la polidextrosa?<span class=\"ez-toc-section-end\"><\/span><\/h2>\n<p>La polidextrosa es un pol\u00edmero biodegradable que aparece como part\u00edculas s\u00f3lidas o polvos blancos o blanquecinos, no tiene un olor especial y tiene buena estabilidad t\u00e9rmica. Tiene usos en el sector alimentario como espesante, edulcorante, estabilizador y m\u00e1s. Tambi\u00e9n se utiliza en algunas capacidades en las industrias cosm\u00e9tica y farmac\u00e9utica. El enfoque enzim\u00e1tico y el m\u00e9todo de s\u00edntesis qu\u00edmica son las dos formas b\u00e1sicas de sintetizar polidextrosa.<\/p>\n<p>El m\u00e9todo enzim\u00e1tico utiliza cat\u00e1lisis enzim\u00e1tica y la acci\u00f3n enzim\u00e1tica de la levulosa a la dextrosa, utiliza D-glucosa como materia prima y se somete a una serie de reacciones enzim\u00e1ticas para sintetizar polidextrosa. Este m\u00e9todo tiene ventajas en la pureza del producto y el control de la estructura molecular, pero el rendimiento es bajo y el costo es alto. M\u00e9todo de s\u00edntesis qu\u00edmica: El m\u00e9todo de s\u00edntesis qu\u00edmica de la polidextrosa consiste en conectar las mol\u00e9culas de D-glucosa a trav\u00e9s de reacciones qu\u00edmicas para formar un pol\u00edmero. Hay muchas reacciones secundarias durante el proceso de s\u00edntesis y la pureza es relativamente baja.<\/p>\n<h2><span class=\"ez-toc-section\" id=\"Parametros_relacionados\"><\/span>Par\u00e1metros relacionados:<span class=\"ez-toc-section-end\"><\/span><\/h2>\n<table>\n<tbody>\n<tr>\n<td><strong>Elementos de prueba<\/strong><\/td>\n<td><strong>Especificaciones<\/strong><\/td>\n<\/tr>\n<tr>\n<td>Aspecto<\/td>\n<td>Polvo fino blanco<\/td>\n<\/tr>\n<tr>\n<td>Olor y sabor<\/td>\n<td>Limpio, ligeramente dulce<\/td>\n<\/tr>\n<tr>\n<td>Identificaci\u00f3n<\/td>\n<td>Cumple la prueba<\/td>\n<\/tr>\n<tr>\n<td>Determinaci\u00f3n, como polidextrosa, %*.<\/td>\n<td>M\u00edn.95.00<\/td>\n<\/tr>\n<tr>\n<td>D-Anhidroglucosas,%*<\/td>\n<td>M\u00e1x.4.00<\/td>\n<\/tr>\n<tr>\n<td>Glucosa+ Sorbitol,%*<\/td>\n<td>M\u00e1x.6,00<\/td>\n<\/tr>\n<tr>\n<td>Glucosa,%*<\/td>\n<td>M\u00e1x.4,00<\/td>\n<\/tr>\n<tr>\n<td>Sorbitol,%*<\/td>\n<td>M\u00e1x.2,00<\/td>\n<\/tr>\n<tr>\n<td>Agua, %.<\/td>\n<td>M\u00e1x.4.00<\/td>\n<\/tr>\n<tr>\n<td>L\u00edmite de peso molecular, D<\/td>\n<td>&lt;22000<\/td>\n<\/tr>\n<tr>\n<td>5-Hidroximetilfurfural y compuestos afines,%*<\/td>\n<td>M\u00e1x.0,10<\/td>\n<\/tr>\n<tr>\n<td>Intervalo de pH (soluci\u00f3n al 10%)<\/td>\n<td>4.00-6.00<\/td>\n<\/tr>\n<tr>\n<td>Residuo en ignici\u00f3n (ceniza sulfatada),%.<\/td>\n<td>M\u00e1x. 0,30<\/td>\n<\/tr>\n<tr>\n<td>Plomo, mg\/kg*<\/td>\n<td>M\u00e1x.0,4<\/td>\n<\/tr>\n<tr>\n<td>Ars\u00e9nico, mg\/kg*<\/td>\n<td>M\u00e1x.0,5<\/td>\n<\/tr>\n<tr>\n<td>N\u00edquel, mg\/kg*<\/td>\n<td>M\u00e1x.2.0<\/td>\n<\/tr>\n<tr>\n<td>Metales pesados, mg\/kg*<\/td>\n<td>M\u00e1x.5.0<\/td>\n<\/tr>\n<tr>\n<td>Transparencia de la luz,%(30% concentraci\u00f3n)<\/td>\n<td>M\u00edn.75,0<\/td>\n<\/tr>\n<tr>\n<td>Blancura<\/td>\n<td>M\u00edn.75<\/td>\n<\/tr>\n<tr>\n<td>Recuento de placas aer\u00f3bicas, UFC\/g<\/td>\n<td>M\u00e1x.100<\/td>\n<\/tr>\n<tr>\n<td>Levadura, UFC\/g<\/td>\n<td>M\u00e1x.20<\/td>\n<\/tr>\n<tr>\n<td>Moho, CFu\/g<\/td>\n<td>M\u00e1x.20<\/td>\n<\/tr>\n<tr>\n<td>E.Coli, NMP\/g<\/td>\n<td>&lt;3.0<\/td>\n<\/tr>\n<tr>\n<td>Salmonella, UFC\/25g<\/td>\n<td>Negativo a la prueba<\/td>\n<\/tr>\n<tr>\n<td>Estafilococo dorado, UFC\/10g<\/td>\n<td>Negativo a la prueba<\/td>\n<\/tr>\n<\/tbody>\n<\/table>\n<h2><span class=\"ez-toc-section\" id=\"Dosis_recomendada\"><\/span>Dosis recomendada:<span class=\"ez-toc-section-end\"><\/span><\/h2>\n<table>\n<tbody>\n<tr>\n<td><strong>Nombre del alimento<\/strong><\/td>\n<td><strong>Uso m\u00e1ximo (g\/kg)<\/strong><\/td>\n<\/tr>\n<tr>\n<td>Bebidas<\/td>\n<td>10,0 g\/kg<\/td>\n<\/tr>\n<tr>\n<td>Productos de panader\u00eda<\/td>\n<td>15,0 g\/kg<\/td>\n<\/tr>\n<tr>\n<td>Adobos para carne<\/td>\n<td>8 g\/kg<\/td>\n<\/tr>\n<tr>\n<td>Fruta en conserva<\/td>\n<td>5 g\/kg<\/td>\n<\/tr>\n<tr>\n<td>Productos l\u00e1cteos<\/td>\n<td>12 g\/kg<\/td>\n<\/tr>\n<tr>\n<td>Mermelada<\/td>\n<td>6 g\/kg<\/td>\n<\/tr>\n<tr>\n<td>Salsas<\/td>\n<td>8 g\/kg<\/td>\n<\/tr>\n<tr>\n<td>Aderezo para ensaladas<\/td>\n<td>5 g\/kg<\/td>\n<\/tr>\n<tr>\n<td>Suplementos nutricionales<\/td>\n<td>8 g\/kg<\/td>\n<\/tr>\n<tr>\n<td>Productos c\u00e1rnicos<\/td>\n<td>8 g\/kg<\/td>\n<\/tr>\n<tr>\n<td>Adobo<\/td>\n<td>8 g\/kg<\/td>\n<\/tr>\n<\/tbody>\n<\/table>\n<h2><span class=\"ez-toc-section\" id=\"La_polidextrosa_tiene_una_amplia_gama_de_usos\"><\/span>La polidextrosa tiene una amplia gama de usos<span class=\"ez-toc-section-end\"><\/span><\/h2>\n<ol>\n<li>Controlar el metabolismo de los l\u00edpidos Para limitar eficazmente la absorci\u00f3n de grasa en el tracto digestivo, estimular la excreci\u00f3n de compuestos lip\u00eddicos, aumentar la saciedad y reducir la ingesta de alimentos, todo lo cual contribuye a la regulaci\u00f3n de los l\u00edpidos en sangre, la reducci\u00f3n de la acumulaci\u00f3n de grasa y la prevenci\u00f3n de la obesidad, la polidextrosa puede formar una capa de membrana en el intestino delgado y envolver parte de la grasa de los alimentos.<\/li>\n<li>Reducir el colesterol Las mol\u00e9culas org\u00e1nicas como el \u00e1cido biliar y el mutador del colesterol pueden ser absorbidas por la polidextrosa, que tambi\u00e9n puede usarse para prevenir y tratar la esclerosis de la arteria coronaria, la colelitiasis, las enfermedades cardiovasculares y cerebrovasculares, disminuir la s\u00edntesis y absorci\u00f3n de \u00e1cidos biliares y sales, y reducir la cantidad de colesterol en el plasma y el h\u00edgado humanos.<\/li>\n<li>Disminuye la absorci\u00f3n de az\u00facar Adem\u00e1s de evitar que los alimentos entren en contacto completo con los jugos digestivos, la polidextrosa tambi\u00e9n puede limitar la producci\u00f3n de glucag\u00f3n, ralentizar la absorci\u00f3n de glucosa, reducir los niveles de az\u00facar en sangre posprandial, maximizar la funci\u00f3n de la insulina y prevenir la diabetes.<\/li>\n<li>Evita y controla el estre\u00f1imiento Adem\u00e1s de aumentar la cantidad de heces, estimular el peristaltismo intestinal, acelerar la frecuencia de las defecaciones y ayudar a mantener los intestinos h\u00famedos y prevenir el estre\u00f1imiento, la polidextrosa puede absorber agua, hincharse y retener agua en el intestino humano.<\/li>\n<li>Limpieza y est\u00e9tica El pH del intestino puede regularse eficazmente mediante la polidextrosa. Adem\u00e1s, puede mejorar las condiciones para la r\u00e1pida reproducci\u00f3n de bacterias beneficiosas, incluidas las bifidobacterias, y aumentar su poblaci\u00f3n. Esto inhibe el crecimiento de sapr\u00f3fitos, previene la atrofia de la mucosa intestinal y acelera la excreci\u00f3n de toxinas y desechos metab\u00f3licos del cuerpo, evitando que las toxinas salgan de la piel y mejorando el aspecto de la piel al tiempo que evita el desarrollo de hemorroides, gastroenteritis, c\u00e1ncer de colon y otras enfermedades.<\/li>\n<\/ol>\n<h2><span class=\"ez-toc-section\" id=\"Pregunta_formulada_por_un_usuario\"><\/span>Pregunta formulada por un usuario:<span class=\"ez-toc-section-end\"><\/span><\/h2>\n<p>Pregunta: \u00bfLa polidextrosa es un edulcorante artificial?<\/p>\n<p>Respuesta: La industria alimentaria utiliza principalmente la polidextrosa, un polisac\u00e1rido, como ingrediente. Los usos comunes incluyen como estabilizador y espesante en alimentos para mejorar la textura y el sabor de los alimentos. A diferencia de los edulcorantes artificiales, la polidextrosa no proporciona dulzura, pero se utiliza para mejorar las propiedades f\u00edsicas de los alimentos.<\/p>\n<p>P: \u00bfLa polidextrosa es lo mismo que la glucosa monosac\u00e1rida?<\/p>\n<p>R: La polidextrosa es diferente del monosac\u00e1rido glucosa. Una de las principales mol\u00e9culas utilizadas como fuente de energ\u00eda es la glucosa, un monosac\u00e1rido. Puede metabolizarse directamente en organismos vivos. La polidextrosa es un polisac\u00e1rido formado por m\u00faltiples mol\u00e9culas de glucosa conectadas por enlaces qu\u00edmicos. Se suele a\u00f1adir a las comidas como aditivo para mejorar el sabor y la estabilidad de los alimentos. Es muy diferente de la glucosa en cuanto a propiedades qu\u00edmicas y usos.<\/p>\n","protected":false},"excerpt":{"rendered":"<ul>\n<li>CAS: 68424-04-4<\/li>\n<li>F\u00f3rmula qu\u00edmica: (C<sub>6<\/sub>H<sub>10<\/sub>O<sub>5<\/sub>)n<\/li>\n<li>Certificaci\u00f3n: KOSHER, ISO, HALAL, FSSC22000, BRC, etc.<\/li>\n<li>Norma: USP<\/li>\n<li>Cantidad m\u00ednima de pedido: 1000KG<\/li>\n<li>Caducidad: 2 a\u00f1os<\/li>\n<\/ul>\n","protected":false},"featured_media":5809,"template":"","meta":{"site-sidebar-layout":"default","site-content-layout":"","ast-site-content-layout":"default","site-content-style":"default","site-sidebar-style":"default","ast-global-header-display":"","ast-banner-title-visibility":"","ast-main-header-display":"","ast-hfb-above-header-display":"","ast-hfb-below-header-display":"","ast-hfb-mobile-header-display":"","site-post-title":"","ast-breadcrumbs-content":"","ast-featured-img":"","footer-sml-layout":"","theme-transparent-header-meta":"default","adv-header-id-meta":"","stick-header-meta":"","header-above-stick-meta":"","header-main-stick-meta":"","header-below-stick-meta":"","astra-migrate-meta-layouts":"set","ast-page-background-enabled":"default","ast-page-background-meta":{"desktop":{"background-color":"var(--ast-global-color-4)","background-image":"","background-repeat":"repeat","background-position":"center center","background-size":"auto","background-attachment":"scroll","background-type":"","background-media":"","overlay-type":"","overlay-color":"","overlay-opacity":"","overlay-gradient":""},"tablet":{"background-color":"","background-image":"","background-repeat":"repeat","background-position":"center center","background-size":"auto","background-attachment":"scroll","background-type":"","background-media":"","overlay-type":"","overlay-color":"","overlay-opacity":"","overlay-gradient":""},"mobile":{"background-color":"","background-image":"","background-repeat":"repeat","background-position":"center center","background-size":"auto","background-attachment":"scroll","background-type":"","background-media":"","overlay-type":"","overlay-color":"","overlay-opacity":"","overlay-gradient":""}},"ast-content-background-meta":{"desktop":{"background-color":"var(--ast-global-color-5)","background-image":"","background-repeat":"repeat","background-position":"center center","background-size":"auto","background-attachment":"scroll","background-type":"","background-media":"","overlay-type":"","overlay-color":"","overlay-opacity":"","overlay-gradient":""},"tablet":{"background-color":"var(--ast-global-color-5)","background-image":"","background-repeat":"repeat","background-position":"center center","background-size":"auto","background-attachment":"scroll","background-type":"","background-media":"","overlay-type":"","overlay-color":"","overlay-opacity":"","overlay-gradient":""},"mobile":{"background-color":"var(--ast-global-color-5)","background-image":"","background-repeat":"repeat","background-position":"center center","background-size":"auto","background-attachment":"scroll","background-type":"","background-media":"","overlay-type":"","overlay-color":"","overlay-opacity":"","overlay-gradient":""}}},"product_brand":[],"product_cat":[78],"product_tag":[],"class_list":{"0":"post-8452","1":"product","2":"type-product","3":"status-publish","4":"has-post-thumbnail","6":"product_cat-producto-edulcorante","7":"desktop-align-center","8":"tablet-align-left","9":"mobile-align-left","11":"first","12":"instock","13":"shipping-taxable","14":"product-type-simple"},"yoast_head":"<!-- This site is optimized with the Yoast SEO plugin v26.5 - https:\/\/yoast.com\/wordpress\/plugins\/seo\/ -->\n<title>Polvo de Polidextrosa Org\u00e1nica, Precio de E1200 Aditivo | Niranbio Chemical<\/title>\n<meta name=\"description\" content=\"La polidextrosa, un polvo blanco o blanquecino con buena estabilidad t\u00e9rmica, se utiliza en alimentos, cosm\u00e9ticos y productos farmac\u00e9uticos como espesante, edulcorante y estabilizador.\" \/>\n<meta name=\"robots\" content=\"noindex, follow, max-snippet:-1, max-image-preview:large, max-video-preview:-1\" \/>\n<meta name=\"twitter:label1\" content=\"Tiempo de lectura\" \/>\n\t<meta name=\"twitter:data1\" content=\"4 minutos\" \/>\n<script type=\"application\/ld+json\" class=\"yoast-schema-graph\">{\"@context\":\"https:\/\/schema.org\",\"@graph\":[{\"@type\":\"WebPage\",\"@id\":\"https:\/\/theo.niranbio.com\/es\/polidextrosa-e1200.html\",\"url\":\"https:\/\/theo.niranbio.com\/es\/polidextrosa-e1200.html\",\"name\":\"Polvo de Polidextrosa Org\u00e1nica, Precio de E1200 Aditivo | Niranbio Chemical\",\"isPartOf\":{\"@id\":\"https:\/\/theo.niranbio.com\/es\/#website\"},\"primaryImageOfPage\":{\"@id\":\"https:\/\/theo.niranbio.com\/es\/polidextrosa-e1200.html#primaryimage\"},\"image\":{\"@id\":\"https:\/\/theo.niranbio.com\/es\/polidextrosa-e1200.html#primaryimage\"},\"thumbnailUrl\":\"https:\/\/theo.niranbio.com\/wp-content\/uploads\/2024\/06\/Polydextrose-powder.webp\",\"datePublished\":\"2024-06-20T01:25:29+00:00\",\"dateModified\":\"2024-08-16T06:48:38+00:00\",\"description\":\"La polidextrosa, un polvo blanco o blanquecino con buena estabilidad t\u00e9rmica, se utiliza en alimentos, cosm\u00e9ticos y productos farmac\u00e9uticos como espesante, edulcorante y estabilizador.\",\"breadcrumb\":{\"@id\":\"https:\/\/theo.niranbio.com\/es\/polidextrosa-e1200.html#breadcrumb\"},\"inLanguage\":\"es\",\"potentialAction\":[{\"@type\":\"ReadAction\",\"target\":[\"https:\/\/theo.niranbio.com\/es\/polidextrosa-e1200.html\"]}]},{\"@type\":\"ImageObject\",\"inLanguage\":\"es\",\"@id\":\"https:\/\/theo.niranbio.com\/es\/polidextrosa-e1200.html#primaryimage\",\"url\":\"https:\/\/theo.niranbio.com\/wp-content\/uploads\/2024\/06\/Polydextrose-powder.webp\",\"contentUrl\":\"https:\/\/theo.niranbio.com\/wp-content\/uploads\/2024\/06\/Polydextrose-powder.webp\",\"width\":600,\"height\":600,\"caption\":\"Polvo de polidextrosa\"},{\"@type\":\"BreadcrumbList\",\"@id\":\"https:\/\/theo.niranbio.com\/es\/polidextrosa-e1200.html#breadcrumb\",\"itemListElement\":[{\"@type\":\"ListItem\",\"position\":1,\"name\":\"Home\",\"item\":\"https:\/\/theo.niranbio.com\/es\/\"},{\"@type\":\"ListItem\",\"position\":2,\"name\":\"Productos\",\"item\":\"https:\/\/theo.niranbio.com\/es\/productos.html\"},{\"@type\":\"ListItem\",\"position\":3,\"name\":\"Edulcorantes\",\"item\":\"https:\/\/theo.niranbio.com\/es\/producto-edulcorante\/\"},{\"@type\":\"ListItem\",\"position\":4,\"name\":\"Polidextrosa\"}]},{\"@type\":\"WebSite\",\"@id\":\"https:\/\/theo.niranbio.com\/es\/#website\",\"url\":\"https:\/\/theo.niranbio.com\/es\/\",\"name\":\"Niranbio Chemical\",\"description\":\"\",\"publisher\":{\"@id\":\"https:\/\/theo.niranbio.com\/es\/#organization\"},\"potentialAction\":[{\"@type\":\"SearchAction\",\"target\":{\"@type\":\"EntryPoint\",\"urlTemplate\":\"https:\/\/theo.niranbio.com\/es\/?s={search_term_string}\"},\"query-input\":{\"@type\":\"PropertyValueSpecification\",\"valueRequired\":true,\"valueName\":\"search_term_string\"}}],\"inLanguage\":\"es\"},{\"@type\":\"Organization\",\"@id\":\"https:\/\/theo.niranbio.com\/es\/#organization\",\"name\":\"Niranbio Chemical\",\"url\":\"https:\/\/theo.niranbio.com\/es\/\",\"logo\":{\"@type\":\"ImageObject\",\"inLanguage\":\"es\",\"@id\":\"https:\/\/theo.niranbio.com\/es\/#\/schema\/logo\/image\/\",\"url\":\"https:\/\/theo.niranbio.com\/wp-content\/uploads\/2024\/06\/Niranbio.png\",\"contentUrl\":\"https:\/\/theo.niranbio.com\/wp-content\/uploads\/2024\/06\/Niranbio.png\",\"width\":270,\"height\":100,\"caption\":\"Niranbio Chemical\"},\"image\":{\"@id\":\"https:\/\/theo.niranbio.com\/es\/#\/schema\/logo\/image\/\"}}]}<\/script>\n<!-- \/ Yoast SEO plugin. -->","yoast_head_json":{"title":"Polvo de Polidextrosa Org\u00e1nica, Precio de E1200 Aditivo | Niranbio Chemical","description":"La polidextrosa, un polvo blanco o blanquecino con buena estabilidad t\u00e9rmica, se utiliza en alimentos, cosm\u00e9ticos y productos farmac\u00e9uticos como espesante, edulcorante y estabilizador.","robots":{"index":"noindex","follow":"follow","max-snippet":"max-snippet:-1","max-image-preview":"max-image-preview:large","max-video-preview":"max-video-preview:-1"},"twitter_misc":{"Tiempo de lectura":"4 minutos"},"schema":{"@context":"https:\/\/schema.org","@graph":[{"@type":"WebPage","@id":"https:\/\/theo.niranbio.com\/es\/polidextrosa-e1200.html","url":"https:\/\/theo.niranbio.com\/es\/polidextrosa-e1200.html","name":"Polvo de Polidextrosa Org\u00e1nica, Precio de E1200 Aditivo | Niranbio Chemical","isPartOf":{"@id":"https:\/\/theo.niranbio.com\/es\/#website"},"primaryImageOfPage":{"@id":"https:\/\/theo.niranbio.com\/es\/polidextrosa-e1200.html#primaryimage"},"image":{"@id":"https:\/\/theo.niranbio.com\/es\/polidextrosa-e1200.html#primaryimage"},"thumbnailUrl":"https:\/\/theo.niranbio.com\/wp-content\/uploads\/2024\/06\/Polydextrose-powder.webp","datePublished":"2024-06-20T01:25:29+00:00","dateModified":"2024-08-16T06:48:38+00:00","description":"La polidextrosa, un polvo blanco o blanquecino con buena estabilidad t\u00e9rmica, se utiliza en alimentos, cosm\u00e9ticos y productos farmac\u00e9uticos como espesante, edulcorante y estabilizador.","breadcrumb":{"@id":"https:\/\/theo.niranbio.com\/es\/polidextrosa-e1200.html#breadcrumb"},"inLanguage":"es","potentialAction":[{"@type":"ReadAction","target":["https:\/\/theo.niranbio.com\/es\/polidextrosa-e1200.html"]}]},{"@type":"ImageObject","inLanguage":"es","@id":"https:\/\/theo.niranbio.com\/es\/polidextrosa-e1200.html#primaryimage","url":"https:\/\/theo.niranbio.com\/wp-content\/uploads\/2024\/06\/Polydextrose-powder.webp","contentUrl":"https:\/\/theo.niranbio.com\/wp-content\/uploads\/2024\/06\/Polydextrose-powder.webp","width":600,"height":600,"caption":"Polvo de polidextrosa"},{"@type":"BreadcrumbList","@id":"https:\/\/theo.niranbio.com\/es\/polidextrosa-e1200.html#breadcrumb","itemListElement":[{"@type":"ListItem","position":1,"name":"Home","item":"https:\/\/theo.niranbio.com\/es\/"},{"@type":"ListItem","position":2,"name":"Productos","item":"https:\/\/theo.niranbio.com\/es\/productos.html"},{"@type":"ListItem","position":3,"name":"Edulcorantes","item":"https:\/\/theo.niranbio.com\/es\/producto-edulcorante\/"},{"@type":"ListItem","position":4,"name":"Polidextrosa"}]},{"@type":"WebSite","@id":"https:\/\/theo.niranbio.com\/es\/#website","url":"https:\/\/theo.niranbio.com\/es\/","name":"Niranbio Chemical","description":"","publisher":{"@id":"https:\/\/theo.niranbio.com\/es\/#organization"},"potentialAction":[{"@type":"SearchAction","target":{"@type":"EntryPoint","urlTemplate":"https:\/\/theo.niranbio.com\/es\/?s={search_term_string}"},"query-input":{"@type":"PropertyValueSpecification","valueRequired":true,"valueName":"search_term_string"}}],"inLanguage":"es"},{"@type":"Organization","@id":"https:\/\/theo.niranbio.com\/es\/#organization","name":"Niranbio Chemical","url":"https:\/\/theo.niranbio.com\/es\/","logo":{"@type":"ImageObject","inLanguage":"es","@id":"https:\/\/theo.niranbio.com\/es\/#\/schema\/logo\/image\/","url":"https:\/\/theo.niranbio.com\/wp-content\/uploads\/2024\/06\/Niranbio.png","contentUrl":"https:\/\/theo.niranbio.com\/wp-content\/uploads\/2024\/06\/Niranbio.png","width":270,"height":100,"caption":"Niranbio Chemical"},"image":{"@id":"https:\/\/theo.niranbio.com\/es\/#\/schema\/logo\/image\/"}}]}},"_links":{"self":[{"href":"https:\/\/theo.niranbio.com\/es\/wp-json\/wp\/v2\/product\/8452","targetHints":{"allow":["GET"]}}],"collection":[{"href":"https:\/\/theo.niranbio.com\/es\/wp-json\/wp\/v2\/product"}],"about":[{"href":"https:\/\/theo.niranbio.com\/es\/wp-json\/wp\/v2\/types\/product"}],"version-history":[{"count":0,"href":"https:\/\/theo.niranbio.com\/es\/wp-json\/wp\/v2\/product\/8452\/revisions"}],"wp:featuredmedia":[{"embeddable":true,"href":"https:\/\/theo.niranbio.com\/es\/wp-json\/wp\/v2\/media\/5809"}],"wp:attachment":[{"href":"https:\/\/theo.niranbio.com\/es\/wp-json\/wp\/v2\/media?parent=8452"}],"wp:term":[{"taxonomy":"product_brand","embeddable":true,"href":"https:\/\/theo.niranbio.com\/es\/wp-json\/wp\/v2\/product_brand?post=8452"},{"taxonomy":"product_cat","embeddable":true,"href":"https:\/\/theo.niranbio.com\/es\/wp-json\/wp\/v2\/product_cat?post=8452"},{"taxonomy":"product_tag","embeddable":true,"href":"https:\/\/theo.niranbio.com\/es\/wp-json\/wp\/v2\/product_tag?post=8452"}],"curies":[{"name":"wp","href":"https:\/\/api.w.org\/{rel}","templated":true}]}}