{"id":8449,"date":"2024-06-20T09:19:56","date_gmt":"2024-06-20T01:19:56","guid":{"rendered":"https:\/\/theo.niranbio.com\/fos-fructooligosacaridos\/"},"modified":"2024-08-16T15:04:31","modified_gmt":"2024-08-16T07:04:31","slug":"fos-fructooligosacaridos","status":"publish","type":"product","link":"https:\/\/theo.niranbio.com\/es\/fos-fructooligosacaridos.html","title":{"rendered":"FOS-Fructooligosac\u00e1ridos"},"content":{"rendered":"<h2><span class=\"ez-toc-section\" id=\"%C2%BFQue_son_los_FOS-Fructooligosacaridos\"><\/span>\u00bfQu\u00e9 son los FOS-Fructooligosac\u00e1ridos?<span class=\"ez-toc-section-end\"><\/span><\/h2>\n<p>Los FOS (fructooligosac\u00e1ridos) son fibras diet\u00e9ticas solubles que se encuentran de forma natural y se encuentran principalmente en frutas, verduras y algunas plantas. No tienen un aroma dominante y tienen el aspecto de un polvo incoloro o de color amarillo p\u00e1lido. Se utilizan ampliamente en alimentos, atenci\u00f3n m\u00e9dica, medicamentos, cosm\u00e9ticos y piensos.<\/p>\n<p>Existen dos procesos principales de producci\u00f3n de FOS (fructooligosac\u00e1ridos). Uno es utilizar sacarosa como materia prima y transformarla utilizando \u03b2-fructosiltransferasa o \u03b2-fructofuranosidasa producida por fermentaci\u00f3n microbiana; el otro es utilizar inulina como materia prima y utilizar hidr\u00f3lisis enzim\u00e1tica. El m\u00e9todo de producci\u00f3n m\u00e1s utilizado en China es el primero, que utiliza sacarosa como materia prima y utiliza \u03b2-fructofuranosidasa y \u03b2-fructosiltransferasa secretadas por Aspergillus niger, Fusarium rotundum, Aspergillus japonicus y otras cepas para la reacci\u00f3n enzim\u00e1tica, y luego obtiene el producto terminado mediante filtraci\u00f3n, purificaci\u00f3n, refinamiento y concentraci\u00f3n.<\/p>\n<h2><span class=\"ez-toc-section\" id=\"Parametros_relacionados\"><\/span>Par\u00e1metros relacionados:<span class=\"ez-toc-section-end\"><\/span><\/h2>\n<table>\n<tbody>\n<tr>\n<td><strong>Art\u00edculo<\/strong><\/td>\n<td><strong>Especificaci\u00f3n<\/strong><\/td>\n<\/tr>\n<tr>\n<td>Aspecto<\/td>\n<td>Polvo incoloro o amarillo pajizo sin impurezas visibles<\/td>\n<\/tr>\n<tr>\n<td>Olor y sabor<\/td>\n<td>Sin sabor ni olor peculiares, s\u00f3lo un dulzor saludable<\/td>\n<\/tr>\n<tr>\n<td>Fructooligosac\u00e1rido total:<\/td>\n<td>M\u00ednimo 95%<\/td>\n<\/tr>\n<tr>\n<td>PH<\/td>\n<td>5.0-7.0<\/td>\n<\/tr>\n<tr>\n<td>Humedad:<\/td>\n<td>M\u00e1x. 3,0%<\/td>\n<\/tr>\n<tr>\n<td>Plomo (contado como Pb):<\/td>\n<td>M\u00e1x. 0,5mg\/kg<\/td>\n<\/tr>\n<tr>\n<td>Ars\u00e9nico(recuento como As):<\/td>\n<td>M\u00e1x. 1,0mg\/kg<\/td>\n<\/tr>\n<tr>\n<td>Bacteria total:<\/td>\n<td>Hasta 1000 UFC\/g<\/td>\n<\/tr>\n<tr>\n<td>E. coli:<\/td>\n<td>M\u00e1x. 30 ufc\/100 g<\/td>\n<\/tr>\n<tr>\n<td>Microzima:<\/td>\n<td>M\u00e1ximo 25 ufc\/10g<\/td>\n<\/tr>\n<\/tbody>\n<\/table>\n<h2><span class=\"ez-toc-section\" id=\"Dosis_recomendada\"><\/span>Dosis recomendada:<span class=\"ez-toc-section-end\"><\/span><\/h2>\n<table>\n<tbody>\n<tr>\n<td width=\"225\">Nombre del alimento<\/td>\n<td width=\"158\">Uso m\u00e1ximo(g\/kg)<\/td>\n<\/tr>\n<tr>\n<td width=\"225\">Galletas y boller\u00eda<\/td>\n<td width=\"158\">10 g\/kg<\/td>\n<\/tr>\n<tr>\n<td width=\"225\">Jalea y mermelada<\/td>\n<td width=\"158\">20 g\/kg<\/td>\n<\/tr>\n<tr>\n<td width=\"225\">Productos l\u00e1cteos<\/td>\n<td width=\"158\">15 g\/kg<\/td>\n<\/tr>\n<tr>\n<td width=\"225\">Zumos y bebidas<\/td>\n<td width=\"158\">15 g\/kg<\/td>\n<\/tr>\n<tr>\n<td width=\"225\">Fruta en conserva<\/td>\n<td width=\"158\">15 g\/kg<\/td>\n<\/tr>\n<tr>\n<td width=\"225\">Salsa<\/td>\n<td width=\"158\">10 g\/kg<\/td>\n<\/tr>\n<tr>\n<td width=\"225\">Productos c\u00e1rnicos<\/td>\n<td width=\"158\">8 g\/kg<\/td>\n<\/tr>\n<tr>\n<td width=\"225\">Panader\u00eda<\/td>\n<td width=\"158\">10 g\/kg<\/td>\n<\/tr>\n<tr>\n<td width=\"225\">Fideos instant\u00e1neos y comida r\u00e1pida<\/td>\n<td width=\"158\">10 g\/kg<\/td>\n<\/tr>\n<tr>\n<td width=\"225\">Productos l\u00e1cteos de consumo<\/td>\n<td width=\"158\">15 g\/kg<\/td>\n<\/tr>\n<tr>\n<td width=\"225\">Aderezo para ensaladas<\/td>\n<td width=\"158\">10 g\/kg<\/td>\n<\/tr>\n<tr>\n<td width=\"225\">Aperitivos<\/td>\n<td width=\"158\">15 g\/kg<\/td>\n<\/tr>\n<tr>\n<td width=\"225\">Bebidas nutritivas<\/td>\n<td width=\"158\">15 g\/kg<\/td>\n<\/tr>\n<tr>\n<td width=\"225\">Frutos secos<\/td>\n<td width=\"158\">5-10 g\/kg<\/td>\n<\/tr>\n<\/tbody>\n<\/table>\n<h2><span class=\"ez-toc-section\" id=\"Los_FOS-Fructooligosacaridos_tienen_una_amplia_gama_de_usos\"><\/span>Los FOS-Fructooligosac\u00e1ridos tienen una amplia gama de usos<span class=\"ez-toc-section-end\"><\/span><\/h2>\n<p>1. Efecto prebi\u00f3tico: las bifidobacterias y los lactobacilos son dos ejemplos de bacterias intestinales beneficiosas que se estimulan para prosperar y reproducirse gracias a los fructooligosac\u00e1ridos FOS, un prebi\u00f3tico. Estas bacterias beneficiosas son fundamentales para preservar un equilibrio saludable de la flora intestinal, favorecer una digesti\u00f3n saludable y reforzar el sistema inmunol\u00f3gico.<\/p>\n<p>2. Mejora la absorci\u00f3n de calcio: algunos estudios han demostrado que tomar fructooligosac\u00e1ridos FOS puede ayudar a aumentar la absorci\u00f3n de calcio. En particular, para las personas con osteoporosis u otros trastornos \u00f3seos, esto es crucial para mantener los huesos sanos.<\/p>\n<p>3. Regulan la funci\u00f3n intestinal: Los FOS-Fructooligosac\u00e1ridos ayudan a mantener la salud intestinal, promueven el peristaltismo intestinal normal, disminuyen la velocidad a la que los alimentos pasan por los intestinos y ayudan a aliviar los problemas de estre\u00f1imiento.<\/p>\n<p>4. Regulan el az\u00facar en sangre: Algunos estudios han se\u00f1alado que los FOS-Fructooligosac\u00e1ridos pueden ayudar a reducir los niveles de az\u00facar en sangre y afectar al control del az\u00facar en sangre hasta cierto punto, lo que puede ser \u00fatil para pacientes diab\u00e9ticos.<\/p>\n<p>5. Previenen enfermedades intestinales: El efecto prebi\u00f3tico de los FOS-Fructooligosac\u00e1ridos ayuda a prevenir la aparici\u00f3n de ciertas enfermedades intestinales, como enteritis, infecciones intestinales, etc.<\/p>\n<h2><span class=\"ez-toc-section\" id=\"Pregunta_formulada_por_un_usuario\"><\/span>Pregunta formulada por un usuario:<span class=\"ez-toc-section-end\"><\/span><\/h2>\n<p>Pregunta: \u00bfEl almacenamiento o el transporte de los fructooligosac\u00e1ridos requiere refrigeraci\u00f3n?<\/p>\n<p>Respuesta: Los fructooligosac\u00e1ridos no contienen bacterias vivas y no necesitan ser refrigerados ni congelados. Se aconseja conservar los fructooligosac\u00e1ridos en un lugar seco y bien ventilado, especialmente si est\u00e1n en polvo. Los fructooligosac\u00e1ridos tienen una fuerte higroscopicidad y pueden absorber agua f\u00e1cilmente y aglutinarse en un ambiente h\u00famedo.<\/p>\n","protected":false},"excerpt":{"rendered":"<ul>\n<li>CAS: 223122-07-4<\/li>\n<li>Certificaci\u00f3n: KOSHER, ISO, HALAL, FSSC22000, BRC, etc.<\/li>\n<li>Cantidad m\u00ednima de pedido: 1000KG<\/li>\n<li>Caducidad: 2 a\u00f1os<\/li>\n<\/ul>\n","protected":false},"featured_media":5827,"template":"","meta":{"site-sidebar-layout":"default","site-content-layout":"","ast-site-content-layout":"default","site-content-style":"default","site-sidebar-style":"default","ast-global-header-display":"","ast-banner-title-visibility":"","ast-main-header-display":"","ast-hfb-above-header-display":"","ast-hfb-below-header-display":"","ast-hfb-mobile-header-display":"","site-post-title":"","ast-breadcrumbs-content":"","ast-featured-img":"","footer-sml-layout":"","theme-transparent-header-meta":"default","adv-header-id-meta":"","stick-header-meta":"","header-above-stick-meta":"","header-main-stick-meta":"","header-below-stick-meta":"","astra-migrate-meta-layouts":"set","ast-page-background-enabled":"default","ast-page-background-meta":{"desktop":{"background-color":"var(--ast-global-color-4)","background-image":"","background-repeat":"repeat","background-position":"center center","background-size":"auto","background-attachment":"scroll","background-type":"","background-media":"","overlay-type":"","overlay-color":"","overlay-opacity":"","overlay-gradient":""},"tablet":{"background-color":"","background-image":"","background-repeat":"repeat","background-position":"center center","background-size":"auto","background-attachment":"scroll","background-type":"","background-media":"","overlay-type":"","overlay-color":"","overlay-opacity":"","overlay-gradient":""},"mobile":{"background-color":"","background-image":"","background-repeat":"repeat","background-position":"center center","background-size":"auto","background-attachment":"scroll","background-type":"","background-media":"","overlay-type":"","overlay-color":"","overlay-opacity":"","overlay-gradient":""}},"ast-content-background-meta":{"desktop":{"background-color":"var(--ast-global-color-5)","background-image":"","background-repeat":"repeat","background-position":"center center","background-size":"auto","background-attachment":"scroll","background-type":"","background-media":"","overlay-type":"","overlay-color":"","overlay-opacity":"","overlay-gradient":""},"tablet":{"background-color":"var(--ast-global-color-5)","background-image":"","background-repeat":"repeat","background-position":"center center","background-size":"auto","background-attachment":"scroll","background-type":"","background-media":"","overlay-type":"","overlay-color":"","overlay-opacity":"","overlay-gradient":""},"mobile":{"background-color":"var(--ast-global-color-5)","background-image":"","background-repeat":"repeat","background-position":"center center","background-size":"auto","background-attachment":"scroll","background-type":"","background-media":"","overlay-type":"","overlay-color":"","overlay-opacity":"","overlay-gradient":""}}},"product_brand":[],"product_cat":[78],"product_tag":[],"class_list":{"0":"post-8449","1":"product","2":"type-product","3":"status-publish","4":"has-post-thumbnail","6":"product_cat-producto-edulcorante","7":"desktop-align-center","8":"tablet-align-left","9":"mobile-align-left","11":"first","12":"instock","13":"shipping-taxable","14":"product-type-simple"},"yoast_head":"<!-- This site is optimized with the Yoast SEO plugin v26.5 - https:\/\/yoast.com\/wordpress\/plugins\/seo\/ -->\n<title>Polvo de Fructooligosac\u00e1ridos, Proveedor de FOS Fructooligosacarido | Niranbio Chemical<\/title>\n<meta name=\"description\" content=\"Los fructooligosac\u00e1ridos FOS, un polvo incoloro o de color amarillo p\u00e1lido, se encuentran en frutas, verduras y plantas, y se utilizan en alimentos, atenci\u00f3n m\u00e9dica, cosm\u00e9ticos y piensos.\" \/>\n<meta name=\"robots\" content=\"noindex, follow, max-snippet:-1, max-image-preview:large, max-video-preview:-1\" \/>\n<meta name=\"twitter:label1\" content=\"Tiempo de lectura\" \/>\n\t<meta name=\"twitter:data1\" content=\"3 minutos\" \/>\n<script type=\"application\/ld+json\" class=\"yoast-schema-graph\">{\"@context\":\"https:\/\/schema.org\",\"@graph\":[{\"@type\":\"WebPage\",\"@id\":\"https:\/\/theo.niranbio.com\/es\/fos-fructooligosacaridos.html\",\"url\":\"https:\/\/theo.niranbio.com\/es\/fos-fructooligosacaridos.html\",\"name\":\"Polvo de Fructooligosac\u00e1ridos, Proveedor de FOS Fructooligosacarido | Niranbio Chemical\",\"isPartOf\":{\"@id\":\"https:\/\/theo.niranbio.com\/es\/#website\"},\"primaryImageOfPage\":{\"@id\":\"https:\/\/theo.niranbio.com\/es\/fos-fructooligosacaridos.html#primaryimage\"},\"image\":{\"@id\":\"https:\/\/theo.niranbio.com\/es\/fos-fructooligosacaridos.html#primaryimage\"},\"thumbnailUrl\":\"https:\/\/theo.niranbio.com\/wp-content\/uploads\/2024\/06\/FOS-Fructooligosaccharides.webp\",\"datePublished\":\"2024-06-20T01:19:56+00:00\",\"dateModified\":\"2024-08-16T07:04:31+00:00\",\"description\":\"Los fructooligosac\u00e1ridos FOS, un polvo incoloro o de color amarillo p\u00e1lido, se encuentran en frutas, verduras y plantas, y se utilizan en alimentos, atenci\u00f3n m\u00e9dica, cosm\u00e9ticos y piensos.\",\"breadcrumb\":{\"@id\":\"https:\/\/theo.niranbio.com\/es\/fos-fructooligosacaridos.html#breadcrumb\"},\"inLanguage\":\"es\",\"potentialAction\":[{\"@type\":\"ReadAction\",\"target\":[\"https:\/\/theo.niranbio.com\/es\/fos-fructooligosacaridos.html\"]}]},{\"@type\":\"ImageObject\",\"inLanguage\":\"es\",\"@id\":\"https:\/\/theo.niranbio.com\/es\/fos-fructooligosacaridos.html#primaryimage\",\"url\":\"https:\/\/theo.niranbio.com\/wp-content\/uploads\/2024\/06\/FOS-Fructooligosaccharides.webp\",\"contentUrl\":\"https:\/\/theo.niranbio.com\/wp-content\/uploads\/2024\/06\/FOS-Fructooligosaccharides.webp\",\"width\":600,\"height\":600,\"caption\":\"Fructooligosac\u00e1ridos FOS\"},{\"@type\":\"BreadcrumbList\",\"@id\":\"https:\/\/theo.niranbio.com\/es\/fos-fructooligosacaridos.html#breadcrumb\",\"itemListElement\":[{\"@type\":\"ListItem\",\"position\":1,\"name\":\"Home\",\"item\":\"https:\/\/theo.niranbio.com\/es\/\"},{\"@type\":\"ListItem\",\"position\":2,\"name\":\"Productos\",\"item\":\"https:\/\/theo.niranbio.com\/es\/productos.html\"},{\"@type\":\"ListItem\",\"position\":3,\"name\":\"Edulcorantes\",\"item\":\"https:\/\/theo.niranbio.com\/es\/producto-edulcorante\/\"},{\"@type\":\"ListItem\",\"position\":4,\"name\":\"FOS-Fructooligosac\u00e1ridos\"}]},{\"@type\":\"WebSite\",\"@id\":\"https:\/\/theo.niranbio.com\/es\/#website\",\"url\":\"https:\/\/theo.niranbio.com\/es\/\",\"name\":\"Niranbio Chemical\",\"description\":\"\",\"publisher\":{\"@id\":\"https:\/\/theo.niranbio.com\/es\/#organization\"},\"potentialAction\":[{\"@type\":\"SearchAction\",\"target\":{\"@type\":\"EntryPoint\",\"urlTemplate\":\"https:\/\/theo.niranbio.com\/es\/?s={search_term_string}\"},\"query-input\":{\"@type\":\"PropertyValueSpecification\",\"valueRequired\":true,\"valueName\":\"search_term_string\"}}],\"inLanguage\":\"es\"},{\"@type\":\"Organization\",\"@id\":\"https:\/\/theo.niranbio.com\/es\/#organization\",\"name\":\"Niranbio Chemical\",\"url\":\"https:\/\/theo.niranbio.com\/es\/\",\"logo\":{\"@type\":\"ImageObject\",\"inLanguage\":\"es\",\"@id\":\"https:\/\/theo.niranbio.com\/es\/#\/schema\/logo\/image\/\",\"url\":\"https:\/\/theo.niranbio.com\/wp-content\/uploads\/2024\/06\/Niranbio.png\",\"contentUrl\":\"https:\/\/theo.niranbio.com\/wp-content\/uploads\/2024\/06\/Niranbio.png\",\"width\":270,\"height\":100,\"caption\":\"Niranbio Chemical\"},\"image\":{\"@id\":\"https:\/\/theo.niranbio.com\/es\/#\/schema\/logo\/image\/\"}}]}<\/script>\n<!-- \/ Yoast SEO plugin. -->","yoast_head_json":{"title":"Polvo de Fructooligosac\u00e1ridos, Proveedor de FOS Fructooligosacarido | Niranbio Chemical","description":"Los fructooligosac\u00e1ridos FOS, un polvo incoloro o de color amarillo p\u00e1lido, se encuentran en frutas, verduras y plantas, y se utilizan en alimentos, atenci\u00f3n m\u00e9dica, cosm\u00e9ticos y piensos.","robots":{"index":"noindex","follow":"follow","max-snippet":"max-snippet:-1","max-image-preview":"max-image-preview:large","max-video-preview":"max-video-preview:-1"},"twitter_misc":{"Tiempo de lectura":"3 minutos"},"schema":{"@context":"https:\/\/schema.org","@graph":[{"@type":"WebPage","@id":"https:\/\/theo.niranbio.com\/es\/fos-fructooligosacaridos.html","url":"https:\/\/theo.niranbio.com\/es\/fos-fructooligosacaridos.html","name":"Polvo de Fructooligosac\u00e1ridos, Proveedor de FOS Fructooligosacarido | Niranbio Chemical","isPartOf":{"@id":"https:\/\/theo.niranbio.com\/es\/#website"},"primaryImageOfPage":{"@id":"https:\/\/theo.niranbio.com\/es\/fos-fructooligosacaridos.html#primaryimage"},"image":{"@id":"https:\/\/theo.niranbio.com\/es\/fos-fructooligosacaridos.html#primaryimage"},"thumbnailUrl":"https:\/\/theo.niranbio.com\/wp-content\/uploads\/2024\/06\/FOS-Fructooligosaccharides.webp","datePublished":"2024-06-20T01:19:56+00:00","dateModified":"2024-08-16T07:04:31+00:00","description":"Los fructooligosac\u00e1ridos FOS, un polvo incoloro o de color amarillo p\u00e1lido, se encuentran en frutas, verduras y plantas, y se utilizan en alimentos, atenci\u00f3n m\u00e9dica, cosm\u00e9ticos y piensos.","breadcrumb":{"@id":"https:\/\/theo.niranbio.com\/es\/fos-fructooligosacaridos.html#breadcrumb"},"inLanguage":"es","potentialAction":[{"@type":"ReadAction","target":["https:\/\/theo.niranbio.com\/es\/fos-fructooligosacaridos.html"]}]},{"@type":"ImageObject","inLanguage":"es","@id":"https:\/\/theo.niranbio.com\/es\/fos-fructooligosacaridos.html#primaryimage","url":"https:\/\/theo.niranbio.com\/wp-content\/uploads\/2024\/06\/FOS-Fructooligosaccharides.webp","contentUrl":"https:\/\/theo.niranbio.com\/wp-content\/uploads\/2024\/06\/FOS-Fructooligosaccharides.webp","width":600,"height":600,"caption":"Fructooligosac\u00e1ridos FOS"},{"@type":"BreadcrumbList","@id":"https:\/\/theo.niranbio.com\/es\/fos-fructooligosacaridos.html#breadcrumb","itemListElement":[{"@type":"ListItem","position":1,"name":"Home","item":"https:\/\/theo.niranbio.com\/es\/"},{"@type":"ListItem","position":2,"name":"Productos","item":"https:\/\/theo.niranbio.com\/es\/productos.html"},{"@type":"ListItem","position":3,"name":"Edulcorantes","item":"https:\/\/theo.niranbio.com\/es\/producto-edulcorante\/"},{"@type":"ListItem","position":4,"name":"FOS-Fructooligosac\u00e1ridos"}]},{"@type":"WebSite","@id":"https:\/\/theo.niranbio.com\/es\/#website","url":"https:\/\/theo.niranbio.com\/es\/","name":"Niranbio Chemical","description":"","publisher":{"@id":"https:\/\/theo.niranbio.com\/es\/#organization"},"potentialAction":[{"@type":"SearchAction","target":{"@type":"EntryPoint","urlTemplate":"https:\/\/theo.niranbio.com\/es\/?s={search_term_string}"},"query-input":{"@type":"PropertyValueSpecification","valueRequired":true,"valueName":"search_term_string"}}],"inLanguage":"es"},{"@type":"Organization","@id":"https:\/\/theo.niranbio.com\/es\/#organization","name":"Niranbio Chemical","url":"https:\/\/theo.niranbio.com\/es\/","logo":{"@type":"ImageObject","inLanguage":"es","@id":"https:\/\/theo.niranbio.com\/es\/#\/schema\/logo\/image\/","url":"https:\/\/theo.niranbio.com\/wp-content\/uploads\/2024\/06\/Niranbio.png","contentUrl":"https:\/\/theo.niranbio.com\/wp-content\/uploads\/2024\/06\/Niranbio.png","width":270,"height":100,"caption":"Niranbio Chemical"},"image":{"@id":"https:\/\/theo.niranbio.com\/es\/#\/schema\/logo\/image\/"}}]}},"_links":{"self":[{"href":"https:\/\/theo.niranbio.com\/es\/wp-json\/wp\/v2\/product\/8449","targetHints":{"allow":["GET"]}}],"collection":[{"href":"https:\/\/theo.niranbio.com\/es\/wp-json\/wp\/v2\/product"}],"about":[{"href":"https:\/\/theo.niranbio.com\/es\/wp-json\/wp\/v2\/types\/product"}],"version-history":[{"count":0,"href":"https:\/\/theo.niranbio.com\/es\/wp-json\/wp\/v2\/product\/8449\/revisions"}],"wp:featuredmedia":[{"embeddable":true,"href":"https:\/\/theo.niranbio.com\/es\/wp-json\/wp\/v2\/media\/5827"}],"wp:attachment":[{"href":"https:\/\/theo.niranbio.com\/es\/wp-json\/wp\/v2\/media?parent=8449"}],"wp:term":[{"taxonomy":"product_brand","embeddable":true,"href":"https:\/\/theo.niranbio.com\/es\/wp-json\/wp\/v2\/product_brand?post=8449"},{"taxonomy":"product_cat","embeddable":true,"href":"https:\/\/theo.niranbio.com\/es\/wp-json\/wp\/v2\/product_cat?post=8449"},{"taxonomy":"product_tag","embeddable":true,"href":"https:\/\/theo.niranbio.com\/es\/wp-json\/wp\/v2\/product_tag?post=8449"}],"curies":[{"name":"wp","href":"https:\/\/api.w.org\/{rel}","templated":true}]}}