{"id":8447,"date":"2024-06-20T09:26:11","date_gmt":"2024-06-20T01:26:11","guid":{"rendered":"https:\/\/theo.niranbio.com\/dextrina-resistente\/"},"modified":"2024-08-16T14:47:06","modified_gmt":"2024-08-16T06:47:06","slug":"dextrina-resistente","status":"publish","type":"product","link":"https:\/\/theo.niranbio.com\/es\/dextrina-resistente.html","title":{"rendered":"Dextrina resistente"},"content":{"rendered":"<h2><span class=\"ez-toc-section\" id=\"%C2%BFQue_es_la_dextrina_resistente\"><\/span>\u00bfQu\u00e9 es la dextrina resistente?<span class=\"ez-toc-section-end\"><\/span><\/h2>\n<p>La dextrina resistente es un ingrediente alimentario crudo soluble bajo en calor\u00edas con un sabor ligeramente dulce y sin otros olores desagradables. Es un polvo blanco. Tiene una fuerte solubilidad en agua y una excelente estabilidad al formar una soluci\u00f3n coloidal. Tiene numerosas posibilidades de expandirse en la industria alimentaria.<\/p>\n<p>La dextrina resistente se puede obtener mediante hidr\u00f3lisis \u00e1cida e hidr\u00f3lisis enzim\u00e1tica. El m\u00e9todo de hidr\u00f3lisis \u00e1cida consiste en calentar el almid\u00f3n en condiciones \u00e1cidas para hidrolizarlo parcialmente y producir dextrina resistente, y luego neutralizarlo, filtrarlo, decolorarlo, concentrarlo y secarlo para obtener el producto.<\/p>\n<p>El proceso es simple, pero el l\u00edquido residual \u00e1cido debe tratarse. El m\u00e9todo de hidr\u00f3lisis enzim\u00e1tica utiliza enzimas espec\u00edficas para descomponer el almid\u00f3n en condiciones adecuadas de temperatura y pH para producir dextrina resistente, y luego neutralizar, filtrar, decolorar, concentrar y secar para obtener el producto. Tiene las ventajas de un funcionamiento suave, una alta pureza del producto y una baja presi\u00f3n ambiental. Se ha convertido progresivamente en la t\u00e9cnica est\u00e1ndar para fabricar dextrina resistente.<\/p>\n<h2><span class=\"ez-toc-section\" id=\"Parametros_relacionados\"><\/span>Par\u00e1metros relacionados:<span class=\"ez-toc-section-end\"><\/span><\/h2>\n<table>\n<tbody>\n<tr>\n<td>Art\u00edculos<\/td>\n<td>Normas\uff08polvo\uff09<\/td>\n<td>Normas(l\u00edquido)<\/td>\n<\/tr>\n<tr>\n<td>contenido en fibra<\/td>\n<td>99% M\u00edn<\/td>\n<td>90% M\u00edn<\/td>\n<\/tr>\n<tr>\n<td>Agua Actividad<\/td>\n<td>&#8211;<\/td>\n<td>0,865 M\u00e1x<\/td>\n<\/tr>\n<tr>\n<td>Az\u00facar<\/td>\n<td>2% M\u00e1x<\/td>\n<td>2% M\u00e1x<\/td>\n<\/tr>\n<tr>\n<td>Sustancia s\u00f3lida<\/td>\n<td>&#8211;<\/td>\n<td>75~75%~75.4%<\/td>\n<\/tr>\n<tr>\n<td>pH<\/td>\n<td>3.5~5.5<\/td>\n<td>3.5~5.5<\/td>\n<\/tr>\n<tr>\n<td>Mercurio<\/td>\n<td>&#8211;<\/td>\n<td>5 ppm m\u00e1x.<\/td>\n<\/tr>\n<tr>\n<td>Humedad<\/td>\n<td>6% M\u00e1x<\/td>\n<td>&#8211;<\/td>\n<\/tr>\n<tr>\n<td>Plomo<\/td>\n<td>0,5 ppm m\u00e1x.<\/td>\n<td>0,5 ppm m\u00e1x.<\/td>\n<\/tr>\n<tr>\n<td>Ars\u00e9nico<\/td>\n<td>0,5 ppm M\u00e1x<\/td>\n<td>5 ppm m\u00e1x.<\/td>\n<\/tr>\n<tr>\n<td>Cadmio<\/td>\n<td>&#8211;<\/td>\n<td>1 ppm m\u00e1x.<\/td>\n<\/tr>\n<tr>\n<td>Recuento aer\u00f3bico total<\/td>\n<td>1500 UFC\/g M\u00e1x<\/td>\n<td>1000 UFC\/g m\u00e1x<\/td>\n<\/tr>\n<tr>\n<td>Coliformes totales<\/td>\n<td>30 NMP\/100g m\u00e1x.<\/td>\n<td>30 NMP\/100 g M\u00e1x.<\/td>\n<\/tr>\n<tr>\n<td>Mohos y levaduras<\/td>\n<td>50 UFC\/g m\u00e1x.<\/td>\n<td>25 UFC\/g m\u00e1x.<\/td>\n<\/tr>\n<tr>\n<td>E. coli<\/td>\n<td>3 NMP\/g M\u00e1x<\/td>\n<td>3 NMP\/g M\u00e1x<\/td>\n<\/tr>\n<\/tbody>\n<\/table>\n<h2><span class=\"ez-toc-section\" id=\"Dosis_recomendada\"><\/span>Dosis recomendada:<span class=\"ez-toc-section-end\"><\/span><\/h2>\n<table>\n<tbody>\n<tr>\n<td><strong>Nombre del alimento<\/strong><\/td>\n<td><strong>Uso m\u00e1ximo (g\/kg)<\/strong><\/td>\n<\/tr>\n<tr>\n<td>Bebidas carbonatadas<\/td>\n<td>3 g\/kg<\/td>\n<\/tr>\n<tr>\n<td>Yogur<\/td>\n<td>5 g\/kg<\/td>\n<\/tr>\n<tr>\n<td>Leche<\/td>\n<td>4 g\/kg<\/td>\n<\/tr>\n<tr>\n<td>Bebidas de frutas<\/td>\n<td>3 g\/kg<\/td>\n<\/tr>\n<tr>\n<td>Salsa de soja<\/td>\n<td>3 g\/kg<\/td>\n<\/tr>\n<tr>\n<td>Ketchup<\/td>\n<td>10 g\/kg<\/td>\n<\/tr>\n<tr>\n<td>Jam\u00f3n<\/td>\n<td>10 g\/kg<\/td>\n<\/tr>\n<tr>\n<td>Salchicha<\/td>\n<td>10 g\/kg<\/td>\n<\/tr>\n<tr>\n<td>Comida inflada<\/td>\n<td>10 g\/kg<\/td>\n<\/tr>\n<tr>\n<td>Bebidas con bacterias l\u00e1cticas<\/td>\n<td>10 g\/kg<\/td>\n<\/tr>\n<tr>\n<td>Bebidas l\u00e1cteas fermentadas<\/td>\n<td>10 g\/kg<\/td>\n<\/tr>\n<tr>\n<td>Pan<\/td>\n<td>10 g\/kg<\/td>\n<\/tr>\n<\/tbody>\n<\/table>\n<h2><span class=\"ez-toc-section\" id=\"La_dextrina_resistente_tiene_una_amplia_gama_de_usos\"><\/span>La dextrina resistente tiene una amplia gama de usos<span class=\"ez-toc-section-end\"><\/span><\/h2>\n<ol>\n<li>Industria alimentaria: La dextrina resistente se utiliza a menudo como espesante, estabilizador y agente antihielo, y se utiliza ampliamente en bebidas, pasteles, aderezos para ensaladas, helados y otros productos. Puede aumentar el sabor y la textura de los alimentos al tiempo que ayuda a que los alimentos retengan la humedad.<\/li>\n<li>Industria farmac\u00e9utica: En el campo farmac\u00e9utico, la dextrina resistente se utiliza como material portador para controlar la liberaci\u00f3n sostenida de f\u00e1rmacos y mejorar la biodisponibilidad de los mismos.<\/li>\n<li>Industria cosm\u00e9tica: La dextrina resistente se puede utilizar para preparar productos para el cuidado de la piel, como humectantes, espesantes y emulsionantes, lo que ayuda a mejorar la humectaci\u00f3n y la estabilidad de los productos para el cuidado de la piel.<\/li>\n<li>Industria textil: En el procesamiento textil, la dextrina resistente se puede utilizar para te\u00f1ir, estampar y tratar las arrugas para mejorar el rendimiento del procesamiento y la durabilidad de los textiles.<\/li>\n<li>Industria petrolera: La dextrina resistente se utiliza como agente de refuerzo de pozos petrol\u00edferos y mejorador de yacimientos en la industria petrolera, lo que ayuda a mejorar el rendimiento de los pozos petrol\u00edferos y a aumentar la recuperaci\u00f3n de petr\u00f3leo.<\/li>\n<li>Industria de la pintura: A\u00f1adir dextrina resistente a la pintura puede mejorar la fluidez y la adherencia de la pintura y aumentar la durabilidad de la pintura.<\/li>\n<li>Protecci\u00f3n del medio ambiente: La dextrina resistente se puede utilizar como agente de tratamiento de agua para purificar aguas residuales y cuerpos de agua, lo que ayuda a mejorar la calidad del agua y a proteger el medio ambiente.<\/li>\n<\/ol>\n<h2><span class=\"ez-toc-section\" id=\"Pregunta_formulada_por_un_usuario\"><\/span>Pregunta formulada por un usuario:<span class=\"ez-toc-section-end\"><\/span><\/h2>\n<p>Pregunta: \u00bfLa dextrina resistente es un prebi\u00f3tico?<\/p>\n<p>Respuesta: S\u00ed, la dextrina resistente es un prebi\u00f3tico. Como fibra diet\u00e9tica, la dextrina resistente no puede descomponerse por las enzimas digestivas en el intestino delgado humano, y puede llegar al intestino grueso y promover el crecimiento de bacterias beneficiosas como las bifidobacterias y los lactobacilos. Sus metabolitos, como los \u00e1cidos grasos de cadena corta, ayudan a mantener la salud intestinal, mejoran la funci\u00f3n de barrera intestinal, reducen el pH intestinal e inhiben el crecimiento de bacterias da\u00f1inas. Adem\u00e1s, la dextrina resistente puede fortalecer el sistema inmunol\u00f3gico, controlar los niveles de grasa y az\u00facar en la sangre y mejorar la salud digestiva.<\/p>\n<p>Pregunta: \u00bfQu\u00e9 se debe tener en cuenta al almacenar o transportar dextrina resistente?<\/p>\n<p>Respuesta: La dextrina resistente absorbe f\u00e1cilmente la humedad y debe almacenarse en un ambiente seco y fresco para evitar el contacto con la humedad y el aire h\u00famedo; la temperatura de almacenamiento debe controlarse por debajo de la temperatura ambiente y evitar entornos de alta temperatura para evitar la aglomeraci\u00f3n del producto y la degradaci\u00f3n de la calidad; se debe evitar la luz solar directa, ya que la exposici\u00f3n prolongada a la luz solar puede afectar la calidad del producto; utilice materiales de embalaje sellados a prueba de humedad y antioxidantes para garantizar que el embalaje est\u00e9 intacto y evitar la entrada de aire e impurezas.<\/p>\n","protected":false},"excerpt":{"rendered":"<ul>\n<li>CAS: 9004-53-9<\/li>\n<li>F\u00f3rmula qu\u00edmica: (C<sub>6<\/sub>H<sub>10<\/sub>O<sub>5<\/sub>)n<\/li>\n<li>Certificaci\u00f3n: KOSHER, ISO, HALAL, FSSC22000, BRC, etc.<\/li>\n<li>Est\u00e1ndar: BP\/USP\/FCC<\/li>\n<li>Cantidad m\u00ednima de pedido: 1000KG<\/li>\n<li>Caducidad: 2 a\u00f1os<\/li>\n<\/ul>\n","protected":false},"featured_media":5804,"template":"","meta":{"site-sidebar-layout":"default","site-content-layout":"","ast-site-content-layout":"default","site-content-style":"default","site-sidebar-style":"default","ast-global-header-display":"","ast-banner-title-visibility":"","ast-main-header-display":"","ast-hfb-above-header-display":"","ast-hfb-below-header-display":"","ast-hfb-mobile-header-display":"","site-post-title":"","ast-breadcrumbs-content":"","ast-featured-img":"","footer-sml-layout":"","theme-transparent-header-meta":"default","adv-header-id-meta":"","stick-header-meta":"","header-above-stick-meta":"","header-main-stick-meta":"","header-below-stick-meta":"","astra-migrate-meta-layouts":"set","ast-page-background-enabled":"default","ast-page-background-meta":{"desktop":{"background-color":"var(--ast-global-color-4)","background-image":"","background-repeat":"repeat","background-position":"center center","background-size":"auto","background-attachment":"scroll","background-type":"","background-media":"","overlay-type":"","overlay-color":"","overlay-opacity":"","overlay-gradient":""},"tablet":{"background-color":"","background-image":"","background-repeat":"repeat","background-position":"center center","background-size":"auto","background-attachment":"scroll","background-type":"","background-media":"","overlay-type":"","overlay-color":"","overlay-opacity":"","overlay-gradient":""},"mobile":{"background-color":"","background-image":"","background-repeat":"repeat","background-position":"center center","background-size":"auto","background-attachment":"scroll","background-type":"","background-media":"","overlay-type":"","overlay-color":"","overlay-opacity":"","overlay-gradient":""}},"ast-content-background-meta":{"desktop":{"background-color":"var(--ast-global-color-5)","background-image":"","background-repeat":"repeat","background-position":"center center","background-size":"auto","background-attachment":"scroll","background-type":"","background-media":"","overlay-type":"","overlay-color":"","overlay-opacity":"","overlay-gradient":""},"tablet":{"background-color":"var(--ast-global-color-5)","background-image":"","background-repeat":"repeat","background-position":"center center","background-size":"auto","background-attachment":"scroll","background-type":"","background-media":"","overlay-type":"","overlay-color":"","overlay-opacity":"","overlay-gradient":""},"mobile":{"background-color":"var(--ast-global-color-5)","background-image":"","background-repeat":"repeat","background-position":"center center","background-size":"auto","background-attachment":"scroll","background-type":"","background-media":"","overlay-type":"","overlay-color":"","overlay-opacity":"","overlay-gradient":""}}},"product_brand":[],"product_cat":[78],"product_tag":[],"class_list":{"0":"post-8447","1":"product","2":"type-product","3":"status-publish","4":"has-post-thumbnail","6":"product_cat-producto-edulcorante","7":"desktop-align-center","8":"tablet-align-left","9":"mobile-align-left","11":"first","12":"instock","13":"shipping-taxable","14":"product-type-simple"},"yoast_head":"<!-- This site is optimized with the Yoast SEO plugin v26.5 - https:\/\/yoast.com\/wordpress\/plugins\/seo\/ -->\n<title>Dextrina Resistente Org\u00e1nica en Polvo, E1400 a Granel | Niranbio Chemical<\/title>\n<meta name=\"description\" content=\"La dextrina resistente, un polvo blanco con un dulzor suave, es un ingrediente soluble en agua y de bajas calor\u00edas con una excelente estabilidad, ideal para ampliar las aplicaciones de la industria alimentaria.\" \/>\n<meta name=\"robots\" content=\"noindex, follow, max-snippet:-1, max-image-preview:large, max-video-preview:-1\" \/>\n<meta name=\"twitter:label1\" content=\"Tiempo de lectura\" \/>\n\t<meta name=\"twitter:data1\" content=\"4 minutos\" \/>\n<script type=\"application\/ld+json\" class=\"yoast-schema-graph\">{\"@context\":\"https:\/\/schema.org\",\"@graph\":[{\"@type\":\"WebPage\",\"@id\":\"https:\/\/theo.niranbio.com\/es\/dextrina-resistente.html\",\"url\":\"https:\/\/theo.niranbio.com\/es\/dextrina-resistente.html\",\"name\":\"Dextrina Resistente Org\u00e1nica en Polvo, E1400 a Granel | Niranbio Chemical\",\"isPartOf\":{\"@id\":\"https:\/\/theo.niranbio.com\/es\/#website\"},\"primaryImageOfPage\":{\"@id\":\"https:\/\/theo.niranbio.com\/es\/dextrina-resistente.html#primaryimage\"},\"image\":{\"@id\":\"https:\/\/theo.niranbio.com\/es\/dextrina-resistente.html#primaryimage\"},\"thumbnailUrl\":\"https:\/\/theo.niranbio.com\/wp-content\/uploads\/2024\/06\/Resistant-Dextrin.webp\",\"datePublished\":\"2024-06-20T01:26:11+00:00\",\"dateModified\":\"2024-08-16T06:47:06+00:00\",\"description\":\"La dextrina resistente, un polvo blanco con un dulzor suave, es un ingrediente soluble en agua y de bajas calor\u00edas con una excelente estabilidad, ideal para ampliar las aplicaciones de la industria alimentaria.\",\"breadcrumb\":{\"@id\":\"https:\/\/theo.niranbio.com\/es\/dextrina-resistente.html#breadcrumb\"},\"inLanguage\":\"es\",\"potentialAction\":[{\"@type\":\"ReadAction\",\"target\":[\"https:\/\/theo.niranbio.com\/es\/dextrina-resistente.html\"]}]},{\"@type\":\"ImageObject\",\"inLanguage\":\"es\",\"@id\":\"https:\/\/theo.niranbio.com\/es\/dextrina-resistente.html#primaryimage\",\"url\":\"https:\/\/theo.niranbio.com\/wp-content\/uploads\/2024\/06\/Resistant-Dextrin.webp\",\"contentUrl\":\"https:\/\/theo.niranbio.com\/wp-content\/uploads\/2024\/06\/Resistant-Dextrin.webp\",\"width\":600,\"height\":600,\"caption\":\"Dextrina resistente\"},{\"@type\":\"BreadcrumbList\",\"@id\":\"https:\/\/theo.niranbio.com\/es\/dextrina-resistente.html#breadcrumb\",\"itemListElement\":[{\"@type\":\"ListItem\",\"position\":1,\"name\":\"Home\",\"item\":\"https:\/\/theo.niranbio.com\/es\/\"},{\"@type\":\"ListItem\",\"position\":2,\"name\":\"Productos\",\"item\":\"https:\/\/theo.niranbio.com\/es\/productos.html\"},{\"@type\":\"ListItem\",\"position\":3,\"name\":\"Edulcorantes\",\"item\":\"https:\/\/theo.niranbio.com\/es\/producto-edulcorante\/\"},{\"@type\":\"ListItem\",\"position\":4,\"name\":\"Dextrina resistente\"}]},{\"@type\":\"WebSite\",\"@id\":\"https:\/\/theo.niranbio.com\/es\/#website\",\"url\":\"https:\/\/theo.niranbio.com\/es\/\",\"name\":\"Niranbio Chemical\",\"description\":\"\",\"publisher\":{\"@id\":\"https:\/\/theo.niranbio.com\/es\/#organization\"},\"potentialAction\":[{\"@type\":\"SearchAction\",\"target\":{\"@type\":\"EntryPoint\",\"urlTemplate\":\"https:\/\/theo.niranbio.com\/es\/?s={search_term_string}\"},\"query-input\":{\"@type\":\"PropertyValueSpecification\",\"valueRequired\":true,\"valueName\":\"search_term_string\"}}],\"inLanguage\":\"es\"},{\"@type\":\"Organization\",\"@id\":\"https:\/\/theo.niranbio.com\/es\/#organization\",\"name\":\"Niranbio Chemical\",\"url\":\"https:\/\/theo.niranbio.com\/es\/\",\"logo\":{\"@type\":\"ImageObject\",\"inLanguage\":\"es\",\"@id\":\"https:\/\/theo.niranbio.com\/es\/#\/schema\/logo\/image\/\",\"url\":\"https:\/\/theo.niranbio.com\/wp-content\/uploads\/2024\/06\/Niranbio.png\",\"contentUrl\":\"https:\/\/theo.niranbio.com\/wp-content\/uploads\/2024\/06\/Niranbio.png\",\"width\":270,\"height\":100,\"caption\":\"Niranbio Chemical\"},\"image\":{\"@id\":\"https:\/\/theo.niranbio.com\/es\/#\/schema\/logo\/image\/\"}}]}<\/script>\n<!-- \/ Yoast SEO plugin. -->","yoast_head_json":{"title":"Dextrina Resistente Org\u00e1nica en Polvo, E1400 a Granel | Niranbio Chemical","description":"La dextrina resistente, un polvo blanco con un dulzor suave, es un ingrediente soluble en agua y de bajas calor\u00edas con una excelente estabilidad, ideal para ampliar las aplicaciones de la industria alimentaria.","robots":{"index":"noindex","follow":"follow","max-snippet":"max-snippet:-1","max-image-preview":"max-image-preview:large","max-video-preview":"max-video-preview:-1"},"twitter_misc":{"Tiempo de lectura":"4 minutos"},"schema":{"@context":"https:\/\/schema.org","@graph":[{"@type":"WebPage","@id":"https:\/\/theo.niranbio.com\/es\/dextrina-resistente.html","url":"https:\/\/theo.niranbio.com\/es\/dextrina-resistente.html","name":"Dextrina Resistente Org\u00e1nica en Polvo, E1400 a Granel | Niranbio Chemical","isPartOf":{"@id":"https:\/\/theo.niranbio.com\/es\/#website"},"primaryImageOfPage":{"@id":"https:\/\/theo.niranbio.com\/es\/dextrina-resistente.html#primaryimage"},"image":{"@id":"https:\/\/theo.niranbio.com\/es\/dextrina-resistente.html#primaryimage"},"thumbnailUrl":"https:\/\/theo.niranbio.com\/wp-content\/uploads\/2024\/06\/Resistant-Dextrin.webp","datePublished":"2024-06-20T01:26:11+00:00","dateModified":"2024-08-16T06:47:06+00:00","description":"La dextrina resistente, un polvo blanco con un dulzor suave, es un ingrediente soluble en agua y de bajas calor\u00edas con una excelente estabilidad, ideal para ampliar las aplicaciones de la industria alimentaria.","breadcrumb":{"@id":"https:\/\/theo.niranbio.com\/es\/dextrina-resistente.html#breadcrumb"},"inLanguage":"es","potentialAction":[{"@type":"ReadAction","target":["https:\/\/theo.niranbio.com\/es\/dextrina-resistente.html"]}]},{"@type":"ImageObject","inLanguage":"es","@id":"https:\/\/theo.niranbio.com\/es\/dextrina-resistente.html#primaryimage","url":"https:\/\/theo.niranbio.com\/wp-content\/uploads\/2024\/06\/Resistant-Dextrin.webp","contentUrl":"https:\/\/theo.niranbio.com\/wp-content\/uploads\/2024\/06\/Resistant-Dextrin.webp","width":600,"height":600,"caption":"Dextrina resistente"},{"@type":"BreadcrumbList","@id":"https:\/\/theo.niranbio.com\/es\/dextrina-resistente.html#breadcrumb","itemListElement":[{"@type":"ListItem","position":1,"name":"Home","item":"https:\/\/theo.niranbio.com\/es\/"},{"@type":"ListItem","position":2,"name":"Productos","item":"https:\/\/theo.niranbio.com\/es\/productos.html"},{"@type":"ListItem","position":3,"name":"Edulcorantes","item":"https:\/\/theo.niranbio.com\/es\/producto-edulcorante\/"},{"@type":"ListItem","position":4,"name":"Dextrina resistente"}]},{"@type":"WebSite","@id":"https:\/\/theo.niranbio.com\/es\/#website","url":"https:\/\/theo.niranbio.com\/es\/","name":"Niranbio Chemical","description":"","publisher":{"@id":"https:\/\/theo.niranbio.com\/es\/#organization"},"potentialAction":[{"@type":"SearchAction","target":{"@type":"EntryPoint","urlTemplate":"https:\/\/theo.niranbio.com\/es\/?s={search_term_string}"},"query-input":{"@type":"PropertyValueSpecification","valueRequired":true,"valueName":"search_term_string"}}],"inLanguage":"es"},{"@type":"Organization","@id":"https:\/\/theo.niranbio.com\/es\/#organization","name":"Niranbio Chemical","url":"https:\/\/theo.niranbio.com\/es\/","logo":{"@type":"ImageObject","inLanguage":"es","@id":"https:\/\/theo.niranbio.com\/es\/#\/schema\/logo\/image\/","url":"https:\/\/theo.niranbio.com\/wp-content\/uploads\/2024\/06\/Niranbio.png","contentUrl":"https:\/\/theo.niranbio.com\/wp-content\/uploads\/2024\/06\/Niranbio.png","width":270,"height":100,"caption":"Niranbio Chemical"},"image":{"@id":"https:\/\/theo.niranbio.com\/es\/#\/schema\/logo\/image\/"}}]}},"_links":{"self":[{"href":"https:\/\/theo.niranbio.com\/es\/wp-json\/wp\/v2\/product\/8447","targetHints":{"allow":["GET"]}}],"collection":[{"href":"https:\/\/theo.niranbio.com\/es\/wp-json\/wp\/v2\/product"}],"about":[{"href":"https:\/\/theo.niranbio.com\/es\/wp-json\/wp\/v2\/types\/product"}],"version-history":[{"count":0,"href":"https:\/\/theo.niranbio.com\/es\/wp-json\/wp\/v2\/product\/8447\/revisions"}],"wp:featuredmedia":[{"embeddable":true,"href":"https:\/\/theo.niranbio.com\/es\/wp-json\/wp\/v2\/media\/5804"}],"wp:attachment":[{"href":"https:\/\/theo.niranbio.com\/es\/wp-json\/wp\/v2\/media?parent=8447"}],"wp:term":[{"taxonomy":"product_brand","embeddable":true,"href":"https:\/\/theo.niranbio.com\/es\/wp-json\/wp\/v2\/product_brand?post=8447"},{"taxonomy":"product_cat","embeddable":true,"href":"https:\/\/theo.niranbio.com\/es\/wp-json\/wp\/v2\/product_cat?post=8447"},{"taxonomy":"product_tag","embeddable":true,"href":"https:\/\/theo.niranbio.com\/es\/wp-json\/wp\/v2\/product_tag?post=8447"}],"curies":[{"name":"wp","href":"https:\/\/api.w.org\/{rel}","templated":true}]}}