{"id":8445,"date":"2024-06-20T09:27:41","date_gmt":"2024-06-20T01:27:41","guid":{"rendered":"https:\/\/theo.niranbio.com\/d-xilosa\/"},"modified":"2024-08-16T14:45:40","modified_gmt":"2024-08-16T06:45:40","slug":"d-xilosa","status":"publish","type":"product","link":"https:\/\/theo.niranbio.com\/es\/d-xilosa.html","title":{"rendered":"D-xilosa"},"content":{"rendered":"<h2><span class=\"ez-toc-section\" id=\"%C2%BFQue_es_la_D-Xilosa\"><\/span>\u00bfQu\u00e9 es la D-Xilosa?<span class=\"ez-toc-section-end\"><\/span><\/h2>\n<p>La D-xilosa es una pentosa formada por hidr\u00f3lisis de plantas ricas en hemicelulosa, como aserr\u00edn, paja y mazorcas de ma\u00edz. Aparece como cristales incoloros o blancos o como un polvo cristalino blanco en la superficie, con un aroma \u00fanico y una dulzura agradable. Su dulzura es de aproximadamente el 40 % de la de la sacarosa y tiene una amplia gama de usos en alimentos, piensos, medicamentos y otras industrias.<\/p>\n<p>La producci\u00f3n de D-xilosa se puede realizar extrayendo xilano de materiales vegetales, convirti\u00e9ndolo en D-xilosa mediante hidr\u00f3lisis \u00e1cida y luego pasando por los pasos de neutralizaci\u00f3n, filtraci\u00f3n, decoloraci\u00f3n, desalinizaci\u00f3n, concentraci\u00f3n, cristalizaci\u00f3n y secado para finalmente obtener un producto de D-xilosa de alta pureza.<\/p>\n<h2><span class=\"ez-toc-section\" id=\"Parametros_relacionados\"><\/span>Par\u00e1metros relacionados:<span class=\"ez-toc-section-end\"><\/span><\/h2>\n<table>\n<tbody>\n<tr>\n<td><strong>Art\u00edculos<\/strong><\/td>\n<td><strong>Normas<\/strong><\/td>\n<\/tr>\n<tr>\n<td>Ensayo (base seca)<\/td>\n<td>98.0-102%-102.0%<\/td>\n<\/tr>\n<tr>\n<td>P\u00e9rdida por desecaci\u00f3n,%.<\/td>\n<td>\u22640.5<\/td>\n<\/tr>\n<tr>\n<td>Rotaci\u00f3n \u00f3ptica espec\u00edfica,\u00b0<\/td>\n<td>18.5-19.5<\/td>\n<\/tr>\n<tr>\n<td>Metales pesados,mg\/kg<\/td>\n<td>\u22645<\/td>\n<\/tr>\n<tr>\n<td>Ars\u00e9nico, mg\/kg<\/td>\n<td>\u22640.5<\/td>\n<\/tr>\n<tr>\n<td>Plomo, mg\/kg<\/td>\n<td>\u22640.5<\/td>\n<\/tr>\n<tr>\n<td>Cloruro<\/td>\n<td>\u22640.005<\/td>\n<\/tr>\n<tr>\n<td>Sulfato<\/td>\n<td>\u22640.005<\/td>\n<\/tr>\n<tr>\n<td>Ceniza sulfatada,%.<\/td>\n<td>\u22640.05<\/td>\n<\/tr>\n<tr>\n<td>Punto de fusi\u00f3n, \u2103<\/td>\n<td>147-151<\/td>\n<\/tr>\n<tr>\n<td>pH en soluci\u00f3n acuosa<\/td>\n<td>5.0-7.0<\/td>\n<\/tr>\n<tr>\n<td>Recuento total en placa,UFC\/g<\/td>\n<td>\u2264100<\/td>\n<\/tr>\n<tr>\n<td>Coliformes,NMP\/g<\/td>\n<td>\u22643<\/td>\n<\/tr>\n<tr>\n<td>Levaduras y mohos, UFC\/g<\/td>\n<td>\u2264100<\/td>\n<\/tr>\n<\/tbody>\n<\/table>\n<h2><span class=\"ez-toc-section\" id=\"Dosis_recomendada\"><\/span>Dosis recomendada:<span class=\"ez-toc-section-end\"><\/span><\/h2>\n<table>\n<tbody>\n<tr>\n<td><strong>Nombre del alimento<\/strong><\/td>\n<td><strong>Uso m\u00e1ximo (g\/kg)<\/strong><\/td>\n<\/tr>\n<tr>\n<td>Bebidas carbonatadas<\/td>\n<td>3 g\/kg<\/td>\n<\/tr>\n<tr>\n<td>Bebidas de frutas<\/td>\n<td>3 g\/kg<\/td>\n<\/tr>\n<tr>\n<td>Yogur<\/td>\n<td>2 g\/kg<\/td>\n<\/tr>\n<tr>\n<td>Leche<\/td>\n<td>2 g\/kg<\/td>\n<\/tr>\n<tr>\n<td>Pastel<\/td>\n<td>6 g\/kg<\/td>\n<\/tr>\n<tr>\n<td>Chocolate<\/td>\n<td>3 g\/kg<\/td>\n<\/tr>\n<tr>\n<td>Salsa de soja<\/td>\n<td>2 g\/kg<\/td>\n<\/tr>\n<tr>\n<td>Vinagre<\/td>\n<td>2 g\/kg<\/td>\n<\/tr>\n<tr>\n<td>Ketchup<\/td>\n<td>3 g\/kg<\/td>\n<\/tr>\n<tr>\n<td>Jam\u00f3n<\/td>\n<td>2 g\/kg<\/td>\n<\/tr>\n<tr>\n<td>Salchicha<\/td>\n<td>2 g\/kg<\/td>\n<\/tr>\n<tr>\n<td>Tocino<\/td>\n<td>2 g\/kg<\/td>\n<\/tr>\n<tr>\n<td>Comida inflada<\/td>\n<td>3 g\/kg<\/td>\n<\/tr>\n<tr>\n<td>Frutos de c\u00e1scara<\/td>\n<td>2 g\/kg<\/td>\n<\/tr>\n<tr>\n<td>Condimento para fideos instant\u00e1neos<\/td>\n<td>2 g\/kg<\/td>\n<\/tr>\n<tr>\n<td>Bebidas con bacterias l\u00e1cticas<\/td>\n<td>3 g\/kg<\/td>\n<\/tr>\n<tr>\n<td>Bebidas l\u00e1cteas fermentadas<\/td>\n<td>3 g\/kg<\/td>\n<\/tr>\n<tr>\n<td>Bebida de fruta en polvo<\/td>\n<td>3 g\/kg<\/td>\n<\/tr>\n<tr>\n<td>Prote\u00edna en polvo<\/td>\n<td>4 g\/kg<\/td>\n<\/tr>\n<\/tbody>\n<\/table>\n<h2><span class=\"ez-toc-section\" id=\"La_D-xilosa_tiene_una_amplia_gama_de_usos\"><\/span>La D-xilosa tiene una amplia gama de usos<span class=\"ez-toc-section-end\"><\/span><\/h2>\n<ol>\n<li>Se utiliza para corregir el sabor, el color y mejorar el aroma en el procesamiento de carne y productos de granos procesados \u200b\u200bpor calor. La D-xilosa es un az\u00facar reductor que es bueno para neutralizar los amino\u00e1cidos en los az\u00facares para producir la reacci\u00f3n de Maillard. Se puede agregar a los alimentos en cualquier proporci\u00f3n seg\u00fan sea necesario. Una peque\u00f1a cantidad de xilosa puede lograr el efecto de colorear y mejorar el aroma. Ahora se usa ampliamente en productos de pasta de pescado, alimentos horneados, galletas, jam\u00f3n, salchichas, tocino, productos acu\u00e1ticos, carne artificial y procesamiento de alimentos c\u00e1rnicos. Despu\u00e9s de agregar una peque\u00f1a cantidad de xilosa y calentar, se puede mejorar el color, el sabor y el aroma de los productos c\u00e1rnicos, y tambi\u00e9n se puede ajustar el olor de la carne. En este sentido, la xilosa tiene un mejor efecto que la glucosa o la sacarosa.<\/li>\n<li>Producci\u00f3n de sabores de carne y alimento para mascotas Los sabores de carne producidos en el pa\u00eds y en el extranjero utilizan principalmente extractos enzim\u00e1ticos de carne como material base, y luego agregan amino\u00e1cidos y az\u00facares para calentar y producir la reacci\u00f3n de Maillard, que puede obtener sabores de carne naturales realistas, incluido el sabor de yema de huevo, sabor a mariscos, etc. En la actualidad, la proporci\u00f3n de xilosa como materia prima en dichos sabores utilizados es relativamente grande.<\/li>\n<li>Edulcorante no cal\u00f3rico Adecuado para personas obesas y con altos niveles de az\u00facar. La D-xilosa se absorbe principalmente de forma pasiva en el espacio vac\u00edo durante el metabolismo en el cuerpo y el 90% se excreta del cuerpo sin causar diarrea, por lo que es un excelente edulcorante nutricional.<\/li>\n<li>La D-xilosa es una sustancia muy compatible con los alimentos. Una peque\u00f1a cantidad de xilosa agregada a los alimentos puede tener resultados positivos.<\/li>\n<li>Se utiliza para preparar xilitol.<\/li>\n<\/ol>\n<h2><span class=\"ez-toc-section\" id=\"Pregunta_formulada_por_un_usuario\"><\/span>Pregunta formulada por un usuario:<span class=\"ez-toc-section-end\"><\/span><\/h2>\n<p>Pregunta: \u00bfSon la D-xilosa y el xilitol lo mismo?<\/p>\n<p>Respuesta: La D-xilosa es un monosac\u00e1rido que pertenece a la clase de las aldosas. Es reductor y puede participar en la reacci\u00f3n de Maillard. Su dulzor es de alrededor del 40% de la sacarosa. Tiene un dulzor menor y puede ser parcialmente absorbido y metabolizado por el cuerpo humano. Tiene un contenido cal\u00f3rico menor y puede usarse como edulcorante funcional, materia prima para la reacci\u00f3n de Maillard, excipiente farmac\u00e9utico, prebi\u00f3tico y materia prima para la conversi\u00f3n de biomasa.<\/p>\n<p>El xilitol es un producto de la reducci\u00f3n de la D-xilosa. Pertenece a la clase de los alcoholes de az\u00facar. Tiene un sabor dulce y un dulzor cercano a la sacarosa, alrededor del 70% al 100% de la sacarosa. Tiene un sabor fresco y no es propenso a las caries. No participa en la reacci\u00f3n de Maillard y no es metabolizado completamente por el cuerpo humano. No altera los niveles de az\u00facar en sangre y contiene aproximadamente un 60% de sacarosa como calor\u00edas. Es adecuado para diab\u00e9ticos y dietas bajas en calor\u00edas y se utiliza ampliamente en alimentos sin az\u00facar, alimentos para diab\u00e9ticos, chicles, pastas de dientes, enjuagues bucales y medicamentos.<\/p>\n","protected":false},"excerpt":{"rendered":"<ul>\n<li>CAS: 58-86-6<\/li>\n<li>F\u00f3rmula qu\u00edmica: C<sub>5<\/sub>H<sub>10<\/sub>O<sub>5<\/sub><\/li>\n<li>Certificaci\u00f3n: KOSHER, ISO, HALAL, FSSC22000, BRC, etc.<\/li>\n<li>Est\u00e1ndar: USP\/BP<\/li>\n<li>Cantidad m\u00ednima de pedido: 1000KG<\/li>\n<li>Caducidad: 2 a\u00f1os<\/li>\n<\/ul>\n","protected":false},"featured_media":5799,"template":"","meta":{"site-sidebar-layout":"default","site-content-layout":"","ast-site-content-layout":"default","site-content-style":"default","site-sidebar-style":"default","ast-global-header-display":"","ast-banner-title-visibility":"","ast-main-header-display":"","ast-hfb-above-header-display":"","ast-hfb-below-header-display":"","ast-hfb-mobile-header-display":"","site-post-title":"","ast-breadcrumbs-content":"","ast-featured-img":"","footer-sml-layout":"","theme-transparent-header-meta":"default","adv-header-id-meta":"","stick-header-meta":"","header-above-stick-meta":"","header-main-stick-meta":"","header-below-stick-meta":"","astra-migrate-meta-layouts":"set","ast-page-background-enabled":"default","ast-page-background-meta":{"desktop":{"background-color":"var(--ast-global-color-4)","background-image":"","background-repeat":"repeat","background-position":"center center","background-size":"auto","background-attachment":"scroll","background-type":"","background-media":"","overlay-type":"","overlay-color":"","overlay-opacity":"","overlay-gradient":""},"tablet":{"background-color":"","background-image":"","background-repeat":"repeat","background-position":"center center","background-size":"auto","background-attachment":"scroll","background-type":"","background-media":"","overlay-type":"","overlay-color":"","overlay-opacity":"","overlay-gradient":""},"mobile":{"background-color":"","background-image":"","background-repeat":"repeat","background-position":"center center","background-size":"auto","background-attachment":"scroll","background-type":"","background-media":"","overlay-type":"","overlay-color":"","overlay-opacity":"","overlay-gradient":""}},"ast-content-background-meta":{"desktop":{"background-color":"var(--ast-global-color-5)","background-image":"","background-repeat":"repeat","background-position":"center center","background-size":"auto","background-attachment":"scroll","background-type":"","background-media":"","overlay-type":"","overlay-color":"","overlay-opacity":"","overlay-gradient":""},"tablet":{"background-color":"var(--ast-global-color-5)","background-image":"","background-repeat":"repeat","background-position":"center center","background-size":"auto","background-attachment":"scroll","background-type":"","background-media":"","overlay-type":"","overlay-color":"","overlay-opacity":"","overlay-gradient":""},"mobile":{"background-color":"var(--ast-global-color-5)","background-image":"","background-repeat":"repeat","background-position":"center center","background-size":"auto","background-attachment":"scroll","background-type":"","background-media":"","overlay-type":"","overlay-color":"","overlay-opacity":"","overlay-gradient":""}}},"product_brand":[],"product_cat":[78],"product_tag":[],"class_list":{"0":"post-8445","1":"product","2":"type-product","3":"status-publish","4":"has-post-thumbnail","6":"product_cat-producto-edulcorante","7":"desktop-align-center","8":"tablet-align-left","9":"mobile-align-left","11":"first","12":"instock","13":"shipping-taxable","14":"product-type-simple"},"yoast_head":"<!-- This site is optimized with the Yoast SEO plugin v26.5 - https:\/\/yoast.com\/wordpress\/plugins\/seo\/ -->\n<title>Proveedor de Polvo de D-xilosa | Niranbio Chemical<\/title>\n<meta name=\"description\" content=\"La D-xilosa, un polvo cristalino incoloro a blanco, tiene un 40 % del dulzor de la sacarosa y se utiliza en alimentos, piensos, medicamentos y otras industrias.\" \/>\n<meta name=\"robots\" content=\"noindex, follow, max-snippet:-1, max-image-preview:large, max-video-preview:-1\" \/>\n<meta name=\"twitter:label1\" content=\"Tiempo de lectura\" \/>\n\t<meta name=\"twitter:data1\" content=\"4 minutos\" \/>\n<script type=\"application\/ld+json\" class=\"yoast-schema-graph\">{\"@context\":\"https:\/\/schema.org\",\"@graph\":[{\"@type\":\"WebPage\",\"@id\":\"https:\/\/theo.niranbio.com\/es\/d-xilosa.html\",\"url\":\"https:\/\/theo.niranbio.com\/es\/d-xilosa.html\",\"name\":\"Proveedor de Polvo de D-xilosa | Niranbio Chemical\",\"isPartOf\":{\"@id\":\"https:\/\/theo.niranbio.com\/es\/#website\"},\"primaryImageOfPage\":{\"@id\":\"https:\/\/theo.niranbio.com\/es\/d-xilosa.html#primaryimage\"},\"image\":{\"@id\":\"https:\/\/theo.niranbio.com\/es\/d-xilosa.html#primaryimage\"},\"thumbnailUrl\":\"https:\/\/theo.niranbio.com\/wp-content\/uploads\/2024\/06\/D-XYLOSE.webp\",\"datePublished\":\"2024-06-20T01:27:41+00:00\",\"dateModified\":\"2024-08-16T06:45:40+00:00\",\"description\":\"La D-xilosa, un polvo cristalino incoloro a blanco, tiene un 40 % del dulzor de la sacarosa y se utiliza en alimentos, piensos, medicamentos y otras industrias.\",\"breadcrumb\":{\"@id\":\"https:\/\/theo.niranbio.com\/es\/d-xilosa.html#breadcrumb\"},\"inLanguage\":\"es\",\"potentialAction\":[{\"@type\":\"ReadAction\",\"target\":[\"https:\/\/theo.niranbio.com\/es\/d-xilosa.html\"]}]},{\"@type\":\"ImageObject\",\"inLanguage\":\"es\",\"@id\":\"https:\/\/theo.niranbio.com\/es\/d-xilosa.html#primaryimage\",\"url\":\"https:\/\/theo.niranbio.com\/wp-content\/uploads\/2024\/06\/D-XYLOSE.webp\",\"contentUrl\":\"https:\/\/theo.niranbio.com\/wp-content\/uploads\/2024\/06\/D-XYLOSE.webp\",\"width\":600,\"height\":600,\"caption\":\"D-XILOSA\"},{\"@type\":\"BreadcrumbList\",\"@id\":\"https:\/\/theo.niranbio.com\/es\/d-xilosa.html#breadcrumb\",\"itemListElement\":[{\"@type\":\"ListItem\",\"position\":1,\"name\":\"Home\",\"item\":\"https:\/\/theo.niranbio.com\/es\/\"},{\"@type\":\"ListItem\",\"position\":2,\"name\":\"Productos\",\"item\":\"https:\/\/theo.niranbio.com\/es\/productos.html\"},{\"@type\":\"ListItem\",\"position\":3,\"name\":\"Edulcorantes\",\"item\":\"https:\/\/theo.niranbio.com\/es\/producto-edulcorante\/\"},{\"@type\":\"ListItem\",\"position\":4,\"name\":\"D-xilosa\"}]},{\"@type\":\"WebSite\",\"@id\":\"https:\/\/theo.niranbio.com\/es\/#website\",\"url\":\"https:\/\/theo.niranbio.com\/es\/\",\"name\":\"Niranbio Chemical\",\"description\":\"\",\"publisher\":{\"@id\":\"https:\/\/theo.niranbio.com\/es\/#organization\"},\"potentialAction\":[{\"@type\":\"SearchAction\",\"target\":{\"@type\":\"EntryPoint\",\"urlTemplate\":\"https:\/\/theo.niranbio.com\/es\/?s={search_term_string}\"},\"query-input\":{\"@type\":\"PropertyValueSpecification\",\"valueRequired\":true,\"valueName\":\"search_term_string\"}}],\"inLanguage\":\"es\"},{\"@type\":\"Organization\",\"@id\":\"https:\/\/theo.niranbio.com\/es\/#organization\",\"name\":\"Niranbio Chemical\",\"url\":\"https:\/\/theo.niranbio.com\/es\/\",\"logo\":{\"@type\":\"ImageObject\",\"inLanguage\":\"es\",\"@id\":\"https:\/\/theo.niranbio.com\/es\/#\/schema\/logo\/image\/\",\"url\":\"https:\/\/theo.niranbio.com\/wp-content\/uploads\/2024\/06\/Niranbio.png\",\"contentUrl\":\"https:\/\/theo.niranbio.com\/wp-content\/uploads\/2024\/06\/Niranbio.png\",\"width\":270,\"height\":100,\"caption\":\"Niranbio Chemical\"},\"image\":{\"@id\":\"https:\/\/theo.niranbio.com\/es\/#\/schema\/logo\/image\/\"}}]}<\/script>\n<!-- \/ Yoast SEO plugin. -->","yoast_head_json":{"title":"Proveedor de Polvo de D-xilosa | Niranbio Chemical","description":"La D-xilosa, un polvo cristalino incoloro a blanco, tiene un 40 % del dulzor de la sacarosa y se utiliza en alimentos, piensos, medicamentos y otras industrias.","robots":{"index":"noindex","follow":"follow","max-snippet":"max-snippet:-1","max-image-preview":"max-image-preview:large","max-video-preview":"max-video-preview:-1"},"twitter_misc":{"Tiempo de lectura":"4 minutos"},"schema":{"@context":"https:\/\/schema.org","@graph":[{"@type":"WebPage","@id":"https:\/\/theo.niranbio.com\/es\/d-xilosa.html","url":"https:\/\/theo.niranbio.com\/es\/d-xilosa.html","name":"Proveedor de Polvo de D-xilosa | Niranbio Chemical","isPartOf":{"@id":"https:\/\/theo.niranbio.com\/es\/#website"},"primaryImageOfPage":{"@id":"https:\/\/theo.niranbio.com\/es\/d-xilosa.html#primaryimage"},"image":{"@id":"https:\/\/theo.niranbio.com\/es\/d-xilosa.html#primaryimage"},"thumbnailUrl":"https:\/\/theo.niranbio.com\/wp-content\/uploads\/2024\/06\/D-XYLOSE.webp","datePublished":"2024-06-20T01:27:41+00:00","dateModified":"2024-08-16T06:45:40+00:00","description":"La D-xilosa, un polvo cristalino incoloro a blanco, tiene un 40 % del dulzor de la sacarosa y se utiliza en alimentos, piensos, medicamentos y otras industrias.","breadcrumb":{"@id":"https:\/\/theo.niranbio.com\/es\/d-xilosa.html#breadcrumb"},"inLanguage":"es","potentialAction":[{"@type":"ReadAction","target":["https:\/\/theo.niranbio.com\/es\/d-xilosa.html"]}]},{"@type":"ImageObject","inLanguage":"es","@id":"https:\/\/theo.niranbio.com\/es\/d-xilosa.html#primaryimage","url":"https:\/\/theo.niranbio.com\/wp-content\/uploads\/2024\/06\/D-XYLOSE.webp","contentUrl":"https:\/\/theo.niranbio.com\/wp-content\/uploads\/2024\/06\/D-XYLOSE.webp","width":600,"height":600,"caption":"D-XILOSA"},{"@type":"BreadcrumbList","@id":"https:\/\/theo.niranbio.com\/es\/d-xilosa.html#breadcrumb","itemListElement":[{"@type":"ListItem","position":1,"name":"Home","item":"https:\/\/theo.niranbio.com\/es\/"},{"@type":"ListItem","position":2,"name":"Productos","item":"https:\/\/theo.niranbio.com\/es\/productos.html"},{"@type":"ListItem","position":3,"name":"Edulcorantes","item":"https:\/\/theo.niranbio.com\/es\/producto-edulcorante\/"},{"@type":"ListItem","position":4,"name":"D-xilosa"}]},{"@type":"WebSite","@id":"https:\/\/theo.niranbio.com\/es\/#website","url":"https:\/\/theo.niranbio.com\/es\/","name":"Niranbio Chemical","description":"","publisher":{"@id":"https:\/\/theo.niranbio.com\/es\/#organization"},"potentialAction":[{"@type":"SearchAction","target":{"@type":"EntryPoint","urlTemplate":"https:\/\/theo.niranbio.com\/es\/?s={search_term_string}"},"query-input":{"@type":"PropertyValueSpecification","valueRequired":true,"valueName":"search_term_string"}}],"inLanguage":"es"},{"@type":"Organization","@id":"https:\/\/theo.niranbio.com\/es\/#organization","name":"Niranbio Chemical","url":"https:\/\/theo.niranbio.com\/es\/","logo":{"@type":"ImageObject","inLanguage":"es","@id":"https:\/\/theo.niranbio.com\/es\/#\/schema\/logo\/image\/","url":"https:\/\/theo.niranbio.com\/wp-content\/uploads\/2024\/06\/Niranbio.png","contentUrl":"https:\/\/theo.niranbio.com\/wp-content\/uploads\/2024\/06\/Niranbio.png","width":270,"height":100,"caption":"Niranbio Chemical"},"image":{"@id":"https:\/\/theo.niranbio.com\/es\/#\/schema\/logo\/image\/"}}]}},"_links":{"self":[{"href":"https:\/\/theo.niranbio.com\/es\/wp-json\/wp\/v2\/product\/8445","targetHints":{"allow":["GET"]}}],"collection":[{"href":"https:\/\/theo.niranbio.com\/es\/wp-json\/wp\/v2\/product"}],"about":[{"href":"https:\/\/theo.niranbio.com\/es\/wp-json\/wp\/v2\/types\/product"}],"version-history":[{"count":0,"href":"https:\/\/theo.niranbio.com\/es\/wp-json\/wp\/v2\/product\/8445\/revisions"}],"wp:featuredmedia":[{"embeddable":true,"href":"https:\/\/theo.niranbio.com\/es\/wp-json\/wp\/v2\/media\/5799"}],"wp:attachment":[{"href":"https:\/\/theo.niranbio.com\/es\/wp-json\/wp\/v2\/media?parent=8445"}],"wp:term":[{"taxonomy":"product_brand","embeddable":true,"href":"https:\/\/theo.niranbio.com\/es\/wp-json\/wp\/v2\/product_brand?post=8445"},{"taxonomy":"product_cat","embeddable":true,"href":"https:\/\/theo.niranbio.com\/es\/wp-json\/wp\/v2\/product_cat?post=8445"},{"taxonomy":"product_tag","embeddable":true,"href":"https:\/\/theo.niranbio.com\/es\/wp-json\/wp\/v2\/product_tag?post=8445"}],"curies":[{"name":"wp","href":"https:\/\/api.w.org\/{rel}","templated":true}]}}