{"id":8439,"date":"2024-06-20T09:28:35","date_gmt":"2024-06-20T01:28:35","guid":{"rendered":"https:\/\/theo.niranbio.com\/extracto-de-fruta-de-monje-calidad-alimentaria\/"},"modified":"2024-08-16T14:41:53","modified_gmt":"2024-08-16T06:41:53","slug":"extracto-de-fruta-de-monje-calidad-alimentaria","status":"publish","type":"product","link":"https:\/\/theo.niranbio.com\/es\/extracto-de-fruta-de-monje-calidad-alimentaria.html","title":{"rendered":"Extracto de fruta de monje: calidad alimentaria"},"content":{"rendered":"<h2><span class=\"ez-toc-section\" id=\"%C2%BFQue_es_el_extracto_de_fruta_del_monje\"><\/span>\u00bfQu\u00e9 es el extracto de fruta del monje?<span class=\"ez-toc-section-end\"><\/span><\/h2>\n<p>El extracto de fruta del monje es un edulcorante natural que aparece como un polvo cristalino blanco. Tiene un sabor extremadamente dulce, entre 200 y 300 veces m\u00e1s dulce que la sacarosa. Se utiliza ampliamente en bebidas, dulces y otros negocios relacionados con la alimentaci\u00f3n. Se disuelve f\u00e1cilmente tanto en etanol como en agua. El extracto de fruta del monje es el fruto del fruto del monje cosechado y limpiado que se tritura y se seca, y luego se extrae con agua o etanol.<\/p>\n<p>Despu\u00e9s de filtrar y concentrar el extracto, se purifica mediante adsorci\u00f3n y eluci\u00f3n de resina para eliminar las impurezas y concentrar los ingredientes activos. El extracto purificado se cristaliza y se seca para hacer extracto de fruta del monje en polvo. Por \u00faltimo, se estandariza y se prueba estrictamente la calidad para garantizar la pureza y la consistencia de cada lote de productos, y se envasa y almacena para mantener la estabilidad y la seguridad del producto.<\/p>\n<h2><span class=\"ez-toc-section\" id=\"Parametros_relacionados\"><\/span>Par\u00e1metros relacionados:<span class=\"ez-toc-section-end\"><\/span><\/h2>\n<table>\n<tbody>\n<tr>\n<td><strong>ART\u00cdCULOS<\/strong><\/td>\n<td><strong>ESPECIFICACI\u00d3N<\/strong><\/td>\n<\/tr>\n<tr>\n<td>Contenido de humedad<\/td>\n<td>\u2264 5.0%<\/td>\n<\/tr>\n<tr>\n<td>Ceniza<\/td>\n<td>\u2264 2.0%<\/td>\n<\/tr>\n<tr>\n<td>Ars\u00e9nico (As)<\/td>\n<td>\u2264 0,5 ppm<\/td>\n<\/tr>\n<tr>\n<td>Cadmio(Cd)<\/td>\n<td>\u2264 0,5ppm<\/td>\n<\/tr>\n<tr>\n<td>Plomo (Pb)<\/td>\n<td>\u2264 1ppm<\/td>\n<\/tr>\n<tr>\n<td>Mercurio(Hg)<\/td>\n<td>\u2264 0,1 ppm<\/td>\n<\/tr>\n<tr>\n<td>Metales pesados<\/td>\n<td>\u2264 10ppm<\/td>\n<\/tr>\n<tr>\n<td>Residuos de plaguicidas<\/td>\n<td>Conforme a GB2763&amp;USP36<\/td>\n<\/tr>\n<tr>\n<td>Recuento total de placas<\/td>\n<td>\u2264 1000 ufc\/g<\/td>\n<\/tr>\n<tr>\n<td>Levaduras y mohos<\/td>\n<td>\u2264 100 ufc\/g<\/td>\n<\/tr>\n<tr>\n<td>Coliformes<\/td>\n<td>\u226430MPN\/100g<\/td>\n<\/tr>\n<\/tbody>\n<\/table>\n<h2><span class=\"ez-toc-section\" id=\"Dosis_recomendada%EF%BC%9A\"><\/span>Dosis recomendada\uff1a<span class=\"ez-toc-section-end\"><\/span><\/h2>\n<table>\n<tbody>\n<tr>\n<td><strong>Nombre del alimento<\/strong><\/td>\n<td><strong>Uso m\u00e1ximo (g\/kg)<\/strong><\/td>\n<\/tr>\n<tr>\n<td>Bebida carbonatada<\/td>\n<td>0,3 g\/kg<\/td>\n<\/tr>\n<tr>\n<td>Chocolate<\/td>\n<td>0,4 g\/kg<\/td>\n<\/tr>\n<tr>\n<td>Yogur<\/td>\n<td>0,4 g\/kg<\/td>\n<\/tr>\n<tr>\n<td>Leche<\/td>\n<td>0,3 g\/kg<\/td>\n<\/tr>\n<tr>\n<td>Bebidas de frutas<\/td>\n<td>0,5 g\/kg<\/td>\n<\/tr>\n<tr>\n<td>Pan<\/td>\n<td>0,4 g\/kg<\/td>\n<\/tr>\n<tr>\n<td>Pastel<\/td>\n<td>0,5 g\/kg<\/td>\n<\/tr>\n<tr>\n<td>Salsa de soja<\/td>\n<td>0,3 g\/kg<\/td>\n<\/tr>\n<tr>\n<td>Vinagre<\/td>\n<td>0,3 g\/kg<\/td>\n<\/tr>\n<tr>\n<td>Ketchup<\/td>\n<td>0,4 g\/kg<\/td>\n<\/tr>\n<tr>\n<td>Jam\u00f3n<\/td>\n<td>0,4 g\/kg<\/td>\n<\/tr>\n<tr>\n<td>Salchicha<\/td>\n<td>0,4 g\/kg<\/td>\n<\/tr>\n<tr>\n<td>Tocino<\/td>\n<td>0,3 g\/kg<\/td>\n<\/tr>\n<tr>\n<td>Comida inflada<\/td>\n<td>0,4 g\/kg<\/td>\n<\/tr>\n<tr>\n<td>Bebida de bacterias l\u00e1cticas<\/td>\n<td>0,4 g\/kg<\/td>\n<\/tr>\n<tr>\n<td>Bebida l\u00e1ctea fermentada<\/td>\n<td>0,4 g\/kg<\/td>\n<\/tr>\n<\/tbody>\n<\/table>\n<h2><span class=\"ez-toc-section\" id=\"El_extracto_de_fruta_de_monje_tiene_una_amplia_gama_de_usos\"><\/span>El extracto de fruta de monje tiene una amplia gama de usos<span class=\"ez-toc-section-end\"><\/span><\/h2>\n<ol>\n<li>La industria m\u00e9dica utiliza el extracto de monk fruit para muchos prop\u00f3sitos diferentes. El polvo de fruta del extracto de monk fruit puede eliminar el qi pulmonar, la sequedad y el calor pulmonar y la flema pulmonar. Tiene un buen efecto sobre el viento-calor ex\u00f3geno, la tos, la flema y el da\u00f1o pulmonar por fr\u00edo o calor. Al mismo tiempo, la vitamina C es abundante en los glic\u00f3sidos de monk fruit que se encuentran en el extracto de monk fruit, y esta vitamina es \u00fatil para la p\u00e9rdida de peso, la disminuci\u00f3n del az\u00facar en sangre y los l\u00edpidos en sangre y el antienvejecimiento.<\/li>\n<li>Para mejorar el sabor y la asequibilidad, el extracto de monk fruit tambi\u00e9n se puede mezclar con otros edulcorantes. Por ejemplo, la combinaci\u00f3n del extracto de monk fruit con fibra diet\u00e9tica funcional como la inulina puede aumentar el sabor y favorecer la salud digestiva. Agregar componentes a juego al extracto de monk fruit puede mejorar a\u00fan m\u00e1s el sabor y es una excelente manera de incluirlo en productos horneados.<\/li>\n<li>La industria de los sustitutos del az\u00facar tambi\u00e9n utiliza el extracto de monk fruit. En algunos productos, el extracto de monk fruit se utiliza en lugar del az\u00facar total o parcialmente.<\/li>\n<li>En comparaci\u00f3n con el az\u00facar o los edulcorantes que se encuentran m\u00e1s com\u00fanmente disponibles en el mercado, el extracto de monk fruit es m\u00e1s dulce que la sacarosa com\u00fan, que tiene menos calor\u00edas y es una buena opci\u00f3n como sustituto del az\u00facar.<\/li>\n<\/ol>\n<h2><span class=\"ez-toc-section\" id=\"Pregunta_formulada_por_un_usuario\"><\/span>Pregunta formulada por un usuario:<span class=\"ez-toc-section-end\"><\/span><\/h2>\n<ol>\n<li>Los extractos de monk fruit generalmente tienen un sabor m\u00e1s limpio y parecido al az\u00facar que la stevia, con menos amargura y regusto, mientras que la stevia a menudo tiene un sabor amargo o de regaliz distintivo que algunas personas encuentran desagradable.<\/li>\n<li>La dulzura de los extractos de monk fruit proviene de los mogrosidas, que pueden ser 200-300 veces m\u00e1s dulces que el az\u00facar, pero con una dulzura m\u00e1s equilibrada, mientras que los estevi\u00f3sidos y los glic\u00f3sidos de esteviol pueden ser 200-400 veces m\u00e1s dulces que el az\u00facar, pero a veces se consideran demasiado fuertes o picantes.<\/li>\n<li>Tanto los extractos de monk fruit como la stevia tienen un \u00edndice gluc\u00e9mico cero, lo que los hace adecuados para diab\u00e9ticos. Sin embargo, los extractos de monk fruit generalmente se consideran m\u00e1s estables en t\u00e9rminos de mantener sus propiedades dulces sin afectar los niveles de az\u00facar en sangre.<\/li>\n<li>Los extractos de monk fruit son m\u00e1s resistentes al calor y se utilizan ampliamente en una variedad de aplicaciones de cocina y reposter\u00eda sin cambiar significativamente el sabor, mientras que la stevia a veces se descompone o se vuelve amarga a altas temperaturas, lo que limita su uso en ciertas recetas.<\/li>\n<\/ol>\n","protected":false},"excerpt":{"rendered":"<ul>\n<li>CAS: 88901-36-4<\/li>\n<li>F\u00f3rmula qu\u00edmica:C<sub>60<\/sub>H<sub>102<\/sub>O<sub>29<\/sub><\/li>\n<li>Certificaci\u00f3n: KOSHER, ISO, HALAL, FSSC22000, BRC, etc.<\/li>\n<li>Norma: USP 36<\/li>\n<li>Cantidad m\u00ednima de pedido: 1000KG<\/li>\n<li>Caducidad: 2 a\u00f1os<\/li>\n<\/ul>\n","protected":false},"featured_media":5793,"template":"","meta":{"site-sidebar-layout":"default","site-content-layout":"","ast-site-content-layout":"default","site-content-style":"default","site-sidebar-style":"default","ast-global-header-display":"","ast-banner-title-visibility":"","ast-main-header-display":"","ast-hfb-above-header-display":"","ast-hfb-below-header-display":"","ast-hfb-mobile-header-display":"","site-post-title":"","ast-breadcrumbs-content":"","ast-featured-img":"","footer-sml-layout":"","theme-transparent-header-meta":"default","adv-header-id-meta":"","stick-header-meta":"","header-above-stick-meta":"","header-main-stick-meta":"","header-below-stick-meta":"","astra-migrate-meta-layouts":"set","ast-page-background-enabled":"default","ast-page-background-meta":{"desktop":{"background-color":"var(--ast-global-color-4)","background-image":"","background-repeat":"repeat","background-position":"center center","background-size":"auto","background-attachment":"scroll","background-type":"","background-media":"","overlay-type":"","overlay-color":"","overlay-opacity":"","overlay-gradient":""},"tablet":{"background-color":"","background-image":"","background-repeat":"repeat","background-position":"center center","background-size":"auto","background-attachment":"scroll","background-type":"","background-media":"","overlay-type":"","overlay-color":"","overlay-opacity":"","overlay-gradient":""},"mobile":{"background-color":"","background-image":"","background-repeat":"repeat","background-position":"center center","background-size":"auto","background-attachment":"scroll","background-type":"","background-media":"","overlay-type":"","overlay-color":"","overlay-opacity":"","overlay-gradient":""}},"ast-content-background-meta":{"desktop":{"background-color":"var(--ast-global-color-5)","background-image":"","background-repeat":"repeat","background-position":"center center","background-size":"auto","background-attachment":"scroll","background-type":"","background-media":"","overlay-type":"","overlay-color":"","overlay-opacity":"","overlay-gradient":""},"tablet":{"background-color":"var(--ast-global-color-5)","background-image":"","background-repeat":"repeat","background-position":"center center","background-size":"auto","background-attachment":"scroll","background-type":"","background-media":"","overlay-type":"","overlay-color":"","overlay-opacity":"","overlay-gradient":""},"mobile":{"background-color":"var(--ast-global-color-5)","background-image":"","background-repeat":"repeat","background-position":"center center","background-size":"auto","background-attachment":"scroll","background-type":"","background-media":"","overlay-type":"","overlay-color":"","overlay-opacity":"","overlay-gradient":""}}},"product_brand":[],"product_cat":[78],"product_tag":[],"class_list":{"0":"post-8439","1":"product","2":"type-product","3":"status-publish","4":"has-post-thumbnail","6":"product_cat-producto-edulcorante","7":"desktop-align-center","8":"tablet-align-left","9":"mobile-align-left","11":"first","12":"instock","13":"shipping-taxable","14":"product-type-simple"},"yoast_head":"<!-- This site is optimized with the Yoast SEO plugin v26.5 - https:\/\/yoast.com\/wordpress\/plugins\/seo\/ -->\n<title>Proveedor de Extracto del Fruta del Monje, Precio de Extracto de Fruta del Monje | Niranbio Chemical<\/title>\n<meta name=\"description\" content=\"El extracto de fruta del monje, un polvo cristalino blanco, es 200 a 300 veces m\u00e1s dulce que la sacarosa y se usa ampliamente en las industrias de bebidas, dulces y alimentos.\" \/>\n<meta name=\"robots\" content=\"noindex, follow, max-snippet:-1, max-image-preview:large, max-video-preview:-1\" \/>\n<meta name=\"twitter:label1\" content=\"Tiempo de lectura\" \/>\n\t<meta name=\"twitter:data1\" content=\"4 minutos\" \/>\n<script type=\"application\/ld+json\" class=\"yoast-schema-graph\">{\"@context\":\"https:\/\/schema.org\",\"@graph\":[{\"@type\":\"WebPage\",\"@id\":\"https:\/\/theo.niranbio.com\/es\/extracto-de-fruta-de-monje-calidad-alimentaria.html\",\"url\":\"https:\/\/theo.niranbio.com\/es\/extracto-de-fruta-de-monje-calidad-alimentaria.html\",\"name\":\"Proveedor de Extracto del Fruta del Monje, Precio de Extracto de Fruta del Monje | Niranbio Chemical\",\"isPartOf\":{\"@id\":\"https:\/\/theo.niranbio.com\/es\/#website\"},\"primaryImageOfPage\":{\"@id\":\"https:\/\/theo.niranbio.com\/es\/extracto-de-fruta-de-monje-calidad-alimentaria.html#primaryimage\"},\"image\":{\"@id\":\"https:\/\/theo.niranbio.com\/es\/extracto-de-fruta-de-monje-calidad-alimentaria.html#primaryimage\"},\"thumbnailUrl\":\"https:\/\/theo.niranbio.com\/wp-content\/uploads\/2024\/06\/Monk-Fruit-Extract.webp\",\"datePublished\":\"2024-06-20T01:28:35+00:00\",\"dateModified\":\"2024-08-16T06:41:53+00:00\",\"description\":\"El extracto de fruta del monje, un polvo cristalino blanco, es 200 a 300 veces m\u00e1s dulce que la sacarosa y se usa ampliamente en las industrias de bebidas, dulces y alimentos.\",\"breadcrumb\":{\"@id\":\"https:\/\/theo.niranbio.com\/es\/extracto-de-fruta-de-monje-calidad-alimentaria.html#breadcrumb\"},\"inLanguage\":\"es\",\"potentialAction\":[{\"@type\":\"ReadAction\",\"target\":[\"https:\/\/theo.niranbio.com\/es\/extracto-de-fruta-de-monje-calidad-alimentaria.html\"]}]},{\"@type\":\"ImageObject\",\"inLanguage\":\"es\",\"@id\":\"https:\/\/theo.niranbio.com\/es\/extracto-de-fruta-de-monje-calidad-alimentaria.html#primaryimage\",\"url\":\"https:\/\/theo.niranbio.com\/wp-content\/uploads\/2024\/06\/Monk-Fruit-Extract.webp\",\"contentUrl\":\"https:\/\/theo.niranbio.com\/wp-content\/uploads\/2024\/06\/Monk-Fruit-Extract.webp\",\"width\":600,\"height\":600,\"caption\":\"Extracto de fruta del monje\"},{\"@type\":\"BreadcrumbList\",\"@id\":\"https:\/\/theo.niranbio.com\/es\/extracto-de-fruta-de-monje-calidad-alimentaria.html#breadcrumb\",\"itemListElement\":[{\"@type\":\"ListItem\",\"position\":1,\"name\":\"Home\",\"item\":\"https:\/\/theo.niranbio.com\/es\/\"},{\"@type\":\"ListItem\",\"position\":2,\"name\":\"Productos\",\"item\":\"https:\/\/theo.niranbio.com\/es\/productos.html\"},{\"@type\":\"ListItem\",\"position\":3,\"name\":\"Edulcorantes\",\"item\":\"https:\/\/theo.niranbio.com\/es\/producto-edulcorante\/\"},{\"@type\":\"ListItem\",\"position\":4,\"name\":\"Extracto de fruta de monje: calidad alimentaria\"}]},{\"@type\":\"WebSite\",\"@id\":\"https:\/\/theo.niranbio.com\/es\/#website\",\"url\":\"https:\/\/theo.niranbio.com\/es\/\",\"name\":\"Niranbio Chemical\",\"description\":\"\",\"publisher\":{\"@id\":\"https:\/\/theo.niranbio.com\/es\/#organization\"},\"potentialAction\":[{\"@type\":\"SearchAction\",\"target\":{\"@type\":\"EntryPoint\",\"urlTemplate\":\"https:\/\/theo.niranbio.com\/es\/?s={search_term_string}\"},\"query-input\":{\"@type\":\"PropertyValueSpecification\",\"valueRequired\":true,\"valueName\":\"search_term_string\"}}],\"inLanguage\":\"es\"},{\"@type\":\"Organization\",\"@id\":\"https:\/\/theo.niranbio.com\/es\/#organization\",\"name\":\"Niranbio Chemical\",\"url\":\"https:\/\/theo.niranbio.com\/es\/\",\"logo\":{\"@type\":\"ImageObject\",\"inLanguage\":\"es\",\"@id\":\"https:\/\/theo.niranbio.com\/es\/#\/schema\/logo\/image\/\",\"url\":\"https:\/\/theo.niranbio.com\/wp-content\/uploads\/2024\/06\/Niranbio.png\",\"contentUrl\":\"https:\/\/theo.niranbio.com\/wp-content\/uploads\/2024\/06\/Niranbio.png\",\"width\":270,\"height\":100,\"caption\":\"Niranbio Chemical\"},\"image\":{\"@id\":\"https:\/\/theo.niranbio.com\/es\/#\/schema\/logo\/image\/\"}}]}<\/script>\n<!-- \/ Yoast SEO plugin. -->","yoast_head_json":{"title":"Proveedor de Extracto del Fruta del Monje, Precio de Extracto de Fruta del Monje | Niranbio Chemical","description":"El extracto de fruta del monje, un polvo cristalino blanco, es 200 a 300 veces m\u00e1s dulce que la sacarosa y se usa ampliamente en las industrias de bebidas, dulces y alimentos.","robots":{"index":"noindex","follow":"follow","max-snippet":"max-snippet:-1","max-image-preview":"max-image-preview:large","max-video-preview":"max-video-preview:-1"},"twitter_misc":{"Tiempo de lectura":"4 minutos"},"schema":{"@context":"https:\/\/schema.org","@graph":[{"@type":"WebPage","@id":"https:\/\/theo.niranbio.com\/es\/extracto-de-fruta-de-monje-calidad-alimentaria.html","url":"https:\/\/theo.niranbio.com\/es\/extracto-de-fruta-de-monje-calidad-alimentaria.html","name":"Proveedor de Extracto del Fruta del Monje, Precio de Extracto de Fruta del Monje | Niranbio Chemical","isPartOf":{"@id":"https:\/\/theo.niranbio.com\/es\/#website"},"primaryImageOfPage":{"@id":"https:\/\/theo.niranbio.com\/es\/extracto-de-fruta-de-monje-calidad-alimentaria.html#primaryimage"},"image":{"@id":"https:\/\/theo.niranbio.com\/es\/extracto-de-fruta-de-monje-calidad-alimentaria.html#primaryimage"},"thumbnailUrl":"https:\/\/theo.niranbio.com\/wp-content\/uploads\/2024\/06\/Monk-Fruit-Extract.webp","datePublished":"2024-06-20T01:28:35+00:00","dateModified":"2024-08-16T06:41:53+00:00","description":"El extracto de fruta del monje, un polvo cristalino blanco, es 200 a 300 veces m\u00e1s dulce que la sacarosa y se usa ampliamente en las industrias de bebidas, dulces y alimentos.","breadcrumb":{"@id":"https:\/\/theo.niranbio.com\/es\/extracto-de-fruta-de-monje-calidad-alimentaria.html#breadcrumb"},"inLanguage":"es","potentialAction":[{"@type":"ReadAction","target":["https:\/\/theo.niranbio.com\/es\/extracto-de-fruta-de-monje-calidad-alimentaria.html"]}]},{"@type":"ImageObject","inLanguage":"es","@id":"https:\/\/theo.niranbio.com\/es\/extracto-de-fruta-de-monje-calidad-alimentaria.html#primaryimage","url":"https:\/\/theo.niranbio.com\/wp-content\/uploads\/2024\/06\/Monk-Fruit-Extract.webp","contentUrl":"https:\/\/theo.niranbio.com\/wp-content\/uploads\/2024\/06\/Monk-Fruit-Extract.webp","width":600,"height":600,"caption":"Extracto de fruta del monje"},{"@type":"BreadcrumbList","@id":"https:\/\/theo.niranbio.com\/es\/extracto-de-fruta-de-monje-calidad-alimentaria.html#breadcrumb","itemListElement":[{"@type":"ListItem","position":1,"name":"Home","item":"https:\/\/theo.niranbio.com\/es\/"},{"@type":"ListItem","position":2,"name":"Productos","item":"https:\/\/theo.niranbio.com\/es\/productos.html"},{"@type":"ListItem","position":3,"name":"Edulcorantes","item":"https:\/\/theo.niranbio.com\/es\/producto-edulcorante\/"},{"@type":"ListItem","position":4,"name":"Extracto de fruta de monje: calidad alimentaria"}]},{"@type":"WebSite","@id":"https:\/\/theo.niranbio.com\/es\/#website","url":"https:\/\/theo.niranbio.com\/es\/","name":"Niranbio Chemical","description":"","publisher":{"@id":"https:\/\/theo.niranbio.com\/es\/#organization"},"potentialAction":[{"@type":"SearchAction","target":{"@type":"EntryPoint","urlTemplate":"https:\/\/theo.niranbio.com\/es\/?s={search_term_string}"},"query-input":{"@type":"PropertyValueSpecification","valueRequired":true,"valueName":"search_term_string"}}],"inLanguage":"es"},{"@type":"Organization","@id":"https:\/\/theo.niranbio.com\/es\/#organization","name":"Niranbio Chemical","url":"https:\/\/theo.niranbio.com\/es\/","logo":{"@type":"ImageObject","inLanguage":"es","@id":"https:\/\/theo.niranbio.com\/es\/#\/schema\/logo\/image\/","url":"https:\/\/theo.niranbio.com\/wp-content\/uploads\/2024\/06\/Niranbio.png","contentUrl":"https:\/\/theo.niranbio.com\/wp-content\/uploads\/2024\/06\/Niranbio.png","width":270,"height":100,"caption":"Niranbio Chemical"},"image":{"@id":"https:\/\/theo.niranbio.com\/es\/#\/schema\/logo\/image\/"}}]}},"_links":{"self":[{"href":"https:\/\/theo.niranbio.com\/es\/wp-json\/wp\/v2\/product\/8439","targetHints":{"allow":["GET"]}}],"collection":[{"href":"https:\/\/theo.niranbio.com\/es\/wp-json\/wp\/v2\/product"}],"about":[{"href":"https:\/\/theo.niranbio.com\/es\/wp-json\/wp\/v2\/types\/product"}],"version-history":[{"count":0,"href":"https:\/\/theo.niranbio.com\/es\/wp-json\/wp\/v2\/product\/8439\/revisions"}],"wp:featuredmedia":[{"embeddable":true,"href":"https:\/\/theo.niranbio.com\/es\/wp-json\/wp\/v2\/media\/5793"}],"wp:attachment":[{"href":"https:\/\/theo.niranbio.com\/es\/wp-json\/wp\/v2\/media?parent=8439"}],"wp:term":[{"taxonomy":"product_brand","embeddable":true,"href":"https:\/\/theo.niranbio.com\/es\/wp-json\/wp\/v2\/product_brand?post=8439"},{"taxonomy":"product_cat","embeddable":true,"href":"https:\/\/theo.niranbio.com\/es\/wp-json\/wp\/v2\/product_cat?post=8439"},{"taxonomy":"product_tag","embeddable":true,"href":"https:\/\/theo.niranbio.com\/es\/wp-json\/wp\/v2\/product_tag?post=8439"}],"curies":[{"name":"wp","href":"https:\/\/api.w.org\/{rel}","templated":true}]}}