{"id":8434,"date":"2024-06-20T09:29:02","date_gmt":"2024-06-20T01:29:02","guid":{"rendered":"https:\/\/theo.niranbio.com\/stevia-ecologica\/"},"modified":"2024-08-16T14:38:14","modified_gmt":"2024-08-16T06:38:14","slug":"stevia-ecologica","status":"publish","type":"product","link":"https:\/\/theo.niranbio.com\/es\/stevia-ecologica.html","title":{"rendered":"Stevia ecol\u00f3gica"},"content":{"rendered":"<h2><span class=\"ez-toc-section\" id=\"%C2%BFQue_es_la_estevia\"><\/span>\u00bfQu\u00e9 es la estevia?<span class=\"ez-toc-section-end\"><\/span><\/h2>\n<p>La stevia es un edulcorante natural bajo en calor\u00edas que se presenta como un polvo cristalino incoloro sin olor y con una dulzura pura. Aunque su valor cal\u00f3rico es solo 1\/300 del de la sacarosa, su dulzura es aproximadamente 300 veces mayor que la de esta. Absorbe f\u00e1cilmente la humedad del aire y se usa ampliamente en diversas aplicaciones en la industria alimentaria.<\/p>\n<p>La stevia se extrae remojando las hojas secas en agua, colando el l\u00edquido para eliminar los tallos y las hojas y luego purificando a\u00fan m\u00e1s el l\u00edquido con alcohol de grado alimenticio o agua. Este proceso de extracci\u00f3n de plantas es completamente convencional. El producto final es un edulcorante muy dulce, natural y puro que es seguro para comer de forma habitual y no aumenta ni disminuye los niveles de az\u00facar en sangre.<\/p>\n<h2><span class=\"ez-toc-section\" id=\"Parametros_relacionados\"><\/span>Par\u00e1metros relacionados:<span class=\"ez-toc-section-end\"><\/span><\/h2>\n<table>\n<tbody>\n<tr>\n<td><strong>ART\u00cdCULOS<\/strong><\/td>\n<td><strong>ESPECIFICACI\u00d3N<\/strong><\/td>\n<\/tr>\n<tr>\n<td>Oder<\/td>\n<td>Caracter\u00edstica<\/td>\n<\/tr>\n<tr>\n<td>Contenido total en gluc\u00f3sidos\/%.<\/td>\n<td>M\u00e1s del 99<\/td>\n<\/tr>\n<tr>\n<td>Rebaudi\u00f3sido A \/%.<\/td>\n<td>M\u00e1s del 99<\/td>\n<\/tr>\n<tr>\n<td>Estevi\u00f3sido\/%<\/td>\n<td><\/td>\n<\/tr>\n<tr>\n<td>Rebaudi\u00f3sido C \/%<\/td>\n<td><\/td>\n<\/tr>\n<tr>\n<td>Dulzura<\/td>\n<td>M\u00e1s de 450<\/td>\n<\/tr>\n<tr>\n<td>Rotaci\u00f3n espec\u00edfica<\/td>\n<td>-30\u00b0~ -38\u00b0<\/td>\n<\/tr>\n<tr>\n<td>Absorci\u00f3n<\/td>\n<td>Inferior a 0,05<\/td>\n<\/tr>\n<tr>\n<td>PH<\/td>\n<td>4.5-7.0<\/td>\n<\/tr>\n<tr>\n<td>Residuo quemado\/%<\/td>\n<td>Menos del 0,2<\/td>\n<\/tr>\n<tr>\n<td>P\u00e9rdida al secar\/%<\/td>\n<td>Menos del 5<\/td>\n<\/tr>\n<tr>\n<td>Plomo(Pb)\/(mg\/kg)<\/td>\n<td>Menos del 1<\/td>\n<\/tr>\n<tr>\n<td>Ars\u00e9nico\/(mg\/kg)<\/td>\n<td>Menos del 1<\/td>\n<\/tr>\n<tr>\n<td>Metanol\/(mg\/kg)<\/td>\n<td>Menos de 200<\/td>\n<\/tr>\n<tr>\n<td>Etanol\/(mg\/kg)<\/td>\n<td>Menos de 5000<\/td>\n<\/tr>\n<\/tbody>\n<\/table>\n<h2><span class=\"ez-toc-section\" id=\"Dosis_recomendada\"><\/span>Dosis recomendada<span class=\"ez-toc-section-end\"><\/span><\/h2>\n<table>\n<tbody>\n<tr>\n<td><strong>Nombre del alimento<\/strong><\/td>\n<td><strong>Uso m\u00e1ximo (g\/kg)<\/strong><\/td>\n<\/tr>\n<tr>\n<td>Bebidas carbonatadas<\/td>\n<td>0,3 g\/kg<\/td>\n<\/tr>\n<tr>\n<td>Bebidas a base de t\u00e9<\/td>\n<td>0,5 g\/kg<\/td>\n<\/tr>\n<tr>\n<td>Bebidas de frutas<\/td>\n<td>0,4 g\/kg<\/td>\n<\/tr>\n<tr>\n<td>Pan<\/td>\n<td>0,5 g\/kg<\/td>\n<\/tr>\n<tr>\n<td>Pastel<\/td>\n<td>0,6 g\/kg<\/td>\n<\/tr>\n<tr>\n<td>Galletas<\/td>\n<td>0,5 g\/kg<\/td>\n<\/tr>\n<tr>\n<td>Yogur<\/td>\n<td>0,5 g\/kg<\/td>\n<\/tr>\n<tr>\n<td>Leche<\/td>\n<td>0,4 g\/kg<\/td>\n<\/tr>\n<tr>\n<td>Batido<\/td>\n<td>0,5 g\/kg<\/td>\n<\/tr>\n<tr>\n<td>Caramelo blando<\/td>\n<td>0,8 g\/kg<\/td>\n<\/tr>\n<tr>\n<td>Caramelo duro<\/td>\n<td>0,6 g\/kg<\/td>\n<\/tr>\n<tr>\n<td>Chocolate<\/td>\n<td>0,5 g\/kg<\/td>\n<\/tr>\n<tr>\n<td>Salsa de soja<\/td>\n<td>0,3 g\/kg<\/td>\n<\/tr>\n<tr>\n<td>Vinagre<\/td>\n<td>0,3 g\/kg<\/td>\n<\/tr>\n<tr>\n<td>Ketchup<\/td>\n<td>0,5 g\/kg<\/td>\n<\/tr>\n<tr>\n<td>Jam\u00f3n<\/td>\n<td>0,5 g\/kg<\/td>\n<\/tr>\n<tr>\n<td>Salchicha<\/td>\n<td>0,5 g\/kg<\/td>\n<\/tr>\n<\/tbody>\n<\/table>\n<h2><span class=\"ez-toc-section\" id=\"La_estevia_tiene_una_amplia_gama_de_usos\"><\/span>La estevia tiene una amplia gama de usos<span class=\"ez-toc-section-end\"><\/span><\/h2>\n<ol>\n<li>Alimentos y bebidas: como edulcorante natural, la stevia se usa ampliamente en la producci\u00f3n de bebidas, jugos, yogur, helados, pasteles y otros alimentos. Puede proporcionar dulzura sin calor\u00edas adicionales, por lo que ha atra\u00eddo la atenci\u00f3n en el control del peso y el az\u00facar en sangre. La stevia es estable, por lo que existen varias formas de manipularla y almacenarla para su uso en alimentos.<\/li>\n<li>Condimentos: en condimentos como la salsa de soja y el vinagre, la stevia puede extender la vida \u00fatil de los productos y mejorar su sabor. Tambi\u00e9n se puede utilizar para encurtir encurtidos, lo que hace que el producto tenga un sabor puro y delicioso, estimula el apetito, acorta el tiempo de encurtido, mejora la tasa de calificaci\u00f3n del producto y previene la deshidrataci\u00f3n.<\/li>\n<li>Productos y medicinas para la salud: Debido a las caracter\u00edsticas de alto dulzor y bajo contenido cal\u00f3rico de la stevia, tambi\u00e9n se utiliza en diversos productos para la salud, como productos para bajar de peso y alimentos especiales para diab\u00e9ticos. Adem\u00e1s, tambi\u00e9n se utiliza para elaborar diversos medicamentos, como productos para el cuidado bucal, jarabes para la tos, etc. La naturalidad y el alto dulzor de la stevia hacen que su uso sea cada vez m\u00e1s amplio en estos campos.<\/li>\n<li>Productos para el cuidado personal: En algunos productos para el cuidado personal, como la pasta de dientes, el champ\u00fa, etc., la stevia tambi\u00e9n se utiliza como edulcorante y conservante. Es adecuada para la fabricaci\u00f3n y el almacenamiento de estos art\u00edculos debido a su estabilidad.<\/li>\n<li>Otras aplicaciones: La stevia tambi\u00e9n se puede utilizar en el vino de frutas para mejorar el sabor del vino de frutas, haci\u00e9ndolo agridulce y cambiando la viscosidad del vino de frutas. En frutas confitadas, frutas en conserva, pasteles de frutas, frutas fr\u00edas y otros productos, reemplaza parte de la sacarosa y reduce el contenido de az\u00facar, haci\u00e9ndolo bajo en az\u00facar y bajo en valor cal\u00f3rico, satisfaciendo la demanda de alimentos saludables entre la gente moderna.<\/li>\n<\/ol>\n<h2><span class=\"ez-toc-section\" id=\"Pregunta_formulada_por_un_usuario\"><\/span>Pregunta formulada por un usuario:<span class=\"ez-toc-section-end\"><\/span><\/h2>\n<p>Pregunta: \u00bfPor qu\u00e9 utilizar stevia en lugar de az\u00facar?<\/p>\n<p><strong>Respuesta: Desde una perspectiva de salud:<\/strong><\/p>\n<p>1. La stevia casi no contiene calor\u00edas, lo que la hace muy adecuada para personas que necesitan controlar su peso o su ingesta cal\u00f3rica.<\/p>\n<p>2. Es segura para los diab\u00e9ticos y no aumenta los niveles de az\u00facar en sangre de forma notable.<\/p>\n<p>3. La stevia no se fermenta f\u00e1cilmente por las bacterias bucales y no provoca caries.<\/p>\n<p><strong>Desde una perspectiva nutricional:<\/strong><\/p>\n<p>1. La stevia se deriva de la planta natural stevia y se considera una opci\u00f3n de edulcorante m\u00e1s saludable.<\/p>\n<p>2. Los estudios han demostrado que la stevia no tiene efectos secundarios t\u00f3xicos en el cuerpo humano y es relativamente segura para el consumo a largo plazo. Desde una perspectiva de procesamiento de alimentos: 1. La dulzura de la stevia es 200-300 veces mayor que la de la sacarosa, y solo se necesita una peque\u00f1a cantidad para lograr el efecto edulcorante ideal, lo que reduce la cantidad utilizada. 2. La stevia es resistente a altas temperaturas y es adecuada para hornear y alimentos procesados \u200b\u200ba alta temperatura.<\/p>\n<p>3. La stevia es estable en entornos \u00e1cidos y alcalinos y no perder\u00e1 su dulzura debido a los cambios de pH.<\/p>\n","protected":false},"excerpt":{"rendered":"<ul>\n<li>CAS: 57817-89-7<\/li>\n<li>F\u00f3rmula qu\u00edmica: C<sub>38<\/sub>H<sub>60<\/sub>O<sub>18<\/sub><\/li>\n<li>Certificaci\u00f3n: KOSHER, ISO, HALAL, FSSC22000, BRC, etc.<\/li>\n<li>Cantidad m\u00ednima de pedido: 1000KG<\/li>\n<li>Vida \u00fatil: 3 a\u00f1os<\/li>\n<\/ul>\n","protected":false},"featured_media":5785,"template":"","meta":{"site-sidebar-layout":"default","site-content-layout":"","ast-site-content-layout":"default","site-content-style":"default","site-sidebar-style":"default","ast-global-header-display":"","ast-banner-title-visibility":"","ast-main-header-display":"","ast-hfb-above-header-display":"","ast-hfb-below-header-display":"","ast-hfb-mobile-header-display":"","site-post-title":"","ast-breadcrumbs-content":"","ast-featured-img":"","footer-sml-layout":"","theme-transparent-header-meta":"default","adv-header-id-meta":"","stick-header-meta":"","header-above-stick-meta":"","header-main-stick-meta":"","header-below-stick-meta":"","astra-migrate-meta-layouts":"set","ast-page-background-enabled":"default","ast-page-background-meta":{"desktop":{"background-color":"var(--ast-global-color-4)","background-image":"","background-repeat":"repeat","background-position":"center center","background-size":"auto","background-attachment":"scroll","background-type":"","background-media":"","overlay-type":"","overlay-color":"","overlay-opacity":"","overlay-gradient":""},"tablet":{"background-color":"","background-image":"","background-repeat":"repeat","background-position":"center center","background-size":"auto","background-attachment":"scroll","background-type":"","background-media":"","overlay-type":"","overlay-color":"","overlay-opacity":"","overlay-gradient":""},"mobile":{"background-color":"","background-image":"","background-repeat":"repeat","background-position":"center center","background-size":"auto","background-attachment":"scroll","background-type":"","background-media":"","overlay-type":"","overlay-color":"","overlay-opacity":"","overlay-gradient":""}},"ast-content-background-meta":{"desktop":{"background-color":"var(--ast-global-color-5)","background-image":"","background-repeat":"repeat","background-position":"center center","background-size":"auto","background-attachment":"scroll","background-type":"","background-media":"","overlay-type":"","overlay-color":"","overlay-opacity":"","overlay-gradient":""},"tablet":{"background-color":"var(--ast-global-color-5)","background-image":"","background-repeat":"repeat","background-position":"center center","background-size":"auto","background-attachment":"scroll","background-type":"","background-media":"","overlay-type":"","overlay-color":"","overlay-opacity":"","overlay-gradient":""},"mobile":{"background-color":"var(--ast-global-color-5)","background-image":"","background-repeat":"repeat","background-position":"center center","background-size":"auto","background-attachment":"scroll","background-type":"","background-media":"","overlay-type":"","overlay-color":"","overlay-opacity":"","overlay-gradient":""}}},"product_brand":[],"product_cat":[78],"product_tag":[],"class_list":{"0":"post-8434","1":"product","2":"type-product","3":"status-publish","4":"has-post-thumbnail","6":"product_cat-producto-edulcorante","7":"desktop-align-center","8":"tablet-align-left","9":"mobile-align-left","11":"first","12":"instock","13":"shipping-taxable","14":"product-type-simple"},"yoast_head":"<!-- This site is optimized with the Yoast SEO plugin v26.5 - https:\/\/yoast.com\/wordpress\/plugins\/seo\/ -->\n<title>Proveedor de Stevia China, Comprar Stevia Organica A Granel | Niranbio Chemical<\/title>\n<meta name=\"description\" content=\"La stevia, un polvo cristalino incoloro, es 300 veces m\u00e1s dulce que la sacarosa con 1\/300 de las calor\u00edas, y se usa ampliamente en la industria alimentaria.\" \/>\n<meta name=\"robots\" content=\"noindex, follow, max-snippet:-1, max-image-preview:large, max-video-preview:-1\" \/>\n<meta name=\"twitter:label1\" content=\"Tiempo de lectura\" \/>\n\t<meta name=\"twitter:data1\" content=\"4 minutos\" \/>\n<script type=\"application\/ld+json\" class=\"yoast-schema-graph\">{\"@context\":\"https:\/\/schema.org\",\"@graph\":[{\"@type\":\"WebPage\",\"@id\":\"https:\/\/theo.niranbio.com\/es\/stevia-ecologica.html\",\"url\":\"https:\/\/theo.niranbio.com\/es\/stevia-ecologica.html\",\"name\":\"Proveedor de Stevia China, Comprar Stevia Organica A Granel | Niranbio Chemical\",\"isPartOf\":{\"@id\":\"https:\/\/theo.niranbio.com\/es\/#website\"},\"primaryImageOfPage\":{\"@id\":\"https:\/\/theo.niranbio.com\/es\/stevia-ecologica.html#primaryimage\"},\"image\":{\"@id\":\"https:\/\/theo.niranbio.com\/es\/stevia-ecologica.html#primaryimage\"},\"thumbnailUrl\":\"https:\/\/theo.niranbio.com\/wp-content\/uploads\/2024\/06\/Stevia.webp\",\"datePublished\":\"2024-06-20T01:29:02+00:00\",\"dateModified\":\"2024-08-16T06:38:14+00:00\",\"description\":\"La stevia, un polvo cristalino incoloro, es 300 veces m\u00e1s dulce que la sacarosa con 1\/300 de las calor\u00edas, y se usa ampliamente en la industria alimentaria.\",\"breadcrumb\":{\"@id\":\"https:\/\/theo.niranbio.com\/es\/stevia-ecologica.html#breadcrumb\"},\"inLanguage\":\"es\",\"potentialAction\":[{\"@type\":\"ReadAction\",\"target\":[\"https:\/\/theo.niranbio.com\/es\/stevia-ecologica.html\"]}]},{\"@type\":\"ImageObject\",\"inLanguage\":\"es\",\"@id\":\"https:\/\/theo.niranbio.com\/es\/stevia-ecologica.html#primaryimage\",\"url\":\"https:\/\/theo.niranbio.com\/wp-content\/uploads\/2024\/06\/Stevia.webp\",\"contentUrl\":\"https:\/\/theo.niranbio.com\/wp-content\/uploads\/2024\/06\/Stevia.webp\",\"width\":600,\"height\":600,\"caption\":\"Estevia\"},{\"@type\":\"BreadcrumbList\",\"@id\":\"https:\/\/theo.niranbio.com\/es\/stevia-ecologica.html#breadcrumb\",\"itemListElement\":[{\"@type\":\"ListItem\",\"position\":1,\"name\":\"Home\",\"item\":\"https:\/\/theo.niranbio.com\/es\/\"},{\"@type\":\"ListItem\",\"position\":2,\"name\":\"Productos\",\"item\":\"https:\/\/theo.niranbio.com\/es\/productos.html\"},{\"@type\":\"ListItem\",\"position\":3,\"name\":\"Edulcorantes\",\"item\":\"https:\/\/theo.niranbio.com\/es\/producto-edulcorante\/\"},{\"@type\":\"ListItem\",\"position\":4,\"name\":\"Stevia ecol\u00f3gica\"}]},{\"@type\":\"WebSite\",\"@id\":\"https:\/\/theo.niranbio.com\/es\/#website\",\"url\":\"https:\/\/theo.niranbio.com\/es\/\",\"name\":\"Niranbio Chemical\",\"description\":\"\",\"publisher\":{\"@id\":\"https:\/\/theo.niranbio.com\/es\/#organization\"},\"potentialAction\":[{\"@type\":\"SearchAction\",\"target\":{\"@type\":\"EntryPoint\",\"urlTemplate\":\"https:\/\/theo.niranbio.com\/es\/?s={search_term_string}\"},\"query-input\":{\"@type\":\"PropertyValueSpecification\",\"valueRequired\":true,\"valueName\":\"search_term_string\"}}],\"inLanguage\":\"es\"},{\"@type\":\"Organization\",\"@id\":\"https:\/\/theo.niranbio.com\/es\/#organization\",\"name\":\"Niranbio Chemical\",\"url\":\"https:\/\/theo.niranbio.com\/es\/\",\"logo\":{\"@type\":\"ImageObject\",\"inLanguage\":\"es\",\"@id\":\"https:\/\/theo.niranbio.com\/es\/#\/schema\/logo\/image\/\",\"url\":\"https:\/\/theo.niranbio.com\/wp-content\/uploads\/2024\/06\/Niranbio.png\",\"contentUrl\":\"https:\/\/theo.niranbio.com\/wp-content\/uploads\/2024\/06\/Niranbio.png\",\"width\":270,\"height\":100,\"caption\":\"Niranbio Chemical\"},\"image\":{\"@id\":\"https:\/\/theo.niranbio.com\/es\/#\/schema\/logo\/image\/\"}}]}<\/script>\n<!-- \/ Yoast SEO plugin. -->","yoast_head_json":{"title":"Proveedor de Stevia China, Comprar Stevia Organica A Granel | Niranbio Chemical","description":"La stevia, un polvo cristalino incoloro, es 300 veces m\u00e1s dulce que la sacarosa con 1\/300 de las calor\u00edas, y se usa ampliamente en la industria alimentaria.","robots":{"index":"noindex","follow":"follow","max-snippet":"max-snippet:-1","max-image-preview":"max-image-preview:large","max-video-preview":"max-video-preview:-1"},"twitter_misc":{"Tiempo de lectura":"4 minutos"},"schema":{"@context":"https:\/\/schema.org","@graph":[{"@type":"WebPage","@id":"https:\/\/theo.niranbio.com\/es\/stevia-ecologica.html","url":"https:\/\/theo.niranbio.com\/es\/stevia-ecologica.html","name":"Proveedor de Stevia China, Comprar Stevia Organica A Granel | Niranbio Chemical","isPartOf":{"@id":"https:\/\/theo.niranbio.com\/es\/#website"},"primaryImageOfPage":{"@id":"https:\/\/theo.niranbio.com\/es\/stevia-ecologica.html#primaryimage"},"image":{"@id":"https:\/\/theo.niranbio.com\/es\/stevia-ecologica.html#primaryimage"},"thumbnailUrl":"https:\/\/theo.niranbio.com\/wp-content\/uploads\/2024\/06\/Stevia.webp","datePublished":"2024-06-20T01:29:02+00:00","dateModified":"2024-08-16T06:38:14+00:00","description":"La stevia, un polvo cristalino incoloro, es 300 veces m\u00e1s dulce que la sacarosa con 1\/300 de las calor\u00edas, y se usa ampliamente en la industria alimentaria.","breadcrumb":{"@id":"https:\/\/theo.niranbio.com\/es\/stevia-ecologica.html#breadcrumb"},"inLanguage":"es","potentialAction":[{"@type":"ReadAction","target":["https:\/\/theo.niranbio.com\/es\/stevia-ecologica.html"]}]},{"@type":"ImageObject","inLanguage":"es","@id":"https:\/\/theo.niranbio.com\/es\/stevia-ecologica.html#primaryimage","url":"https:\/\/theo.niranbio.com\/wp-content\/uploads\/2024\/06\/Stevia.webp","contentUrl":"https:\/\/theo.niranbio.com\/wp-content\/uploads\/2024\/06\/Stevia.webp","width":600,"height":600,"caption":"Estevia"},{"@type":"BreadcrumbList","@id":"https:\/\/theo.niranbio.com\/es\/stevia-ecologica.html#breadcrumb","itemListElement":[{"@type":"ListItem","position":1,"name":"Home","item":"https:\/\/theo.niranbio.com\/es\/"},{"@type":"ListItem","position":2,"name":"Productos","item":"https:\/\/theo.niranbio.com\/es\/productos.html"},{"@type":"ListItem","position":3,"name":"Edulcorantes","item":"https:\/\/theo.niranbio.com\/es\/producto-edulcorante\/"},{"@type":"ListItem","position":4,"name":"Stevia ecol\u00f3gica"}]},{"@type":"WebSite","@id":"https:\/\/theo.niranbio.com\/es\/#website","url":"https:\/\/theo.niranbio.com\/es\/","name":"Niranbio Chemical","description":"","publisher":{"@id":"https:\/\/theo.niranbio.com\/es\/#organization"},"potentialAction":[{"@type":"SearchAction","target":{"@type":"EntryPoint","urlTemplate":"https:\/\/theo.niranbio.com\/es\/?s={search_term_string}"},"query-input":{"@type":"PropertyValueSpecification","valueRequired":true,"valueName":"search_term_string"}}],"inLanguage":"es"},{"@type":"Organization","@id":"https:\/\/theo.niranbio.com\/es\/#organization","name":"Niranbio Chemical","url":"https:\/\/theo.niranbio.com\/es\/","logo":{"@type":"ImageObject","inLanguage":"es","@id":"https:\/\/theo.niranbio.com\/es\/#\/schema\/logo\/image\/","url":"https:\/\/theo.niranbio.com\/wp-content\/uploads\/2024\/06\/Niranbio.png","contentUrl":"https:\/\/theo.niranbio.com\/wp-content\/uploads\/2024\/06\/Niranbio.png","width":270,"height":100,"caption":"Niranbio Chemical"},"image":{"@id":"https:\/\/theo.niranbio.com\/es\/#\/schema\/logo\/image\/"}}]}},"_links":{"self":[{"href":"https:\/\/theo.niranbio.com\/es\/wp-json\/wp\/v2\/product\/8434","targetHints":{"allow":["GET"]}}],"collection":[{"href":"https:\/\/theo.niranbio.com\/es\/wp-json\/wp\/v2\/product"}],"about":[{"href":"https:\/\/theo.niranbio.com\/es\/wp-json\/wp\/v2\/types\/product"}],"version-history":[{"count":0,"href":"https:\/\/theo.niranbio.com\/es\/wp-json\/wp\/v2\/product\/8434\/revisions"}],"wp:featuredmedia":[{"embeddable":true,"href":"https:\/\/theo.niranbio.com\/es\/wp-json\/wp\/v2\/media\/5785"}],"wp:attachment":[{"href":"https:\/\/theo.niranbio.com\/es\/wp-json\/wp\/v2\/media?parent=8434"}],"wp:term":[{"taxonomy":"product_brand","embeddable":true,"href":"https:\/\/theo.niranbio.com\/es\/wp-json\/wp\/v2\/product_brand?post=8434"},{"taxonomy":"product_cat","embeddable":true,"href":"https:\/\/theo.niranbio.com\/es\/wp-json\/wp\/v2\/product_cat?post=8434"},{"taxonomy":"product_tag","embeddable":true,"href":"https:\/\/theo.niranbio.com\/es\/wp-json\/wp\/v2\/product_tag?post=8434"}],"curies":[{"name":"wp","href":"https:\/\/api.w.org\/{rel}","templated":true}]}}