{"id":8431,"date":"2024-06-20T10:26:44","date_gmt":"2024-06-20T02:26:44","guid":{"rendered":"https:\/\/theo.niranbio.com\/alginato-de-sodio\/"},"modified":"2024-08-15T15:47:21","modified_gmt":"2024-08-15T07:47:21","slug":"alginato-de-sodio","status":"publish","type":"product","link":"https:\/\/theo.niranbio.com\/es\/alginato-de-sodio.html","title":{"rendered":"Alginato de sodio"},"content":{"rendered":"<h2><span class=\"ez-toc-section\" id=\"%C2%BFQue_es_el_alginato_sodico\"><\/span>\u00bfQu\u00e9 es el alginato s\u00f3dico?<span class=\"ez-toc-section-end\"><\/span><\/h2>\n<p>Un subproducto de la eliminaci\u00f3n de manitol y yodo de las algas pardas sargazo o algas marinas es el alginato de sodio. Parece un polvo de color amarillo claro, pr\u00e1cticamente no tiene sabor ni olor y se disuelve f\u00e1cilmente en agua para crear un l\u00edquido espeso. Posee la seguridad, viscosidad, estabilidad y solubilidad necesarias como excipientes en preparaciones medicinales.<\/p>\n<p>Tanto el sector alimentario como la industria farmac\u00e9utica lo han utilizado ampliamente. Una soluci\u00f3n de alginato crudo conocida como alginato de sodio se elabora triturando algas secas o h\u00famedas, enjuag\u00e1ndolas en agua para eliminar cualquier contaminante, extray\u00e9ndolas con agua alcalina fuerte y luego clarific\u00e1ndolas. Para crear alginato de calcio coloreado, se precipita con cloruro de calcio. Despu\u00e9s de los procesos de decoloraci\u00f3n y desodorizaci\u00f3n, las impurezas solubles se eliminan utilizando \u00e1cido para producir un precipitado de alginato, que posteriormente se combina con carbonato de sodio para producir alginato de sodio. El polvo resultante se seca, tritura y tamiza posteriormente.<\/p>\n<h2><span class=\"ez-toc-section\" id=\"Dosis_recomendada\"><\/span>Dosis recomendada:<span class=\"ez-toc-section-end\"><\/span><\/h2>\n<table>\n<tbody>\n<tr>\n<td><strong>Nombre del alimento<\/strong><\/td>\n<td><strong>Uso m\u00e1ximo (g\/kg)<\/strong><\/td>\n<\/tr>\n<tr>\n<td>Helado<\/td>\n<td>3-8 g\/kg<\/td>\n<\/tr>\n<tr>\n<td>Yogur<\/td>\n<td>2-5 g\/kg<\/td>\n<\/tr>\n<tr>\n<td>Gelatina<\/td>\n<td>2-7 g\/kg<\/td>\n<\/tr>\n<tr>\n<td>Mermelada<\/td>\n<td>2-6 g\/kg<\/td>\n<\/tr>\n<tr>\n<td>Pasteles horneados<\/td>\n<td>1-5 g\/kg<\/td>\n<\/tr>\n<tr>\n<td>Salsa<\/td>\n<td>2-6 g\/kg<\/td>\n<\/tr>\n<tr>\n<td>Queso<\/td>\n<td>2-6 g\/kg<\/td>\n<\/tr>\n<tr>\n<td>Caramelo blando<\/td>\n<td>3-10 g\/kg<\/td>\n<\/tr>\n<tr>\n<td>Condimentos<\/td>\n<td>3-10 g\/kg<\/td>\n<\/tr>\n<tr>\n<td>Mantequilla de cacahuete<\/td>\n<td>2-5 g\/kg<\/td>\n<\/tr>\n<tr>\n<td>Crema<\/td>\n<td>1-3 g\/kg<\/td>\n<\/tr>\n<tr>\n<td>Galletas<\/td>\n<td>3-7 g\/kg<\/td>\n<\/tr>\n<tr>\n<td>Aderezo para ensaladas<\/td>\n<td>2-5 g\/kg<\/td>\n<\/tr>\n<\/tbody>\n<\/table>\n<h2><span class=\"ez-toc-section\" id=\"El_alginato_de_sodio_tiene_una_amplia_gama_de_usos\"><\/span>El alginato de sodio tiene una amplia gama de usos<span class=\"ez-toc-section-end\"><\/span><\/h2>\n<ol>\n<li>Agente gelificante y estabilizador: el alginato de sodio es un polisac\u00e1rido natural con buenas propiedades gelificantes y estabilidad. Las aplicaciones de gelificaci\u00f3n y estabilizaci\u00f3n de alimentos incluyen su uso. Por ejemplo, al hacer gelatina, pud\u00edn y alimentos gelatinosos, el alginato de sodio puede solidificar r\u00e1pidamente el l\u00edquido en un s\u00f3lido y mantener su forma y sabor.<\/li>\n<li>Emulsionante: el alginato de sodio puede ayudar a emulsionar aceite y agua, mejorando la textura y el sabor de los alimentos. En productos como queso, helado y salsas, puede estabilizar la emulsi\u00f3n, evitar la estratificaci\u00f3n y mejorar el sabor.<\/li>\n<li>Espesante: como espesante, el alginato de sodio puede aumentar la viscosidad y el espesor de los alimentos y mejorar el sabor. Productos como salsas, aderezos para ensaladas y sopas espesas se benefician enormemente de esto.<\/li>\n<li>Fabricaci\u00f3n de pel\u00edculas y agentes de envoltura: El alginato de sodio puede formar una pel\u00edcula que se puede utilizar para envolver la superficie de los alimentos, como en envases de alimentos, perlas de jugo y suplementos alimenticios.<\/li>\n<li>Conservante: Ciertas caracter\u00edsticas del alginato de sodio pueden ayudar a preservar la frescura y la calidad de los alimentos al tiempo que extienden su vida \u00fatil, aunque no sea un conservante importante.<\/li>\n<\/ol>\n<h2><span class=\"ez-toc-section\" id=\"Pregunta_formulada_por_un_usuario\"><\/span>Pregunta formulada por un usuario:<span class=\"ez-toc-section-end\"><\/span><\/h2>\n<p>Pregunta: \u00bfCu\u00e1les son las alternativas al alginato de sodio en aplicaciones alimentarias?<\/p>\n<p>Respuesta: El alginato de sodio se utiliza com\u00fanmente como agente gelificante, estabilizador y espesante en aplicaciones alimentarias, pero tambi\u00e9n hay una variedad de alternativas, como agar, carragenina, goma guar y goma xantana, cada una de las cuales tiene diferentes propiedades de gel, estabilidad y \u00e1reas de aplicaci\u00f3n, y se puede seleccionar y aplicar de acuerdo con las necesidades espec\u00edficas de fabricaci\u00f3n de alimentos.<\/p>\n<p>Pregunta: \u00bfLa ingesta moderada de alginato de sodio tendr\u00e1 un impacto en la salud f\u00edsica?<\/p>\n<p>Respuesta: En la mayor\u00eda de los casos, no afectar\u00e1 significativamente la salud f\u00edsica de la persona. Como aditivo alimentario natural, el alginato de sodio se considera ampliamente seguro y su ingesta en los alimentos generalmente se controla dentro de un rango seguro. Sin embargo, su consumo excesivo a largo plazo puede provocar molestias digestivas, por lo que se recomienda utilizarlo en los h\u00e1bitos alimentarios habituales y respetar las dosis recomendadas de aditivos alimentarios.<\/p>\n","protected":false},"excerpt":{"rendered":"<ul>\n<li>CAS: 9005-38-3<\/li>\n<li>F\u00f3rmula qu\u00edmica: C<sub>5<\/sub>H<sub>7<\/sub>O<sub>4<\/sub>COONa<\/li>\n<li>Certificaci\u00f3n: KOSHER, ISO, HALAL, FSSC22000, BRC, etc.<\/li>\n<li>Est\u00e1ndar:<\/li>\n<li>Cantidad m\u00ednima de pedido: 1000KG<\/li>\n<li>Caducidad: 2 a\u00f1os<\/li>\n<\/ul>\n","protected":false},"featured_media":5883,"template":"","meta":{"site-sidebar-layout":"default","site-content-layout":"","ast-site-content-layout":"default","site-content-style":"default","site-sidebar-style":"default","ast-global-header-display":"","ast-banner-title-visibility":"","ast-main-header-display":"","ast-hfb-above-header-display":"","ast-hfb-below-header-display":"","ast-hfb-mobile-header-display":"","site-post-title":"","ast-breadcrumbs-content":"","ast-featured-img":"","footer-sml-layout":"","theme-transparent-header-meta":"default","adv-header-id-meta":"","stick-header-meta":"","header-above-stick-meta":"","header-main-stick-meta":"","header-below-stick-meta":"","astra-migrate-meta-layouts":"set","ast-page-background-enabled":"default","ast-page-background-meta":{"desktop":{"background-color":"var(--ast-global-color-4)","background-image":"","background-repeat":"repeat","background-position":"center center","background-size":"auto","background-attachment":"scroll","background-type":"","background-media":"","overlay-type":"","overlay-color":"","overlay-opacity":"","overlay-gradient":""},"tablet":{"background-color":"","background-image":"","background-repeat":"repeat","background-position":"center center","background-size":"auto","background-attachment":"scroll","background-type":"","background-media":"","overlay-type":"","overlay-color":"","overlay-opacity":"","overlay-gradient":""},"mobile":{"background-color":"","background-image":"","background-repeat":"repeat","background-position":"center center","background-size":"auto","background-attachment":"scroll","background-type":"","background-media":"","overlay-type":"","overlay-color":"","overlay-opacity":"","overlay-gradient":""}},"ast-content-background-meta":{"desktop":{"background-color":"var(--ast-global-color-5)","background-image":"","background-repeat":"repeat","background-position":"center center","background-size":"auto","background-attachment":"scroll","background-type":"","background-media":"","overlay-type":"","overlay-color":"","overlay-opacity":"","overlay-gradient":""},"tablet":{"background-color":"var(--ast-global-color-5)","background-image":"","background-repeat":"repeat","background-position":"center center","background-size":"auto","background-attachment":"scroll","background-type":"","background-media":"","overlay-type":"","overlay-color":"","overlay-opacity":"","overlay-gradient":""},"mobile":{"background-color":"var(--ast-global-color-5)","background-image":"","background-repeat":"repeat","background-position":"center center","background-size":"auto","background-attachment":"scroll","background-type":"","background-media":"","overlay-type":"","overlay-color":"","overlay-opacity":"","overlay-gradient":""}}},"product_brand":[],"product_cat":[80],"product_tag":[],"class_list":{"0":"post-8431","1":"product","2":"type-product","3":"status-publish","4":"has-post-thumbnail","6":"product_cat-producto-espesante","7":"desktop-align-center","8":"tablet-align-left","9":"mobile-align-left","11":"first","12":"instock","13":"shipping-taxable","14":"product-type-simple"},"yoast_head":"<!-- This site is optimized with the Yoast SEO plugin v26.5 - https:\/\/yoast.com\/wordpress\/plugins\/seo\/ -->\n<title>Alginato de Sodio E401, Comprar Alginato Sodio a Precio Econ\u00f3mico | Niranbio Chemical<\/title>\n<meta name=\"description\" content=\"Nuestro polvo de alginato de sodio parece un polvo de color amarillo claro, pr\u00e1cticamente no tiene sabor ni olor y se disuelve f\u00e1cilmente en agua para crear un l\u00edquido espeso.\" \/>\n<meta name=\"robots\" content=\"noindex, follow, max-snippet:-1, max-image-preview:large, max-video-preview:-1\" \/>\n<meta name=\"twitter:label1\" content=\"Tiempo de lectura\" \/>\n\t<meta name=\"twitter:data1\" content=\"3 minutos\" \/>\n<script type=\"application\/ld+json\" class=\"yoast-schema-graph\">{\"@context\":\"https:\/\/schema.org\",\"@graph\":[{\"@type\":\"WebPage\",\"@id\":\"https:\/\/theo.niranbio.com\/es\/alginato-de-sodio.html\",\"url\":\"https:\/\/theo.niranbio.com\/es\/alginato-de-sodio.html\",\"name\":\"Alginato de Sodio E401, Comprar Alginato Sodio a Precio Econ\u00f3mico | Niranbio Chemical\",\"isPartOf\":{\"@id\":\"https:\/\/theo.niranbio.com\/es\/#website\"},\"primaryImageOfPage\":{\"@id\":\"https:\/\/theo.niranbio.com\/es\/alginato-de-sodio.html#primaryimage\"},\"image\":{\"@id\":\"https:\/\/theo.niranbio.com\/es\/alginato-de-sodio.html#primaryimage\"},\"thumbnailUrl\":\"https:\/\/theo.niranbio.com\/wp-content\/uploads\/2024\/06\/Sodium-Alginate.webp\",\"datePublished\":\"2024-06-20T02:26:44+00:00\",\"dateModified\":\"2024-08-15T07:47:21+00:00\",\"description\":\"Nuestro polvo de alginato de sodio parece un polvo de color amarillo claro, pr\u00e1cticamente no tiene sabor ni olor y se disuelve f\u00e1cilmente en agua para crear un l\u00edquido espeso.\",\"breadcrumb\":{\"@id\":\"https:\/\/theo.niranbio.com\/es\/alginato-de-sodio.html#breadcrumb\"},\"inLanguage\":\"es\",\"potentialAction\":[{\"@type\":\"ReadAction\",\"target\":[\"https:\/\/theo.niranbio.com\/es\/alginato-de-sodio.html\"]}]},{\"@type\":\"ImageObject\",\"inLanguage\":\"es\",\"@id\":\"https:\/\/theo.niranbio.com\/es\/alginato-de-sodio.html#primaryimage\",\"url\":\"https:\/\/theo.niranbio.com\/wp-content\/uploads\/2024\/06\/Sodium-Alginate.webp\",\"contentUrl\":\"https:\/\/theo.niranbio.com\/wp-content\/uploads\/2024\/06\/Sodium-Alginate.webp\",\"width\":600,\"height\":600,\"caption\":\"Alginato de sodio\"},{\"@type\":\"BreadcrumbList\",\"@id\":\"https:\/\/theo.niranbio.com\/es\/alginato-de-sodio.html#breadcrumb\",\"itemListElement\":[{\"@type\":\"ListItem\",\"position\":1,\"name\":\"Home\",\"item\":\"https:\/\/theo.niranbio.com\/es\/\"},{\"@type\":\"ListItem\",\"position\":2,\"name\":\"Productos\",\"item\":\"https:\/\/theo.niranbio.com\/es\/productos.html\"},{\"@type\":\"ListItem\",\"position\":3,\"name\":\"Espesantes\",\"item\":\"https:\/\/theo.niranbio.com\/es\/producto-espesante\/\"},{\"@type\":\"ListItem\",\"position\":4,\"name\":\"Alginato de sodio\"}]},{\"@type\":\"WebSite\",\"@id\":\"https:\/\/theo.niranbio.com\/es\/#website\",\"url\":\"https:\/\/theo.niranbio.com\/es\/\",\"name\":\"Niranbio Chemical\",\"description\":\"\",\"publisher\":{\"@id\":\"https:\/\/theo.niranbio.com\/es\/#organization\"},\"potentialAction\":[{\"@type\":\"SearchAction\",\"target\":{\"@type\":\"EntryPoint\",\"urlTemplate\":\"https:\/\/theo.niranbio.com\/es\/?s={search_term_string}\"},\"query-input\":{\"@type\":\"PropertyValueSpecification\",\"valueRequired\":true,\"valueName\":\"search_term_string\"}}],\"inLanguage\":\"es\"},{\"@type\":\"Organization\",\"@id\":\"https:\/\/theo.niranbio.com\/es\/#organization\",\"name\":\"Niranbio Chemical\",\"url\":\"https:\/\/theo.niranbio.com\/es\/\",\"logo\":{\"@type\":\"ImageObject\",\"inLanguage\":\"es\",\"@id\":\"https:\/\/theo.niranbio.com\/es\/#\/schema\/logo\/image\/\",\"url\":\"https:\/\/theo.niranbio.com\/wp-content\/uploads\/2024\/06\/Niranbio.png\",\"contentUrl\":\"https:\/\/theo.niranbio.com\/wp-content\/uploads\/2024\/06\/Niranbio.png\",\"width\":270,\"height\":100,\"caption\":\"Niranbio Chemical\"},\"image\":{\"@id\":\"https:\/\/theo.niranbio.com\/es\/#\/schema\/logo\/image\/\"}}]}<\/script>\n<!-- \/ Yoast SEO plugin. -->","yoast_head_json":{"title":"Alginato de Sodio E401, Comprar Alginato Sodio a Precio Econ\u00f3mico | Niranbio Chemical","description":"Nuestro polvo de alginato de sodio parece un polvo de color amarillo claro, pr\u00e1cticamente no tiene sabor ni olor y se disuelve f\u00e1cilmente en agua para crear un l\u00edquido espeso.","robots":{"index":"noindex","follow":"follow","max-snippet":"max-snippet:-1","max-image-preview":"max-image-preview:large","max-video-preview":"max-video-preview:-1"},"twitter_misc":{"Tiempo de lectura":"3 minutos"},"schema":{"@context":"https:\/\/schema.org","@graph":[{"@type":"WebPage","@id":"https:\/\/theo.niranbio.com\/es\/alginato-de-sodio.html","url":"https:\/\/theo.niranbio.com\/es\/alginato-de-sodio.html","name":"Alginato de Sodio E401, Comprar Alginato Sodio a Precio Econ\u00f3mico | Niranbio Chemical","isPartOf":{"@id":"https:\/\/theo.niranbio.com\/es\/#website"},"primaryImageOfPage":{"@id":"https:\/\/theo.niranbio.com\/es\/alginato-de-sodio.html#primaryimage"},"image":{"@id":"https:\/\/theo.niranbio.com\/es\/alginato-de-sodio.html#primaryimage"},"thumbnailUrl":"https:\/\/theo.niranbio.com\/wp-content\/uploads\/2024\/06\/Sodium-Alginate.webp","datePublished":"2024-06-20T02:26:44+00:00","dateModified":"2024-08-15T07:47:21+00:00","description":"Nuestro polvo de alginato de sodio parece un polvo de color amarillo claro, pr\u00e1cticamente no tiene sabor ni olor y se disuelve f\u00e1cilmente en agua para crear un l\u00edquido espeso.","breadcrumb":{"@id":"https:\/\/theo.niranbio.com\/es\/alginato-de-sodio.html#breadcrumb"},"inLanguage":"es","potentialAction":[{"@type":"ReadAction","target":["https:\/\/theo.niranbio.com\/es\/alginato-de-sodio.html"]}]},{"@type":"ImageObject","inLanguage":"es","@id":"https:\/\/theo.niranbio.com\/es\/alginato-de-sodio.html#primaryimage","url":"https:\/\/theo.niranbio.com\/wp-content\/uploads\/2024\/06\/Sodium-Alginate.webp","contentUrl":"https:\/\/theo.niranbio.com\/wp-content\/uploads\/2024\/06\/Sodium-Alginate.webp","width":600,"height":600,"caption":"Alginato de sodio"},{"@type":"BreadcrumbList","@id":"https:\/\/theo.niranbio.com\/es\/alginato-de-sodio.html#breadcrumb","itemListElement":[{"@type":"ListItem","position":1,"name":"Home","item":"https:\/\/theo.niranbio.com\/es\/"},{"@type":"ListItem","position":2,"name":"Productos","item":"https:\/\/theo.niranbio.com\/es\/productos.html"},{"@type":"ListItem","position":3,"name":"Espesantes","item":"https:\/\/theo.niranbio.com\/es\/producto-espesante\/"},{"@type":"ListItem","position":4,"name":"Alginato de sodio"}]},{"@type":"WebSite","@id":"https:\/\/theo.niranbio.com\/es\/#website","url":"https:\/\/theo.niranbio.com\/es\/","name":"Niranbio Chemical","description":"","publisher":{"@id":"https:\/\/theo.niranbio.com\/es\/#organization"},"potentialAction":[{"@type":"SearchAction","target":{"@type":"EntryPoint","urlTemplate":"https:\/\/theo.niranbio.com\/es\/?s={search_term_string}"},"query-input":{"@type":"PropertyValueSpecification","valueRequired":true,"valueName":"search_term_string"}}],"inLanguage":"es"},{"@type":"Organization","@id":"https:\/\/theo.niranbio.com\/es\/#organization","name":"Niranbio Chemical","url":"https:\/\/theo.niranbio.com\/es\/","logo":{"@type":"ImageObject","inLanguage":"es","@id":"https:\/\/theo.niranbio.com\/es\/#\/schema\/logo\/image\/","url":"https:\/\/theo.niranbio.com\/wp-content\/uploads\/2024\/06\/Niranbio.png","contentUrl":"https:\/\/theo.niranbio.com\/wp-content\/uploads\/2024\/06\/Niranbio.png","width":270,"height":100,"caption":"Niranbio Chemical"},"image":{"@id":"https:\/\/theo.niranbio.com\/es\/#\/schema\/logo\/image\/"}}]}},"_links":{"self":[{"href":"https:\/\/theo.niranbio.com\/es\/wp-json\/wp\/v2\/product\/8431","targetHints":{"allow":["GET"]}}],"collection":[{"href":"https:\/\/theo.niranbio.com\/es\/wp-json\/wp\/v2\/product"}],"about":[{"href":"https:\/\/theo.niranbio.com\/es\/wp-json\/wp\/v2\/types\/product"}],"version-history":[{"count":0,"href":"https:\/\/theo.niranbio.com\/es\/wp-json\/wp\/v2\/product\/8431\/revisions"}],"wp:featuredmedia":[{"embeddable":true,"href":"https:\/\/theo.niranbio.com\/es\/wp-json\/wp\/v2\/media\/5883"}],"wp:attachment":[{"href":"https:\/\/theo.niranbio.com\/es\/wp-json\/wp\/v2\/media?parent=8431"}],"wp:term":[{"taxonomy":"product_brand","embeddable":true,"href":"https:\/\/theo.niranbio.com\/es\/wp-json\/wp\/v2\/product_brand?post=8431"},{"taxonomy":"product_cat","embeddable":true,"href":"https:\/\/theo.niranbio.com\/es\/wp-json\/wp\/v2\/product_cat?post=8431"},{"taxonomy":"product_tag","embeddable":true,"href":"https:\/\/theo.niranbio.com\/es\/wp-json\/wp\/v2\/product_tag?post=8431"}],"curies":[{"name":"wp","href":"https:\/\/api.w.org\/{rel}","templated":true}]}}