{"id":8429,"date":"2024-06-20T09:29:39","date_gmt":"2024-06-20T01:29:39","guid":{"rendered":"https:\/\/theo.niranbio.com\/extracto-de-malta-liquido\/"},"modified":"2024-08-16T14:35:07","modified_gmt":"2024-08-16T06:35:07","slug":"extracto-de-malta-liquido","status":"publish","type":"product","link":"https:\/\/theo.niranbio.com\/es\/extracto-de-malta-liquido.html","title":{"rendered":"Extracto de malta-l\u00edquido"},"content":{"rendered":"<h2><span class=\"ez-toc-section\" id=\"%C2%BFQue_es_el_extracto-liquido_de_malta\"><\/span>\u00bfQu\u00e9 es el extracto-l\u00edquido de malta?<span class=\"ez-toc-section-end\"><\/span><\/h2>\n<p>El extracto de malta l\u00edquido es un alimento natural que proviene completamente de granos. Est\u00e1 hecho de malta de cebada, cebada, agua y enzimas, y luego se obtiene mediante cribado, descascarado, triturado, sacarificaci\u00f3n, filtrado, evaporaci\u00f3n, envasado y otros m\u00e9todos de procesamiento. Aparece como un l\u00edquido viscoso marr\u00f3n, rico en maltosa, fructosa, glucosa, amino\u00e1cidos esenciales para el cuerpo humano, m\u00faltiples vitaminas, etc. En varias facetas de la industria alimentaria, se utiliza com\u00fanmente.<\/p>\n<p>El extracto de malta l\u00edquido se elabora a partir de malta de cebada (cebada) seleccionada de alta calidad como materia prima, que se tritura e hidroliza enzim\u00e1ticamente en mosto, y luego se filtra y se concentra al vac\u00edo para obtener un extracto de malta l\u00edquido.<\/p>\n<h2><span class=\"ez-toc-section\" id=\"Parametros_relacionados\"><\/span>Par\u00e1metros relacionados:<span class=\"ez-toc-section-end\"><\/span><\/h2>\n<table>\n<tbody>\n<tr>\n<td><strong>Prueba<\/strong><\/td>\n<td><strong>Resultado<\/strong><\/td>\n<\/tr>\n<tr>\n<td>Aspecto<\/td>\n<td>L\u00edquido viscoso de color marr\u00f3n<\/td>\n<\/tr>\n<tr>\n<td>Olor y sabor<\/td>\n<td>Agradable y caracter\u00edstico sabor a malta, ligeramente dulce<\/td>\n<\/tr>\n<tr>\n<td>S\u00f3lido seco, %.<\/td>\n<td>75-85<\/td>\n<\/tr>\n<tr>\n<td>Prote\u00edna (base seca), %.<\/td>\n<td>\u22654.2<\/td>\n<\/tr>\n<tr>\n<td>Valor de DE,%.<\/td>\n<td>30-60<\/td>\n<\/tr>\n<tr>\n<td>Color en fresco, EBC<\/td>\n<td>5-15<\/td>\n<\/tr>\n<tr>\n<td>Valor de pH (soluci\u00f3n al 10%)<\/td>\n<td>5.0-6.0<\/td>\n<\/tr>\n<tr>\n<td>Acidez,ml\/10g<\/td>\n<td>\u226418.0<\/td>\n<\/tr>\n<tr>\n<td>Ceniza de Sulfato,%.<\/td>\n<td>\u22642.7<\/td>\n<\/tr>\n<tr>\n<td>Residuos de SO2,g\/kg<\/td>\n<td>\u22640.04<\/td>\n<\/tr>\n<tr>\n<td>Plomo (como Pb), mg\/kg<\/td>\n<td>\u22640.5<\/td>\n<\/tr>\n<tr>\n<td>Ars\u00e9nico total (como As), mg\/kg<\/td>\n<td>\u22641.0<\/td>\n<\/tr>\n<tr>\n<td>Cobre (como Cu), mg\/kg<\/td>\n<td>\u22645.0<\/td>\n<\/tr>\n<tr>\n<td>Recuento de placas aerobias, ufc\/g<\/td>\n<td>\u22643000<\/td>\n<\/tr>\n<tr>\n<td>Coliformes, NMP\/g<\/td>\n<td>M\u00e1ximo 0,3 Dosis recomendada<\/td>\n<\/tr>\n<\/tbody>\n<\/table>\n<h2><span class=\"ez-toc-section\" id=\"Dosis_recomendada\"><\/span>Dosis recomendada<span class=\"ez-toc-section-end\"><\/span><\/h2>\n<table>\n<tbody>\n<tr>\n<td><strong>Nombre del alimento<\/strong><\/td>\n<td><strong>Uso m\u00e1ximo (g\/kg)<\/strong><\/td>\n<\/tr>\n<tr>\n<td>Bebidas carbonatadas<\/td>\n<td>3 g\/kg<\/td>\n<\/tr>\n<tr>\n<td>Bebidas de t\u00e9<\/td>\n<td>4 g\/kg<\/td>\n<\/tr>\n<tr>\n<td>Bebidas de frutas<\/td>\n<td>5 g\/kg<\/td>\n<\/tr>\n<tr>\n<td>Pan<\/td>\n<td>15 g\/kg<\/td>\n<\/tr>\n<tr>\n<td>Pastel<\/td>\n<td>20 g\/kg<\/td>\n<\/tr>\n<tr>\n<td>Yogur<\/td>\n<td>10 g\/kg<\/td>\n<\/tr>\n<tr>\n<td>Leche<\/td>\n<td>4 g\/kg<\/td>\n<\/tr>\n<tr>\n<td>Caramelo blando<\/td>\n<td>30 g\/kg<\/td>\n<\/tr>\n<tr>\n<td>Caramelo duro<\/td>\n<td>25 g\/kg<\/td>\n<\/tr>\n<tr>\n<td>Salsa de soja<\/td>\n<td>5 g\/kg<\/td>\n<\/tr>\n<tr>\n<td>Vinagre<\/td>\n<td>4 g\/kg<\/td>\n<\/tr>\n<tr>\n<td>Ketchup<\/td>\n<td>8 g\/kg<\/td>\n<\/tr>\n<tr>\n<td>Jam\u00f3n<\/td>\n<td>10 g\/kg<\/td>\n<\/tr>\n<\/tbody>\n<\/table>\n<h2><span class=\"ez-toc-section\" id=\"El_extracto-liquido_de_malta_tiene_una_amplia_gama_de_usos\"><\/span>El extracto-l\u00edquido de malta tiene una amplia gama de usos<span class=\"ez-toc-section-end\"><\/span><\/h2>\n<ol>\n<li>Industria alimentaria: viscoso En la industria alimentaria, el extracto de malta l\u00edquido se utiliza principalmente como antioxidante y conservante natural. Los alimentos se pueden mantener frescos durante m\u00e1s tiempo y evitar que se estropeen gracias a su larga vida \u00fatil. Adem\u00e1s, el extracto de malta l\u00edquido tambi\u00e9n tiene efectos antibacterianos, antivirales y antiinflamatorios, que pueden mejorar la funci\u00f3n saludable de los alimentos. Dado que el extracto de malta es un ingrediente natural, los consumidores lo prefieren cada vez m\u00e1s.<\/li>\n<li>Industria de bebidas: el extracto de malta l\u00edquido se utiliza principalmente en la industria de bebidas para producir bebidas como cerveza, t\u00e9 de malta y caf\u00e9 de malta. En la producci\u00f3n de cerveza, el extracto de malta puede proporcionar el sabor y el aroma \u00fanicos de la cerveza, al mismo tiempo que mejora la funci\u00f3n saludable de la cerveza. En la producci\u00f3n de t\u00e9 de malta y caf\u00e9 de malta, el extracto de malta puede aumentar el sabor y la calidad de la bebida, haci\u00e9ndola m\u00e1s deliciosa.<\/li>\n<li>Campo farmac\u00e9utico: El extracto de malta l\u00edquido tiene una variedad de efectos farmacol\u00f3gicos en el campo farmac\u00e9utico, como antiinflamatorio, antioxidante, antibacteriano y antiviral. En consecuencia, una amplia gama de medicamentos, incluidos los para el coraz\u00f3n, el c\u00e1ncer y la inflamaci\u00f3n, se pueden elaborar con extracto de malta.<\/li>\n<li>Otros campos: Adem\u00e1s de los campos anteriores, el extracto de malta l\u00edquido tambi\u00e9n se puede utilizar en alimentos para mascotas, piensos, cosm\u00e9ticos y pesticidas biol\u00f3gicos.<\/li>\n<\/ol>\n<h2><span class=\"ez-toc-section\" id=\"Pregunta_formulada_por_un_usuario\"><\/span>Pregunta formulada por un usuario:<span class=\"ez-toc-section-end\"><\/span><\/h2>\n<p>Pregunta: \u00bfCu\u00e1les son las ventajas del extracto de malta l\u00edquido sobre el extracto de malta seco?<\/p>\n<p>Respuesta: El extracto de malta l\u00edquido es m\u00e1s f\u00e1cil de mezclar con otros ingredientes l\u00edquidos, especialmente en bebidas y alimentos l\u00edquidos; y no requiere pasos de disoluci\u00f3n adicionales durante el proceso de producci\u00f3n y se puede utilizar directamente; en algunas aplicaciones, la forma l\u00edquida puede proporcionar una textura m\u00e1s suave y un mejor sabor.<\/p>\n","protected":false},"excerpt":{"rendered":"<ul>\n<li>CAS: 8002-48-0<\/li>\n<li>Certificaci\u00f3n: KOSHER, ISO, HALAL, FSSC22000, BRC, etc.<\/li>\n<li>Cantidad m\u00ednima de pedido: 1000KG<\/li>\n<li>Caducidad: 2 a\u00f1os<\/li>\n<\/ul>\n","protected":false},"featured_media":5782,"template":"","meta":{"site-sidebar-layout":"default","site-content-layout":"","ast-site-content-layout":"default","site-content-style":"default","site-sidebar-style":"default","ast-global-header-display":"","ast-banner-title-visibility":"","ast-main-header-display":"","ast-hfb-above-header-display":"","ast-hfb-below-header-display":"","ast-hfb-mobile-header-display":"","site-post-title":"","ast-breadcrumbs-content":"","ast-featured-img":"","footer-sml-layout":"","theme-transparent-header-meta":"default","adv-header-id-meta":"","stick-header-meta":"","header-above-stick-meta":"","header-main-stick-meta":"","header-below-stick-meta":"","astra-migrate-meta-layouts":"set","ast-page-background-enabled":"default","ast-page-background-meta":{"desktop":{"background-color":"var(--ast-global-color-4)","background-image":"","background-repeat":"repeat","background-position":"center center","background-size":"auto","background-attachment":"scroll","background-type":"","background-media":"","overlay-type":"","overlay-color":"","overlay-opacity":"","overlay-gradient":""},"tablet":{"background-color":"","background-image":"","background-repeat":"repeat","background-position":"center center","background-size":"auto","background-attachment":"scroll","background-type":"","background-media":"","overlay-type":"","overlay-color":"","overlay-opacity":"","overlay-gradient":""},"mobile":{"background-color":"","background-image":"","background-repeat":"repeat","background-position":"center center","background-size":"auto","background-attachment":"scroll","background-type":"","background-media":"","overlay-type":"","overlay-color":"","overlay-opacity":"","overlay-gradient":""}},"ast-content-background-meta":{"desktop":{"background-color":"var(--ast-global-color-5)","background-image":"","background-repeat":"repeat","background-position":"center center","background-size":"auto","background-attachment":"scroll","background-type":"","background-media":"","overlay-type":"","overlay-color":"","overlay-opacity":"","overlay-gradient":""},"tablet":{"background-color":"var(--ast-global-color-5)","background-image":"","background-repeat":"repeat","background-position":"center center","background-size":"auto","background-attachment":"scroll","background-type":"","background-media":"","overlay-type":"","overlay-color":"","overlay-opacity":"","overlay-gradient":""},"mobile":{"background-color":"var(--ast-global-color-5)","background-image":"","background-repeat":"repeat","background-position":"center center","background-size":"auto","background-attachment":"scroll","background-type":"","background-media":"","overlay-type":"","overlay-color":"","overlay-opacity":"","overlay-gradient":""}}},"product_brand":[],"product_cat":[78],"product_tag":[],"class_list":{"0":"post-8429","1":"product","2":"type-product","3":"status-publish","4":"has-post-thumbnail","6":"product_cat-producto-edulcorante","7":"desktop-align-center","8":"tablet-align-left","9":"mobile-align-left","11":"first","12":"instock","13":"shipping-taxable","14":"product-type-simple"},"yoast_head":"<!-- This site is optimized with the Yoast SEO plugin v26.5 - https:\/\/yoast.com\/wordpress\/plugins\/seo\/ -->\n<title>Extracto de Malta L\u00edquido Comprar, Precio de Extracto Malta Aditivo | Niranbio Chemical<\/title>\n<meta name=\"description\" content=\"Nuestro extracto de malta rico en nutrientes ofrece un sabor dulce y maltoso ideal para la elaboraci\u00f3n de cerveza y la reposter\u00eda, mejorando la fermentaci\u00f3n, el color, el sabor y los beneficios nutricionales.\" \/>\n<meta name=\"robots\" content=\"noindex, follow, max-snippet:-1, max-image-preview:large, max-video-preview:-1\" \/>\n<meta name=\"twitter:label1\" content=\"Tiempo de lectura\" \/>\n\t<meta name=\"twitter:data1\" content=\"3 minutos\" \/>\n<script type=\"application\/ld+json\" class=\"yoast-schema-graph\">{\"@context\":\"https:\/\/schema.org\",\"@graph\":[{\"@type\":\"WebPage\",\"@id\":\"https:\/\/theo.niranbio.com\/es\/extracto-de-malta-liquido.html\",\"url\":\"https:\/\/theo.niranbio.com\/es\/extracto-de-malta-liquido.html\",\"name\":\"Extracto de Malta L\u00edquido Comprar, Precio de Extracto Malta Aditivo | Niranbio Chemical\",\"isPartOf\":{\"@id\":\"https:\/\/theo.niranbio.com\/es\/#website\"},\"primaryImageOfPage\":{\"@id\":\"https:\/\/theo.niranbio.com\/es\/extracto-de-malta-liquido.html#primaryimage\"},\"image\":{\"@id\":\"https:\/\/theo.niranbio.com\/es\/extracto-de-malta-liquido.html#primaryimage\"},\"thumbnailUrl\":\"https:\/\/theo.niranbio.com\/wp-content\/uploads\/2024\/06\/Liquid-Malt-Extract.webp\",\"datePublished\":\"2024-06-20T01:29:39+00:00\",\"dateModified\":\"2024-08-16T06:35:07+00:00\",\"description\":\"Nuestro extracto de malta rico en nutrientes ofrece un sabor dulce y maltoso ideal para la elaboraci\u00f3n de cerveza y la reposter\u00eda, mejorando la fermentaci\u00f3n, el color, el sabor y los beneficios nutricionales.\",\"breadcrumb\":{\"@id\":\"https:\/\/theo.niranbio.com\/es\/extracto-de-malta-liquido.html#breadcrumb\"},\"inLanguage\":\"es\",\"potentialAction\":[{\"@type\":\"ReadAction\",\"target\":[\"https:\/\/theo.niranbio.com\/es\/extracto-de-malta-liquido.html\"]}]},{\"@type\":\"ImageObject\",\"inLanguage\":\"es\",\"@id\":\"https:\/\/theo.niranbio.com\/es\/extracto-de-malta-liquido.html#primaryimage\",\"url\":\"https:\/\/theo.niranbio.com\/wp-content\/uploads\/2024\/06\/Liquid-Malt-Extract.webp\",\"contentUrl\":\"https:\/\/theo.niranbio.com\/wp-content\/uploads\/2024\/06\/Liquid-Malt-Extract.webp\",\"width\":600,\"height\":600,\"caption\":\"Extracto de malta l\u00edquida\"},{\"@type\":\"BreadcrumbList\",\"@id\":\"https:\/\/theo.niranbio.com\/es\/extracto-de-malta-liquido.html#breadcrumb\",\"itemListElement\":[{\"@type\":\"ListItem\",\"position\":1,\"name\":\"Home\",\"item\":\"https:\/\/theo.niranbio.com\/es\/\"},{\"@type\":\"ListItem\",\"position\":2,\"name\":\"Productos\",\"item\":\"https:\/\/theo.niranbio.com\/es\/productos.html\"},{\"@type\":\"ListItem\",\"position\":3,\"name\":\"Edulcorantes\",\"item\":\"https:\/\/theo.niranbio.com\/es\/producto-edulcorante\/\"},{\"@type\":\"ListItem\",\"position\":4,\"name\":\"Extracto de malta-l\u00edquido\"}]},{\"@type\":\"WebSite\",\"@id\":\"https:\/\/theo.niranbio.com\/es\/#website\",\"url\":\"https:\/\/theo.niranbio.com\/es\/\",\"name\":\"Niranbio Chemical\",\"description\":\"\",\"publisher\":{\"@id\":\"https:\/\/theo.niranbio.com\/es\/#organization\"},\"potentialAction\":[{\"@type\":\"SearchAction\",\"target\":{\"@type\":\"EntryPoint\",\"urlTemplate\":\"https:\/\/theo.niranbio.com\/es\/?s={search_term_string}\"},\"query-input\":{\"@type\":\"PropertyValueSpecification\",\"valueRequired\":true,\"valueName\":\"search_term_string\"}}],\"inLanguage\":\"es\"},{\"@type\":\"Organization\",\"@id\":\"https:\/\/theo.niranbio.com\/es\/#organization\",\"name\":\"Niranbio Chemical\",\"url\":\"https:\/\/theo.niranbio.com\/es\/\",\"logo\":{\"@type\":\"ImageObject\",\"inLanguage\":\"es\",\"@id\":\"https:\/\/theo.niranbio.com\/es\/#\/schema\/logo\/image\/\",\"url\":\"https:\/\/theo.niranbio.com\/wp-content\/uploads\/2024\/06\/Niranbio.png\",\"contentUrl\":\"https:\/\/theo.niranbio.com\/wp-content\/uploads\/2024\/06\/Niranbio.png\",\"width\":270,\"height\":100,\"caption\":\"Niranbio Chemical\"},\"image\":{\"@id\":\"https:\/\/theo.niranbio.com\/es\/#\/schema\/logo\/image\/\"}}]}<\/script>\n<!-- \/ Yoast SEO plugin. -->","yoast_head_json":{"title":"Extracto de Malta L\u00edquido Comprar, Precio de Extracto Malta Aditivo | Niranbio Chemical","description":"Nuestro extracto de malta rico en nutrientes ofrece un sabor dulce y maltoso ideal para la elaboraci\u00f3n de cerveza y la reposter\u00eda, mejorando la fermentaci\u00f3n, el color, el sabor y los beneficios nutricionales.","robots":{"index":"noindex","follow":"follow","max-snippet":"max-snippet:-1","max-image-preview":"max-image-preview:large","max-video-preview":"max-video-preview:-1"},"twitter_misc":{"Tiempo de lectura":"3 minutos"},"schema":{"@context":"https:\/\/schema.org","@graph":[{"@type":"WebPage","@id":"https:\/\/theo.niranbio.com\/es\/extracto-de-malta-liquido.html","url":"https:\/\/theo.niranbio.com\/es\/extracto-de-malta-liquido.html","name":"Extracto de Malta L\u00edquido Comprar, Precio de Extracto Malta Aditivo | Niranbio Chemical","isPartOf":{"@id":"https:\/\/theo.niranbio.com\/es\/#website"},"primaryImageOfPage":{"@id":"https:\/\/theo.niranbio.com\/es\/extracto-de-malta-liquido.html#primaryimage"},"image":{"@id":"https:\/\/theo.niranbio.com\/es\/extracto-de-malta-liquido.html#primaryimage"},"thumbnailUrl":"https:\/\/theo.niranbio.com\/wp-content\/uploads\/2024\/06\/Liquid-Malt-Extract.webp","datePublished":"2024-06-20T01:29:39+00:00","dateModified":"2024-08-16T06:35:07+00:00","description":"Nuestro extracto de malta rico en nutrientes ofrece un sabor dulce y maltoso ideal para la elaboraci\u00f3n de cerveza y la reposter\u00eda, mejorando la fermentaci\u00f3n, el color, el sabor y los beneficios nutricionales.","breadcrumb":{"@id":"https:\/\/theo.niranbio.com\/es\/extracto-de-malta-liquido.html#breadcrumb"},"inLanguage":"es","potentialAction":[{"@type":"ReadAction","target":["https:\/\/theo.niranbio.com\/es\/extracto-de-malta-liquido.html"]}]},{"@type":"ImageObject","inLanguage":"es","@id":"https:\/\/theo.niranbio.com\/es\/extracto-de-malta-liquido.html#primaryimage","url":"https:\/\/theo.niranbio.com\/wp-content\/uploads\/2024\/06\/Liquid-Malt-Extract.webp","contentUrl":"https:\/\/theo.niranbio.com\/wp-content\/uploads\/2024\/06\/Liquid-Malt-Extract.webp","width":600,"height":600,"caption":"Extracto de malta l\u00edquida"},{"@type":"BreadcrumbList","@id":"https:\/\/theo.niranbio.com\/es\/extracto-de-malta-liquido.html#breadcrumb","itemListElement":[{"@type":"ListItem","position":1,"name":"Home","item":"https:\/\/theo.niranbio.com\/es\/"},{"@type":"ListItem","position":2,"name":"Productos","item":"https:\/\/theo.niranbio.com\/es\/productos.html"},{"@type":"ListItem","position":3,"name":"Edulcorantes","item":"https:\/\/theo.niranbio.com\/es\/producto-edulcorante\/"},{"@type":"ListItem","position":4,"name":"Extracto de malta-l\u00edquido"}]},{"@type":"WebSite","@id":"https:\/\/theo.niranbio.com\/es\/#website","url":"https:\/\/theo.niranbio.com\/es\/","name":"Niranbio Chemical","description":"","publisher":{"@id":"https:\/\/theo.niranbio.com\/es\/#organization"},"potentialAction":[{"@type":"SearchAction","target":{"@type":"EntryPoint","urlTemplate":"https:\/\/theo.niranbio.com\/es\/?s={search_term_string}"},"query-input":{"@type":"PropertyValueSpecification","valueRequired":true,"valueName":"search_term_string"}}],"inLanguage":"es"},{"@type":"Organization","@id":"https:\/\/theo.niranbio.com\/es\/#organization","name":"Niranbio Chemical","url":"https:\/\/theo.niranbio.com\/es\/","logo":{"@type":"ImageObject","inLanguage":"es","@id":"https:\/\/theo.niranbio.com\/es\/#\/schema\/logo\/image\/","url":"https:\/\/theo.niranbio.com\/wp-content\/uploads\/2024\/06\/Niranbio.png","contentUrl":"https:\/\/theo.niranbio.com\/wp-content\/uploads\/2024\/06\/Niranbio.png","width":270,"height":100,"caption":"Niranbio Chemical"},"image":{"@id":"https:\/\/theo.niranbio.com\/es\/#\/schema\/logo\/image\/"}}]}},"_links":{"self":[{"href":"https:\/\/theo.niranbio.com\/es\/wp-json\/wp\/v2\/product\/8429","targetHints":{"allow":["GET"]}}],"collection":[{"href":"https:\/\/theo.niranbio.com\/es\/wp-json\/wp\/v2\/product"}],"about":[{"href":"https:\/\/theo.niranbio.com\/es\/wp-json\/wp\/v2\/types\/product"}],"version-history":[{"count":0,"href":"https:\/\/theo.niranbio.com\/es\/wp-json\/wp\/v2\/product\/8429\/revisions"}],"wp:featuredmedia":[{"embeddable":true,"href":"https:\/\/theo.niranbio.com\/es\/wp-json\/wp\/v2\/media\/5782"}],"wp:attachment":[{"href":"https:\/\/theo.niranbio.com\/es\/wp-json\/wp\/v2\/media?parent=8429"}],"wp:term":[{"taxonomy":"product_brand","embeddable":true,"href":"https:\/\/theo.niranbio.com\/es\/wp-json\/wp\/v2\/product_brand?post=8429"},{"taxonomy":"product_cat","embeddable":true,"href":"https:\/\/theo.niranbio.com\/es\/wp-json\/wp\/v2\/product_cat?post=8429"},{"taxonomy":"product_tag","embeddable":true,"href":"https:\/\/theo.niranbio.com\/es\/wp-json\/wp\/v2\/product_tag?post=8429"}],"curies":[{"name":"wp","href":"https:\/\/api.w.org\/{rel}","templated":true}]}}