{"id":8426,"date":"2024-06-20T09:30:17","date_gmt":"2024-06-20T01:30:17","guid":{"rendered":"https:\/\/theo.niranbio.com\/alluloso\/"},"modified":"2024-08-16T14:31:16","modified_gmt":"2024-08-16T06:31:16","slug":"alluloso","status":"publish","type":"product","link":"https:\/\/theo.niranbio.com\/es\/alluloso.html","title":{"rendered":"Alulosa"},"content":{"rendered":"<h2><span class=\"ez-toc-section\" id=\"%C2%BFQue_es_la_alulosa\"><\/span>\u00bfQu\u00e9 es la alulosa?<span class=\"ez-toc-section-end\"><\/span><\/h2>\n<p>Una cetosa de seis carbonos poco com\u00fan conocida como celulosa es de color blanco granulado o en polvo. Es casi totalmente libre de calor\u00edas y tiene ventajas \u00fanicas para la salud, como la regulaci\u00f3n del az\u00facar en sangre. La American Food Navigation Network la eval\u00faa como el sustituto de la sacarosa m\u00e1s prometedor y se utiliza ampliamente en las industrias alimentaria y farmac\u00e9utica.<\/p>\n<p>La producci\u00f3n de alulosa se basaba originalmente en carbohidratos, generalmente almid\u00f3n, pectina, glucosa, etc. Estas materias primas se convierten en glucosa o fructosa mediante hidr\u00f3lisis enzim\u00e1tica o hidr\u00f3lisis \u00e1cida a la temperatura y el valor de pH adecuados, y luego se filtran, cristalizan, secan, etc. para obtener finalmente el producto terminado.<\/p>\n<h2><span class=\"ez-toc-section\" id=\"Parametros_relacionados\"><\/span>Par\u00e1metros relacionados:<span class=\"ez-toc-section-end\"><\/span><\/h2>\n<table>\n<tbody>\n<tr>\n<td><strong>ART\u00cdCULOS<\/strong><\/td>\n<td><strong>\u00cdndice<\/strong><\/td>\n<\/tr>\n<tr>\n<td>Contenido en D-alulosa (base seca)\uff0c% \u2265<\/td>\n<td>98<\/td>\n<\/tr>\n<tr>\n<td>Residuo de ignici\u00f3n\uff0c% \u2264 0,1<\/td>\n<td>0.1<\/td>\n<\/tr>\n<tr>\n<td>P\u00e9rdida por desecaci\u00f3n\uff0c% \u2264 1<\/td>\n<td>1.0<\/td>\n<\/tr>\n<tr>\n<td>Plomo\uff08Pb\uff09mg\/kg<\/td>\n<td>\u2264 0.5<\/td>\n<\/tr>\n<tr>\n<td>Ars\u00e9nico(AS) mg\/kg<\/td>\n<td>\u2264 0.5<\/td>\n<\/tr>\n<tr>\n<td>pH<\/td>\n<td>3.0\uff5e7.0<\/td>\n<\/tr>\n<tr>\n<td>Recuento total en placa\uff0cCFU\/g<\/td>\n<td>\u2264 100<\/td>\n<\/tr>\n<tr>\n<td>Mohos y levaduras, UFC\/g<\/td>\n<td>\u2264 50<\/td>\n<\/tr>\n<\/tbody>\n<\/table>\n<h2><span class=\"ez-toc-section\" id=\"Dosis_recomendada\"><\/span>Dosis recomendada<span class=\"ez-toc-section-end\"><\/span><\/h2>\n<table>\n<tbody>\n<tr>\n<td><strong>Nombre del alimento<\/strong><\/td>\n<td><strong>Uso m\u00e1ximo (g\/kg)<\/strong><\/td>\n<\/tr>\n<tr>\n<td>Bebidas<\/td>\n<td>1 g\/kg<\/td>\n<\/tr>\n<tr>\n<td>Panader\u00eda<\/td>\n<td>5 g\/kg<\/td>\n<\/tr>\n<tr>\n<td>Mermelada<\/td>\n<td>5 g\/kg<\/td>\n<\/tr>\n<tr>\n<td>Productos l\u00e1cteos<\/td>\n<td>5 g\/kg<\/td>\n<\/tr>\n<tr>\n<td>Aderezo para ensaladas<\/td>\n<td>5 g\/kg<\/td>\n<\/tr>\n<tr>\n<td>Salsa<\/td>\n<td>5 g\/kg<\/td>\n<\/tr>\n<tr>\n<td>Alimento poco energ\u00e9tico<\/td>\n<td>5 g\/kg<\/td>\n<\/tr>\n<tr>\n<td>Alimentos ultracongelados<\/td>\n<td>5 g\/kg<\/td>\n<\/tr>\n<tr>\n<td>Fruta en conserva<\/td>\n<td>5 g\/kg<\/td>\n<\/tr>\n<tr>\n<td>Productos de chocolate<\/td>\n<td>5 g\/kg<\/td>\n<\/tr>\n<tr>\n<td>Yogur<\/td>\n<td>5 g\/kg<\/td>\n<\/tr>\n<\/tbody>\n<\/table>\n<h2><span class=\"ez-toc-section\" id=\"La_alulosa_tiene_una_amplia_gama_de_usos\"><\/span>La alulosa tiene una amplia gama de usos<span class=\"ez-toc-section-end\"><\/span><\/h2>\n<ol>\n<li>Bajo en calor\u00edas: la alulosa tiene aproximadamente el 70% del dulzor de la sacarosa, pero significativamente menos calor\u00edas, solo una d\u00e9cima parte que la sacarosa. Seg\u00fan las regulaciones de la FDA, la alulosa proporciona 0,4 kcal\/g. A diferencia de los alcoholes de az\u00facar, la celulosa no altera el est\u00f3mago, ya que el cuerpo no la digiere y no fermenta r\u00e1pidamente en los intestinos.<\/li>\n<li>Sabor parecido a la sacarosa: la alulosa tiene un sabor parecido a la sacarosa, ofreciendo un dulzor suave, delicado y puro similar a la sacarosa de alta pureza. Estimula las papilas gustativas m\u00e1s r\u00e1pidamente que la sacarosa y no deja ning\u00fan regusto desagradable. Su dulzor se mantiene constante a diferentes temperaturas, proporcionando un dulzor puro en cualquier condici\u00f3n.<\/li>\n<li>Mejora la calidad del producto: a trav\u00e9s de la reacci\u00f3n de Maillard, la celulosa y la prote\u00edna de clara de huevo pueden crear una estructura de reticulaci\u00f3n superior que mejora la textura de los alimentos y produce compuestos con potentes propiedades antioxidantes. Al reducir las p\u00e9rdidas por oxidaci\u00f3n durante el procesamiento y almacenamiento de los alimentos, estos antioxidantes ayudan. Reemplazar parte de la sacarosa con alulosa en los pasteles puede generar una cantidad significativa de componentes antioxidantes a trav\u00e9s de la reacci\u00f3n de Maillard, mejorando as\u00ed la calidad general del pastel.<\/li>\n<\/ol>\n<h2><span class=\"ez-toc-section\" id=\"Pregunta_formulada_por_un_usuario\"><\/span>Pregunta formulada por un usuario:<span class=\"ez-toc-section-end\"><\/span><\/h2>\n<p>Pregunta: \u00bfCu\u00e1les son las ventajas de la alulosa sobre el eritritol?<\/p>\n<p>Respuesta: La alulosa y el eritritol son edulcorantes bajos en calor\u00edas de uso com\u00fan, pero tienen algunas ventajas diferentes en cuanto a su funci\u00f3n y aplicaci\u00f3n. En primer lugar, la alulosa es aproximadamente un 70 % tan dulce como la sacarosa, mientras que el eritritol es aproximadamente un 60-70 % tan dulce como la sacarosa. Por lo tanto, la alulosa se puede utilizar en menor cantidad para proporcionar un sabor dulce similar a la sacarosa. En segundo lugar, el sabor de la alulosa es m\u00e1s parecido al de la sacarosa, sin el efecto refrescante (sensaci\u00f3n refrescante) com\u00fan en el eritritol. Esto hace que la alulosa sea m\u00e1s capaz de simular el sabor de la sacarosa en muchas aplicaciones, especialmente aquellas sin requisitos de efecto refrescante.<\/p>\n<p>Adem\u00e1s, la alulosa tiene un impacto m\u00ednimo en los niveles de az\u00facar en sangre e insulina, lo que la convierte en una excelente opci\u00f3n para diab\u00e9ticos y personas que necesitan controlar sus niveles de az\u00facar en sangre. Aunque el eritritol tambi\u00e9n tiene un efecto bajo en el az\u00facar en sangre, la alulosa tiene una respuesta m\u00e1s estable. Por \u00faltimo, la alulosa se excreta principalmente a trav\u00e9s de la orina y no es absorbida mayoritariamente por el cuerpo humano durante el metabolismo, por lo que tiene muy pocas calor\u00edas. El eritritol se absorbe parcialmente en los intestinos y se excreta a trav\u00e9s de la orina, y existen algunas diferencias en las v\u00edas metab\u00f3licas entre ambos. En comparaci\u00f3n con los caramelos de c\u00edtricos, la alulosa se puede utilizar en una gama m\u00e1s amplia de alimentos y bebidas, incluidas bebidas, productos l\u00e1cteos, productos horneados, postres helados y caramelos. Su agradable dulzura y sabor la convierten en un ingrediente vers\u00e1til que funciona bien en una variedad de productos.<\/p>\n","protected":false},"excerpt":{"rendered":"<ul>\n<li>CAS: 551-68-8<\/li>\n<li>F\u00f3rmula qu\u00edmica: C<sub>6<\/sub>H<sub>12<\/sub>O<sub>6<\/sub><\/li>\n<li>Certificaci\u00f3n: KOSHER, ISO, HALAL, FSSC22000, BRC, etc.<\/li>\n<li>Norma: USP<\/li>\n<li>Cantidad m\u00ednima de pedido: 1000KG<\/li>\n<li>Caducidad: 2 a\u00f1os<\/li>\n<\/ul>\n","protected":false},"featured_media":5779,"template":"","meta":{"site-sidebar-layout":"default","site-content-layout":"","ast-site-content-layout":"default","site-content-style":"default","site-sidebar-style":"default","ast-global-header-display":"","ast-banner-title-visibility":"","ast-main-header-display":"","ast-hfb-above-header-display":"","ast-hfb-below-header-display":"","ast-hfb-mobile-header-display":"","site-post-title":"","ast-breadcrumbs-content":"","ast-featured-img":"","footer-sml-layout":"","theme-transparent-header-meta":"default","adv-header-id-meta":"","stick-header-meta":"","header-above-stick-meta":"","header-main-stick-meta":"","header-below-stick-meta":"","astra-migrate-meta-layouts":"set","ast-page-background-enabled":"default","ast-page-background-meta":{"desktop":{"background-color":"var(--ast-global-color-4)","background-image":"","background-repeat":"repeat","background-position":"center center","background-size":"auto","background-attachment":"scroll","background-type":"","background-media":"","overlay-type":"","overlay-color":"","overlay-opacity":"","overlay-gradient":""},"tablet":{"background-color":"","background-image":"","background-repeat":"repeat","background-position":"center center","background-size":"auto","background-attachment":"scroll","background-type":"","background-media":"","overlay-type":"","overlay-color":"","overlay-opacity":"","overlay-gradient":""},"mobile":{"background-color":"","background-image":"","background-repeat":"repeat","background-position":"center center","background-size":"auto","background-attachment":"scroll","background-type":"","background-media":"","overlay-type":"","overlay-color":"","overlay-opacity":"","overlay-gradient":""}},"ast-content-background-meta":{"desktop":{"background-color":"var(--ast-global-color-5)","background-image":"","background-repeat":"repeat","background-position":"center center","background-size":"auto","background-attachment":"scroll","background-type":"","background-media":"","overlay-type":"","overlay-color":"","overlay-opacity":"","overlay-gradient":""},"tablet":{"background-color":"var(--ast-global-color-5)","background-image":"","background-repeat":"repeat","background-position":"center center","background-size":"auto","background-attachment":"scroll","background-type":"","background-media":"","overlay-type":"","overlay-color":"","overlay-opacity":"","overlay-gradient":""},"mobile":{"background-color":"var(--ast-global-color-5)","background-image":"","background-repeat":"repeat","background-position":"center center","background-size":"auto","background-attachment":"scroll","background-type":"","background-media":"","overlay-type":"","overlay-color":"","overlay-opacity":"","overlay-gradient":""}}},"product_brand":[],"product_cat":[78],"product_tag":[],"class_list":{"0":"post-8426","1":"product","2":"type-product","3":"status-publish","4":"has-post-thumbnail","6":"product_cat-producto-edulcorante","7":"desktop-align-center","8":"tablet-align-left","9":"mobile-align-left","11":"first","12":"instock","13":"shipping-taxable","14":"product-type-simple"},"yoast_head":"<!-- This site is optimized with the Yoast SEO plugin v26.5 - https:\/\/yoast.com\/wordpress\/plugins\/seo\/ -->\n<title>Alulosa por Mayor, Comprar Alulosa en Polvo A Precio Econ\u00f3mico | Niranbio Chemical<\/title>\n<meta name=\"description\" content=\"Nuestra alulosa tiene el mismo sabor que el az\u00facar, pero tiene un 90 % menos de calor\u00edas, una excelente solubilidad, un \u00edndice gluc\u00e9mico bajo y favorece el control del peso.\" \/>\n<meta name=\"robots\" content=\"noindex, follow, max-snippet:-1, max-image-preview:large, max-video-preview:-1\" \/>\n<meta name=\"twitter:label1\" content=\"Tiempo de lectura\" \/>\n\t<meta name=\"twitter:data1\" content=\"4 minutos\" \/>\n<script type=\"application\/ld+json\" class=\"yoast-schema-graph\">{\"@context\":\"https:\/\/schema.org\",\"@graph\":[{\"@type\":\"WebPage\",\"@id\":\"https:\/\/theo.niranbio.com\/es\/alluloso.html\",\"url\":\"https:\/\/theo.niranbio.com\/es\/alluloso.html\",\"name\":\"Alulosa por Mayor, Comprar Alulosa en Polvo A Precio Econ\u00f3mico | Niranbio Chemical\",\"isPartOf\":{\"@id\":\"https:\/\/theo.niranbio.com\/es\/#website\"},\"primaryImageOfPage\":{\"@id\":\"https:\/\/theo.niranbio.com\/es\/alluloso.html#primaryimage\"},\"image\":{\"@id\":\"https:\/\/theo.niranbio.com\/es\/alluloso.html#primaryimage\"},\"thumbnailUrl\":\"https:\/\/theo.niranbio.com\/wp-content\/uploads\/2024\/06\/allulose.webp\",\"datePublished\":\"2024-06-20T01:30:17+00:00\",\"dateModified\":\"2024-08-16T06:31:16+00:00\",\"description\":\"Nuestra alulosa tiene el mismo sabor que el az\u00facar, pero tiene un 90 % menos de calor\u00edas, una excelente solubilidad, un \u00edndice gluc\u00e9mico bajo y favorece el control del peso.\",\"breadcrumb\":{\"@id\":\"https:\/\/theo.niranbio.com\/es\/alluloso.html#breadcrumb\"},\"inLanguage\":\"es\",\"potentialAction\":[{\"@type\":\"ReadAction\",\"target\":[\"https:\/\/theo.niranbio.com\/es\/alluloso.html\"]}]},{\"@type\":\"ImageObject\",\"inLanguage\":\"es\",\"@id\":\"https:\/\/theo.niranbio.com\/es\/alluloso.html#primaryimage\",\"url\":\"https:\/\/theo.niranbio.com\/wp-content\/uploads\/2024\/06\/allulose.webp\",\"contentUrl\":\"https:\/\/theo.niranbio.com\/wp-content\/uploads\/2024\/06\/allulose.webp\",\"width\":600,\"height\":600,\"caption\":\"Allulose\"},{\"@type\":\"BreadcrumbList\",\"@id\":\"https:\/\/theo.niranbio.com\/es\/alluloso.html#breadcrumb\",\"itemListElement\":[{\"@type\":\"ListItem\",\"position\":1,\"name\":\"Home\",\"item\":\"https:\/\/theo.niranbio.com\/es\/\"},{\"@type\":\"ListItem\",\"position\":2,\"name\":\"Productos\",\"item\":\"https:\/\/theo.niranbio.com\/es\/productos.html\"},{\"@type\":\"ListItem\",\"position\":3,\"name\":\"Edulcorantes\",\"item\":\"https:\/\/theo.niranbio.com\/es\/producto-edulcorante\/\"},{\"@type\":\"ListItem\",\"position\":4,\"name\":\"Alulosa\"}]},{\"@type\":\"WebSite\",\"@id\":\"https:\/\/theo.niranbio.com\/es\/#website\",\"url\":\"https:\/\/theo.niranbio.com\/es\/\",\"name\":\"Niranbio Chemical\",\"description\":\"\",\"publisher\":{\"@id\":\"https:\/\/theo.niranbio.com\/es\/#organization\"},\"potentialAction\":[{\"@type\":\"SearchAction\",\"target\":{\"@type\":\"EntryPoint\",\"urlTemplate\":\"https:\/\/theo.niranbio.com\/es\/?s={search_term_string}\"},\"query-input\":{\"@type\":\"PropertyValueSpecification\",\"valueRequired\":true,\"valueName\":\"search_term_string\"}}],\"inLanguage\":\"es\"},{\"@type\":\"Organization\",\"@id\":\"https:\/\/theo.niranbio.com\/es\/#organization\",\"name\":\"Niranbio Chemical\",\"url\":\"https:\/\/theo.niranbio.com\/es\/\",\"logo\":{\"@type\":\"ImageObject\",\"inLanguage\":\"es\",\"@id\":\"https:\/\/theo.niranbio.com\/es\/#\/schema\/logo\/image\/\",\"url\":\"https:\/\/theo.niranbio.com\/wp-content\/uploads\/2024\/06\/Niranbio.png\",\"contentUrl\":\"https:\/\/theo.niranbio.com\/wp-content\/uploads\/2024\/06\/Niranbio.png\",\"width\":270,\"height\":100,\"caption\":\"Niranbio Chemical\"},\"image\":{\"@id\":\"https:\/\/theo.niranbio.com\/es\/#\/schema\/logo\/image\/\"}}]}<\/script>\n<!-- \/ Yoast SEO plugin. -->","yoast_head_json":{"title":"Alulosa por Mayor, Comprar Alulosa en Polvo A Precio Econ\u00f3mico | Niranbio Chemical","description":"Nuestra alulosa tiene el mismo sabor que el az\u00facar, pero tiene un 90 % menos de calor\u00edas, una excelente solubilidad, un \u00edndice gluc\u00e9mico bajo y favorece el control del peso.","robots":{"index":"noindex","follow":"follow","max-snippet":"max-snippet:-1","max-image-preview":"max-image-preview:large","max-video-preview":"max-video-preview:-1"},"twitter_misc":{"Tiempo de lectura":"4 minutos"},"schema":{"@context":"https:\/\/schema.org","@graph":[{"@type":"WebPage","@id":"https:\/\/theo.niranbio.com\/es\/alluloso.html","url":"https:\/\/theo.niranbio.com\/es\/alluloso.html","name":"Alulosa por Mayor, Comprar Alulosa en Polvo A Precio Econ\u00f3mico | Niranbio Chemical","isPartOf":{"@id":"https:\/\/theo.niranbio.com\/es\/#website"},"primaryImageOfPage":{"@id":"https:\/\/theo.niranbio.com\/es\/alluloso.html#primaryimage"},"image":{"@id":"https:\/\/theo.niranbio.com\/es\/alluloso.html#primaryimage"},"thumbnailUrl":"https:\/\/theo.niranbio.com\/wp-content\/uploads\/2024\/06\/allulose.webp","datePublished":"2024-06-20T01:30:17+00:00","dateModified":"2024-08-16T06:31:16+00:00","description":"Nuestra alulosa tiene el mismo sabor que el az\u00facar, pero tiene un 90 % menos de calor\u00edas, una excelente solubilidad, un \u00edndice gluc\u00e9mico bajo y favorece el control del peso.","breadcrumb":{"@id":"https:\/\/theo.niranbio.com\/es\/alluloso.html#breadcrumb"},"inLanguage":"es","potentialAction":[{"@type":"ReadAction","target":["https:\/\/theo.niranbio.com\/es\/alluloso.html"]}]},{"@type":"ImageObject","inLanguage":"es","@id":"https:\/\/theo.niranbio.com\/es\/alluloso.html#primaryimage","url":"https:\/\/theo.niranbio.com\/wp-content\/uploads\/2024\/06\/allulose.webp","contentUrl":"https:\/\/theo.niranbio.com\/wp-content\/uploads\/2024\/06\/allulose.webp","width":600,"height":600,"caption":"Allulose"},{"@type":"BreadcrumbList","@id":"https:\/\/theo.niranbio.com\/es\/alluloso.html#breadcrumb","itemListElement":[{"@type":"ListItem","position":1,"name":"Home","item":"https:\/\/theo.niranbio.com\/es\/"},{"@type":"ListItem","position":2,"name":"Productos","item":"https:\/\/theo.niranbio.com\/es\/productos.html"},{"@type":"ListItem","position":3,"name":"Edulcorantes","item":"https:\/\/theo.niranbio.com\/es\/producto-edulcorante\/"},{"@type":"ListItem","position":4,"name":"Alulosa"}]},{"@type":"WebSite","@id":"https:\/\/theo.niranbio.com\/es\/#website","url":"https:\/\/theo.niranbio.com\/es\/","name":"Niranbio Chemical","description":"","publisher":{"@id":"https:\/\/theo.niranbio.com\/es\/#organization"},"potentialAction":[{"@type":"SearchAction","target":{"@type":"EntryPoint","urlTemplate":"https:\/\/theo.niranbio.com\/es\/?s={search_term_string}"},"query-input":{"@type":"PropertyValueSpecification","valueRequired":true,"valueName":"search_term_string"}}],"inLanguage":"es"},{"@type":"Organization","@id":"https:\/\/theo.niranbio.com\/es\/#organization","name":"Niranbio Chemical","url":"https:\/\/theo.niranbio.com\/es\/","logo":{"@type":"ImageObject","inLanguage":"es","@id":"https:\/\/theo.niranbio.com\/es\/#\/schema\/logo\/image\/","url":"https:\/\/theo.niranbio.com\/wp-content\/uploads\/2024\/06\/Niranbio.png","contentUrl":"https:\/\/theo.niranbio.com\/wp-content\/uploads\/2024\/06\/Niranbio.png","width":270,"height":100,"caption":"Niranbio Chemical"},"image":{"@id":"https:\/\/theo.niranbio.com\/es\/#\/schema\/logo\/image\/"}}]}},"_links":{"self":[{"href":"https:\/\/theo.niranbio.com\/es\/wp-json\/wp\/v2\/product\/8426","targetHints":{"allow":["GET"]}}],"collection":[{"href":"https:\/\/theo.niranbio.com\/es\/wp-json\/wp\/v2\/product"}],"about":[{"href":"https:\/\/theo.niranbio.com\/es\/wp-json\/wp\/v2\/types\/product"}],"version-history":[{"count":0,"href":"https:\/\/theo.niranbio.com\/es\/wp-json\/wp\/v2\/product\/8426\/revisions"}],"wp:featuredmedia":[{"embeddable":true,"href":"https:\/\/theo.niranbio.com\/es\/wp-json\/wp\/v2\/media\/5779"}],"wp:attachment":[{"href":"https:\/\/theo.niranbio.com\/es\/wp-json\/wp\/v2\/media?parent=8426"}],"wp:term":[{"taxonomy":"product_brand","embeddable":true,"href":"https:\/\/theo.niranbio.com\/es\/wp-json\/wp\/v2\/product_brand?post=8426"},{"taxonomy":"product_cat","embeddable":true,"href":"https:\/\/theo.niranbio.com\/es\/wp-json\/wp\/v2\/product_cat?post=8426"},{"taxonomy":"product_tag","embeddable":true,"href":"https:\/\/theo.niranbio.com\/es\/wp-json\/wp\/v2\/product_tag?post=8426"}],"curies":[{"name":"wp","href":"https:\/\/api.w.org\/{rel}","templated":true}]}}