{"id":8425,"date":"2024-06-20T10:28:06","date_gmt":"2024-06-20T02:28:06","guid":{"rendered":"https:\/\/theo.niranbio.com\/carboximetilcelulosa-sodica\/"},"modified":"2024-08-15T15:45:04","modified_gmt":"2024-08-15T07:45:04","slug":"carboximetilcelulosa-sodica","status":"publish","type":"product","link":"https:\/\/theo.niranbio.com\/es\/carboximetilcelulosa-sodica.html","title":{"rendered":"Carboximetilcelulosa s\u00f3dica"},"content":{"rendered":"<h2><span class=\"ez-toc-section\" id=\"%C2%BFQue_es_la_carboximetilcelulosa_sodica\"><\/span>\u00bfQu\u00e9 es la carboximetilcelulosa s\u00f3dica?<span class=\"ez-toc-section-end\"><\/span><\/h2>\n<p>La goma de celulosa i\u00f3nica primaria es la carboximetilcelulosa s\u00f3dica. Es una sustancia org\u00e1nica que se utiliza como espesante y estabilizador en la industria alimentaria, pero tambi\u00e9n se utiliza ampliamente en las industrias textil, cosm\u00e9tica y farmac\u00e9utica. Es inodoro, ins\u00edpido e higrosc\u00f3pico. Se disuelve f\u00e1cilmente en agua para formar una soluci\u00f3n coloidal transparente.<\/p>\n<p>Los pasos principales en la producci\u00f3n de carboximetilcelulosa s\u00f3dica son amasar el material con algod\u00f3n refinado, soda c\u00e1ustica, combinaci\u00f3n de alcohol y soluci\u00f3n de alcohol que contiene \u00e1cido cloroac\u00e9tico para eterificarlo y alcalinizarlo. Para obtener el producto, se seca y se tritura despu\u00e9s de neutralizarlo con \u00e1cido clorh\u00eddrico y limpiarlo con alcohol.<\/p>\n<h2><span class=\"ez-toc-section\" id=\"Parametros_relacionados\"><\/span>Par\u00e1metros relacionados:<span class=\"ez-toc-section-end\"><\/span><\/h2>\n<table>\n<tbody>\n<tr>\n<td><strong>ART\u00cdCULOS<\/strong><\/td>\n<td><strong>Est\u00e1ndar<\/strong><\/td>\n<\/tr>\n<tr>\n<td>Viscosidad (1% mPa.S )<\/td>\n<td>25-6000<\/td>\n<\/tr>\n<tr>\n<td>D.S<\/td>\n<td>0.65-0.85<\/td>\n<\/tr>\n<tr>\n<td>Pureza, %.<\/td>\n<td>99,5 min<\/td>\n<\/tr>\n<tr>\n<td>Valor de pH 1%.<\/td>\n<td>6.5-8.5<\/td>\n<\/tr>\n<tr>\n<td>P\u00e9rdida por desecaci\u00f3n, %.<\/td>\n<td>8,0 m\u00e1x.<\/td>\n<\/tr>\n<tr>\n<td>Granulometr\u00eda,<\/td>\n<td>80% min a trav\u00e9s de 200mush<\/td>\n<\/tr>\n<tr>\n<td>Contenido de sodio, %.<\/td>\n<td>9,5 m\u00e1x.<\/td>\n<\/tr>\n<tr>\n<td>Cloruro, en %.<\/td>\n<td>0,4 m\u00e1x<\/td>\n<\/tr>\n<tr>\n<td>Glicolato de sodio, %.<\/td>\n<td>0,4 m\u00e1x.<\/td>\n<\/tr>\n<tr>\n<td>Metales pesados (As Pb), ppm<\/td>\n<td>10 m\u00e1x<\/td>\n<\/tr>\n<tr>\n<td>Plomo, ppm<\/td>\n<td>2 m\u00e1x<\/td>\n<\/tr>\n<tr>\n<td>Ars\u00e9nico,ppm<\/td>\n<td>3 m\u00e1x<\/td>\n<\/tr>\n<tr>\n<td>Recuento total de placas<\/td>\n<td>500 g\/kg m\u00e1x<\/td>\n<\/tr>\n<tr>\n<td>Levaduras y mohos<\/td>\n<td>100 g\/kg m\u00e1x.<\/td>\n<\/tr>\n<tr>\n<td>E.Coli<\/td>\n<td>Nulo\/g<\/td>\n<\/tr>\n<tr>\n<td>Bacterias coliformes<\/td>\n<td>Nulo\/g<\/td>\n<\/tr>\n<tr>\n<td>Salmonella<\/td>\n<td>Nil\/25g<\/td>\n<\/tr>\n<\/tbody>\n<\/table>\n<h2><span class=\"ez-toc-section\" id=\"Dosis_recomendada\"><\/span>Dosis recomendada:<span class=\"ez-toc-section-end\"><\/span><\/h2>\n<table>\n<tbody>\n<tr>\n<td><strong>Nombre del alimento<\/strong><\/td>\n<td><strong>Uso m\u00e1ximo (g\/kg)<\/strong><\/td>\n<\/tr>\n<tr>\n<td>Salsas y ali\u00f1os<\/td>\n<td>5-10 g\/kg<\/td>\n<\/tr>\n<tr>\n<td>Helado<\/td>\n<td>3-6 g\/kg<\/td>\n<\/tr>\n<tr>\n<td>Yogur<\/td>\n<td>2-5 g\/kg<\/td>\n<\/tr>\n<tr>\n<td>Mermeladas y jaleas<\/td>\n<td>5-8 g\/kg<\/td>\n<\/tr>\n<tr>\n<td>Productos de panader\u00eda<\/td>\n<td>2-5 g\/kg<\/td>\n<\/tr>\n<tr>\n<td>Carnes procesadas<\/td>\n<td>1-3 g\/kg<\/td>\n<\/tr>\n<tr>\n<td>Postres l\u00e1cteos<\/td>\n<td>3-6 g\/kg<\/td>\n<\/tr>\n<tr>\n<td>Jarabes<\/td>\n<td>3-8 g\/kg<\/td>\n<\/tr>\n<tr>\n<td>Alimentos enlatados<\/td>\n<td>2-6 g\/kg<\/td>\n<\/tr>\n<tr>\n<td>Salsas para pasta<\/td>\n<td>4-8 g\/kg<\/td>\n<\/tr>\n<tr>\n<td>Dips<\/td>\n<td>4-7 g\/kg<\/td>\n<\/tr>\n<tr>\n<td>Acondicionadores de masa<\/td>\n<td>1-3 g\/kg<\/td>\n<\/tr>\n<tr>\n<td>Natillas y flanes<\/td>\n<td>4-7 g\/kg<\/td>\n<\/tr>\n<\/tbody>\n<\/table>\n<h2><span class=\"ez-toc-section\" id=\"La_carboximetilcelulosa_sodica_tiene_una_amplia_gama_de_usos\"><\/span>La carboximetilcelulosa s\u00f3dica tiene una amplia gama de usos<span class=\"ez-toc-section-end\"><\/span><\/h2>\n<ol>\n<li>Estabilizador y espesante: CMC-Na se puede utilizar como estabilizador y espesante en el procesamiento de alimentos, especialmente en productos l\u00edquidos como salsas, mermeladas, jaleas y aderezos para ensaladas. Puede aumentar la viscosidad y la consistencia de los alimentos, mejorar el sabor, evitar la separaci\u00f3n y precipitaci\u00f3n de los ingredientes y mantener los alimentos estables durante el almacenamiento y el uso.<\/li>\n<li>Humectante e hidratante: debido a su solubilidad en agua y su alta absorci\u00f3n de agua, la carboximetilcelulosa s\u00f3dica se puede utilizar como humectante e hidratante en los alimentos. Puede absorber y retener la humedad, prolongar el per\u00edodo de humedad de los alimentos, al tiempo que mantiene la frescura y la calidad de los alimentos.<\/li>\n<li>Emulsionante: En la industria alimentaria, la carboximetilcelulosa s\u00f3dica tambi\u00e9n se utiliza como emulsionante. Ayuda a combinar las fases de aceite y agua para formar una emulsi\u00f3n estable, como queso, helado, crema y otros productos.<\/li>\n<li>Antiaglomerante: La carboximetilcelulosa s\u00f3dica se utiliza como agente antiaglomerante en algunos procesos de procesamiento de alimentos. Puede reducir la aglomeraci\u00f3n de part\u00edculas o materiales granulares en los alimentos, manteniendo la uniformidad y calidad del producto.<\/li>\n<li>Mejora la textura y el sabor de los alimentos: Debido a su capacidad para formar una estructura de gel estable, CMC-Na se puede utilizar para mejorar la textura y el sabor de los alimentos, haciendo que el producto sea m\u00e1s suave y uniforme, aumentando su comestibilidad general y la satisfacci\u00f3n del consumidor.<\/li>\n<\/ol>\n<h2><span class=\"ez-toc-section\" id=\"Pregunta_formulada_por_un_usuario\"><\/span>Pregunta formulada por un usuario:<span class=\"ez-toc-section-end\"><\/span><\/h2>\n<p>Pregunta: \u00bfExiste alg\u00fan ingrediente diet\u00e9tico que pueda reemplazar a la carboximetilcelulosa s\u00f3dica?<\/p>\n<p>Respuesta: En la industria alimentaria, aunque no existe un \u00fanico sustituto que pueda reemplazar por completo todas las funciones, los aditivos alimentarios comunes como el alginato, la goma guar y el almid\u00f3n de tapioca pueden reemplazar parcialmente las funciones de espesamiento, estabilizaci\u00f3n y emulsi\u00f3n de la carboximetilcelulosa s\u00f3dica. La selecci\u00f3n de sustitutos adecuados debe tener en cuenta las necesidades del producto y la salud del consumidor, y se debe realizar una optimizaci\u00f3n y prueba de la formulaci\u00f3n para garantizar el efecto esperado.<\/p>\n","protected":false},"excerpt":{"rendered":"<ul>\n<li>CAS: 9004-32-4<\/li>\n<li>F\u00f3rmula qu\u00edmica: C<sub>6<\/sub>H<sub>7<\/sub>O<sub>2<\/sub>(OH)<sub>2<\/sub>CH<sub>2<\/sub>COONa<\/li>\n<li>Certificaci\u00f3n: KOSHER, ISO, HALAL, FSSC22000, BRC, etc.<\/li>\n<li>Cantidad m\u00ednima de pedido: 1000KG<\/li>\n<li>Caducidad: 2 a\u00f1os<\/li>\n<\/ul>\n","protected":false},"featured_media":5880,"template":"","meta":{"site-sidebar-layout":"default","site-content-layout":"","ast-site-content-layout":"default","site-content-style":"default","site-sidebar-style":"default","ast-global-header-display":"","ast-banner-title-visibility":"","ast-main-header-display":"","ast-hfb-above-header-display":"","ast-hfb-below-header-display":"","ast-hfb-mobile-header-display":"","site-post-title":"","ast-breadcrumbs-content":"","ast-featured-img":"","footer-sml-layout":"","theme-transparent-header-meta":"default","adv-header-id-meta":"","stick-header-meta":"","header-above-stick-meta":"","header-main-stick-meta":"","header-below-stick-meta":"","astra-migrate-meta-layouts":"set","ast-page-background-enabled":"default","ast-page-background-meta":{"desktop":{"background-color":"var(--ast-global-color-4)","background-image":"","background-repeat":"repeat","background-position":"center center","background-size":"auto","background-attachment":"scroll","background-type":"","background-media":"","overlay-type":"","overlay-color":"","overlay-opacity":"","overlay-gradient":""},"tablet":{"background-color":"","background-image":"","background-repeat":"repeat","background-position":"center center","background-size":"auto","background-attachment":"scroll","background-type":"","background-media":"","overlay-type":"","overlay-color":"","overlay-opacity":"","overlay-gradient":""},"mobile":{"background-color":"","background-image":"","background-repeat":"repeat","background-position":"center center","background-size":"auto","background-attachment":"scroll","background-type":"","background-media":"","overlay-type":"","overlay-color":"","overlay-opacity":"","overlay-gradient":""}},"ast-content-background-meta":{"desktop":{"background-color":"var(--ast-global-color-5)","background-image":"","background-repeat":"repeat","background-position":"center center","background-size":"auto","background-attachment":"scroll","background-type":"","background-media":"","overlay-type":"","overlay-color":"","overlay-opacity":"","overlay-gradient":""},"tablet":{"background-color":"var(--ast-global-color-5)","background-image":"","background-repeat":"repeat","background-position":"center center","background-size":"auto","background-attachment":"scroll","background-type":"","background-media":"","overlay-type":"","overlay-color":"","overlay-opacity":"","overlay-gradient":""},"mobile":{"background-color":"var(--ast-global-color-5)","background-image":"","background-repeat":"repeat","background-position":"center center","background-size":"auto","background-attachment":"scroll","background-type":"","background-media":"","overlay-type":"","overlay-color":"","overlay-opacity":"","overlay-gradient":""}}},"product_brand":[],"product_cat":[80],"product_tag":[],"class_list":{"0":"post-8425","1":"product","2":"type-product","3":"status-publish","4":"has-post-thumbnail","6":"product_cat-producto-espesante","7":"desktop-align-center","8":"tablet-align-left","9":"mobile-align-left","11":"first","12":"instock","13":"shipping-taxable","14":"product-type-simple"},"yoast_head":"<!-- This site is optimized with the Yoast SEO plugin v26.5 - https:\/\/yoast.com\/wordpress\/plugins\/seo\/ -->\n<title>Carboximetilcelulosa S\u00f3dica, Fabricante de E466 Aditivo | Niranbio Chemical<\/title>\n<meta name=\"description\" content=\"Nuestro polvo de carboximetilcelulosa s\u00f3dica es inodoro, ins\u00edpido e higrosc\u00f3pico. Se disuelve f\u00e1cilmente en agua para formar una soluci\u00f3n coloidal transparente.\" \/>\n<meta name=\"robots\" content=\"noindex, follow, max-snippet:-1, max-image-preview:large, max-video-preview:-1\" \/>\n<meta name=\"twitter:label1\" content=\"Tiempo de lectura\" \/>\n\t<meta name=\"twitter:data1\" content=\"3 minutos\" \/>\n<script type=\"application\/ld+json\" class=\"yoast-schema-graph\">{\"@context\":\"https:\/\/schema.org\",\"@graph\":[{\"@type\":\"WebPage\",\"@id\":\"https:\/\/theo.niranbio.com\/es\/carboximetilcelulosa-sodica.html\",\"url\":\"https:\/\/theo.niranbio.com\/es\/carboximetilcelulosa-sodica.html\",\"name\":\"Carboximetilcelulosa S\u00f3dica, Fabricante de E466 Aditivo | Niranbio Chemical\",\"isPartOf\":{\"@id\":\"https:\/\/theo.niranbio.com\/es\/#website\"},\"primaryImageOfPage\":{\"@id\":\"https:\/\/theo.niranbio.com\/es\/carboximetilcelulosa-sodica.html#primaryimage\"},\"image\":{\"@id\":\"https:\/\/theo.niranbio.com\/es\/carboximetilcelulosa-sodica.html#primaryimage\"},\"thumbnailUrl\":\"https:\/\/theo.niranbio.com\/wp-content\/uploads\/2024\/06\/Sodium-Carboxymethyl-Cellulose.webp\",\"datePublished\":\"2024-06-20T02:28:06+00:00\",\"dateModified\":\"2024-08-15T07:45:04+00:00\",\"description\":\"Nuestro polvo de carboximetilcelulosa s\u00f3dica es inodoro, ins\u00edpido e higrosc\u00f3pico. Se disuelve f\u00e1cilmente en agua para formar una soluci\u00f3n coloidal transparente.\",\"breadcrumb\":{\"@id\":\"https:\/\/theo.niranbio.com\/es\/carboximetilcelulosa-sodica.html#breadcrumb\"},\"inLanguage\":\"es\",\"potentialAction\":[{\"@type\":\"ReadAction\",\"target\":[\"https:\/\/theo.niranbio.com\/es\/carboximetilcelulosa-sodica.html\"]}]},{\"@type\":\"ImageObject\",\"inLanguage\":\"es\",\"@id\":\"https:\/\/theo.niranbio.com\/es\/carboximetilcelulosa-sodica.html#primaryimage\",\"url\":\"https:\/\/theo.niranbio.com\/wp-content\/uploads\/2024\/06\/Sodium-Carboxymethyl-Cellulose.webp\",\"contentUrl\":\"https:\/\/theo.niranbio.com\/wp-content\/uploads\/2024\/06\/Sodium-Carboxymethyl-Cellulose.webp\",\"width\":600,\"height\":600,\"caption\":\"Carboximetilcelulosa s\u00f3dica\"},{\"@type\":\"BreadcrumbList\",\"@id\":\"https:\/\/theo.niranbio.com\/es\/carboximetilcelulosa-sodica.html#breadcrumb\",\"itemListElement\":[{\"@type\":\"ListItem\",\"position\":1,\"name\":\"Home\",\"item\":\"https:\/\/theo.niranbio.com\/es\/\"},{\"@type\":\"ListItem\",\"position\":2,\"name\":\"Productos\",\"item\":\"https:\/\/theo.niranbio.com\/es\/productos.html\"},{\"@type\":\"ListItem\",\"position\":3,\"name\":\"Espesantes\",\"item\":\"https:\/\/theo.niranbio.com\/es\/producto-espesante\/\"},{\"@type\":\"ListItem\",\"position\":4,\"name\":\"Carboximetilcelulosa s\u00f3dica\"}]},{\"@type\":\"WebSite\",\"@id\":\"https:\/\/theo.niranbio.com\/es\/#website\",\"url\":\"https:\/\/theo.niranbio.com\/es\/\",\"name\":\"Niranbio Chemical\",\"description\":\"\",\"publisher\":{\"@id\":\"https:\/\/theo.niranbio.com\/es\/#organization\"},\"potentialAction\":[{\"@type\":\"SearchAction\",\"target\":{\"@type\":\"EntryPoint\",\"urlTemplate\":\"https:\/\/theo.niranbio.com\/es\/?s={search_term_string}\"},\"query-input\":{\"@type\":\"PropertyValueSpecification\",\"valueRequired\":true,\"valueName\":\"search_term_string\"}}],\"inLanguage\":\"es\"},{\"@type\":\"Organization\",\"@id\":\"https:\/\/theo.niranbio.com\/es\/#organization\",\"name\":\"Niranbio Chemical\",\"url\":\"https:\/\/theo.niranbio.com\/es\/\",\"logo\":{\"@type\":\"ImageObject\",\"inLanguage\":\"es\",\"@id\":\"https:\/\/theo.niranbio.com\/es\/#\/schema\/logo\/image\/\",\"url\":\"https:\/\/theo.niranbio.com\/wp-content\/uploads\/2024\/06\/Niranbio.png\",\"contentUrl\":\"https:\/\/theo.niranbio.com\/wp-content\/uploads\/2024\/06\/Niranbio.png\",\"width\":270,\"height\":100,\"caption\":\"Niranbio Chemical\"},\"image\":{\"@id\":\"https:\/\/theo.niranbio.com\/es\/#\/schema\/logo\/image\/\"}}]}<\/script>\n<!-- \/ Yoast SEO plugin. -->","yoast_head_json":{"title":"Carboximetilcelulosa S\u00f3dica, Fabricante de E466 Aditivo | Niranbio Chemical","description":"Nuestro polvo de carboximetilcelulosa s\u00f3dica es inodoro, ins\u00edpido e higrosc\u00f3pico. Se disuelve f\u00e1cilmente en agua para formar una soluci\u00f3n coloidal transparente.","robots":{"index":"noindex","follow":"follow","max-snippet":"max-snippet:-1","max-image-preview":"max-image-preview:large","max-video-preview":"max-video-preview:-1"},"twitter_misc":{"Tiempo de lectura":"3 minutos"},"schema":{"@context":"https:\/\/schema.org","@graph":[{"@type":"WebPage","@id":"https:\/\/theo.niranbio.com\/es\/carboximetilcelulosa-sodica.html","url":"https:\/\/theo.niranbio.com\/es\/carboximetilcelulosa-sodica.html","name":"Carboximetilcelulosa S\u00f3dica, Fabricante de E466 Aditivo | Niranbio Chemical","isPartOf":{"@id":"https:\/\/theo.niranbio.com\/es\/#website"},"primaryImageOfPage":{"@id":"https:\/\/theo.niranbio.com\/es\/carboximetilcelulosa-sodica.html#primaryimage"},"image":{"@id":"https:\/\/theo.niranbio.com\/es\/carboximetilcelulosa-sodica.html#primaryimage"},"thumbnailUrl":"https:\/\/theo.niranbio.com\/wp-content\/uploads\/2024\/06\/Sodium-Carboxymethyl-Cellulose.webp","datePublished":"2024-06-20T02:28:06+00:00","dateModified":"2024-08-15T07:45:04+00:00","description":"Nuestro polvo de carboximetilcelulosa s\u00f3dica es inodoro, ins\u00edpido e higrosc\u00f3pico. Se disuelve f\u00e1cilmente en agua para formar una soluci\u00f3n coloidal transparente.","breadcrumb":{"@id":"https:\/\/theo.niranbio.com\/es\/carboximetilcelulosa-sodica.html#breadcrumb"},"inLanguage":"es","potentialAction":[{"@type":"ReadAction","target":["https:\/\/theo.niranbio.com\/es\/carboximetilcelulosa-sodica.html"]}]},{"@type":"ImageObject","inLanguage":"es","@id":"https:\/\/theo.niranbio.com\/es\/carboximetilcelulosa-sodica.html#primaryimage","url":"https:\/\/theo.niranbio.com\/wp-content\/uploads\/2024\/06\/Sodium-Carboxymethyl-Cellulose.webp","contentUrl":"https:\/\/theo.niranbio.com\/wp-content\/uploads\/2024\/06\/Sodium-Carboxymethyl-Cellulose.webp","width":600,"height":600,"caption":"Carboximetilcelulosa s\u00f3dica"},{"@type":"BreadcrumbList","@id":"https:\/\/theo.niranbio.com\/es\/carboximetilcelulosa-sodica.html#breadcrumb","itemListElement":[{"@type":"ListItem","position":1,"name":"Home","item":"https:\/\/theo.niranbio.com\/es\/"},{"@type":"ListItem","position":2,"name":"Productos","item":"https:\/\/theo.niranbio.com\/es\/productos.html"},{"@type":"ListItem","position":3,"name":"Espesantes","item":"https:\/\/theo.niranbio.com\/es\/producto-espesante\/"},{"@type":"ListItem","position":4,"name":"Carboximetilcelulosa s\u00f3dica"}]},{"@type":"WebSite","@id":"https:\/\/theo.niranbio.com\/es\/#website","url":"https:\/\/theo.niranbio.com\/es\/","name":"Niranbio Chemical","description":"","publisher":{"@id":"https:\/\/theo.niranbio.com\/es\/#organization"},"potentialAction":[{"@type":"SearchAction","target":{"@type":"EntryPoint","urlTemplate":"https:\/\/theo.niranbio.com\/es\/?s={search_term_string}"},"query-input":{"@type":"PropertyValueSpecification","valueRequired":true,"valueName":"search_term_string"}}],"inLanguage":"es"},{"@type":"Organization","@id":"https:\/\/theo.niranbio.com\/es\/#organization","name":"Niranbio Chemical","url":"https:\/\/theo.niranbio.com\/es\/","logo":{"@type":"ImageObject","inLanguage":"es","@id":"https:\/\/theo.niranbio.com\/es\/#\/schema\/logo\/image\/","url":"https:\/\/theo.niranbio.com\/wp-content\/uploads\/2024\/06\/Niranbio.png","contentUrl":"https:\/\/theo.niranbio.com\/wp-content\/uploads\/2024\/06\/Niranbio.png","width":270,"height":100,"caption":"Niranbio Chemical"},"image":{"@id":"https:\/\/theo.niranbio.com\/es\/#\/schema\/logo\/image\/"}}]}},"_links":{"self":[{"href":"https:\/\/theo.niranbio.com\/es\/wp-json\/wp\/v2\/product\/8425","targetHints":{"allow":["GET"]}}],"collection":[{"href":"https:\/\/theo.niranbio.com\/es\/wp-json\/wp\/v2\/product"}],"about":[{"href":"https:\/\/theo.niranbio.com\/es\/wp-json\/wp\/v2\/types\/product"}],"version-history":[{"count":0,"href":"https:\/\/theo.niranbio.com\/es\/wp-json\/wp\/v2\/product\/8425\/revisions"}],"wp:featuredmedia":[{"embeddable":true,"href":"https:\/\/theo.niranbio.com\/es\/wp-json\/wp\/v2\/media\/5880"}],"wp:attachment":[{"href":"https:\/\/theo.niranbio.com\/es\/wp-json\/wp\/v2\/media?parent=8425"}],"wp:term":[{"taxonomy":"product_brand","embeddable":true,"href":"https:\/\/theo.niranbio.com\/es\/wp-json\/wp\/v2\/product_brand?post=8425"},{"taxonomy":"product_cat","embeddable":true,"href":"https:\/\/theo.niranbio.com\/es\/wp-json\/wp\/v2\/product_cat?post=8425"},{"taxonomy":"product_tag","embeddable":true,"href":"https:\/\/theo.niranbio.com\/es\/wp-json\/wp\/v2\/product_tag?post=8425"}],"curies":[{"name":"wp","href":"https:\/\/api.w.org\/{rel}","templated":true}]}}