{"id":8423,"date":"2024-06-20T09:30:55","date_gmt":"2024-06-20T01:30:55","guid":{"rendered":"https:\/\/theo.niranbio.com\/sacarina-sodica\/"},"modified":"2024-08-16T14:28:10","modified_gmt":"2024-08-16T06:28:10","slug":"sacarina-sodica","status":"publish","type":"product","link":"https:\/\/theo.niranbio.com\/es\/sacarina-sodica.html","title":{"rendered":"Sacarina s\u00f3dica"},"content":{"rendered":"<h2><span class=\"ez-toc-section\" id=\"%C2%BFQue_es_la_sacarina_sodica\"><\/span>\u00bfQu\u00e9 es la sacarina s\u00f3dica?<span class=\"ez-toc-section-end\"><\/span><\/h2>\n<p>Los cristales blancos o el polvo cristalino son un material org\u00e1nico conocido como sacarina s\u00f3dica. Aunque se disuelve en agua, el cuerpo no obtiene mucho de ella nutricionalmente. Su dulzura en soluci\u00f3n diluida es de 200 a 500 veces la de la sacarosa. Tiene un sabor fuerte cuando la concentraci\u00f3n es demasiado alta.<\/p>\n<p>Es seguro para los diab\u00e9ticos y para quienes intentan mantener su peso porque no aumenta los niveles de az\u00facar en sangre. El m\u00e9todo de preparaci\u00f3n de la sacarina s\u00f3dica es principalmente a trav\u00e9s de la reacci\u00f3n de p-nitroanilina con monotiotiocarbamida, luego condensaci\u00f3n con formaldeh\u00eddo y finalmente reacci\u00f3n con soda c\u00e1ustica.<\/p>\n<h2><span class=\"ez-toc-section\" id=\"Parametros_relacionados\"><\/span>Par\u00e1metros relacionados:<span class=\"ez-toc-section-end\"><\/span><\/h2>\n<table>\n<tbody>\n<tr>\n<td><strong>Art\u00edculos<\/strong><\/td>\n<td><strong>Normas<\/strong><\/td>\n<\/tr>\n<tr>\n<td>Ensayo<\/td>\n<td>98.0-101%-101.0%<\/td>\n<\/tr>\n<tr>\n<td>Punto Meiting<\/td>\n<td>226\u2103~230\u2103<\/td>\n<\/tr>\n<tr>\n<td>Humedad<\/td>\n<td>\u226415%<\/td>\n<\/tr>\n<tr>\n<td>Sales de amonio<\/td>\n<td>\u226425 ppm<\/td>\n<\/tr>\n<tr>\n<td>Ars\u00e9nico<\/td>\n<td>\u22642 ppm<\/td>\n<\/tr>\n<tr>\n<td>Plomo<\/td>\n<td>\u22641 ppm<\/td>\n<\/tr>\n<tr>\n<td>Fe<\/td>\n<td>\u226450 ppm<\/td>\n<\/tr>\n<tr>\n<td>Cu<\/td>\n<td>\u226450 ppm<\/td>\n<\/tr>\n<tr>\n<td>Zn<\/td>\n<td>\u226450 ppm<\/td>\n<\/tr>\n<tr>\n<td>Cr<\/td>\n<td>\u22642 ppm<\/td>\n<\/tr>\n<tr>\n<td>Metales pesados<\/td>\n<td>\u226410 ppm<\/td>\n<\/tr>\n<tr>\n<td>P-tolueno sulfonamida<\/td>\n<td>\u226410 ppm<\/td>\n<\/tr>\n<tr>\n<td>O-tolueno sulfonamida<\/td>\n<td>\u226410 ppm<\/td>\n<\/tr>\n<tr>\n<td>Selenio<\/td>\n<td>\u226430 ppm<\/td>\n<\/tr>\n<tr>\n<td>\u00c1cido benzoico-sulfonamida<\/td>\n<td>\u226425 ppm<\/td>\n<\/tr>\n<\/tbody>\n<\/table>\n<h2><span class=\"ez-toc-section\" id=\"Dosis_recomendada\"><\/span>Dosis recomendada<span class=\"ez-toc-section-end\"><\/span><\/h2>\n<table>\n<tbody>\n<tr>\n<td><strong>Nombre del alimento<\/strong><\/td>\n<td><strong>Uso m\u00e1ximo (g\/kg)<\/strong><\/td>\n<\/tr>\n<tr>\n<td>Refrescos<\/td>\n<td>0,5 g\/kg<\/td>\n<\/tr>\n<tr>\n<td>Bebidas de frutas<\/td>\n<td>0,3 g\/kg<\/td>\n<\/tr>\n<tr>\n<td>Yogur<\/td>\n<td>0,3 g\/kg<\/td>\n<\/tr>\n<tr>\n<td>Bebidas l\u00e1cteas<\/td>\n<td>0,5 g\/kg<\/td>\n<\/tr>\n<tr>\n<td>Helado<\/td>\n<td>0,3 g\/kg<\/td>\n<\/tr>\n<tr>\n<td>Caramelo blando<\/td>\n<td>0,5 g\/kg<\/td>\n<\/tr>\n<tr>\n<td>Chicle<\/td>\n<td>0,5 g\/kg<\/td>\n<\/tr>\n<tr>\n<td>Chocolate y productos de chocolate<\/td>\n<td>0,5 g\/kg<\/td>\n<\/tr>\n<tr>\n<td>Galletas<\/td>\n<td>0,3 g\/kg<\/td>\n<\/tr>\n<tr>\n<td>Pan<\/td>\n<td>0,3 g\/kg<\/td>\n<\/tr>\n<tr>\n<td>Pasteles<\/td>\n<td>0,3 g\/kg<\/td>\n<\/tr>\n<tr>\n<td>Salsa de soja<\/td>\n<td>0,3 g\/kg<\/td>\n<\/tr>\n<tr>\n<td>Salsas<\/td>\n<td>0,3 g\/kg<\/td>\n<\/tr>\n<tr>\n<td>Fruta en conserva<\/td>\n<td>0,5 g\/kg<\/td>\n<\/tr>\n<\/tbody>\n<\/table>\n<h2><span class=\"ez-toc-section\" id=\"La_sacarina_sodica_tiene_una_amplia_gama_de_usos\"><\/span>La sacarina s\u00f3dica tiene una amplia gama de usos<span class=\"ez-toc-section-end\"><\/span><\/h2>\n<ol>\n<li>En la industria alimentaria, la sacarina s\u00f3dica se utiliza como edulcorante y se utiliza ampliamente en bebidas fr\u00edas, refrescos, gelatinas, paletas, encurtidos, frutas confitadas, pasteles, frutas en conserva, caramelos proteicos y otros productos. Es uno de los edulcorantes para alimentos que se utilizan con m\u00e1s frecuencia. Aunque la sacarina s\u00f3dica se utiliza menos como edulcorante en la industria alimentaria en la actualidad, es m\u00e1s barata que otros edulcorantes m\u00e1s seguros, por lo que todav\u00eda existe cierta demanda en el mercado.<\/li>\n<li>En t\u00e9rminos de aditivos para piensos, la sacarina s\u00f3dica se utiliza en piensos para cerdos, piensos para peces, etc. como edulcorante para aumentar la palatabilidad del pienso y promover el crecimiento animal.<\/li>\n<li>En la industria qu\u00edmica diaria, la sacarina s\u00f3dica se utiliza en dent\u00edfricos, enjuagues bucales, colirios y otros productos para mejorar el sabor y el aroma del producto y hacerlo m\u00e1s aceptable.<\/li>\n<li>La industria de la galvanoplastia es una de las industrias con mayor consumo de sacarina s\u00f3dica. La sacarina s\u00f3dica de grado de galvanoplastia se utiliza principalmente como abrillantador. Se aplica en procedimientos como la galvanoplastia de n\u00edquel para mejorar el brillo y la flexibilidad del material. La sacarina s\u00f3dica del grado de galvanoplastia se utiliza ampliamente; el sector de la galvanoplastia representa m\u00e1s del 40% de su uso.<\/li>\n<\/ol>\n<p>Adem\u00e1s, la sacarina s\u00f3dica tambi\u00e9n se utiliza en la industria farmac\u00e9utica como f\u00e1rmaco de diagn\u00f3stico, agente aromatizante farmac\u00e9utico, excipiente para comprimidos recubiertos de az\u00facar, etc. Aunque la seguridad de la sacarina s\u00f3dica siempre ha sido controvertida, todav\u00eda se utiliza ampliamente en muchos campos de aplicaci\u00f3n.<\/p>\n<h2><span class=\"ez-toc-section\" id=\"Pregunta_formulada_por_un_usuario\"><\/span>Pregunta formulada por un usuario:<span class=\"ez-toc-section-end\"><\/span><\/h2>\n<p>Pregunta: \u00bfCu\u00e1l es la diferencia entre la sacarina s\u00f3dica y la sacarina?<\/p>\n<p>Respuesta:<\/p>\n<p>1. Diferentes ingredientes: La sacarina es un aditivo alimentario, el ingrediente principal es la sacarina s\u00f3dica y es un polvo cristalino blanco o blanquecino. La sacarina s\u00f3dica es un compuesto org\u00e1nico, el ingrediente principal es la sacarina s\u00f3dica.<\/p>\n<p>2. Diferentes funciones: La sacarina es un aditivo alimentario que puede aumentar la dulzura de los alimentos y hacer que los alimentos sean m\u00e1s deliciosos. La sacarina s\u00f3dica se puede utilizar en alimentos, bebidas, dulces, etc., lo que puede aumentar la dulzura de los alimentos, hacer que el color de los alimentos sea m\u00e1s vivo y mejorar el sabor de los alimentos.<\/p>\n<p>3. Diferentes m\u00e9todos de uso: La sacarina es un aditivo alimentario no nutricional y no se puede utilizar como suplemento nutricional. Generalmente se utiliza para mejorar la vida \u00fatil de los alimentos y tambi\u00e9n se puede utilizar para la conservaci\u00f3n de alimentos. La sacarina s\u00f3dica se puede utilizar en dulces, pasteles, golosinas, bebidas, etc. Se puede utilizar como aditivo alimentario dentro de la vida \u00fatil y tambi\u00e9n se puede utilizar para la conservaci\u00f3n de alimentos.<\/p>\n","protected":false},"excerpt":{"rendered":"<ul>\n<li>CAS: C<sub>7<\/sub>H<sub>4<\/sub>NNaO<sub>3<\/sub>S<\/li>\n<li>F\u00f3rmula qu\u00edmica: 128-44-9<\/li>\n<li>Certificaci\u00f3n: KOSHER, ISO, HALAL, FSSC22000, BRC, etc.<\/li>\n<li>Est\u00e1ndar: USP39\/FCC9\/NF34<\/li>\n<li>Cantidad m\u00ednima de pedido: 1000KG<\/li>\n<li>Caducidad: 2 a\u00f1os<\/li>\n<\/ul>\n","protected":false},"featured_media":5773,"template":"","meta":{"site-sidebar-layout":"default","site-content-layout":"","ast-site-content-layout":"default","site-content-style":"default","site-sidebar-style":"default","ast-global-header-display":"","ast-banner-title-visibility":"","ast-main-header-display":"","ast-hfb-above-header-display":"","ast-hfb-below-header-display":"","ast-hfb-mobile-header-display":"","site-post-title":"","ast-breadcrumbs-content":"","ast-featured-img":"","footer-sml-layout":"","theme-transparent-header-meta":"default","adv-header-id-meta":"","stick-header-meta":"","header-above-stick-meta":"","header-main-stick-meta":"","header-below-stick-meta":"","astra-migrate-meta-layouts":"set","ast-page-background-enabled":"default","ast-page-background-meta":{"desktop":{"background-color":"var(--ast-global-color-4)","background-image":"","background-repeat":"repeat","background-position":"center center","background-size":"auto","background-attachment":"scroll","background-type":"","background-media":"","overlay-type":"","overlay-color":"","overlay-opacity":"","overlay-gradient":""},"tablet":{"background-color":"","background-image":"","background-repeat":"repeat","background-position":"center center","background-size":"auto","background-attachment":"scroll","background-type":"","background-media":"","overlay-type":"","overlay-color":"","overlay-opacity":"","overlay-gradient":""},"mobile":{"background-color":"","background-image":"","background-repeat":"repeat","background-position":"center center","background-size":"auto","background-attachment":"scroll","background-type":"","background-media":"","overlay-type":"","overlay-color":"","overlay-opacity":"","overlay-gradient":""}},"ast-content-background-meta":{"desktop":{"background-color":"var(--ast-global-color-5)","background-image":"","background-repeat":"repeat","background-position":"center center","background-size":"auto","background-attachment":"scroll","background-type":"","background-media":"","overlay-type":"","overlay-color":"","overlay-opacity":"","overlay-gradient":""},"tablet":{"background-color":"var(--ast-global-color-5)","background-image":"","background-repeat":"repeat","background-position":"center center","background-size":"auto","background-attachment":"scroll","background-type":"","background-media":"","overlay-type":"","overlay-color":"","overlay-opacity":"","overlay-gradient":""},"mobile":{"background-color":"var(--ast-global-color-5)","background-image":"","background-repeat":"repeat","background-position":"center center","background-size":"auto","background-attachment":"scroll","background-type":"","background-media":"","overlay-type":"","overlay-color":"","overlay-opacity":"","overlay-gradient":""}}},"product_brand":[],"product_cat":[78],"product_tag":[],"class_list":{"0":"post-8423","1":"product","2":"type-product","3":"status-publish","4":"has-post-thumbnail","6":"product_cat-producto-edulcorante","7":"desktop-align-center","8":"tablet-align-left","9":"mobile-align-left","11":"first","12":"instock","13":"shipping-taxable","14":"product-type-simple"},"yoast_head":"<!-- This site is optimized with the Yoast SEO plugin v26.5 - https:\/\/yoast.com\/wordpress\/plugins\/seo\/ -->\n<title>Proveedor de Sacarina Sodica Precio, Polvo Puro E954 | Niranbio Chemical<\/title>\n<meta name=\"description\" content=\"Ofrecemos sacarina s\u00f3dica, un edulcorante entre 300 y 700 veces m\u00e1s dulce que el az\u00facar, termoestable, con una larga vida \u00fatil y que se utiliza en alimentos, bebidas y productos farmac\u00e9uticos.\" \/>\n<meta name=\"robots\" content=\"noindex, follow, max-snippet:-1, max-image-preview:large, max-video-preview:-1\" \/>\n<meta name=\"twitter:label1\" content=\"Tiempo de lectura\" \/>\n\t<meta name=\"twitter:data1\" content=\"4 minutos\" \/>\n<script type=\"application\/ld+json\" class=\"yoast-schema-graph\">{\"@context\":\"https:\/\/schema.org\",\"@graph\":[{\"@type\":\"WebPage\",\"@id\":\"https:\/\/theo.niranbio.com\/es\/sacarina-sodica.html\",\"url\":\"https:\/\/theo.niranbio.com\/es\/sacarina-sodica.html\",\"name\":\"Proveedor de Sacarina Sodica Precio, Polvo Puro E954 | Niranbio Chemical\",\"isPartOf\":{\"@id\":\"https:\/\/theo.niranbio.com\/es\/#website\"},\"primaryImageOfPage\":{\"@id\":\"https:\/\/theo.niranbio.com\/es\/sacarina-sodica.html#primaryimage\"},\"image\":{\"@id\":\"https:\/\/theo.niranbio.com\/es\/sacarina-sodica.html#primaryimage\"},\"thumbnailUrl\":\"https:\/\/theo.niranbio.com\/wp-content\/uploads\/2024\/06\/Sodium-Saccharin.webp\",\"datePublished\":\"2024-06-20T01:30:55+00:00\",\"dateModified\":\"2024-08-16T06:28:10+00:00\",\"description\":\"Ofrecemos sacarina s\u00f3dica, un edulcorante entre 300 y 700 veces m\u00e1s dulce que el az\u00facar, termoestable, con una larga vida \u00fatil y que se utiliza en alimentos, bebidas y productos farmac\u00e9uticos.\",\"breadcrumb\":{\"@id\":\"https:\/\/theo.niranbio.com\/es\/sacarina-sodica.html#breadcrumb\"},\"inLanguage\":\"es\",\"potentialAction\":[{\"@type\":\"ReadAction\",\"target\":[\"https:\/\/theo.niranbio.com\/es\/sacarina-sodica.html\"]}]},{\"@type\":\"ImageObject\",\"inLanguage\":\"es\",\"@id\":\"https:\/\/theo.niranbio.com\/es\/sacarina-sodica.html#primaryimage\",\"url\":\"https:\/\/theo.niranbio.com\/wp-content\/uploads\/2024\/06\/Sodium-Saccharin.webp\",\"contentUrl\":\"https:\/\/theo.niranbio.com\/wp-content\/uploads\/2024\/06\/Sodium-Saccharin.webp\",\"width\":600,\"height\":600,\"caption\":\"Sacarina s\u00f3dica\"},{\"@type\":\"BreadcrumbList\",\"@id\":\"https:\/\/theo.niranbio.com\/es\/sacarina-sodica.html#breadcrumb\",\"itemListElement\":[{\"@type\":\"ListItem\",\"position\":1,\"name\":\"Home\",\"item\":\"https:\/\/theo.niranbio.com\/es\/\"},{\"@type\":\"ListItem\",\"position\":2,\"name\":\"Productos\",\"item\":\"https:\/\/theo.niranbio.com\/es\/productos.html\"},{\"@type\":\"ListItem\",\"position\":3,\"name\":\"Edulcorantes\",\"item\":\"https:\/\/theo.niranbio.com\/es\/producto-edulcorante\/\"},{\"@type\":\"ListItem\",\"position\":4,\"name\":\"Sacarina s\u00f3dica\"}]},{\"@type\":\"WebSite\",\"@id\":\"https:\/\/theo.niranbio.com\/es\/#website\",\"url\":\"https:\/\/theo.niranbio.com\/es\/\",\"name\":\"Niranbio Chemical\",\"description\":\"\",\"publisher\":{\"@id\":\"https:\/\/theo.niranbio.com\/es\/#organization\"},\"potentialAction\":[{\"@type\":\"SearchAction\",\"target\":{\"@type\":\"EntryPoint\",\"urlTemplate\":\"https:\/\/theo.niranbio.com\/es\/?s={search_term_string}\"},\"query-input\":{\"@type\":\"PropertyValueSpecification\",\"valueRequired\":true,\"valueName\":\"search_term_string\"}}],\"inLanguage\":\"es\"},{\"@type\":\"Organization\",\"@id\":\"https:\/\/theo.niranbio.com\/es\/#organization\",\"name\":\"Niranbio Chemical\",\"url\":\"https:\/\/theo.niranbio.com\/es\/\",\"logo\":{\"@type\":\"ImageObject\",\"inLanguage\":\"es\",\"@id\":\"https:\/\/theo.niranbio.com\/es\/#\/schema\/logo\/image\/\",\"url\":\"https:\/\/theo.niranbio.com\/wp-content\/uploads\/2024\/06\/Niranbio.png\",\"contentUrl\":\"https:\/\/theo.niranbio.com\/wp-content\/uploads\/2024\/06\/Niranbio.png\",\"width\":270,\"height\":100,\"caption\":\"Niranbio Chemical\"},\"image\":{\"@id\":\"https:\/\/theo.niranbio.com\/es\/#\/schema\/logo\/image\/\"}}]}<\/script>\n<!-- \/ Yoast SEO plugin. -->","yoast_head_json":{"title":"Proveedor de Sacarina Sodica Precio, Polvo Puro E954 | Niranbio Chemical","description":"Ofrecemos sacarina s\u00f3dica, un edulcorante entre 300 y 700 veces m\u00e1s dulce que el az\u00facar, termoestable, con una larga vida \u00fatil y que se utiliza en alimentos, bebidas y productos farmac\u00e9uticos.","robots":{"index":"noindex","follow":"follow","max-snippet":"max-snippet:-1","max-image-preview":"max-image-preview:large","max-video-preview":"max-video-preview:-1"},"twitter_misc":{"Tiempo de lectura":"4 minutos"},"schema":{"@context":"https:\/\/schema.org","@graph":[{"@type":"WebPage","@id":"https:\/\/theo.niranbio.com\/es\/sacarina-sodica.html","url":"https:\/\/theo.niranbio.com\/es\/sacarina-sodica.html","name":"Proveedor de Sacarina Sodica Precio, Polvo Puro E954 | Niranbio Chemical","isPartOf":{"@id":"https:\/\/theo.niranbio.com\/es\/#website"},"primaryImageOfPage":{"@id":"https:\/\/theo.niranbio.com\/es\/sacarina-sodica.html#primaryimage"},"image":{"@id":"https:\/\/theo.niranbio.com\/es\/sacarina-sodica.html#primaryimage"},"thumbnailUrl":"https:\/\/theo.niranbio.com\/wp-content\/uploads\/2024\/06\/Sodium-Saccharin.webp","datePublished":"2024-06-20T01:30:55+00:00","dateModified":"2024-08-16T06:28:10+00:00","description":"Ofrecemos sacarina s\u00f3dica, un edulcorante entre 300 y 700 veces m\u00e1s dulce que el az\u00facar, termoestable, con una larga vida \u00fatil y que se utiliza en alimentos, bebidas y productos farmac\u00e9uticos.","breadcrumb":{"@id":"https:\/\/theo.niranbio.com\/es\/sacarina-sodica.html#breadcrumb"},"inLanguage":"es","potentialAction":[{"@type":"ReadAction","target":["https:\/\/theo.niranbio.com\/es\/sacarina-sodica.html"]}]},{"@type":"ImageObject","inLanguage":"es","@id":"https:\/\/theo.niranbio.com\/es\/sacarina-sodica.html#primaryimage","url":"https:\/\/theo.niranbio.com\/wp-content\/uploads\/2024\/06\/Sodium-Saccharin.webp","contentUrl":"https:\/\/theo.niranbio.com\/wp-content\/uploads\/2024\/06\/Sodium-Saccharin.webp","width":600,"height":600,"caption":"Sacarina s\u00f3dica"},{"@type":"BreadcrumbList","@id":"https:\/\/theo.niranbio.com\/es\/sacarina-sodica.html#breadcrumb","itemListElement":[{"@type":"ListItem","position":1,"name":"Home","item":"https:\/\/theo.niranbio.com\/es\/"},{"@type":"ListItem","position":2,"name":"Productos","item":"https:\/\/theo.niranbio.com\/es\/productos.html"},{"@type":"ListItem","position":3,"name":"Edulcorantes","item":"https:\/\/theo.niranbio.com\/es\/producto-edulcorante\/"},{"@type":"ListItem","position":4,"name":"Sacarina s\u00f3dica"}]},{"@type":"WebSite","@id":"https:\/\/theo.niranbio.com\/es\/#website","url":"https:\/\/theo.niranbio.com\/es\/","name":"Niranbio Chemical","description":"","publisher":{"@id":"https:\/\/theo.niranbio.com\/es\/#organization"},"potentialAction":[{"@type":"SearchAction","target":{"@type":"EntryPoint","urlTemplate":"https:\/\/theo.niranbio.com\/es\/?s={search_term_string}"},"query-input":{"@type":"PropertyValueSpecification","valueRequired":true,"valueName":"search_term_string"}}],"inLanguage":"es"},{"@type":"Organization","@id":"https:\/\/theo.niranbio.com\/es\/#organization","name":"Niranbio Chemical","url":"https:\/\/theo.niranbio.com\/es\/","logo":{"@type":"ImageObject","inLanguage":"es","@id":"https:\/\/theo.niranbio.com\/es\/#\/schema\/logo\/image\/","url":"https:\/\/theo.niranbio.com\/wp-content\/uploads\/2024\/06\/Niranbio.png","contentUrl":"https:\/\/theo.niranbio.com\/wp-content\/uploads\/2024\/06\/Niranbio.png","width":270,"height":100,"caption":"Niranbio Chemical"},"image":{"@id":"https:\/\/theo.niranbio.com\/es\/#\/schema\/logo\/image\/"}}]}},"_links":{"self":[{"href":"https:\/\/theo.niranbio.com\/es\/wp-json\/wp\/v2\/product\/8423","targetHints":{"allow":["GET"]}}],"collection":[{"href":"https:\/\/theo.niranbio.com\/es\/wp-json\/wp\/v2\/product"}],"about":[{"href":"https:\/\/theo.niranbio.com\/es\/wp-json\/wp\/v2\/types\/product"}],"version-history":[{"count":0,"href":"https:\/\/theo.niranbio.com\/es\/wp-json\/wp\/v2\/product\/8423\/revisions"}],"wp:featuredmedia":[{"embeddable":true,"href":"https:\/\/theo.niranbio.com\/es\/wp-json\/wp\/v2\/media\/5773"}],"wp:attachment":[{"href":"https:\/\/theo.niranbio.com\/es\/wp-json\/wp\/v2\/media?parent=8423"}],"wp:term":[{"taxonomy":"product_brand","embeddable":true,"href":"https:\/\/theo.niranbio.com\/es\/wp-json\/wp\/v2\/product_brand?post=8423"},{"taxonomy":"product_cat","embeddable":true,"href":"https:\/\/theo.niranbio.com\/es\/wp-json\/wp\/v2\/product_cat?post=8423"},{"taxonomy":"product_tag","embeddable":true,"href":"https:\/\/theo.niranbio.com\/es\/wp-json\/wp\/v2\/product_tag?post=8423"}],"curies":[{"name":"wp","href":"https:\/\/api.w.org\/{rel}","templated":true}]}}