{"id":8420,"date":"2024-06-20T09:31:42","date_gmt":"2024-06-20T01:31:42","guid":{"rendered":"https:\/\/theo.niranbio.com\/neotame\/"},"modified":"2024-08-16T14:25:58","modified_gmt":"2024-08-16T06:25:58","slug":"neotame","status":"publish","type":"product","link":"https:\/\/theo.niranbio.com\/es\/neotame.html","title":{"rendered":"Neotame"},"content":{"rendered":"<h2><span class=\"ez-toc-section\" id=\"%C2%BFQue_es_el_neotamo\"><\/span>\u00bfQu\u00e9 es el neotamo?<span class=\"ez-toc-section-end\"><\/span><\/h2>\n<p>El neotamo es un edulcorante en polvo o cristal blanco que tiene usos pr\u00e1cticos. Tiene un sabor dulce puro y una dulzura duradera despu\u00e9s del consumo. Su sabor es muy parecido al del aspartamo. Es aproximadamente entre 7000 y 13 000 veces m\u00e1s dulce que la sacarosa. Se utiliza ampliamente en las industrias alimentaria, de productos para el cuidado de la salud y farmac\u00e9utica.<\/p>\n<p>La L-fenilalanina y el formiato de dimetilo se utilizan generalmente como materias primas para la producci\u00f3n de neotamo. Bajo la acci\u00f3n de un catalizador \u00e1cido, ambos se esterifican para generar un producto intermedio, que luego se hace reaccionar con otros compuestos para formar una mol\u00e9cula de neotamo. Para garantizar la alta eficiencia y el rendimiento de la reacci\u00f3n, este paso debe completarse en condiciones de temperatura y presi\u00f3n estrictamente reguladas.<\/p>\n<p>El neotame se cristaliza a partir de la mezcla de reacci\u00f3n controlando las condiciones de reacci\u00f3n. Luego, se utiliza tecnolog\u00eda de filtraci\u00f3n de m\u00faltiples etapas para separar el neotame cristalizado de las impurezas en la mezcla de reacci\u00f3n, y la pureza se mejora a\u00fan m\u00e1s mediante el lavado.<\/p>\n<h2><span class=\"ez-toc-section\" id=\"Parametros_relacionados\"><\/span>Par\u00e1metros relacionados:<span class=\"ez-toc-section-end\"><\/span><\/h2>\n<table>\n<tbody>\n<tr>\n<td><strong>ART\u00cdCULOS<\/strong><\/td>\n<td><strong>ESPECIFICACI\u00d3N<\/strong><\/td>\n<\/tr>\n<tr>\n<td>Contenido de neotamo (en base seca)<\/td>\n<td>97.0-102.0%<\/td>\n<\/tr>\n<tr>\n<td>N-[N-(3,3-Dimethylbutyl)-L-alpha-Aspartyl]-L-Fenilalanina<\/td>\n<td>\u2264 1.5%<\/td>\n<\/tr>\n<tr>\n<td>Otras sustancias relacionadas<\/td>\n<td>\u2264 2.0%<\/td>\n<\/tr>\n<tr>\n<td>PH, soluci\u00f3n al 0,5<\/td>\n<td>5.0-7.0<\/td>\n<\/tr>\n<tr>\n<td>Agua<\/td>\n<td>\u2264 5.0%<\/td>\n<\/tr>\n<tr>\n<td>Ceniza sulfatada<\/td>\n<td>\u2264 0.2%<\/td>\n<\/tr>\n<tr>\n<td>Rotaci\u00f3n espec\u00edfica [a]20D Soluci\u00f3n al 0,5%,en base seca<\/td>\n<td>-40.0~-43.4<\/td>\n<\/tr>\n<tr>\n<td>Punto de fusi\u00f3n<\/td>\n<td>81\u2103~ 84\u2103<\/td>\n<\/tr>\n<tr>\n<td>Plomo<\/td>\n<td>\u22641mg\/kg<\/td>\n<\/tr>\n<tr>\n<td>Recuento de placas aerobias<\/td>\n<td>&lt;250 ufc\/g<\/td>\n<\/tr>\n<tr>\n<td>Escherichia coli<\/td>\n<td>&lt;10 ufc\/g<\/td>\n<\/tr>\n<tr>\n<td>Levaduras y mohos<\/td>\n<td>&lt;100 ufc\/g<\/td>\n<\/tr>\n<\/tbody>\n<\/table>\n<h2><span class=\"ez-toc-section\" id=\"Dosis_recomendada\"><\/span>Dosis recomendada<span class=\"ez-toc-section-end\"><\/span><\/h2>\n<table>\n<tbody>\n<tr>\n<td><strong>Nombre del alimento<\/strong><\/td>\n<td><strong>Uso m\u00e1ximo (g\/kg)<\/strong><\/td>\n<\/tr>\n<tr>\n<td>Refrescos<\/td>\n<td>0,001 g\/kg<\/td>\n<\/tr>\n<tr>\n<td>Yogur<\/td>\n<td>0,001 g\/kg<\/td>\n<\/tr>\n<tr>\n<td>Caramelo duro<\/td>\n<td>0,002 g\/kg<\/td>\n<\/tr>\n<tr>\n<td>Chocolate y productos de chocolate<\/td>\n<td>0,002 g\/kg<\/td>\n<\/tr>\n<tr>\n<td>Torta<\/td>\n<td>0,001 g\/kg<\/td>\n<\/tr>\n<tr>\n<td>Condimento instant\u00e1neo en polvo<\/td>\n<td>0,002 g\/kg<\/td>\n<\/tr>\n<tr>\n<td>Salsa de soja<\/td>\n<td>0,0005 g\/kg<\/td>\n<\/tr>\n<tr>\n<td>Aderezo para ensaladas<\/td>\n<td>0,0005 g\/kg<\/td>\n<\/tr>\n<tr>\n<td>Fruta en conserva<\/td>\n<td>0,001 g\/kg<\/td>\n<\/tr>\n<tr>\n<td>Mermelada baja en az\u00facar<\/td>\n<td>0,002 g\/kg<\/td>\n<\/tr>\n<tr>\n<td>Comprimidos vitam\u00ednicos<\/td>\n<td>0,0005 g\/kg<\/td>\n<\/tr>\n<\/tbody>\n<\/table>\n<h2><span class=\"ez-toc-section\" id=\"El_neotamo_tiene_una_amplia_gama_de_usos\"><\/span>El neotamo tiene una amplia gama de usos<span class=\"ez-toc-section-end\"><\/span><\/h2>\n<ol>\n<li>Industria alimentaria: como edulcorante de alta energ\u00eda sin energ\u00eda, el neotame se usa ampliamente en alimentos \u00e1cidos que no se calientan durante mucho tiempo a alta temperatura, como productos l\u00e1cteos, chicles, frutas en conserva, bebidas fr\u00edas y helados, alimentos enlatados, pasteles, bebidas y nueces tostadas.<\/li>\n<li>Industria de alimentos para animales: el neotame puede enmascarar eficazmente el sabor met\u00e1lico de la sacarina s\u00f3dica y el sabor desagradable del alimento para animales, mejorar la palatabilidad del alimento y, por lo tanto, aumentar la alimentaci\u00f3n y la ingesta de alimentos del animal.<\/li>\n<li>Campo farmac\u00e9utico: para cambiar el sabor de los productos farmac\u00e9uticos sin comprometer su eficacia, el neotame se utiliza como excipiente en medicamentos. Una dosis peque\u00f1a no dar\u00e1 como resultado un aumento en el volumen de la tableta, y la dulzura a largo plazo puede enmascarar el olor de cosas como las vitaminas o el sabor amargo de los medicamentos.<\/li>\n<li>4. Pasta de dientes y cosm\u00e9ticos: El neotamo se puede utilizar como edulcorante para conservar las propiedades refrescantes del enjuague bucal y la pasta de dientes. Adem\u00e1s, se puede encontrar en cosm\u00e9ticos como el l\u00e1piz labial, la loci\u00f3n de ba\u00f1o y el b\u00e1lsamo labial.<\/li>\n<li>Filtro de cigarrillo: La corta duraci\u00f3n del dulzor en los filtros de cigarrillo es el principal obst\u00e1culo t\u00e9cnico. El dulzor no puede durar hasta el final de un cigarrillo. El dulzor residual del neotamo resuelve muy bien este problema. El filtro hecho mezclando neotamo con tinta puede aumentar significativamente la duraci\u00f3n del dulzor de los cigarrillos.<\/li>\n<li>Usos adicionales: El neotamo se puede combinar con az\u00facares reductores espec\u00edficos, como glucosa, fructosa, lactosa, etc., para conservar el frescor de la pasta de dientes y los cosm\u00e9ticos. Estos art\u00edculos tambi\u00e9n pueden usarlo como edulcorante.<\/li>\n<\/ol>\n<h2><span class=\"ez-toc-section\" id=\"Pregunta_formulada_por_un_usuario\"><\/span>Pregunta formulada por un usuario:<span class=\"ez-toc-section-end\"><\/span><\/h2>\n<p>Pregunta: \u00bfCu\u00e1les son las ventajas del neotamo sobre el aspartamo?<\/p>\n<p>Respuesta: Las principales ventajas del neotamo son su alta estabilidad, alto dulzor (aproximadamente 8000-10000 veces el de la sacarosa) y bajas calor\u00edas. Es adecuado para su uso en procedimientos quir\u00fargicos as\u00e9pticos, esterilizaci\u00f3n a alta temperatura y corta duraci\u00f3n (HTST) y producci\u00f3n por lotes. En usos reales, puede prolongar y mejorar en gran medida el sabor y el aroma de los productos. El cuerpo puede metabolizar el neotamo r\u00e1pidamente. La ruta metab\u00f3lica primaria produce neotamo desgrasado y metanol hidrolizando \u00e9steres met\u00edlicos con enzimas producidas por humanos.<\/p>\n<p>En comparaci\u00f3n con las comidas normales, el neotamo produce muy poco metanol, que el cuerpo puede eliminar por completo a trav\u00e9s de la orina y las heces y que no se acumula en el cuerpo. Pero el aspartamo (edulcorante, APM) es solo entre 150 y 200 veces m\u00e1s dulce que la sacarosa y ofrece muy poca energ\u00eda. Puede descomponerse en \u00e1cido asp\u00e1rtico, fenilalanina y trazas de metanol en el cuerpo humano. Estos componentes se encuentran en los alimentos de forma natural y se hidrolizan a niveles de pH o temperaturas elevados. Por lo tanto, no es adecuado para platos que necesitan altas temperaturas de horneado.<\/p>\n","protected":false},"excerpt":{"rendered":"<ul>\n<li>CAS: 165450-17-9<\/li>\n<li>F\u00f3rmula qu\u00edmica: C<sub>20<\/sub>H<sub>30<\/sub>N<sub>2<\/sub>O<sub>5<\/sub><\/li>\n<li>Certificaci\u00f3n: KOSHER, ISO, HALAL, FSSC22000, BRC, etc.<\/li>\n<li>Norma: USP42\/FCC11<\/li>\n<li>Cantidad m\u00ednima de pedido: 1000KG<\/li>\n<li>Caducidad: 2 a\u00f1os<\/li>\n<\/ul>\n","protected":false},"featured_media":5768,"template":"","meta":{"site-sidebar-layout":"default","site-content-layout":"","ast-site-content-layout":"default","site-content-style":"default","site-sidebar-style":"default","ast-global-header-display":"","ast-banner-title-visibility":"","ast-main-header-display":"","ast-hfb-above-header-display":"","ast-hfb-below-header-display":"","ast-hfb-mobile-header-display":"","site-post-title":"","ast-breadcrumbs-content":"","ast-featured-img":"","footer-sml-layout":"","theme-transparent-header-meta":"default","adv-header-id-meta":"","stick-header-meta":"","header-above-stick-meta":"","header-main-stick-meta":"","header-below-stick-meta":"","astra-migrate-meta-layouts":"set","ast-page-background-enabled":"default","ast-page-background-meta":{"desktop":{"background-color":"var(--ast-global-color-4)","background-image":"","background-repeat":"repeat","background-position":"center center","background-size":"auto","background-attachment":"scroll","background-type":"","background-media":"","overlay-type":"","overlay-color":"","overlay-opacity":"","overlay-gradient":""},"tablet":{"background-color":"","background-image":"","background-repeat":"repeat","background-position":"center center","background-size":"auto","background-attachment":"scroll","background-type":"","background-media":"","overlay-type":"","overlay-color":"","overlay-opacity":"","overlay-gradient":""},"mobile":{"background-color":"","background-image":"","background-repeat":"repeat","background-position":"center center","background-size":"auto","background-attachment":"scroll","background-type":"","background-media":"","overlay-type":"","overlay-color":"","overlay-opacity":"","overlay-gradient":""}},"ast-content-background-meta":{"desktop":{"background-color":"var(--ast-global-color-5)","background-image":"","background-repeat":"repeat","background-position":"center center","background-size":"auto","background-attachment":"scroll","background-type":"","background-media":"","overlay-type":"","overlay-color":"","overlay-opacity":"","overlay-gradient":""},"tablet":{"background-color":"var(--ast-global-color-5)","background-image":"","background-repeat":"repeat","background-position":"center center","background-size":"auto","background-attachment":"scroll","background-type":"","background-media":"","overlay-type":"","overlay-color":"","overlay-opacity":"","overlay-gradient":""},"mobile":{"background-color":"var(--ast-global-color-5)","background-image":"","background-repeat":"repeat","background-position":"center center","background-size":"auto","background-attachment":"scroll","background-type":"","background-media":"","overlay-type":"","overlay-color":"","overlay-opacity":"","overlay-gradient":""}}},"product_brand":[],"product_cat":[78],"product_tag":[],"class_list":{"0":"post-8420","1":"product","2":"type-product","3":"status-publish","4":"has-post-thumbnail","6":"product_cat-producto-edulcorante","7":"desktop-align-center","8":"tablet-align-left","9":"mobile-align-left","11":"first","12":"instock","13":"shipping-taxable","14":"product-type-simple"},"yoast_head":"<!-- This site is optimized with the Yoast SEO plugin v26.5 - https:\/\/yoast.com\/wordpress\/plugins\/seo\/ -->\n<title>Proveedor de Neotamo, Precio de Neotamo E961 | Niranbio Chemical<\/title>\n<meta name=\"description\" content=\"El neotamo ofrece una dulzura extrema, estabilidad t\u00e9rmica y solubilidad. Es entre 7000 y 13 000 veces m\u00e1s dulce que el az\u00facar, no tiene calor\u00edas y es vers\u00e1til para alimentos y bebidas.\" \/>\n<meta name=\"robots\" content=\"noindex, follow, max-snippet:-1, max-image-preview:large, max-video-preview:-1\" \/>\n<meta name=\"twitter:label1\" content=\"Tiempo de lectura\" \/>\n\t<meta name=\"twitter:data1\" content=\"4 minutos\" \/>\n<script type=\"application\/ld+json\" class=\"yoast-schema-graph\">{\"@context\":\"https:\/\/schema.org\",\"@graph\":[{\"@type\":\"WebPage\",\"@id\":\"https:\/\/theo.niranbio.com\/es\/neotame.html\",\"url\":\"https:\/\/theo.niranbio.com\/es\/neotame.html\",\"name\":\"Proveedor de Neotamo, Precio de Neotamo E961 | Niranbio Chemical\",\"isPartOf\":{\"@id\":\"https:\/\/theo.niranbio.com\/es\/#website\"},\"primaryImageOfPage\":{\"@id\":\"https:\/\/theo.niranbio.com\/es\/neotame.html#primaryimage\"},\"image\":{\"@id\":\"https:\/\/theo.niranbio.com\/es\/neotame.html#primaryimage\"},\"thumbnailUrl\":\"https:\/\/theo.niranbio.com\/wp-content\/uploads\/2024\/06\/Neotame.webp\",\"datePublished\":\"2024-06-20T01:31:42+00:00\",\"dateModified\":\"2024-08-16T06:25:58+00:00\",\"description\":\"El neotamo ofrece una dulzura extrema, estabilidad t\u00e9rmica y solubilidad. Es entre 7000 y 13 000 veces m\u00e1s dulce que el az\u00facar, no tiene calor\u00edas y es vers\u00e1til para alimentos y bebidas.\",\"breadcrumb\":{\"@id\":\"https:\/\/theo.niranbio.com\/es\/neotame.html#breadcrumb\"},\"inLanguage\":\"es\",\"potentialAction\":[{\"@type\":\"ReadAction\",\"target\":[\"https:\/\/theo.niranbio.com\/es\/neotame.html\"]}]},{\"@type\":\"ImageObject\",\"inLanguage\":\"es\",\"@id\":\"https:\/\/theo.niranbio.com\/es\/neotame.html#primaryimage\",\"url\":\"https:\/\/theo.niranbio.com\/wp-content\/uploads\/2024\/06\/Neotame.webp\",\"contentUrl\":\"https:\/\/theo.niranbio.com\/wp-content\/uploads\/2024\/06\/Neotame.webp\",\"width\":600,\"height\":600,\"caption\":\"Neotamo\"},{\"@type\":\"BreadcrumbList\",\"@id\":\"https:\/\/theo.niranbio.com\/es\/neotame.html#breadcrumb\",\"itemListElement\":[{\"@type\":\"ListItem\",\"position\":1,\"name\":\"Home\",\"item\":\"https:\/\/theo.niranbio.com\/es\/\"},{\"@type\":\"ListItem\",\"position\":2,\"name\":\"Productos\",\"item\":\"https:\/\/theo.niranbio.com\/es\/productos.html\"},{\"@type\":\"ListItem\",\"position\":3,\"name\":\"Edulcorantes\",\"item\":\"https:\/\/theo.niranbio.com\/es\/producto-edulcorante\/\"},{\"@type\":\"ListItem\",\"position\":4,\"name\":\"Neotame\"}]},{\"@type\":\"WebSite\",\"@id\":\"https:\/\/theo.niranbio.com\/es\/#website\",\"url\":\"https:\/\/theo.niranbio.com\/es\/\",\"name\":\"Niranbio Chemical\",\"description\":\"\",\"publisher\":{\"@id\":\"https:\/\/theo.niranbio.com\/es\/#organization\"},\"potentialAction\":[{\"@type\":\"SearchAction\",\"target\":{\"@type\":\"EntryPoint\",\"urlTemplate\":\"https:\/\/theo.niranbio.com\/es\/?s={search_term_string}\"},\"query-input\":{\"@type\":\"PropertyValueSpecification\",\"valueRequired\":true,\"valueName\":\"search_term_string\"}}],\"inLanguage\":\"es\"},{\"@type\":\"Organization\",\"@id\":\"https:\/\/theo.niranbio.com\/es\/#organization\",\"name\":\"Niranbio Chemical\",\"url\":\"https:\/\/theo.niranbio.com\/es\/\",\"logo\":{\"@type\":\"ImageObject\",\"inLanguage\":\"es\",\"@id\":\"https:\/\/theo.niranbio.com\/es\/#\/schema\/logo\/image\/\",\"url\":\"https:\/\/theo.niranbio.com\/wp-content\/uploads\/2024\/06\/Niranbio.png\",\"contentUrl\":\"https:\/\/theo.niranbio.com\/wp-content\/uploads\/2024\/06\/Niranbio.png\",\"width\":270,\"height\":100,\"caption\":\"Niranbio Chemical\"},\"image\":{\"@id\":\"https:\/\/theo.niranbio.com\/es\/#\/schema\/logo\/image\/\"}}]}<\/script>\n<!-- \/ Yoast SEO plugin. -->","yoast_head_json":{"title":"Proveedor de Neotamo, Precio de Neotamo E961 | Niranbio Chemical","description":"El neotamo ofrece una dulzura extrema, estabilidad t\u00e9rmica y solubilidad. Es entre 7000 y 13 000 veces m\u00e1s dulce que el az\u00facar, no tiene calor\u00edas y es vers\u00e1til para alimentos y bebidas.","robots":{"index":"noindex","follow":"follow","max-snippet":"max-snippet:-1","max-image-preview":"max-image-preview:large","max-video-preview":"max-video-preview:-1"},"twitter_misc":{"Tiempo de lectura":"4 minutos"},"schema":{"@context":"https:\/\/schema.org","@graph":[{"@type":"WebPage","@id":"https:\/\/theo.niranbio.com\/es\/neotame.html","url":"https:\/\/theo.niranbio.com\/es\/neotame.html","name":"Proveedor de Neotamo, Precio de Neotamo E961 | Niranbio Chemical","isPartOf":{"@id":"https:\/\/theo.niranbio.com\/es\/#website"},"primaryImageOfPage":{"@id":"https:\/\/theo.niranbio.com\/es\/neotame.html#primaryimage"},"image":{"@id":"https:\/\/theo.niranbio.com\/es\/neotame.html#primaryimage"},"thumbnailUrl":"https:\/\/theo.niranbio.com\/wp-content\/uploads\/2024\/06\/Neotame.webp","datePublished":"2024-06-20T01:31:42+00:00","dateModified":"2024-08-16T06:25:58+00:00","description":"El neotamo ofrece una dulzura extrema, estabilidad t\u00e9rmica y solubilidad. Es entre 7000 y 13 000 veces m\u00e1s dulce que el az\u00facar, no tiene calor\u00edas y es vers\u00e1til para alimentos y bebidas.","breadcrumb":{"@id":"https:\/\/theo.niranbio.com\/es\/neotame.html#breadcrumb"},"inLanguage":"es","potentialAction":[{"@type":"ReadAction","target":["https:\/\/theo.niranbio.com\/es\/neotame.html"]}]},{"@type":"ImageObject","inLanguage":"es","@id":"https:\/\/theo.niranbio.com\/es\/neotame.html#primaryimage","url":"https:\/\/theo.niranbio.com\/wp-content\/uploads\/2024\/06\/Neotame.webp","contentUrl":"https:\/\/theo.niranbio.com\/wp-content\/uploads\/2024\/06\/Neotame.webp","width":600,"height":600,"caption":"Neotamo"},{"@type":"BreadcrumbList","@id":"https:\/\/theo.niranbio.com\/es\/neotame.html#breadcrumb","itemListElement":[{"@type":"ListItem","position":1,"name":"Home","item":"https:\/\/theo.niranbio.com\/es\/"},{"@type":"ListItem","position":2,"name":"Productos","item":"https:\/\/theo.niranbio.com\/es\/productos.html"},{"@type":"ListItem","position":3,"name":"Edulcorantes","item":"https:\/\/theo.niranbio.com\/es\/producto-edulcorante\/"},{"@type":"ListItem","position":4,"name":"Neotame"}]},{"@type":"WebSite","@id":"https:\/\/theo.niranbio.com\/es\/#website","url":"https:\/\/theo.niranbio.com\/es\/","name":"Niranbio Chemical","description":"","publisher":{"@id":"https:\/\/theo.niranbio.com\/es\/#organization"},"potentialAction":[{"@type":"SearchAction","target":{"@type":"EntryPoint","urlTemplate":"https:\/\/theo.niranbio.com\/es\/?s={search_term_string}"},"query-input":{"@type":"PropertyValueSpecification","valueRequired":true,"valueName":"search_term_string"}}],"inLanguage":"es"},{"@type":"Organization","@id":"https:\/\/theo.niranbio.com\/es\/#organization","name":"Niranbio Chemical","url":"https:\/\/theo.niranbio.com\/es\/","logo":{"@type":"ImageObject","inLanguage":"es","@id":"https:\/\/theo.niranbio.com\/es\/#\/schema\/logo\/image\/","url":"https:\/\/theo.niranbio.com\/wp-content\/uploads\/2024\/06\/Niranbio.png","contentUrl":"https:\/\/theo.niranbio.com\/wp-content\/uploads\/2024\/06\/Niranbio.png","width":270,"height":100,"caption":"Niranbio Chemical"},"image":{"@id":"https:\/\/theo.niranbio.com\/es\/#\/schema\/logo\/image\/"}}]}},"_links":{"self":[{"href":"https:\/\/theo.niranbio.com\/es\/wp-json\/wp\/v2\/product\/8420","targetHints":{"allow":["GET"]}}],"collection":[{"href":"https:\/\/theo.niranbio.com\/es\/wp-json\/wp\/v2\/product"}],"about":[{"href":"https:\/\/theo.niranbio.com\/es\/wp-json\/wp\/v2\/types\/product"}],"version-history":[{"count":0,"href":"https:\/\/theo.niranbio.com\/es\/wp-json\/wp\/v2\/product\/8420\/revisions"}],"wp:featuredmedia":[{"embeddable":true,"href":"https:\/\/theo.niranbio.com\/es\/wp-json\/wp\/v2\/media\/5768"}],"wp:attachment":[{"href":"https:\/\/theo.niranbio.com\/es\/wp-json\/wp\/v2\/media?parent=8420"}],"wp:term":[{"taxonomy":"product_brand","embeddable":true,"href":"https:\/\/theo.niranbio.com\/es\/wp-json\/wp\/v2\/product_brand?post=8420"},{"taxonomy":"product_cat","embeddable":true,"href":"https:\/\/theo.niranbio.com\/es\/wp-json\/wp\/v2\/product_cat?post=8420"},{"taxonomy":"product_tag","embeddable":true,"href":"https:\/\/theo.niranbio.com\/es\/wp-json\/wp\/v2\/product_tag?post=8420"}],"curies":[{"name":"wp","href":"https:\/\/api.w.org\/{rel}","templated":true}]}}