{"id":8416,"date":"2024-06-20T09:32:31","date_gmt":"2024-06-20T01:32:31","guid":{"rendered":"https:\/\/theo.niranbio.com\/sorbitol\/"},"modified":"2024-08-16T14:16:57","modified_gmt":"2024-08-16T06:16:57","slug":"sorbitol","status":"publish","type":"product","link":"https:\/\/theo.niranbio.com\/es\/sorbitol.html","title":{"rendered":"Sorbitol"},"content":{"rendered":"<h2><span class=\"ez-toc-section\" id=\"%C2%BFQue_es_el_sorbitol\"><\/span>\u00bfQu\u00e9 es el sorbitol?<span class=\"ez-toc-section-end\"><\/span><\/h2>\n<p>El sorbitol es un polvo cristalino blanco, inodoro, con un sabor dulce refrescante. Su dulzura es de aproximadamente el 50%-70% de la sacarosa. Se distribuye ampliamente en frutas de plantas naturales y se usa a menudo en alimentos como edulcorante, agente de carga y humectante.<\/p>\n<p>El sorbitol se produce actualmente principalmente mediante dos m\u00e9todos: s\u00edntesis qu\u00edmica y fermentaci\u00f3n biol\u00f3gica. El m\u00e9todo de s\u00edntesis qu\u00edmica utiliza glucosa como materia prima y sintetiza sorbitol a trav\u00e9s de una serie de reacciones qu\u00edmicas. La rentabilidad de este m\u00e9todo se ve compensada por la posibilidad de que se produzcan compuestos peligrosos por la reacci\u00f3n. El m\u00e9todo de fermentaci\u00f3n biol\u00f3gica utiliza glucosa como materia prima y produce sorbitol a trav\u00e9s de la fermentaci\u00f3n microbiana. Las ventajas de este m\u00e9todo son la protecci\u00f3n del medio ambiente y la alta pureza del producto, pero el costo es relativamente alto.<\/p>\n<h2><span class=\"ez-toc-section\" id=\"Parametros_relacionados\"><\/span>Par\u00e1metros relacionados:<span class=\"ez-toc-section-end\"><\/span><\/h2>\n<table>\n<tbody>\n<tr>\n<td><strong>ART\u00cdCULOS<\/strong><\/td>\n<td><strong>ESPECIFICACI\u00d3N<\/strong><\/td>\n<\/tr>\n<tr>\n<td>Contenido de sorbitol\uff0cw\/%<\/td>\n<td>\u226598.0<\/td>\n<\/tr>\n<tr>\n<td>Agua\uff0cw\/%<\/td>\n<td>\u22641.0<\/td>\n<\/tr>\n<tr>\n<td>Az\u00facar reductor\uff0cw\/%<\/td>\n<td>\u22640.15<\/td>\n<\/tr>\n<tr>\n<td>Az\u00facar total\uff0cw\/%<\/td>\n<td>\u22641.0<\/td>\n<\/tr>\n<tr>\n<td>Residuo en la ignici\u00f3n, p\/%.<\/td>\n<td>\u22640.1<\/td>\n<\/tr>\n<tr>\n<td>Sulfato\uff08como SO42- \uff09\/\uff08ppm\uff09<\/td>\n<td>\u2264100<\/td>\n<\/tr>\n<tr>\n<td>Cloruro\uff08como Cl-\uff09\/\uff08ppm\uff09<\/td>\n<td>\u226450<\/td>\n<\/tr>\n<\/tbody>\n<\/table>\n<h2><span class=\"ez-toc-section\" id=\"Dosis_recomendada\"><\/span>Dosis recomendada<span class=\"ez-toc-section-end\"><\/span><\/h2>\n<table>\n<tbody>\n<tr>\n<td><strong>Nombre del alimento<\/strong><\/td>\n<td><strong>Uso m\u00e1ximo (g\/kg)<\/strong><\/td>\n<\/tr>\n<tr>\n<td>Productos l\u00e1cteos<\/td>\n<td>0,5 g\/kg<\/td>\n<\/tr>\n<tr>\n<td>Queso<\/td>\n<td>0,3 g\/kg<\/td>\n<\/tr>\n<tr>\n<td>Yogur<\/td>\n<td>0,5 g\/kg<\/td>\n<\/tr>\n<tr>\n<td>Bebidas de frutas<\/td>\n<td>0,5 g\/kg<\/td>\n<\/tr>\n<tr>\n<td>Bebidas carbonatadas<\/td>\n<td>0,3 g\/kg<\/td>\n<\/tr>\n<tr>\n<td>Alimentos enlatados<\/td>\n<td>0,5 g\/kg<\/td>\n<\/tr>\n<tr>\n<td>Caramelo<\/td>\n<td>1,0 g\/kg<\/td>\n<\/tr>\n<tr>\n<td>Pan<\/td>\n<td>0,5 g\/kg<\/td>\n<\/tr>\n<tr>\n<td>Productos de panader\u00eda<\/td>\n<td>0,5 g\/kg<\/td>\n<\/tr>\n<tr>\n<td>Salsas<\/td>\n<td>0,3 g\/kg<\/td>\n<\/tr>\n<tr>\n<td>Productos c\u00e1rnicos<\/td>\n<td>0,5 g\/kg<\/td>\n<\/tr>\n<tr>\n<td>Productos pesqueros<\/td>\n<td>0,4 g\/kg<\/td>\n<\/tr>\n<tr>\n<td>Chocolate y productos de chocolate<\/td>\n<td>0,4 g\/kg<\/td>\n<\/tr>\n<\/tbody>\n<\/table>\n<h2><span class=\"ez-toc-section\" id=\"El_sorbitol_tiene_una_amplia_gama_de_usos\"><\/span>El sorbitol tiene una amplia gama de usos<span class=\"ez-toc-section-end\"><\/span><\/h2>\n<ol>\n<li>Industria alimentaria: el sorbitol se usa principalmente como edulcorante, humectante, excipiente y conservante en la industria alimentaria. Su higroscopicidad ayuda a mantener los alimentos h\u00famedos y frescos al evitar que se sequen. El uso de sorbitol en pan y pasteles tiene efectos obvios. Adem\u00e1s, el sorbitol es una materia prima esencial para hacer dulces, bocadillos y caramelos sin az\u00facar con bajo contenido de az\u00facar porque es menos dulce que la sacarosa y no es utilizado por algunas bacterias. Adem\u00e1s, puede prolongar la vida \u00fatil de los alimentos, procesar una variedad de comidas anticongelantes y estabilizar y conservar significativamente la pasta de pescado a lo largo del tiempo.<\/li>\n<li>Industria farmac\u00e9utica: el sorbitol se usa como edulcorante nutricional en la industria farmac\u00e9utica, con efectos de deshidrataci\u00f3n y diuresis, mejora del apetito, control de peso y efectos laxantes. Puede aumentar el volumen sangu\u00edneo, reducir la presi\u00f3n intracraneal y reducir el edema intersticial. A menudo se utiliza para tratar la disuria causada por enfermedades card\u00edacas o renales, as\u00ed como el edema cerebral, el glaucoma y otras enfermedades. El proceso metab\u00f3lico del sorbitol no requiere la participaci\u00f3n de la insulina y tiene poco efecto sobre el az\u00facar en sangre. Los diab\u00e9ticos pueden usarlo como edulcorante alimentario y suplemento nutricional.<\/li>\n<li>Industria qu\u00edmica diaria: El sorbitol se utiliza principalmente como absorbente de humedad y agente de retenci\u00f3n de agua en la industria qu\u00edmica diaria. Se puede utilizar en necesidades diarias como pasta de dientes y cosm\u00e9ticos para que contengan una cierta cantidad de humedad y mantengan la consistencia y la comodidad del producto.<\/li>\n<li>Procesamiento de productos acu\u00e1ticos: El sorbitol se usa ampliamente en productos acu\u00e1ticos y sus productos como reductor de la actividad del agua, conservante biol\u00f3gico y agente anticongelante. Al reducir la actividad del agua, el per\u00edodo de almacenamiento de los productos acu\u00e1ticos se puede extender de manera efectiva para mantener su calidad.<\/li>\n<\/ol>\n<h2><span class=\"ez-toc-section\" id=\"Pregunta_formulada_por_un_usuario\"><\/span>Pregunta formulada por un usuario:<span class=\"ez-toc-section-end\"><\/span><\/h2>\n<p>Pregunta: \u00bfTiene el sorbitol alg\u00fan efecto sobre la salud?<\/p>\n<p>Respuesta: El sorbitol es un edulcorante bajo en calor\u00edas ampliamente utilizado en alimentos, medicamentos y cosm\u00e9ticos y generalmente se considera seguro. No causa caries y tiene un bajo impacto en el az\u00facar en sangre, lo que lo convierte en una opci\u00f3n ideal para las personas con diabetes. Sin embargo, la ingesta excesiva de sorbitol puede causar diarrea, distensi\u00f3n abdominal y malestar gastrointestinal debido a que es fermentado por bacterias en el intestino grueso para producir gas y agua. Las alergias al sorbitol son extremadamente raras, pero pueden ocurrirle a algunas personas. En general, el sorbitol es seguro para la mayor\u00eda de las personas, pero las personas con est\u00f3magos sensibles deben consumirlo con moderaci\u00f3n para evitar reacciones adversas.<\/p>\n<p>Pregunta: \u00bfEl sorbitol es un az\u00facar o un edulcorante?<\/p>\n<p>Respuesta: El sorbitol es un edulcorante de alcohol de az\u00facar. Aunque tiene la palabra \u00abaz\u00facar\u00bb en su nombre, en realidad es un alcohol de az\u00facar y pertenece a la categor\u00eda de edulcorantes. Los edulcorantes de alcohol de az\u00facar son similares a los az\u00facares en estructura molecular, pero debido a que contienen uno o m\u00e1s grupos hidroxilo, se los llama \u00abalcoholes de az\u00facar\u00bb.<\/p>\n","protected":false},"excerpt":{"rendered":"<ul>\n<li>CAS: 50-70-4; 98201-93-5<\/li>\n<li>F\u00f3rmula qu\u00edmica: C<sub>6<\/sub>H<sub>14<\/sub>O<sub>6<\/sub><\/li>\n<li>Certificaci\u00f3n: KOSHER, ISO, HALAL, FSSC22000, BRC, etc.<\/li>\n<li>Cantidad m\u00ednima de pedido: 1000KG<\/li>\n<li>Caducidad: 2 a\u00f1os<\/li>\n<\/ul>\n","protected":false},"featured_media":5760,"template":"","meta":{"site-sidebar-layout":"default","site-content-layout":"","ast-site-content-layout":"default","site-content-style":"default","site-sidebar-style":"default","ast-global-header-display":"","ast-banner-title-visibility":"","ast-main-header-display":"","ast-hfb-above-header-display":"","ast-hfb-below-header-display":"","ast-hfb-mobile-header-display":"","site-post-title":"","ast-breadcrumbs-content":"","ast-featured-img":"","footer-sml-layout":"","theme-transparent-header-meta":"default","adv-header-id-meta":"","stick-header-meta":"","header-above-stick-meta":"","header-main-stick-meta":"","header-below-stick-meta":"","astra-migrate-meta-layouts":"set","ast-page-background-enabled":"default","ast-page-background-meta":{"desktop":{"background-color":"var(--ast-global-color-4)","background-image":"","background-repeat":"repeat","background-position":"center center","background-size":"auto","background-attachment":"scroll","background-type":"","background-media":"","overlay-type":"","overlay-color":"","overlay-opacity":"","overlay-gradient":""},"tablet":{"background-color":"","background-image":"","background-repeat":"repeat","background-position":"center center","background-size":"auto","background-attachment":"scroll","background-type":"","background-media":"","overlay-type":"","overlay-color":"","overlay-opacity":"","overlay-gradient":""},"mobile":{"background-color":"","background-image":"","background-repeat":"repeat","background-position":"center center","background-size":"auto","background-attachment":"scroll","background-type":"","background-media":"","overlay-type":"","overlay-color":"","overlay-opacity":"","overlay-gradient":""}},"ast-content-background-meta":{"desktop":{"background-color":"var(--ast-global-color-5)","background-image":"","background-repeat":"repeat","background-position":"center center","background-size":"auto","background-attachment":"scroll","background-type":"","background-media":"","overlay-type":"","overlay-color":"","overlay-opacity":"","overlay-gradient":""},"tablet":{"background-color":"var(--ast-global-color-5)","background-image":"","background-repeat":"repeat","background-position":"center center","background-size":"auto","background-attachment":"scroll","background-type":"","background-media":"","overlay-type":"","overlay-color":"","overlay-opacity":"","overlay-gradient":""},"mobile":{"background-color":"var(--ast-global-color-5)","background-image":"","background-repeat":"repeat","background-position":"center center","background-size":"auto","background-attachment":"scroll","background-type":"","background-media":"","overlay-type":"","overlay-color":"","overlay-opacity":"","overlay-gradient":""}}},"product_brand":[],"product_cat":[78],"product_tag":[],"class_list":{"0":"post-8416","1":"product","2":"type-product","3":"status-publish","4":"has-post-thumbnail","6":"product_cat-producto-edulcorante","7":"desktop-align-center","8":"tablet-align-left","9":"mobile-align-left","11":"first","12":"instock","13":"shipping-taxable","14":"product-type-simple"},"yoast_head":"<!-- This site is optimized with the Yoast SEO plugin v26.5 - https:\/\/yoast.com\/wordpress\/plugins\/seo\/ -->\n<title>E420 Sorbitol L\u00edquido, Comprar Aditivo Sorbitol A Precio Econ\u00f3mico | Niranbio Chemical<\/title>\n<meta name=\"description\" content=\"El sorbitol, un polvo blanco, retiene la humedad, no es cariog\u00e9nico y dulce, y se usa ampliamente en alimentos y productos farmac\u00e9uticos por su estabilidad y sus bajas calor\u00edas.\" \/>\n<meta name=\"robots\" content=\"noindex, follow, max-snippet:-1, max-image-preview:large, max-video-preview:-1\" \/>\n<meta name=\"twitter:label1\" content=\"Tiempo de lectura\" \/>\n\t<meta name=\"twitter:data1\" content=\"4 minutos\" \/>\n<script type=\"application\/ld+json\" class=\"yoast-schema-graph\">{\"@context\":\"https:\/\/schema.org\",\"@graph\":[{\"@type\":\"WebPage\",\"@id\":\"https:\/\/theo.niranbio.com\/es\/sorbitol.html\",\"url\":\"https:\/\/theo.niranbio.com\/es\/sorbitol.html\",\"name\":\"E420 Sorbitol L\u00edquido, Comprar Aditivo Sorbitol A Precio Econ\u00f3mico | Niranbio Chemical\",\"isPartOf\":{\"@id\":\"https:\/\/theo.niranbio.com\/es\/#website\"},\"primaryImageOfPage\":{\"@id\":\"https:\/\/theo.niranbio.com\/es\/sorbitol.html#primaryimage\"},\"image\":{\"@id\":\"https:\/\/theo.niranbio.com\/es\/sorbitol.html#primaryimage\"},\"thumbnailUrl\":\"https:\/\/theo.niranbio.com\/wp-content\/uploads\/2024\/06\/Sorbitol.webp\",\"datePublished\":\"2024-06-20T01:32:31+00:00\",\"dateModified\":\"2024-08-16T06:16:57+00:00\",\"description\":\"El sorbitol, un polvo blanco, retiene la humedad, no es cariog\u00e9nico y dulce, y se usa ampliamente en alimentos y productos farmac\u00e9uticos por su estabilidad y sus bajas calor\u00edas.\",\"breadcrumb\":{\"@id\":\"https:\/\/theo.niranbio.com\/es\/sorbitol.html#breadcrumb\"},\"inLanguage\":\"es\",\"potentialAction\":[{\"@type\":\"ReadAction\",\"target\":[\"https:\/\/theo.niranbio.com\/es\/sorbitol.html\"]}]},{\"@type\":\"ImageObject\",\"inLanguage\":\"es\",\"@id\":\"https:\/\/theo.niranbio.com\/es\/sorbitol.html#primaryimage\",\"url\":\"https:\/\/theo.niranbio.com\/wp-content\/uploads\/2024\/06\/Sorbitol.webp\",\"contentUrl\":\"https:\/\/theo.niranbio.com\/wp-content\/uploads\/2024\/06\/Sorbitol.webp\",\"width\":600,\"height\":600,\"caption\":\"Sorbitol\"},{\"@type\":\"BreadcrumbList\",\"@id\":\"https:\/\/theo.niranbio.com\/es\/sorbitol.html#breadcrumb\",\"itemListElement\":[{\"@type\":\"ListItem\",\"position\":1,\"name\":\"Home\",\"item\":\"https:\/\/theo.niranbio.com\/es\/\"},{\"@type\":\"ListItem\",\"position\":2,\"name\":\"Productos\",\"item\":\"https:\/\/theo.niranbio.com\/es\/productos.html\"},{\"@type\":\"ListItem\",\"position\":3,\"name\":\"Edulcorantes\",\"item\":\"https:\/\/theo.niranbio.com\/es\/producto-edulcorante\/\"},{\"@type\":\"ListItem\",\"position\":4,\"name\":\"Sorbitol\"}]},{\"@type\":\"WebSite\",\"@id\":\"https:\/\/theo.niranbio.com\/es\/#website\",\"url\":\"https:\/\/theo.niranbio.com\/es\/\",\"name\":\"Niranbio Chemical\",\"description\":\"\",\"publisher\":{\"@id\":\"https:\/\/theo.niranbio.com\/es\/#organization\"},\"potentialAction\":[{\"@type\":\"SearchAction\",\"target\":{\"@type\":\"EntryPoint\",\"urlTemplate\":\"https:\/\/theo.niranbio.com\/es\/?s={search_term_string}\"},\"query-input\":{\"@type\":\"PropertyValueSpecification\",\"valueRequired\":true,\"valueName\":\"search_term_string\"}}],\"inLanguage\":\"es\"},{\"@type\":\"Organization\",\"@id\":\"https:\/\/theo.niranbio.com\/es\/#organization\",\"name\":\"Niranbio Chemical\",\"url\":\"https:\/\/theo.niranbio.com\/es\/\",\"logo\":{\"@type\":\"ImageObject\",\"inLanguage\":\"es\",\"@id\":\"https:\/\/theo.niranbio.com\/es\/#\/schema\/logo\/image\/\",\"url\":\"https:\/\/theo.niranbio.com\/wp-content\/uploads\/2024\/06\/Niranbio.png\",\"contentUrl\":\"https:\/\/theo.niranbio.com\/wp-content\/uploads\/2024\/06\/Niranbio.png\",\"width\":270,\"height\":100,\"caption\":\"Niranbio Chemical\"},\"image\":{\"@id\":\"https:\/\/theo.niranbio.com\/es\/#\/schema\/logo\/image\/\"}}]}<\/script>\n<!-- \/ Yoast SEO plugin. -->","yoast_head_json":{"title":"E420 Sorbitol L\u00edquido, Comprar Aditivo Sorbitol A Precio Econ\u00f3mico | Niranbio Chemical","description":"El sorbitol, un polvo blanco, retiene la humedad, no es cariog\u00e9nico y dulce, y se usa ampliamente en alimentos y productos farmac\u00e9uticos por su estabilidad y sus bajas calor\u00edas.","robots":{"index":"noindex","follow":"follow","max-snippet":"max-snippet:-1","max-image-preview":"max-image-preview:large","max-video-preview":"max-video-preview:-1"},"twitter_misc":{"Tiempo de lectura":"4 minutos"},"schema":{"@context":"https:\/\/schema.org","@graph":[{"@type":"WebPage","@id":"https:\/\/theo.niranbio.com\/es\/sorbitol.html","url":"https:\/\/theo.niranbio.com\/es\/sorbitol.html","name":"E420 Sorbitol L\u00edquido, Comprar Aditivo Sorbitol A Precio Econ\u00f3mico | Niranbio Chemical","isPartOf":{"@id":"https:\/\/theo.niranbio.com\/es\/#website"},"primaryImageOfPage":{"@id":"https:\/\/theo.niranbio.com\/es\/sorbitol.html#primaryimage"},"image":{"@id":"https:\/\/theo.niranbio.com\/es\/sorbitol.html#primaryimage"},"thumbnailUrl":"https:\/\/theo.niranbio.com\/wp-content\/uploads\/2024\/06\/Sorbitol.webp","datePublished":"2024-06-20T01:32:31+00:00","dateModified":"2024-08-16T06:16:57+00:00","description":"El sorbitol, un polvo blanco, retiene la humedad, no es cariog\u00e9nico y dulce, y se usa ampliamente en alimentos y productos farmac\u00e9uticos por su estabilidad y sus bajas calor\u00edas.","breadcrumb":{"@id":"https:\/\/theo.niranbio.com\/es\/sorbitol.html#breadcrumb"},"inLanguage":"es","potentialAction":[{"@type":"ReadAction","target":["https:\/\/theo.niranbio.com\/es\/sorbitol.html"]}]},{"@type":"ImageObject","inLanguage":"es","@id":"https:\/\/theo.niranbio.com\/es\/sorbitol.html#primaryimage","url":"https:\/\/theo.niranbio.com\/wp-content\/uploads\/2024\/06\/Sorbitol.webp","contentUrl":"https:\/\/theo.niranbio.com\/wp-content\/uploads\/2024\/06\/Sorbitol.webp","width":600,"height":600,"caption":"Sorbitol"},{"@type":"BreadcrumbList","@id":"https:\/\/theo.niranbio.com\/es\/sorbitol.html#breadcrumb","itemListElement":[{"@type":"ListItem","position":1,"name":"Home","item":"https:\/\/theo.niranbio.com\/es\/"},{"@type":"ListItem","position":2,"name":"Productos","item":"https:\/\/theo.niranbio.com\/es\/productos.html"},{"@type":"ListItem","position":3,"name":"Edulcorantes","item":"https:\/\/theo.niranbio.com\/es\/producto-edulcorante\/"},{"@type":"ListItem","position":4,"name":"Sorbitol"}]},{"@type":"WebSite","@id":"https:\/\/theo.niranbio.com\/es\/#website","url":"https:\/\/theo.niranbio.com\/es\/","name":"Niranbio Chemical","description":"","publisher":{"@id":"https:\/\/theo.niranbio.com\/es\/#organization"},"potentialAction":[{"@type":"SearchAction","target":{"@type":"EntryPoint","urlTemplate":"https:\/\/theo.niranbio.com\/es\/?s={search_term_string}"},"query-input":{"@type":"PropertyValueSpecification","valueRequired":true,"valueName":"search_term_string"}}],"inLanguage":"es"},{"@type":"Organization","@id":"https:\/\/theo.niranbio.com\/es\/#organization","name":"Niranbio Chemical","url":"https:\/\/theo.niranbio.com\/es\/","logo":{"@type":"ImageObject","inLanguage":"es","@id":"https:\/\/theo.niranbio.com\/es\/#\/schema\/logo\/image\/","url":"https:\/\/theo.niranbio.com\/wp-content\/uploads\/2024\/06\/Niranbio.png","contentUrl":"https:\/\/theo.niranbio.com\/wp-content\/uploads\/2024\/06\/Niranbio.png","width":270,"height":100,"caption":"Niranbio Chemical"},"image":{"@id":"https:\/\/theo.niranbio.com\/es\/#\/schema\/logo\/image\/"}}]}},"_links":{"self":[{"href":"https:\/\/theo.niranbio.com\/es\/wp-json\/wp\/v2\/product\/8416","targetHints":{"allow":["GET"]}}],"collection":[{"href":"https:\/\/theo.niranbio.com\/es\/wp-json\/wp\/v2\/product"}],"about":[{"href":"https:\/\/theo.niranbio.com\/es\/wp-json\/wp\/v2\/types\/product"}],"version-history":[{"count":0,"href":"https:\/\/theo.niranbio.com\/es\/wp-json\/wp\/v2\/product\/8416\/revisions"}],"wp:featuredmedia":[{"embeddable":true,"href":"https:\/\/theo.niranbio.com\/es\/wp-json\/wp\/v2\/media\/5760"}],"wp:attachment":[{"href":"https:\/\/theo.niranbio.com\/es\/wp-json\/wp\/v2\/media?parent=8416"}],"wp:term":[{"taxonomy":"product_brand","embeddable":true,"href":"https:\/\/theo.niranbio.com\/es\/wp-json\/wp\/v2\/product_brand?post=8416"},{"taxonomy":"product_cat","embeddable":true,"href":"https:\/\/theo.niranbio.com\/es\/wp-json\/wp\/v2\/product_cat?post=8416"},{"taxonomy":"product_tag","embeddable":true,"href":"https:\/\/theo.niranbio.com\/es\/wp-json\/wp\/v2\/product_tag?post=8416"}],"curies":[{"name":"wp","href":"https:\/\/api.w.org\/{rel}","templated":true}]}}